{"id":67636,"date":"2015-09-27T23:45:26","date_gmt":"2015-09-27T21:45:26","guid":{"rendered":"http:\/\/www.sorosoro.org\/?page_id=67636"},"modified":"2015-10-02T01:49:44","modified_gmt":"2015-10-01T23:49:44","slug":"oceanie-languages","status":"publish","type":"page","link":"https:\/\/www.sorosoro.org\/en\/oceanie-languages\/","title":{"rendered":"Languages of Oceania"},"content":{"rendered":"<p>It would be difficult to give an exhaustive list of all the languages of Oceania in a mangeable way, since there are almost 2,000 of them! You will find this complete list within the &#8220;<a href=\"https:\/\/www.sorosoro.org\/en\/language-families-in-oceanie\/\">Language Families in Oceania<\/a>&#8221; tab, where they are classified by language families.<\/p>\n<p>We therefore list here only the languages for which we have established description sheets:<\/p>\n<ul>\n<li><a href=\"\/en\/adnyamathanha\/\">Adnyamathanha<\/a><\/li>\n<li><a href=\"\/en\/alyawarr\/\">Alyawarr<\/a><\/li>\n<li><a href=\"\/en\/anmatyerre\/\">Anmatyerre<\/a><\/li>\n<li><a href=\"\/en\/antekerrepenh\/\">Antekerrepenh<\/a><\/li>\n<li><a href=\"\/en\/arabana\/\">Arabana<\/a><\/li>\n<li><a href=\"\/en\/arrernte\/\">Arrernte<\/a><\/li>\n<li><a href=\"\/en\/banyjima\/\">Banyjima<\/a><\/li>\n<li><a href=\"\/en\/bundjalung\/\">Bundjalung<\/a><\/li>\n<li><a href=\"\/en\/burarra\/\">Burarra<\/a><\/li>\n<li><a href=\"\/en\/dalabon\/\">Dalabon<\/a><\/li>\n<li><a href=\"\/en\/dhayyi\/\">Dhay&#8217;yi<\/a><\/li>\n<li><a href=\"\/en\/dhuwal\/\">Dhuwal<\/a><\/li>\n<li><a href=\"\/en\/dhuwaya\/\">Dhuwaya<\/a><\/li>\n<li><a href=\"\/en\/djinang\/\">Djinang<\/a><\/li>\n<li><a href=\"\/en\/djinba\/\">Djinba<\/a><\/li>\n<li><a href=\"\/en\/dyirbal\/\">Dyirbal<\/a><\/li>\n<li><a href=\"\/en\/south-efate\/\">South Efate<\/a><\/li>\n<li><a href=\"\/en\/fagauvea\/\">Fagauvea<\/a><\/li>\n<li><a href=\"\/en\/futunan\/\">Futunien<\/a><\/li>\n<li><a href=\"\/en\/garrwa\/\">Garrwa<\/a><\/li>\n<li><a href=\"\/en\/gumbaynggir\/\">Gumbaynggir<\/a><\/li>\n<li><a href=\"\/en\/guugu-yimidhirr\/\">Guugu Yimidhirr<\/a><\/li>\n<li><a href=\"\/en\/jaminjung\/\">Jaminjung<\/a><\/li>\n<li><a href=\"\/en\/kaanju\/\">Kaanju<\/a><\/li>\n<li><a href=\"\/en\/kala-lagaw-ya\/\">Kala Lagaw Ya <\/a><\/li>\n<li><a href=\"\/en\/kanak-languages\/\">Kanak languages<\/a>:<br \/>\n&nbsp;&nbsp;&nbsp;&#8211;&nbsp;<a href=\"\/en\/arha\/\">Arh\u00e2 <\/a><br \/>\n&nbsp;&nbsp;&nbsp;&#8211;&nbsp;<a href=\"\/en\/arho\/\">Arho<\/a><br \/>\n&nbsp;&nbsp;&nbsp;&#8211;&nbsp;<a href=\"\/en\/cemuhi\/\">Cemuh\u00ee<\/a><br \/>\n&nbsp;&nbsp;&nbsp;&#8211;&nbsp;<a href=\"\/en\/drehu\/\">Drehu<\/a><br \/>\n&nbsp;&nbsp;&nbsp;&#8211;&nbsp;<a href=\"\/en\/drubea\/\">Drubea<\/a><br \/>\n&nbsp;&nbsp;&nbsp;&#8211;&nbsp;<a href=\"\/en\/fwai\/\">Fw\u00e2i <\/a><br \/>\n&nbsp;&nbsp;&nbsp;&#8211;&nbsp;<a href=\"\/en\/hamea-tiri\/\">Ham\u00e9a-T\u00eer\u00ee<\/a><br \/>\n&nbsp;&nbsp;&nbsp;&#8211;&nbsp;<a href=\"\/en\/iaai\/\">Iaai <\/a><br \/>\n&nbsp;&nbsp;&nbsp;&#8211;&nbsp;<a href=\"\/en\/orowe\/\">Orowe<\/a><br \/>\n&nbsp;&nbsp;&nbsp;&#8211;&nbsp;<a href=\"\/en\/xaracuu\/\">X\u00e2r\u00e2c\u00f9\u00f9<\/a><br \/>\n&nbsp;&nbsp;&nbsp;&#8211;&nbsp;<a href=\"\/en\/xaragure\/\">X\u00e2r\u00e2gur\u00e8<\/a> <\/p>\n<li><a href=\"\/en\/kaytetye\/\">Kaytetye<\/a><\/li>\n<li><a href=\"\/en\/?page_id=44474\">Kija<\/a><\/li>\n<li><a href=\"\/en\/kurrama\/\">Kurrama<\/a><\/li>\n<li><a href=\"\/en\/lemerig\/\">Lemerig<\/a> <\/li>\n<li><a href=\"\/en\/maori\/\">M\u0101ori<\/a><\/li>\n<li><a href=\"\/en\/meriam-mir\/\">Meriam Mir<\/a><\/li>\n<li><a href=\"\/en\/?page_id=43828\">Miriwoong <\/a><\/li>\n<li><a href=\"\/en\/mwesen\/\">Mwesen<\/a><\/li>\n<li><a href=\"\/en\/ngaanyatjarra\/\">Ngaanyatjarra<\/a><\/li>\n<li><a href=\"\/en\/ngandi\/\">Ngandi<\/a><\/li>\n<li><a href=\"\/en\/?page_id=44459\">Ngarinyman<\/a><\/li>\n<li><a href=\"\/en\/ngarluma\/\">Ngarluma<\/a><\/li>\n<li><a href=\"\/en\/ngatjumaya\/\">Ngatjumaya<\/a><\/li>\n<li><a href=\"\/en\/paakantyi\/\">Paakantyi<\/a><\/li>\n<li><a href=\"\/en\/pitjantjatjara\/\">Pitjantjatjara<\/a><\/li>\n<li><a href=\"\/en\/?page_id=43833\">Ritharrngu<\/a><\/li>\n<li><a href=\"\/en\/umpila\/\">Umpila<\/a><\/li>\n<li><a href=\"\/en\/veraa\/\">Vera&#8217;a <\/a><\/li>\n<li><a href=\"\/en\/vures\/\">Vur\u00ebs<\/a><\/li>\n<li><a href=\"\/en\/walmajarri\/\">Walmajarri<\/a><\/li>\n<li><a href=\"\/en\/wangkangurru\/\">Wangkangurru <\/a><\/li>\n<li><a href=\"\/en\/wargamay\/\">Wargamay<\/a><\/li>\n<li><a href=\"\/en\/warlpiri\/\">Warlpiri<\/a><\/li>\n<li><a href=\"\/en\/wik-mungkan\/\">Wik-Mungkan<\/a><\/li>\n<li><a href=\"\/en\/wik-ngathan\/\">Wik-Ngathan<\/a><\/li>\n<li><a href=\"\/en\/yanyuwa\/\">Yanyuwa<\/a><\/li>\n<li><a href=\"\/en\/yindjibarndi\/\">Yindjibarndi<\/a><\/li>\n<\/ul>\n<p>&nbsp;<br \/>\nWe hope to expand this list over time and your contributions are welcome!<br \/>\n<a href=\"https:\/\/www.sorosoro.org\/en\/participate\/share-your-information-about-an-endangered-language\/\">Share your information about an endangered language<\/a><br \/>\n&nbsp;<br \/>\nMeanwhile, you can look into the <a href=\"http:\/\/www.sorosoro.org\/langues-doceanie\/\">French version<\/a> of this page and the <a href=\"http:\/\/www.sorosoro.org\/es\/lenguas-de-oceania\/\">Spanish version<\/a> of this page for more languages description sheets.<br \/>\n&nbsp;<br \/>\n<a href=\"\/en\/oceania\/\"><img loading=\"lazy\" decoding=\"async\" src=\"\/wp-content\/uploads\/bouton_retour.jpg\" alt=\"bouton_retour\" width=\"20\" height=\"20\" class=\"alignnone size-full wp-image-65133\" \/><\/a>&nbsp;<a href=\"\/en\/oceania\/\"><strong>Back to previous page<\/strong><\/a><\/p>\n","protected":false},"excerpt":{"rendered":"<p>It would be difficult to give an exhaustive list of all the languages of Oceania in a mangeable way, since there are almost 2,000 of them! You will find this complete list within the &#8220;Language Families in Oceania&#8221; tab, where they are classified by language families. We therefore list here only the languages for which [&hellip;]<\/p>\n","protected":false},"author":1,"featured_media":0,"parent":0,"menu_order":0,"comment_status":"closed","ping_status":"closed","template":"","meta":{"footnotes":""},"class_list":["post-67636","page","type-page","status-publish","hentry"],"yoast_head":"<!-- This site is optimized with the Yoast SEO plugin v27.0 - https:\/\/yoast.com\/product\/yoast-seo-wordpress\/ -->\n<title>Languages of Oceania - Sorosoro<\/title>\n<meta name=\"robots\" content=\"index, follow, max-snippet:-1, max-image-preview:large, max-video-preview:-1\" \/>\n<link rel=\"canonical\" href=\"https:\/\/www.sorosoro.org\/en\/oceanie-languages\/\" \/>\n<meta property=\"og:locale\" content=\"en_US\" \/>\n<meta property=\"og:type\" content=\"article\" \/>\n<meta property=\"og:title\" content=\"Languages of Oceania - Sorosoro\" \/>\n<meta property=\"og:description\" content=\"It would be difficult to give an exhaustive list of all the languages of Oceania in a mangeable way, since there are almost 2,000 of them! You will find this complete list within the &#8220;Language Families in Oceania&#8221; tab, where they are classified by language families. We therefore list here only the languages for which [&hellip;]\" \/>\n<meta property=\"og:url\" content=\"https:\/\/www.sorosoro.org\/en\/oceanie-languages\/\" \/>\n<meta property=\"og:site_name\" content=\"Sorosoro\" \/>\n<meta property=\"article:modified_time\" content=\"2015-10-01T23:49:44+00:00\" \/>\n<meta name=\"twitter:card\" content=\"summary_large_image\" \/>\n<meta name=\"twitter:label1\" content=\"Est. reading time\" \/>\n\t<meta name=\"twitter:data1\" content=\"1 minute\" \/>\n<script type=\"application\/ld+json\" class=\"yoast-schema-graph\">{\"@context\":\"https:\/\/schema.org\",\"@graph\":[{\"@type\":\"WebPage\",\"@id\":\"https:\/\/www.sorosoro.org\/en\/oceanie-languages\/\",\"url\":\"https:\/\/www.sorosoro.org\/en\/oceanie-languages\/\",\"name\":\"Languages of Oceania - Sorosoro\",\"isPartOf\":{\"@id\":\"https:\/\/www.sorosoro.org\/en\/#website\"},\"datePublished\":\"2015-09-27T21:45:26+00:00\",\"dateModified\":\"2015-10-01T23:49:44+00:00\",\"breadcrumb\":{\"@id\":\"https:\/\/www.sorosoro.org\/en\/oceanie-languages\/#breadcrumb\"},\"inLanguage\":\"en-US\",\"potentialAction\":[{\"@type\":\"ReadAction\",\"target\":[\"https:\/\/www.sorosoro.org\/en\/oceanie-languages\/\"]}]},{\"@type\":\"BreadcrumbList\",\"@id\":\"https:\/\/www.sorosoro.org\/en\/oceanie-languages\/#breadcrumb\",\"itemListElement\":[{\"@type\":\"ListItem\",\"position\":1,\"name\":\"Accueil\",\"item\":\"https:\/\/www.sorosoro.org\/en\/\"},{\"@type\":\"ListItem\",\"position\":2,\"name\":\"Languages of Oceania\"}]},{\"@type\":\"WebSite\",\"@id\":\"https:\/\/www.sorosoro.org\/en\/#website\",\"url\":\"https:\/\/www.sorosoro.org\/en\/\",\"name\":\"Sorosoro\",\"description\":\"Pour que vivent les langues du monde !\",\"potentialAction\":[{\"@type\":\"SearchAction\",\"target\":{\"@type\":\"EntryPoint\",\"urlTemplate\":\"https:\/\/www.sorosoro.org\/en\/?s={search_term_string}\"},\"query-input\":{\"@type\":\"PropertyValueSpecification\",\"valueRequired\":true,\"valueName\":\"search_term_string\"}}],\"inLanguage\":\"en-US\"}]}<\/script>\n<!-- \/ Yoast SEO plugin. -->","yoast_head_json":{"title":"Languages of Oceania - Sorosoro","robots":{"index":"index","follow":"follow","max-snippet":"max-snippet:-1","max-image-preview":"max-image-preview:large","max-video-preview":"max-video-preview:-1"},"canonical":"https:\/\/www.sorosoro.org\/en\/oceanie-languages\/","og_locale":"en_US","og_type":"article","og_title":"Languages of Oceania - Sorosoro","og_description":"It would be difficult to give an exhaustive list of all the languages of Oceania in a mangeable way, since there are almost 2,000 of them! You will find this complete list within the &#8220;Language Families in Oceania&#8221; tab, where they are classified by language families. We therefore list here only the languages for which [&hellip;]","og_url":"https:\/\/www.sorosoro.org\/en\/oceanie-languages\/","og_site_name":"Sorosoro","article_modified_time":"2015-10-01T23:49:44+00:00","twitter_card":"summary_large_image","twitter_misc":{"Est. reading time":"1 minute"},"schema":{"@context":"https:\/\/schema.org","@graph":[{"@type":"WebPage","@id":"https:\/\/www.sorosoro.org\/en\/oceanie-languages\/","url":"https:\/\/www.sorosoro.org\/en\/oceanie-languages\/","name":"Languages of Oceania - Sorosoro","isPartOf":{"@id":"https:\/\/www.sorosoro.org\/en\/#website"},"datePublished":"2015-09-27T21:45:26+00:00","dateModified":"2015-10-01T23:49:44+00:00","breadcrumb":{"@id":"https:\/\/www.sorosoro.org\/en\/oceanie-languages\/#breadcrumb"},"inLanguage":"en-US","potentialAction":[{"@type":"ReadAction","target":["https:\/\/www.sorosoro.org\/en\/oceanie-languages\/"]}]},{"@type":"BreadcrumbList","@id":"https:\/\/www.sorosoro.org\/en\/oceanie-languages\/#breadcrumb","itemListElement":[{"@type":"ListItem","position":1,"name":"Accueil","item":"https:\/\/www.sorosoro.org\/en\/"},{"@type":"ListItem","position":2,"name":"Languages of Oceania"}]},{"@type":"WebSite","@id":"https:\/\/www.sorosoro.org\/en\/#website","url":"https:\/\/www.sorosoro.org\/en\/","name":"Sorosoro","description":"Pour que vivent les langues du monde !","potentialAction":[{"@type":"SearchAction","target":{"@type":"EntryPoint","urlTemplate":"https:\/\/www.sorosoro.org\/en\/?s={search_term_string}"},"query-input":{"@type":"PropertyValueSpecification","valueRequired":true,"valueName":"search_term_string"}}],"inLanguage":"en-US"}]}},"_links":{"self":[{"href":"https:\/\/www.sorosoro.org\/en\/wp-json\/wp\/v2\/pages\/67636","targetHints":{"allow":["GET"]}}],"collection":[{"href":"https:\/\/www.sorosoro.org\/en\/wp-json\/wp\/v2\/pages"}],"about":[{"href":"https:\/\/www.sorosoro.org\/en\/wp-json\/wp\/v2\/types\/page"}],"author":[{"embeddable":true,"href":"https:\/\/www.sorosoro.org\/en\/wp-json\/wp\/v2\/users\/1"}],"replies":[{"embeddable":true,"href":"https:\/\/www.sorosoro.org\/en\/wp-json\/wp\/v2\/comments?post=67636"}],"version-history":[{"count":0,"href":"https:\/\/www.sorosoro.org\/en\/wp-json\/wp\/v2\/pages\/67636\/revisions"}],"wp:attachment":[{"href":"https:\/\/www.sorosoro.org\/en\/wp-json\/wp\/v2\/media?parent=67636"}],"curies":[{"name":"wp","href":"https:\/\/api.w.org\/{rel}","templated":true}]}}