{"id":67165,"date":"2015-09-10T23:02:05","date_gmt":"2015-09-10T21:02:05","guid":{"rendered":"http:\/\/www.sorosoro.org\/?page_id=67165"},"modified":"2017-12-20T14:33:31","modified_gmt":"2017-12-20T13:33:31","slug":"texts-by-authors","status":"publish","type":"page","link":"https:\/\/www.sorosoro.org\/en\/texts-by-authors\/","title":{"rendered":"Texts by author"},"content":{"rendered":"<table border=\"0\" width=\"750\" cellspacing=\"0\" cellpadding=\"5\">\n<tbody>\n<tr>\n<td>\n<h5>A to J<\/h5>\n<\/td>\n<td>\n<h5>K to Z<\/h5>\n<\/td>\n<\/tr>\n<tr>\n<td><a href=\"\/en\/2015\/09\/a-plea-for-multilingualism-among-the-children-of-immigration\/\" target=\"_blank\" rel=\"noopener\">Barbara <strong>Abdelilah-Bauer<\/strong><\/a><\/td>\n<td><a href=\"\/en\/2015\/09\/mother-tongue-based-education-in-french-overseas-communities\/\" target=\"_blank\" rel=\"noopener\">Michel <strong>Launey<\/strong><\/a><\/td>\n<\/tr>\n<tr>\n<td><a href=\"\/en\/2015\/09\/esperanto-a-language-by-choice\/\" target=\"_blank\" rel=\"noopener\">Yevgeniya <strong>Amis<\/strong><\/a><\/td>\n<td><a href=\"\/en\/2015\/09\/learning-how-to-count-in-first-language-in-order-to-improve-counting-skills-in-second\/\" target=\"_blank\" rel=\"noopener\">G\u00e9rard <strong>Lavigne<\/strong><\/a><\/td>\n<\/tr>\n<tr>\n<td><a href=\"\/en\/2015\/09\/haitian-creole-a-slow-gain-in-acceptance\/\" target=\"_blank\" rel=\"noopener\">Fritz <strong>Berg<\/strong><\/a><\/td>\n<td><a href=\"\/en\/2015\/09\/siberia-the-question-of-mother-tongue\/\" target=\"_blank\" rel=\"noopener\">Emilie <strong>Maj<\/strong><\/a><\/td>\n<\/tr>\n<tr>\n<td><a href=\"\/en\/2015\/09\/when-speakers-are-missing-the-zapara-school-in-ecuador\/\" target=\"_blank\" rel=\"noopener\">Anne-Ga\u00ebl<strong> Bilhaut<\/strong><\/a><\/td>\n<td><a href=\"\/en\/2015\/09\/african-plurilingualism-in-writing\/\" target=\"_blank\" rel=\"noopener\">A\u00efssatou <strong>Mbodj<\/strong><\/a><\/td>\n<\/tr>\n<tr>\n<td><a href=\"\/en\/2015\/09\/multilingualism-in-the-republic-of-sakha-yakutia\/\" target=\"_blank\" rel=\"noopener\">Natalia <strong>Bochkareva<\/strong><\/a><\/td>\n<td><a href=\"\/en\/rozenn-milin-2\/\" target=\"_blank\" rel=\"noopener\">Rozenn <strong>Milin<\/strong><\/a><\/td>\n<\/tr>\n<tr>\n<td><a href=\"\/en\/james-costa-2\/\" target=\"_blank\" rel=\"noopener\">James <strong>Costa<\/strong><\/a><\/td>\n<td><a href=\"\/en\/2015\/09\/indigenous-languages-of-new-brunswick-an-endangered-heritage\/\" target=\"_blank\" rel=\"noopener\">Elise <strong>Miranda<\/strong><\/a><\/td>\n<\/tr>\n<tr>\n<td><a href=\"\/en\/2015\/09\/from-traditional-popular-monolingualism-to-state-language-monolingualism-an-impediment-to-plurilingualism\/\" target=\"_blank\" rel=\"noopener\">Denis <strong>Costaouec<\/strong><\/a><\/td>\n<td><a href=\"\/en\/claire-moyse-faurie-2\/\" target=\"_blank\" rel=\"noopener\">Claire <strong>Moyse-Faurie<\/strong><\/a><\/td>\n<\/tr>\n<tr>\n<td><a href=\"\/en\/felicie-dubois-2\/\" target=\"_blank\" rel=\"noopener\">F\u00e9licie <strong>Dubois<\/strong><\/a><\/td>\n<td><a href=\"\/en\/2015\/09\/guarani-monolingual-resistance-in-paraguay\/\" target=\"_blank\" rel=\"noopener\">Christine <strong>Pic-Gillard<\/strong><\/a><\/td>\n<\/tr>\n<tr>\n<td><a href=\"\/en\/2015\/09\/the-revitalization-of-navajo-in-the-usa\/\" target=\"_blank\" rel=\"noopener\">Lucia <strong>Dumont<\/strong><\/a><\/td>\n<td><a href=\"\/en\/2015\/09\/how-to-teach-a-mother-tongue-when-it-no-longer-is-a-mother-tongue\/\" target=\"_blank\" rel=\"noopener\">B\u00e9n\u00e9dicte <strong>Pivot<\/strong><\/a><\/td>\n<\/tr>\n<tr>\n<td><a href=\"\/en\/2015\/09\/linguistic-ecology-in-luxembourg\/\" target=\"_blank\" rel=\"noopener\">Sabine <strong>Ehrhart<\/strong><\/a><\/td>\n<td><a href=\"\/en\/maia-ponsonnet-2\/\" target=\"_blank\" rel=\"noopener\">Ma\u00efa <strong>Ponsonnet<\/strong><\/a><\/td>\n<\/tr>\n<tr>\n<td><a href=\"\/en\/2015\/09\/a-bilingual-guaraniportuguese-school-experience-brazil\/\" target=\"_blank\" rel=\"noopener\">Andr\u00e9a <strong>Eichenberger<\/strong><\/a><\/td>\n<td><a href=\"\/en\/2015\/09\/jadu-kolija-the-core-of-kokborok-culture-and-language\/\" target=\"_blank\" rel=\"noopener\">Joseph <strong>Pulinthanath<\/strong><\/a><\/td>\n<\/tr>\n<tr>\n<td><a href=\"\/en\/alexandre-francois-2\/\" target=\"_blank\" rel=\"noopener\">Alexandre <strong>Fran\u00e7ois<\/strong><\/a><\/td>\n<td><a href=\"\/en\/2015\/09\/from-west-africa-to-the-antilles-dynamic-portuguese-creoles\/\" target=\"_blank\" rel=\"noopener\">Nicolas <strong>Quint<\/strong><\/a><\/td>\n<\/tr>\n<tr>\n<td><a href=\"\/en\/2015\/09\/account-from-a-field-linguist-in-amazonia\/\" target=\"_blank\" rel=\"noopener\">Elsa <strong>Gomez-Imbert<\/strong><\/a><\/td>\n<td><a href=\"\/en\/tolkiens-elvish\/\" target=\"_blank\" rel=\"noopener\">Thorsten <strong>Renk<\/strong><\/a><\/td>\n<\/tr>\n<tr>\n<td><a href=\"\/en\/2015\/09\/language-and-identity-in-greenland\/\" target=\"_blank\" rel=\"noopener\">Lenore <strong>Grenoble<\/strong><\/a><\/td>\n<td><a href=\"\/en\/2015\/09\/the-sami-a-model-in-their-ability-to-bridge-modernity-and-a-traditional-lifestyle\/\" target=\"_blank\" rel=\"noopener\">Marie <strong>Rou\u00e9<\/strong><\/a><\/td>\n<\/tr>\n<tr>\n<td><a href=\"\/en\/colette-grinevald-2\/\" target=\"_blank\" rel=\"noopener\">Colette <strong>Grinevald<\/strong><\/a><\/td>\n<td><a href=\"\/en\/tove-skutnabb-kangas-2\/\" target=\"_blank\" rel=\"noopener\">Tove <strong>Skutnabb-Kangas<\/strong><\/a><\/td>\n<\/tr>\n<tr>\n<td><a href=\"\/en\/2015\/09\/some-thoughts-on-bilingualism\/\" target=\"_blank\" rel=\"noopener\">Fran\u00e7ois <strong>Grosjean<\/strong><\/a><\/td>\n<td><a href=\"https:\/\/www.sorosoro.org\/en\/2017\/12\/greeces-disappearing-whistled-languages\/\">Eliot\u00a0<\/a><strong><a href=\"https:\/\/www.sorosoro.org\/en\/2017\/12\/greeces-disappearing-whistled-languages\/\">Stein<\/a><\/strong><\/td>\n<\/tr>\n<tr>\n<td><a href=\"\/en\/2015\/09\/translation-as-a-key-to-plurilingualism\/\" target=\"_blank\" rel=\"noopener\">Astrid <strong>Guillaume<\/strong><\/a><\/td>\n<td><a href=\"\/en\/anna-stevanato-2\/\" target=\"_blank\" rel=\"noopener\">Anna <strong>Stevanato<\/strong><\/a><\/td>\n<\/tr>\n<tr>\n<td><a href=\"\/en\/2015\/09\/questions-on-the-genesis-of-creole-languages\/\" target=\"_blank\" rel=\"noopener\">Marie-Christine <strong>Haza\u00ebl-Massieux<\/strong><\/a><\/td>\n<td><a href=\"\/en\/2015\/09\/kanak-languages-at-school-in-new-caledonia-a-long-process\/\" target=\"_blank\" rel=\"noopener\">Jacques <strong>Vernaudon<\/strong><\/a><\/td>\n<\/tr>\n<tr>\n<td><a href=\"https:\/\/www.sorosoro.org\/en\/dimitra-hengen\/\">Dimitra <strong>Hengen<\/strong><\/a><\/td>\n<td><a href=\"\/en\/2015\/09\/enough-with-keeping-the-maya-locked-in-their-pyramids\/\" target=\"_blank\" rel=\"noopener\">Valentina <strong>Vapnarsky<\/strong><\/a><\/td>\n<\/tr>\n<tr>\n<td><a href=\"\/en\/2015\/09\/teaching-maori-in-new-zealand-progress-issues\/\" target=\"_blank\" rel=\"noopener\">Richard <strong>Hill<\/strong><\/a><\/td>\n<td><a href=\"\/en\/2015\/09\/finding-a-place-for-occitan-in-the-french-republic\/\" target=\"_blank\" rel=\"noopener\">Marie-Jeanne <strong>Verny<\/strong><\/a><\/td>\n<\/tr>\n<tr>\n<td><a href=\"\/en\/2015\/09\/greenland-inuits-and-problems-in-language-teaching\/\" target=\"_blank\" rel=\"noopener\">Jean-Michel <strong>Huctin<\/strong><\/a><\/td>\n<td><a href=\"\/en\/2015\/09\/on-the-endangered-kanak-languages\/\" target=\"_blank\" rel=\"noopener\">Fabrice <strong>Wacalie<\/strong><\/a><\/td>\n<\/tr>\n<tr>\n<td><a href=\"\/en\/2015\/09\/papiamentu-healthy-creole\/\" target=\"_blank\" rel=\"noopener\">Bart <strong>Jacobs<\/strong><\/a><\/td>\n<td>\u00a0<a href=\"\/en\/2015\/09\/multilingualism-in-pakistan\/\" target=\"_blank\" rel=\"noopener\">Matthias <strong>Weinreich<\/strong><\/a><\/td>\n<\/tr>\n<tr>\n<td>\u00a0<a href=\"\/en\/2015\/09\/plurilingualism-in-senegal\/\" target=\"_blank\" rel=\"noopener\">Caroline <strong>Juillard<\/strong><\/a><\/td>\n<td><\/td>\n<\/tr>\n<tr>\n<td><\/td>\n<td><\/td>\n<\/tr>\n<tr>\n<td><\/td>\n<td><\/td>\n<\/tr>\n<tr>\n<td><\/td>\n<td><\/td>\n<\/tr>\n<tr>\n<td><\/td>\n<td><\/td>\n<\/tr>\n<tr>\n<td><\/td>\n<td><\/td>\n<\/tr>\n<tr>\n<td><\/td>\n<td><\/td>\n<\/tr>\n<\/tbody>\n<\/table>\n","protected":false},"excerpt":{"rendered":"<p>A to J K to Z Barbara Abdelilah-Bauer Michel Launey Yevgeniya Amis G\u00e9rard Lavigne Fritz Berg Emilie Maj Anne-Ga\u00ebl Bilhaut A\u00efssatou Mbodj Natalia Bochkareva Rozenn Milin James Costa Elise Miranda Denis Costaouec Claire Moyse-Faurie F\u00e9licie Dubois Christine Pic-Gillard Lucia Dumont B\u00e9n\u00e9dicte Pivot Sabine Ehrhart Ma\u00efa Ponsonnet Andr\u00e9a Eichenberger Joseph Pulinthanath Alexandre Fran\u00e7ois Nicolas Quint Elsa [&hellip;]<\/p>\n","protected":false},"author":1,"featured_media":0,"parent":0,"menu_order":2,"comment_status":"closed","ping_status":"open","template":"","meta":{"footnotes":""},"class_list":["post-67165","page","type-page","status-publish","hentry"],"yoast_head":"<!-- This site is optimized with the Yoast SEO plugin v27.0 - https:\/\/yoast.com\/product\/yoast-seo-wordpress\/ -->\n<title>Texts by author - Sorosoro<\/title>\n<meta name=\"robots\" content=\"index, follow, max-snippet:-1, max-image-preview:large, max-video-preview:-1\" \/>\n<link rel=\"canonical\" href=\"https:\/\/www.sorosoro.org\/en\/texts-by-authors\/\" \/>\n<meta property=\"og:locale\" content=\"en_US\" \/>\n<meta property=\"og:type\" content=\"article\" \/>\n<meta property=\"og:title\" content=\"Texts by author - Sorosoro\" \/>\n<meta property=\"og:description\" content=\"A to J K to Z Barbara Abdelilah-Bauer Michel Launey Yevgeniya Amis G\u00e9rard Lavigne Fritz Berg Emilie Maj Anne-Ga\u00ebl Bilhaut A\u00efssatou Mbodj Natalia Bochkareva Rozenn Milin James Costa Elise Miranda Denis Costaouec Claire Moyse-Faurie F\u00e9licie Dubois Christine Pic-Gillard Lucia Dumont B\u00e9n\u00e9dicte Pivot Sabine Ehrhart Ma\u00efa Ponsonnet Andr\u00e9a Eichenberger Joseph Pulinthanath Alexandre Fran\u00e7ois Nicolas Quint Elsa [&hellip;]\" \/>\n<meta property=\"og:url\" content=\"https:\/\/www.sorosoro.org\/en\/texts-by-authors\/\" \/>\n<meta property=\"og:site_name\" content=\"Sorosoro\" \/>\n<meta property=\"article:modified_time\" content=\"2017-12-20T13:33:31+00:00\" \/>\n<meta name=\"twitter:card\" content=\"summary_large_image\" \/>\n<meta name=\"twitter:label1\" content=\"Est. reading time\" \/>\n\t<meta name=\"twitter:data1\" content=\"1 minute\" \/>\n<script type=\"application\/ld+json\" class=\"yoast-schema-graph\">{\"@context\":\"https:\/\/schema.org\",\"@graph\":[{\"@type\":\"WebPage\",\"@id\":\"https:\/\/www.sorosoro.org\/en\/texts-by-authors\/\",\"url\":\"https:\/\/www.sorosoro.org\/en\/texts-by-authors\/\",\"name\":\"Texts by author - Sorosoro\",\"isPartOf\":{\"@id\":\"https:\/\/www.sorosoro.org\/en\/#website\"},\"datePublished\":\"2015-09-10T21:02:05+00:00\",\"dateModified\":\"2017-12-20T13:33:31+00:00\",\"breadcrumb\":{\"@id\":\"https:\/\/www.sorosoro.org\/en\/texts-by-authors\/#breadcrumb\"},\"inLanguage\":\"en-US\",\"potentialAction\":[{\"@type\":\"ReadAction\",\"target\":[\"https:\/\/www.sorosoro.org\/en\/texts-by-authors\/\"]}]},{\"@type\":\"BreadcrumbList\",\"@id\":\"https:\/\/www.sorosoro.org\/en\/texts-by-authors\/#breadcrumb\",\"itemListElement\":[{\"@type\":\"ListItem\",\"position\":1,\"name\":\"Accueil\",\"item\":\"https:\/\/www.sorosoro.org\/en\/\"},{\"@type\":\"ListItem\",\"position\":2,\"name\":\"Texts by author\"}]},{\"@type\":\"WebSite\",\"@id\":\"https:\/\/www.sorosoro.org\/en\/#website\",\"url\":\"https:\/\/www.sorosoro.org\/en\/\",\"name\":\"Sorosoro\",\"description\":\"Pour que vivent les langues du monde !\",\"potentialAction\":[{\"@type\":\"SearchAction\",\"target\":{\"@type\":\"EntryPoint\",\"urlTemplate\":\"https:\/\/www.sorosoro.org\/en\/?s={search_term_string}\"},\"query-input\":{\"@type\":\"PropertyValueSpecification\",\"valueRequired\":true,\"valueName\":\"search_term_string\"}}],\"inLanguage\":\"en-US\"}]}<\/script>\n<!-- \/ Yoast SEO plugin. -->","yoast_head_json":{"title":"Texts by author - Sorosoro","robots":{"index":"index","follow":"follow","max-snippet":"max-snippet:-1","max-image-preview":"max-image-preview:large","max-video-preview":"max-video-preview:-1"},"canonical":"https:\/\/www.sorosoro.org\/en\/texts-by-authors\/","og_locale":"en_US","og_type":"article","og_title":"Texts by author - Sorosoro","og_description":"A to J K to Z Barbara Abdelilah-Bauer Michel Launey Yevgeniya Amis G\u00e9rard Lavigne Fritz Berg Emilie Maj Anne-Ga\u00ebl Bilhaut A\u00efssatou Mbodj Natalia Bochkareva Rozenn Milin James Costa Elise Miranda Denis Costaouec Claire Moyse-Faurie F\u00e9licie Dubois Christine Pic-Gillard Lucia Dumont B\u00e9n\u00e9dicte Pivot Sabine Ehrhart Ma\u00efa Ponsonnet Andr\u00e9a Eichenberger Joseph Pulinthanath Alexandre Fran\u00e7ois Nicolas Quint Elsa [&hellip;]","og_url":"https:\/\/www.sorosoro.org\/en\/texts-by-authors\/","og_site_name":"Sorosoro","article_modified_time":"2017-12-20T13:33:31+00:00","twitter_card":"summary_large_image","twitter_misc":{"Est. reading time":"1 minute"},"schema":{"@context":"https:\/\/schema.org","@graph":[{"@type":"WebPage","@id":"https:\/\/www.sorosoro.org\/en\/texts-by-authors\/","url":"https:\/\/www.sorosoro.org\/en\/texts-by-authors\/","name":"Texts by author - Sorosoro","isPartOf":{"@id":"https:\/\/www.sorosoro.org\/en\/#website"},"datePublished":"2015-09-10T21:02:05+00:00","dateModified":"2017-12-20T13:33:31+00:00","breadcrumb":{"@id":"https:\/\/www.sorosoro.org\/en\/texts-by-authors\/#breadcrumb"},"inLanguage":"en-US","potentialAction":[{"@type":"ReadAction","target":["https:\/\/www.sorosoro.org\/en\/texts-by-authors\/"]}]},{"@type":"BreadcrumbList","@id":"https:\/\/www.sorosoro.org\/en\/texts-by-authors\/#breadcrumb","itemListElement":[{"@type":"ListItem","position":1,"name":"Accueil","item":"https:\/\/www.sorosoro.org\/en\/"},{"@type":"ListItem","position":2,"name":"Texts by author"}]},{"@type":"WebSite","@id":"https:\/\/www.sorosoro.org\/en\/#website","url":"https:\/\/www.sorosoro.org\/en\/","name":"Sorosoro","description":"Pour que vivent les langues du monde !","potentialAction":[{"@type":"SearchAction","target":{"@type":"EntryPoint","urlTemplate":"https:\/\/www.sorosoro.org\/en\/?s={search_term_string}"},"query-input":{"@type":"PropertyValueSpecification","valueRequired":true,"valueName":"search_term_string"}}],"inLanguage":"en-US"}]}},"_links":{"self":[{"href":"https:\/\/www.sorosoro.org\/en\/wp-json\/wp\/v2\/pages\/67165","targetHints":{"allow":["GET"]}}],"collection":[{"href":"https:\/\/www.sorosoro.org\/en\/wp-json\/wp\/v2\/pages"}],"about":[{"href":"https:\/\/www.sorosoro.org\/en\/wp-json\/wp\/v2\/types\/page"}],"author":[{"embeddable":true,"href":"https:\/\/www.sorosoro.org\/en\/wp-json\/wp\/v2\/users\/1"}],"replies":[{"embeddable":true,"href":"https:\/\/www.sorosoro.org\/en\/wp-json\/wp\/v2\/comments?post=67165"}],"version-history":[{"count":0,"href":"https:\/\/www.sorosoro.org\/en\/wp-json\/wp\/v2\/pages\/67165\/revisions"}],"wp:attachment":[{"href":"https:\/\/www.sorosoro.org\/en\/wp-json\/wp\/v2\/media?parent=67165"}],"curies":[{"name":"wp","href":"https:\/\/api.w.org\/{rel}","templated":true}]}}