{"id":64822,"date":"2015-06-02T14:29:40","date_gmt":"2015-06-02T12:29:40","guid":{"rendered":"http:\/\/www.sorosoro.org\/?page_id=64822"},"modified":"2015-10-02T23:49:05","modified_gmt":"2015-10-02T21:49:05","slug":"oceania","status":"publish","type":"page","link":"https:\/\/www.sorosoro.org\/en\/oceania\/","title":{"rendered":"Oceania"},"content":{"rendered":"<p style=\"padding-left:50px; padding-right:30px\"><strong>Marie-Ad\u00e8le Jor\u00e9di\u00e9 tells how were founded the schools in X\u00e2r\u00e2c\u00f9\u00f9, one of the Kanak languages of New Caledonia.<\/strong><\/p>\n<p align=\"center\"><iframe loading=\"lazy\" width=\"658\" height=\"370\" src=\"https:\/\/www.youtube.com\/embed\/lmHdWdHXFEM?feature=oembed\" frameborder=\"0\" allowfullscreen><\/iframe><\/p>\n<p>&nbsp;<\/p>\n<p>Oceania is a paradise for linguists: Papua New Guinea and Indonesia alone boast more than 1500 languages! Vanuatu, a tiny state composed of a string of islands, includes one that has the highest linguistic density in the world: a hundred languages for 250 000 inhabitants!<br \/>\nHere you will find a set of documents relating to these languages of Oceania: some videos from our field shoots in New Caledonia (X\u00e2r\u00e2c\u00f9\u00f9 language), articles written by linguists and teachers, and description sheets of the languages and language families of the region.<\/p>\n<p>&nbsp;<\/p>\n<table border=\"0\" width=\"755\">\n<tbody>\n<tr>\n<td>\n<div class=\"content_section_title\">\n<h3><a style=\"text-decoration: none;\" href=\"\/en\/videos-about-languages-in-oceania\/\">Videos about languages in Oceania<\/a><\/h3>\n<\/div>\n<\/td>\n<td>\n<div class=\"content_section_title\">\n<h3><a style=\"text-decoration: none;\" href=\"\/en\/texts-about-languages-in-oceanie\/\">Texts about languages in Oceania<\/a><\/h3>\n<\/div>\n<\/td>\n<\/tr>\n<tr>\n<td style=\"padding-top: 15px;\">\n<div class=\"content_section_title\">\n<h3><a style=\"text-decoration: none;\" href=\"\/en\/language-families-in-oceanie\/\">Language families in Oceania<\/a><\/h3>\n<\/div>\n<\/td>\n<td style=\"padding-top: 15px;\">\n<div class=\"content_section_title\">\n<h3><a style=\"text-decoration: none;\" href=\"\/en\/oceanie-languages\/\">Languages of Oceania<\/a><\/h3>\n<\/div>\n<\/td>\n<\/tr>\n<\/tbody>\n<\/table>\n","protected":false},"excerpt":{"rendered":"<p>Marie-Ad\u00e8le Jor\u00e9di\u00e9 tells how were founded the schools in X\u00e2r\u00e2c\u00f9\u00f9, one of the Kanak languages of New Caledonia. &nbsp; Oceania is a paradise for linguists: Papua New Guinea and Indonesia alone boast more than 1500 languages! Vanuatu, a tiny state composed of a string of islands, includes one that has the highest linguistic density in [&hellip;]<\/p>\n","protected":false},"author":1,"featured_media":0,"parent":0,"menu_order":0,"comment_status":"closed","ping_status":"open","template":"","meta":{"footnotes":""},"class_list":["post-64822","page","type-page","status-publish","hentry"],"yoast_head":"<!-- This site is optimized with the Yoast SEO plugin v27.0 - https:\/\/yoast.com\/product\/yoast-seo-wordpress\/ -->\n<title>Oceania - Sorosoro<\/title>\n<meta name=\"robots\" content=\"index, follow, max-snippet:-1, max-image-preview:large, max-video-preview:-1\" \/>\n<link rel=\"canonical\" href=\"https:\/\/www.sorosoro.org\/en\/oceania\/\" \/>\n<meta property=\"og:locale\" content=\"en_US\" \/>\n<meta property=\"og:type\" content=\"article\" \/>\n<meta property=\"og:title\" content=\"Oceania - Sorosoro\" \/>\n<meta property=\"og:description\" content=\"Marie-Ad\u00e8le Jor\u00e9di\u00e9 tells how were founded the schools in X\u00e2r\u00e2c\u00f9\u00f9, one of the Kanak languages of New Caledonia. &nbsp; Oceania is a paradise for linguists: Papua New Guinea and Indonesia alone boast more than 1500 languages! Vanuatu, a tiny state composed of a string of islands, includes one that has the highest linguistic density in [&hellip;]\" \/>\n<meta property=\"og:url\" content=\"https:\/\/www.sorosoro.org\/en\/oceania\/\" \/>\n<meta property=\"og:site_name\" content=\"Sorosoro\" \/>\n<meta property=\"article:modified_time\" content=\"2015-10-02T21:49:05+00:00\" \/>\n<meta name=\"twitter:card\" content=\"summary_large_image\" \/>\n<meta name=\"twitter:label1\" content=\"Est. reading time\" \/>\n\t<meta name=\"twitter:data1\" content=\"1 minute\" \/>\n<script type=\"application\/ld+json\" class=\"yoast-schema-graph\">{\"@context\":\"https:\/\/schema.org\",\"@graph\":[{\"@type\":\"WebPage\",\"@id\":\"https:\/\/www.sorosoro.org\/en\/oceania\/\",\"url\":\"https:\/\/www.sorosoro.org\/en\/oceania\/\",\"name\":\"Oceania - Sorosoro\",\"isPartOf\":{\"@id\":\"https:\/\/www.sorosoro.org\/en\/#website\"},\"datePublished\":\"2015-06-02T12:29:40+00:00\",\"dateModified\":\"2015-10-02T21:49:05+00:00\",\"breadcrumb\":{\"@id\":\"https:\/\/www.sorosoro.org\/en\/oceania\/#breadcrumb\"},\"inLanguage\":\"en-US\",\"potentialAction\":[{\"@type\":\"ReadAction\",\"target\":[\"https:\/\/www.sorosoro.org\/en\/oceania\/\"]}]},{\"@type\":\"BreadcrumbList\",\"@id\":\"https:\/\/www.sorosoro.org\/en\/oceania\/#breadcrumb\",\"itemListElement\":[{\"@type\":\"ListItem\",\"position\":1,\"name\":\"Accueil\",\"item\":\"https:\/\/www.sorosoro.org\/en\/\"},{\"@type\":\"ListItem\",\"position\":2,\"name\":\"Oceania\"}]},{\"@type\":\"WebSite\",\"@id\":\"https:\/\/www.sorosoro.org\/en\/#website\",\"url\":\"https:\/\/www.sorosoro.org\/en\/\",\"name\":\"Sorosoro\",\"description\":\"Pour que vivent les langues du monde !\",\"potentialAction\":[{\"@type\":\"SearchAction\",\"target\":{\"@type\":\"EntryPoint\",\"urlTemplate\":\"https:\/\/www.sorosoro.org\/en\/?s={search_term_string}\"},\"query-input\":{\"@type\":\"PropertyValueSpecification\",\"valueRequired\":true,\"valueName\":\"search_term_string\"}}],\"inLanguage\":\"en-US\"}]}<\/script>\n<!-- \/ Yoast SEO plugin. -->","yoast_head_json":{"title":"Oceania - Sorosoro","robots":{"index":"index","follow":"follow","max-snippet":"max-snippet:-1","max-image-preview":"max-image-preview:large","max-video-preview":"max-video-preview:-1"},"canonical":"https:\/\/www.sorosoro.org\/en\/oceania\/","og_locale":"en_US","og_type":"article","og_title":"Oceania - Sorosoro","og_description":"Marie-Ad\u00e8le Jor\u00e9di\u00e9 tells how were founded the schools in X\u00e2r\u00e2c\u00f9\u00f9, one of the Kanak languages of New Caledonia. &nbsp; Oceania is a paradise for linguists: Papua New Guinea and Indonesia alone boast more than 1500 languages! Vanuatu, a tiny state composed of a string of islands, includes one that has the highest linguistic density in [&hellip;]","og_url":"https:\/\/www.sorosoro.org\/en\/oceania\/","og_site_name":"Sorosoro","article_modified_time":"2015-10-02T21:49:05+00:00","twitter_card":"summary_large_image","twitter_misc":{"Est. reading time":"1 minute"},"schema":{"@context":"https:\/\/schema.org","@graph":[{"@type":"WebPage","@id":"https:\/\/www.sorosoro.org\/en\/oceania\/","url":"https:\/\/www.sorosoro.org\/en\/oceania\/","name":"Oceania - Sorosoro","isPartOf":{"@id":"https:\/\/www.sorosoro.org\/en\/#website"},"datePublished":"2015-06-02T12:29:40+00:00","dateModified":"2015-10-02T21:49:05+00:00","breadcrumb":{"@id":"https:\/\/www.sorosoro.org\/en\/oceania\/#breadcrumb"},"inLanguage":"en-US","potentialAction":[{"@type":"ReadAction","target":["https:\/\/www.sorosoro.org\/en\/oceania\/"]}]},{"@type":"BreadcrumbList","@id":"https:\/\/www.sorosoro.org\/en\/oceania\/#breadcrumb","itemListElement":[{"@type":"ListItem","position":1,"name":"Accueil","item":"https:\/\/www.sorosoro.org\/en\/"},{"@type":"ListItem","position":2,"name":"Oceania"}]},{"@type":"WebSite","@id":"https:\/\/www.sorosoro.org\/en\/#website","url":"https:\/\/www.sorosoro.org\/en\/","name":"Sorosoro","description":"Pour que vivent les langues du monde !","potentialAction":[{"@type":"SearchAction","target":{"@type":"EntryPoint","urlTemplate":"https:\/\/www.sorosoro.org\/en\/?s={search_term_string}"},"query-input":{"@type":"PropertyValueSpecification","valueRequired":true,"valueName":"search_term_string"}}],"inLanguage":"en-US"}]}},"_links":{"self":[{"href":"https:\/\/www.sorosoro.org\/en\/wp-json\/wp\/v2\/pages\/64822","targetHints":{"allow":["GET"]}}],"collection":[{"href":"https:\/\/www.sorosoro.org\/en\/wp-json\/wp\/v2\/pages"}],"about":[{"href":"https:\/\/www.sorosoro.org\/en\/wp-json\/wp\/v2\/types\/page"}],"author":[{"embeddable":true,"href":"https:\/\/www.sorosoro.org\/en\/wp-json\/wp\/v2\/users\/1"}],"replies":[{"embeddable":true,"href":"https:\/\/www.sorosoro.org\/en\/wp-json\/wp\/v2\/comments?post=64822"}],"version-history":[{"count":0,"href":"https:\/\/www.sorosoro.org\/en\/wp-json\/wp\/v2\/pages\/64822\/revisions"}],"wp:attachment":[{"href":"https:\/\/www.sorosoro.org\/en\/wp-json\/wp\/v2\/media?parent=64822"}],"curies":[{"name":"wp","href":"https:\/\/api.w.org\/{rel}","templated":true}]}}