{"id":63924,"date":"2015-04-15T23:47:39","date_gmt":"2015-04-15T21:47:39","guid":{"rendered":"http:\/\/www.sorosoro.org\/?page_id=63924"},"modified":"2015-09-28T01:05:11","modified_gmt":"2015-09-27T23:05:11","slug":"fictional-languages","status":"publish","type":"page","link":"https:\/\/www.sorosoro.org\/en\/fictional-languages\/","title":{"rendered":"Fictional languages"},"content":{"rendered":"<p>Les nouvelles langues ne sont pas toutes en usage r\u00e9gulier au sein de communaut\u00e9s constitu\u00e9es. Il en existe \u00e9galement un bon nombre qui sont n\u00e9es dans l\u2019imagination d\u2019\u00e9crivains, de sc\u00e9naristes ou de chercheurs. Elles portent des noms aussi mythiques que l\u2019elfique, le klingon, le na\u2019vi ou le dothraki\u2026<\/p>\n<p>Les plus embl\u00e9matiques sont peut-\u00eatre les langues elfiques, un ensemble de langues \u00e9labor\u00e9es par J.R.R. Tolkien dans le cadre de son ouvrage \u00ab Le seigneur des anneaux \u00bb, devenu une s\u00e9rie de 3 films r\u00e9alis\u00e9s par Peter Jackson. L\u2019histoire se d\u00e9roule dans \u00ab la Terre du Milieu \u00bb, o\u00f9 chaque peuple a sa langue : le  quenya et le sindarin sont parl\u00e9s par les Elfes, les Nains parlent khuzdul, les Orques le noir parler et les Hommes l\u2019ad\u00fbnaic et le westron.<\/p>\n<p><a href=\"\/tolkien-et-les-langues-elfiques\/\">Pour en savoir plus, lire l\u2019article de Thorsten Renk sur les langues elfiques de Tolkien<\/a><\/p>\n<p>Parmi les plus connues des langues de fiction, on peut \u00e9galement citer le klingon, une langue extraterrestre de l\u2019univers de la s\u00e9rie de films \u00ab La guerre des \u00e9toiles \u00bb (<em>Star Treck<\/em>). Cr\u00e9\u00e9e par Marc Okrand, cette langue est agglutinante et sa grammaire est inspir\u00e9e de certaines langues am\u00e9rindiennes. Elle est enseign\u00e9e aux Etats-Unis et dispose d\u2019un institut, le Klingon Language Institute.<\/p>\n<p>Le na\u2019vi est quant \u00e0 lui la langue des Na\u2019vis, un peuple de la lune Pandora dans le film Avatar de James Cameron. Elle est la cr\u00e9ation d\u2019un professeur californien titulaire d\u2019un doctorat en linguistique, Paul Frommer, et compte plus de 1400 mots.<\/p>\n<p>Plus r\u00e9cemment, la langue dothraki, \u00e9labor\u00e9e par David J. Peterson, est la langue du peuple du m\u00eame nom, au sein de la s\u00e9rie \u00e0 succ\u00e8s \u00ab Le tr\u00f4ne de Fer \u00bb (<em>Game of thrones<\/em>). Ce sont pas moins de 1700 mots qui ont \u00e9t\u00e9 cr\u00e9\u00e9s pour le tournage, inspir\u00e9s du turc, du russe, de l\u2019estonien, de l\u2019inuktitut et du swahili.<br \/>\n&nbsp;<br \/>\n<a href=\"\/tout-savoir-sur-les-langues\/les-nouvelles-langues\/\"><img loading=\"lazy\" decoding=\"async\" class=\"alignnone size-full wp-image-65133\" src=\"http:\/\/www.sorosoro.org\/wp-content\/uploads\/bouton_retour.jpg\" alt=\"bouton_retour\" width=\"20\" height=\"20\" \/><\/a> <a href=\"\/tout-savoir-sur-les-langues\/les-nouvelles-langues\/\"><strong>Retour page pr\u00e9c\u00e9dente<\/strong><\/a><\/p>\n","protected":false},"excerpt":{"rendered":"<p>Les nouvelles langues ne sont pas toutes en usage r\u00e9gulier au sein de communaut\u00e9s constitu\u00e9es. Il en existe \u00e9galement un bon nombre qui sont n\u00e9es dans l\u2019imagination d\u2019\u00e9crivains, de sc\u00e9naristes ou de chercheurs. Elles portent des noms aussi mythiques que l\u2019elfique, le klingon, le na\u2019vi ou le dothraki\u2026 Les plus embl\u00e9matiques sont peut-\u00eatre les langues [&hellip;]<\/p>\n","protected":false},"author":1,"featured_media":0,"parent":0,"menu_order":0,"comment_status":"closed","ping_status":"open","template":"","meta":{"footnotes":""},"class_list":["post-63924","page","type-page","status-publish","hentry"],"yoast_head":"<!-- This site is optimized with the Yoast SEO plugin v27.0 - https:\/\/yoast.com\/product\/yoast-seo-wordpress\/ -->\n<title>Fictional languages - Sorosoro<\/title>\n<meta name=\"robots\" content=\"index, follow, max-snippet:-1, max-image-preview:large, max-video-preview:-1\" \/>\n<link rel=\"canonical\" href=\"https:\/\/www.sorosoro.org\/en\/fictional-languages\/\" \/>\n<meta property=\"og:locale\" content=\"en_US\" \/>\n<meta property=\"og:type\" content=\"article\" \/>\n<meta property=\"og:title\" content=\"Fictional languages - Sorosoro\" \/>\n<meta property=\"og:description\" content=\"Les nouvelles langues ne sont pas toutes en usage r\u00e9gulier au sein de communaut\u00e9s constitu\u00e9es. Il en existe \u00e9galement un bon nombre qui sont n\u00e9es dans l\u2019imagination d\u2019\u00e9crivains, de sc\u00e9naristes ou de chercheurs. Elles portent des noms aussi mythiques que l\u2019elfique, le klingon, le na\u2019vi ou le dothraki\u2026 Les plus embl\u00e9matiques sont peut-\u00eatre les langues [&hellip;]\" \/>\n<meta property=\"og:url\" content=\"https:\/\/www.sorosoro.org\/en\/fictional-languages\/\" \/>\n<meta property=\"og:site_name\" content=\"Sorosoro\" \/>\n<meta property=\"article:modified_time\" content=\"2015-09-27T23:05:11+00:00\" \/>\n<meta property=\"og:image\" content=\"http:\/\/www.sorosoro.org\/wp-content\/uploads\/bouton_retour.jpg\" \/>\n<meta name=\"twitter:card\" content=\"summary_large_image\" \/>\n<meta name=\"twitter:label1\" content=\"Est. reading time\" \/>\n\t<meta name=\"twitter:data1\" content=\"2 minutes\" \/>\n<script type=\"application\/ld+json\" class=\"yoast-schema-graph\">{\"@context\":\"https:\/\/schema.org\",\"@graph\":[{\"@type\":\"WebPage\",\"@id\":\"https:\/\/www.sorosoro.org\/en\/fictional-languages\/\",\"url\":\"https:\/\/www.sorosoro.org\/en\/fictional-languages\/\",\"name\":\"Fictional languages - Sorosoro\",\"isPartOf\":{\"@id\":\"https:\/\/www.sorosoro.org\/en\/#website\"},\"primaryImageOfPage\":{\"@id\":\"https:\/\/www.sorosoro.org\/en\/fictional-languages\/#primaryimage\"},\"image\":{\"@id\":\"https:\/\/www.sorosoro.org\/en\/fictional-languages\/#primaryimage\"},\"thumbnailUrl\":\"http:\/\/www.sorosoro.org\/wp-content\/uploads\/bouton_retour.jpg\",\"datePublished\":\"2015-04-15T21:47:39+00:00\",\"dateModified\":\"2015-09-27T23:05:11+00:00\",\"breadcrumb\":{\"@id\":\"https:\/\/www.sorosoro.org\/en\/fictional-languages\/#breadcrumb\"},\"inLanguage\":\"en-US\",\"potentialAction\":[{\"@type\":\"ReadAction\",\"target\":[\"https:\/\/www.sorosoro.org\/en\/fictional-languages\/\"]}]},{\"@type\":\"ImageObject\",\"inLanguage\":\"en-US\",\"@id\":\"https:\/\/www.sorosoro.org\/en\/fictional-languages\/#primaryimage\",\"url\":\"http:\/\/www.sorosoro.org\/wp-content\/uploads\/bouton_retour.jpg\",\"contentUrl\":\"http:\/\/www.sorosoro.org\/wp-content\/uploads\/bouton_retour.jpg\"},{\"@type\":\"BreadcrumbList\",\"@id\":\"https:\/\/www.sorosoro.org\/en\/fictional-languages\/#breadcrumb\",\"itemListElement\":[{\"@type\":\"ListItem\",\"position\":1,\"name\":\"Accueil\",\"item\":\"https:\/\/www.sorosoro.org\/en\/\"},{\"@type\":\"ListItem\",\"position\":2,\"name\":\"Fictional languages\"}]},{\"@type\":\"WebSite\",\"@id\":\"https:\/\/www.sorosoro.org\/en\/#website\",\"url\":\"https:\/\/www.sorosoro.org\/en\/\",\"name\":\"Sorosoro\",\"description\":\"Pour que vivent les langues du monde !\",\"potentialAction\":[{\"@type\":\"SearchAction\",\"target\":{\"@type\":\"EntryPoint\",\"urlTemplate\":\"https:\/\/www.sorosoro.org\/en\/?s={search_term_string}\"},\"query-input\":{\"@type\":\"PropertyValueSpecification\",\"valueRequired\":true,\"valueName\":\"search_term_string\"}}],\"inLanguage\":\"en-US\"}]}<\/script>\n<!-- \/ Yoast SEO plugin. -->","yoast_head_json":{"title":"Fictional languages - Sorosoro","robots":{"index":"index","follow":"follow","max-snippet":"max-snippet:-1","max-image-preview":"max-image-preview:large","max-video-preview":"max-video-preview:-1"},"canonical":"https:\/\/www.sorosoro.org\/en\/fictional-languages\/","og_locale":"en_US","og_type":"article","og_title":"Fictional languages - Sorosoro","og_description":"Les nouvelles langues ne sont pas toutes en usage r\u00e9gulier au sein de communaut\u00e9s constitu\u00e9es. Il en existe \u00e9galement un bon nombre qui sont n\u00e9es dans l\u2019imagination d\u2019\u00e9crivains, de sc\u00e9naristes ou de chercheurs. Elles portent des noms aussi mythiques que l\u2019elfique, le klingon, le na\u2019vi ou le dothraki\u2026 Les plus embl\u00e9matiques sont peut-\u00eatre les langues [&hellip;]","og_url":"https:\/\/www.sorosoro.org\/en\/fictional-languages\/","og_site_name":"Sorosoro","article_modified_time":"2015-09-27T23:05:11+00:00","og_image":[{"url":"http:\/\/www.sorosoro.org\/wp-content\/uploads\/bouton_retour.jpg","type":"","width":"","height":""}],"twitter_card":"summary_large_image","twitter_misc":{"Est. reading time":"2 minutes"},"schema":{"@context":"https:\/\/schema.org","@graph":[{"@type":"WebPage","@id":"https:\/\/www.sorosoro.org\/en\/fictional-languages\/","url":"https:\/\/www.sorosoro.org\/en\/fictional-languages\/","name":"Fictional languages - Sorosoro","isPartOf":{"@id":"https:\/\/www.sorosoro.org\/en\/#website"},"primaryImageOfPage":{"@id":"https:\/\/www.sorosoro.org\/en\/fictional-languages\/#primaryimage"},"image":{"@id":"https:\/\/www.sorosoro.org\/en\/fictional-languages\/#primaryimage"},"thumbnailUrl":"http:\/\/www.sorosoro.org\/wp-content\/uploads\/bouton_retour.jpg","datePublished":"2015-04-15T21:47:39+00:00","dateModified":"2015-09-27T23:05:11+00:00","breadcrumb":{"@id":"https:\/\/www.sorosoro.org\/en\/fictional-languages\/#breadcrumb"},"inLanguage":"en-US","potentialAction":[{"@type":"ReadAction","target":["https:\/\/www.sorosoro.org\/en\/fictional-languages\/"]}]},{"@type":"ImageObject","inLanguage":"en-US","@id":"https:\/\/www.sorosoro.org\/en\/fictional-languages\/#primaryimage","url":"http:\/\/www.sorosoro.org\/wp-content\/uploads\/bouton_retour.jpg","contentUrl":"http:\/\/www.sorosoro.org\/wp-content\/uploads\/bouton_retour.jpg"},{"@type":"BreadcrumbList","@id":"https:\/\/www.sorosoro.org\/en\/fictional-languages\/#breadcrumb","itemListElement":[{"@type":"ListItem","position":1,"name":"Accueil","item":"https:\/\/www.sorosoro.org\/en\/"},{"@type":"ListItem","position":2,"name":"Fictional languages"}]},{"@type":"WebSite","@id":"https:\/\/www.sorosoro.org\/en\/#website","url":"https:\/\/www.sorosoro.org\/en\/","name":"Sorosoro","description":"Pour que vivent les langues du monde !","potentialAction":[{"@type":"SearchAction","target":{"@type":"EntryPoint","urlTemplate":"https:\/\/www.sorosoro.org\/en\/?s={search_term_string}"},"query-input":{"@type":"PropertyValueSpecification","valueRequired":true,"valueName":"search_term_string"}}],"inLanguage":"en-US"}]}},"_links":{"self":[{"href":"https:\/\/www.sorosoro.org\/en\/wp-json\/wp\/v2\/pages\/63924","targetHints":{"allow":["GET"]}}],"collection":[{"href":"https:\/\/www.sorosoro.org\/en\/wp-json\/wp\/v2\/pages"}],"about":[{"href":"https:\/\/www.sorosoro.org\/en\/wp-json\/wp\/v2\/types\/page"}],"author":[{"embeddable":true,"href":"https:\/\/www.sorosoro.org\/en\/wp-json\/wp\/v2\/users\/1"}],"replies":[{"embeddable":true,"href":"https:\/\/www.sorosoro.org\/en\/wp-json\/wp\/v2\/comments?post=63924"}],"version-history":[{"count":0,"href":"https:\/\/www.sorosoro.org\/en\/wp-json\/wp\/v2\/pages\/63924\/revisions"}],"wp:attachment":[{"href":"https:\/\/www.sorosoro.org\/en\/wp-json\/wp\/v2\/media?parent=63924"}],"curies":[{"name":"wp","href":"https:\/\/api.w.org\/{rel}","templated":true}]}}