{"id":63894,"date":"2015-04-14T23:49:52","date_gmt":"2015-04-14T21:49:52","guid":{"rendered":"http:\/\/www.sorosoro.org\/?page_id=63894"},"modified":"2015-04-14T23:50:32","modified_gmt":"2015-04-14T21:50:32","slug":"all-about-languages-%e2%80%8b%e2%80%8bin-the-world","status":"publish","type":"page","link":"https:\/\/www.sorosoro.org\/en\/all-about-languages-%e2%80%8b%e2%80%8bin-the-world\/","title":{"rendered":"All about languages \u200b\u200bin the world"},"content":{"rendered":"<p>Introduction \u00e0 \u00e9crir<br \/>\nPhoto \u00e0 choisir<\/p>\n","protected":false},"excerpt":{"rendered":"<p>Introduction \u00e0 \u00e9crir Photo \u00e0 choisir<\/p>\n","protected":false},"author":1,"featured_media":0,"parent":0,"menu_order":0,"comment_status":"closed","ping_status":"open","template":"","meta":{"footnotes":""},"class_list":["post-63894","page","type-page","status-publish","hentry"],"yoast_head":"<!-- This site is optimized with the Yoast SEO plugin v27.0 - https:\/\/yoast.com\/product\/yoast-seo-wordpress\/ -->\n<title>All about languages \u200b\u200bin the world - Sorosoro<\/title>\n<meta name=\"robots\" content=\"index, follow, max-snippet:-1, max-image-preview:large, max-video-preview:-1\" \/>\n<link rel=\"canonical\" href=\"https:\/\/www.sorosoro.org\/en\/all-about-languages-%e2%80%8b%e2%80%8bin-the-world\/\" \/>\n<meta property=\"og:locale\" content=\"en_US\" \/>\n<meta property=\"og:type\" content=\"article\" \/>\n<meta property=\"og:title\" content=\"All about languages \u200b\u200bin the world - Sorosoro\" \/>\n<meta property=\"og:description\" content=\"Introduction \u00e0 \u00e9crir Photo \u00e0 choisir\" \/>\n<meta property=\"og:url\" content=\"https:\/\/www.sorosoro.org\/en\/all-about-languages-%e2%80%8b%e2%80%8bin-the-world\/\" \/>\n<meta property=\"og:site_name\" content=\"Sorosoro\" \/>\n<meta property=\"article:modified_time\" content=\"2015-04-14T21:50:32+00:00\" \/>\n<meta name=\"twitter:card\" content=\"summary_large_image\" \/>\n<script type=\"application\/ld+json\" class=\"yoast-schema-graph\">{\"@context\":\"https:\/\/schema.org\",\"@graph\":[{\"@type\":\"WebPage\",\"@id\":\"https:\/\/www.sorosoro.org\/en\/all-about-languages-%e2%80%8b%e2%80%8bin-the-world\/\",\"url\":\"https:\/\/www.sorosoro.org\/en\/all-about-languages-%e2%80%8b%e2%80%8bin-the-world\/\",\"name\":\"All about languages \u200b\u200bin the world - Sorosoro\",\"isPartOf\":{\"@id\":\"https:\/\/www.sorosoro.org\/en\/#website\"},\"datePublished\":\"2015-04-14T21:49:52+00:00\",\"dateModified\":\"2015-04-14T21:50:32+00:00\",\"breadcrumb\":{\"@id\":\"https:\/\/www.sorosoro.org\/en\/all-about-languages-%e2%80%8b%e2%80%8bin-the-world\/#breadcrumb\"},\"inLanguage\":\"en-US\",\"potentialAction\":[{\"@type\":\"ReadAction\",\"target\":[\"https:\/\/www.sorosoro.org\/en\/all-about-languages-%e2%80%8b%e2%80%8bin-the-world\/\"]}]},{\"@type\":\"BreadcrumbList\",\"@id\":\"https:\/\/www.sorosoro.org\/en\/all-about-languages-%e2%80%8b%e2%80%8bin-the-world\/#breadcrumb\",\"itemListElement\":[{\"@type\":\"ListItem\",\"position\":1,\"name\":\"Accueil\",\"item\":\"https:\/\/www.sorosoro.org\/en\/\"},{\"@type\":\"ListItem\",\"position\":2,\"name\":\"All about languages \u200b\u200bin the world\"}]},{\"@type\":\"WebSite\",\"@id\":\"https:\/\/www.sorosoro.org\/en\/#website\",\"url\":\"https:\/\/www.sorosoro.org\/en\/\",\"name\":\"Sorosoro\",\"description\":\"Pour que vivent les langues du monde !\",\"potentialAction\":[{\"@type\":\"SearchAction\",\"target\":{\"@type\":\"EntryPoint\",\"urlTemplate\":\"https:\/\/www.sorosoro.org\/en\/?s={search_term_string}\"},\"query-input\":{\"@type\":\"PropertyValueSpecification\",\"valueRequired\":true,\"valueName\":\"search_term_string\"}}],\"inLanguage\":\"en-US\"}]}<\/script>\n<!-- \/ Yoast SEO plugin. -->","yoast_head_json":{"title":"All about languages \u200b\u200bin the world - Sorosoro","robots":{"index":"index","follow":"follow","max-snippet":"max-snippet:-1","max-image-preview":"max-image-preview:large","max-video-preview":"max-video-preview:-1"},"canonical":"https:\/\/www.sorosoro.org\/en\/all-about-languages-%e2%80%8b%e2%80%8bin-the-world\/","og_locale":"en_US","og_type":"article","og_title":"All about languages \u200b\u200bin the world - Sorosoro","og_description":"Introduction \u00e0 \u00e9crir Photo \u00e0 choisir","og_url":"https:\/\/www.sorosoro.org\/en\/all-about-languages-%e2%80%8b%e2%80%8bin-the-world\/","og_site_name":"Sorosoro","article_modified_time":"2015-04-14T21:50:32+00:00","twitter_card":"summary_large_image","schema":{"@context":"https:\/\/schema.org","@graph":[{"@type":"WebPage","@id":"https:\/\/www.sorosoro.org\/en\/all-about-languages-%e2%80%8b%e2%80%8bin-the-world\/","url":"https:\/\/www.sorosoro.org\/en\/all-about-languages-%e2%80%8b%e2%80%8bin-the-world\/","name":"All about languages \u200b\u200bin the world - Sorosoro","isPartOf":{"@id":"https:\/\/www.sorosoro.org\/en\/#website"},"datePublished":"2015-04-14T21:49:52+00:00","dateModified":"2015-04-14T21:50:32+00:00","breadcrumb":{"@id":"https:\/\/www.sorosoro.org\/en\/all-about-languages-%e2%80%8b%e2%80%8bin-the-world\/#breadcrumb"},"inLanguage":"en-US","potentialAction":[{"@type":"ReadAction","target":["https:\/\/www.sorosoro.org\/en\/all-about-languages-%e2%80%8b%e2%80%8bin-the-world\/"]}]},{"@type":"BreadcrumbList","@id":"https:\/\/www.sorosoro.org\/en\/all-about-languages-%e2%80%8b%e2%80%8bin-the-world\/#breadcrumb","itemListElement":[{"@type":"ListItem","position":1,"name":"Accueil","item":"https:\/\/www.sorosoro.org\/en\/"},{"@type":"ListItem","position":2,"name":"All about languages \u200b\u200bin the world"}]},{"@type":"WebSite","@id":"https:\/\/www.sorosoro.org\/en\/#website","url":"https:\/\/www.sorosoro.org\/en\/","name":"Sorosoro","description":"Pour que vivent les langues du monde !","potentialAction":[{"@type":"SearchAction","target":{"@type":"EntryPoint","urlTemplate":"https:\/\/www.sorosoro.org\/en\/?s={search_term_string}"},"query-input":{"@type":"PropertyValueSpecification","valueRequired":true,"valueName":"search_term_string"}}],"inLanguage":"en-US"}]}},"_links":{"self":[{"href":"https:\/\/www.sorosoro.org\/en\/wp-json\/wp\/v2\/pages\/63894","targetHints":{"allow":["GET"]}}],"collection":[{"href":"https:\/\/www.sorosoro.org\/en\/wp-json\/wp\/v2\/pages"}],"about":[{"href":"https:\/\/www.sorosoro.org\/en\/wp-json\/wp\/v2\/types\/page"}],"author":[{"embeddable":true,"href":"https:\/\/www.sorosoro.org\/en\/wp-json\/wp\/v2\/users\/1"}],"replies":[{"embeddable":true,"href":"https:\/\/www.sorosoro.org\/en\/wp-json\/wp\/v2\/comments?post=63894"}],"version-history":[{"count":0,"href":"https:\/\/www.sorosoro.org\/en\/wp-json\/wp\/v2\/pages\/63894\/revisions"}],"wp:attachment":[{"href":"https:\/\/www.sorosoro.org\/en\/wp-json\/wp\/v2\/media?parent=63894"}],"curies":[{"name":"wp","href":"https:\/\/api.w.org\/{rel}","templated":true}]}}