{"id":62350,"date":"2011-12-06T18:01:14","date_gmt":"2011-12-06T17:01:14","guid":{"rendered":"http:\/\/www.sorosoro.org\/?page_id=62350"},"modified":"2011-12-06T18:10:29","modified_gmt":"2011-12-06T17:10:29","slug":"kokborok","status":"publish","type":"page","link":"https:\/\/www.sorosoro.org\/en\/kokborok\/","title":{"rendered":"Kokborok"},"content":{"rendered":"<p style=\"text-align: justify;\"><em>Page created in collaboration with Fran\u00e7ois Jacquesson, Director of research, LACITO-CNRS, 2011.<\/em><\/p>\n<h5 style=\"text-align: justify;\">Data on the Kokborok language<\/h5>\n<p style=\"text-align: justify;\"><strong>Alternative names<\/strong>: Kok Borok, Tripuri<\/p>\n<p style=\"text-align: justify;\"><em>The name \u2018Tripuri\u2019 (lit. the language of Tripura) is an exonym (a name given by another linguistic group) from Bengali. This is the most common name for the language, but it is rejected by a number of speakers who prefer the name \u2018Kokborok\u2019 (lit. the language of the Borok, as they call themselves).<\/em><\/p>\n<p style=\"text-align: justify;\"><strong>Area<\/strong>: Kokborok speakers live mostly in certain parts of the state of Tripura, in the North-East of India.<\/p>\n<p style=\"text-align: justify;\">There are also speakers found on the other side of the border, in Bangladesh.<\/p>\n<p style=\"text-align: justify;\">The language is used for the most part in rural areas; it is replaced by Bengali in Agartala, the capital of Tripura State, and in other urban centres. The media is all in the Bengali language.<\/p>\n<p style=\"text-align: justify;\"><strong>Classification<\/strong>: Kokborok is part of the Bodo-Garo (or Garo-Bodo) group of languages, a branch of the Tibeto-Burman languages which fall under <span style=\"text-decoration: underline;\">Sino-Tibetan language family<\/span>.<\/p>\n<p style=\"text-align: justify;\">It is very close to two other Bodo-Garo languages: Dimasa and Boro.<\/p>\n<p style=\"text-align: justify;\"><strong>Main dialects<\/strong>: Kokborok  is a realatively homogenous language. Nevertheless, there are dialect variants which are close to Dimasa and Boro.  Il existe, n\u00e9anmoins, des variantes dialectales interm\u00e9diaires au dimasa et au boro.<\/p>\n<p style=\"text-align: justify;\"><strong>Number of speakers<\/strong>: Around 800 000 speakers (according Fran\u00e7ois Jacquesson) in Tripura. The number of speakers in Bangladesh is difficult to estimate, but certainly is certainly no more than a few tens of thousands or so.<\/p>\n<p style=\"text-align: justify;\"><strong>Status<\/strong>: Kokborok is a language of communication and has no official status, even at a local level.<\/p>\n<p style=\"text-align: justify;\"><strong>Teaching<\/strong>: Kokborok is taught in an experimental school, with the agreement of state authorities.<\/p>\n<p style=\"text-align: justify;\"><strong>Writing<\/strong>: There are two rival writing systems for Kokborok. One, first developed by Protestant missionaries, is based on the latin alphabet; the other is based on the Bengali writing system. Both writing systems are in use, despite the open opposition of some activists.<\/p>\n<p style=\"text-align: justify;\"><strong>Literature<\/strong>: There is a relatively extensive literature: grammars, dictionaries, children\u2019s books, novels, poetry anthologies\u2026 The literature available is relatively recent, however, and edited at a local level by activists and religious organisations such as the Tei Hukumu Mission.<\/p>\n<p style=\"text-align: justify;\"><strong>Media<\/strong>: To our knowledge, there is no newspaper material, radio or television in Kokborok.<\/p>\n<p style=\"text-align: justify;\">The film <a href=\"http:\/\/yarwng.com\/\" target=\"_blank\"><em>Yarwng<\/em><\/a>, directed by Joseph Pulinthanath, is the first film in the Kokborok language. The award-winning film is to be shown for the first time at the <a href=\"https:\/\/www.sorosoro.org\/en\/december-8-2011-3rd-sorosoro-sessions-at-maison-des-cultures-du-monde-paris\">Third \u2018Rencontres Sorosoro\u2019, on the 8th of D\u00e9cembre, at la Maison des Cultures du Monde, Paris<\/a>.<\/p>\n<p style=\"text-align: justify;\">\n<h5 style=\"text-align: justify;\">Vitality and transmission<\/h5>\n<p style=\"text-align: justify;\">The Kokborok is more threatened than the relatively high number of speakers might suggest. The language is still being passed on, but its usage is decreasing rapidly under pressure from the Bengali language \u2013 all speakers are at least bilingual. It is feared that the number of speakers could suffer a rapid decline in the near future and that the language would quickly fall into disuse in favour of Bengali.<\/p>\n<p style=\"text-align: justify;\">\n<h5 style=\"text-align: justify;\">Historical details<\/h5>\n<p style=\"text-align: justify;\">At the time of British colonisation, the Kingdom of Tripura was cut in half to create the present-day State of Tripura; the \u2018cut off\u2019 portion is found in what is now east-central Bangladesh. Following the independence from the British in 1947, the Kingdom was made into a state of India. The Kokborok language was formerly dominant in the region; Bengali, however, has long been seen as a \u2018more prestigious\u2019 language, a testament to the rajas\u2019 admiration for Bengali culture and Rabindranath Tagore.<\/p>\n<p style=\"text-align: justify;\">After independence, Bengali economic and cultural pressure only increased. And the influx of Bengali-speaking people from bordering countries has greatly contributed to marginalisation of the Kokborok language. It is estimated today that more than 90% of Tripura\u2019s inhabitants are Bengali-speaking.<\/p>\n<p style=\"text-align: justify;\">\n<h5 style=\"text-align: justify;\">Sociolinguistic details<\/h5>\n<p style=\"text-align: justify;\">In urban areas, like Agartala, Kokborok is hardly ever used whilst even in rural areas its usage has been limited to only family or extended-family settings. Bengali has often been viewed as a language more prestigious and more \u2018useful\u2019 than Kokborok.<\/p>\n<p style=\"text-align: justify;\">Within North-Eastern India, an area with a reputation for instability and rebellion, Tripura is known as a peaceful zone.  The Borok people too, however, have also asserted their identity, albeit in a more peaceful way than some peoples of neighbouring states.<\/p>\n<p style=\"text-align: justify;\">The past two decades have seen an awareness of the importance of preserving the language \u2013 seen as an essential part of the Borok history and culture \u2013 develop amongst the Borok population, particularly amongst the educated.<\/p>\n<p style=\"text-align: justify;\">The amount of literature written in and written about Kokborok has increased, and, under the leadership of some activists, the first official educational structure in the Kokborok language has been able to see the light of day.<\/p>\n<h5 style=\"text-align: justify;\">Bibliography<\/h5>\n<p style=\"text-align: justify;\">Binoy Debbarma. 2002. <em>Anglo-Kokborok-Bengali Dictionary<\/em>. 2nd edition. Agartala: Kokborok Tei Hukumu Mission (KOHM)<\/p>\n<p style=\"text-align: justify;\">F. Jacquesson, 2008, <em>A Kokborok Grammar (Agartala dialect)<\/em>, Agartala, Tei Hukumu Mission.<\/p>\n<p style=\"text-align: justify;\">F. Jacquesson, 2008, &#8220;Discovering Boro-Garo, History of an Analytical and Descriptive linguistic Category&#8221;, <em>European Bulletin of Himalayan Research<\/em>, 32, 14-49.<\/p>\n<p style=\"text-align: justify;\">F. Jacquesson, 2006, &#8220;La reconstruction linguistique du pass\u00e9 : le cas des langues Boro-garo&#8221;, <em>Bulletin de la Soci\u00e9t\u00e9 de Linguistique de Paris<\/em>, 101\/1, 273-303.<\/p>\n<p style=\"text-align: justify;\">\n","protected":false},"excerpt":{"rendered":"<p>Page created in collaboration with Fran\u00e7ois Jacquesson, Director of research, LACITO-CNRS, 2011. Data on the Kokborok language Alternative names: Kok Borok, Tripuri The name \u2018Tripuri\u2019 (lit. the language of Tripura) is an exonym (a name given by another linguistic group) from Bengali. This is the most common name for the language, but it is rejected [&hellip;]<\/p>\n","protected":false},"author":18,"featured_media":0,"parent":0,"menu_order":0,"comment_status":"closed","ping_status":"open","template":"","meta":{"footnotes":""},"class_list":["post-62350","page","type-page","status-publish","hentry"],"yoast_head":"<!-- This site is optimized with the Yoast SEO plugin v27.0 - https:\/\/yoast.com\/product\/yoast-seo-wordpress\/ -->\n<title>Kokborok - Sorosoro<\/title>\n<meta name=\"robots\" content=\"index, follow, max-snippet:-1, max-image-preview:large, max-video-preview:-1\" \/>\n<link rel=\"canonical\" href=\"https:\/\/www.sorosoro.org\/en\/kokborok\/\" \/>\n<meta property=\"og:locale\" content=\"en_US\" \/>\n<meta property=\"og:type\" content=\"article\" \/>\n<meta property=\"og:title\" content=\"Kokborok - Sorosoro\" \/>\n<meta property=\"og:description\" content=\"Page created in collaboration with Fran\u00e7ois Jacquesson, Director of research, LACITO-CNRS, 2011. Data on the Kokborok language Alternative names: Kok Borok, Tripuri The name \u2018Tripuri\u2019 (lit. the language of Tripura) is an exonym (a name given by another linguistic group) from Bengali. This is the most common name for the language, but it is rejected [&hellip;]\" \/>\n<meta property=\"og:url\" content=\"https:\/\/www.sorosoro.org\/en\/kokborok\/\" \/>\n<meta property=\"og:site_name\" content=\"Sorosoro\" \/>\n<meta property=\"article:modified_time\" content=\"2011-12-06T17:10:29+00:00\" \/>\n<meta name=\"twitter:card\" content=\"summary_large_image\" \/>\n<meta name=\"twitter:label1\" content=\"Est. reading time\" \/>\n\t<meta name=\"twitter:data1\" content=\"4 minutes\" \/>\n<script type=\"application\/ld+json\" class=\"yoast-schema-graph\">{\"@context\":\"https:\/\/schema.org\",\"@graph\":[{\"@type\":\"WebPage\",\"@id\":\"https:\/\/www.sorosoro.org\/en\/kokborok\/\",\"url\":\"https:\/\/www.sorosoro.org\/en\/kokborok\/\",\"name\":\"Kokborok - Sorosoro\",\"isPartOf\":{\"@id\":\"https:\/\/www.sorosoro.org\/en\/#website\"},\"datePublished\":\"2011-12-06T17:01:14+00:00\",\"dateModified\":\"2011-12-06T17:10:29+00:00\",\"breadcrumb\":{\"@id\":\"https:\/\/www.sorosoro.org\/en\/kokborok\/#breadcrumb\"},\"inLanguage\":\"en-US\",\"potentialAction\":[{\"@type\":\"ReadAction\",\"target\":[\"https:\/\/www.sorosoro.org\/en\/kokborok\/\"]}]},{\"@type\":\"BreadcrumbList\",\"@id\":\"https:\/\/www.sorosoro.org\/en\/kokborok\/#breadcrumb\",\"itemListElement\":[{\"@type\":\"ListItem\",\"position\":1,\"name\":\"Accueil\",\"item\":\"https:\/\/www.sorosoro.org\/en\/\"},{\"@type\":\"ListItem\",\"position\":2,\"name\":\"Kokborok\"}]},{\"@type\":\"WebSite\",\"@id\":\"https:\/\/www.sorosoro.org\/en\/#website\",\"url\":\"https:\/\/www.sorosoro.org\/en\/\",\"name\":\"Sorosoro\",\"description\":\"Pour que vivent les langues du monde !\",\"potentialAction\":[{\"@type\":\"SearchAction\",\"target\":{\"@type\":\"EntryPoint\",\"urlTemplate\":\"https:\/\/www.sorosoro.org\/en\/?s={search_term_string}\"},\"query-input\":{\"@type\":\"PropertyValueSpecification\",\"valueRequired\":true,\"valueName\":\"search_term_string\"}}],\"inLanguage\":\"en-US\"}]}<\/script>\n<!-- \/ Yoast SEO plugin. -->","yoast_head_json":{"title":"Kokborok - Sorosoro","robots":{"index":"index","follow":"follow","max-snippet":"max-snippet:-1","max-image-preview":"max-image-preview:large","max-video-preview":"max-video-preview:-1"},"canonical":"https:\/\/www.sorosoro.org\/en\/kokborok\/","og_locale":"en_US","og_type":"article","og_title":"Kokborok - Sorosoro","og_description":"Page created in collaboration with Fran\u00e7ois Jacquesson, Director of research, LACITO-CNRS, 2011. Data on the Kokborok language Alternative names: Kok Borok, Tripuri The name \u2018Tripuri\u2019 (lit. the language of Tripura) is an exonym (a name given by another linguistic group) from Bengali. This is the most common name for the language, but it is rejected [&hellip;]","og_url":"https:\/\/www.sorosoro.org\/en\/kokborok\/","og_site_name":"Sorosoro","article_modified_time":"2011-12-06T17:10:29+00:00","twitter_card":"summary_large_image","twitter_misc":{"Est. reading time":"4 minutes"},"schema":{"@context":"https:\/\/schema.org","@graph":[{"@type":"WebPage","@id":"https:\/\/www.sorosoro.org\/en\/kokborok\/","url":"https:\/\/www.sorosoro.org\/en\/kokborok\/","name":"Kokborok - Sorosoro","isPartOf":{"@id":"https:\/\/www.sorosoro.org\/en\/#website"},"datePublished":"2011-12-06T17:01:14+00:00","dateModified":"2011-12-06T17:10:29+00:00","breadcrumb":{"@id":"https:\/\/www.sorosoro.org\/en\/kokborok\/#breadcrumb"},"inLanguage":"en-US","potentialAction":[{"@type":"ReadAction","target":["https:\/\/www.sorosoro.org\/en\/kokborok\/"]}]},{"@type":"BreadcrumbList","@id":"https:\/\/www.sorosoro.org\/en\/kokborok\/#breadcrumb","itemListElement":[{"@type":"ListItem","position":1,"name":"Accueil","item":"https:\/\/www.sorosoro.org\/en\/"},{"@type":"ListItem","position":2,"name":"Kokborok"}]},{"@type":"WebSite","@id":"https:\/\/www.sorosoro.org\/en\/#website","url":"https:\/\/www.sorosoro.org\/en\/","name":"Sorosoro","description":"Pour que vivent les langues du monde !","potentialAction":[{"@type":"SearchAction","target":{"@type":"EntryPoint","urlTemplate":"https:\/\/www.sorosoro.org\/en\/?s={search_term_string}"},"query-input":{"@type":"PropertyValueSpecification","valueRequired":true,"valueName":"search_term_string"}}],"inLanguage":"en-US"}]}},"_links":{"self":[{"href":"https:\/\/www.sorosoro.org\/en\/wp-json\/wp\/v2\/pages\/62350","targetHints":{"allow":["GET"]}}],"collection":[{"href":"https:\/\/www.sorosoro.org\/en\/wp-json\/wp\/v2\/pages"}],"about":[{"href":"https:\/\/www.sorosoro.org\/en\/wp-json\/wp\/v2\/types\/page"}],"author":[{"embeddable":true,"href":"https:\/\/www.sorosoro.org\/en\/wp-json\/wp\/v2\/users\/18"}],"replies":[{"embeddable":true,"href":"https:\/\/www.sorosoro.org\/en\/wp-json\/wp\/v2\/comments?post=62350"}],"version-history":[{"count":0,"href":"https:\/\/www.sorosoro.org\/en\/wp-json\/wp\/v2\/pages\/62350\/revisions"}],"wp:attachment":[{"href":"https:\/\/www.sorosoro.org\/en\/wp-json\/wp\/v2\/media?parent=62350"}],"curies":[{"name":"wp","href":"https:\/\/api.w.org\/{rel}","templated":true}]}}