{"id":61981,"date":"2011-11-29T14:35:52","date_gmt":"2011-11-29T13:35:52","guid":{"rendered":"http:\/\/www.sorosoro.org\/?page_id=61981"},"modified":"2011-11-29T14:35:52","modified_gmt":"2011-11-29T13:35:52","slug":"tektiteko","status":"publish","type":"page","link":"https:\/\/www.sorosoro.org\/en\/tektiteko\/","title":{"rendered":"Tektiteko"},"content":{"rendered":"<p style=\"text-align: justify;\"><em>Data collected by UNICEF<\/em><\/p>\n<h5 style=\"text-align: justify;\">Data on Tektiteko<\/h5>\n<p style=\"text-align: justify;\"><strong>Alternative names<\/strong>: Tectiteco, Teko, Tektit\u00e8que, Tektitek<\/p>\n<p style=\"text-align: justify;\"><strong>Area<\/strong>: Guatemala.<\/p>\n<p style=\"text-align: justify;\">Tektiteko speakers reside principally in the Tectit\u00e1n region, in the municipality of Huehuetenango, in a mountainous region on the Mexican border.<\/p>\n<p style=\"text-align: justify;\">According to <a href=\"http:\/\/www.inali.gob.mx\/\" target=\"_blank\"> INALI<\/a>, there are also speakers on the other side of the border, in the state of Chiapas in Mexico.<\/p>\n<p style=\"text-align: justify;\"><strong>Classification<\/strong>: Tektiteko is part of the Mamean branch of the <a href=\"https:\/\/www.sorosoro.org\/en\/mayan-languages\">Mayan language family<\/a>. It is very close to Mam, Awakateko and Ixil, other languages of the same branch.<\/p>\n<p style=\"text-align: justify;\"><strong>Number of speakers<\/strong>: It is difficult to get a precise idea; however, Tektiteko is one the Mayan languages with the fewest speakers. Figures vary according to source from 1144 people (UNESCO) to almost 6000 (<em>Ethnologue.com<\/em>).<\/p>\n<p style=\"text-align: justify;\">A census of 2002 gives a Tektiteko population of around 2000 people, but it is not known whether all are speakers of the language.<\/p>\n<p style=\"text-align: justify;\"><strong>Language status<\/strong>: According to the <em>Linguam\u00f3n <\/em>website:<\/p>\n<p style=\"text-align: justify;\">\u201cLegally recognised. Guatemala&#8217;s constitution identifies Spanish as the country&#8217;s official language and states that its &#8216;vernaculars&#8217; are part of its cultural heritage. A number of initiatives have been carried out in recent years (such as the introduction of the <em>Ley de Idiomas Nacionales<\/em> or National Language Law in 2003) to protect and promote the use of the languages of the Maya, Garifuna and Xinca peoples.\u201d<\/p>\n<p style=\"text-align: justify;\">Tektiteko is one of the languages standardised, protected and promoted by the <a href=\"http:\/\/www.almg.org.gt\/\" target=\"_blank\">Academy of Mayan Languages of Guatemala<\/a>, an independent organisation created in 1990.<\/p>\n<p style=\"text-align: justify;\"><strong>Vitality and transmission<\/strong>: Due to its small number of speakers, Tektiteko is probably one of the most threatened Mayan languages. It is also one of the least-studied languages and there is a great lack in scientific data on this language. Several Spanish loanwords are used in Tektiteko as it is spoken today.<\/p>\n<p style=\"text-align: justify;\">Several sources (<em>Ethnologue <\/em>and <em>Linguam\u00f3n<\/em>, amongst others) describe an ongoing transmission of Tektiteko to younger generations, who have regained interest in the language. There is still much to be done, though, to ensure the future of the language.<\/p>\n<p style=\"text-align: justify;\">Tektiteko is one of the endangered languages documented as part of Sorosoro\u2019s video documentation programme.  Filming took place in 2009, in collaboration with the linguist Juventino de Jesus P\u00e9rez Alonzo.<\/p>\n<p style=\"text-align: justify;\"><a href=\"https:\/\/www.sorosoro.org\/en\/videos-in-tektiteko-guatemala\">See videos about Tektiteko on the Sorosoro website<\/a><\/p>\n<p style=\"text-align: justify;\">\n<h5 style=\"text-align: justify;\">Sources<\/h5>\n<p style=\"text-align: justify;\">Verdugo, Luc\u00eda. 2010. \u00ab Guatemala \u00bb. In <a href=\"http:\/\/www.movilizando.org\/atlas_tomo1\/pages\/tomo_2.pdf\" target=\"_blank\"><em>Atlas socioling\u00fc\u00edstico de pueblos ind\u00edgenas en Am\u00e9rica Latina<\/em><\/a>, UNICEF. Tome 2, pp Pp 852- 888<\/p>\n<p style=\"text-align: justify;\">\n<h5 style=\"text-align: justify;\">Online sources<\/h5>\n<p style=\"text-align: justify;\"><a href=\"http:\/\/www10.gencat.cat\/pres_casa_llengues\/AppJava\/frontend\/llengues_detall.jsp?id=1015&amp;idioma=5\" target=\"_blank\">Page dedicated to Tektiteko on the <em>Linguam\u00f3n <\/em>website<\/a><\/p>\n<p style=\"text-align: justify;\">\n<h5 style=\"text-align: justify;\">Supplementary Bibliography<\/h5>\n<p style=\"text-align: justify;\">Grinevald, C. 2007 \u00abEndangered Languages of Mexico and Central America\u00bb, in Brenzinger, M. (ed.), <em>Language Diversity Endangered<\/em>, Trends in Linguistics, Mouton de Gruyter, Berlin-New York.<\/p>\n<p style=\"text-align: justify;\">\n<p style=\"text-align: justify;\">See the <a href=\"http:\/\/www.movilizando.org\/atlas_tomo1\/pages\/tomo_2.pdf\" target=\"_blank\"><em>Atlas socioling\u00fc\u00edstico de pueblos ind\u00edgenas en Am\u00e9rica Latina<\/em><\/a> for a more complete bibliography.<\/p>\n<p style=\"text-align: justify;\">\n","protected":false},"excerpt":{"rendered":"<p>Data collected by UNICEF Data on Tektiteko Alternative names: Tectiteco, Teko, Tektit\u00e8que, Tektitek Area: Guatemala. Tektiteko speakers reside principally in the Tectit\u00e1n region, in the municipality of Huehuetenango, in a mountainous region on the Mexican border. According to INALI, there are also speakers on the other side of the border, in the state of Chiapas [&hellip;]<\/p>\n","protected":false},"author":18,"featured_media":0,"parent":0,"menu_order":0,"comment_status":"closed","ping_status":"open","template":"","meta":{"footnotes":""},"class_list":["post-61981","page","type-page","status-publish","hentry"],"yoast_head":"<!-- This site is optimized with the Yoast SEO plugin v27.0 - https:\/\/yoast.com\/product\/yoast-seo-wordpress\/ -->\n<title>Tektiteko - Sorosoro<\/title>\n<meta name=\"robots\" content=\"index, follow, max-snippet:-1, max-image-preview:large, max-video-preview:-1\" \/>\n<link rel=\"canonical\" href=\"https:\/\/www.sorosoro.org\/en\/tektiteko\/\" \/>\n<meta property=\"og:locale\" content=\"en_US\" \/>\n<meta property=\"og:type\" content=\"article\" \/>\n<meta property=\"og:title\" content=\"Tektiteko - Sorosoro\" \/>\n<meta property=\"og:description\" content=\"Data collected by UNICEF Data on Tektiteko Alternative names: Tectiteco, Teko, Tektit\u00e8que, Tektitek Area: Guatemala. Tektiteko speakers reside principally in the Tectit\u00e1n region, in the municipality of Huehuetenango, in a mountainous region on the Mexican border. According to INALI, there are also speakers on the other side of the border, in the state of Chiapas [&hellip;]\" \/>\n<meta property=\"og:url\" content=\"https:\/\/www.sorosoro.org\/en\/tektiteko\/\" \/>\n<meta property=\"og:site_name\" content=\"Sorosoro\" \/>\n<meta name=\"twitter:card\" content=\"summary_large_image\" \/>\n<meta name=\"twitter:label1\" content=\"Est. reading time\" \/>\n\t<meta name=\"twitter:data1\" content=\"2 minutes\" \/>\n<script type=\"application\/ld+json\" class=\"yoast-schema-graph\">{\"@context\":\"https:\/\/schema.org\",\"@graph\":[{\"@type\":\"WebPage\",\"@id\":\"https:\/\/www.sorosoro.org\/en\/tektiteko\/\",\"url\":\"https:\/\/www.sorosoro.org\/en\/tektiteko\/\",\"name\":\"Tektiteko - Sorosoro\",\"isPartOf\":{\"@id\":\"https:\/\/www.sorosoro.org\/en\/#website\"},\"datePublished\":\"2011-11-29T13:35:52+00:00\",\"breadcrumb\":{\"@id\":\"https:\/\/www.sorosoro.org\/en\/tektiteko\/#breadcrumb\"},\"inLanguage\":\"en-US\",\"potentialAction\":[{\"@type\":\"ReadAction\",\"target\":[\"https:\/\/www.sorosoro.org\/en\/tektiteko\/\"]}]},{\"@type\":\"BreadcrumbList\",\"@id\":\"https:\/\/www.sorosoro.org\/en\/tektiteko\/#breadcrumb\",\"itemListElement\":[{\"@type\":\"ListItem\",\"position\":1,\"name\":\"Accueil\",\"item\":\"https:\/\/www.sorosoro.org\/en\/\"},{\"@type\":\"ListItem\",\"position\":2,\"name\":\"Tektiteko\"}]},{\"@type\":\"WebSite\",\"@id\":\"https:\/\/www.sorosoro.org\/en\/#website\",\"url\":\"https:\/\/www.sorosoro.org\/en\/\",\"name\":\"Sorosoro\",\"description\":\"Pour que vivent les langues du monde !\",\"potentialAction\":[{\"@type\":\"SearchAction\",\"target\":{\"@type\":\"EntryPoint\",\"urlTemplate\":\"https:\/\/www.sorosoro.org\/en\/?s={search_term_string}\"},\"query-input\":{\"@type\":\"PropertyValueSpecification\",\"valueRequired\":true,\"valueName\":\"search_term_string\"}}],\"inLanguage\":\"en-US\"}]}<\/script>\n<!-- \/ Yoast SEO plugin. -->","yoast_head_json":{"title":"Tektiteko - Sorosoro","robots":{"index":"index","follow":"follow","max-snippet":"max-snippet:-1","max-image-preview":"max-image-preview:large","max-video-preview":"max-video-preview:-1"},"canonical":"https:\/\/www.sorosoro.org\/en\/tektiteko\/","og_locale":"en_US","og_type":"article","og_title":"Tektiteko - Sorosoro","og_description":"Data collected by UNICEF Data on Tektiteko Alternative names: Tectiteco, Teko, Tektit\u00e8que, Tektitek Area: Guatemala. Tektiteko speakers reside principally in the Tectit\u00e1n region, in the municipality of Huehuetenango, in a mountainous region on the Mexican border. According to INALI, there are also speakers on the other side of the border, in the state of Chiapas [&hellip;]","og_url":"https:\/\/www.sorosoro.org\/en\/tektiteko\/","og_site_name":"Sorosoro","twitter_card":"summary_large_image","twitter_misc":{"Est. reading time":"2 minutes"},"schema":{"@context":"https:\/\/schema.org","@graph":[{"@type":"WebPage","@id":"https:\/\/www.sorosoro.org\/en\/tektiteko\/","url":"https:\/\/www.sorosoro.org\/en\/tektiteko\/","name":"Tektiteko - Sorosoro","isPartOf":{"@id":"https:\/\/www.sorosoro.org\/en\/#website"},"datePublished":"2011-11-29T13:35:52+00:00","breadcrumb":{"@id":"https:\/\/www.sorosoro.org\/en\/tektiteko\/#breadcrumb"},"inLanguage":"en-US","potentialAction":[{"@type":"ReadAction","target":["https:\/\/www.sorosoro.org\/en\/tektiteko\/"]}]},{"@type":"BreadcrumbList","@id":"https:\/\/www.sorosoro.org\/en\/tektiteko\/#breadcrumb","itemListElement":[{"@type":"ListItem","position":1,"name":"Accueil","item":"https:\/\/www.sorosoro.org\/en\/"},{"@type":"ListItem","position":2,"name":"Tektiteko"}]},{"@type":"WebSite","@id":"https:\/\/www.sorosoro.org\/en\/#website","url":"https:\/\/www.sorosoro.org\/en\/","name":"Sorosoro","description":"Pour que vivent les langues du monde !","potentialAction":[{"@type":"SearchAction","target":{"@type":"EntryPoint","urlTemplate":"https:\/\/www.sorosoro.org\/en\/?s={search_term_string}"},"query-input":{"@type":"PropertyValueSpecification","valueRequired":true,"valueName":"search_term_string"}}],"inLanguage":"en-US"}]}},"_links":{"self":[{"href":"https:\/\/www.sorosoro.org\/en\/wp-json\/wp\/v2\/pages\/61981","targetHints":{"allow":["GET"]}}],"collection":[{"href":"https:\/\/www.sorosoro.org\/en\/wp-json\/wp\/v2\/pages"}],"about":[{"href":"https:\/\/www.sorosoro.org\/en\/wp-json\/wp\/v2\/types\/page"}],"author":[{"embeddable":true,"href":"https:\/\/www.sorosoro.org\/en\/wp-json\/wp\/v2\/users\/18"}],"replies":[{"embeddable":true,"href":"https:\/\/www.sorosoro.org\/en\/wp-json\/wp\/v2\/comments?post=61981"}],"version-history":[{"count":0,"href":"https:\/\/www.sorosoro.org\/en\/wp-json\/wp\/v2\/pages\/61981\/revisions"}],"wp:attachment":[{"href":"https:\/\/www.sorosoro.org\/en\/wp-json\/wp\/v2\/media?parent=61981"}],"curies":[{"name":"wp","href":"https:\/\/api.w.org\/{rel}","templated":true}]}}