{"id":60742,"date":"2011-11-07T10:28:38","date_gmt":"2011-11-07T09:28:38","guid":{"rendered":"http:\/\/www.sorosoro.org\/?page_id=60742"},"modified":"2011-11-07T11:15:39","modified_gmt":"2011-11-07T10:15:39","slug":"tasawaq","status":"publish","type":"page","link":"https:\/\/www.sorosoro.org\/en\/tasawaq\/","title":{"rendered":"Tasawaq"},"content":{"rendered":"<p style=\"text-align: justify;\"><em>Written by Sidib\u00e9 Alimata Ou\u00e9draogo, lecturer and researcher at Abdou Moumouni University in Niamey.<\/em><\/p>\n<h5 style=\"text-align: justify;\">Data on the Tasawaq language<\/h5>\n<p style=\"text-align: justify;\"><strong>Alternative names<\/strong>: Ingalci, Ingelshi.<\/p>\n<p style=\"text-align: justify;\"><strong>Classification<\/strong>: Tasawaq can be seen as a variant of Northern <a href=\"https:\/\/www.sorosoro.org\/en\/songhay-languages\">Songhay<\/a>, and is strongly influenced by the neighbouring <a href=\"https:\/\/www.sorosoro.org\/en\/hausa\">Hausa<\/a> and <a href=\"https:\/\/www.sorosoro.org\/en\/tamazight\">Tamazight<\/a> languages.<\/p>\n<p style=\"text-align: justify;\"><strong>Area<\/strong>: Niger, in the towns of Ingall and Teguidda-n-Tessoumt, near Agadez.<\/p>\n<p style=\"text-align: justify;\"><strong>Number of speakers<\/strong>: approximately 8,000, according to the website <em>Ethnologue.com<\/em>. Official sources point to a figure in the range of 10,000, but that probably refers to the whole of the population living in the Ingall region, which includes Tuareg camps.<\/p>\n<p style=\"text-align: justify;\"><strong>Status of the language<\/strong>: Tasawaq is an indigenous (or national) language; a status that means it must be promoted in various ways. The Nigerien authorities have stated that a law will in future determine how indigenous languages are to be promoted and developed. They have also said that indigenous languages will be the language of teaching in primary schools. The Department for the Teaching of National Languages was recently created within the Ministry of Basic Education and National Languages.<\/p>\n<p style=\"text-align: justify;\"><strong>Vitality and transmission<\/strong>: The language is essentially spoken in two domains. It is passed down through families, but is rarely spoken when trading (when Hausa or Tamasheq are usually preferred). I believe the language is in danger, given that the opportunities to speak it is are becoming ever fewer \u2013 it is absent from public spaces, commercial activity (Hausa and Tamajaq dominate; at school teachers use Hausa outside of the classroom, in administration it is Hausa which dominates once more. Native speakers of Tasawaq are mostly bilingual (Tasawaq\/Tamajaq) from an early age.<\/p>\n<p style=\"text-align: justify;\">\n<h5 style=\"text-align: justify;\">Historical and ethnographical observations<\/h5>\n<p style=\"text-align: justify;\">The historical origins of Tasawq are not yet clear. It is said that Tasawaq is an archaic form of <a href=\"https:\/\/www.sorosoro.org\/en\/songhay-languages\">Songhay<\/a>, which evolved as a result of contact with Tamasheq and Hausa. Speakers of the language are known as Isawaghan, but don\u2019t believe they belong to a Tuareg tribe, nor do they call themselves Songhay, even if Nigerien administrators consider them as such. All adults are bilingual in (Tamasheq\/Tasawaq), while seasonal migrant workers and schoolchildren are sometimes trilngual (Hausa\/Tamasheq\/ Tasawaq).<\/p>\n<p style=\"text-align: justify;\">\n<h5 style=\"text-align: justify;\">Linguistic observations<\/h5>\n<p style=\"text-align: justify;\">Vocabulary is drawn from Songhay, Tamajaq and Arabic. We can see that numbers in Tasawaq from 1 to 5 are the same as in Songhay. Beyond that, up to 20 we can see a similarity with Arabic (sita, which is six), and 100 is temede (which comes from Tamajaq). Compound numbers come from Arabic, Tamajaq and Songhay (e.g. ashirin nda hinka, which is 22). As for technical terms, we can see that when denoting animals, Tasawaq uses Tamajag vocabulary to specify males or females, generally with a Songhay base. For example, there is y\u00f3 (the Songhay word for male camel), t\u00e9r\u00edg\u00e0n (Tamajaq for she-camel), h\u00e0aw\u00ec\u00a0(Songhay for cow), and \u00e0m\u00e0ka (Tamajag for bull). Religious terms in Tasawaq are similar to those in Arabic, but that is not peculiar to Tasawaq as such borrowings are common in other Nigerien languages. However, Tasawaq keeps the Arabic article, something that perhaps makes it different. For example, they use alqali (judge), and alliman (imam).<\/p>\n<p style=\"text-align: justify;\">\n<h5 style=\"text-align: justify;\">Bibliography<\/h5>\n<p style=\"text-align: justify;\">Nicola\u00ef, R (1979). <em>Le songhay septentrional (\u00e9tudes phon\u00e9matiques)<\/em>, premi\u00e8re partie: les parlers du groupe nomade, bulletin de l\u2019IFAN, tome 41, s\u00e9rie B,n\u00b01, 2, 3, 4, Dakar.<\/p>\n<p style=\"text-align: justify;\">Alidou, O (1988). E<em>squisse grammaticale d&#8217;une langue dite &#8220;mixte&#8221;: le tasawaq d&#8217;ingall<\/em>. Universit\u00e9 de Niamey.<\/p>\n<p style=\"text-align: justify;\">Sidib\u00e9, A (2010). &#8220;Proc\u00e9d\u00e9s de pluralisation et marques du pluriel dans une langue dite \u00ab mixte \u00bb : le tasawaq d\u2019Ingall&#8221;, <em>Nordic Journal of African Studies<\/em> 19(2) : 108\u2013123.<\/p>\n<p style=\"text-align: justify;\">Sidib\u00e9, A (2010). &#8220;Les extensions verbales dans le tasawaq&#8221;, <em>Etudes Sah\u00e9liennes<\/em>, n\u00b04.<\/p>\n<p style=\"text-align: justify;\">\n<h5 style=\"text-align: justify;\">Links<\/h5>\n<p style=\"text-align: justify;\"><a href=\"http:\/\/www.ethnologue.com\/show_language.asp?code=twq\" target=\"_blank\">Page devoted to Tasawaq on\u00a0<em>Ethnologue.com<\/em><\/a><\/p>\n<p style=\"text-align: justify;\">\n<p style=\"text-align: justify;\">\n<p style=\"text-align: justify;\">\n<p style=\"text-align: right;\"><em>Translated into English by Benjamin Dennis<\/em><\/p>\n","protected":false},"excerpt":{"rendered":"<p>Written by Sidib\u00e9 Alimata Ou\u00e9draogo, lecturer and researcher at Abdou Moumouni University in Niamey. Data on the Tasawaq language Alternative names: Ingalci, Ingelshi. Classification: Tasawaq can be seen as a variant of Northern Songhay, and is strongly influenced by the neighbouring Hausa and Tamazight languages. Area: Niger, in the towns of Ingall and Teguidda-n-Tessoumt, near [&hellip;]<\/p>\n","protected":false},"author":18,"featured_media":0,"parent":0,"menu_order":0,"comment_status":"closed","ping_status":"open","template":"","meta":{"footnotes":""},"class_list":["post-60742","page","type-page","status-publish","hentry"],"yoast_head":"<!-- This site is optimized with the Yoast SEO plugin v27.0 - https:\/\/yoast.com\/product\/yoast-seo-wordpress\/ -->\n<title>Tasawaq - Sorosoro<\/title>\n<meta name=\"robots\" content=\"index, follow, max-snippet:-1, max-image-preview:large, max-video-preview:-1\" \/>\n<link rel=\"canonical\" href=\"https:\/\/www.sorosoro.org\/en\/tasawaq\/\" \/>\n<meta property=\"og:locale\" content=\"en_US\" \/>\n<meta property=\"og:type\" content=\"article\" \/>\n<meta property=\"og:title\" content=\"Tasawaq - Sorosoro\" \/>\n<meta property=\"og:description\" content=\"Written by Sidib\u00e9 Alimata Ou\u00e9draogo, lecturer and researcher at Abdou Moumouni University in Niamey. Data on the Tasawaq language Alternative names: Ingalci, Ingelshi. Classification: Tasawaq can be seen as a variant of Northern Songhay, and is strongly influenced by the neighbouring Hausa and Tamazight languages. Area: Niger, in the towns of Ingall and Teguidda-n-Tessoumt, near [&hellip;]\" \/>\n<meta property=\"og:url\" content=\"https:\/\/www.sorosoro.org\/en\/tasawaq\/\" \/>\n<meta property=\"og:site_name\" content=\"Sorosoro\" \/>\n<meta property=\"article:modified_time\" content=\"2011-11-07T10:15:39+00:00\" \/>\n<meta name=\"twitter:card\" content=\"summary_large_image\" \/>\n<meta name=\"twitter:label1\" content=\"Est. reading time\" \/>\n\t<meta name=\"twitter:data1\" content=\"3 minutes\" \/>\n<script type=\"application\/ld+json\" class=\"yoast-schema-graph\">{\"@context\":\"https:\/\/schema.org\",\"@graph\":[{\"@type\":\"WebPage\",\"@id\":\"https:\/\/www.sorosoro.org\/en\/tasawaq\/\",\"url\":\"https:\/\/www.sorosoro.org\/en\/tasawaq\/\",\"name\":\"Tasawaq - Sorosoro\",\"isPartOf\":{\"@id\":\"https:\/\/www.sorosoro.org\/en\/#website\"},\"datePublished\":\"2011-11-07T09:28:38+00:00\",\"dateModified\":\"2011-11-07T10:15:39+00:00\",\"breadcrumb\":{\"@id\":\"https:\/\/www.sorosoro.org\/en\/tasawaq\/#breadcrumb\"},\"inLanguage\":\"en-US\",\"potentialAction\":[{\"@type\":\"ReadAction\",\"target\":[\"https:\/\/www.sorosoro.org\/en\/tasawaq\/\"]}]},{\"@type\":\"BreadcrumbList\",\"@id\":\"https:\/\/www.sorosoro.org\/en\/tasawaq\/#breadcrumb\",\"itemListElement\":[{\"@type\":\"ListItem\",\"position\":1,\"name\":\"Accueil\",\"item\":\"https:\/\/www.sorosoro.org\/en\/\"},{\"@type\":\"ListItem\",\"position\":2,\"name\":\"Tasawaq\"}]},{\"@type\":\"WebSite\",\"@id\":\"https:\/\/www.sorosoro.org\/en\/#website\",\"url\":\"https:\/\/www.sorosoro.org\/en\/\",\"name\":\"Sorosoro\",\"description\":\"Pour que vivent les langues du monde !\",\"potentialAction\":[{\"@type\":\"SearchAction\",\"target\":{\"@type\":\"EntryPoint\",\"urlTemplate\":\"https:\/\/www.sorosoro.org\/en\/?s={search_term_string}\"},\"query-input\":{\"@type\":\"PropertyValueSpecification\",\"valueRequired\":true,\"valueName\":\"search_term_string\"}}],\"inLanguage\":\"en-US\"}]}<\/script>\n<!-- \/ Yoast SEO plugin. -->","yoast_head_json":{"title":"Tasawaq - Sorosoro","robots":{"index":"index","follow":"follow","max-snippet":"max-snippet:-1","max-image-preview":"max-image-preview:large","max-video-preview":"max-video-preview:-1"},"canonical":"https:\/\/www.sorosoro.org\/en\/tasawaq\/","og_locale":"en_US","og_type":"article","og_title":"Tasawaq - Sorosoro","og_description":"Written by Sidib\u00e9 Alimata Ou\u00e9draogo, lecturer and researcher at Abdou Moumouni University in Niamey. Data on the Tasawaq language Alternative names: Ingalci, Ingelshi. Classification: Tasawaq can be seen as a variant of Northern Songhay, and is strongly influenced by the neighbouring Hausa and Tamazight languages. Area: Niger, in the towns of Ingall and Teguidda-n-Tessoumt, near [&hellip;]","og_url":"https:\/\/www.sorosoro.org\/en\/tasawaq\/","og_site_name":"Sorosoro","article_modified_time":"2011-11-07T10:15:39+00:00","twitter_card":"summary_large_image","twitter_misc":{"Est. reading time":"3 minutes"},"schema":{"@context":"https:\/\/schema.org","@graph":[{"@type":"WebPage","@id":"https:\/\/www.sorosoro.org\/en\/tasawaq\/","url":"https:\/\/www.sorosoro.org\/en\/tasawaq\/","name":"Tasawaq - Sorosoro","isPartOf":{"@id":"https:\/\/www.sorosoro.org\/en\/#website"},"datePublished":"2011-11-07T09:28:38+00:00","dateModified":"2011-11-07T10:15:39+00:00","breadcrumb":{"@id":"https:\/\/www.sorosoro.org\/en\/tasawaq\/#breadcrumb"},"inLanguage":"en-US","potentialAction":[{"@type":"ReadAction","target":["https:\/\/www.sorosoro.org\/en\/tasawaq\/"]}]},{"@type":"BreadcrumbList","@id":"https:\/\/www.sorosoro.org\/en\/tasawaq\/#breadcrumb","itemListElement":[{"@type":"ListItem","position":1,"name":"Accueil","item":"https:\/\/www.sorosoro.org\/en\/"},{"@type":"ListItem","position":2,"name":"Tasawaq"}]},{"@type":"WebSite","@id":"https:\/\/www.sorosoro.org\/en\/#website","url":"https:\/\/www.sorosoro.org\/en\/","name":"Sorosoro","description":"Pour que vivent les langues du monde !","potentialAction":[{"@type":"SearchAction","target":{"@type":"EntryPoint","urlTemplate":"https:\/\/www.sorosoro.org\/en\/?s={search_term_string}"},"query-input":{"@type":"PropertyValueSpecification","valueRequired":true,"valueName":"search_term_string"}}],"inLanguage":"en-US"}]}},"_links":{"self":[{"href":"https:\/\/www.sorosoro.org\/en\/wp-json\/wp\/v2\/pages\/60742","targetHints":{"allow":["GET"]}}],"collection":[{"href":"https:\/\/www.sorosoro.org\/en\/wp-json\/wp\/v2\/pages"}],"about":[{"href":"https:\/\/www.sorosoro.org\/en\/wp-json\/wp\/v2\/types\/page"}],"author":[{"embeddable":true,"href":"https:\/\/www.sorosoro.org\/en\/wp-json\/wp\/v2\/users\/18"}],"replies":[{"embeddable":true,"href":"https:\/\/www.sorosoro.org\/en\/wp-json\/wp\/v2\/comments?post=60742"}],"version-history":[{"count":0,"href":"https:\/\/www.sorosoro.org\/en\/wp-json\/wp\/v2\/pages\/60742\/revisions"}],"wp:attachment":[{"href":"https:\/\/www.sorosoro.org\/en\/wp-json\/wp\/v2\/media?parent=60742"}],"curies":[{"name":"wp","href":"https:\/\/api.w.org\/{rel}","templated":true}]}}