{"id":60562,"date":"2011-11-03T17:30:07","date_gmt":"2011-11-03T16:30:07","guid":{"rendered":"http:\/\/www.sorosoro.org\/?page_id=60562"},"modified":"2011-11-14T21:27:45","modified_gmt":"2011-11-14T20:27:45","slug":"korandje","status":"publish","type":"page","link":"https:\/\/www.sorosoro.org\/en\/korandje\/","title":{"rendered":"Korandje"},"content":{"rendered":"<p style=\"text-align: justify;\"><em>Page created by: <strong>Lameen Souag<\/strong>, post-doctoral fellow, School of Oriental and African Studies (London), 2011.<\/em><\/p>\n<p style=\"text-align: justify;\">\n<div id=\"attachment_60538\" style=\"width: 313px\" class=\"wp-caption aligncenter\"><img loading=\"lazy\" decoding=\"async\" aria-describedby=\"caption-attachment-60538\" class=\"size-full wp-image-60538\" title=\"korandje\" src=\"http:\/\/www.sorosoro.org\/wp-content\/uploads\/korandje.jpg\" alt=\"Photo credits: Lameen Souag\" width=\"303\" height=\"227\" srcset=\"https:\/\/www.sorosoro.org\/wp-content\/uploads\/korandje.jpg 303w, https:\/\/www.sorosoro.org\/wp-content\/uploads\/korandje-300x224.jpg 300w\" sizes=\"auto, (max-width: 303px) 100vw, 303px\" \/><p id=\"caption-attachment-60538\" class=\"wp-caption-text\">Photo credits: Lameen Souag<\/p><\/div>\n<h5 style=\"text-align: justify;\">Data on the Korandje language<\/h5>\n<p style=\"text-align: justify;\"><strong>Alternative names<\/strong>: K\u02b7a\u0323r\u0323a n dzy\u0259y (Kwarandzyey, lit. village&#8217;s language), Belbali<\/p>\n<p style=\"text-align: justify;\"><strong>Classification<\/strong>: Northern <a href=\"https:\/\/www.sorosoro.org\/en\/songhay-languages\">Songhay<\/a><\/p>\n<p style=\"text-align: justify;\"><strong>Main dialects<\/strong>: There are some small linguistic differences between the two main villages, K\u02b7a\u0323r\u0323a (Zaou\u00efa) and Ifr\u0259nyu (Chera\u00efa.)<\/p>\n<p style=\"text-align: justify;\"><strong>Geographic area<\/strong>: Tabelbala oasis, in southwestern Algeria between B\u00e9char and Tindouf.<\/p>\n<p style=\"text-align: justify;\"><strong>Number of speakers<\/strong>: ~3000 (the population of the oasis excluding the Arabic-speaking village in the middle)<\/p>\n<p style=\"text-align: justify;\"><strong>Language status<\/strong>: Language with no official status<\/p>\n<p style=\"text-align: justify;\"><strong>Vitality<\/strong>: Endangered; most parents no longer speak the language to their children, choosing instead to use Arabic. It is still spoken, however, by all native Belbalis (inhabitants of Tabelbala) over the age of 35 and by most over the age of 15. Children often learn the language from their older friends.<\/p>\n<p style=\"text-align: justify;\"><strong>Media, literature and teaching<\/strong>: Korandje is not taught in schools, and no books have ever been published in the language; it is used occasionally, however, for writing personal messages. There are also a few songs which are sold locally on cassette tapes.<\/p>\n<p style=\"text-align: justify;\">\n<h5 style=\"text-align: justify;\">Historical details<\/h5>\n<p style=\"text-align: justify;\">The presence of a Northern Songhay language so far from its place of origin remains something of a mystery. It is, however, likely to be a result of the expansion of trade between Timbuktu and Sijilmasa around the 13th century, which would have required an expansion of agriculture in the oasis areas along the trade routes. A small number of loanwords from a Berber language very similar to the Zenaga language of modern-day Mauritania probably also date from this period. In the centuries that followed, Tabelbala began to expand, and Sidi Makhlouf ben Ali el-Belbali (died 1533), a scholar known for his fatwas on slavery, was born there. Following a decline in trade in the 16th century, the role of the oasis diminished. Those who remained there, however, have continued to speak Korandje up to the present, and it even became the mother tongue of a large number of Berber and Arab families.<\/p>\n<p style=\"text-align: justify;\">\n<h5 style=\"text-align: justify;\">Ethnographical details<\/h5>\n<p style=\"text-align: justify;\">According to their own traditions, the Belbalis are of very diverse origins \u2013 Arab, Berber, Black African etc. They are all Muslims, and the long history of Islam there can be seen in the fact that a large number of religious terms are either Berber loanwords (ex. <em>tsizb\u0259r\u0323r\u0323\u0259n <\/em>\u201cDhuhr prayer\u201d, <em>tsak\u02b7z\u0323z\u0323\u0259n <\/em>\u201cAsr prayer\u201d) or have been retained from Songhay (<em>h\u0259ymu <\/em>\u201cfast\u201d, <em>g\u0259nga <\/em>\u201cpray\u201d.) Like other inhabitants of the region\u2019s oases, they are sedentary farmers, mainly growing date palms which are often irrigated by long underground canals (<em>foggaras<\/em>). They lived in fortified villages, ksars, until the mid-20th Century. They formerly also engaged in hunting, notably for ostriches (which died out in the area almost a century ago) and gazelles.  An ethnography of Tabelbala was written by Champault (1969).<\/p>\n<p style=\"text-align: justify;\">\n<h5 style=\"text-align: justify;\">Sociolinguistic details<\/h5>\n<p style=\"text-align: justify;\">While the Korandje language has supporters who see it as an important part of their heritage, in general Korandje is not viewed positively in Tabelbala. Its detractors, including some Belbalis, consider it as a barrier to studying, useless outside the oasis and of little use even there. Its essential function of affirming the solidarity of the Belbali community has been eroded by a lack of economic opportunity in the oasis, by internal divisions, and by immigration.<\/p>\n<p style=\"text-align: justify;\">\n<h5 style=\"text-align: justify;\">Linguistic details<\/h5>\n<p style=\"text-align: justify;\">Korandje has undergone significant sound changes relative to proto-Songhay, notably: the loss of tone, which has created a number of homophones; the adoption of pharyngeal and emphatic consonants via loanwords; the affrication of dental plosives; the loss of syllable-final \/r\/, which has changed the vowel system; and the change of \/l\/ to \/r\/.<\/p>\n<p style=\"text-align: justify;\">Korandje is very heavily influenced by Berber and Arabic: most basic vocabulary is of Songhay origin, but most of the vocabulary as a whole is not. For example, only the numbers 1 to 3 (affu, inka, inz\u0323a) are of Songhay origin; all the rest come from Arabic (r\u0323\u0259b\u0295a, x\u0259msa, s\u0259ttsa&#8230;). As for colours, black (bib\u0259y), white (kwa\u0323r\u0323\u0259y), and red (tsir\u0259y) are of Songhay origin; yellow (ya\u0323r\u0323a), blue\/green (z\u0259gz\u0259g), and grey (g\u02b7\u0259d\u0323r\u0323a\u0323) are of Berber origin; and green (l\u0259xd\u0323\u0259r\u0323) and henna-coloured (\u0127\u0259nnawi) are of Arabic origin. Berber and Arabic plurals are retained, and are even occasionally extended to words of Songhay origin (eg, tsa\u0323r\u0323\u0259\u0323w \u201cspoon\u201d, pl. tsir\u0323aw\u0259n). The Arabic factitive is also productive for Arabic loanwords (eg, y\u0259xwa \u201cto be empty\u201d becomes x\u0259wwa \u201cto empty\u201d). Even the syntax has been influenced: for example, agreement between verb and subject has become almost obligatory, and numerals below 10 are typically placed before the noun (\u0295a\u0161rin (n) a\u0323r\u0323u \u201ctwenty (of) man\u201d), characteristics normal in Arabic and Berber but impossible in Southern Songhay.<\/p>\n<p style=\"text-align: justify;\">Typologically, Korandje resembles other Northern Songhay languages: it uses the orders subject-verb-object, genitive-noun, and noun-adjective, and allows both prepositions and postpositions. It is the only language in the world known to obligatorily place the numeral between the noun and the adjective (for the numbers 1-10): ex. a\u0323d\u0323r\u0323a\u0323 inz\u0323a bya-\u0263-yu (mountain three big-this-pl.) \u201cthese three large mountains\u201d. Another remarkable phenomenon is the agreement of the comitative preposition indza \u201cwith\u201d with the subject, ex. \u0295a-dd\u0259r \u0295-indz-a (I-go I-with-him) \u201cI went with him.\u201d<\/p>\n<p style=\"text-align: justify;\"><strong>Example<\/strong>:<\/p>\n<p style=\"text-align: justify;\">(Arabic loanwords are in red, Berber loanwords in blue. Imp=Imperfect, Caus=Causative.)<\/p>\n<table border=\"0\" cellspacing=\"5\">\n<tbody>\n<tr>\n<td>i-b-<span style=\"color: #ff0000;\">y\u0259sk\u028an<br \/>\n<\/span><\/td>\n<td><span style=\"color: #ff0000;\">\u03b3ir <\/span>labu \tn \tga\u0323-i-ka,<\/td>\n<td><span style=\"color: #ff0000;\">\u0127ar <\/span>k\u02b7a\u0323r\u0323a \tzzinu \t\u0263una.<\/td>\n<\/tr>\n<tr>\n<td>They-Imp-<span style=\"color: #ff0000;\">live<\/span><span style=\"color: #ff0000;\"> <\/span><\/td>\n<td><span style=\"color: #ff0000;\"> <\/span><span style=\"color: #ff0000;\">just <\/span>clay\tGenitive\thouse-s-in<\/td>\n<td><span style=\"color: #ff0000;\">like <\/span>village\told\tthat<\/td>\n<\/tr>\n<\/tbody>\n<\/table>\n<p style=\"text-align: justify;\">\u201cThey were living only in clay houses, like that old village.\u201d<\/p>\n<table border=\"0\" cellspacing=\"5\">\n<tbody>\n<tr>\n<td>iri \ti-b-gwa\u0323-ndz-a \t<span style=\"color: #0000ff;\">t\u0259zz\u0259nts<\/span>-ka,<\/td>\n<td>kikk \tkam\u0259l \t\u0259gga\u0323<\/td>\n<td><span style=\"color: #0000ff;\">tsa\u0323r\u0323ga <\/span>a-b-zru.<\/td>\n<\/tr>\n<tr>\n<td>water  they-Imp-stay-Caus-it <span style=\"color: #0000ff;\">basin<\/span>-in,<\/td>\n<td>night\twhole\tPast<\/td>\n<td><span style=\"color: #0000ff;\">canal <\/span>it-Imp-flow<\/td>\n<\/tr>\n<\/tbody>\n<\/table>\n<p style=\"text-align: justify;\">\u201cThe water, they would put it in the basin \u2013 the canal used to flow all night.\u201d<\/p>\n<p style=\"text-align: justify;\">\n<h5 style=\"text-align: justify;\">Bibliography<\/h5>\n<p style=\"text-align: justify;\">Cancel, Lt. 1908. &#8220;Etude sur le dialecte de Tabelbala&#8221;. <a href=\"http:\/\/www.algerie-ancienne.com\/livres\/Revue\/51_60\/Volume_52.zip\" target=\"_blank\"><em>Revue Africaine<\/em> 270-271<\/a>. 302-347.<\/p>\n<p style=\"text-align: justify;\">Champault, Francine Dominique. 1969. <em>Une oasis du Sahara nord-occidental : Tabelbala<\/em>. Paris: CNRS.<\/p>\n<p style=\"text-align: justify;\">Kossmann, Maarten. 2004a. &#8220;Mood\/Aspect\/Negation Morphemes in Tabelbala Songhay (Korandje)&#8221;.<em> Afrika und \u00dcbersee<\/em> 87. 131-153.<\/p>\n<p style=\"text-align: justify;\">Souag, Lameen. 2010a. &#8220;The Western Berber Stratum in Kwarandzyey&#8221;, in ed. D. Ibriszimow, M. Kossmann, H. Stroomer, R. Vossen. <em>\u00c9tudes berb\u00e8res V \u2013 Essais sur des variations dialectales et autres articles<\/em>.  K\u00f6ln: R\u00fcdiger K\u00f6ppe.<\/p>\n<p style=\"text-align: justify;\">Souag, Lameen. 2010b. <a href=\"https:\/\/docs.google.com\/leaf?id=0B_UZSIKKOwdpZmM5MGFiYzgtNDRjNS00NDgwLWJmODktMzM0NmRlYmNiNTEy&amp;hl=en&amp;authkey=CMW1lbgL\" target=\"_blank\"><em>Grammatical Contact in the Sahara: Arabic, Berber, and Songhay in Tabelbala and Siwa<\/em><\/a>. PhD dissertation (SOAS).<\/p>\n<p style=\"text-align: justify;\">Souag,  Lameen. fc. &#8220;Writing &#8216;Shelha&#8217; in new media: Emergent non-Arabic literacy  in Southwestern Algeria&#8221;.  Forthcoming in ed. Meikal Mumin and Kees  Versteegh, <em>Proceedings of TASIA<\/em>.<\/p>\n<p style=\"text-align: justify;\">Tilmatine,  Mohamed. 1991. &#8220;Tabelbala: Eine Songhay Sprachinsel in der Algerischen  Sahara&#8221;, in ed. Daniela Mendel and Ulrike Claudi. A<em>frikanistische Arbeitspapiere, Sondernmmer: \u00c4gypten im afro-asiatischen Kontext<\/em>. Cologne: Universit\u00e9 de Cologne.<\/p>\n<p style=\"text-align: justify;\">Tilmatine,  Mohamed. 1996. &#8220;Un parler berb\u00e8ro-songhay du sud-ouest alg\u00e9rien  (Tabelbala): Elements d\u2019histoire et de linguistique&#8221;. <a href=\"http:\/\/www.berberemultimedia.fr\/etudes_docum\/edb_14.pdf\" target=\"_blank\"><em>Etudes et Documents Berb\u00e8res<\/em> 14<\/a>. 163-198.<\/p>\n<p style=\"text-align: justify;\">\n<h5 style=\"text-align: justify;\">Links<\/h5>\n<p style=\"text-align: justify;\"><a href=\"http:\/\/lingweb.eva.mpg.de\/numeral\/Korandje.htm\" target=\"_blank\">Korandj\u00e9 numerals<\/a><\/p>\n<p><a href=\"http:\/\/sites.google.com\/site\/lameen\/northern-songhay\" target=\"_blank\">Northern Songhay<\/a><\/p>\n<p style=\"text-align: justify;\">\n<p style=\"text-align: justify;\">\n","protected":false},"excerpt":{"rendered":"<p>Page created by: Lameen Souag, post-doctoral fellow, School of Oriental and African Studies (London), 2011. Data on the Korandje language Alternative names: K\u02b7a\u0323r\u0323a n dzy\u0259y (Kwarandzyey, lit. village&#8217;s language), Belbali Classification: Northern Songhay Main dialects: There are some small linguistic differences between the two main villages, K\u02b7a\u0323r\u0323a (Zaou\u00efa) and Ifr\u0259nyu (Chera\u00efa.) Geographic area: Tabelbala oasis, [&hellip;]<\/p>\n","protected":false},"author":18,"featured_media":0,"parent":0,"menu_order":0,"comment_status":"closed","ping_status":"open","template":"","meta":{"footnotes":""},"class_list":["post-60562","page","type-page","status-publish","hentry"],"yoast_head":"<!-- This site is optimized with the Yoast SEO plugin v27.0 - https:\/\/yoast.com\/product\/yoast-seo-wordpress\/ -->\n<title>Korandje - Sorosoro<\/title>\n<meta name=\"robots\" content=\"index, follow, max-snippet:-1, max-image-preview:large, max-video-preview:-1\" \/>\n<link rel=\"canonical\" href=\"https:\/\/www.sorosoro.org\/en\/korandje\/\" \/>\n<meta property=\"og:locale\" content=\"en_US\" \/>\n<meta property=\"og:type\" content=\"article\" \/>\n<meta property=\"og:title\" content=\"Korandje - Sorosoro\" \/>\n<meta property=\"og:description\" content=\"Page created by: Lameen Souag, post-doctoral fellow, School of Oriental and African Studies (London), 2011. Data on the Korandje language Alternative names: K\u02b7a\u0323r\u0323a n dzy\u0259y (Kwarandzyey, lit. village&#8217;s language), Belbali Classification: Northern Songhay Main dialects: There are some small linguistic differences between the two main villages, K\u02b7a\u0323r\u0323a (Zaou\u00efa) and Ifr\u0259nyu (Chera\u00efa.) Geographic area: Tabelbala oasis, [&hellip;]\" \/>\n<meta property=\"og:url\" content=\"https:\/\/www.sorosoro.org\/en\/korandje\/\" \/>\n<meta property=\"og:site_name\" content=\"Sorosoro\" \/>\n<meta property=\"article:modified_time\" content=\"2011-11-14T20:27:45+00:00\" \/>\n<meta property=\"og:image\" content=\"http:\/\/www.sorosoro.org\/wp-content\/uploads\/korandje.jpg\" \/>\n<meta name=\"twitter:card\" content=\"summary_large_image\" \/>\n<meta name=\"twitter:label1\" content=\"Est. reading time\" \/>\n\t<meta name=\"twitter:data1\" content=\"6 minutes\" \/>\n<script type=\"application\/ld+json\" class=\"yoast-schema-graph\">{\"@context\":\"https:\/\/schema.org\",\"@graph\":[{\"@type\":\"WebPage\",\"@id\":\"https:\/\/www.sorosoro.org\/en\/korandje\/\",\"url\":\"https:\/\/www.sorosoro.org\/en\/korandje\/\",\"name\":\"Korandje - Sorosoro\",\"isPartOf\":{\"@id\":\"https:\/\/www.sorosoro.org\/en\/#website\"},\"primaryImageOfPage\":{\"@id\":\"https:\/\/www.sorosoro.org\/en\/korandje\/#primaryimage\"},\"image\":{\"@id\":\"https:\/\/www.sorosoro.org\/en\/korandje\/#primaryimage\"},\"thumbnailUrl\":\"http:\/\/www.sorosoro.org\/wp-content\/uploads\/korandje.jpg\",\"datePublished\":\"2011-11-03T16:30:07+00:00\",\"dateModified\":\"2011-11-14T20:27:45+00:00\",\"breadcrumb\":{\"@id\":\"https:\/\/www.sorosoro.org\/en\/korandje\/#breadcrumb\"},\"inLanguage\":\"en-US\",\"potentialAction\":[{\"@type\":\"ReadAction\",\"target\":[\"https:\/\/www.sorosoro.org\/en\/korandje\/\"]}]},{\"@type\":\"ImageObject\",\"inLanguage\":\"en-US\",\"@id\":\"https:\/\/www.sorosoro.org\/en\/korandje\/#primaryimage\",\"url\":\"http:\/\/www.sorosoro.org\/wp-content\/uploads\/korandje.jpg\",\"contentUrl\":\"http:\/\/www.sorosoro.org\/wp-content\/uploads\/korandje.jpg\"},{\"@type\":\"BreadcrumbList\",\"@id\":\"https:\/\/www.sorosoro.org\/en\/korandje\/#breadcrumb\",\"itemListElement\":[{\"@type\":\"ListItem\",\"position\":1,\"name\":\"Accueil\",\"item\":\"https:\/\/www.sorosoro.org\/en\/\"},{\"@type\":\"ListItem\",\"position\":2,\"name\":\"Korandje\"}]},{\"@type\":\"WebSite\",\"@id\":\"https:\/\/www.sorosoro.org\/en\/#website\",\"url\":\"https:\/\/www.sorosoro.org\/en\/\",\"name\":\"Sorosoro\",\"description\":\"Pour que vivent les langues du monde !\",\"potentialAction\":[{\"@type\":\"SearchAction\",\"target\":{\"@type\":\"EntryPoint\",\"urlTemplate\":\"https:\/\/www.sorosoro.org\/en\/?s={search_term_string}\"},\"query-input\":{\"@type\":\"PropertyValueSpecification\",\"valueRequired\":true,\"valueName\":\"search_term_string\"}}],\"inLanguage\":\"en-US\"}]}<\/script>\n<!-- \/ Yoast SEO plugin. -->","yoast_head_json":{"title":"Korandje - Sorosoro","robots":{"index":"index","follow":"follow","max-snippet":"max-snippet:-1","max-image-preview":"max-image-preview:large","max-video-preview":"max-video-preview:-1"},"canonical":"https:\/\/www.sorosoro.org\/en\/korandje\/","og_locale":"en_US","og_type":"article","og_title":"Korandje - Sorosoro","og_description":"Page created by: Lameen Souag, post-doctoral fellow, School of Oriental and African Studies (London), 2011. Data on the Korandje language Alternative names: K\u02b7a\u0323r\u0323a n dzy\u0259y (Kwarandzyey, lit. village&#8217;s language), Belbali Classification: Northern Songhay Main dialects: There are some small linguistic differences between the two main villages, K\u02b7a\u0323r\u0323a (Zaou\u00efa) and Ifr\u0259nyu (Chera\u00efa.) Geographic area: Tabelbala oasis, [&hellip;]","og_url":"https:\/\/www.sorosoro.org\/en\/korandje\/","og_site_name":"Sorosoro","article_modified_time":"2011-11-14T20:27:45+00:00","og_image":[{"url":"http:\/\/www.sorosoro.org\/wp-content\/uploads\/korandje.jpg","type":"","width":"","height":""}],"twitter_card":"summary_large_image","twitter_misc":{"Est. reading time":"6 minutes"},"schema":{"@context":"https:\/\/schema.org","@graph":[{"@type":"WebPage","@id":"https:\/\/www.sorosoro.org\/en\/korandje\/","url":"https:\/\/www.sorosoro.org\/en\/korandje\/","name":"Korandje - Sorosoro","isPartOf":{"@id":"https:\/\/www.sorosoro.org\/en\/#website"},"primaryImageOfPage":{"@id":"https:\/\/www.sorosoro.org\/en\/korandje\/#primaryimage"},"image":{"@id":"https:\/\/www.sorosoro.org\/en\/korandje\/#primaryimage"},"thumbnailUrl":"http:\/\/www.sorosoro.org\/wp-content\/uploads\/korandje.jpg","datePublished":"2011-11-03T16:30:07+00:00","dateModified":"2011-11-14T20:27:45+00:00","breadcrumb":{"@id":"https:\/\/www.sorosoro.org\/en\/korandje\/#breadcrumb"},"inLanguage":"en-US","potentialAction":[{"@type":"ReadAction","target":["https:\/\/www.sorosoro.org\/en\/korandje\/"]}]},{"@type":"ImageObject","inLanguage":"en-US","@id":"https:\/\/www.sorosoro.org\/en\/korandje\/#primaryimage","url":"http:\/\/www.sorosoro.org\/wp-content\/uploads\/korandje.jpg","contentUrl":"http:\/\/www.sorosoro.org\/wp-content\/uploads\/korandje.jpg"},{"@type":"BreadcrumbList","@id":"https:\/\/www.sorosoro.org\/en\/korandje\/#breadcrumb","itemListElement":[{"@type":"ListItem","position":1,"name":"Accueil","item":"https:\/\/www.sorosoro.org\/en\/"},{"@type":"ListItem","position":2,"name":"Korandje"}]},{"@type":"WebSite","@id":"https:\/\/www.sorosoro.org\/en\/#website","url":"https:\/\/www.sorosoro.org\/en\/","name":"Sorosoro","description":"Pour que vivent les langues du monde !","potentialAction":[{"@type":"SearchAction","target":{"@type":"EntryPoint","urlTemplate":"https:\/\/www.sorosoro.org\/en\/?s={search_term_string}"},"query-input":{"@type":"PropertyValueSpecification","valueRequired":true,"valueName":"search_term_string"}}],"inLanguage":"en-US"}]}},"_links":{"self":[{"href":"https:\/\/www.sorosoro.org\/en\/wp-json\/wp\/v2\/pages\/60562","targetHints":{"allow":["GET"]}}],"collection":[{"href":"https:\/\/www.sorosoro.org\/en\/wp-json\/wp\/v2\/pages"}],"about":[{"href":"https:\/\/www.sorosoro.org\/en\/wp-json\/wp\/v2\/types\/page"}],"author":[{"embeddable":true,"href":"https:\/\/www.sorosoro.org\/en\/wp-json\/wp\/v2\/users\/18"}],"replies":[{"embeddable":true,"href":"https:\/\/www.sorosoro.org\/en\/wp-json\/wp\/v2\/comments?post=60562"}],"version-history":[{"count":0,"href":"https:\/\/www.sorosoro.org\/en\/wp-json\/wp\/v2\/pages\/60562\/revisions"}],"wp:attachment":[{"href":"https:\/\/www.sorosoro.org\/en\/wp-json\/wp\/v2\/media?parent=60562"}],"curies":[{"name":"wp","href":"https:\/\/api.w.org\/{rel}","templated":true}]}}