{"id":60198,"date":"2011-10-28T09:58:02","date_gmt":"2011-10-28T07:58:02","guid":{"rendered":"http:\/\/www.sorosoro.org\/?page_id=60198"},"modified":"2011-10-28T09:58:02","modified_gmt":"2011-10-28T07:58:02","slug":"bororo","status":"publish","type":"page","link":"https:\/\/www.sorosoro.org\/en\/bororo\/","title":{"rendered":"Bororo"},"content":{"rendered":"<p style=\"text-align: justify;\"><em>Data collected by UNICEF<\/em><\/p>\n<h5 style=\"text-align: justify;\">Data on the Bororo language<\/h5>\n<p style=\"text-align: justify;\"><strong>Alternative names<\/strong>: bor\u00f4ro, bororo oriental, coxipon\u00e9, araripocon\u00e9, ara\u00e9s, cuiab\u00e1, coroados, porrudos, boe, boe wadaru.<\/p>\n<p style=\"text-align: justify;\"><em>&#8220;Bororo&#8221; means &#8220;the people&#8217;s court&#8221;, the place in the Village where ceremonies take place. Although originating from Bororo, this name is an exo-ethnonym (name given by existing populations outside of the ethnic group), but it&#8217;s the most used name now-a-days. &#8220;Boe&#8221; refers to the self-naming of the people, &#8220;boe wadaru&#8221; refers to the self-naming of the language<\/em><\/p>\n<p style=\"text-align: justify;\"><strong>Classification<\/strong>: <a href=\"https:\/\/www.sorosoro.org\/en\/macro-je-language-family\">phylum Macro-J\u00ea<\/a>, bororo language.<\/p>\n<p style=\"text-align: justify;\"><em>Bororo is the last surviving Bororo language. All the other languages of this group have disappeared after colonization between the 18th and 20th centuries. Umutina was the last language to go extinct after the death of its last speaker in 1988.<\/em><\/p>\n<p style=\"text-align: justify;\"><em>Rodrigues (1999) linked the Bororo languages to the J\u00ea languages as well as to other small language families and isolates, in one &#8220;super-family&#8221;, macro-j\u00ea.<\/em><\/p>\n<p style=\"text-align: justify;\"><strong>Geographical Area<\/strong>: Brazil, State of Mato Grosso, 6 indigenous territories, occupying a discontinuous space in the extreme southwest of the state: Mer\u00fari, Tadarimana, Perigara, Sangradouro, Teresa Cristina and Jarudori.<\/p>\n<p style=\"text-align: justify;\">There probably are speakers to the East of the town of Aragar\u00e7as, in the State of Goi\u00e0s.<\/p>\n<p style=\"text-align: justify;\">Western Bororo disappeared at the end of the 20th century; the last speakers were in Bolivia. The language is no longer spoken.<\/p>\n<p style=\"text-align: justify;\">The traditional Bororo territory was 600 times what it is today, stretching from Bolivia (to the West), to the State of Goi\u00e0s (to the East), to the banks of the tributaries of the Xingu and of the Miranda to the North and South.<\/p>\n<p style=\"text-align: justify;\"><strong>Number of speakers<\/strong>: According to the <a href=\"http:\/\/www.socioambiental.org\/\" target=\"_blank\">ISA<\/a>, there are 1571 Bororos (FUNASA, 2010). It seems almost all are speakers of the ancestral language.<\/p>\n<p style=\"text-align: justify;\"><strong>Status<\/strong>: No official status.<\/p>\n<p style=\"text-align: justify;\">According to <em>Linguam\u00f3n<\/em>, &#8220;Portuguese is the only official language of Brazil. The current language legislation for other languages concerns only the educational realm, especially bilingual and intercultural primary education (exclusively in indigenous communities). In reality, there are very few qualified bilingual teachers.&#8221;<\/p>\n<p style=\"text-align: justify;\"><strong>Vitality and transmission<\/strong>: According to UNESCO, Bororo is an endangered language.<\/p>\n<p style=\"text-align: justify;\">Language transmission is however assured, and the entire eastern Bororo population is bilingual in Bororo and Portuguese. Bororo is the preferred language for informal communication within communities. Portuguese remains however, the language of prestige, and the youth are increasingly reluctant to use their ancestral language<\/p>\n<p style=\"text-align: justify;\">The survival of the last Bororo language is almost a miracle. Eastern Bororos have put a lot of energy in keeping their language alive as well protecting the parts of their culture that is essential to their identity.<\/p>\n<p style=\"text-align: justify;\"><strong>Teaching<\/strong>: Up to the 1970&#8217;s, teaching was in the hand of the Salesian missionaries and was only in Portuguese. Claims and demands from the Bororos in the 1970&#8217;s drove the missionaries to back-up and offer a bilingual education still in place today.<\/p>\n<p style=\"text-align: justify;\">\n<h5 style=\"text-align: justify;\">Historical details<\/h5>\n<p style=\"text-align: justify;\">The first contact with the colonizers was in the 17th century when the Jesuits missionaries arrived. In the eighteenth century, gold mining was developed in the region. Under the pressure of the garimpeiros (gold diggers), the Bororos split in two groups, Eastern Bororos (or <em>Coroados<\/em>) and Western Bororos (or <em>Campanhas<\/em>). They never reconnected.<\/p>\n<p style=\"text-align: justify;\">The Western Bororos disappeared during the second half of the 20th century (In Bolivia, only 4 were left in 1970). Eastern Bororos were isolated until the mid 19th century when a road was built to connect Mato Grosso to S\u00e3o Paulo and Minas Gerais. This road went through the S\u00e3o Louren\u00e7o valley where the Bororos lived. The building of this road gave rise to the most violent conflict in the history of colonization in Mato Grosso. During 50 years, a full-fledge war opposed the Bororos to the State, until the Bororos finally surrendered. When the war against the State was over, it was the diamond hunters turn to invade the region, destroying the environment and causing new conflicts with the Bororos.<\/p>\n<p style=\"text-align: justify;\">&#8220;Pacification&#8221; of the Bororos was then entrusted to the Salesian missionaries. This &#8220;pacification&#8221; and the Christianization of the Bororo people have greatly contributed to the near extermination of the cultural and linguistic Bororo community in Brazil.<\/p>\n<p style=\"text-align: justify;\">In other words, one can say that encounter with western society has resulted not only in the loss of most of the Bororo territory; it has also resulted in the near-extinction of its People.<\/p>\n<p style=\"text-align: justify;\">The Bororo population is thought to have been close to 10 000 in the 19th century. In 1979, Salesian census counted 626 Bororos.<\/p>\n<p style=\"text-align: justify;\">If population numbers have increased since the 1980&#8217;s (1571 in 2010), damages suffered by the Bororos are huge.<\/p>\n<p style=\"text-align: justify;\">The survival of the Bororo ethnic group as a whole was very precarious at one time. Although the situation seems a little less desperate now, threats to the Bororo language and culture have not altogether disappeared.<\/p>\n<p style=\"text-align: justify;\">\n<h5 style=\"text-align: justify;\">Ethnographic details<\/h5>\n<p style=\"text-align: justify;\">The Bororos are one of the Brazilian peoples studied by Claude L\u00e9vi-Strauss, who stayed in the village of Kejara in 1935. There is an extensive ethnographic literature about the Bororos, in comparison to which linguistic publications appear to be relatively few.<\/p>\n<p style=\"text-align: justify;\">The traditional political unit of the Bororos is the village (<em>Bo Ewa<\/em>). The village is a group of houses built in a circle at the center of which there is the men&#8217;s house (<em>Baito<\/em>). To the west of the Baito there is the ceremonial court (the Portuguese named the Bororo after this court) where the main Bororo ceremonies are held.<\/p>\n<p style=\"text-align: justify;\">Traditional ceremony is organized around 8 matrilineal clans divided in 2 exogamous halves (one can only marry someone from a clan belonging to the other half than the half one&#8217;s clan belongs to) called <em>Exerae<\/em> and <em>Tugar\u00e9ge<\/em>.<\/p>\n<p style=\"text-align: justify;\">The traditional political structure is centered around 3 main roles: the <em>Boe eijemera<\/em>, the traditional war lord and village representative; the <em>B\u00e1ri<\/em>, the shaman of the spirits and nature and the <em>Aroe Etawarare<\/em>, shaman of the dead souls. Today, the <em>Boe eijemera<\/em> represents his village in relations with the outside world, as well as with Brazilian society. In less traditional villages, the <em>Boe eijemera<\/em> is now elected.<\/p>\n<p style=\"text-align: justify;\">The traditional Bororo economy was based on hunting, fishing, gathering and &#8220;slash and burn &#8220;agriculture. With the &#8220;pacification&#8221;, the Bororo ceased to be nomads and there is no more gathering. Hunting and fishing although still existing, have greatly suffered from the decrease in animal population and environmental degradation. Slash and burn agriculture has therefore become the main livelihood activity.<\/p>\n<p style=\"text-align: justify;\">To this we can add the sale of handicrafts to tourists (increasing numbers of tourists are coming to this area) and the occasional farm work outside the village.<\/p>\n<p style=\"text-align: justify;\">The Bororos are a remarkable example of active resistance to the cultural pressure of national society. The persistence of ritual funerary practices (during which all economic activity is suspended) perfectly illustrates the Bororo&#8217;s strong will to resist assimilation. In the words of the anthropologist Sylvia Caiuby Novaes (1993): &#8220;Through these rituals, the Bororo&#8217;s transgress the order that the outside world is trying to impose on them and fight their forced integration in national society.&#8221;<\/p>\n<p style=\"text-align: justify;\">How much longer will the Bororo society, threatened by environmental degradation and poor sanitary conditions, victims of infectious disease and alcoholism, be able to maintain its cultural and linguistic identity? Nothing can guarantee their survival as an ethnic group in the medium term<\/p>\n<p style=\"text-align: justify;\">For further information on the Bororo&#8217;s, see the pages dedicated to them on the ISA website, <a href=\"http:\/\/pib.socioambiental.org\/en\/povo\/bororo\" target=\"_blank\"><em>Povos Ind\u00edgenas no Brasil<\/em><\/a>.<\/p>\n<p style=\"text-align: justify;\">As well as Claude L\u00e9vi-Strauss&#8217; work, of course.<\/p>\n<p style=\"text-align: justify;\">\n<h5 style=\"text-align: justify;\">Sources<\/h5>\n<p style=\"text-align: justify;\">Castro Alv\u00e8s, Flavia de (2010) <em>Brazil Amz\u00f3nico<\/em>. In \u00ab <a href=\"http:\/\/www.movilizando.org\/atlas_tomo1\/pages\/tomo_1.pdf\" target=\"_blank\">Atlas socioling\u00fc\u00edstico de pueblos ind\u00edgenas en Am\u00e9rica Latina<\/a> \u00bb, UNICEF. Tome 1, Pp 245- 264<\/p>\n<p style=\"text-align: justify;\">Fabre, Alain. 2005. <em>Diccionario etnoling\u00fc\u00edstico y gu\u00eda bibliogr\u00e1fica de los pueblos ind\u00edgenas sudamericanos<\/em>. <a href=\"http:\/\/butler.cc.tut.fi\/~fabre\/BookInternetVersio\/Dic=Bororo.pdf\" target=\"_blank\">Available online<\/a> [28\/07\/2011]<\/p>\n<p style=\"text-align: justify;\">\n<h5 style=\"text-align: justify;\">On-line sources<\/h5>\n<p style=\"text-align: justify;\"><a href=\"http:\/\/atlaspueblosindigenas.files.wordpress.com\/2010\/05\/bororo.pdf\" target=\"_blank\">Data collected by UNICEF aout the bororo\u00a0language<\/a> [28\/07\/2011]<\/p>\n<p style=\"text-align: justify;\"><a href=\"http:\/\/pib.socioambiental.org\/en\/povo\/bororo\" target=\"_blank\">Pages dedicated to the Bororo&#8217;s on the <em>Povos Ind\u00edgenas no Brasil<\/em> website<\/a> (in english\/portuguese)\u00a0 [28\/07\/2011]<\/p>\n<p style=\"text-align: justify;\"><a href=\"http:\/\/www10.gencat.net\/pres_casa_llengues\/AppJava\/frontend\/llengues_detall.jsp?id=708&amp;idioma=5\" target=\"_blank\">Page dedicated to the Bororo on the <em>Linguam\u00f3n<\/em> website<\/a> [28\/07\/2011]<\/p>\n<p style=\"text-align: justify;\">\n<h5 style=\"text-align: justify;\">Additional bibliography<\/h5>\n<p style=\"text-align: justify;\">Novaes, Sylvia Caiuby. 1993. <em>Jogo de espelhos: imagens da representa\u00e7\u00e3o de si atrav\u00e9s dos outros<\/em>. S\u00e3o Paulo: EDUSP.<\/p>\n<p style=\"text-align: justify;\">L\u00e9vi-Strauss, C. 1936. \u00ab Contribution \u00e0 l&#8217;\u00e9tude de l&#8217;organisation sociale des Indiens Bororo \u00bb, <em>Journal de la Soci\u00e9t\u00e9 des Am\u00e9ricanistes<\/em>, 28-2, 269-304.<\/p>\n<p style=\"text-align: justify;\">L\u00e9vi-Strauss, C. 1955.  <em>Tristes Tropiques<\/em>, Paris, Plon.<\/p>\n<p style=\"text-align: justify;\">Pudlowski, Charlotte. 2009.<em> <a href=\"http:\/\/www.slate.fr\/story\/13029\/que-sont-devenus-les-bororo\" target=\"_blank\">Que sont devenus les Bororo?<\/a><\/em>, Slate.fr.<\/p>\n<p style=\"text-align: justify;\">Rodrigues, Ayron D. 1999. \u00ab Macro-J\u00ea \u00bb In R.M.W. Dixon and Alexandra Y.Aikhenvald, (eds) <em>The Amazonian languages<\/em>,  Cambridge University Press.<\/p>\n<p style=\"text-align: justify;\">Rodrigues,  Aryon D. 2007. \u00ab O parentesco gen\u00e9tico das l\u00ednguas Umutina e Bor\u00f3ro \u00bb.  In: A.D. Rodrigues &amp; A.S.A.C. Cabral (eds.), <em>L\u00ednguas e culturas Macro-J\u00ea<\/em>: 9-18. Bras\u00edlia: Editora da UnB.<\/p>\n<p style=\"text-align: justify;\">Serpa, Paulo Marcos N. 2001. <em>Bororo<\/em><\/p>\n<p style=\"text-align: justify;\">Viana, Adriana M.S.2003. <em>Morfossintaxe da l\u00edngua Bor\u00f3ro. Exame de Qualifica\u00e7\u00e3o<\/em>. Bras\u00edlia: UnB (ms.)<\/p>\n<p style=\"text-align: justify;\">\n<p style=\"text-align: justify;\">See the <a href=\"http:\/\/www.movilizando.org\/atlas_tomo1\/pages\/tomo_1.pdf\" target=\"_blank\"><em>Atlas socioling\u00fc\u00edstico de pueblos ind\u00edgenas en Am\u00e9rica Latina<\/em><\/a> et <a href=\"http:\/\/butler.cc.tut.fi\/%7Efabre\/BookInternetVersio\/Dic=Maxakali.pdf\" target=\"_blank\">Fabre (2005)<\/a> for a more complete biography.<\/p>\n<p style=\"text-align: justify;\">\n","protected":false},"excerpt":{"rendered":"<p>Data collected by UNICEF Data on the Bororo language Alternative names: bor\u00f4ro, bororo oriental, coxipon\u00e9, araripocon\u00e9, ara\u00e9s, cuiab\u00e1, coroados, porrudos, boe, boe wadaru. &#8220;Bororo&#8221; means &#8220;the people&#8217;s court&#8221;, the place in the Village where ceremonies take place. Although originating from Bororo, this name is an exo-ethnonym (name given by existing populations outside of the ethnic [&hellip;]<\/p>\n","protected":false},"author":18,"featured_media":0,"parent":0,"menu_order":0,"comment_status":"closed","ping_status":"open","template":"","meta":{"footnotes":""},"class_list":["post-60198","page","type-page","status-publish","hentry"],"yoast_head":"<!-- This site is optimized with the Yoast SEO plugin v27.0 - https:\/\/yoast.com\/product\/yoast-seo-wordpress\/ -->\n<title>Bororo - Sorosoro<\/title>\n<meta name=\"robots\" content=\"index, follow, max-snippet:-1, max-image-preview:large, max-video-preview:-1\" \/>\n<link rel=\"canonical\" href=\"https:\/\/www.sorosoro.org\/en\/bororo\/\" \/>\n<meta property=\"og:locale\" content=\"en_US\" \/>\n<meta property=\"og:type\" content=\"article\" \/>\n<meta property=\"og:title\" content=\"Bororo - Sorosoro\" \/>\n<meta property=\"og:description\" content=\"Data collected by UNICEF Data on the Bororo language Alternative names: bor\u00f4ro, bororo oriental, coxipon\u00e9, araripocon\u00e9, ara\u00e9s, cuiab\u00e1, coroados, porrudos, boe, boe wadaru. &#8220;Bororo&#8221; means &#8220;the people&#8217;s court&#8221;, the place in the Village where ceremonies take place. Although originating from Bororo, this name is an exo-ethnonym (name given by existing populations outside of the ethnic [&hellip;]\" \/>\n<meta property=\"og:url\" content=\"https:\/\/www.sorosoro.org\/en\/bororo\/\" \/>\n<meta property=\"og:site_name\" content=\"Sorosoro\" \/>\n<meta name=\"twitter:card\" content=\"summary_large_image\" \/>\n<meta name=\"twitter:label1\" content=\"Est. reading time\" \/>\n\t<meta name=\"twitter:data1\" content=\"7 minutes\" \/>\n<script type=\"application\/ld+json\" class=\"yoast-schema-graph\">{\"@context\":\"https:\/\/schema.org\",\"@graph\":[{\"@type\":\"WebPage\",\"@id\":\"https:\/\/www.sorosoro.org\/en\/bororo\/\",\"url\":\"https:\/\/www.sorosoro.org\/en\/bororo\/\",\"name\":\"Bororo - Sorosoro\",\"isPartOf\":{\"@id\":\"https:\/\/www.sorosoro.org\/en\/#website\"},\"datePublished\":\"2011-10-28T07:58:02+00:00\",\"breadcrumb\":{\"@id\":\"https:\/\/www.sorosoro.org\/en\/bororo\/#breadcrumb\"},\"inLanguage\":\"en-US\",\"potentialAction\":[{\"@type\":\"ReadAction\",\"target\":[\"https:\/\/www.sorosoro.org\/en\/bororo\/\"]}]},{\"@type\":\"BreadcrumbList\",\"@id\":\"https:\/\/www.sorosoro.org\/en\/bororo\/#breadcrumb\",\"itemListElement\":[{\"@type\":\"ListItem\",\"position\":1,\"name\":\"Accueil\",\"item\":\"https:\/\/www.sorosoro.org\/en\/\"},{\"@type\":\"ListItem\",\"position\":2,\"name\":\"Bororo\"}]},{\"@type\":\"WebSite\",\"@id\":\"https:\/\/www.sorosoro.org\/en\/#website\",\"url\":\"https:\/\/www.sorosoro.org\/en\/\",\"name\":\"Sorosoro\",\"description\":\"Pour que vivent les langues du monde !\",\"potentialAction\":[{\"@type\":\"SearchAction\",\"target\":{\"@type\":\"EntryPoint\",\"urlTemplate\":\"https:\/\/www.sorosoro.org\/en\/?s={search_term_string}\"},\"query-input\":{\"@type\":\"PropertyValueSpecification\",\"valueRequired\":true,\"valueName\":\"search_term_string\"}}],\"inLanguage\":\"en-US\"}]}<\/script>\n<!-- \/ Yoast SEO plugin. -->","yoast_head_json":{"title":"Bororo - Sorosoro","robots":{"index":"index","follow":"follow","max-snippet":"max-snippet:-1","max-image-preview":"max-image-preview:large","max-video-preview":"max-video-preview:-1"},"canonical":"https:\/\/www.sorosoro.org\/en\/bororo\/","og_locale":"en_US","og_type":"article","og_title":"Bororo - Sorosoro","og_description":"Data collected by UNICEF Data on the Bororo language Alternative names: bor\u00f4ro, bororo oriental, coxipon\u00e9, araripocon\u00e9, ara\u00e9s, cuiab\u00e1, coroados, porrudos, boe, boe wadaru. &#8220;Bororo&#8221; means &#8220;the people&#8217;s court&#8221;, the place in the Village where ceremonies take place. Although originating from Bororo, this name is an exo-ethnonym (name given by existing populations outside of the ethnic [&hellip;]","og_url":"https:\/\/www.sorosoro.org\/en\/bororo\/","og_site_name":"Sorosoro","twitter_card":"summary_large_image","twitter_misc":{"Est. reading time":"7 minutes"},"schema":{"@context":"https:\/\/schema.org","@graph":[{"@type":"WebPage","@id":"https:\/\/www.sorosoro.org\/en\/bororo\/","url":"https:\/\/www.sorosoro.org\/en\/bororo\/","name":"Bororo - Sorosoro","isPartOf":{"@id":"https:\/\/www.sorosoro.org\/en\/#website"},"datePublished":"2011-10-28T07:58:02+00:00","breadcrumb":{"@id":"https:\/\/www.sorosoro.org\/en\/bororo\/#breadcrumb"},"inLanguage":"en-US","potentialAction":[{"@type":"ReadAction","target":["https:\/\/www.sorosoro.org\/en\/bororo\/"]}]},{"@type":"BreadcrumbList","@id":"https:\/\/www.sorosoro.org\/en\/bororo\/#breadcrumb","itemListElement":[{"@type":"ListItem","position":1,"name":"Accueil","item":"https:\/\/www.sorosoro.org\/en\/"},{"@type":"ListItem","position":2,"name":"Bororo"}]},{"@type":"WebSite","@id":"https:\/\/www.sorosoro.org\/en\/#website","url":"https:\/\/www.sorosoro.org\/en\/","name":"Sorosoro","description":"Pour que vivent les langues du monde !","potentialAction":[{"@type":"SearchAction","target":{"@type":"EntryPoint","urlTemplate":"https:\/\/www.sorosoro.org\/en\/?s={search_term_string}"},"query-input":{"@type":"PropertyValueSpecification","valueRequired":true,"valueName":"search_term_string"}}],"inLanguage":"en-US"}]}},"_links":{"self":[{"href":"https:\/\/www.sorosoro.org\/en\/wp-json\/wp\/v2\/pages\/60198","targetHints":{"allow":["GET"]}}],"collection":[{"href":"https:\/\/www.sorosoro.org\/en\/wp-json\/wp\/v2\/pages"}],"about":[{"href":"https:\/\/www.sorosoro.org\/en\/wp-json\/wp\/v2\/types\/page"}],"author":[{"embeddable":true,"href":"https:\/\/www.sorosoro.org\/en\/wp-json\/wp\/v2\/users\/18"}],"replies":[{"embeddable":true,"href":"https:\/\/www.sorosoro.org\/en\/wp-json\/wp\/v2\/comments?post=60198"}],"version-history":[{"count":0,"href":"https:\/\/www.sorosoro.org\/en\/wp-json\/wp\/v2\/pages\/60198\/revisions"}],"wp:attachment":[{"href":"https:\/\/www.sorosoro.org\/en\/wp-json\/wp\/v2\/media?parent=60198"}],"curies":[{"name":"wp","href":"https:\/\/api.w.org\/{rel}","templated":true}]}}