{"id":60167,"date":"2011-10-27T17:27:24","date_gmt":"2011-10-27T15:27:24","guid":{"rendered":"http:\/\/www.sorosoro.org\/?page_id=60167"},"modified":"2011-10-31T10:48:56","modified_gmt":"2011-10-31T09:48:56","slug":"parintintin","status":"publish","type":"page","link":"https:\/\/www.sorosoro.org\/en\/parintintin\/","title":{"rendered":"Parintintin"},"content":{"rendered":"<p style=\"text-align: justify;\"><em>Data collected by UNICEF<\/em><\/p>\n<h5 style=\"text-align: justify;\">Data on the Parintintin language<\/h5>\n<p style=\"text-align: justify;\"><strong>Alternative names<\/strong>: Kagwahiv, Kawahib, Cabahyba, Tupi-Kawahib<\/p>\n<p style=\"text-align: justify;\"><em>&#8220;Kagwahiv&#8221; means &#8220;us, our people&#8221;; it is the self-designation shared by several groups living on the middle and upper-Rio Madeira, and in the center of the state of Rond\u00f4nia. The group furthest north is usually designated under the name &#8220;Parintintin&#8221; \u2013 probably a Mundukuru name.<\/em><\/p>\n<p style=\"text-align: justify;\"><em>While for a long time the name Parintintin was used referring to the Kagwahiv groups in general, nowadays it only refers to the Kagwahiv groups living on the Indigenous Territories of Ipixuna and Nove de Janeiro.<\/em><\/p>\n<p style=\"text-align: justify;\"><strong>Area<\/strong>: Brazil, state of Amazonas, municipality of Humait\u00e1, IT of Ipixuna and Nove de Janeiro.<\/p>\n<p style=\"text-align: justify;\"><strong>Classification<\/strong>: <span style=\"text-decoration: underline;\">Tupi family<\/span>, Tupi-Guarani branch, group VI.<\/p>\n<p style=\"text-align: justify;\">We hereby follow the classification established by Jensen (1999).<\/p>\n<p style=\"text-align: justify;\">The Kagwahiv self-designation is shared over a set of groups whose idioms are very close and share a number of cultural features as well as the same social organization. Several sources consider it as one and the same language including different dialects.<\/p>\n<p style=\"text-align: justify;\">In that case two main dialectal groups are to be distinguished (as in Fabre, 2005):<\/p>\n<p style=\"text-align: justify;\">The North dialectal group, including the variants spoken by the Parintintin, the Tenharim, as well as the last surviving Juma.<\/p>\n<p style=\"text-align: justify;\">The South dialectal group, including the variants spoken by the Uru-Eu-Wau-Wau, the Amondawa (or Amunduva) and the Karipuna do Rond\u00f4nia (not to be confused with the Pano &#8220;Karipuna do Guapor\u00e9&#8221;).<\/p>\n<p style=\"text-align: justify;\">These different dialects essentially differ on a lexical level.<\/p>\n<p style=\"text-align: justify;\">All of these groups are believed to be descendants of the Cabahyba, who lived on the upper- Tapaj\u00f3s until the 18th century.<\/p>\n<p style=\"text-align: justify;\"><strong>Number of speakers<\/strong>: The Parintintin population counts 418 people, according to the FUNASA (2010). But the number of speakers of the ancestral language within this population it likely to be extremely low and probably doesn\u2019t exceed a dozen elderly people, according to UNESCO. Chances are that the younger generations have given up the language in favor of Portuguese.<\/p>\n<p style=\"text-align: justify;\"><strong>Language status<\/strong>: No official status.<\/p>\n<p style=\"text-align: justify;\">According to <em>Linguam\u00f3n<\/em>: &#8220;Portuguese is the only official language of Brazil. Current linguistic legislation for other languages pertains only to the education sector, and in particular bilingual and intercultural primary school teaching (exclusively in indigenous communities). In reality, there are, however, very few qualified bilingual teachers&#8221;.<\/p>\n<p style=\"text-align: justify;\"><strong>Vitality &amp; Transmission<\/strong>: In the Parintintin communities, as it appears, the language has been given up in favor of Portuguese for generations and the last speakers are very old. The Kawahib language in the Parintintin group is on the brink of extinction.<\/p>\n<p style=\"text-align: justify;\">UNESCO considers the language &#8220;critically endangered&#8221;.<\/p>\n<p style=\"text-align: justify;\">\n<h5 style=\"text-align: justify;\">Historical observations<\/h5>\n<p style=\"text-align: justify;\">The Kagwahiv are among the peoples of Brazil who were studied by Claude L\u00e9vi-Strauss during his visit to Brazil in 1935 (he calls them &#8220;Tupi-Cawahib&#8221;), and to whom he devoted a whole chapter in <em>Tristes Tropiques<\/em> (1955).<\/p>\n<p style=\"text-align: justify;\">They were &#8220;pacified&#8221; by an expedition led by Curt Nimuendaj\u00f9 in 1923, retracing their origins to the Cabahyba, who lived on the upper-Tapajos until the 18th century.<\/p>\n<p style=\"text-align: justify;\">They were chased away by the Munduruku (another Tupi group, non-Guarani), armed by the Portuguese. They moved west, probably scattered into smaller groups, one wave after the other, which could explain the multiplicity of &#8220;Kagwahiv&#8221; groups. There might have been over twenty of them in the beginning of the 20th century. Most of them have disappeared nowadays. Despite occasional inner conflicts, the Kagwahiv remain recognized as one and the same people.<\/p>\n<p style=\"text-align: justify;\">They now live on small patches of land, scattered over the vast territory they use to occupy, chased away by mining operators, landlords, and divided by the ongoing construction of the trans-Amazonian highway.<\/p>\n<p style=\"text-align: justify;\">\n<h5 style=\"text-align: justify;\">Ethnographical observations<\/h5>\n<p style=\"text-align: justify;\">The Kagwahiv societies are characterized (with rare exceptions) by social dualism, i.e. a society made of two moieties, two distinct and exclusive groups, where an individual belongs to either one or the other. In the Parintintin society, these two moieties have bird names: <em>Mutum <\/em>(curassow, in English, a galliform, a bird that does not fly) and <em>Kwand\u00f9 <\/em>(the harpy eagle, one of the largest birds of prey in Amazonia).<\/p>\n<p style=\"text-align: justify;\">The moieties are patrilineal (the individual belongs to the same moiety as their father) and exogamous (marriage occurs between members of opposite moieties). The two moieties are common to almost all the Kagwahiv; the mutum (or mytum) is always the animal symbolizing the first moiety, but the animal symbolizing the second moiety varies: Tarav\u00e9 (a yellow and blue ara) for the Tenharim population, Kanind\u00e9 (also an ara) for the Uru-Eu-Wau-Wau, etc.<\/p>\n<p style=\"text-align: justify;\">This social system appears unique among Tupi-Guarani language populations. It may have been inherited from the Rikbatska, a Macro-J\u00ea language population who used to neighbor ancestors of the Kagwahiv.<\/p>\n<p style=\"text-align: justify;\">For the Parintintin, however, this dualist society is complexified by the existence of a &#8220;third category&#8221;, Gwyrai\u2019gw\u00e1ra \u2013 whose members are considered Kwand\u00f9 without being submitted to exogamous practices \u2013, symbolized by the jap\u00f9 (or oropendola), a small swamp bird.<\/p>\n<p style=\"text-align: justify;\">Parintintin villages are relatively small and traditionally organized around one common house home to several families. These common houses, these days, tend to disappear in favor of individual family houses.<\/p>\n<p style=\"text-align: justify;\">For more on the Parintintin and Kagwahiv populations, please refer to the excellent <a href=\"http:\/\/pib.socioambiental.org\/en\/povo\/parintintin\" target=\"_blank\"><em>Povos Ind\u00edgenas no Brasil<\/em><\/a> website.<\/p>\n<p style=\"text-align: justify;\">As well, of course, as the work of Claude L\u00e9vi-Strauss.<\/p>\n<p style=\"text-align: justify;\">\n<h5 style=\"text-align: justify;\">Sources<\/h5>\n<p style=\"text-align: justify;\">De Castro Alves, Fl\u00e1via (2010). <em>Brazil Amz\u00f3nico<\/em>. In \u00ab\u00a0<a href=\"http:\/\/www.movilizando.org\/atlas_tomo1\/pages\/tomo_1.pdf\" target=\"_blank\">Atlas socioling\u00fc\u00edstico de pueblos ind\u00edgenas en Am\u00e9rica Latina<\/a> \u00bb, UNICEF. Tome 1, Pp 245- 264<\/p>\n<p style=\"text-align: justify;\">Fabre, Alain. 2005. <em>Diccionario etnoling\u00fc\u00edstico y gu\u00eda bibliogr\u00e1fica de los pueblos ind\u00edgenas sudamericanos<\/em>. <a href=\"http:\/\/butler.cc.tut.fi\/~fabre\/BookInternetVersio\/Dic=Tupi.pdf\" target=\"_blank\">Available for online consultation<\/a> [26\/10\/2011]<\/p>\n<p style=\"text-align: justify;\">\n<h5 style=\"text-align: justify;\">Online sources<\/h5>\n<p style=\"text-align: justify;\"><a href=\"http:\/\/atlaspueblosindigenas.files.wordpress.com\/2010\/05\/parintintin.pdf\" target=\"_blank\">Data collected by UNICEF on Parintintin<\/a> [26\/10\/2011]<\/p>\n<p style=\"text-align: justify;\"><a href=\"http:\/\/pib.socioambiental.org\/en\/povo\/parintintin\" target=\"_blank\">Pages on Parintintin on the <em>Povos Ind\u00edgenas no Brasil<\/em> website<\/a> [26\/10\/2011]<\/p>\n<p style=\"text-align: justify;\"><a href=\"http:\/\/www10.gencat.net\/pres_casa_llengues\/AppJava\/frontend\/llengues_detall.jsp?id=732&amp;idioma=5\" target=\"_blank\">Page on Kagwahiv (here Kawahib) on the <em>Linguam\u00f3n <\/em>website<\/a> [26\/10\/2011]<\/p>\n<p style=\"text-align: justify;\">\n<h5 style=\"text-align: justify;\">Additional bibliography<\/h5>\n<p style=\"text-align: justify;\">Betts, LaVera. 1981. <em>Dicion\u00e1rio Parintint\u00edn-Portugu\u00eas, Portugu\u00eas-Parintint\u00edn<\/em>. Bras\u00edlia: SIL.<\/p>\n<p style=\"text-align: justify;\">Jensen, Cheryl (1999).&#8221;Tupi-Guarani&#8221;. In<em>The Amazonian languages<\/em>, R.M.W. Dixon and Alexandra Y.Aikhenvald (eds) Cambridge University Press, 1999<\/p>\n<p style=\"text-align: justify;\">Kracke, Waud H.1984. &#8220;Kagwahiv moieties: form without function?&#8221;. In: K. Kensinger (ed.), <em>Marriage practices in lowland South America<\/em>: 99-124. Urbana: University of Illinois Press.<\/p>\n<p style=\"text-align: justify;\">L\u00e9vi-Strauss, Claude 1948. &#8220;The Tupi-Cawahib&#8221;. <em>HSAI <\/em>3: 299-305.<\/p>\n<p style=\"text-align: justify;\">L\u00e9vi-Strauss, Claude 1955. &#8220;Tupi-Kawahib&#8221;. In: C. L\u00e9vi-Strauss, <em>Tristes tropiques<\/em>: 379-445. Par\u00eds.<\/p>\n<p style=\"text-align: justify;\">Nimuendaj\u00fa, Curt 1924. &#8220;Os Parintint\u00edn do rio Madeira&#8221;. <em>JSAP <\/em>16: 201-278.<\/p>\n<p style=\"text-align: justify;\">Peggion, Edmundo Ant\u00f4nio 1996. <em>Forma e fun\u00e7\u00e3o. Uma etnografia do sistema de parentesco Tenharim (Kagwahiv, AM)<\/em>, Disserta\u00e7\u00e3o de Mestrado. Campinas: UNICAMP.<\/p>\n<p style=\"text-align: justify;\">Rodrigues, Aryon D.  (1999), &#8220;Tupi&#8221; . In <em>The Amazonian languages<\/em>, R.M.W. Dixon and Alexandra Y.Aikhenvald (eds) Cambridge University Press, 1999<\/p>\n<p style=\"text-align: justify;\">\n<p style=\"text-align: justify;\">See <a href=\"http:\/\/www.movilizando.org\/atlas_tomo1\/pages\/tomo_1.pdf\" target=\"_blank\"><em>Atlas socioling\u00fc\u00edstico de pueblos ind\u00edgenas en Am\u00e9rica Latina<\/em><\/a> and <a href=\"http:\/\/butler.cc.tut.fi\/%7Efabre\/BookInternetVersio\/Dic=Tupi.pdf\" target=\"_blank\">Fabre (2005)<\/a> for further bibliographical resources.<\/p>\n<p style=\"text-align: justify;\">\n","protected":false},"excerpt":{"rendered":"<p>Data collected by UNICEF Data on the Parintintin language Alternative names: Kagwahiv, Kawahib, Cabahyba, Tupi-Kawahib &#8220;Kagwahiv&#8221; means &#8220;us, our people&#8221;; it is the self-designation shared by several groups living on the middle and upper-Rio Madeira, and in the center of the state of Rond\u00f4nia. The group furthest north is usually designated under the name &#8220;Parintintin&#8221; [&hellip;]<\/p>\n","protected":false},"author":18,"featured_media":0,"parent":0,"menu_order":0,"comment_status":"closed","ping_status":"open","template":"","meta":{"footnotes":""},"class_list":["post-60167","page","type-page","status-publish","hentry"],"yoast_head":"<!-- This site is optimized with the Yoast SEO plugin v27.0 - https:\/\/yoast.com\/product\/yoast-seo-wordpress\/ -->\n<title>Parintintin - Sorosoro<\/title>\n<meta name=\"robots\" content=\"index, follow, max-snippet:-1, max-image-preview:large, max-video-preview:-1\" \/>\n<link rel=\"canonical\" href=\"https:\/\/www.sorosoro.org\/en\/parintintin\/\" \/>\n<meta property=\"og:locale\" content=\"en_US\" \/>\n<meta property=\"og:type\" content=\"article\" \/>\n<meta property=\"og:title\" content=\"Parintintin - Sorosoro\" \/>\n<meta property=\"og:description\" content=\"Data collected by UNICEF Data on the Parintintin language Alternative names: Kagwahiv, Kawahib, Cabahyba, Tupi-Kawahib &#8220;Kagwahiv&#8221; means &#8220;us, our people&#8221;; it is the self-designation shared by several groups living on the middle and upper-Rio Madeira, and in the center of the state of Rond\u00f4nia. The group furthest north is usually designated under the name &#8220;Parintintin&#8221; [&hellip;]\" \/>\n<meta property=\"og:url\" content=\"https:\/\/www.sorosoro.org\/en\/parintintin\/\" \/>\n<meta property=\"og:site_name\" content=\"Sorosoro\" \/>\n<meta property=\"article:modified_time\" content=\"2011-10-31T09:48:56+00:00\" \/>\n<meta name=\"twitter:card\" content=\"summary_large_image\" \/>\n<meta name=\"twitter:label1\" content=\"Est. reading time\" \/>\n\t<meta name=\"twitter:data1\" content=\"5 minutes\" \/>\n<script type=\"application\/ld+json\" class=\"yoast-schema-graph\">{\"@context\":\"https:\/\/schema.org\",\"@graph\":[{\"@type\":\"WebPage\",\"@id\":\"https:\/\/www.sorosoro.org\/en\/parintintin\/\",\"url\":\"https:\/\/www.sorosoro.org\/en\/parintintin\/\",\"name\":\"Parintintin - Sorosoro\",\"isPartOf\":{\"@id\":\"https:\/\/www.sorosoro.org\/en\/#website\"},\"datePublished\":\"2011-10-27T15:27:24+00:00\",\"dateModified\":\"2011-10-31T09:48:56+00:00\",\"breadcrumb\":{\"@id\":\"https:\/\/www.sorosoro.org\/en\/parintintin\/#breadcrumb\"},\"inLanguage\":\"en-US\",\"potentialAction\":[{\"@type\":\"ReadAction\",\"target\":[\"https:\/\/www.sorosoro.org\/en\/parintintin\/\"]}]},{\"@type\":\"BreadcrumbList\",\"@id\":\"https:\/\/www.sorosoro.org\/en\/parintintin\/#breadcrumb\",\"itemListElement\":[{\"@type\":\"ListItem\",\"position\":1,\"name\":\"Accueil\",\"item\":\"https:\/\/www.sorosoro.org\/en\/\"},{\"@type\":\"ListItem\",\"position\":2,\"name\":\"Parintintin\"}]},{\"@type\":\"WebSite\",\"@id\":\"https:\/\/www.sorosoro.org\/en\/#website\",\"url\":\"https:\/\/www.sorosoro.org\/en\/\",\"name\":\"Sorosoro\",\"description\":\"Pour que vivent les langues du monde !\",\"potentialAction\":[{\"@type\":\"SearchAction\",\"target\":{\"@type\":\"EntryPoint\",\"urlTemplate\":\"https:\/\/www.sorosoro.org\/en\/?s={search_term_string}\"},\"query-input\":{\"@type\":\"PropertyValueSpecification\",\"valueRequired\":true,\"valueName\":\"search_term_string\"}}],\"inLanguage\":\"en-US\"}]}<\/script>\n<!-- \/ Yoast SEO plugin. -->","yoast_head_json":{"title":"Parintintin - Sorosoro","robots":{"index":"index","follow":"follow","max-snippet":"max-snippet:-1","max-image-preview":"max-image-preview:large","max-video-preview":"max-video-preview:-1"},"canonical":"https:\/\/www.sorosoro.org\/en\/parintintin\/","og_locale":"en_US","og_type":"article","og_title":"Parintintin - Sorosoro","og_description":"Data collected by UNICEF Data on the Parintintin language Alternative names: Kagwahiv, Kawahib, Cabahyba, Tupi-Kawahib &#8220;Kagwahiv&#8221; means &#8220;us, our people&#8221;; it is the self-designation shared by several groups living on the middle and upper-Rio Madeira, and in the center of the state of Rond\u00f4nia. The group furthest north is usually designated under the name &#8220;Parintintin&#8221; [&hellip;]","og_url":"https:\/\/www.sorosoro.org\/en\/parintintin\/","og_site_name":"Sorosoro","article_modified_time":"2011-10-31T09:48:56+00:00","twitter_card":"summary_large_image","twitter_misc":{"Est. reading time":"5 minutes"},"schema":{"@context":"https:\/\/schema.org","@graph":[{"@type":"WebPage","@id":"https:\/\/www.sorosoro.org\/en\/parintintin\/","url":"https:\/\/www.sorosoro.org\/en\/parintintin\/","name":"Parintintin - Sorosoro","isPartOf":{"@id":"https:\/\/www.sorosoro.org\/en\/#website"},"datePublished":"2011-10-27T15:27:24+00:00","dateModified":"2011-10-31T09:48:56+00:00","breadcrumb":{"@id":"https:\/\/www.sorosoro.org\/en\/parintintin\/#breadcrumb"},"inLanguage":"en-US","potentialAction":[{"@type":"ReadAction","target":["https:\/\/www.sorosoro.org\/en\/parintintin\/"]}]},{"@type":"BreadcrumbList","@id":"https:\/\/www.sorosoro.org\/en\/parintintin\/#breadcrumb","itemListElement":[{"@type":"ListItem","position":1,"name":"Accueil","item":"https:\/\/www.sorosoro.org\/en\/"},{"@type":"ListItem","position":2,"name":"Parintintin"}]},{"@type":"WebSite","@id":"https:\/\/www.sorosoro.org\/en\/#website","url":"https:\/\/www.sorosoro.org\/en\/","name":"Sorosoro","description":"Pour que vivent les langues du monde !","potentialAction":[{"@type":"SearchAction","target":{"@type":"EntryPoint","urlTemplate":"https:\/\/www.sorosoro.org\/en\/?s={search_term_string}"},"query-input":{"@type":"PropertyValueSpecification","valueRequired":true,"valueName":"search_term_string"}}],"inLanguage":"en-US"}]}},"_links":{"self":[{"href":"https:\/\/www.sorosoro.org\/en\/wp-json\/wp\/v2\/pages\/60167","targetHints":{"allow":["GET"]}}],"collection":[{"href":"https:\/\/www.sorosoro.org\/en\/wp-json\/wp\/v2\/pages"}],"about":[{"href":"https:\/\/www.sorosoro.org\/en\/wp-json\/wp\/v2\/types\/page"}],"author":[{"embeddable":true,"href":"https:\/\/www.sorosoro.org\/en\/wp-json\/wp\/v2\/users\/18"}],"replies":[{"embeddable":true,"href":"https:\/\/www.sorosoro.org\/en\/wp-json\/wp\/v2\/comments?post=60167"}],"version-history":[{"count":0,"href":"https:\/\/www.sorosoro.org\/en\/wp-json\/wp\/v2\/pages\/60167\/revisions"}],"wp:attachment":[{"href":"https:\/\/www.sorosoro.org\/en\/wp-json\/wp\/v2\/media?parent=60167"}],"curies":[{"name":"wp","href":"https:\/\/api.w.org\/{rel}","templated":true}]}}