{"id":59959,"date":"2011-10-26T16:33:50","date_gmt":"2011-10-26T14:33:50","guid":{"rendered":"http:\/\/www.sorosoro.org\/?page_id=59959"},"modified":"2011-10-26T16:33:50","modified_gmt":"2011-10-26T14:33:50","slug":"sabane","status":"publish","type":"page","link":"https:\/\/www.sorosoro.org\/en\/sabane\/","title":{"rendered":"Saban\u00ea"},"content":{"rendered":"<p style=\"text-align: justify;\"><em>Data collected by UNICEF<\/em><\/p>\n<h5 style=\"text-align: justify;\">Data on Saban\u00ea<\/h5>\n<p style=\"text-align: justify;\"><strong>Alternative names<\/strong>: sabanes<\/p>\n<p style=\"text-align: justify;\">Dialects and variants: As with other Nambiquara langauges, there were most likely several groups of Saban\u00ea speakers. But, due to the scarcity of speakers, it is no longer possible to identify dialectal variants of Saban\u00ea.<\/p>\n<p style=\"text-align: justify;\"><strong>Classification<\/strong>: <a href=\"..\/en\/nambiquara-languages\" target=\"_blank\">Nambiquara language family<\/a><\/p>\n<p style=\"text-align: justify;\"><em>This small language family is generally considered to be composed of three dialect groups: <a href=\"https:\/\/www.sorosoro.org\/en\/northern-nambiquara\">Northern Nambiquara<\/a>, <a href=\"https:\/\/www.sorosoro.org\/en\/southern-nambiquara\">Southern Nambiquara<\/a> and Saban\u00ea. To date, no relation between these languages and any other language family has been proven.<\/em><\/p>\n<p style=\"text-align: justify;\"><em>This language family is sometimes considered to be a single language isolate made up of numerous dialects. Here we follow the classifications proposed by Fabre (2005) and Ivan Lowe (1999).<\/em><\/p>\n<p style=\"text-align: justify;\"><strong>Geographic area<\/strong>: Brazil. Mato Grasso State. The last speakers of Saban\u00ea reside in Pyreneus de Souza Indigenous Territory with Mamaind\u00ea (Northern Nambiquara) groups.<\/p>\n<p style=\"text-align: justify;\">Number of speakers: There is no concensus on the number of Saban\u00ea speakers. The ethnic population may be around 60 individuals, but the number of  Saban\u00ea living with the Mamaind\u00ea is difficult to specify.<\/p>\n<p style=\"text-align: justify;\">According to UNESCO there are no more than 3 remaining speakers of Saban\u00ea. Araujo (2004), the only linguist to have really worked with the language, mentions 5 speakers.<\/p>\n<p style=\"text-align: justify;\"><strong>Language status<\/strong>: No official status<\/p>\n<p style=\"text-align: justify;\">According to <em>Linguam\u00f3n<\/em>: \u201cPortuguese is Brazil&#8217;s only official language. The country&#8217;s only linguistic legislation concerning other tongues refers to schooling and is restricted to bilingual and intercultural primary education (exclusively in indigenous communities), although there are actually few trained bilingual teachers.\u201d<\/p>\n<p style=\"text-align: justify;\"><strong>Vitality and transmission<\/strong>: Saban\u00ea is clearly a language on the brink of extinction. Despite an unprecedented revitalisation effort, Saban\u00ea may well become extinct in the coming years.<\/p>\n<p style=\"text-align: justify;\">Saban\u00ea groups have suffered enormously from epidemics and conflicts with settlers. The language is no longer passed on and the last speakers of Saban\u00ea are trilingual (Northern Nambiquara and Portuguese).<\/p>\n<p style=\"text-align: justify;\">\n<h5 style=\"text-align: justify;\">Historical details<\/h5>\n<p style=\"text-align: justify;\">The Nambiquara live where two ecosystems meet: between the savannahs of Cerrado and primeval Amazon rainforest. They are best known for having been studied by Claude L\u00e9vi-Strauss, who spent time with them in 1938.<\/p>\n<p style=\"text-align: justify;\">The first contact with the Nambiquara probably did not take place until the mid-18th Century, when gold prospectors first arrived in the region. At the time they were given the name \u201cCabixi\u201d, a term which has since fallen into disuse.<\/p>\n<p style=\"text-align: justify;\">Gold digging in territory occupied by the Nambiquara gave way to numerous armed conflicts between the land\u2019s indigenous inhabitants and those living in the small villages which sprung up around the mines. These conflicts lasted until the mines were abandoned, exhausted, at the end of the 19th Century.<\/p>\n<p style=\"text-align: justify;\">Once the gold miners had left, rubber tappers took their place. The conflicts turned out yet more violent for the Nambiquara who saw entire villages destroyed, men massacred or forced into slavery and women kidnapped by settlers.<\/p>\n<p style=\"text-align: justify;\">The territories which were thereafter allocated to the Nambiquara by the government have long been fragmented, arid and under constant pressure from the ongoing exploitation of the forests and lands of their ancestors. In the 1960s, for example, the most fertile land of the Guapor\u00e9 Valley was sold to government-financed agricultural companies. In the 1980s the World Bank financed the construction of a road linking Cuiab\u00e1 to Porto Velho, cutting in half the Guapor\u00e9 Valley, the heart of the Nambiquara territory.<\/p>\n<p style=\"text-align: justify;\">Despite conflict, damage to the environment, land occupied by farms, and, of course, epidemics contracted as a result of contact with colonial society, the Nambiquara have managed to avoid being completely decimated. L\u00e9vi-Strauss estimated that at the beginning of the 20th Century the total Nambiquara population reached 10 000 people and that in 1938, when he spent time with them, it stood their total population at 2000 \u2013 3000 people. In 1969 a census by Price put the number of Nambiquara at 500. The Saban\u00ea groups suffered most, and were all but completely decimated: the number of survivors may stand at just 60.<\/p>\n<p style=\"text-align: justify;\">\n<p style=\"text-align: justify;\">For more information about the Nambiquara, as well as the work of Claude L\u00e9vi-Strauss, see the pages dedicated to them on the indispensable ISA website, <em><a href=\"http:\/\/pib.socioambiental.org\/en\/povo\/nambikwara\" target=\"_blank\">Povos Ind\u00edgenas no Brasil<\/a>.<\/em><\/p>\n<p style=\"text-align: justify;\">\n<h5 style=\"text-align: justify;\">Sources<\/h5>\n<p style=\"text-align: justify;\">Castro Alv\u00e8s, Flavia de (2010) <em>Brazil Amz\u00f3nico<\/em>. In \u00ab <a href=\"http:\/\/www.movilizando.org\/atlas_tomo1\/pages\/tomo_1.pdf\" target=\"_blank\">Atlas socioling\u00fc\u00edstico de pueblos ind\u00edgenas en Am\u00e9rica Latina<\/a> \u00bb, UNICEF. Tome 1, Pp 245- 264<\/p>\n<p style=\"text-align: justify;\">Fabre, Alain. 2005. <em>Diccionario etnoling\u00fc\u00edstico y gu\u00eda bibliogr\u00e1fica de los pueblos ind\u00edgenas sudamericanos<\/em>. <a href=\"http:\/\/butler.cc.tut.fi\/~fabre\/BookInternetVersio\/Dic=Nambikwara.pdf\" target=\"_blank\">Available online<\/a> [18\/08\/2011]<\/p>\n<p style=\"text-align: justify;\">\n<h5 style=\"text-align: justify;\">Online sources<\/h5>\n<p style=\"text-align: justify;\"><a href=\"http:\/\/pib.socioambiental.org\/en\/povo\/nambikwara\" target=\"_blank\">Pages dedicated to the Nambiquara on the <em>Povos Ind\u00edgenas no Brasil<\/em> website<\/a> (in English\/Portuguese) [18\/08\/2011]<\/p>\n<p style=\"text-align: justify;\"><a href=\"http:\/\/www10.gencat.net\/pres_casa_llengues\/AppJava\/frontend\/llengues_detall.jsp?id=210&amp;idioma=5\" target=\"_blank\">Page dedicated to the Nambiquara on the <em>Linguam\u00f3n <\/em>website<\/a> [18\/08\/2011]<\/p>\n<p style=\"text-align: justify;\">\n<h5 style=\"text-align: justify;\">Further bibliography<\/h5>\n<p style=\"text-align: justify;\">Araujo, Gabriel Antunes de. 2004. <em>A Grammar of Saban\u00ea. A Nambikwaran language<\/em>. Ph.D. diss. Amsterdam: Vrije Universiteit\/ Utrecht: LOT Dissertation Series, 94.<\/p>\n<p style=\"text-align: justify;\">Araujo, Gabriel Antunes de. 2007. \u00ab Stress in Saban\u00ea \u00bb. In Leo Wetzels (ed.), <em>Language  endangerment and endangered languages. Linguistic and anthropological  studies with special emphasis on the languages and cultures of the  Andean Amazonian border area<\/em>: 267-283. Indigenous Languages of Latin America (ILLA), 5. Leiden: CNWS Publications.<\/p>\n<p style=\"text-align: justify;\">Cook, Cecil E. &#8211; David Price 1969. \u00ab The present situation of the Nambiquara \u00bb. <em>AA <\/em>71\/4: 688-693.<\/p>\n<p style=\"text-align: justify;\">L\u00e9vi-Strauss, Claude 1948. \u00ab La vie familiale et sociale des Indiens Nambiquara \u00bb. <em>JSAP <\/em>37: 1-32.<\/p>\n<p style=\"text-align: justify;\">L\u00e9vi-Strauss, Claude. 1955. \u00ab Nambikwara \u00bb. In Claude L\u00e9vi-Strauss, <em>Tristes tropiques<\/em>: 287-377. Par\u00eds.<\/p>\n<p style=\"text-align: justify;\">Lowe, Ivan . 1999. \u00ab Nambiquara \u00bb. In R.M.W. Dixon and Alexandra Y.Aikhenvald, (eds) <em>The Amazonian languages<\/em>,  Cambridge University Press.<\/p>\n<p style=\"text-align: justify;\">Price, David 1972.<em> Nambiquara society<\/em>. Ph.D. diss., Dept. of Anthropology. University of Chicago.<\/p>\n<p style=\"text-align: justify;\">Voort, Hein van der 1996. \u00ab Linguistic fieldwork among the Indians in the South of Rond\u00f4nia, Brazil \u00bb. <em>Yumtzilob <\/em>8\/4: 359-386. Rotterdam.<\/p>\n<p style=\"text-align: justify;\">\n<p style=\"text-align: justify;\">See the <a href=\"http:\/\/www.movilizando.org\/atlas_tomo1\/pages\/tomo_1.pdf\" target=\"_blank\"><em>Atlas socioling\u00fc\u00edstico de pueblos ind\u00edgenas en Am\u00e9rica Latina<\/em><\/a> and <a href=\"http:\/\/butler.cc.tut.fi\/%7Efabre\/BookInternetVersio\/Dic=Nambikwara.pdf\" target=\"_blank\">Fabre (2005)<\/a> for a more complete bibliography.<\/p>\n<p style=\"text-align: justify;\">\n<p style=\"text-align: justify;\">\n<p style=\"text-align: justify;\">\n","protected":false},"excerpt":{"rendered":"<p>Data collected by UNICEF Data on Saban\u00ea Alternative names: sabanes Dialects and variants: As with other Nambiquara langauges, there were most likely several groups of Saban\u00ea speakers. But, due to the scarcity of speakers, it is no longer possible to identify dialectal variants of Saban\u00ea. Classification: Nambiquara language family This small language family is generally [&hellip;]<\/p>\n","protected":false},"author":18,"featured_media":0,"parent":0,"menu_order":0,"comment_status":"closed","ping_status":"open","template":"","meta":{"footnotes":""},"class_list":["post-59959","page","type-page","status-publish","hentry"],"yoast_head":"<!-- This site is optimized with the Yoast SEO plugin v27.0 - https:\/\/yoast.com\/product\/yoast-seo-wordpress\/ -->\n<title>Saban\u00ea - Sorosoro<\/title>\n<meta name=\"robots\" content=\"index, follow, max-snippet:-1, max-image-preview:large, max-video-preview:-1\" \/>\n<link rel=\"canonical\" href=\"https:\/\/www.sorosoro.org\/en\/sabane\/\" \/>\n<meta property=\"og:locale\" content=\"en_US\" \/>\n<meta property=\"og:type\" content=\"article\" \/>\n<meta property=\"og:title\" content=\"Saban\u00ea - Sorosoro\" \/>\n<meta property=\"og:description\" content=\"Data collected by UNICEF Data on Saban\u00ea Alternative names: sabanes Dialects and variants: As with other Nambiquara langauges, there were most likely several groups of Saban\u00ea speakers. But, due to the scarcity of speakers, it is no longer possible to identify dialectal variants of Saban\u00ea. Classification: Nambiquara language family This small language family is generally [&hellip;]\" \/>\n<meta property=\"og:url\" content=\"https:\/\/www.sorosoro.org\/en\/sabane\/\" \/>\n<meta property=\"og:site_name\" content=\"Sorosoro\" \/>\n<meta name=\"twitter:card\" content=\"summary_large_image\" \/>\n<meta name=\"twitter:label1\" content=\"Est. reading time\" \/>\n\t<meta name=\"twitter:data1\" content=\"5 minutes\" \/>\n<script type=\"application\/ld+json\" class=\"yoast-schema-graph\">{\"@context\":\"https:\/\/schema.org\",\"@graph\":[{\"@type\":\"WebPage\",\"@id\":\"https:\/\/www.sorosoro.org\/en\/sabane\/\",\"url\":\"https:\/\/www.sorosoro.org\/en\/sabane\/\",\"name\":\"Saban\u00ea - Sorosoro\",\"isPartOf\":{\"@id\":\"https:\/\/www.sorosoro.org\/en\/#website\"},\"datePublished\":\"2011-10-26T14:33:50+00:00\",\"breadcrumb\":{\"@id\":\"https:\/\/www.sorosoro.org\/en\/sabane\/#breadcrumb\"},\"inLanguage\":\"en-US\",\"potentialAction\":[{\"@type\":\"ReadAction\",\"target\":[\"https:\/\/www.sorosoro.org\/en\/sabane\/\"]}]},{\"@type\":\"BreadcrumbList\",\"@id\":\"https:\/\/www.sorosoro.org\/en\/sabane\/#breadcrumb\",\"itemListElement\":[{\"@type\":\"ListItem\",\"position\":1,\"name\":\"Accueil\",\"item\":\"https:\/\/www.sorosoro.org\/en\/\"},{\"@type\":\"ListItem\",\"position\":2,\"name\":\"Saban\u00ea\"}]},{\"@type\":\"WebSite\",\"@id\":\"https:\/\/www.sorosoro.org\/en\/#website\",\"url\":\"https:\/\/www.sorosoro.org\/en\/\",\"name\":\"Sorosoro\",\"description\":\"Pour que vivent les langues du monde !\",\"potentialAction\":[{\"@type\":\"SearchAction\",\"target\":{\"@type\":\"EntryPoint\",\"urlTemplate\":\"https:\/\/www.sorosoro.org\/en\/?s={search_term_string}\"},\"query-input\":{\"@type\":\"PropertyValueSpecification\",\"valueRequired\":true,\"valueName\":\"search_term_string\"}}],\"inLanguage\":\"en-US\"}]}<\/script>\n<!-- \/ Yoast SEO plugin. -->","yoast_head_json":{"title":"Saban\u00ea - Sorosoro","robots":{"index":"index","follow":"follow","max-snippet":"max-snippet:-1","max-image-preview":"max-image-preview:large","max-video-preview":"max-video-preview:-1"},"canonical":"https:\/\/www.sorosoro.org\/en\/sabane\/","og_locale":"en_US","og_type":"article","og_title":"Saban\u00ea - Sorosoro","og_description":"Data collected by UNICEF Data on Saban\u00ea Alternative names: sabanes Dialects and variants: As with other Nambiquara langauges, there were most likely several groups of Saban\u00ea speakers. But, due to the scarcity of speakers, it is no longer possible to identify dialectal variants of Saban\u00ea. Classification: Nambiquara language family This small language family is generally [&hellip;]","og_url":"https:\/\/www.sorosoro.org\/en\/sabane\/","og_site_name":"Sorosoro","twitter_card":"summary_large_image","twitter_misc":{"Est. reading time":"5 minutes"},"schema":{"@context":"https:\/\/schema.org","@graph":[{"@type":"WebPage","@id":"https:\/\/www.sorosoro.org\/en\/sabane\/","url":"https:\/\/www.sorosoro.org\/en\/sabane\/","name":"Saban\u00ea - Sorosoro","isPartOf":{"@id":"https:\/\/www.sorosoro.org\/en\/#website"},"datePublished":"2011-10-26T14:33:50+00:00","breadcrumb":{"@id":"https:\/\/www.sorosoro.org\/en\/sabane\/#breadcrumb"},"inLanguage":"en-US","potentialAction":[{"@type":"ReadAction","target":["https:\/\/www.sorosoro.org\/en\/sabane\/"]}]},{"@type":"BreadcrumbList","@id":"https:\/\/www.sorosoro.org\/en\/sabane\/#breadcrumb","itemListElement":[{"@type":"ListItem","position":1,"name":"Accueil","item":"https:\/\/www.sorosoro.org\/en\/"},{"@type":"ListItem","position":2,"name":"Saban\u00ea"}]},{"@type":"WebSite","@id":"https:\/\/www.sorosoro.org\/en\/#website","url":"https:\/\/www.sorosoro.org\/en\/","name":"Sorosoro","description":"Pour que vivent les langues du monde !","potentialAction":[{"@type":"SearchAction","target":{"@type":"EntryPoint","urlTemplate":"https:\/\/www.sorosoro.org\/en\/?s={search_term_string}"},"query-input":{"@type":"PropertyValueSpecification","valueRequired":true,"valueName":"search_term_string"}}],"inLanguage":"en-US"}]}},"_links":{"self":[{"href":"https:\/\/www.sorosoro.org\/en\/wp-json\/wp\/v2\/pages\/59959","targetHints":{"allow":["GET"]}}],"collection":[{"href":"https:\/\/www.sorosoro.org\/en\/wp-json\/wp\/v2\/pages"}],"about":[{"href":"https:\/\/www.sorosoro.org\/en\/wp-json\/wp\/v2\/types\/page"}],"author":[{"embeddable":true,"href":"https:\/\/www.sorosoro.org\/en\/wp-json\/wp\/v2\/users\/18"}],"replies":[{"embeddable":true,"href":"https:\/\/www.sorosoro.org\/en\/wp-json\/wp\/v2\/comments?post=59959"}],"version-history":[{"count":0,"href":"https:\/\/www.sorosoro.org\/en\/wp-json\/wp\/v2\/pages\/59959\/revisions"}],"wp:attachment":[{"href":"https:\/\/www.sorosoro.org\/en\/wp-json\/wp\/v2\/media?parent=59959"}],"curies":[{"name":"wp","href":"https:\/\/api.w.org\/{rel}","templated":true}]}}