{"id":59952,"date":"2011-10-26T16:22:21","date_gmt":"2011-10-26T14:22:21","guid":{"rendered":"http:\/\/www.sorosoro.org\/?page_id=59952"},"modified":"2011-10-26T16:33:39","modified_gmt":"2011-10-26T14:33:39","slug":"southern-nambiquara","status":"publish","type":"page","link":"https:\/\/www.sorosoro.org\/en\/southern-nambiquara\/","title":{"rendered":"Southern Nambiquara"},"content":{"rendered":"<p style=\"text-align: justify;\"><em>Data collected by UNICEF<\/em><\/p>\n<h5 style=\"text-align: justify;\">Data on Southern Nambiquara<\/h5>\n<p style=\"text-align: justify;\"><strong>Alternative names<\/strong>: Southern Nambiquara, kith\u00e3ulh\u00fa, hahaintesu, wasusu, alatesu, waikisu, halot\u00e9su, sawent\u00e9su, wakalitesu, alakatesu, niyahl\u00f3s\u00fa, si\u2019waisu, lunkatesu, manduka, w\u00e3nairisu.<\/p>\n<p style=\"text-align: justify;\"><em>According to L\u00e9vi-Strauss, the name \u201cnambiquara\u201d or \u201cnambikwara\u201d is of Tupi origin. The other names are those of Southern Nambiquara groups, each believed to have their own dialectal variants.<\/em><\/p>\n<p style=\"text-align: justify;\"><strong>Dialects and variants<\/strong>:  Southern Nambiquara is a collection of dialects, the exact number of which is not agreed upon. Fabre (2005) recognises 4 dialectal subsets: mund\u00faka, nambiquara do Campo, Nambiquara do Guapor\u00e9 and Nambiquara do Sarar\u00e9 (kabix\u00ed). Each of these is in turn made up of several groups, each speaking their own variant. The total number of variants varies between 12 and 20 according to sources.<\/p>\n<p style=\"text-align: justify;\"><strong>Classification<\/strong>: <a href=\"..\/en\/nambiquara-languages\" target=\"_blank\">Nambiquara language family<\/a><\/p>\n<p style=\"text-align: justify;\"><em>This small language family is generally considered to be composed of three dialect groups: <a href=\"https:\/\/www.sorosoro.org\/en\/northern-nambiquara\">Northern Nambiquara<\/a>, Southern Nambiquara and <a href=\"https:\/\/www.sorosoro.org\/en\/sabane\">Saban\u00ea<\/a>. To date, no relation between these languages and any other language family has been proven.<\/em><\/p>\n<p style=\"text-align: justify;\"><em>This language family is sometimes considered to be a single language isolate made up of numerous dialects. Here we follow the classifications proposed by Fabre (2005) and Ivan Lowe (1999).<\/em><\/p>\n<p style=\"text-align: justify;\"><strong>Geographic area<\/strong>: Brazil. Mato Grosso State. Speakers of Southern Nambiquara dialects live along the Juruena River, the Guapor\u00e9 River, on the Chapada dos Parecis Plateau, along the Galera River and the Sarar\u00e9 Valley.<\/p>\n<p style=\"text-align: justify;\"><strong>Number of speakers<\/strong>:  It is difficult to obtain exact figures on the number of speakers of variants of Southern Nambiquara. The total Nambiquara population is 1595 according to the <a href=\"http:\/\/www.socioambiental.org\/\" target=\"_blank\">ISA<\/a> (FUNASA, 2010).<\/p>\n<p style=\"text-align: justify;\">UNESCO gives a figure of 721 speakers for dialects of Southern Nambiquara, whilst the <em>Linguam\u00f3n <\/em>website gives an approximate figure of 900 speakers. In reality the population may be slightly higher, numbering one thousand or more taking into account ISA figures<\/p>\n<p style=\"text-align: justify;\"><strong>Language status<\/strong>: No official status<\/p>\n<p style=\"text-align: justify;\">According to <em>Linguam\u00f3n<\/em>: &#8220;Portuguese is Brazil&#8217;s only official language. The country&#8217;s only linguistic legislation concerning other tongues refers to schooling and is restricted to bilingual and intercultural primary education (exclusively in indigenous communities), although there are actually few trained bilingual teachers.&#8221;<\/p>\n<p style=\"text-align: justify;\"><strong>Vitality and transmission<\/strong>: UNESCO considers Southern Nambiquara to be \u201cvulnerable\u201d (level 1 on a scale of 5). The whole population is able to speak the language. However, many dialects of Southern Nambiquara have disappeared.<\/p>\n<p style=\"text-align: justify;\">The Nambiquara populations are currently able to maintain active usage of their languages, thanks to their relative isolation. This isolation, however, much like their way of life, environment and culture faces very real threats.<\/p>\n<p style=\"text-align: justify;\">\n<h5 style=\"text-align: justify;\">Historical details<\/h5>\n<p style=\"text-align: justify;\">The Nambiquara live where two ecosystems meet: between the savannahs of Cerrado and primeval Amazon rainforest. They are best known for having been studied by Claude L\u00e9vi-Strauss, who spent time with them in 1938.<\/p>\n<p style=\"text-align: justify;\">The first contact with the Nambiquara probably did not take place until the mid-18th Century, when gold prospectors first arrived in the region. At the time they were given the name \u201cCabixi\u201d, a term which has since fallen into disuse.<\/p>\n<p style=\"text-align: justify;\">Gold digging in territory occupied by the Nambiquara gave way to numerous armed conflicts between the land\u2019s indigenous inhabitants and those living in the small villages which sprung up around the mines. These conflicts lasted until the mines were abandoned, exhausted, at the end of the 19th Century.<\/p>\n<p style=\"text-align: justify;\">Once the gold miners had left, rubber tappers took their place. The conflicts turned out yet more violent for the Nambiquara who saw entire villages destroyed, men massacred or forced into slavery and women kidnapped by settlers.<\/p>\n<p style=\"text-align: justify;\">The territories which were thereafter allocated to the Nambiquara by the government have long been fragmented, arid and under constant pressure from the ongoing exploitation of the forests and lands of their ancestors. In the 1960s, for example, the most fertile land of the Guapor\u00e9 Valley was sold to government-financed agricultural companies. In the 1980s the World Bank financed the construction of a road linking Cuiab\u00e1 to Porto Velho, cutting in half the Guapor\u00e9 Valley, the heart of the Nambiquara territory.<\/p>\n<p style=\"text-align: justify;\">Despite conflict, damage to the environment, land occupied by farms, and, of course, epidemics contracted as a result of contact with colonial society, the Nambiquara have managed to avoid being completely decimated. L\u00e9vi-Strauss estimated that at the beginning of the 20th Century the total Nambiquara population reached 10 000 people and that in 1938, when he spent time with them, it stood their total population at 2000 \u2013 3000 people. In 1969 a census by Price put the number of Nambiquara at 500.<\/p>\n<p style=\"text-align: justify;\">At the end of the 20th Century the Nambiquara population started to increase once again, slowly. But despite this demographic resurgence, numerous groups had disappeared or had been reduced to a few individuals. This is the case of the surviving Da\u2019wend\u00e9 and Saban\u00ea groups, who merged with the Northern Nambiquara Mamainde people, and currently live amongst them in the Capit\u00e3o Pedro Indigenous Territory. In total almost ten Nambiquara groups have disappeared.<\/p>\n<p style=\"text-align: justify;\">It took almost 50 years for the Brazilian government to allocate them sufficient territories, where they could live in near-autonomy. To date, the surviving Nambiquara occupy 9 \u201creserves\u201d, forming a scattered territory which represents only a small portion of that which they occupied prior to colonisation.<\/p>\n<p style=\"text-align: justify;\">\n<p style=\"text-align: justify;\">For more information about the Nambiquara, as well as the work of Claude L\u00e9vi-Strauss, see the pages dedicated to them on the indispensable ISA website, <a href=\"http:\/\/pib.socioambiental.org\/en\/povo\/nambikwara\" target=\"_blank\"><em>Povos Ind\u00edgenas no Brasil<\/em><\/a>.<\/p>\n<p style=\"text-align: justify;\">\n<h5 style=\"text-align: justify;\">Sources<\/h5>\n<p style=\"text-align: justify;\">Castro Alv\u00e8s, Flavia de (2010) <em>Brazil Amz\u00f3nico<\/em>. In \u00ab <a href=\"http:\/\/www.movilizando.org\/atlas_tomo1\/pages\/tomo_1.pdf\" target=\"_blank\">Atlas socioling\u00fc\u00edstico de pueblos ind\u00edgenas en Am\u00e9rica Latina<\/a> \u00bb, UNICEF. Tome 1, Pp 245- 264<\/p>\n<p style=\"text-align: justify;\">Fabre, Alain. 2005. <em>Diccionario etnoling\u00fc\u00edstico y gu\u00eda bibliogr\u00e1fica de los pueblos ind\u00edgenas sudamericanos<\/em>. <a href=\"http:\/\/butler.cc.tut.fi\/~fabre\/BookInternetVersio\/Dic=Nambikwara.pdf\" target=\"_blank\">Avaliable online<\/a> [18\/08\/2011]<\/p>\n<p style=\"text-align: justify;\">\n<h5 style=\"text-align: justify;\">Online sources<\/h5>\n<p style=\"text-align: justify;\"><a href=\"http:\/\/pib.socioambiental.org\/en\/povo\/nambikwara\" target=\"_blank\">Page dedicated to the Nambiquara on the <em>Povos Ind\u00edgenas no Brasil<\/em> website<\/a> (in English\/Portuguese) [18\/08\/2011]<\/p>\n<p style=\"text-align: justify;\"><a href=\"http:\/\/www10.gencat.net\/pres_casa_llengues\/AppJava\/frontend\/llengues_detall.jsp?id=208&amp;idioma=5\" target=\"_blank\">Page dedicated to the Nambiquara on the <em>Linguam\u00f3n <\/em>website<\/a> [18\/08\/2011]<\/p>\n<p style=\"text-align: justify;\">\n<h5 style=\"text-align: justify;\">Further bibliography<\/h5>\n<p style=\"text-align: justify;\">Cook, Cecil E. &#8211; David Price 1969. <em>The present situation of the Nambiquara<\/em>. AA 71\/4: 688-693.<\/p>\n<p style=\"text-align: justify;\">L\u00e9vi-Strauss, Claude 1948. \u00ab La vie familiale et sociale des Indiens Nambiquara \u00bb. <em>JSAP <\/em>37: 1-32.<\/p>\n<p style=\"text-align: justify;\">L\u00e9vi-Strauss, Claude. 1955. \u00ab Nambikwara \u00bb. In Claude L\u00e9vi-Strauss, <em>Tristes tropiques<\/em> : 287-377. Par\u00eds.<\/p>\n<p style=\"text-align: justify;\">Lowe, Ivan . 1999. \u00ab Nambiquara \u00bb. In R.M.W. Dixon and Alexandra Y.Aikhenvald, (eds) <em>The Amazonian languages<\/em>,  Cambridge University Press.<\/p>\n<p style=\"text-align: justify;\">Price, David 1972. <em>Nambiquara society<\/em>. Ph.D. diss., Dept. of Anthropology. University of Chicago.<\/p>\n<p style=\"text-align: justify;\">Price, David. 1976. \u00ab Southern Nambiquara phonology \u00bb. <em>IJAL <\/em>42\/4: 338-348.<\/p>\n<p style=\"text-align: justify;\">Voort, Hein van der 1996. \u00ab Linguistic fieldwork among the Indians in the South of Rond\u00f4nia, Brazil \u00bb. <em>Yumtzilob <\/em>8\/4: 359-386. Rotterdam.<\/p>\n<p style=\"text-align: justify;\">\n<p style=\"text-align: justify;\">See the <a href=\"http:\/\/www.movilizando.org\/atlas_tomo1\/pages\/tomo_1.pdf\" target=\"_blank\"><em>Atlas socioling\u00fc\u00edstico de pueblos ind\u00edgenas en Am\u00e9rica Latina<\/em><\/a> and <a href=\"http:\/\/butler.cc.tut.fi\/%7Efabre\/BookInternetVersio\/Dic=Nambikwara.pdf\" target=\"_blank\">Fabre (2005)<\/a> for a more complete bibliography.<\/p>\n<p style=\"text-align: justify;\">\n<p style=\"text-align: justify;\">\n<p style=\"text-align: justify;\">\n","protected":false},"excerpt":{"rendered":"<p>Data collected by UNICEF Data on Southern Nambiquara Alternative names: Southern Nambiquara, kith\u00e3ulh\u00fa, hahaintesu, wasusu, alatesu, waikisu, halot\u00e9su, sawent\u00e9su, wakalitesu, alakatesu, niyahl\u00f3s\u00fa, si\u2019waisu, lunkatesu, manduka, w\u00e3nairisu. According to L\u00e9vi-Strauss, the name \u201cnambiquara\u201d or \u201cnambikwara\u201d is of Tupi origin. The other names are those of Southern Nambiquara groups, each believed to have their own dialectal variants. [&hellip;]<\/p>\n","protected":false},"author":18,"featured_media":0,"parent":0,"menu_order":0,"comment_status":"closed","ping_status":"open","template":"","meta":{"footnotes":""},"class_list":["post-59952","page","type-page","status-publish","hentry"],"yoast_head":"<!-- This site is optimized with the Yoast SEO plugin v27.0 - https:\/\/yoast.com\/product\/yoast-seo-wordpress\/ -->\n<title>Southern Nambiquara - Sorosoro<\/title>\n<meta name=\"robots\" content=\"index, follow, max-snippet:-1, max-image-preview:large, max-video-preview:-1\" \/>\n<link rel=\"canonical\" href=\"https:\/\/www.sorosoro.org\/en\/southern-nambiquara\/\" \/>\n<meta property=\"og:locale\" content=\"en_US\" \/>\n<meta property=\"og:type\" content=\"article\" \/>\n<meta property=\"og:title\" content=\"Southern Nambiquara - Sorosoro\" \/>\n<meta property=\"og:description\" content=\"Data collected by UNICEF Data on Southern Nambiquara Alternative names: Southern Nambiquara, kith\u00e3ulh\u00fa, hahaintesu, wasusu, alatesu, waikisu, halot\u00e9su, sawent\u00e9su, wakalitesu, alakatesu, niyahl\u00f3s\u00fa, si\u2019waisu, lunkatesu, manduka, w\u00e3nairisu. According to L\u00e9vi-Strauss, the name \u201cnambiquara\u201d or \u201cnambikwara\u201d is of Tupi origin. The other names are those of Southern Nambiquara groups, each believed to have their own dialectal variants. [&hellip;]\" \/>\n<meta property=\"og:url\" content=\"https:\/\/www.sorosoro.org\/en\/southern-nambiquara\/\" \/>\n<meta property=\"og:site_name\" content=\"Sorosoro\" \/>\n<meta property=\"article:modified_time\" content=\"2011-10-26T14:33:39+00:00\" \/>\n<meta name=\"twitter:card\" content=\"summary_large_image\" \/>\n<meta name=\"twitter:label1\" content=\"Est. reading time\" \/>\n\t<meta name=\"twitter:data1\" content=\"5 minutes\" \/>\n<script type=\"application\/ld+json\" class=\"yoast-schema-graph\">{\"@context\":\"https:\/\/schema.org\",\"@graph\":[{\"@type\":\"WebPage\",\"@id\":\"https:\/\/www.sorosoro.org\/en\/southern-nambiquara\/\",\"url\":\"https:\/\/www.sorosoro.org\/en\/southern-nambiquara\/\",\"name\":\"Southern Nambiquara - Sorosoro\",\"isPartOf\":{\"@id\":\"https:\/\/www.sorosoro.org\/en\/#website\"},\"datePublished\":\"2011-10-26T14:22:21+00:00\",\"dateModified\":\"2011-10-26T14:33:39+00:00\",\"breadcrumb\":{\"@id\":\"https:\/\/www.sorosoro.org\/en\/southern-nambiquara\/#breadcrumb\"},\"inLanguage\":\"en-US\",\"potentialAction\":[{\"@type\":\"ReadAction\",\"target\":[\"https:\/\/www.sorosoro.org\/en\/southern-nambiquara\/\"]}]},{\"@type\":\"BreadcrumbList\",\"@id\":\"https:\/\/www.sorosoro.org\/en\/southern-nambiquara\/#breadcrumb\",\"itemListElement\":[{\"@type\":\"ListItem\",\"position\":1,\"name\":\"Accueil\",\"item\":\"https:\/\/www.sorosoro.org\/en\/\"},{\"@type\":\"ListItem\",\"position\":2,\"name\":\"Southern Nambiquara\"}]},{\"@type\":\"WebSite\",\"@id\":\"https:\/\/www.sorosoro.org\/en\/#website\",\"url\":\"https:\/\/www.sorosoro.org\/en\/\",\"name\":\"Sorosoro\",\"description\":\"Pour que vivent les langues du monde !\",\"potentialAction\":[{\"@type\":\"SearchAction\",\"target\":{\"@type\":\"EntryPoint\",\"urlTemplate\":\"https:\/\/www.sorosoro.org\/en\/?s={search_term_string}\"},\"query-input\":{\"@type\":\"PropertyValueSpecification\",\"valueRequired\":true,\"valueName\":\"search_term_string\"}}],\"inLanguage\":\"en-US\"}]}<\/script>\n<!-- \/ Yoast SEO plugin. -->","yoast_head_json":{"title":"Southern Nambiquara - Sorosoro","robots":{"index":"index","follow":"follow","max-snippet":"max-snippet:-1","max-image-preview":"max-image-preview:large","max-video-preview":"max-video-preview:-1"},"canonical":"https:\/\/www.sorosoro.org\/en\/southern-nambiquara\/","og_locale":"en_US","og_type":"article","og_title":"Southern Nambiquara - Sorosoro","og_description":"Data collected by UNICEF Data on Southern Nambiquara Alternative names: Southern Nambiquara, kith\u00e3ulh\u00fa, hahaintesu, wasusu, alatesu, waikisu, halot\u00e9su, sawent\u00e9su, wakalitesu, alakatesu, niyahl\u00f3s\u00fa, si\u2019waisu, lunkatesu, manduka, w\u00e3nairisu. According to L\u00e9vi-Strauss, the name \u201cnambiquara\u201d or \u201cnambikwara\u201d is of Tupi origin. The other names are those of Southern Nambiquara groups, each believed to have their own dialectal variants. [&hellip;]","og_url":"https:\/\/www.sorosoro.org\/en\/southern-nambiquara\/","og_site_name":"Sorosoro","article_modified_time":"2011-10-26T14:33:39+00:00","twitter_card":"summary_large_image","twitter_misc":{"Est. reading time":"5 minutes"},"schema":{"@context":"https:\/\/schema.org","@graph":[{"@type":"WebPage","@id":"https:\/\/www.sorosoro.org\/en\/southern-nambiquara\/","url":"https:\/\/www.sorosoro.org\/en\/southern-nambiquara\/","name":"Southern Nambiquara - Sorosoro","isPartOf":{"@id":"https:\/\/www.sorosoro.org\/en\/#website"},"datePublished":"2011-10-26T14:22:21+00:00","dateModified":"2011-10-26T14:33:39+00:00","breadcrumb":{"@id":"https:\/\/www.sorosoro.org\/en\/southern-nambiquara\/#breadcrumb"},"inLanguage":"en-US","potentialAction":[{"@type":"ReadAction","target":["https:\/\/www.sorosoro.org\/en\/southern-nambiquara\/"]}]},{"@type":"BreadcrumbList","@id":"https:\/\/www.sorosoro.org\/en\/southern-nambiquara\/#breadcrumb","itemListElement":[{"@type":"ListItem","position":1,"name":"Accueil","item":"https:\/\/www.sorosoro.org\/en\/"},{"@type":"ListItem","position":2,"name":"Southern Nambiquara"}]},{"@type":"WebSite","@id":"https:\/\/www.sorosoro.org\/en\/#website","url":"https:\/\/www.sorosoro.org\/en\/","name":"Sorosoro","description":"Pour que vivent les langues du monde !","potentialAction":[{"@type":"SearchAction","target":{"@type":"EntryPoint","urlTemplate":"https:\/\/www.sorosoro.org\/en\/?s={search_term_string}"},"query-input":{"@type":"PropertyValueSpecification","valueRequired":true,"valueName":"search_term_string"}}],"inLanguage":"en-US"}]}},"_links":{"self":[{"href":"https:\/\/www.sorosoro.org\/en\/wp-json\/wp\/v2\/pages\/59952","targetHints":{"allow":["GET"]}}],"collection":[{"href":"https:\/\/www.sorosoro.org\/en\/wp-json\/wp\/v2\/pages"}],"about":[{"href":"https:\/\/www.sorosoro.org\/en\/wp-json\/wp\/v2\/types\/page"}],"author":[{"embeddable":true,"href":"https:\/\/www.sorosoro.org\/en\/wp-json\/wp\/v2\/users\/18"}],"replies":[{"embeddable":true,"href":"https:\/\/www.sorosoro.org\/en\/wp-json\/wp\/v2\/comments?post=59952"}],"version-history":[{"count":0,"href":"https:\/\/www.sorosoro.org\/en\/wp-json\/wp\/v2\/pages\/59952\/revisions"}],"wp:attachment":[{"href":"https:\/\/www.sorosoro.org\/en\/wp-json\/wp\/v2\/media?parent=59952"}],"curies":[{"name":"wp","href":"https:\/\/api.w.org\/{rel}","templated":true}]}}