{"id":59949,"date":"2011-10-26T16:10:20","date_gmt":"2011-10-26T14:10:20","guid":{"rendered":"http:\/\/www.sorosoro.org\/?page_id=59949"},"modified":"2011-10-26T16:33:33","modified_gmt":"2011-10-26T14:33:33","slug":"northern-nambiquara","status":"publish","type":"page","link":"https:\/\/www.sorosoro.org\/en\/northern-nambiquara\/","title":{"rendered":"Northern Nambiquara"},"content":{"rendered":"<p style=\"text-align: justify;\"><em>Data collected by UNICEF<\/em><\/p>\n<h5 style=\"text-align: justify;\">Data on Northern Nambiquara<\/h5>\n<p style=\"text-align: justify;\"><strong>Alternative names<\/strong>: Northern Nambikwara, mamainde, nakarothe, nagarot\u00fa, negarot\u00ea, lakond\u00ea, latund\u00ea, tawand\u00ea, yalakalor\u00ea.<\/p>\n<p style=\"text-align: justify;\"><em>According to L\u00e9vi-Strauss, the name \u201cnambiquara\u201d or \u201cnambikwara\u201d is of Tupi origin. The other names are those of Northern Nambiquara groups, each believed to have their own dialectal variants.<\/em><\/p>\n<p style=\"text-align: justify;\"><strong>Dialects and variants<\/strong>: Northern Nambiquara is a collection of mutually-intelligible dialects, of which Mamainde and Nakarothe (Negarot\u00ea) are most widely spoken. Other variants such as Lakond\u00ea, Tawand\u00ea and Yalakalor\u00ea are moribund or extinct.<\/p>\n<p style=\"text-align: justify;\"><strong>Classification<\/strong>: <a href=\"https:\/\/www.sorosoro.org\/en\/nambiquara-languages\" target=\"_blank\">Nambiquara language family<\/a><\/p>\n<p style=\"text-align: justify;\"><em>This small language family is generally considered to be composed of three dialect groups: Northern Nambiquara, <a href=\"https:\/\/www.sorosoro.org\/en\/southern-nambiquara\">Southern Nambiquara<\/a> and <a href=\"https:\/\/www.sorosoro.org\/en\/sabane\">Saban\u00ea<\/a>. To date, no relation between these languages and any other language family has been proven.<\/em><\/p>\n<p style=\"text-align: justify;\"><em>This language family is sometimes considered to be a single language isolate made up of numerous dialects. Here we follow the classifications proposed by Fabre (2005) and Ivan Lowe (1999).<\/em><\/p>\n<p style=\"text-align: justify;\"><strong>Geographic area<\/strong>: Brazil. Mato Grosso State. The speakers of Northern Nambiquara variants reside principally in three Indigenous Territories, along the Roosevelt and Tenente Marques Rivers, as well the Cabixi and Piolho Rivers in the northwest.<\/p>\n<p style=\"text-align: justify;\"><strong>Number of speakers<\/strong>: It is difficult to obtain exact figures on the number of speakers of variants of Northern Nambiquara. The total Nambiquara population is 1595 according to the <a href=\"http:\/\/www.socioambiental.org\/\" target=\"_blank\">ISA<\/a> (FUNASA, 2010).<\/p>\n<p style=\"text-align: justify;\">UNESCO gives an estimate of 320 speakers of Northern Nambiquara variants, whilst SIL gives an estimate of around 350 speakers, of which 330 are speakers of the Mamainde dialect.<\/p>\n<p style=\"text-align: justify;\"><strong>Language status<\/strong>: No official status<\/p>\n<p style=\"text-align: justify;\">According to <em>Linguam\u00f3n <\/em>: &#8220;Portuguese is Brazil&#8217;s only official language. The country&#8217;s only linguistic legislation concerning other tongues refers to schooling and is restricted to bilingual and intercultural primary education (exclusively in indigenous communities), although there are actually few trained bilingual teachers.&#8221;<\/p>\n<p style=\"text-align: justify;\"><strong>Vitality and transmission<\/strong>: UNESCO considers Northern Nambiquara to be &#8220;vulnerable&#8221; (level 1 on a scale of 5). The whole population is able to speak the language. However, many dialects of Northern Nambiquara have disappeared or are about to disappear. In the short term, only the Mamainde dialect may survive.<\/p>\n<p style=\"text-align: justify;\">The Nambiquara populations are currently able to maintain active usage of their languages, thanks to their relative isolation. This isolation, however, much like their way of life, environment and culture faces very real threats.<\/p>\n<p style=\"text-align: justify;\">\n<h5 style=\"text-align: justify;\">Historical details<\/h5>\n<p style=\"text-align: justify;\">The Nambiquara live where two ecosystems meet: between the savannahs of Cerrado and primeval Amazon rainforest. They are best known for having been studied by Claude L\u00e9vi-Strauss, who spent time with them in 1938.<\/p>\n<p style=\"text-align: justify;\">The first contact with the Nambiquara probably did not take place until the mid-18th Century, when gold prospectors first arrived in the region. At the time they were given the name \u201cCabixi\u201d, a term which has since fallen into disuse.<\/p>\n<p style=\"text-align: justify;\">Gold digging in territory occupied by the Nambiquara gave way to numerous armed conflicts between the land\u2019s indigenous inhabitants and those living in the small villages which sprung up around the mines. These conflicts lasted until the mines were abandoned, exhausted, at the end of the 19th Century.<\/p>\n<p style=\"text-align: justify;\">Once the gold miners had left, rubber tappers took their place. The conflicts turned out yet more violent for the Nambiquara who saw entire villages destroyed, men massacred or forced into slavery and women kidnapped by settlers.<\/p>\n<p style=\"text-align: justify;\">The territories which were thereafter allocated to the Nambiquara by the government have long been fragmented, arid and under constant pressure from the ongoing exploitation of the forests and lands of their ancestors. In the 1960s, for example, the most fertile land of the Guapor\u00e9 Valley was sold to government-financed agricultural companies. In the 1980s the World Bank financed the construction of a road linking Cuiab\u00e1 to Porto Velho, cutting in half the Guapor\u00e9 Valley, the heart of the Nambiquara territory.<\/p>\n<p style=\"text-align: justify;\">Despite conflict, damage to the environment, land occupied by farms, and, of course, epidemics contracted as a result of contact with colonial society, the Nambiquara have managed to avoid being completely decimated. L\u00e9vi-Strauss estimated that at the beginning of the 20th Century the total Nambiquara population reached 10 000 people and that in 1938, when he spent time with them, it stood their total population at 2000 \u2013 3000 people. In 1969 a census by Price put the number of Nambiquara at 500.<\/p>\n<p style=\"text-align: justify;\">At the end of the 20th Century the Nambiquara population started to increase once again, slowly. But despite this demographic resurgence, numerous groups had disappeared or had been reduced to a few individuals. This is the case of the surviving Da\u2019wend\u00e9 and Saban\u00ea groups, who merged with the Northern Nambiquara Mamainde people, and currently live amongst them in the Capit\u00e3o Pedro Indigenous Territory. In total almost ten Nambiquara groups have disappeared.<\/p>\n<p style=\"text-align: justify;\">It took almost 50 years for the Brazilian government to allocate them sufficient territories, where they could live in near-autonomy. To date, the surviving Nambiquara occupy 9 \u201creserves\u201d, forming a scattered territory which represents only a small portion of that which they occupied prior to colonisation.<\/p>\n<p style=\"text-align: justify;\">\n<p style=\"text-align: justify;\">For more information about the Nambiquara, as well as the work of Claude L\u00e9vi-Strauss, see the pages dedicated to them on the indispensable ISA website, <em><a href=\"http:\/\/pib.socioambiental.org\/en\/povo\/nambikwara\" target=\"_blank\">Povos Ind\u00edgenas no Brasil<\/a><\/em>.<\/p>\n<p style=\"text-align: justify;\">\n<h5 style=\"text-align: justify;\">Sources<\/h5>\n<p style=\"text-align: justify;\">Castro Alv\u00e8s, Flavia de (2010) <em>Brazil Amz\u00f3nico<\/em>. In \u00ab <a href=\"http:\/\/www.movilizando.org\/atlas_tomo1\/pages\/tomo_1.pdf\" target=\"_blank\">Atlas socioling\u00fc\u00edstico de pueblos ind\u00edgenas en Am\u00e9rica Latina<\/a> \u00bb, UNICEF. Tome 1, Pp 245- 264<\/p>\n<p style=\"text-align: justify;\">Fabre, Alain. 2005. <em>Diccionario etnoling\u00fc\u00edstico y gu\u00eda bibliogr\u00e1fica de los pueblos ind\u00edgenas sudamericanos<\/em>. <a href=\"http:\/\/butler.cc.tut.fi\/~fabre\/BookInternetVersio\/Dic=Nambikwara.pdf\" target=\"_blank\">Avaliable online<\/a> [18\/08\/2011]<\/p>\n<p style=\"text-align: justify;\">\n<h5 style=\"text-align: justify;\">Online Sources<\/h5>\n<p style=\"text-align: justify;\"><a href=\"http:\/\/pib.socioambiental.org\/en\/povo\/nambikwara\" target=\"_blank\">Pages dedicated to the Nambiquara on the <em>Povos Ind\u00edgenas no Brasil<\/em> website<\/a> (in English\/Portuguese) [18\/08\/2011]<\/p>\n<p style=\"text-align: justify;\"><a href=\"http:\/\/www10.gencat.net\/pres_casa_llengues\/AppJava\/frontend\/llengues_detall.jsp?id=209&amp;idioma=5\" target=\"_blank\">Page dedicated to the Saban\u00ea on the <em>Linguam\u00f3n <\/em>website<\/a> [18\/08\/2011]<\/p>\n<p style=\"text-align: justify;\">\n<h5 style=\"text-align: justify;\">Further bibliography<\/h5>\n<p style=\"text-align: justify;\">Cook, Cecil E. &#8211; David Price 1969. <em>The present situation of the Nambiquar<\/em>a. AA 71\/4: 688-693.<\/p>\n<p style=\"text-align: justify;\">Eberhard, David. 2009. <em>Mamaind\u00ea Grammar. A Northern Nambikwara language and its cultural context<\/em>. Ph.D. diss. Amsterdam: Vrije Universiteit<\/p>\n<p style=\"text-align: justify;\">Gomes, Maria Antonieta Coelho Ferreira 1979.<em> O princ\u00edpio da hierarquiza\u00e7\u00e3o tonal: constata\u00e7\u00f5es emp\u00edricas em Nambiquara e Mamaind\u00e9<\/em> (MT). Disserta\u00e7\u00e3o de Mestrado. Salvador: UFBA.<\/p>\n<p style=\"text-align: justify;\">Kingston, Peter. 1991. <em>Dicion\u00e1rio Mamaind\u00e9-Portugu\u00eas\/Portugu\u00eas-Mamaind\u00e9<\/em>. Cuiab\u00e1: SIL.<\/p>\n<p style=\"text-align: justify;\">L\u00e9vi-Strauss, Claude 1948. \u00ab La vie familiale et sociale des Indiens Nambiquara \u00bb. <em>JSAP <\/em>37: 1-32.<\/p>\n<p style=\"text-align: justify;\">L\u00e9vi-Strauss, Claude. 1955. \u00ab Nambikwara \u00bb. In Claude L\u00e9vi-Strauss, <em>Tristes tropiques <\/em>: 287-377. Par\u00eds.<\/p>\n<p style=\"text-align: justify;\">Lowe, Ivan . 1999. \u00ab Nambiquara \u00bb  In R.M.W. Dixon and Alexandra Y.Aikhenvald, (eds) <em>The Amazonian languages<\/em>,  Cambridge University Press.<\/p>\n<p style=\"text-align: justify;\">Price, David 1972.<em> Nambiquara society<\/em>. Ph.D. diss., Dept. of Anthropology. University of Chicago.<\/p>\n<p style=\"text-align: justify;\">Telles, Stella .1999. <em>Latunde grammar<\/em>. Amsterdam (ms.).<\/p>\n<p style=\"text-align: justify;\">Voort, Hein van der 1996. \u00ab Linguistic fieldwork among the Indians in the South of Rond\u00f4nia, Brazil \u00bb. <em>Yumtzilob <\/em>8\/4: 359-386. Rotterdam.<\/p>\n<p style=\"text-align: justify;\">\n<p style=\"text-align: justify;\">See the <a href=\"http:\/\/www.movilizando.org\/atlas_tomo1\/pages\/tomo_1.pdf\" target=\"_blank\"><em>Atlas socioling\u00fc\u00edstico de pueblos ind\u00edgenas en Am\u00e9rica Latina<\/em><\/a> and <a href=\"http:\/\/butler.cc.tut.fi\/%7Efabre\/BookInternetVersio\/Dic=Nambikwara.pdf\" target=\"_blank\">Fabre (2005)<\/a> for a more complete bibliography.<\/p>\n<p style=\"text-align: justify;\">\n<p style=\"text-align: justify;\">\n<p style=\"text-align: justify;\">\n<p style=\"text-align: justify;\">\n","protected":false},"excerpt":{"rendered":"<p>Data collected by UNICEF Data on Northern Nambiquara Alternative names: Northern Nambikwara, mamainde, nakarothe, nagarot\u00fa, negarot\u00ea, lakond\u00ea, latund\u00ea, tawand\u00ea, yalakalor\u00ea. According to L\u00e9vi-Strauss, the name \u201cnambiquara\u201d or \u201cnambikwara\u201d is of Tupi origin. The other names are those of Northern Nambiquara groups, each believed to have their own dialectal variants. Dialects and variants: Northern Nambiquara is [&hellip;]<\/p>\n","protected":false},"author":18,"featured_media":0,"parent":0,"menu_order":0,"comment_status":"closed","ping_status":"open","template":"","meta":{"footnotes":""},"class_list":["post-59949","page","type-page","status-publish","hentry"],"yoast_head":"<!-- This site is optimized with the Yoast SEO plugin v27.0 - https:\/\/yoast.com\/product\/yoast-seo-wordpress\/ -->\n<title>Northern Nambiquara - Sorosoro<\/title>\n<meta name=\"robots\" content=\"index, follow, max-snippet:-1, max-image-preview:large, max-video-preview:-1\" \/>\n<link rel=\"canonical\" href=\"https:\/\/www.sorosoro.org\/en\/northern-nambiquara\/\" \/>\n<meta property=\"og:locale\" content=\"en_US\" \/>\n<meta property=\"og:type\" content=\"article\" \/>\n<meta property=\"og:title\" content=\"Northern Nambiquara - Sorosoro\" \/>\n<meta property=\"og:description\" content=\"Data collected by UNICEF Data on Northern Nambiquara Alternative names: Northern Nambikwara, mamainde, nakarothe, nagarot\u00fa, negarot\u00ea, lakond\u00ea, latund\u00ea, tawand\u00ea, yalakalor\u00ea. According to L\u00e9vi-Strauss, the name \u201cnambiquara\u201d or \u201cnambikwara\u201d is of Tupi origin. The other names are those of Northern Nambiquara groups, each believed to have their own dialectal variants. Dialects and variants: Northern Nambiquara is [&hellip;]\" \/>\n<meta property=\"og:url\" content=\"https:\/\/www.sorosoro.org\/en\/northern-nambiquara\/\" \/>\n<meta property=\"og:site_name\" content=\"Sorosoro\" \/>\n<meta property=\"article:modified_time\" content=\"2011-10-26T14:33:33+00:00\" \/>\n<meta name=\"twitter:card\" content=\"summary_large_image\" \/>\n<meta name=\"twitter:label1\" content=\"Est. reading time\" \/>\n\t<meta name=\"twitter:data1\" content=\"5 minutes\" \/>\n<script type=\"application\/ld+json\" class=\"yoast-schema-graph\">{\"@context\":\"https:\/\/schema.org\",\"@graph\":[{\"@type\":\"WebPage\",\"@id\":\"https:\/\/www.sorosoro.org\/en\/northern-nambiquara\/\",\"url\":\"https:\/\/www.sorosoro.org\/en\/northern-nambiquara\/\",\"name\":\"Northern Nambiquara - Sorosoro\",\"isPartOf\":{\"@id\":\"https:\/\/www.sorosoro.org\/en\/#website\"},\"datePublished\":\"2011-10-26T14:10:20+00:00\",\"dateModified\":\"2011-10-26T14:33:33+00:00\",\"breadcrumb\":{\"@id\":\"https:\/\/www.sorosoro.org\/en\/northern-nambiquara\/#breadcrumb\"},\"inLanguage\":\"en-US\",\"potentialAction\":[{\"@type\":\"ReadAction\",\"target\":[\"https:\/\/www.sorosoro.org\/en\/northern-nambiquara\/\"]}]},{\"@type\":\"BreadcrumbList\",\"@id\":\"https:\/\/www.sorosoro.org\/en\/northern-nambiquara\/#breadcrumb\",\"itemListElement\":[{\"@type\":\"ListItem\",\"position\":1,\"name\":\"Accueil\",\"item\":\"https:\/\/www.sorosoro.org\/en\/\"},{\"@type\":\"ListItem\",\"position\":2,\"name\":\"Northern Nambiquara\"}]},{\"@type\":\"WebSite\",\"@id\":\"https:\/\/www.sorosoro.org\/en\/#website\",\"url\":\"https:\/\/www.sorosoro.org\/en\/\",\"name\":\"Sorosoro\",\"description\":\"Pour que vivent les langues du monde !\",\"potentialAction\":[{\"@type\":\"SearchAction\",\"target\":{\"@type\":\"EntryPoint\",\"urlTemplate\":\"https:\/\/www.sorosoro.org\/en\/?s={search_term_string}\"},\"query-input\":{\"@type\":\"PropertyValueSpecification\",\"valueRequired\":true,\"valueName\":\"search_term_string\"}}],\"inLanguage\":\"en-US\"}]}<\/script>\n<!-- \/ Yoast SEO plugin. -->","yoast_head_json":{"title":"Northern Nambiquara - Sorosoro","robots":{"index":"index","follow":"follow","max-snippet":"max-snippet:-1","max-image-preview":"max-image-preview:large","max-video-preview":"max-video-preview:-1"},"canonical":"https:\/\/www.sorosoro.org\/en\/northern-nambiquara\/","og_locale":"en_US","og_type":"article","og_title":"Northern Nambiquara - Sorosoro","og_description":"Data collected by UNICEF Data on Northern Nambiquara Alternative names: Northern Nambikwara, mamainde, nakarothe, nagarot\u00fa, negarot\u00ea, lakond\u00ea, latund\u00ea, tawand\u00ea, yalakalor\u00ea. According to L\u00e9vi-Strauss, the name \u201cnambiquara\u201d or \u201cnambikwara\u201d is of Tupi origin. The other names are those of Northern Nambiquara groups, each believed to have their own dialectal variants. Dialects and variants: Northern Nambiquara is [&hellip;]","og_url":"https:\/\/www.sorosoro.org\/en\/northern-nambiquara\/","og_site_name":"Sorosoro","article_modified_time":"2011-10-26T14:33:33+00:00","twitter_card":"summary_large_image","twitter_misc":{"Est. reading time":"5 minutes"},"schema":{"@context":"https:\/\/schema.org","@graph":[{"@type":"WebPage","@id":"https:\/\/www.sorosoro.org\/en\/northern-nambiquara\/","url":"https:\/\/www.sorosoro.org\/en\/northern-nambiquara\/","name":"Northern Nambiquara - Sorosoro","isPartOf":{"@id":"https:\/\/www.sorosoro.org\/en\/#website"},"datePublished":"2011-10-26T14:10:20+00:00","dateModified":"2011-10-26T14:33:33+00:00","breadcrumb":{"@id":"https:\/\/www.sorosoro.org\/en\/northern-nambiquara\/#breadcrumb"},"inLanguage":"en-US","potentialAction":[{"@type":"ReadAction","target":["https:\/\/www.sorosoro.org\/en\/northern-nambiquara\/"]}]},{"@type":"BreadcrumbList","@id":"https:\/\/www.sorosoro.org\/en\/northern-nambiquara\/#breadcrumb","itemListElement":[{"@type":"ListItem","position":1,"name":"Accueil","item":"https:\/\/www.sorosoro.org\/en\/"},{"@type":"ListItem","position":2,"name":"Northern Nambiquara"}]},{"@type":"WebSite","@id":"https:\/\/www.sorosoro.org\/en\/#website","url":"https:\/\/www.sorosoro.org\/en\/","name":"Sorosoro","description":"Pour que vivent les langues du monde !","potentialAction":[{"@type":"SearchAction","target":{"@type":"EntryPoint","urlTemplate":"https:\/\/www.sorosoro.org\/en\/?s={search_term_string}"},"query-input":{"@type":"PropertyValueSpecification","valueRequired":true,"valueName":"search_term_string"}}],"inLanguage":"en-US"}]}},"_links":{"self":[{"href":"https:\/\/www.sorosoro.org\/en\/wp-json\/wp\/v2\/pages\/59949","targetHints":{"allow":["GET"]}}],"collection":[{"href":"https:\/\/www.sorosoro.org\/en\/wp-json\/wp\/v2\/pages"}],"about":[{"href":"https:\/\/www.sorosoro.org\/en\/wp-json\/wp\/v2\/types\/page"}],"author":[{"embeddable":true,"href":"https:\/\/www.sorosoro.org\/en\/wp-json\/wp\/v2\/users\/18"}],"replies":[{"embeddable":true,"href":"https:\/\/www.sorosoro.org\/en\/wp-json\/wp\/v2\/comments?post=59949"}],"version-history":[{"count":0,"href":"https:\/\/www.sorosoro.org\/en\/wp-json\/wp\/v2\/pages\/59949\/revisions"}],"wp:attachment":[{"href":"https:\/\/www.sorosoro.org\/en\/wp-json\/wp\/v2\/media?parent=59949"}],"curies":[{"name":"wp","href":"https:\/\/api.w.org\/{rel}","templated":true}]}}