{"id":58443,"date":"2011-10-06T15:25:45","date_gmt":"2011-10-06T13:25:45","guid":{"rendered":"http:\/\/www.sorosoro.org\/?page_id=58443"},"modified":"2011-10-07T15:59:38","modified_gmt":"2011-10-07T13:59:38","slug":"baka","status":"publish","type":"page","link":"https:\/\/www.sorosoro.org\/en\/baka\/","title":{"rendered":"Baka"},"content":{"rendered":"<p style=\"text-align: justify;\"><em>Page created in collaboration with Pascale Paulin, Universit\u00e9 of Lyon, DDL \u2013 Language Dynamics \u2013 laboratory, 2009.<\/em><\/p>\n<h5 style=\"text-align: justify;\">Data on the Baka language<\/h5>\n<p style=\"text-align: justify;\"><strong>Alternative names<\/strong>:<\/p>\n<p style=\"text-align: justify;\">Babinga, Bibayak, Bayaka, Bibayaka, Bibaya, Bebayaga, Bangombe.<\/p>\n<p style=\"text-align: justify;\"><strong>Classification<\/strong>: <a href=\"https:\/\/www.sorosoro.org\/en\/ubangian-languages\">Ubangian<\/a>, Sere-Ngbaka-Mba group<\/p>\n<p style=\"text-align: justify;\"><strong>Dialects &amp; variants<\/strong>:<\/p>\n<p style=\"text-align: justify;\">There are several varieties of Baka, despite a fair level of mutual understanding between the different speakers. Each of these varieties is strongly affected by languages of the neighboring populations (for instance, <strong>Fang<\/strong>, in Gabon)<\/p>\n<p style=\"text-align: justify;\"><strong>Area<\/strong>:<\/p>\n<p style=\"text-align: justify;\">Tropical rainforest of the Congo basin in the Central African Republic border area, southeastern Cameroon, northwestern Democratic Republic of the Congo, north Congo, northeastern Gabon.<\/p>\n<p style=\"text-align: justify;\"><strong>Number of speakers<\/strong>:<\/p>\n<p style=\"text-align: justify;\">Precise figures are difficult to obtain; rough estimates account for ca. <strong>50,000<\/strong> speakers over all of the countries mentioned above. The largest group, located in Cameroon, is estimated around 30,000 people.<\/p>\n<p style=\"text-align: justify;\"><em>Note: estimates provided by Pascale Paulin, Universit\u00e9 of Lyon DDL lab.<\/em><\/p>\n<p style=\"text-align: justify;\"><strong>Language status<\/strong>: No official status.<\/p>\n<p style=\"text-align: justify;\"><strong>Vitality &amp; Transmission<\/strong>:<\/p>\n<p style=\"text-align: justify;\">Cross-generational transmission is sound; most speakers are bilingual with the majority language of the area. Yet the significantly disparaged status of the Baka ethnic group, <strong>acculturation <\/strong>threatening the populations close to urban areas, the spread of these urban areas, inter-ethnic marriage, <strong>often-forced processes of sedentism<\/strong>, and the damage caused to the forests, overall, severely endangers the Baka population.<\/p>\n<p style=\"text-align: justify;\"><strong>Media &amp; diffusion<\/strong>:<\/p>\n<p style=\"text-align: justify;\">The Baka language is neither formally recognized nor broadcast through the media. A few aducation programs, however, usually upon the initiative of religious communities, advocate for bilingual education (learning how to read in mother tongue, for instance). These methods include ORA in Cameroon, and Rapidolangue (Raponda Walker foundation) in Gabon.<\/p>\n<p style=\"text-align: justify;\">A radio project geared towards the forest populations is being put together in Congo but doesn\u2019t directly involve the Baka at this point, even though they are hunter-gatherer communities.<\/p>\n<h5 style=\"text-align: justify;\">Ethnographic observations<\/h5>\n<p style=\"text-align: justify;\">The Baka count among the populations of <strong>hunter-gatherers<\/strong> (HG) generally referred to as &#8220;Pygmies&#8221; (the term is derogatory nowadays, and we prefer that of HG) or &#8220;Peoples of the forest&#8221;. Their lifestyle is traditionally nomadic, in a tropical forest environment where they draw most of their resources while trade with neighboring farmers brings in the rest (iron, cooking utensils, textile, etc.). Many Baka have now become farmers themselves because of a change in lifestyle and the relations with neighboring communities, which have gradually deteriorated. They face discrimination on a daily basis.<\/p>\n<p style=\"text-align: justify;\">The deforestation, the exploitation of subsurface resources, the lack of game due to acts of poaching, the creation of national parks where the Baka no longer have the right to draw their livelihood, forces a part of the population to migrate towards the urban centers where they find themselves left behind, mistreated, underpaid, and overall, disparaged. The Baka are viewed at the very bottom of the social ladder. Adding to which, in some countries, they fall under policies of forced sedentism.<\/p>\n<p style=\"text-align: justify;\">Inter-ethnic marriage with neighboring populations is on the increase, on one hand because dowry is low for Baka women, and on the other because HG families deem mixed marriage as an opportunity for upward mobility.<\/p>\n<p style=\"text-align: justify;\">Paradoxically, while being disparaged, the Baka are known for their knowledge of the plants and animals, and above all, that of medicine and traditional pharmacopeia.<\/p>\n<h5 style=\"text-align: justify;\">Linguistic observations<\/h5>\n<p style=\"text-align: justify;\">The Baka population is one of the only hunter-gatherer populations whose language is not a Bantu language. We suppose that all these populations, at one point or the other, adopted the language of a close, current or ancient neighbor. Thus the Baka language is a sister to Ngbaka Ma\u2019bo.<\/p>\n<p style=\"text-align: justify;\"><em><strong>A few words in Baka\u2026<\/strong><\/em><\/p>\n<p style=\"text-align: justify;\"><em>baby<\/em>: [d\u00ednd\u00f3]<\/p>\n<p style=\"text-align: justify;\"><em>child<\/em>: [l\u00e0]<\/p>\n<p style=\"text-align: justify;\"><em>woman<\/em>: [w\u0254\u0301s\u025b\u0300]<\/p>\n<p style=\"text-align: justify;\"><em>man<\/em>: [m\u00fak\u0254\u0301s\u025b\u0300]<\/p>\n<p style=\"text-align: justify;\"><em>water<\/em>: [\u014bg\u014d]<\/p>\n<p style=\"text-align: justify;\"><em>forest<\/em>: [b\u0113l\u0113]<\/p>\n<p style=\"text-align: justify;\"><em>spherical hut<\/em>: [m\u0254\u0301\u014bg\u016bl\u016b]<\/p>\n<h5 style=\"text-align: justify;\">Bibliography<\/h5>\n<p style=\"text-align: justify;\">Bahuchet Serge (1989), <em>Les Pygm\u00e9es aka et baka. Contribution de l\u2019ethnolinguistique \u00e0 l\u2019histoire des populations foresti\u00e8res d\u2019Afrique Centrale<\/em>, Th\u00e8se de Doctorat d\u2019Etat, Universit\u00e9 Ren\u00e9 Descartes Paris V.<\/p>\n<p style=\"text-align: justify;\">Brisson Robert &amp; Daniel Boursier (1979), <em>Petit dictionnaire Baka-Fran\u00e7ais<\/em>, Douala (non publi\u00e9).<\/p>\n<p style=\"text-align: justify;\">Joiris Daou V\u00e9ronique (1998), <em>La chasse, la chance, le chant. Aspects du syst\u00e8me rituel des Baka du Cameroun<\/em>, Th\u00e8se de Doctorat en Sciences Sociales, Universit\u00e9 Libre de Bruxelles.<\/p>\n<p style=\"text-align: justify;\">Paulin &amp; al. (2009), <em>Analyse de situation sous-r\u00e9gionale sur la probl\u00e9matique des \u00ab peuples autochtones \u00bb en Afrique centrale<\/em>, UNICEF.<\/p>\n<p style=\"text-align: justify;\">Paulin Pascale (2007), \u00ab The Baka of Gabon: the Study of an Endangered Language and Culture \u00bb, proc. of FEL XI, <em>Working Together for Endangered Languages: Research Challenges and Social Impacts<\/em>, Kuala Lumpur, Malaysia, 26-28 October 2007, David, M., Ostler, N. &amp; Dealwis , C. (eds), University of Malaya, pp. 163-171 [<a href=\"http:\/\/www.ddl.ish-lyon.cnrs.fr\/fulltext\/Paulin\/Paulin_2007_FEL.pdf\" target=\"_blank\">PDF available online<\/a>].<\/p>\n<p style=\"text-align: justify;\">Thomas Jacqueline M.C. (1977), \u00ab La structure du vocabulaire botanique chez les Ngbaka-ma\u2019bo \u00bb in Calame-Griaule G., <em>Langage et cultures africaines. Essais d\u2019ethnolinguistique<\/em>, Paris : Maspero, pp.37-51.<\/p>\n<h5 style=\"text-align: justify;\">Links<\/h5>\n<p style=\"text-align: justify;\"><a href=\"http:\/\/www.ddl.ish-lyon.cnrs.fr\/annuaires\/Index.asp?Action=Edit&amp;Langue=F&amp;Page=Pascale%20PAULIN\" target=\"_blank\">Pascale Paulin\u2019s page<\/a> on the DDL \u2013 Language Dynamics \u2013 laboratory website, including articles available in PDF<\/p>\n<p style=\"text-align: justify;\"><a href=\"http:\/\/maget.maget.free.fr\/Baka\/Locuteur.htm\" target=\"_blank\">Laurent Maget\u2019s pages on Baka<\/a>: Laurent Maget, on behalf of the CNRS, produced a documentary on the Baka language and the work led by Pascale Paulin (available online).<\/p>\n<p style=\"text-align: justify;\"><a href=\"http:\/\/edzengui.unblog.fr\/\" target=\"_blank\">Edzengui Minvoul association website<\/a>, for the promotion of Baka culture.<\/p>\n","protected":false},"excerpt":{"rendered":"<p>Page created in collaboration with Pascale Paulin, Universit\u00e9 of Lyon, DDL \u2013 Language Dynamics \u2013 laboratory, 2009. Data on the Baka language Alternative names: Babinga, Bibayak, Bayaka, Bibayaka, Bibaya, Bebayaga, Bangombe. Classification: Ubangian, Sere-Ngbaka-Mba group Dialects &amp; variants: There are several varieties of Baka, despite a fair level of mutual understanding between the different speakers. [&hellip;]<\/p>\n","protected":false},"author":18,"featured_media":0,"parent":0,"menu_order":0,"comment_status":"closed","ping_status":"open","template":"","meta":{"footnotes":""},"class_list":["post-58443","page","type-page","status-publish","hentry"],"yoast_head":"<!-- This site is optimized with the Yoast SEO plugin v27.0 - https:\/\/yoast.com\/product\/yoast-seo-wordpress\/ -->\n<title>Baka - Sorosoro<\/title>\n<meta name=\"robots\" content=\"index, follow, max-snippet:-1, max-image-preview:large, max-video-preview:-1\" \/>\n<link rel=\"canonical\" href=\"https:\/\/www.sorosoro.org\/en\/baka\/\" \/>\n<meta property=\"og:locale\" content=\"en_US\" \/>\n<meta property=\"og:type\" content=\"article\" \/>\n<meta property=\"og:title\" content=\"Baka - Sorosoro\" \/>\n<meta property=\"og:description\" content=\"Page created in collaboration with Pascale Paulin, Universit\u00e9 of Lyon, DDL \u2013 Language Dynamics \u2013 laboratory, 2009. Data on the Baka language Alternative names: Babinga, Bibayak, Bayaka, Bibayaka, Bibaya, Bebayaga, Bangombe. Classification: Ubangian, Sere-Ngbaka-Mba group Dialects &amp; variants: There are several varieties of Baka, despite a fair level of mutual understanding between the different speakers. [&hellip;]\" \/>\n<meta property=\"og:url\" content=\"https:\/\/www.sorosoro.org\/en\/baka\/\" \/>\n<meta property=\"og:site_name\" content=\"Sorosoro\" \/>\n<meta property=\"article:modified_time\" content=\"2011-10-07T13:59:38+00:00\" \/>\n<meta name=\"twitter:card\" content=\"summary_large_image\" \/>\n<meta name=\"twitter:label1\" content=\"Est. reading time\" \/>\n\t<meta name=\"twitter:data1\" content=\"4 minutes\" \/>\n<script type=\"application\/ld+json\" class=\"yoast-schema-graph\">{\"@context\":\"https:\/\/schema.org\",\"@graph\":[{\"@type\":\"WebPage\",\"@id\":\"https:\/\/www.sorosoro.org\/en\/baka\/\",\"url\":\"https:\/\/www.sorosoro.org\/en\/baka\/\",\"name\":\"Baka - Sorosoro\",\"isPartOf\":{\"@id\":\"https:\/\/www.sorosoro.org\/en\/#website\"},\"datePublished\":\"2011-10-06T13:25:45+00:00\",\"dateModified\":\"2011-10-07T13:59:38+00:00\",\"breadcrumb\":{\"@id\":\"https:\/\/www.sorosoro.org\/en\/baka\/#breadcrumb\"},\"inLanguage\":\"en-US\",\"potentialAction\":[{\"@type\":\"ReadAction\",\"target\":[\"https:\/\/www.sorosoro.org\/en\/baka\/\"]}]},{\"@type\":\"BreadcrumbList\",\"@id\":\"https:\/\/www.sorosoro.org\/en\/baka\/#breadcrumb\",\"itemListElement\":[{\"@type\":\"ListItem\",\"position\":1,\"name\":\"Accueil\",\"item\":\"https:\/\/www.sorosoro.org\/en\/\"},{\"@type\":\"ListItem\",\"position\":2,\"name\":\"Baka\"}]},{\"@type\":\"WebSite\",\"@id\":\"https:\/\/www.sorosoro.org\/en\/#website\",\"url\":\"https:\/\/www.sorosoro.org\/en\/\",\"name\":\"Sorosoro\",\"description\":\"Pour que vivent les langues du monde !\",\"potentialAction\":[{\"@type\":\"SearchAction\",\"target\":{\"@type\":\"EntryPoint\",\"urlTemplate\":\"https:\/\/www.sorosoro.org\/en\/?s={search_term_string}\"},\"query-input\":{\"@type\":\"PropertyValueSpecification\",\"valueRequired\":true,\"valueName\":\"search_term_string\"}}],\"inLanguage\":\"en-US\"}]}<\/script>\n<!-- \/ Yoast SEO plugin. -->","yoast_head_json":{"title":"Baka - Sorosoro","robots":{"index":"index","follow":"follow","max-snippet":"max-snippet:-1","max-image-preview":"max-image-preview:large","max-video-preview":"max-video-preview:-1"},"canonical":"https:\/\/www.sorosoro.org\/en\/baka\/","og_locale":"en_US","og_type":"article","og_title":"Baka - Sorosoro","og_description":"Page created in collaboration with Pascale Paulin, Universit\u00e9 of Lyon, DDL \u2013 Language Dynamics \u2013 laboratory, 2009. Data on the Baka language Alternative names: Babinga, Bibayak, Bayaka, Bibayaka, Bibaya, Bebayaga, Bangombe. Classification: Ubangian, Sere-Ngbaka-Mba group Dialects &amp; variants: There are several varieties of Baka, despite a fair level of mutual understanding between the different speakers. [&hellip;]","og_url":"https:\/\/www.sorosoro.org\/en\/baka\/","og_site_name":"Sorosoro","article_modified_time":"2011-10-07T13:59:38+00:00","twitter_card":"summary_large_image","twitter_misc":{"Est. reading time":"4 minutes"},"schema":{"@context":"https:\/\/schema.org","@graph":[{"@type":"WebPage","@id":"https:\/\/www.sorosoro.org\/en\/baka\/","url":"https:\/\/www.sorosoro.org\/en\/baka\/","name":"Baka - Sorosoro","isPartOf":{"@id":"https:\/\/www.sorosoro.org\/en\/#website"},"datePublished":"2011-10-06T13:25:45+00:00","dateModified":"2011-10-07T13:59:38+00:00","breadcrumb":{"@id":"https:\/\/www.sorosoro.org\/en\/baka\/#breadcrumb"},"inLanguage":"en-US","potentialAction":[{"@type":"ReadAction","target":["https:\/\/www.sorosoro.org\/en\/baka\/"]}]},{"@type":"BreadcrumbList","@id":"https:\/\/www.sorosoro.org\/en\/baka\/#breadcrumb","itemListElement":[{"@type":"ListItem","position":1,"name":"Accueil","item":"https:\/\/www.sorosoro.org\/en\/"},{"@type":"ListItem","position":2,"name":"Baka"}]},{"@type":"WebSite","@id":"https:\/\/www.sorosoro.org\/en\/#website","url":"https:\/\/www.sorosoro.org\/en\/","name":"Sorosoro","description":"Pour que vivent les langues du monde !","potentialAction":[{"@type":"SearchAction","target":{"@type":"EntryPoint","urlTemplate":"https:\/\/www.sorosoro.org\/en\/?s={search_term_string}"},"query-input":{"@type":"PropertyValueSpecification","valueRequired":true,"valueName":"search_term_string"}}],"inLanguage":"en-US"}]}},"_links":{"self":[{"href":"https:\/\/www.sorosoro.org\/en\/wp-json\/wp\/v2\/pages\/58443","targetHints":{"allow":["GET"]}}],"collection":[{"href":"https:\/\/www.sorosoro.org\/en\/wp-json\/wp\/v2\/pages"}],"about":[{"href":"https:\/\/www.sorosoro.org\/en\/wp-json\/wp\/v2\/types\/page"}],"author":[{"embeddable":true,"href":"https:\/\/www.sorosoro.org\/en\/wp-json\/wp\/v2\/users\/18"}],"replies":[{"embeddable":true,"href":"https:\/\/www.sorosoro.org\/en\/wp-json\/wp\/v2\/comments?post=58443"}],"version-history":[{"count":0,"href":"https:\/\/www.sorosoro.org\/en\/wp-json\/wp\/v2\/pages\/58443\/revisions"}],"wp:attachment":[{"href":"https:\/\/www.sorosoro.org\/en\/wp-json\/wp\/v2\/media?parent=58443"}],"curies":[{"name":"wp","href":"https:\/\/api.w.org\/{rel}","templated":true}]}}