{"id":58291,"date":"2011-10-04T17:23:31","date_gmt":"2011-10-04T15:23:31","guid":{"rendered":"http:\/\/www.sorosoro.org\/?page_id=58291"},"modified":"2011-10-06T15:33:15","modified_gmt":"2011-10-06T13:33:15","slug":"geviya","status":"publish","type":"page","link":"https:\/\/www.sorosoro.org\/en\/geviya\/","title":{"rendered":"Geviya"},"content":{"rendered":"<p style=\"text-align: justify;\"><em>Page created by Lolke van der Veen, 2010. Professor in Linguistics at the University of Lumi\u00e8re-Lyon 2, full member of the DDL \u2013 Language Dynamics \u2013 laboratory (UMR 5596).<\/em><\/p>\n<p style=\"text-align: justify;\">\n<h5>Data on Geviya<\/h5>\n<p style=\"text-align: justify;\"><strong>Alternative names<\/strong>:<\/p>\n<p style=\"text-align: justify;\">Gevia (spelling rejected by the Eviya), Avia (19th century), Iv\u00e9a.<\/p>\n<p style=\"text-align: justify;\"><strong>Dialects &amp; Variants<\/strong>:<\/p>\n<p style=\"text-align: justify;\">A few variations have been observed between the last speakers of the language, especially in regards to melodic profiles. Variations are probably due to the fact that these speakers are multilingual (other spoken languages affect Geviya unevenly, from one speaker to another) and that their language is disintegrated.<\/p>\n<p style=\"text-align: justify;\"><strong>Classification<\/strong>:<\/p>\n<p style=\"text-align: justify;\"><a href=\"https:\/\/www.sorosoro.org\/en\/niger-congo-languages\">Niger-congo<\/a>, Bantu, B30<\/p>\n<p style=\"text-align: justify;\">Geviya is a Bantu language (Northwest Bantu) referenced B301 according to the Maho classification (2003).<\/p>\n<p style=\"text-align: justify;\"><strong>Area<\/strong>:<\/p>\n<p style=\"text-align: justify;\">Geviya is spoken in the <strong>central part of Gabon<\/strong>, in one single village located on the right bank of the <strong>Ngouni\u00e9<\/strong> river, opposite the city \u2013 prefecture \u2013 of Fougamou. Some traces of former villages remain, located out in the bush, east of today\u2019s village. Other speakers of the language now live scattered over large urban centers, Libreville especially.<\/p>\n<p style=\"text-align: justify;\"><strong>Number of speakers<\/strong>:<\/p>\n<p style=\"text-align: justify;\">The number of Eviya (the speakers of Geviya) is estimated around <strong>400<\/strong>. Because they live on national ground, obtaining precise figures is difficult. In the official censuses led by the Gabonese government, the Eviya are consistently grouped (confused?) with other communities. However, linguists believe that the number of fluent speakers does not exceed approximately twenty.<\/p>\n<p style=\"text-align: justify;\"><strong>Language status<\/strong>:<\/p>\n<p style=\"text-align: justify;\">Despite a national language status, like every other indigenous language in Gabon, Geviya nowadays is severely threatened with extinction. It can be viewed as another significantly moribund minority language.<\/p>\n<p style=\"text-align: justify;\"><strong>Vitality &amp; Transmission<\/strong>:<\/p>\n<p style=\"text-align: justify;\">Cross-generational transmission is under process of interruption. The children are still taught the language (passive command) but they usually answer in French when addressed by the older generations. Children communicate in French, the language they learn and use in school. This shows an unequal form of bilingualism. A rise in interest towards the language has been observed since the publication of a Geviya\/French dictionary in 2002 (see bibliography below), though it would be wrong to consider this could reverse the trend, in today\u2019s context of globalization and economy crisis.<\/p>\n<p style=\"text-align: justify;\"><strong>Media, Diffusion, Education<\/strong>:<\/p>\n<p style=\"text-align: justify;\">No one uses Geviya outside its speakers. It is relatively unknown in Gabon, where vernaculars are left out of the education system. Yet, since 2003, the Eviya have their own <strong>dictionary<\/strong> (ca. 6,600 entries) thanks to a 15 years-long collaboration between Lolke van der Veen, S\u00e9bastien Bodinga-bwa-Bodinga and Mo\u00efse Modandi wa-Komba (see references). This initiative was launched by S\u00e9bastien Bodinga-bwa-Bodinga who realized in the 1980s that his language was under threat. From then on, he began to collect vocabulary, statement samples, proverbs, narratives, elements of pharmacopeia, etc. Once his record was completed, he brought in Lolke van der Veen and his nephew Mo\u00efse Modandi wa-Komba to help checking, completing and finishing this gigantic project.<\/p>\n<p style=\"text-align: justify;\">\n<h5>Historical &amp; ethnographic observations<\/h5>\n<p style=\"text-align: justify;\">Explorer Paul Du Chaillu visited the Eviya during his first expedition in Gabon (between 1857 and 1859) and briefly commented their housing customs. He also described Eug\u00e9nie de Montijo\u2019s waterfalls, located close to their village. According to the Eviya, the waterfalls are home to a couple of genies and their child, outstanding blacksmiths.<\/p>\n<p style=\"text-align: justify;\">According to migration narratives, the Eviya came from the Ogoou\u00e9-Ivindo regio (northeastern Gabon) along with their brothers the Mitsogo, Apindji, Okand\u00e9, Pov\u00e9, and Himba. They are said to have settled in the current area following a long stay somewhere near the sea. Reasons for this shift may be found in the threats of slavery, symbolically represented in the narratives by an enormous and frightening eagle flying down to grab people in its claws and take them away.<\/p>\n<p style=\"text-align: justify;\">The Eviya have several initiation rituals, among which the Mogesi a Eviya. The term mogesi means &#8220;genie&#8221;. The practice of such rituals involves secret societies. These can be either masculine, feminine, or mixed.<\/p>\n<p style=\"text-align: justify;\">\n<h5>Sociolinguistic observations<\/h5>\n<p style=\"text-align: justify;\">The Eviya all speak at least two indigenous languages: theirs and Eshira (Bantu B41). Many also speak Getsogo (Bantu B31), very close to Geviya. Most of them also speak fluent French. Geviya is only spoken at the village: if outside the village, it is only spoken within the family sphere or among members of the community, incidentally with a growing discretion especially in the presence of people who do not speak the language.<\/p>\n<p style=\"text-align: justify;\">\n<h5>Linguistic observations<\/h5>\n<p style=\"text-align: justify;\">As early as in 1987, linguist Jean Alain Blanchon described Geviya as a blend. Further research (Van der Veen 2003) showed that Geviya fundamentally belongs to the B30 language group (Tsogo group), although it did borrow a consistent part of its vocabulary to Eshira (or Gisir; B41), spoken on the opposite bank, and at this point in time, better maintained than Geviya. Eshira and Eviya marriages are frequent.<\/p>\n<p style=\"text-align: justify;\"><strong><em>A few words in Geviya<\/em><\/strong><\/p>\n<ul>\n<li>A proverb straight to the point:<\/li>\n<\/ul>\n<p style=\"text-align: justify;\">\u00ccm\u00e1 \u00e0 t\u0254\u0300nd\u0254\u0301 mb\u00f9\u00e0, t\u0254\u0300nd\u0254\u0300 n\u00e1 g\u00f3n\u00e9 m\u00ecn\u025b\u0300k\u00e0 my\u00e8nd\u00ec.<\/p>\n<p style=\"text-align: justify;\">Translation: If you like a dog, you\u2019ll have to like its fleas.<\/p>\n<p style=\"text-align: justify;\">Meaning: If you marry (lit. like, want) a woman, you also have to handle (lit. like, want) her parents. This proverb is delivered on the occasion of a marriage proposal, and directed towards the possible groom by the bride\u2019s uncle (the Eviya system is matrilineal).<\/p>\n<ul>\n<li>Eviya motto:<\/li>\n<\/ul>\n<p style=\"text-align: justify;\">N\u00e0 nd\u00e8 m\u00f2v\u00ecy\u00e1 Ng\u0254\u0300l\u025b\u0300 k\u025b\u0300mb\u025b\u0300l\u025b\u0300 k\u025b\u0300mb\u025b\u0300l\u025b\u0300 m\u00ecn\u00f3 g\u00e0 \u00e8p\u00e0.<\/p>\n<p style=\"text-align: justify;\">Translation: I\u2019m an authentic Eviya (Moviya), in flesh and blood (literally &#8220;my white teeth as dazzling as bones&#8221;).<\/p>\n<p style=\"text-align: justify;\">The name Ng\u0254l\u025b refers to the group\u2019s mythical Mother.<\/p>\n<p style=\"text-align: justify;\">\n<h5>Bibliography<\/h5>\n<p style=\"text-align: justify;\">Blanchon, J. A., Van der Veen, L. J. (1990). &#8220;La forge de Fougamou\u00a0: deux versions en langues vernaculaires&#8221;.<em>Pholia<\/em>, 5, CRLS, Universit\u00e9 Lumi\u00e8re-Lyon 2, pp. 49-65.<\/p>\n<p style=\"padding-top: 0px; padding-right: 5px; padding-bottom: 7px; padding-left: 10px; text-align: justify; margin: 0px;\">Bodinga-bwa-Bodinga, S., Van der Veen, L. J. (1993). &#8220;Plantes utiles des Evia\u00a0: pharmacop\u00e9e&#8221;.\u00a0<em>Pholia<\/em>, 8, pp. 27-66.<\/p>\n<p style=\"padding-top: 0px; padding-right: 5px; padding-bottom: 7px; padding-left: 10px; text-align: justify; margin: 0px;\">Bodinga-bwa-Bodinga, S., Van der Veen, L. J. (1995).\u00a0<em>Les proverbes evia et le monde animal, La communaut\u00e9 evia \u00e0 travers ses expressions proverbiales. <\/em>Paris,<em> <\/em>L\u2019Harmattan. 96 p.<\/p>\n<p style=\"padding-top: 0px; padding-right: 5px; padding-bottom: 7px; padding-left: 10px; text-align: justify; margin: 0px;\">Van der Veen, L. J. (2001). &#8220;La propagation des tons et le statut des indices pronominaux pr\u00e9c\u00e9dant le verbe en geviya&#8221;.\u00a0<em>Actes du colloque Clitiques et cliticisation<\/em>. Bordeaux. Octobre 1998. Muller, C. (ed.)\u00a0: Honor\u00e9 Champion, pp. 443-457.<\/p>\n<p style=\"padding-top: 0px; padding-right: 5px; padding-bottom: 7px; padding-left: 10px; text-align: justify; margin: 0px;\">Van der Veen, L. J. (2003). &#8220;The B30 Languages&#8221;. Nurse, D. &amp; Philippson, G. (eds.),\u00a0<em>The Bantu Languages<\/em>. Londres, Routledge, pp. 371-391.<\/p>\n<p style=\"padding-top: 0px; padding-right: 5px; padding-bottom: 7px; padding-left: 10px; text-align: justify; margin: 0px;\">Van der Veen, L. J. (2006). &#8220;Gabon: Language situation&#8221;. In Brown, K. (ed.),\u00a0<em>Encyclopedia of Language and Linguistics<\/em> (<em>ELL2<\/em>), Second Edition, Oxford, Elsevier Ltd.<\/p>\n<p style=\"padding-top: 0px; padding-right: 5px; padding-bottom: 7px; padding-left: 10px; text-align: justify; margin: 0px;\">Van der Veen, L. J. (2010). &#8220;<em>Le dictionnaire<\/em> : film documentaire de Laurent Maget&#8221;. Grinevald, C. et Bert, M. (eds.)\u00a0<em>Locuteurs de langues en danger et travail de terrain sur des langues en danger.<\/em> Collection \u00ab\u00a0Biblioth\u00e8que\u00a0\u00bb. Paris, Faits de langue (Special issue of the <em>Faits de langue <\/em>review). <a href=\"http:\/\/www.ddl.ish-lyon.cnrs.fr\/fulltext\/Van%20Der%20Veen\/Van%20der%20Veen_\u00e0%20para\u00eetre%20en%202008.pdf\" target=\"_blank\">Available online<\/a>.<\/p>\n<p style=\"padding-top: 0px; padding-right: 5px; padding-bottom: 7px; padding-left: 10px; text-align: justify; margin: 0px;\">Van der Veen, L. J., Bodinga-bwa-Bodinga, S. (2002).\u00a0<em>Gedandedi sa Geviya, Dictionnaire geviya-fran\u00e7ais<\/em>. Collection Langues et litt\u00e9ratures de l\u2019Afrique Noire. XII. Directed by G. Philippson, Leuven-Paris, Peeters Publishers. 569 p.<\/p>\n<p style=\"padding-top: 0px; padding-right: 5px; padding-bottom: 7px; padding-left: 10px; text-align: justify; margin: 0px;\">\n<h5>Links<\/h5>\n<p style=\"text-align: justify;\"><a href=\"http:\/\/maget.maget.free.fr\/Filmo\/ref.htm\" target=\"_blank\">Laurent Maget\u2019s website<\/a>. Maget made a documentary \u2013 <em>Le dictionnaire<\/em> \u2013 on the work Van der Veen and Bodinga-bwa-Bodinga have conducted on Geviya. <a href=\"http:\/\/maget.maget.free.fr\/Filmo\/Le.Dictionaire_Part1.htm\" target=\"_blank\">Film available online<\/a>.<\/p>\n","protected":false},"excerpt":{"rendered":"<p>Page created by Lolke van der Veen, 2010. Professor in Linguistics at the University of Lumi\u00e8re-Lyon 2, full member of the DDL \u2013 Language Dynamics \u2013 laboratory (UMR 5596). Data on Geviya Alternative names: Gevia (spelling rejected by the Eviya), Avia (19th century), Iv\u00e9a. Dialects &amp; Variants: A few variations have been observed between the [&hellip;]<\/p>\n","protected":false},"author":18,"featured_media":0,"parent":0,"menu_order":0,"comment_status":"closed","ping_status":"open","template":"","meta":{"footnotes":""},"class_list":["post-58291","page","type-page","status-publish","hentry"],"yoast_head":"<!-- This site is optimized with the Yoast SEO plugin v27.0 - https:\/\/yoast.com\/product\/yoast-seo-wordpress\/ -->\n<title>Geviya - Sorosoro<\/title>\n<meta name=\"robots\" content=\"index, follow, max-snippet:-1, max-image-preview:large, max-video-preview:-1\" \/>\n<link rel=\"canonical\" href=\"https:\/\/www.sorosoro.org\/en\/geviya\/\" \/>\n<meta property=\"og:locale\" content=\"en_US\" \/>\n<meta property=\"og:type\" content=\"article\" \/>\n<meta property=\"og:title\" content=\"Geviya - Sorosoro\" \/>\n<meta property=\"og:description\" content=\"Page created by Lolke van der Veen, 2010. Professor in Linguistics at the University of Lumi\u00e8re-Lyon 2, full member of the DDL \u2013 Language Dynamics \u2013 laboratory (UMR 5596). Data on Geviya Alternative names: Gevia (spelling rejected by the Eviya), Avia (19th century), Iv\u00e9a. Dialects &amp; Variants: A few variations have been observed between the [&hellip;]\" \/>\n<meta property=\"og:url\" content=\"https:\/\/www.sorosoro.org\/en\/geviya\/\" \/>\n<meta property=\"og:site_name\" content=\"Sorosoro\" \/>\n<meta property=\"article:modified_time\" content=\"2011-10-06T13:33:15+00:00\" \/>\n<meta name=\"twitter:card\" content=\"summary_large_image\" \/>\n<meta name=\"twitter:label1\" content=\"Est. reading time\" \/>\n\t<meta name=\"twitter:data1\" content=\"6 minutes\" \/>\n<script type=\"application\/ld+json\" class=\"yoast-schema-graph\">{\"@context\":\"https:\/\/schema.org\",\"@graph\":[{\"@type\":\"WebPage\",\"@id\":\"https:\/\/www.sorosoro.org\/en\/geviya\/\",\"url\":\"https:\/\/www.sorosoro.org\/en\/geviya\/\",\"name\":\"Geviya - Sorosoro\",\"isPartOf\":{\"@id\":\"https:\/\/www.sorosoro.org\/en\/#website\"},\"datePublished\":\"2011-10-04T15:23:31+00:00\",\"dateModified\":\"2011-10-06T13:33:15+00:00\",\"breadcrumb\":{\"@id\":\"https:\/\/www.sorosoro.org\/en\/geviya\/#breadcrumb\"},\"inLanguage\":\"en-US\",\"potentialAction\":[{\"@type\":\"ReadAction\",\"target\":[\"https:\/\/www.sorosoro.org\/en\/geviya\/\"]}]},{\"@type\":\"BreadcrumbList\",\"@id\":\"https:\/\/www.sorosoro.org\/en\/geviya\/#breadcrumb\",\"itemListElement\":[{\"@type\":\"ListItem\",\"position\":1,\"name\":\"Accueil\",\"item\":\"https:\/\/www.sorosoro.org\/en\/\"},{\"@type\":\"ListItem\",\"position\":2,\"name\":\"Geviya\"}]},{\"@type\":\"WebSite\",\"@id\":\"https:\/\/www.sorosoro.org\/en\/#website\",\"url\":\"https:\/\/www.sorosoro.org\/en\/\",\"name\":\"Sorosoro\",\"description\":\"Pour que vivent les langues du monde !\",\"potentialAction\":[{\"@type\":\"SearchAction\",\"target\":{\"@type\":\"EntryPoint\",\"urlTemplate\":\"https:\/\/www.sorosoro.org\/en\/?s={search_term_string}\"},\"query-input\":{\"@type\":\"PropertyValueSpecification\",\"valueRequired\":true,\"valueName\":\"search_term_string\"}}],\"inLanguage\":\"en-US\"}]}<\/script>\n<!-- \/ Yoast SEO plugin. -->","yoast_head_json":{"title":"Geviya - Sorosoro","robots":{"index":"index","follow":"follow","max-snippet":"max-snippet:-1","max-image-preview":"max-image-preview:large","max-video-preview":"max-video-preview:-1"},"canonical":"https:\/\/www.sorosoro.org\/en\/geviya\/","og_locale":"en_US","og_type":"article","og_title":"Geviya - Sorosoro","og_description":"Page created by Lolke van der Veen, 2010. Professor in Linguistics at the University of Lumi\u00e8re-Lyon 2, full member of the DDL \u2013 Language Dynamics \u2013 laboratory (UMR 5596). Data on Geviya Alternative names: Gevia (spelling rejected by the Eviya), Avia (19th century), Iv\u00e9a. Dialects &amp; Variants: A few variations have been observed between the [&hellip;]","og_url":"https:\/\/www.sorosoro.org\/en\/geviya\/","og_site_name":"Sorosoro","article_modified_time":"2011-10-06T13:33:15+00:00","twitter_card":"summary_large_image","twitter_misc":{"Est. reading time":"6 minutes"},"schema":{"@context":"https:\/\/schema.org","@graph":[{"@type":"WebPage","@id":"https:\/\/www.sorosoro.org\/en\/geviya\/","url":"https:\/\/www.sorosoro.org\/en\/geviya\/","name":"Geviya - Sorosoro","isPartOf":{"@id":"https:\/\/www.sorosoro.org\/en\/#website"},"datePublished":"2011-10-04T15:23:31+00:00","dateModified":"2011-10-06T13:33:15+00:00","breadcrumb":{"@id":"https:\/\/www.sorosoro.org\/en\/geviya\/#breadcrumb"},"inLanguage":"en-US","potentialAction":[{"@type":"ReadAction","target":["https:\/\/www.sorosoro.org\/en\/geviya\/"]}]},{"@type":"BreadcrumbList","@id":"https:\/\/www.sorosoro.org\/en\/geviya\/#breadcrumb","itemListElement":[{"@type":"ListItem","position":1,"name":"Accueil","item":"https:\/\/www.sorosoro.org\/en\/"},{"@type":"ListItem","position":2,"name":"Geviya"}]},{"@type":"WebSite","@id":"https:\/\/www.sorosoro.org\/en\/#website","url":"https:\/\/www.sorosoro.org\/en\/","name":"Sorosoro","description":"Pour que vivent les langues du monde !","potentialAction":[{"@type":"SearchAction","target":{"@type":"EntryPoint","urlTemplate":"https:\/\/www.sorosoro.org\/en\/?s={search_term_string}"},"query-input":{"@type":"PropertyValueSpecification","valueRequired":true,"valueName":"search_term_string"}}],"inLanguage":"en-US"}]}},"_links":{"self":[{"href":"https:\/\/www.sorosoro.org\/en\/wp-json\/wp\/v2\/pages\/58291","targetHints":{"allow":["GET"]}}],"collection":[{"href":"https:\/\/www.sorosoro.org\/en\/wp-json\/wp\/v2\/pages"}],"about":[{"href":"https:\/\/www.sorosoro.org\/en\/wp-json\/wp\/v2\/types\/page"}],"author":[{"embeddable":true,"href":"https:\/\/www.sorosoro.org\/en\/wp-json\/wp\/v2\/users\/18"}],"replies":[{"embeddable":true,"href":"https:\/\/www.sorosoro.org\/en\/wp-json\/wp\/v2\/comments?post=58291"}],"version-history":[{"count":0,"href":"https:\/\/www.sorosoro.org\/en\/wp-json\/wp\/v2\/pages\/58291\/revisions"}],"wp:attachment":[{"href":"https:\/\/www.sorosoro.org\/en\/wp-json\/wp\/v2\/media?parent=58291"}],"curies":[{"name":"wp","href":"https:\/\/api.w.org\/{rel}","templated":true}]}}