{"id":57910,"date":"2011-09-28T22:23:05","date_gmt":"2011-09-28T20:23:05","guid":{"rendered":"http:\/\/www.sorosoro.org\/?page_id=57910"},"modified":"2011-10-03T12:43:52","modified_gmt":"2011-10-03T10:43:52","slug":"yuracare","status":"publish","type":"page","link":"https:\/\/www.sorosoro.org\/en\/yuracare\/","title":{"rendered":"Yuracar\u00e9"},"content":{"rendered":"<p style=\"text-align: justify; \"><em>Data collected by UNICEF and the DoBes programme <\/em><\/p>\n<h5>Data on the Yuracar\u00e9\u00a0language<\/h5>\n<p style=\"text-align: justify; \"><strong>Alternative names<\/strong>: yurakar\u00e9, yura, yurujure<\/p>\n<p style=\"text-align: justify; \"><strong>Main dialects<\/strong>:<\/p>\n<p style=\"text-align: justify; \">According to Van Gijn (2006), although there is a certain amount of variation in the different communities of speakers, there are no dialects of Yuracar\u00e9.<\/p>\n<p style=\"text-align: justify; \"><strong>Classification<\/strong>:\u00a0Yuracar\u00e9 is generally considered to be a language <strong>isolate<\/strong>.<\/p>\n<p style=\"text-align: justify; \">There have been suggestions that Yuracar\u00e9 might be linked to geographically close languages such as the Quechua languages <em>Moset\u00e9n<\/em>, <em>Itonama<\/em> and <em>Cayuvava<\/em>, but this has yet to be proven.<\/p>\n<p style=\"text-align: justify; \"><strong>Geographical area<\/strong>:<\/p>\n<p style=\"text-align: justify; \">Moxos Province in the B\u00e9ni department, and the Chapare and Carrasco regions of Cochabamba Department, Bolivia.<\/p>\n<p style=\"text-align: justify; \">The speakers of Yuracar\u00e9 are scattered throughout the territory between the Is\u00edboro and Secur\u00e9 rivers in the North-West and the Mamor\u00e9 and Ich\u00edlo rivers in the East-South-East; and also along the basins of the Chimore, Chapare and Ichoa rivers.<\/p>\n<p style=\"text-align: justify; \"><strong>Number of speakers<\/strong>: According to the Bolivian census of 2000, there were 1809 speakers of Yuracar\u00e9 in an ethnic population of 2809 people. UNESCO gives a figure of 2675 speakers and DoBes estimates that there are around 2500 speakers.<\/p>\n<p style=\"text-align: justify; \"><strong>Status of the language<\/strong>:<\/p>\n<p style=\"text-align: justify; \">According to the terms of supreme decree 25894 of 11th September, approved in 2000, Yuracar\u00e9 is one of the \u201cofficially recognised indigenous\u201d languages of Bolivia.<\/p>\n<p style=\"text-align: justify; \"><strong>Teaching<\/strong>:<\/p>\n<p style=\"text-align: justify; \">Yuracar\u00e9 is used in local bilingual schooling in the first years of Primary school. Later, students gradually become monolingual in Spanish.<\/p>\n<p style=\"text-align: justify; \"><strong>Vitality and transmission<\/strong>:\u00a0Yuracar\u00e9 is an endangered language according to UNESCO criteria.<\/p>\n<p style=\"text-align: justify; \">A break in transmission took place 15 to 20 years ago at which time all of the speakers were over 30 years old. Even among the last generation of native speakers, Spanish is the preferred language. Almost all speakers are bilingual in Yuracar\u00e9 and Spanish. There are 519 monolingual speakers remaining, but according to Crevels (2010), this figure should be viewed with caution as the likely reality is that this figure is lower.<\/p>\n<p style=\"text-align: justify; \">The younger generations have inherited negative stereotypes surrounding their ethnic identity. These negative stereotypes have been circulated by the mixed population of Bolivia for many years, which could explain the dramatic and rapid decline of the language.<\/p>\n<p style=\"text-align: justify; \"><a href=\"http:\/\/www.mpi.nl\/DOBES\/projects\/yurakare\/languages\" target=\"_blank\">Yuracar\u00e9 is part of a documentation and revitalisation project being carried out by the Max Planck Institute, with funding from the DoBes programme<\/a>.<\/p>\n<p style=\"text-align: justify; \">\n<h5>Historical Observations<\/h5>\n<p style=\"text-align: justify; \">The first mention of Yuracar\u00e9 was in the colonial literature of the 16th century. The speakers at this time probably lived further south than they currently do, near the present day town of Santa Cruz de la Sierra.<\/p>\n<p style=\"text-align: justify; \">It is difficult to determine whether or not they were under the rule of the Incas at the time of the Andean colonial expansion.<\/p>\n<p style=\"text-align: justify; \">During the Guarani migration in the 16th century, they were far enough away so as not to be subjected to slavery and so, they escaped the assimilation that was forced upon peoples such as the Chan\u00e9.<\/p>\n<p style=\"text-align: justify; \">The arrival of the Spanish created considerable changes in the region, particularly after the founding of Santa Cruz de la Sierra. The Yuracar\u00e9 people were forced to relocate and isolate themselves in order to survive, which made them relatively resistant to penetration by the Jesuit missions in the area. Overall, the Yuracar\u00e9s have been more successful in their resistance to missionaries than neighbouring populations. In the 1950s, however, the New Tribe Mission was successful in gaining a foothold in certain communities.<\/p>\n<p style=\"text-align: justify; \">At this time, the opening of the road from Cochabamba to Santa Cruz allowed farmers and former miners from the Andes to move into the region. They burned down forest in order to transform the land into agrarian zones or areas for the production of rubber, and most notably for cocoa plantations and areas for manufacture of illegal substances, leading to drug trafficking. This migration continues to this day, ever more reducing the land of the Yuracar\u00e9 people and forcing them to constantly relocate. It has also caused other populations to move closer to Yuracar\u00e9 lands.<\/p>\n<p style=\"text-align: justify; \">\n<h5>Ethnographic observations<\/h5>\n<p style=\"text-align: justify; \">Based at the intersection of high and lowlands, the Yuracar\u00e9 find themselves at the meeting point of three cultures: the Andean cultures from the West, the Amazonian cultures from the East, and the cultures of the Chaco region in the South-East. The Yuracar\u00e9 share cultural features with each of the other cultures, but their way of life is most similar to the lowland Amazonian populations.<\/p>\n<p style=\"text-align: justify; \">Traditionally, the Yuracar\u00e9 people relied on an economy of slash-and-burn agriculture, fishing, hunting and gathering. In this day and age, this type of economy tends not to exist and so, the Yuracar\u00e9 tend more and more to be restricted to work as agricultural labourers in plantations, especially cocoa plantations.<\/p>\n<p style=\"text-align: justify; \">Their villages were traditionally very fragmented, with non-permanent houses that were quite far apart from one another. These villages are made up of groups of families. The nuclear family is the basic social unit and families are quite independent. Even though a village is made up of several families, the groupings are constantly restructured. The Yuracar\u00e9 are thus quite mobile, but should not be confused with subsistence nomads.<\/p>\n<p style=\"text-align: justify; \">These days, influenced by Western society and missionaries, the population is more sedentary and the villages have greater populations within smaller boundaries. Not much of their traditional mythology remains and many of their cultural practices have been abandoned in the last fifty years.<\/p>\n<p style=\"text-align: justify; \">There are more and more ethnically different indigenous communities living on Yuracar\u00e9 land. In the provinces of Cochabamba, the Yuracar\u00e9 mostly associate with the Quechuas. In the B\u00e9ni department, they are in permanent contact with the Trinitarios (who speak a language from the Arawak family), and there are even interethnic marriage alliances.<\/p>\n<p style=\"text-align: justify; \">For more information on the Yuracar\u00e9, see <a href=\"http:\/\/www.mpi.nl\/DOBES\/projects\/yurakare\/people\" target=\"_blank\">the DoBes programme web site<\/a>.<\/p>\n<p style=\"text-align: justify; \">\n<h5>Sources<\/h5>\n<p style=\"text-align: justify; \">Crevels, Mily (2010) <em>Bolivia Amaz\u00f3nica<\/em> In \u00ab <a href=\"http:\/\/www.movilizando.org\/atlas_tomo1\/pages\/tomo_1.pdf\" target=\"_blank\">Atlas socioling\u00fc\u00edstico de pueblos ind\u00edgenas en Am\u00e9rica Latina<\/a> \u00bb, UNICEF. Vol. 1, pp 281-300<\/p>\n<p style=\"text-align: justify; \">Fabre, Alain. 2005. <em>Diccionario etnoling\u00fc\u00edstico y gu\u00eda bibliogr\u00e1fica de los pueblos ind\u00edgenas sudamericanos<\/em>. <a href=\"http:\/\/butler.cc.tut.fi\/~fabre\/BookInternetVersio\/Alkusivu.html\" target=\"_blank\">Online version available<\/a> [consulted on 20\/04\/2011]<\/p>\n<p style=\"text-align: justify; \">\n<h5>Online sources<\/h5>\n<p style=\"text-align: justify; \"><a href=\"http:\/\/atlaspueblosindigenas.files.wordpress.com\/2010\/05\/yuracare.pdf\" target=\"_blank\">Data collected by UNICEF on Yuracar\u00e9<\/a> (in Spanish) [20\/04\/2011]<\/p>\n<p style=\"text-align: justify; \"><a href=\"http:\/\/www.mpi.nl\/DOBES\/projects\/yurakare\/languages\" target=\"_blank\">The Yuracar\u00e9 page on the <\/a><a href=\"http:\/\/www.mpi.nl\/DOBES\/projects\/yurakare\/languages\" target=\"_blank\"><em>DoBes<\/em><\/a><a href=\"http:\/\/www.mpi.nl\/DOBES\/projects\/yurakare\/languages\" target=\"_blank\"> programme site<\/a> [20\/04\/2011]<\/p>\n<p style=\"text-align: justify; \"><a href=\"http:\/\/www10.gencat.net\/pres_casa_llengues\/AppJava\/frontend\/llengues_detall.jsp?id=146&amp;idioma=5\" target=\"_blank\">The Yuracar\u00e9 page on the <\/a><em><a href=\"http:\/\/www10.gencat.net\/pres_casa_llengues\/AppJava\/frontend\/llengues_detall.jsp?id=146&amp;idioma=5\" target=\"_blank\">Linguam\u00f3n<\/a><\/em><a href=\"http:\/\/www10.gencat.net\/pres_casa_llengues\/AppJava\/frontend\/llengues_detall.jsp?id=146&amp;idioma=5\" target=\"_blank\"> web site<\/a> [20\/04\/2011]<\/p>\n<p style=\"text-align: justify; \"><a href=\"http:\/\/www.amazonia.bo\/mas_detalle_proi.php?id_contenido=29\" target=\"_blank\">The Yuracar\u00e9 pages on the <\/a><em><a href=\"http:\/\/www.amazonia.bo\/mas_detalle_proi.php?id_contenido=29\" target=\"_blank\">Amazonia.bo<\/a><\/em><a href=\"http:\/\/www.amazonia.bo\/mas_detalle_proi.php?id_contenido=29\" target=\"_blank\"> web site<\/a> (in Spanish) [20\/04\/2011]<\/p>\n<p style=\"text-align: justify; \">\n<h5>Additional bibliography<\/h5>\n<p style=\"text-align: justify; \">Van Gijn, Rik (2006) <em>A Grammar of Yurakar\u00e9<\/em>. PhD. thesis Nijmegen: Radboud Universiteit. <a href=\"http:\/\/webdoc.ubn.ru.nl\/mono\/g\/gijn_e_van\/gramofyu.pdf\" target=\"_blank\">Online version available<\/a> (in Dutch).<\/p>\n<p style=\"text-align: justify; \">See l\u2019<em><a href=\"http:\/\/www.movilizando.org\/atlas_tomo1\/pages\/tomo_1.pdf\" target=\"_blank\">Atlas socioling\u00fc\u00edstico de pueblos ind\u00edgenas en Am\u00e9rica Latina<\/a><\/em> (in Spanish) and <a href=\"http:\/\/butler.cc.tut.fi\/~fabre\/BookInternetVersio\/Dic=Yuracare.pdf\" target=\"_blank\">Fabre (2005)<\/a> (also in Spanish) for a more complete bibliography.<\/p>\n<p style=\"text-align: justify; \">\n","protected":false},"excerpt":{"rendered":"<p>Data collected by UNICEF and the DoBes programme Data on the Yuracar\u00e9\u00a0language Alternative names: yurakar\u00e9, yura, yurujure Main dialects: According to Van Gijn (2006), although there is a certain amount of variation in the different communities of speakers, there are no dialects of Yuracar\u00e9. Classification:\u00a0Yuracar\u00e9 is generally considered to be a language isolate. There have [&hellip;]<\/p>\n","protected":false},"author":18,"featured_media":0,"parent":0,"menu_order":0,"comment_status":"closed","ping_status":"open","template":"","meta":{"footnotes":""},"class_list":["post-57910","page","type-page","status-publish","hentry"],"yoast_head":"<!-- This site is optimized with the Yoast SEO plugin v27.0 - https:\/\/yoast.com\/product\/yoast-seo-wordpress\/ -->\n<title>Yuracar\u00e9 - Sorosoro<\/title>\n<meta name=\"robots\" content=\"index, follow, max-snippet:-1, max-image-preview:large, max-video-preview:-1\" \/>\n<link rel=\"canonical\" href=\"https:\/\/www.sorosoro.org\/en\/yuracare\/\" \/>\n<meta property=\"og:locale\" content=\"en_US\" \/>\n<meta property=\"og:type\" content=\"article\" \/>\n<meta property=\"og:title\" content=\"Yuracar\u00e9 - Sorosoro\" \/>\n<meta property=\"og:description\" content=\"Data collected by UNICEF and the DoBes programme Data on the Yuracar\u00e9\u00a0language Alternative names: yurakar\u00e9, yura, yurujure Main dialects: According to Van Gijn (2006), although there is a certain amount of variation in the different communities of speakers, there are no dialects of Yuracar\u00e9. Classification:\u00a0Yuracar\u00e9 is generally considered to be a language isolate. There have [&hellip;]\" \/>\n<meta property=\"og:url\" content=\"https:\/\/www.sorosoro.org\/en\/yuracare\/\" \/>\n<meta property=\"og:site_name\" content=\"Sorosoro\" \/>\n<meta property=\"article:modified_time\" content=\"2011-10-03T10:43:52+00:00\" \/>\n<meta name=\"twitter:card\" content=\"summary_large_image\" \/>\n<meta name=\"twitter:label1\" content=\"Est. reading time\" \/>\n\t<meta name=\"twitter:data1\" content=\"5 minutes\" \/>\n<script type=\"application\/ld+json\" class=\"yoast-schema-graph\">{\"@context\":\"https:\/\/schema.org\",\"@graph\":[{\"@type\":\"WebPage\",\"@id\":\"https:\/\/www.sorosoro.org\/en\/yuracare\/\",\"url\":\"https:\/\/www.sorosoro.org\/en\/yuracare\/\",\"name\":\"Yuracar\u00e9 - Sorosoro\",\"isPartOf\":{\"@id\":\"https:\/\/www.sorosoro.org\/en\/#website\"},\"datePublished\":\"2011-09-28T20:23:05+00:00\",\"dateModified\":\"2011-10-03T10:43:52+00:00\",\"breadcrumb\":{\"@id\":\"https:\/\/www.sorosoro.org\/en\/yuracare\/#breadcrumb\"},\"inLanguage\":\"en-US\",\"potentialAction\":[{\"@type\":\"ReadAction\",\"target\":[\"https:\/\/www.sorosoro.org\/en\/yuracare\/\"]}]},{\"@type\":\"BreadcrumbList\",\"@id\":\"https:\/\/www.sorosoro.org\/en\/yuracare\/#breadcrumb\",\"itemListElement\":[{\"@type\":\"ListItem\",\"position\":1,\"name\":\"Accueil\",\"item\":\"https:\/\/www.sorosoro.org\/en\/\"},{\"@type\":\"ListItem\",\"position\":2,\"name\":\"Yuracar\u00e9\"}]},{\"@type\":\"WebSite\",\"@id\":\"https:\/\/www.sorosoro.org\/en\/#website\",\"url\":\"https:\/\/www.sorosoro.org\/en\/\",\"name\":\"Sorosoro\",\"description\":\"Pour que vivent les langues du monde !\",\"potentialAction\":[{\"@type\":\"SearchAction\",\"target\":{\"@type\":\"EntryPoint\",\"urlTemplate\":\"https:\/\/www.sorosoro.org\/en\/?s={search_term_string}\"},\"query-input\":{\"@type\":\"PropertyValueSpecification\",\"valueRequired\":true,\"valueName\":\"search_term_string\"}}],\"inLanguage\":\"en-US\"}]}<\/script>\n<!-- \/ Yoast SEO plugin. -->","yoast_head_json":{"title":"Yuracar\u00e9 - Sorosoro","robots":{"index":"index","follow":"follow","max-snippet":"max-snippet:-1","max-image-preview":"max-image-preview:large","max-video-preview":"max-video-preview:-1"},"canonical":"https:\/\/www.sorosoro.org\/en\/yuracare\/","og_locale":"en_US","og_type":"article","og_title":"Yuracar\u00e9 - Sorosoro","og_description":"Data collected by UNICEF and the DoBes programme Data on the Yuracar\u00e9\u00a0language Alternative names: yurakar\u00e9, yura, yurujure Main dialects: According to Van Gijn (2006), although there is a certain amount of variation in the different communities of speakers, there are no dialects of Yuracar\u00e9. Classification:\u00a0Yuracar\u00e9 is generally considered to be a language isolate. There have [&hellip;]","og_url":"https:\/\/www.sorosoro.org\/en\/yuracare\/","og_site_name":"Sorosoro","article_modified_time":"2011-10-03T10:43:52+00:00","twitter_card":"summary_large_image","twitter_misc":{"Est. reading time":"5 minutes"},"schema":{"@context":"https:\/\/schema.org","@graph":[{"@type":"WebPage","@id":"https:\/\/www.sorosoro.org\/en\/yuracare\/","url":"https:\/\/www.sorosoro.org\/en\/yuracare\/","name":"Yuracar\u00e9 - Sorosoro","isPartOf":{"@id":"https:\/\/www.sorosoro.org\/en\/#website"},"datePublished":"2011-09-28T20:23:05+00:00","dateModified":"2011-10-03T10:43:52+00:00","breadcrumb":{"@id":"https:\/\/www.sorosoro.org\/en\/yuracare\/#breadcrumb"},"inLanguage":"en-US","potentialAction":[{"@type":"ReadAction","target":["https:\/\/www.sorosoro.org\/en\/yuracare\/"]}]},{"@type":"BreadcrumbList","@id":"https:\/\/www.sorosoro.org\/en\/yuracare\/#breadcrumb","itemListElement":[{"@type":"ListItem","position":1,"name":"Accueil","item":"https:\/\/www.sorosoro.org\/en\/"},{"@type":"ListItem","position":2,"name":"Yuracar\u00e9"}]},{"@type":"WebSite","@id":"https:\/\/www.sorosoro.org\/en\/#website","url":"https:\/\/www.sorosoro.org\/en\/","name":"Sorosoro","description":"Pour que vivent les langues du monde !","potentialAction":[{"@type":"SearchAction","target":{"@type":"EntryPoint","urlTemplate":"https:\/\/www.sorosoro.org\/en\/?s={search_term_string}"},"query-input":{"@type":"PropertyValueSpecification","valueRequired":true,"valueName":"search_term_string"}}],"inLanguage":"en-US"}]}},"_links":{"self":[{"href":"https:\/\/www.sorosoro.org\/en\/wp-json\/wp\/v2\/pages\/57910","targetHints":{"allow":["GET"]}}],"collection":[{"href":"https:\/\/www.sorosoro.org\/en\/wp-json\/wp\/v2\/pages"}],"about":[{"href":"https:\/\/www.sorosoro.org\/en\/wp-json\/wp\/v2\/types\/page"}],"author":[{"embeddable":true,"href":"https:\/\/www.sorosoro.org\/en\/wp-json\/wp\/v2\/users\/18"}],"replies":[{"embeddable":true,"href":"https:\/\/www.sorosoro.org\/en\/wp-json\/wp\/v2\/comments?post=57910"}],"version-history":[{"count":0,"href":"https:\/\/www.sorosoro.org\/en\/wp-json\/wp\/v2\/pages\/57910\/revisions"}],"wp:attachment":[{"href":"https:\/\/www.sorosoro.org\/en\/wp-json\/wp\/v2\/media?parent=57910"}],"curies":[{"name":"wp","href":"https:\/\/api.w.org\/{rel}","templated":true}]}}