{"id":57895,"date":"2011-09-28T22:01:30","date_gmt":"2011-09-28T20:01:30","guid":{"rendered":"http:\/\/www.sorosoro.org\/?page_id=57895"},"modified":"2011-10-24T18:23:49","modified_gmt":"2011-10-24T16:23:49","slug":"kaingang","status":"publish","type":"page","link":"https:\/\/www.sorosoro.org\/en\/kaingang\/","title":{"rendered":"Kaing\u00e1ng"},"content":{"rendered":"<p style=\"text-align: justify;\"><em>Data collected by UNICEF<\/em><\/p>\n<h5>Data on the Kaing\u00e1ng\u00a0language<\/h5>\n<p style=\"text-align: justify;\"><strong>Alternative names<\/strong>:\u00a0Kanhg\u00e1g, Caingangue, Coroado, Taven, Kadyrukr\u00e9, Guayan\u00e1, Botocudo<\/p>\n<p style=\"text-align: justify;\"><em>Most alternative names are now obsolete. Kaing\u00e1ng, spelled in various ways, is the name which the speakers use for the language.<\/em><\/p>\n<p style=\"text-align: justify;\"><strong>Main dialects<\/strong>:\u00a0According to Ursula Wiesemann of SIL, there are currently five main dialects of kaing\u00e1ng:<\/p>\n<p style=\"text-align: justify;\">The <strong>kaing\u00e1ng spoken in S\u00e3o Paulo<\/strong>, between the Tiet\u00ea and Paranapanema\u00a0rivers; the <strong>kaing\u00e1ng of Paran\u00e1<\/strong> between the Paranapanema and Igua\u00e7u\u00a0rivers; the <strong>central dialect<\/strong>, between the Igua\u00e7u and Uruguay rivers; the <strong>south-west dialect<\/strong>, between areas south of the river Uruguay and west of the Passo Fundo river; and the <strong>south-east dialect<\/strong>, between the areas south of the river Uruguay and east of the Passo Fundo river.<\/p>\n<p style=\"text-align: justify;\"><strong>Classification<\/strong>:\u00a0Kaing\u00e1ng is a J\u00ea language (southern J\u00ea branch), of the <a href=\"https:\/\/www.sorosoro.org\/en\/macro-je-language-family\">Macro-J\u00ea family<\/a>.<\/p>\n<p style=\"text-align: justify;\">Information sourced from Aryon Rodrigues (1999)<\/p>\n<p style=\"text-align: justify;\"><em>Some sources from the 1960s considered Xokl\u00e9ng to be a dialect of Kaing\u00e1ng. Current usage differentiates the two languages.<\/em><\/p>\n<p style=\"text-align: justify;\"><strong>Geographical area<\/strong>:\u00a0The Brazilian states of Paran\u00e1, Rio Grande do Sul, Santa Catarina and S\u00e3o Paulo.<\/p>\n<p style=\"text-align: justify;\">The population is distributed across 30 or so \u201cindigenous territories\u201d, but there are also speakers on the fringes of these areas. Kaing\u00e1ng\u2019s presence is also attested in urban areas, such as S\u00e3o Paulo.<\/p>\n<p style=\"text-align: justify;\"><strong>Number of speakers<\/strong>:<\/p>\n<p style=\"text-align: justify;\">&#8211; Ethnic population: According to the ISA\u2019s (<a href=\"http:\/\/www.socioambiental.org\/\" target=\"_blank\">Instituto Socioambiental<\/a>) 2006 census, the total population has grown to 28 000 people. However, the 2009 FUNASA census gives the figure of 33 064 speakers. According to PIB (<a href=\"http:\/\/pib.socioambiental.org\/en\" target=\"_blank\">Povos Ind\u00edgenas no Brasil<\/a>), these figures need to be seen as a \u201crough estimate\u201d rather than a comprehensive census. Kaing\u00e1ng speakers are most likely the biggest population of J\u00ea speakers.<\/p>\n<p style=\"text-align: justify;\">&#8211; Number of speakers: It is difficult to obtain exact figures on the number of speakers of Kaing\u00e1ng. The Linguam\u00f3n website estimates that there are 18 000 speakers, whereas Unesco gives a figure of 18 500 speakers.<\/p>\n<p style=\"text-align: justify;\"><strong>Official status of Kaing\u00e1ng<\/strong>:\u00a0Kaing\u00e1ng has no official status.<\/p>\n<p style=\"text-align: justify;\">According to <em>Linguam\u00f3n<\/em>: \u201cPortuguese is the only official language of Brazil. Current linguistic legislation for other languages pertains only to the education sector, and in particular bilingual and intercultural primary school teaching (exclusively in indigenous communities). In reality, there are, however, very few qualified bilingual teachers\u201d.<\/p>\n<p style=\"text-align: justify;\"><strong>Teaching<\/strong>:<\/p>\n<p style=\"text-align: justify;\">We are beginning to see some bilingual teaching in Kaing\u00e1ng\/Portuguese, but it is restricted to only the first year of school. Linguam\u00f3n says that schools are not really providing \u201ctrue\u201d bilingual education as they are \u201cfavouring the use of Portuguese\u201d.<\/p>\n<p style=\"text-align: justify;\"><strong>Vitality and Transmission<\/strong>:<\/p>\n<p style=\"text-align: justify;\">Kaing\u00e1ng is an endangered language according to Unesco criteria.<\/p>\n<p style=\"text-align: justify;\">In reality, the situation differs depending on the area and the community: in areas like Iva\u00ed and Faxinal, there are still a few people who remain monolingual in their native language, while in other regions, like some villages of S\u00e3o Paulo, Kaing\u00e1ng is no longer spoken at all. It would seem that the vast majority of speakers are bilingual in Portuguese and Kaing\u00e1ng. A feeling that the language is a symbol of the speakers\u2019 identity remains. Kaing\u00e1ng is one of the most studied and documented J\u00ea languages.<\/p>\n<p style=\"text-align: justify;\">\n<h5>Ethnographic and sociological observations<\/h5>\n<p style=\"text-align: justify;\">Like other Amazonian cultures, particularly those using j\u00ea languages, Kaing\u00e1ng society is traditionally dualist. That is, society is divided into two <em>moieties<\/em>, two distinct and exclusive groups, with each individual belonging to one or the other group.<\/p>\n<p style=\"text-align: justify;\">The myth of the origins of the Kaing\u00e1ng recounts the tale of two founding brothers, <em>Kam\u00e9<\/em> and <em>Kairu<\/em>. After a huge flood, the brothers climbed out of the top of the <em>Crinjijimb\u00e9s<\/em> mountain and then proceeded to create and name the animals and plants. This division between <em>Kam\u00e9<\/em> and <em>Kairu<\/em> is a concept which applies to people, the structure of society and the surrounding environment: \u201cthe sun is <em>Kam\u00e9<\/em>, while the moon is <em>Kairu<\/em>; the Pine is <em>Kam\u00e9<\/em>, while the Cedar is <em>Kairu<\/em>; lizards are <em>Kam\u00e9<\/em> while monkeys are <em>Kairu<\/em>, etc\u201d. In the Kaing\u00e1ng creation myth, <em>Kam\u00e9<\/em> represents perfection, permanence and achievement, and <em>Kairu<\/em> signifies imperfection, impulsivity and lack of achievement. This dualism is common in Amerindian cultures: Levi-Strauss even made it the subject of one of his books, <em>The Story of Lynx<\/em>.<\/p>\n<p style=\"text-align: justify;\">As mentioned above, each individual belongs to one of the two groups in Kaing\u00e1ng society. Marriages are exogamous between the two groups: a <em>kam\u00e9<\/em> man must marry a <em>kairu<\/em> woman and vice-versa. Kaing\u00e1ng society is <em>matrilocal<\/em>, but <em>patrilineal<\/em>. Therefore, a young married couple will live with the wife\u2019s family, but whether they will belong to one or the other group is determined by the father, and the name given to a child is based on the group to which it belongs.<\/p>\n<p style=\"text-align: justify;\">Although a more sedentary lifestyle, Western social models and economic difficulties have affected Kaing\u00e1ng society today with regard to social organisation, religion and ritual, traces of traditional social organisation remain in Kaing\u00e1ng villages and territories.<\/p>\n<p style=\"text-align: justify;\">\n<h5>Historical observations<\/h5>\n<p style=\"text-align: justify;\">Like other populations living in the forests close to the Atlantic Coast (the Guaranis-Kiow\u00e1 or Mby\u00e1, for example) the Kaing\u00e1ng had early contact with Portuguese colonies in the 16th century.<\/p>\n<p style=\"text-align: justify;\">The urban and agricultural developments inherited from \u201cWestern\u201d colonial society have gradually reduced the native territories of the Kaing\u00e1ng to small \u201creserves\u201d. In these reserves, the environment has been degraded and the people have been subjected to forced settlement and have had to abandon their traditional way of life including hunting and fishing practices.<\/p>\n<p style=\"text-align: justify;\">Today, the Kaing\u00e1ng survive by working on agricultural plots administered by the FUNAI (the Brazilian National Indian Foundation) either on family or artisanal farms. Some work as agricultural labourers on \u201cWestern\u201d farms that have encroached on their lands.<\/p>\n<p style=\"text-align: justify;\">The Kaing\u00e1ng people are in a constant battle for the restitution of the lands which were taken from them. The lands on which they now live are too small to guarantee the survival of the whole population.<\/p>\n<p style=\"text-align: justify;\">For more information on the Kaing\u00e1ng, check out the invaluable <em><a href=\"http:\/\/pib.socioambiental.org\/en\/povo\/kaingang\" target=\"_blank\">Povos Ind\u00edgenas no Brasil<\/a><\/em> site.<\/p>\n<p style=\"text-align: justify;\">Also, see the <em><a href=\"http:\/\/www.portalkaingang.org\/index_povo_1.htm\" target=\"_blank\">Portalkaingang<\/a><\/em> site (in Portuguese).<\/p>\n<p style=\"text-align: justify;\">\n<h5>Sources<\/h5>\n<p style=\"text-align: justify;\">De Castro Alves, Fl\u00e1via (2010). <em>Brasil no Amaz\u00f3nico<\/em>. In \u00ab\u00a0<a href=\"http:\/\/www.movilizando.org\/atlas_tomo1\/pages\/tomo_1.pdf\" target=\"_blank\">Atlas socioling\u00fc\u00edstico de pueblos ind\u00edgenas en Am\u00e9rica Latina<\/a> \u00bb (Sociolinguistic atlas of the indigenous peoples of Latin America \u2013 In Spanish), UNICEF. Volume 1, pp 265-280.<\/p>\n<p style=\"text-align: justify;\">Fabre, Alain. 2005. <em>Diccionario etnoling\u00fc\u00edstico y gu\u00eda bibliogr\u00e1fica de los pueblos ind\u00edgenas sudamericanos<\/em>. (Ethnolinguistic dictionary and bibliographic guide on the indigenous peoples of South America) <a href=\"http:\/\/butler.cc.tut.fi\/~fabre\/BookInternetVersio\/Alkusivu.html\" target=\"_blank\">Online version<\/a> (in Spanish) [20\/04\/2011]<\/p>\n<p style=\"text-align: justify;\">\n<h5>Web sources<\/h5>\n<p style=\"text-align: justify;\"><a href=\"http:\/\/atlaspueblosindigenas.files.wordpress.com\/2010\/05\/kaingang.pdf\" target=\"_blank\">Data collected by UNICEF on the kaing\u00e1ng<\/a> (in Spanish)<\/p>\n<p style=\"text-align: justify;\"><a href=\"http:\/\/pib.socioambiental.org\/en\/povo\/kaingang\" target=\"_blank\">Information on the Kaing\u00e1ng on the <\/a><em><a href=\"http:\/\/pib.socioambiental.org\/en\/povo\/kaingang\" target=\"_blank\">Povos Ind\u00edgenas no Brasil<\/a><\/em><a href=\"http:\/\/pib.socioambiental.org\/en\/povo\/kaingang\" target=\"_blank\"> site<\/a><\/p>\n<p style=\"text-align: justify;\"><a href=\"http:\/\/www10.gencat.net\/pres_casa_llengues\/AppJava\/frontend\/llengues_detall.jsp?id=733&amp;idioma=5\" target=\"_blank\">Information on kaing\u00e1ng on the <\/a><em><a href=\"http:\/\/www10.gencat.net\/pres_casa_llengues\/AppJava\/frontend\/llengues_detall.jsp?id=733&amp;idioma=5\" target=\"_blank\">Linguam\u00f3n<\/a><\/em><a href=\"http:\/\/www10.gencat.net\/pres_casa_llengues\/AppJava\/frontend\/llengues_detall.jsp?id=733&amp;idioma=5\" target=\"_blank\"> site<\/a><\/p>\n<p style=\"text-align: justify;\">\n<h5>Additional bibliography<\/h5>\n<p style=\"text-align: justify;\">CIMI REGIONAL SUL. 1984.\u00a0 <em>Toldo Chimbangue : hist\u00f3ria e luta Kaingang em Santa Catarina<\/em>. Xanxer\u00ea : Cimi (in Portuguese)<\/p>\n<p style=\"text-align: justify;\">D\u2019ANGELIS, Wilmar da Rocha. 2002. K<em>aingang : quest\u00f5es de l\u00edngua e identidade<\/em>. Rev. Liames, Campinas : Unicamp, n. 2, p. 105-28 (in Portuguese)<\/p>\n<p style=\"text-align: justify;\">Bastos, Jacqueline Narciso &amp;\u00a0 M\u00e1rcia Regina Pereira Sagaz 2005. <em><a href=\" http:\/\/www.ipol.org.br\/ler.php?cod=324\" target=\"_blank\">A identidade \u00e9tnica dos \u00cdndios urbanos na Gde.Florian\u00f3polis<\/a><\/em> (in Portuguese)<\/p>\n<p style=\"text-align: justify;\">L\u00e9vi-Strauss, Claude. 1991. <em>Histoire de lynx<\/em>. Plon, Paris (in French ; published in English as \u201cThe Story of Lynx\u201d)<\/p>\n<p style=\"text-align: justify;\">Rodrigues, Ayron D. (1999). \u00ab\u00a0Macro-J\u00ea\u00a0\u00bb In R.M.W. Dixon and Alexandra Y. Aikhenvald, (eds) <em>The Amazonian languages<\/em>,\u00a0Cambridge University Press.<\/p>\n<p style=\"text-align: justify;\">\n<p style=\"text-align: justify;\">See <a href=\"http:\/\/www.movilizando.org\/atlas_tomo1\/pages\/tomo_1.pdf\" target=\"_blank\"><em>Atlas socioling\u00fc\u00edstico de pueblos ind\u00edgenas en Am\u00e9rica Latina<\/em><\/a> (Sociolinguistic Atlas of the Indigenous Peoples of Latin America \u2013 in Spanish) and <a href=\"http:\/\/butler.cc.tut.fi\/%7Efabre\/BookInternetVersio\/Dic=J%EA.pdf\" target=\"_blank\">Fabre (2005)<\/a> for a more complete bibliography.<\/p>\n<p style=\"text-align: justify;\">\n","protected":false},"excerpt":{"rendered":"<p>Data collected by UNICEF Data on the Kaing\u00e1ng\u00a0language Alternative names:\u00a0Kanhg\u00e1g, Caingangue, Coroado, Taven, Kadyrukr\u00e9, Guayan\u00e1, Botocudo Most alternative names are now obsolete. Kaing\u00e1ng, spelled in various ways, is the name which the speakers use for the language. Main dialects:\u00a0According to Ursula Wiesemann of SIL, there are currently five main dialects of kaing\u00e1ng: The kaing\u00e1ng spoken [&hellip;]<\/p>\n","protected":false},"author":18,"featured_media":0,"parent":0,"menu_order":0,"comment_status":"closed","ping_status":"open","template":"","meta":{"footnotes":""},"class_list":["post-57895","page","type-page","status-publish","hentry"],"yoast_head":"<!-- This site is optimized with the Yoast SEO plugin v27.0 - https:\/\/yoast.com\/product\/yoast-seo-wordpress\/ -->\n<title>Kaing\u00e1ng - Sorosoro<\/title>\n<meta name=\"robots\" content=\"index, follow, max-snippet:-1, max-image-preview:large, max-video-preview:-1\" \/>\n<link rel=\"canonical\" href=\"https:\/\/www.sorosoro.org\/en\/kaingang\/\" \/>\n<meta property=\"og:locale\" content=\"en_US\" \/>\n<meta property=\"og:type\" content=\"article\" \/>\n<meta property=\"og:title\" content=\"Kaing\u00e1ng - Sorosoro\" \/>\n<meta property=\"og:description\" content=\"Data collected by UNICEF Data on the Kaing\u00e1ng\u00a0language Alternative names:\u00a0Kanhg\u00e1g, Caingangue, Coroado, Taven, Kadyrukr\u00e9, Guayan\u00e1, Botocudo Most alternative names are now obsolete. Kaing\u00e1ng, spelled in various ways, is the name which the speakers use for the language. Main dialects:\u00a0According to Ursula Wiesemann of SIL, there are currently five main dialects of kaing\u00e1ng: The kaing\u00e1ng spoken [&hellip;]\" \/>\n<meta property=\"og:url\" content=\"https:\/\/www.sorosoro.org\/en\/kaingang\/\" \/>\n<meta property=\"og:site_name\" content=\"Sorosoro\" \/>\n<meta property=\"article:modified_time\" content=\"2011-10-24T16:23:49+00:00\" \/>\n<meta name=\"twitter:card\" content=\"summary_large_image\" \/>\n<meta name=\"twitter:label1\" content=\"Est. reading time\" \/>\n\t<meta name=\"twitter:data1\" content=\"6 minutes\" \/>\n<script type=\"application\/ld+json\" class=\"yoast-schema-graph\">{\"@context\":\"https:\/\/schema.org\",\"@graph\":[{\"@type\":\"WebPage\",\"@id\":\"https:\/\/www.sorosoro.org\/en\/kaingang\/\",\"url\":\"https:\/\/www.sorosoro.org\/en\/kaingang\/\",\"name\":\"Kaing\u00e1ng - Sorosoro\",\"isPartOf\":{\"@id\":\"https:\/\/www.sorosoro.org\/en\/#website\"},\"datePublished\":\"2011-09-28T20:01:30+00:00\",\"dateModified\":\"2011-10-24T16:23:49+00:00\",\"breadcrumb\":{\"@id\":\"https:\/\/www.sorosoro.org\/en\/kaingang\/#breadcrumb\"},\"inLanguage\":\"en-US\",\"potentialAction\":[{\"@type\":\"ReadAction\",\"target\":[\"https:\/\/www.sorosoro.org\/en\/kaingang\/\"]}]},{\"@type\":\"BreadcrumbList\",\"@id\":\"https:\/\/www.sorosoro.org\/en\/kaingang\/#breadcrumb\",\"itemListElement\":[{\"@type\":\"ListItem\",\"position\":1,\"name\":\"Accueil\",\"item\":\"https:\/\/www.sorosoro.org\/en\/\"},{\"@type\":\"ListItem\",\"position\":2,\"name\":\"Kaing\u00e1ng\"}]},{\"@type\":\"WebSite\",\"@id\":\"https:\/\/www.sorosoro.org\/en\/#website\",\"url\":\"https:\/\/www.sorosoro.org\/en\/\",\"name\":\"Sorosoro\",\"description\":\"Pour que vivent les langues du monde !\",\"potentialAction\":[{\"@type\":\"SearchAction\",\"target\":{\"@type\":\"EntryPoint\",\"urlTemplate\":\"https:\/\/www.sorosoro.org\/en\/?s={search_term_string}\"},\"query-input\":{\"@type\":\"PropertyValueSpecification\",\"valueRequired\":true,\"valueName\":\"search_term_string\"}}],\"inLanguage\":\"en-US\"}]}<\/script>\n<!-- \/ Yoast SEO plugin. -->","yoast_head_json":{"title":"Kaing\u00e1ng - Sorosoro","robots":{"index":"index","follow":"follow","max-snippet":"max-snippet:-1","max-image-preview":"max-image-preview:large","max-video-preview":"max-video-preview:-1"},"canonical":"https:\/\/www.sorosoro.org\/en\/kaingang\/","og_locale":"en_US","og_type":"article","og_title":"Kaing\u00e1ng - Sorosoro","og_description":"Data collected by UNICEF Data on the Kaing\u00e1ng\u00a0language Alternative names:\u00a0Kanhg\u00e1g, Caingangue, Coroado, Taven, Kadyrukr\u00e9, Guayan\u00e1, Botocudo Most alternative names are now obsolete. Kaing\u00e1ng, spelled in various ways, is the name which the speakers use for the language. Main dialects:\u00a0According to Ursula Wiesemann of SIL, there are currently five main dialects of kaing\u00e1ng: The kaing\u00e1ng spoken [&hellip;]","og_url":"https:\/\/www.sorosoro.org\/en\/kaingang\/","og_site_name":"Sorosoro","article_modified_time":"2011-10-24T16:23:49+00:00","twitter_card":"summary_large_image","twitter_misc":{"Est. reading time":"6 minutes"},"schema":{"@context":"https:\/\/schema.org","@graph":[{"@type":"WebPage","@id":"https:\/\/www.sorosoro.org\/en\/kaingang\/","url":"https:\/\/www.sorosoro.org\/en\/kaingang\/","name":"Kaing\u00e1ng - Sorosoro","isPartOf":{"@id":"https:\/\/www.sorosoro.org\/en\/#website"},"datePublished":"2011-09-28T20:01:30+00:00","dateModified":"2011-10-24T16:23:49+00:00","breadcrumb":{"@id":"https:\/\/www.sorosoro.org\/en\/kaingang\/#breadcrumb"},"inLanguage":"en-US","potentialAction":[{"@type":"ReadAction","target":["https:\/\/www.sorosoro.org\/en\/kaingang\/"]}]},{"@type":"BreadcrumbList","@id":"https:\/\/www.sorosoro.org\/en\/kaingang\/#breadcrumb","itemListElement":[{"@type":"ListItem","position":1,"name":"Accueil","item":"https:\/\/www.sorosoro.org\/en\/"},{"@type":"ListItem","position":2,"name":"Kaing\u00e1ng"}]},{"@type":"WebSite","@id":"https:\/\/www.sorosoro.org\/en\/#website","url":"https:\/\/www.sorosoro.org\/en\/","name":"Sorosoro","description":"Pour que vivent les langues du monde !","potentialAction":[{"@type":"SearchAction","target":{"@type":"EntryPoint","urlTemplate":"https:\/\/www.sorosoro.org\/en\/?s={search_term_string}"},"query-input":{"@type":"PropertyValueSpecification","valueRequired":true,"valueName":"search_term_string"}}],"inLanguage":"en-US"}]}},"_links":{"self":[{"href":"https:\/\/www.sorosoro.org\/en\/wp-json\/wp\/v2\/pages\/57895","targetHints":{"allow":["GET"]}}],"collection":[{"href":"https:\/\/www.sorosoro.org\/en\/wp-json\/wp\/v2\/pages"}],"about":[{"href":"https:\/\/www.sorosoro.org\/en\/wp-json\/wp\/v2\/types\/page"}],"author":[{"embeddable":true,"href":"https:\/\/www.sorosoro.org\/en\/wp-json\/wp\/v2\/users\/18"}],"replies":[{"embeddable":true,"href":"https:\/\/www.sorosoro.org\/en\/wp-json\/wp\/v2\/comments?post=57895"}],"version-history":[{"count":0,"href":"https:\/\/www.sorosoro.org\/en\/wp-json\/wp\/v2\/pages\/57895\/revisions"}],"wp:attachment":[{"href":"https:\/\/www.sorosoro.org\/en\/wp-json\/wp\/v2\/media?parent=57895"}],"curies":[{"name":"wp","href":"https:\/\/api.w.org\/{rel}","templated":true}]}}