{"id":56160,"date":"2011-09-08T17:47:17","date_gmt":"2011-09-08T15:47:17","guid":{"rendered":"http:\/\/www.sorosoro.org\/?page_id=56160"},"modified":"2011-09-08T17:47:17","modified_gmt":"2011-09-08T15:47:17","slug":"casamance-creole","status":"publish","type":"page","link":"https:\/\/www.sorosoro.org\/en\/casamance-creole\/","title":{"rendered":"Casamance Creole"},"content":{"rendered":"<p style=\"text-align: justify;\"><em>Page created by <strong>No\u00ebl-Bernard Biagui<\/strong>, <a href=\"http:\/\/www.inalco.fr\/\" target=\"_blank\">INALCO<\/a> PhD in association with the <a href=\"http:\/\/llacan.vjf.cnrs.fr\/\" target=\"_blank\">LLACAN<\/a>, 2010.<\/em><\/p>\n<p style=\"text-align: justify;\">\n<h5 style=\"text-align: justify;\">Data on the language<\/h5>\n<p style=\"text-align: justify;\"><strong>Alternative names<\/strong>: Kriyol, Lingu Kristo\u014b.<\/p>\n<p style=\"text-align: justify;\"><strong>Classification<\/strong>: <a href=\"https:\/\/www.sorosoro.org\/en\/portuguese-based-creole-languages\">Portuguese-based Creole language of West Africa (CPAO)<\/a>.<\/p>\n<p style=\"text-align: justify;\"><strong>Main dialects<\/strong>:<\/p>\n<p style=\"text-align: justify;\">Very few intern variations are accounted for (Creole spoken in Ziguinchor city, Sindone, Niaguis, Fanda, Ad\u00e9ane, Kougnoundou, Djifanghor, Agniak).<\/p>\n<p style=\"text-align: justify;\"><strong>Geographical area<\/strong>:<\/p>\n<p style=\"text-align: justify;\">Casamance Creole is spoken in West Africa, in <strong>Casamance (southern Senegal)<\/strong>, in the Ziguinchor Region (Ziguinchor city, Sindone, Niaguis, Fanda, Ad\u00e9ane, Kougnoundou, Djifanghor, Agniak).<\/p>\n<p style=\"text-align: justify;\"><strong>Number of speakers<\/strong>:<\/p>\n<p style=\"text-align: justify;\">Estimates account for some 50,000 speakers (Ch\u00e2taigner 1963:54).<\/p>\n<p style=\"text-align: justify;\"><strong>Language status<\/strong>:<\/p>\n<p style=\"text-align: justify;\">Casamance Creole is a <strong>non-official language<\/strong>, and it is <strong>not taught in school<\/strong>. It is the trade language for thousands of speakers of Baynunk, Jola, Mankanya, Manjack (etc.)<\/p>\n<p style=\"text-align: justify;\"><strong>Vitality &amp; Transmission<\/strong>:<\/p>\n<p style=\"text-align: justify;\">Casamance Creole remains the mother tongue of a fair number of children, though it faces <strong>decline <\/strong>in favor of Wolof, Maninka, and French.<\/p>\n<p style=\"text-align: justify;\"><strong>Media\/Literature\/Education<\/strong>:<\/p>\n<p style=\"text-align: justify;\">A one-hour weekly radio program (\u201cHousewife\u201d) airs on the RTS (\u201cRadio T\u00e9l\u00e9vision du S\u00e9n\u00e9gal\u201d) in Ziguinchor.<\/p>\n<p style=\"text-align: justify;\">Casamance Creole is also used in Catholic religious education (catechism is conducted partly in Creole in most of the churches in Ziguinchor, as well as in Creole-speaking villages, hence the production of a few Creole catechesis textbooks).<\/p>\n<p style=\"text-align: justify;\">\n<h5 style=\"text-align: justify;\">Ethnographic observations<\/h5>\n<p style=\"text-align: justify;\">The majority of Casamance Creole speakers belong to the <strong>Baynunk <\/strong>ethnic group, and are Catholics.<\/p>\n<p style=\"text-align: justify;\">\n<h5 style=\"text-align: justify;\">Linguistic observations<\/h5>\n<p style=\"text-align: justify;\">Casamance Creole appeared in the course of the 17th century with the establishment of the Ziguinchor presidio (trading post), during the Portuguese colonisation, and bears strong similarities with the current Creoles of Guinea-Bissau (Cacheu), Cape Verde (Cape Verdean), and the Netherlands Antilles (Papiamentu).<\/p>\n<p style=\"text-align: justify;\">The structure of Casamance Creole is in SVO (Subject-Verb-Object). Its morphology is regular, with a significant amount of vocabulary from Romance and African languages.<\/p>\n<p style=\"text-align: justify;\">\n<h5 style=\"text-align: justify;\">Sources &amp; Bibliography<\/h5>\n<p style=\"text-align: justify;\">BIAGUI, N. B. (th\u00e8se en cours), <em>Description g\u00e9n\u00e9rale du cr\u00e9ole afro-portugais parl\u00e9 \u00e0 Ziguinchor (Casamance)<\/em>, Dakar \/ Paris: Universit\u00e9 Cheikh Anta Diop (UCAD) \/ Institut National des Langues et Civilisations Orientales (INaLCO).<\/p>\n<p style=\"text-align: justify;\">CHATAIGNER, A., \u00ab Le cr\u00e9ole portugais du S\u00e9n\u00e9gal : Observations et textes \u00bb, <em>Journal of African languages<\/em>, Vol. 2, part I, 1963, pp. 44-71.<\/p>\n<p style=\"text-align: justify;\">DONEUX, J. L., <em>Syst\u00e8mes phonologiques des langues de Casamance et fran\u00e7ais parl\u00e9 par les \u00e9l\u00e8ves casaman\u00e7ais du CM1 (cours moyen premi\u00e8re ann\u00e9e)<\/em>, Dakar, CLAD (Centre de Linguistique Appliqu\u00e9e de Dakar), 1979, 82 p.<\/p>\n<p style=\"text-align: justify;\">ROUGE, J. L., <em>En apprenant le cr\u00e9ole \u00e0 Bissau ou Ziguinchor<\/em>, l\u2019Harmattan, Paris, 1988, 113 p.<\/p>\n<p style=\"text-align: justify;\">ROUGE, J. L., <em>Formation et \u00e9volution du cr\u00e9ole de Guin\u00e9e Bissao et de Casamance<\/em>, Universit\u00e9 de Lyon II, 1985.<\/p>\n<p style=\"text-align: justify;\">\n<p style=\"text-align: justify;\">\n","protected":false},"excerpt":{"rendered":"<p>Page created by No\u00ebl-Bernard Biagui, INALCO PhD in association with the LLACAN, 2010. Data on the language Alternative names: Kriyol, Lingu Kristo\u014b. Classification: Portuguese-based Creole language of West Africa (CPAO). Main dialects: Very few intern variations are accounted for (Creole spoken in Ziguinchor city, Sindone, Niaguis, Fanda, Ad\u00e9ane, Kougnoundou, Djifanghor, Agniak). Geographical area: Casamance Creole [&hellip;]<\/p>\n","protected":false},"author":18,"featured_media":0,"parent":0,"menu_order":0,"comment_status":"closed","ping_status":"open","template":"","meta":{"footnotes":""},"class_list":["post-56160","page","type-page","status-publish","hentry"],"yoast_head":"<!-- This site is optimized with the Yoast SEO plugin v27.0 - https:\/\/yoast.com\/product\/yoast-seo-wordpress\/ -->\n<title>Casamance Creole - Sorosoro<\/title>\n<meta name=\"robots\" content=\"index, follow, max-snippet:-1, max-image-preview:large, max-video-preview:-1\" \/>\n<link rel=\"canonical\" href=\"https:\/\/www.sorosoro.org\/en\/casamance-creole\/\" \/>\n<meta property=\"og:locale\" content=\"en_US\" \/>\n<meta property=\"og:type\" content=\"article\" \/>\n<meta property=\"og:title\" content=\"Casamance Creole - Sorosoro\" \/>\n<meta property=\"og:description\" content=\"Page created by No\u00ebl-Bernard Biagui, INALCO PhD in association with the LLACAN, 2010. Data on the language Alternative names: Kriyol, Lingu Kristo\u014b. Classification: Portuguese-based Creole language of West Africa (CPAO). Main dialects: Very few intern variations are accounted for (Creole spoken in Ziguinchor city, Sindone, Niaguis, Fanda, Ad\u00e9ane, Kougnoundou, Djifanghor, Agniak). Geographical area: Casamance Creole [&hellip;]\" \/>\n<meta property=\"og:url\" content=\"https:\/\/www.sorosoro.org\/en\/casamance-creole\/\" \/>\n<meta property=\"og:site_name\" content=\"Sorosoro\" \/>\n<meta name=\"twitter:card\" content=\"summary_large_image\" \/>\n<meta name=\"twitter:label1\" content=\"Est. reading time\" \/>\n\t<meta name=\"twitter:data1\" content=\"2 minutes\" \/>\n<script type=\"application\/ld+json\" class=\"yoast-schema-graph\">{\"@context\":\"https:\/\/schema.org\",\"@graph\":[{\"@type\":\"WebPage\",\"@id\":\"https:\/\/www.sorosoro.org\/en\/casamance-creole\/\",\"url\":\"https:\/\/www.sorosoro.org\/en\/casamance-creole\/\",\"name\":\"Casamance Creole - Sorosoro\",\"isPartOf\":{\"@id\":\"https:\/\/www.sorosoro.org\/en\/#website\"},\"datePublished\":\"2011-09-08T15:47:17+00:00\",\"breadcrumb\":{\"@id\":\"https:\/\/www.sorosoro.org\/en\/casamance-creole\/#breadcrumb\"},\"inLanguage\":\"en-US\",\"potentialAction\":[{\"@type\":\"ReadAction\",\"target\":[\"https:\/\/www.sorosoro.org\/en\/casamance-creole\/\"]}]},{\"@type\":\"BreadcrumbList\",\"@id\":\"https:\/\/www.sorosoro.org\/en\/casamance-creole\/#breadcrumb\",\"itemListElement\":[{\"@type\":\"ListItem\",\"position\":1,\"name\":\"Accueil\",\"item\":\"https:\/\/www.sorosoro.org\/en\/\"},{\"@type\":\"ListItem\",\"position\":2,\"name\":\"Casamance Creole\"}]},{\"@type\":\"WebSite\",\"@id\":\"https:\/\/www.sorosoro.org\/en\/#website\",\"url\":\"https:\/\/www.sorosoro.org\/en\/\",\"name\":\"Sorosoro\",\"description\":\"Pour que vivent les langues du monde !\",\"potentialAction\":[{\"@type\":\"SearchAction\",\"target\":{\"@type\":\"EntryPoint\",\"urlTemplate\":\"https:\/\/www.sorosoro.org\/en\/?s={search_term_string}\"},\"query-input\":{\"@type\":\"PropertyValueSpecification\",\"valueRequired\":true,\"valueName\":\"search_term_string\"}}],\"inLanguage\":\"en-US\"}]}<\/script>\n<!-- \/ Yoast SEO plugin. -->","yoast_head_json":{"title":"Casamance Creole - Sorosoro","robots":{"index":"index","follow":"follow","max-snippet":"max-snippet:-1","max-image-preview":"max-image-preview:large","max-video-preview":"max-video-preview:-1"},"canonical":"https:\/\/www.sorosoro.org\/en\/casamance-creole\/","og_locale":"en_US","og_type":"article","og_title":"Casamance Creole - Sorosoro","og_description":"Page created by No\u00ebl-Bernard Biagui, INALCO PhD in association with the LLACAN, 2010. Data on the language Alternative names: Kriyol, Lingu Kristo\u014b. Classification: Portuguese-based Creole language of West Africa (CPAO). Main dialects: Very few intern variations are accounted for (Creole spoken in Ziguinchor city, Sindone, Niaguis, Fanda, Ad\u00e9ane, Kougnoundou, Djifanghor, Agniak). Geographical area: Casamance Creole [&hellip;]","og_url":"https:\/\/www.sorosoro.org\/en\/casamance-creole\/","og_site_name":"Sorosoro","twitter_card":"summary_large_image","twitter_misc":{"Est. reading time":"2 minutes"},"schema":{"@context":"https:\/\/schema.org","@graph":[{"@type":"WebPage","@id":"https:\/\/www.sorosoro.org\/en\/casamance-creole\/","url":"https:\/\/www.sorosoro.org\/en\/casamance-creole\/","name":"Casamance Creole - Sorosoro","isPartOf":{"@id":"https:\/\/www.sorosoro.org\/en\/#website"},"datePublished":"2011-09-08T15:47:17+00:00","breadcrumb":{"@id":"https:\/\/www.sorosoro.org\/en\/casamance-creole\/#breadcrumb"},"inLanguage":"en-US","potentialAction":[{"@type":"ReadAction","target":["https:\/\/www.sorosoro.org\/en\/casamance-creole\/"]}]},{"@type":"BreadcrumbList","@id":"https:\/\/www.sorosoro.org\/en\/casamance-creole\/#breadcrumb","itemListElement":[{"@type":"ListItem","position":1,"name":"Accueil","item":"https:\/\/www.sorosoro.org\/en\/"},{"@type":"ListItem","position":2,"name":"Casamance Creole"}]},{"@type":"WebSite","@id":"https:\/\/www.sorosoro.org\/en\/#website","url":"https:\/\/www.sorosoro.org\/en\/","name":"Sorosoro","description":"Pour que vivent les langues du monde !","potentialAction":[{"@type":"SearchAction","target":{"@type":"EntryPoint","urlTemplate":"https:\/\/www.sorosoro.org\/en\/?s={search_term_string}"},"query-input":{"@type":"PropertyValueSpecification","valueRequired":true,"valueName":"search_term_string"}}],"inLanguage":"en-US"}]}},"_links":{"self":[{"href":"https:\/\/www.sorosoro.org\/en\/wp-json\/wp\/v2\/pages\/56160","targetHints":{"allow":["GET"]}}],"collection":[{"href":"https:\/\/www.sorosoro.org\/en\/wp-json\/wp\/v2\/pages"}],"about":[{"href":"https:\/\/www.sorosoro.org\/en\/wp-json\/wp\/v2\/types\/page"}],"author":[{"embeddable":true,"href":"https:\/\/www.sorosoro.org\/en\/wp-json\/wp\/v2\/users\/18"}],"replies":[{"embeddable":true,"href":"https:\/\/www.sorosoro.org\/en\/wp-json\/wp\/v2\/comments?post=56160"}],"version-history":[{"count":0,"href":"https:\/\/www.sorosoro.org\/en\/wp-json\/wp\/v2\/pages\/56160\/revisions"}],"wp:attachment":[{"href":"https:\/\/www.sorosoro.org\/en\/wp-json\/wp\/v2\/media?parent=56160"}],"curies":[{"name":"wp","href":"https:\/\/api.w.org\/{rel}","templated":true}]}}