{"id":5584,"date":"2009-11-10T22:08:36","date_gmt":"2009-11-10T21:08:36","guid":{"rendered":"http:\/\/www.sorosoro.org\/?page_id=5584"},"modified":"2011-03-15T15:10:38","modified_gmt":"2011-03-15T14:10:38","slug":"zamucoan-languages","status":"publish","type":"page","link":"https:\/\/www.sorosoro.org\/en\/zamucoan-languages\/","title":{"rendered":"Zamucoan languages"},"content":{"rendered":"<h4 style=\"text-align: justify;\"><strong> <\/strong><\/h4>\n<h4 style=\"text-align: justify;\"><strong>Data about Zamucoan languages<\/strong><\/h4>\n<h5 style=\"text-align: justify;\"><strong><span style=\"text-decoration: underline;\"> <\/span><\/strong><\/h5>\n<h5 style=\"text-align: justify;\"><strong>Where are spoken these languages ?<\/strong><\/h5>\n<p style=\"text-align: justify;\"><strong><span style=\"text-decoration: underline;\"> <\/span><\/strong><\/p>\n<p style=\"text-align: justify;\">They are spoken in the Chaco Boreal, in South-East Bolivia and in Northern Paraguay.<\/p>\n<p style=\"text-align: justify;\"><strong><span style=\"text-decoration: underline;\"> <\/span><\/strong><\/p>\n<h5 style=\"text-align: justify;\"><strong>Who does speak these languages ?<\/strong><\/h5>\n<p style=\"text-align: justify;\"><strong><span style=\"text-decoration: underline;\"> <\/span><\/strong><\/p>\n<p style=\"text-align: justify;\">They are spoken by indigenous people who have been living in the area for a long time, definitely before the European colonization. They possibly moved there from the Amazonian region.<\/p>\n<p style=\"text-align: justify;\"><strong><span style=\"text-decoration: underline;\"> <\/span><\/strong><\/p>\n<h5 style=\"text-align: justify;\"><strong>Number of speakers :<\/strong><\/h5>\n<p style=\"text-align: justify;\"><strong><span style=\"text-decoration: underline;\"> <\/span><\/strong><\/p>\n<p style=\"text-align: justify;\">5570 according to the site Ethnologue (<a href=\"http:\/\/www.ethnologue.com\/\">http:\/\/www.ethnologue.com\/<\/a>)<\/p>\n<p style=\"text-align: justify;\">6100 according to Fabre 2007<\/p>\n<p style=\"text-align: justify;\"><strong><span style=\"text-decoration: underline;\"> <\/span><\/strong><\/p>\n<h5 style=\"text-align: justify;\"><strong>Classification<\/strong><\/h5>\n<p style=\"text-align: justify;\"><strong><span style=\"text-decoration: underline;\"> <\/span><\/strong><\/p>\n<p style=\"text-align: justify;\">Apart from <strong>Chome\u2019s Zamuco <\/strong>(extinct), the <strong>Zamucoan<\/strong> family consists of two living languages.<\/p>\n<p style=\"text-align: justify;\"><strong>Ayoreo : <\/strong>3770 according to Ethnologue<\/p>\n<p style=\"text-align: justify;\">4500 ca. according to Fabre 2007 and Comb\u00e8s 2009.<\/p>\n<p style=\"text-align: justify;\">Other names traditionally attributed to this language, to the extent that exactly this ethnic group was actually referred to in all cases: Moro, Morotoco, Samococio, Takrat, Coroino, Potureros, Guara\u00f1oca, Yanaigua, Tsir\u00e1kua, Pyeta Yovai (see Fabre 2007, Comb\u00e8s 2009 and Ethnologue)<\/p>\n<p style=\"text-align: justify;\"><strong>Chamacoco : <\/strong>1800 according to Ethnologue<\/p>\n<p style=\"text-align: justify;\"><strong> <\/strong>1600<strong> <\/strong>ca.<strong> <\/strong>according to Fabre 2007.<\/p>\n<p style=\"text-align: justify;\">Other names for this language (see the caution above): Ishiro, Jeywo, Yshyro (see Ethnologue)<\/p>\n<p style=\"text-align: justify;\"><strong> <\/strong>main dialects:<strong> ebitoso,tomaraho<\/strong><\/p>\n<p style=\"text-align: justify;\">For further details about the linguistic classification, see Fabre 2007 (cited in sources) and the Ethnologue site. About uncertainties on many of the above-mentioned ethnic names, see Comb\u00e8s 2009.<\/p>\n<p style=\"text-align: justify;\"><strong><span style=\"text-decoration: underline;\"> <\/span><\/strong><\/p>\n<h5 style=\"text-align: justify;\"><strong>Commentary about classification of Zamucoan languages :<\/strong><\/h5>\n<p style=\"text-align: justify;\"><strong><span style=\"text-decoration: underline;\"> <\/span><\/strong><\/p>\n<p style=\"text-align: justify;\">Both <strong>Ayoreo<\/strong> and <strong>Chamacoco<\/strong> derive from a common ancestor, <strong>Zamuco<\/strong>, not to be confused with <strong>Chome\u2019s Zamuco<\/strong>, described by the Jesuit missionary Ignace Chom\u00e9 in the first half of the XVIII century. Chom\u00e9 is the author of the remarkable grammar <em>Arte de la lengua zamuca<\/em>. Although <strong>Ayoreo<\/strong> and <strong>Chamacoco<\/strong> share no more than 30% of their lexicon, there is morphological and typological evidence accounting for this classification (see Bertinetto 2009, Ciucci<em> <\/em>2009). <strong>Chome\u2019s Zamuco<\/strong>, spoken in the Jesuit reduction of S. Ignacio de Samucos (see later), should be considered an archaic form of <strong>Ayoreo <\/strong>according to Kelm 1964. The two languages share most of the lexicon; it is however impossible to ascertain whether <strong>Ayoreo<\/strong> directly derives from <strong>Chome\u2019s Zamuco<\/strong> or from one of its cognate languages, possibly one of the dialects named by the Jesuits during the XVIII century (i. e. <strong>caipotorade<\/strong>, <strong>morotoco<\/strong>, <strong>ugara\u00f1o<\/strong> according to Hervas 1784). There is a general consensus about the division of <strong>Chamacoco<\/strong> into two dialects, <strong>ebitoso<\/strong> and <strong>tomaraho<\/strong>. The majority of <strong>Chamacocos<\/strong> speak <strong>ebitoso<\/strong>, the <strong>tomaraho <\/strong>dialect is spoken by a small group of people (103 according to Fabre 2007).<\/p>\n<p style=\"text-align: justify;\"><strong><span style=\"text-decoration: underline;\"> <\/span><\/strong><\/p>\n<h5 style=\"text-align: justify;\"><strong>Are these languages endangered ?<\/strong><\/h5>\n<p style=\"text-align: justify;\"><strong><span style=\"text-decoration: underline;\"> <\/span><\/strong><\/p>\n<p style=\"text-align: justify;\">They are considered endangered by UNESCO (see Crevels &amp; Adelaar 2000\/06). In fact, although nowadays all Ayoreo are fluent in their language and, likewise, most Chamacoco (according to Fabre 2007) speak their language at home, in both communities many elements of their culture begin to be poorly understood by middle-aged people and bilingualism is increasing. It is forseeable that this will lead to some form of romanization of Zamucoan languages and possibly, in the course of a few generations, to their disappearance. Chamacoco (at least the Ebitoso dialect) seems to be more affected than Ayoreo by contact with the culturally dominant Castillan language, and to some extent also by Guaran\u00ec.<\/p>\n<p style=\"text-align: justify;\"><strong><span style=\"text-decoration: underline;\"> <\/span><\/strong><\/p>\n<h4 style=\"text-align: justify;\"><strong>Ethnographic elements<\/strong><\/h4>\n<p style=\"text-align: justify;\">The term <em>ayoreo <\/em>is the adaptation of an endoethnonim meaning &#8216;(real) person&#8217; (<em>ayorei<\/em> m.sg); also the Chamacoco\u2019s original name <em>\u0268sh\u0268r<\/em> means &#8216;person&#8217;. Ayoreo and Chamacoco form distinct ethnic groups. Both were contacted relatively late by the Western culture and at different times. The first contact with Zamucoan tribes was due to Jesuit missionaries, who established the mission of S. Ignacio de Samucos in the Bolivian Chaco in 1724. This gave Ignace Chom\u00e9 the opportunity to describe their language. The named mission had a strong cultural influence on Zamucoan people, but obviously didn\u2019t affect all Zamucos: according to Comb\u00e8s (2009), anthropological evidence referring to the Jesuit period can be found among the Ayoreos, but not among the Chamacocos. When the mission was abandoned in 1745, many individuals returned to their traditional way of life in the Northern Chaco savanna, while others remained inside (or in the proximity of) the Jesuit reductions in the Santa Cruz area, gradually adopting the language and culture of the dominant ethnic group, the Chiquitanos.<\/p>\n<p style=\"text-align: justify;\">Before colonization, Ayoreos and Chamacocos lived a nomadic life: they were hunters-gatherers in a territory characterized by a hostile climate; their cultural and every-day life was deeply influenced by the strong contrast between abundant rain in summer and a dry season in winter: the latter one was a very difficult period which they had to adapt to in order to survive. The consequent and inevitable competition for natural resources led to hostile relations with all neighbors, even among one and the same ethnic group. War played thus a central role in their life. Both Ayoreos and Chamacocos are traditionally divided into seven clans with similar names. Their typical handicraft includes feather ornaments and products made by weaving the fiber of a plant called <em>caraguat\u00e0<\/em>, growing in the Chaco area (Fishermann 1988).<\/p>\n<p style=\"text-align: justify;\">The Chamacoco culture was first described by the Italian painter-photographer-traveller Guido Boggiani (Boggiani 1894), while the final stable contact with the Ayoreos was due to evangelical missionaries at the end of the Forties. For further information, see Comb\u00e8s 2009.<\/p>\n<p style=\"text-align: justify;\"><strong><span style=\"text-decoration: underline;\"> <\/span><\/strong><\/p>\n<p style=\"text-align: justify;\"><strong><span style=\"text-decoration: underline;\"> <\/span><\/strong><\/p>\n<h4 style=\"text-align: justify;\"><strong>Linguistics elements<\/strong><\/h4>\n<p style=\"text-align: justify;\">All Zamucoan languages have trascription systems established by missionaries in different times. They are based on Castillan ortography. Ayoreo, as well as Chome\u2019s Zamuco, has the five vowels \/a e i o u\/, while Chamacoco adds the high central vowel \/\u0268\/ typical of other languages of the area. Vowel nasality is a distinctive phonological feature in both languages. Another common morphophonological feature is nasal harmony, which especially manifests itself in affixation. Interestingly, both Ayoreo and Chamacoco present a series of unvoiced nasal consonants.<\/p>\n<p style=\"text-align: justify;\">Zamucoan languages are fusional and their morphological structure is simple as compared with most surrounding languages, characterized by highly agglutinating structure. Nominals inflect for number (singular and plural) and gender (masculine and feminine); e.g., in Ayoreo the word &#8216;person&#8217; is <em>ayorei<\/em> (m.sg), <em>ayoreode<\/em> (m.pl), <em>ayor\u00e9<\/em> (f.sg), <em>ayoredie<\/em> (f.pl). Ayoreo presents a systematic contrast between a \u2018base\u2019 and a \u2018full\u2019 form in nominal morphology. The \u2018base\u2019 form (which has a plural of its own) constitutes, in the singular, the source of any morphological operation (inflection, derivation, composition); in addition, it has its own syntactic functions. Chamacoco presents traces of the same divide between \u2018base\u2019 and \u2018full\u2019 form. An areal feature shared by Zamucoan languages is the possessive inflection of nouns, which are divided into possessable and non-possessable nouns: the former, whenever needed, take on the relevant possessive prefixes, while non-possessable nouns may require a dedicated classifier, as is the case in Ayoreo. The prototypical constituents order is SVO; however, in genitival construction, consisting of the mere juxtaposition of nominals, the determinant(s) precede(s) the determined element. Along with the presence of postpositions, this suggests that these languages have undergone a typological change.<\/p>\n<p style=\"text-align: justify;\">Verbal morphology does not present any tense-inflection; temporal reference is expressed with the aid of adverbial elements. There is an Indicative and a Non-Indicative form; the latter carries modal meanings. This and other evidence lead to consider these languages as mood-prominent (see Bertinetto 2009). Verb declension is generally simple and regular. Strikingly, the morphological exceptions often have corrispondences in both Ayoreo and Chamacoco (v. Ciucci 2007\/08, Ciucci 2009, Bertinetto 2009), suggesting a deep, if distant, relationship between these two languages. Chamacoco presents the areally common inclusive\/exclusive contrast in first person plural, a feature absent in Ayoreo (and in Chom\u00e9\u2019s Zamuco).<\/p>\n<p style=\"text-align: justify;\">There are available texts and dictionaries mostly written by missionaries (see <em>Ethnologue<\/em>). In particular, the New Testament has been translated in both Ayoreo and Chamacoco. A scientifically-oriented grammatical description of Ayoreo and Chamacoco is under way (for further information, see Bertinetto 2009, Ciucci 2007\/2008, Ciucci 2009 &lt;<a href=\"http:\/\/linguistica.sns.it\/QLL\/QLL09.htm\">http:\/\/linguistica.sns.it\/QLL\/QLL09.htm<\/a><a href=\"http:\/\/alphalinguistica.sns.it\/Quaderni.htm\"><\/a>&gt;. About this project, see also &lt;<a href=\"http:\/\/linguistica.sns.it\/Ricerca.htm\">http:\/\/linguistica.sns.it\/Ricerca.htm<\/a>&gt;).<\/p>\n<p style=\"text-align: justify;\"><strong> <\/strong><\/p>\n<p style=\"text-align: justify;\"><strong>Sources:<\/strong><\/p>\n<p style=\"text-align: justify;\"><strong> <\/strong><\/p>\n<p style=\"text-align: justify;\">Bertinetto, Pier Marco 2009. Ayoreo (Zamuco). A grammatical sketch. <em>Quaderni del Laboratorio di Linguistica della Scuola Normale Superiore<\/em> 8 n.s. URL: &lt;<a href=\"http:\/\/linguistica.sns.it\/QLL\/QLL09\/Bertinetto_1.PDF\" target=\"_blank\">http:\/\/linguistica.sns.it\/QLL\/QLL09\/Bertinetto_1.PDF<\/a>&gt;<\/p>\n<p style=\"text-align: justify;\">Bertinetto, Pier Marco 2010. &#8220;How the Zamuco languages dealt with verb  affixes&#8221;. <em>Quaderni del Laboratorio di Linguistica della Scuola Normale  Superiore 9,1 n.s<\/em>. URL: &lt;<a href=\"http:\/\/linguistica.sns.it\/QLL\/QLL10\/Bertinetto_Zamuco.pdf\" target=\"_blank\">http:\/\/linguistica.sns.it\/QLL\/QLL10\/Bertinetto_Zamuco.pdf<\/a>&gt;<\/p>\n<p style=\"text-align: justify;\">Bertinetto, Pier Marco,\u00a0 Ricci, Irene, Zhi Na 2010. &#8220;Le nasali sorde  dell\u2019ayoreo: prime prospezioni&#8221;. <em>Quaderni del Laboratorio di Linguistica  della Scuola Normale Superiore 9,1 n.s<\/em>. URL: &lt;<a href=\"http:\/\/linguistica.sns.it\/QLL\/QLL10\/Bertinetto-Ricci-Zhi.pdf\" target=\"_blank\">http:\/\/linguistica.sns.it\/QLL\/QLL10\/Bertinetto-Ricci-Zhi.pdf<\/a>&gt;<\/p>\n<p style=\"text-align: justify;\">Boggiani, Guido 1894. <em>I Ciamacoco. Conferenza tenuta in Roma alla Societ\u00e0 Geografica Italiana il giorno 2 giugno 1894 ed in Firenze alla Societ\u00e0 Antropologica il 24 dello stesso mese.<\/em> Roma: Societ\u00e0 Romana per l\u2019Antropologia.<\/p>\n<p style=\"text-align: justify;\">Chom\u00e9, Ignace 1958 [1745 ca.]. Arte de la lengua Zamuca. Pr\u00e9sentation de Suzanne Lussagnet. <em>Journal de la Soci\u00e9t\u00e9 des Am\u00e9ricanistes de Paris <\/em>47. 121-178.<\/p>\n<p style=\"text-align: justify;\">Ciucci, Luca 2007\/08. Indagini sulla morfologia verbale nella lingua ayoreo. <em>Quaderni del Laboratorio di Linguistica della Scuola Normale Superiore<\/em> 7 n.s. URL: &lt;<a href=\"http:\/\/linguistica.sns.it\/QLL\/QLL07_08\/Ciucci_2.PDF\" target=\"_blank\">http:\/\/linguistica.sns.it\/QLL\/QLL07_08\/Ciucci_2.PDF<\/a>&gt;<\/p>\n<p style=\"text-align: justify;\">Ciucci, Luca 2009. Elementi di morfologia verbale del chamacoco. <em>Quaderni del Laboratorio di Linguistica della Scuola Normale Superiore <\/em>8 n.s. &lt;<a href=\"http:\/\/linguistica.sns.it\/QLL\/QLL09\/Ciucci.pdf\" target=\"_blank\">http:\/\/linguistica.sns.it\/QLL\/QLL09\/Ciucci.pdf<\/a>&gt;<\/p>\n<p style=\"text-align: justify;\">Ciucci, Luca 2010a. &#8220;La flessione possessiva dell\u2019ayoreo&#8221;. <em>Quaderni del  Laboratorio di Linguistica della Scuola Normale Superiore 9,2 n.s.<\/em> URL:  &lt;<a href=\"http:\/\/linguistica.sns.it\/QLL\/QLL10\/Ciucci_ayoreo.pdf\" target=\"_blank\">http:\/\/linguistica.sns.it\/QLL\/QLL10\/Ciucci_ayoreo.pdf<\/a>&gt;<\/p>\n<p>Ciucci, Luca 2010b. La flessione possessiva del chamacoco. <em>Quaderni del  Laboratorio di Linguistica della Scuola Normale Superiore 9,2 n.s.<\/em> URL:  &lt;<a href=\"http:\/\/linguistica.sns.it\/QLL\/QLL10\/Ciucci_chamacoco.pdf\" target=\"_blank\">http:\/\/linguistica.sns.it\/QLL\/QLL10\/Ciucci_chamacoco.pdf<\/a>&gt;<\/p>\n<p style=\"text-align: justify;\">Comb\u00e8s, Isabelle 2009. <em>Zamucos<\/em>. Instituto de Misionerolog\u00eda, Cochabamba.<\/p>\n<p style=\"text-align: justify;\">Crevels, Mily &amp; Wilhelm F. H. Adelaar 2000\/06. South America. <em>UNESCO Red Book of Endangered Languages<\/em>. University of Tokyo. On- line version available at:<\/p>\n<p style=\"text-align: justify;\"><a href=\"http:\/\/www.tooyoo.l.u-tokyo.ac.jp\/archive\/RedBook\/SAmerica\/SA_index.cgi\">http:\/\/www.tooyoo.l.u-tokyo.ac.jp\/archive\/RedBook\/SAmerica\/SA_index.cgi<\/a> .<\/p>\n<p style=\"text-align: justify;\">Lewis, M. Paul (ed.), 2009. <em>Ethnologue: Languages of the World, Sixteenth edition<\/em>. Dallas, Tex.: SIL International. Online version<strong>:<\/strong> <a href=\"http:\/\/www.ethnologue.com\/\">http:\/\/www.ethnologue.com\/<\/a>.<\/p>\n<p style=\"text-align: justify;\">Fabre, Alain 2007. <em>Diccionario etnoling\u00fc\u00edstico y gu\u00eda bibliogr\u00e1fica de los pueblos ind\u00edgenas sudamericanos<\/em>. Edici\u00f3n electr\u00f3nica. Online.<\/p>\n<p style=\"text-align: justify;\">&lt;<a href=\"http:\/\/butler.cc.tut.fi\/~fabre\/BookInternetVersio\/Alkusivu.html\">http:\/\/butler.cc.tut.fi\/~fabre\/BookInternetVersio\/Alkusivu.html<\/a>&gt;<\/p>\n<p style=\"text-align: justify;\">Fishermann, Bernd 1988. <em>Zur Weltsicht des Ayor\u00e9ode Ostboliviens<\/em>. Rheinischen Friedric-Wilhelms-Universit\u00e4t: Bonn (a recent Castillan translation, published in La Paz is now available).<\/p>\n<p style=\"text-align: justify;\">Herv\u00e1s y Panduro, Lorenzo 1784. <em>Catalogo delle lingue conosciute e notizia della loro affinit\u00e0, e diversit\u00e0<\/em>. Cesena: Gregorio Biasini.<\/p>\n<p style=\"text-align: justify;\">Kelm, Heinz 1964. Das Zamuco: eine lebende Sprache. <em>Anthropos<\/em> 59. 457-516 &amp; 770-842.<\/p>\n<p style=\"text-align: justify;\">(For further bibliographical references, see Fabre 2007)<\/p>\n<p style=\"text-align: justify;\"><em>Page realized by Pier Marco Bertinetto and Luca Ciucci, 2010<\/em><\/p>\n","protected":false},"excerpt":{"rendered":"<p>Data about Zamucoan languages Where are spoken these languages ? They are spoken in the Chaco Boreal, in South-East Bolivia and in Northern Paraguay. Who does speak these languages ? They are spoken by indigenous people who have been living in the area for a long time, definitely before the European colonization. They possibly moved [&hellip;]<\/p>\n","protected":false},"author":2,"featured_media":0,"parent":0,"menu_order":0,"comment_status":"closed","ping_status":"open","template":"","meta":{"footnotes":""},"class_list":["post-5584","page","type-page","status-publish","hentry"],"yoast_head":"<!-- This site is optimized with the Yoast SEO plugin v27.0 - https:\/\/yoast.com\/product\/yoast-seo-wordpress\/ -->\n<title>Zamucoan languages - Sorosoro<\/title>\n<meta name=\"robots\" content=\"index, follow, max-snippet:-1, max-image-preview:large, max-video-preview:-1\" \/>\n<link rel=\"canonical\" href=\"https:\/\/www.sorosoro.org\/en\/zamucoan-languages\/\" \/>\n<meta property=\"og:locale\" content=\"en_US\" \/>\n<meta property=\"og:type\" content=\"article\" \/>\n<meta property=\"og:title\" content=\"Zamucoan languages - Sorosoro\" \/>\n<meta property=\"og:description\" content=\"Data about Zamucoan languages Where are spoken these languages ? They are spoken in the Chaco Boreal, in South-East Bolivia and in Northern Paraguay. Who does speak these languages ? They are spoken by indigenous people who have been living in the area for a long time, definitely before the European colonization. They possibly moved [&hellip;]\" \/>\n<meta property=\"og:url\" content=\"https:\/\/www.sorosoro.org\/en\/zamucoan-languages\/\" \/>\n<meta property=\"og:site_name\" content=\"Sorosoro\" \/>\n<meta property=\"article:modified_time\" content=\"2011-03-15T14:10:38+00:00\" \/>\n<meta name=\"twitter:card\" content=\"summary_large_image\" \/>\n<meta name=\"twitter:label1\" content=\"Est. reading time\" \/>\n\t<meta name=\"twitter:data1\" content=\"9 minutes\" \/>\n<script type=\"application\/ld+json\" class=\"yoast-schema-graph\">{\"@context\":\"https:\/\/schema.org\",\"@graph\":[{\"@type\":\"WebPage\",\"@id\":\"https:\/\/www.sorosoro.org\/en\/zamucoan-languages\/\",\"url\":\"https:\/\/www.sorosoro.org\/en\/zamucoan-languages\/\",\"name\":\"Zamucoan languages - Sorosoro\",\"isPartOf\":{\"@id\":\"https:\/\/www.sorosoro.org\/en\/#website\"},\"datePublished\":\"2009-11-10T21:08:36+00:00\",\"dateModified\":\"2011-03-15T14:10:38+00:00\",\"breadcrumb\":{\"@id\":\"https:\/\/www.sorosoro.org\/en\/zamucoan-languages\/#breadcrumb\"},\"inLanguage\":\"en-US\",\"potentialAction\":[{\"@type\":\"ReadAction\",\"target\":[\"https:\/\/www.sorosoro.org\/en\/zamucoan-languages\/\"]}]},{\"@type\":\"BreadcrumbList\",\"@id\":\"https:\/\/www.sorosoro.org\/en\/zamucoan-languages\/#breadcrumb\",\"itemListElement\":[{\"@type\":\"ListItem\",\"position\":1,\"name\":\"Accueil\",\"item\":\"https:\/\/www.sorosoro.org\/en\/\"},{\"@type\":\"ListItem\",\"position\":2,\"name\":\"Zamucoan languages\"}]},{\"@type\":\"WebSite\",\"@id\":\"https:\/\/www.sorosoro.org\/en\/#website\",\"url\":\"https:\/\/www.sorosoro.org\/en\/\",\"name\":\"Sorosoro\",\"description\":\"Pour que vivent les langues du monde !\",\"potentialAction\":[{\"@type\":\"SearchAction\",\"target\":{\"@type\":\"EntryPoint\",\"urlTemplate\":\"https:\/\/www.sorosoro.org\/en\/?s={search_term_string}\"},\"query-input\":{\"@type\":\"PropertyValueSpecification\",\"valueRequired\":true,\"valueName\":\"search_term_string\"}}],\"inLanguage\":\"en-US\"}]}<\/script>\n<!-- \/ Yoast SEO plugin. -->","yoast_head_json":{"title":"Zamucoan languages - Sorosoro","robots":{"index":"index","follow":"follow","max-snippet":"max-snippet:-1","max-image-preview":"max-image-preview:large","max-video-preview":"max-video-preview:-1"},"canonical":"https:\/\/www.sorosoro.org\/en\/zamucoan-languages\/","og_locale":"en_US","og_type":"article","og_title":"Zamucoan languages - Sorosoro","og_description":"Data about Zamucoan languages Where are spoken these languages ? They are spoken in the Chaco Boreal, in South-East Bolivia and in Northern Paraguay. Who does speak these languages ? They are spoken by indigenous people who have been living in the area for a long time, definitely before the European colonization. They possibly moved [&hellip;]","og_url":"https:\/\/www.sorosoro.org\/en\/zamucoan-languages\/","og_site_name":"Sorosoro","article_modified_time":"2011-03-15T14:10:38+00:00","twitter_card":"summary_large_image","twitter_misc":{"Est. reading time":"9 minutes"},"schema":{"@context":"https:\/\/schema.org","@graph":[{"@type":"WebPage","@id":"https:\/\/www.sorosoro.org\/en\/zamucoan-languages\/","url":"https:\/\/www.sorosoro.org\/en\/zamucoan-languages\/","name":"Zamucoan languages - Sorosoro","isPartOf":{"@id":"https:\/\/www.sorosoro.org\/en\/#website"},"datePublished":"2009-11-10T21:08:36+00:00","dateModified":"2011-03-15T14:10:38+00:00","breadcrumb":{"@id":"https:\/\/www.sorosoro.org\/en\/zamucoan-languages\/#breadcrumb"},"inLanguage":"en-US","potentialAction":[{"@type":"ReadAction","target":["https:\/\/www.sorosoro.org\/en\/zamucoan-languages\/"]}]},{"@type":"BreadcrumbList","@id":"https:\/\/www.sorosoro.org\/en\/zamucoan-languages\/#breadcrumb","itemListElement":[{"@type":"ListItem","position":1,"name":"Accueil","item":"https:\/\/www.sorosoro.org\/en\/"},{"@type":"ListItem","position":2,"name":"Zamucoan languages"}]},{"@type":"WebSite","@id":"https:\/\/www.sorosoro.org\/en\/#website","url":"https:\/\/www.sorosoro.org\/en\/","name":"Sorosoro","description":"Pour que vivent les langues du monde !","potentialAction":[{"@type":"SearchAction","target":{"@type":"EntryPoint","urlTemplate":"https:\/\/www.sorosoro.org\/en\/?s={search_term_string}"},"query-input":{"@type":"PropertyValueSpecification","valueRequired":true,"valueName":"search_term_string"}}],"inLanguage":"en-US"}]}},"_links":{"self":[{"href":"https:\/\/www.sorosoro.org\/en\/wp-json\/wp\/v2\/pages\/5584","targetHints":{"allow":["GET"]}}],"collection":[{"href":"https:\/\/www.sorosoro.org\/en\/wp-json\/wp\/v2\/pages"}],"about":[{"href":"https:\/\/www.sorosoro.org\/en\/wp-json\/wp\/v2\/types\/page"}],"author":[{"embeddable":true,"href":"https:\/\/www.sorosoro.org\/en\/wp-json\/wp\/v2\/users\/2"}],"replies":[{"embeddable":true,"href":"https:\/\/www.sorosoro.org\/en\/wp-json\/wp\/v2\/comments?post=5584"}],"version-history":[{"count":0,"href":"https:\/\/www.sorosoro.org\/en\/wp-json\/wp\/v2\/pages\/5584\/revisions"}],"wp:attachment":[{"href":"https:\/\/www.sorosoro.org\/en\/wp-json\/wp\/v2\/media?parent=5584"}],"curies":[{"name":"wp","href":"https:\/\/api.w.org\/{rel}","templated":true}]}}