{"id":55132,"date":"2011-08-26T03:19:10","date_gmt":"2011-08-26T01:19:10","guid":{"rendered":"http:\/\/www.sorosoro.org\/?page_id=55132"},"modified":"2011-08-26T03:46:56","modified_gmt":"2011-08-26T01:46:56","slug":"lakantun","status":"publish","type":"page","link":"https:\/\/www.sorosoro.org\/en\/lakantun\/","title":{"rendered":"Lakantun"},"content":{"rendered":"<p style=\"text-align: justify;\"><em>Data collected by UNICEF and the DoBes program<\/em><\/p>\n<p style=\"text-align: justify;\">\n<h5>Data on the Lakantun language<\/h5>\n<p style=\"text-align: justify;\"><strong>Alternative names<\/strong>: Jach-t&#8217;aan, Lacandon<\/p>\n<p style=\"text-align: justify;\">Note: <em>Lakantun<\/em> refers to the \u00ab\u00a0Mayan\u00a0\u00bb spelling, <em>Lacandon<\/em> (or <em>Lacand\u00f3n<\/em>) refers to the \u00ab\u00a0western\u00a0\u00bb form; the latter is probably the most common in literature. <em>Jach t\u2019aan<\/em> refers to the self-designation of the language (which may be translated by \u00ab\u00a0the real language \u00bb).<\/p>\n<p style=\"text-align: justify;\"><strong>Main dialects<\/strong>: There\u2019s a difference between the dialect spoken by the North group and that spoken by the South group, according to traditional representations. These two variants are relatively close, however.<\/p>\n<p style=\"text-align: justify;\"><strong>Classification<\/strong>: <a href=\"https:\/\/www.sorosoro.org\/en\/mayan-languages\">Mayan language family<\/a>, Yukatekan branch.<\/p>\n<p style=\"text-align: justify;\"><strong>Geographic area<\/strong>: Mexico, State of Chiapas. Both groups live in the<em> selva lacandonia<\/em>, a rainforest located near the boarder with Guatemala, on the banks of the Usumacinta and its tributaries. The North group resides on the northeastern bank of the river, near Palenque, while the South group lives southeast, near the Bonampak ruins.<\/p>\n<p style=\"text-align: justify;\"><strong>Number of speakers<\/strong>: According to DoBes, the total number of the Lakantun population does not exceed 600 people, most of which do speak the language. According to INALI, there were only 563 speakers of Lacandon in 2000.<\/p>\n<p style=\"text-align: justify;\"><strong>Language status<\/strong>: In Mexico, Spanish is the official language de facto, although just like the other indigenous languages of the country, Lakantun has a status of \u00ab\u00a0national language\u00a0\u00bb, which in theory grants the language generic protection.<\/p>\n<p style=\"text-align: justify;\">According to <em>Linguam\u00f3n<\/em>:<\/p>\n<p style=\"text-align: justify;\">\u00ab\u00a0The country has established highly extensive legislation on its indigenous languages. The most noteworthy text in that respect is the General Law on the Language Rights of Indigenous Peoples (<em>Ley General de Derechos Ling\u00fc\u00edsticos de los Pueblos Ind\u00edgenas<\/em>). In force since 2002, the law in question is geared to recognising and protecting the individual and collective language rights of Mexico&#8217;s native communities, and to nurturing the promotion, use and development of the country&#8217;s indigenous tongues, which enjoy the status of &#8216;national languages&#8217;. In reality, however, Mexico&#8217;s language policy tends more towards assimilation than the promotion of native tongues and cultures.\u00a0\u00bb<\/p>\n<p style=\"text-align: justify;\">In the case of Lakantun, the low number of speakers makes this protection particularly inefficient.<\/p>\n<p style=\"text-align: justify;\"><strong>Vitality &amp; Transmission<\/strong>: Lakantun is \u00ab\u00a0critically endangered\u00a0\u00bb, according to UNESCO. While the population still counts a few monolinguals, and while the language is still in use within the communities, the low number of speakers, damage to their environment, Spanish schooling of youngsters and precarious living conditions strongly jeopardize the long term survival of the language.<\/p>\n<p style=\"text-align: justify;\">Lakantun stands among the lesser-known and documented Mayan and indigenous languages of Mexico. A video documentation and revitalization project has been launched by the University of Victoria (Canada), within the DoBes program. For further information, please visit :<\/p>\n<p style=\"text-align: justify;\"><a href=\"http:\/\/www.mpi.nl\/DOBES\/projects\/lacandon\/project\" target=\"_blank\">The <em>DoBes<\/em> website<\/a><\/p>\n<p style=\"text-align: justify;\"><a href=\"http:\/\/web.uvic.ca\/lacandon\/\" target=\"_blank\">The <em>Lacandon Cultural Heritage<\/em> project website<\/a><\/p>\n<p style=\"text-align: justify;\">And <a href=\"http:\/\/oia.uvic.ca\/?q=node\/780\" target=\"_blank\">the University of Victoria website<\/a>, including a whole page devoted to the documentation of Lakantun (here, Lacandon)<\/p>\n<p style=\"text-align: justify;\">\n<h5>Historical &amp; ethnographic observations<\/h5>\n<p style=\"text-align: justify;\">The Lakantun are believed to be the descendants of a portion of the Yukateko population, which fled the Spanish colonization and took refuge in the forests of Chiapas around the 17th or 18 century. They remained isolated from the colonial society and the other Mayan groups for a long time.<\/p>\n<p style=\"text-align: justify;\">They do not form an ethnic group. Two main groups are traditionally recognized, the North and the South.<\/p>\n<p style=\"text-align: justify;\">They differ, among others, by their degree of cultural conservatism. Thus unlike the South group, the North group was not Christianized until recently. It had preserved ancient religious practices over a long period of time. Religious practices and cultural traditions of the Lakantun are closely linked to their natural environment. Growing deforestation and the settling of migrants in the region are among are causing decline of the Lakantun culture.<\/p>\n<p style=\"text-align: justify;\">The death of the South group political and cultural leader Chan K\u2019in Viejo in the 90s unhinged the resistance of the North group to assimilation and colonization\u00a0; rapid deculturation is in process.<\/p>\n<p style=\"text-align: justify;\">Only from the 70s did the Mexican government begin to increase contact with the Lakantun, granting them rights of exploitation for the forest, and relocating Ch\u2019ol and Tzeltal villages \u2013 more \u00ab\u00a0westernized\u00a0\u00bb than the Lakantun &#8211; closer to their territory. The exploitation of the forest and contact with the Mexican national society caused a dramatic deforestation and an exposure to viruses, leading to the drastic drop of the Lakantun population, and the rapid decline of their traditional cultural and economic practices.<\/p>\n<p style=\"text-align: justify;\">The language they speak is relatively clear from Spanish loan words, unlike other close Mayan languages. It is believed to be one of the most archaic Mayan languages.<\/p>\n<p style=\"text-align: justify;\">Please visit <a href=\"http:\/\/www.mpi.nl\/DOBES\/projects\/lacandon\/languages\" target=\"_blank\">the <em>DoBes<\/em> website<\/a> for further information on the Lakantun language and its speakers.<\/p>\n<p style=\"text-align: justify;\">\n<h5>Sources<\/h5>\n<p style=\"text-align: justify;\">D\u00edaz Couder Ernesto (2010). \u00ab\u00a0M\u00e9xico\u00a0\u00bb In \u00ab\u00a0Atlas socioling\u00fc\u00edstico de pueblos ind\u00edgenas en Am\u00e9rica Latina\u00a0\u00bb, UNICEF. Tome 2, pp 889- 916.<\/p>\n<p style=\"text-align: justify;\">\n<h5>Online sources<\/h5>\n<p style=\"text-align: justify;\"><a href=\"http:\/\/www.mpi.nl\/DOBES\/projects\/lacandon\/languages\" target=\"_blank\">Specific pages on the <em>DoBes<\/em> website<\/a><\/p>\n<p style=\"text-align: justify;\"><a href=\"http:\/\/web.uvic.ca\/lacandon\/\" target=\"_blank\"><em>Lacandon Cultural Heritage<\/em> website<\/a><\/p>\n<p style=\"text-align: justify;\">\n<h5>Additional bibliography<\/h5>\n<p style=\"text-align: justify;\">GRINEVALD, C. 2007 \u00abEndangered Languages of Mexico and Central America\u00bb, in Brenzinger, M. (\u00e9d.), <em>Language Diversity Endangered<\/em>, Trends in Linguistics, Mouton de Gruyter, Berlin-New York.<\/p>\n<p style=\"text-align: justify;\">\n<p style=\"text-align: justify;\">Please visit the <em><a href=\"http:\/\/www.movilizando.org\/atlas_tomo1\/pages\/tomo_2.pdf\" target=\"_blank\">Atlas socioling\u00fc\u00edstico de pueblos ind\u00edgenas en Am\u00e9rica Latina<\/a><\/em> for a more comprehensive bibliography.<\/p>\n<p style=\"text-align: justify;\">\n","protected":false},"excerpt":{"rendered":"<p>Data collected by UNICEF and the DoBes program Data on the Lakantun language Alternative names: Jach-t&#8217;aan, Lacandon Note: Lakantun refers to the \u00ab\u00a0Mayan\u00a0\u00bb spelling, Lacandon (or Lacand\u00f3n) refers to the \u00ab\u00a0western\u00a0\u00bb form; the latter is probably the most common in literature. Jach t\u2019aan refers to the self-designation of the language (which may be translated by [&hellip;]<\/p>\n","protected":false},"author":18,"featured_media":0,"parent":0,"menu_order":0,"comment_status":"closed","ping_status":"open","template":"","meta":{"footnotes":""},"class_list":["post-55132","page","type-page","status-publish","hentry"],"yoast_head":"<!-- This site is optimized with the Yoast SEO plugin v27.0 - https:\/\/yoast.com\/product\/yoast-seo-wordpress\/ -->\n<title>Lakantun - Sorosoro<\/title>\n<meta name=\"robots\" content=\"index, follow, max-snippet:-1, max-image-preview:large, max-video-preview:-1\" \/>\n<link rel=\"canonical\" href=\"https:\/\/www.sorosoro.org\/en\/lakantun\/\" \/>\n<meta property=\"og:locale\" content=\"en_US\" \/>\n<meta property=\"og:type\" content=\"article\" \/>\n<meta property=\"og:title\" content=\"Lakantun - Sorosoro\" \/>\n<meta property=\"og:description\" content=\"Data collected by UNICEF and the DoBes program Data on the Lakantun language Alternative names: Jach-t&#8217;aan, Lacandon Note: Lakantun refers to the \u00ab\u00a0Mayan\u00a0\u00bb spelling, Lacandon (or Lacand\u00f3n) refers to the \u00ab\u00a0western\u00a0\u00bb form; the latter is probably the most common in literature. Jach t\u2019aan refers to the self-designation of the language (which may be translated by [&hellip;]\" \/>\n<meta property=\"og:url\" content=\"https:\/\/www.sorosoro.org\/en\/lakantun\/\" \/>\n<meta property=\"og:site_name\" content=\"Sorosoro\" \/>\n<meta property=\"article:modified_time\" content=\"2011-08-26T01:46:56+00:00\" \/>\n<meta name=\"twitter:card\" content=\"summary_large_image\" \/>\n<meta name=\"twitter:label1\" content=\"Est. reading time\" \/>\n\t<meta name=\"twitter:data1\" content=\"4 minutes\" \/>\n<script type=\"application\/ld+json\" class=\"yoast-schema-graph\">{\"@context\":\"https:\/\/schema.org\",\"@graph\":[{\"@type\":\"WebPage\",\"@id\":\"https:\/\/www.sorosoro.org\/en\/lakantun\/\",\"url\":\"https:\/\/www.sorosoro.org\/en\/lakantun\/\",\"name\":\"Lakantun - Sorosoro\",\"isPartOf\":{\"@id\":\"https:\/\/www.sorosoro.org\/en\/#website\"},\"datePublished\":\"2011-08-26T01:19:10+00:00\",\"dateModified\":\"2011-08-26T01:46:56+00:00\",\"breadcrumb\":{\"@id\":\"https:\/\/www.sorosoro.org\/en\/lakantun\/#breadcrumb\"},\"inLanguage\":\"en-US\",\"potentialAction\":[{\"@type\":\"ReadAction\",\"target\":[\"https:\/\/www.sorosoro.org\/en\/lakantun\/\"]}]},{\"@type\":\"BreadcrumbList\",\"@id\":\"https:\/\/www.sorosoro.org\/en\/lakantun\/#breadcrumb\",\"itemListElement\":[{\"@type\":\"ListItem\",\"position\":1,\"name\":\"Accueil\",\"item\":\"https:\/\/www.sorosoro.org\/en\/\"},{\"@type\":\"ListItem\",\"position\":2,\"name\":\"Lakantun\"}]},{\"@type\":\"WebSite\",\"@id\":\"https:\/\/www.sorosoro.org\/en\/#website\",\"url\":\"https:\/\/www.sorosoro.org\/en\/\",\"name\":\"Sorosoro\",\"description\":\"Pour que vivent les langues du monde !\",\"potentialAction\":[{\"@type\":\"SearchAction\",\"target\":{\"@type\":\"EntryPoint\",\"urlTemplate\":\"https:\/\/www.sorosoro.org\/en\/?s={search_term_string}\"},\"query-input\":{\"@type\":\"PropertyValueSpecification\",\"valueRequired\":true,\"valueName\":\"search_term_string\"}}],\"inLanguage\":\"en-US\"}]}<\/script>\n<!-- \/ Yoast SEO plugin. -->","yoast_head_json":{"title":"Lakantun - Sorosoro","robots":{"index":"index","follow":"follow","max-snippet":"max-snippet:-1","max-image-preview":"max-image-preview:large","max-video-preview":"max-video-preview:-1"},"canonical":"https:\/\/www.sorosoro.org\/en\/lakantun\/","og_locale":"en_US","og_type":"article","og_title":"Lakantun - Sorosoro","og_description":"Data collected by UNICEF and the DoBes program Data on the Lakantun language Alternative names: Jach-t&#8217;aan, Lacandon Note: Lakantun refers to the \u00ab\u00a0Mayan\u00a0\u00bb spelling, Lacandon (or Lacand\u00f3n) refers to the \u00ab\u00a0western\u00a0\u00bb form; the latter is probably the most common in literature. Jach t\u2019aan refers to the self-designation of the language (which may be translated by [&hellip;]","og_url":"https:\/\/www.sorosoro.org\/en\/lakantun\/","og_site_name":"Sorosoro","article_modified_time":"2011-08-26T01:46:56+00:00","twitter_card":"summary_large_image","twitter_misc":{"Est. reading time":"4 minutes"},"schema":{"@context":"https:\/\/schema.org","@graph":[{"@type":"WebPage","@id":"https:\/\/www.sorosoro.org\/en\/lakantun\/","url":"https:\/\/www.sorosoro.org\/en\/lakantun\/","name":"Lakantun - Sorosoro","isPartOf":{"@id":"https:\/\/www.sorosoro.org\/en\/#website"},"datePublished":"2011-08-26T01:19:10+00:00","dateModified":"2011-08-26T01:46:56+00:00","breadcrumb":{"@id":"https:\/\/www.sorosoro.org\/en\/lakantun\/#breadcrumb"},"inLanguage":"en-US","potentialAction":[{"@type":"ReadAction","target":["https:\/\/www.sorosoro.org\/en\/lakantun\/"]}]},{"@type":"BreadcrumbList","@id":"https:\/\/www.sorosoro.org\/en\/lakantun\/#breadcrumb","itemListElement":[{"@type":"ListItem","position":1,"name":"Accueil","item":"https:\/\/www.sorosoro.org\/en\/"},{"@type":"ListItem","position":2,"name":"Lakantun"}]},{"@type":"WebSite","@id":"https:\/\/www.sorosoro.org\/en\/#website","url":"https:\/\/www.sorosoro.org\/en\/","name":"Sorosoro","description":"Pour que vivent les langues du monde !","potentialAction":[{"@type":"SearchAction","target":{"@type":"EntryPoint","urlTemplate":"https:\/\/www.sorosoro.org\/en\/?s={search_term_string}"},"query-input":{"@type":"PropertyValueSpecification","valueRequired":true,"valueName":"search_term_string"}}],"inLanguage":"en-US"}]}},"_links":{"self":[{"href":"https:\/\/www.sorosoro.org\/en\/wp-json\/wp\/v2\/pages\/55132","targetHints":{"allow":["GET"]}}],"collection":[{"href":"https:\/\/www.sorosoro.org\/en\/wp-json\/wp\/v2\/pages"}],"about":[{"href":"https:\/\/www.sorosoro.org\/en\/wp-json\/wp\/v2\/types\/page"}],"author":[{"embeddable":true,"href":"https:\/\/www.sorosoro.org\/en\/wp-json\/wp\/v2\/users\/18"}],"replies":[{"embeddable":true,"href":"https:\/\/www.sorosoro.org\/en\/wp-json\/wp\/v2\/comments?post=55132"}],"version-history":[{"count":0,"href":"https:\/\/www.sorosoro.org\/en\/wp-json\/wp\/v2\/pages\/55132\/revisions"}],"wp:attachment":[{"href":"https:\/\/www.sorosoro.org\/en\/wp-json\/wp\/v2\/media?parent=55132"}],"curies":[{"name":"wp","href":"https:\/\/api.w.org\/{rel}","templated":true}]}}