{"id":55126,"date":"2011-08-26T03:07:01","date_gmt":"2011-08-26T01:07:01","guid":{"rendered":"http:\/\/www.sorosoro.org\/?page_id=55126"},"modified":"2011-08-26T03:57:53","modified_gmt":"2011-08-26T01:57:53","slug":"mopan","status":"publish","type":"page","link":"https:\/\/www.sorosoro.org\/en\/mopan\/","title":{"rendered":"Mopan"},"content":{"rendered":"<p style=\"text-align: justify;\"><em>Data collected by UNICEF<\/em><\/p>\n<p style=\"text-align: justify;\">\n<h5>Data on the Mopan language<\/h5>\n<p style=\"text-align: justify;\"><strong>Alternative names<\/strong>: Mop\u00e0n Maya<\/p>\n<p style=\"text-align: justify;\"><strong>Main dialects<\/strong>: We have no data regarding possible Mopan variants.<\/p>\n<p style=\"text-align: justify;\"><strong>Classification<\/strong>: <a href=\"https:\/\/www.sorosoro.org\/en\/mayan-languages\">Mayan language family<\/a>, Yukatekan branch<\/p>\n<p style=\"text-align: justify;\"><strong>Geographic area<\/strong>:<\/p>\n<p style=\"text-align: justify;\">Belize: in the districts of Cayo, Stann Creek and especially Toledo; in the southern half of the country.<\/p>\n<p style=\"text-align: justify;\">Guatemala: in the department of Pet\u00e9n, municipalities of Dolores, San Luis, Melchor de Mencos, and Popt\u00fan.<\/p>\n<p style=\"text-align: justify;\"><strong>Number of speakers<\/strong>:<\/p>\n<p style=\"text-align: justify;\">In Belize, the 2000 census accounts for a Mopan population of 8,980, a very large majority of which was believed to speak the language. According to the same census, 6,676 people declared Mopan was their mother tongue.<\/p>\n<p style=\"text-align: justify;\">In Guatemala, the 2002 census accounts for a Mopan population of 2,891. The number of Mopan mother tongue speakers reached 2,455, according to the same census.<\/p>\n<p style=\"text-align: justify;\"><strong>Language status<\/strong>:<\/p>\n<p style=\"text-align: justify;\">The language has no official status in Belize.<\/p>\n<p style=\"text-align: justify;\">According to <em>Linguam\u00f3n<\/em>:<\/p>\n<p style=\"text-align: justify;\">\u00ab\u00a0Legally recognised in Guatemala.Guatemala&#8217;s constitution identifies Spanish as the country&#8217;s official language and states that its &#8216;vernaculars&#8217; are part of its cultural heritage. A number of initiatives have been carried out in recent years (such as the introduction of the <em>Ley de Idiomas Nacionales<\/em> or National Language Law in 2003) to protect and promote the use of the languages of the Maya, Garifuna and Xinca peoples.\u00a0\u00bb<\/p>\n<p style=\"text-align: justify;\">Mopan figures among languages that are being standardized, protected and promoted by the <a href=\"http:\/\/www.almg.org.gt\/\" target=\"_blank\">Academy of Mayan Languages of Guatemala<\/a>, an independent state organization created in 1990.<\/p>\n<p style=\"text-align: justify;\"><strong>Vitality &amp; Transmission<\/strong>:<\/p>\n<p style=\"text-align: justify;\">UNESCO considers Mopan to be \u00ab\u00a0severely endangered\u00a0\u00bb (3rd level on a scale of 5), both in Belize and in Guatemala.<\/p>\n<p style=\"text-align: justify;\">In Guatemala, the language is losing momentum in the younger generations who tend to give it up for Spanish. The chances are that they will not ensure transmission of the language.<\/p>\n<p style=\"text-align: justify;\">As for Belize, sociolinguistic data on the language is scarce. Two thirds of the speakers still use it in the family circle, but the unusual sociolinguistic context of Belize has made all speakers at least bilingual, and most of them tri or quadrilingual (English, Belizean Creole, Spanish). Mopan does not have a positive representation in Belize, and unlike in Guatemala, nothing is done to promote the language.<\/p>\n<p style=\"text-align: justify;\">\n<h5>Sources<\/h5>\n<p style=\"text-align: justify;\">D\u00edaz Couder Ernesto (2010). \u00ab\u00a0Belice\u00a0\u00bb In \u00ab\u00a0<a href=\"http:\/\/www.movilizando.org\/atlas_tomo1\/pages\/tomo_2.pdf\" target=\"_blank\">Atlas socioling\u00fc\u00edstico de pueblos ind\u00edgenas en Am\u00e9rica Latina<\/a> \u00bb, UNICEF. Tome 2, pp 875-888.<\/p>\n<p style=\"text-align: justify;\">Verdugo, Luc\u00eda. 2010. \u00ab\u00a0Guatemala\u00a0\u00bb. In \u00ab\u00a0<a href=\"http:\/\/www.movilizando.org\/atlas_tomo1\/pages\/tomo_2.pdf\" target=\"_blank\">Atlas socioling\u00fc\u00edstico de pueblos ind\u00edgenas en Am\u00e9rica Latina<\/a> \u00bb, UNICEF. Tome 2, pp 852- 888.<\/p>\n<p style=\"text-align: justify;\">\n<h5>Online sources<\/h5>\n<p style=\"text-align: justify;\"><a href=\"http:\/\/www10.gencat.net\/pres_casa_llengues\/AppJava\/frontend\/llengues_detall.jsp?id=1008&amp;idioma=8\" target=\"_blank\">Page devoted to Mopan on the <em>Linguam\u00f3n<\/em> website<\/a><\/p>\n<p style=\"text-align: justify;\">\n<h5>Additional bibliography<\/h5>\n<p style=\"text-align: justify;\">GRINEVALD, C. 2007 \u00abEndangered Languages of Mexico and Central America\u00bb, in Brenzinger, M. (\u00e9d.), <em>Language Diversity Endangered<\/em>, Trends in Linguistics, Mouton de Gruyter, Berlin-New York.<\/p>\n<p style=\"text-align: justify;\">\n<p style=\"text-align: justify;\">Please visit the <em><a href=\"http:\/\/www.movilizando.org\/atlas_tomo1\/pages\/tomo_2.pdf\" target=\"_blank\">Atlas socioling\u00fc\u00edstico de pueblos ind\u00edgenas en Am\u00e9rica Latina<\/a><\/em> for a more comprehensive bibliography.<\/p>\n<p style=\"text-align: justify;\">\n","protected":false},"excerpt":{"rendered":"<p>Data collected by UNICEF Data on the Mopan language Alternative names: Mop\u00e0n Maya Main dialects: We have no data regarding possible Mopan variants. Classification: Mayan language family, Yukatekan branch Geographic area: Belize: in the districts of Cayo, Stann Creek and especially Toledo; in the southern half of the country. Guatemala: in the department of Pet\u00e9n, [&hellip;]<\/p>\n","protected":false},"author":18,"featured_media":0,"parent":0,"menu_order":0,"comment_status":"closed","ping_status":"open","template":"","meta":{"footnotes":""},"class_list":["post-55126","page","type-page","status-publish","hentry"],"yoast_head":"<!-- This site is optimized with the Yoast SEO plugin v27.0 - https:\/\/yoast.com\/product\/yoast-seo-wordpress\/ -->\n<title>Mopan - Sorosoro<\/title>\n<meta name=\"robots\" content=\"index, follow, max-snippet:-1, max-image-preview:large, max-video-preview:-1\" \/>\n<link rel=\"canonical\" href=\"https:\/\/www.sorosoro.org\/en\/mopan\/\" \/>\n<meta property=\"og:locale\" content=\"en_US\" \/>\n<meta property=\"og:type\" content=\"article\" \/>\n<meta property=\"og:title\" content=\"Mopan - Sorosoro\" \/>\n<meta property=\"og:description\" content=\"Data collected by UNICEF Data on the Mopan language Alternative names: Mop\u00e0n Maya Main dialects: We have no data regarding possible Mopan variants. Classification: Mayan language family, Yukatekan branch Geographic area: Belize: in the districts of Cayo, Stann Creek and especially Toledo; in the southern half of the country. Guatemala: in the department of Pet\u00e9n, [&hellip;]\" \/>\n<meta property=\"og:url\" content=\"https:\/\/www.sorosoro.org\/en\/mopan\/\" \/>\n<meta property=\"og:site_name\" content=\"Sorosoro\" \/>\n<meta property=\"article:modified_time\" content=\"2011-08-26T01:57:53+00:00\" \/>\n<meta name=\"twitter:card\" content=\"summary_large_image\" \/>\n<meta name=\"twitter:label1\" content=\"Est. reading time\" \/>\n\t<meta name=\"twitter:data1\" content=\"2 minutes\" \/>\n<script type=\"application\/ld+json\" class=\"yoast-schema-graph\">{\"@context\":\"https:\/\/schema.org\",\"@graph\":[{\"@type\":\"WebPage\",\"@id\":\"https:\/\/www.sorosoro.org\/en\/mopan\/\",\"url\":\"https:\/\/www.sorosoro.org\/en\/mopan\/\",\"name\":\"Mopan - Sorosoro\",\"isPartOf\":{\"@id\":\"https:\/\/www.sorosoro.org\/en\/#website\"},\"datePublished\":\"2011-08-26T01:07:01+00:00\",\"dateModified\":\"2011-08-26T01:57:53+00:00\",\"breadcrumb\":{\"@id\":\"https:\/\/www.sorosoro.org\/en\/mopan\/#breadcrumb\"},\"inLanguage\":\"en-US\",\"potentialAction\":[{\"@type\":\"ReadAction\",\"target\":[\"https:\/\/www.sorosoro.org\/en\/mopan\/\"]}]},{\"@type\":\"BreadcrumbList\",\"@id\":\"https:\/\/www.sorosoro.org\/en\/mopan\/#breadcrumb\",\"itemListElement\":[{\"@type\":\"ListItem\",\"position\":1,\"name\":\"Accueil\",\"item\":\"https:\/\/www.sorosoro.org\/en\/\"},{\"@type\":\"ListItem\",\"position\":2,\"name\":\"Mopan\"}]},{\"@type\":\"WebSite\",\"@id\":\"https:\/\/www.sorosoro.org\/en\/#website\",\"url\":\"https:\/\/www.sorosoro.org\/en\/\",\"name\":\"Sorosoro\",\"description\":\"Pour que vivent les langues du monde !\",\"potentialAction\":[{\"@type\":\"SearchAction\",\"target\":{\"@type\":\"EntryPoint\",\"urlTemplate\":\"https:\/\/www.sorosoro.org\/en\/?s={search_term_string}\"},\"query-input\":{\"@type\":\"PropertyValueSpecification\",\"valueRequired\":true,\"valueName\":\"search_term_string\"}}],\"inLanguage\":\"en-US\"}]}<\/script>\n<!-- \/ Yoast SEO plugin. -->","yoast_head_json":{"title":"Mopan - Sorosoro","robots":{"index":"index","follow":"follow","max-snippet":"max-snippet:-1","max-image-preview":"max-image-preview:large","max-video-preview":"max-video-preview:-1"},"canonical":"https:\/\/www.sorosoro.org\/en\/mopan\/","og_locale":"en_US","og_type":"article","og_title":"Mopan - Sorosoro","og_description":"Data collected by UNICEF Data on the Mopan language Alternative names: Mop\u00e0n Maya Main dialects: We have no data regarding possible Mopan variants. Classification: Mayan language family, Yukatekan branch Geographic area: Belize: in the districts of Cayo, Stann Creek and especially Toledo; in the southern half of the country. Guatemala: in the department of Pet\u00e9n, [&hellip;]","og_url":"https:\/\/www.sorosoro.org\/en\/mopan\/","og_site_name":"Sorosoro","article_modified_time":"2011-08-26T01:57:53+00:00","twitter_card":"summary_large_image","twitter_misc":{"Est. reading time":"2 minutes"},"schema":{"@context":"https:\/\/schema.org","@graph":[{"@type":"WebPage","@id":"https:\/\/www.sorosoro.org\/en\/mopan\/","url":"https:\/\/www.sorosoro.org\/en\/mopan\/","name":"Mopan - Sorosoro","isPartOf":{"@id":"https:\/\/www.sorosoro.org\/en\/#website"},"datePublished":"2011-08-26T01:07:01+00:00","dateModified":"2011-08-26T01:57:53+00:00","breadcrumb":{"@id":"https:\/\/www.sorosoro.org\/en\/mopan\/#breadcrumb"},"inLanguage":"en-US","potentialAction":[{"@type":"ReadAction","target":["https:\/\/www.sorosoro.org\/en\/mopan\/"]}]},{"@type":"BreadcrumbList","@id":"https:\/\/www.sorosoro.org\/en\/mopan\/#breadcrumb","itemListElement":[{"@type":"ListItem","position":1,"name":"Accueil","item":"https:\/\/www.sorosoro.org\/en\/"},{"@type":"ListItem","position":2,"name":"Mopan"}]},{"@type":"WebSite","@id":"https:\/\/www.sorosoro.org\/en\/#website","url":"https:\/\/www.sorosoro.org\/en\/","name":"Sorosoro","description":"Pour que vivent les langues du monde !","potentialAction":[{"@type":"SearchAction","target":{"@type":"EntryPoint","urlTemplate":"https:\/\/www.sorosoro.org\/en\/?s={search_term_string}"},"query-input":{"@type":"PropertyValueSpecification","valueRequired":true,"valueName":"search_term_string"}}],"inLanguage":"en-US"}]}},"_links":{"self":[{"href":"https:\/\/www.sorosoro.org\/en\/wp-json\/wp\/v2\/pages\/55126","targetHints":{"allow":["GET"]}}],"collection":[{"href":"https:\/\/www.sorosoro.org\/en\/wp-json\/wp\/v2\/pages"}],"about":[{"href":"https:\/\/www.sorosoro.org\/en\/wp-json\/wp\/v2\/types\/page"}],"author":[{"embeddable":true,"href":"https:\/\/www.sorosoro.org\/en\/wp-json\/wp\/v2\/users\/18"}],"replies":[{"embeddable":true,"href":"https:\/\/www.sorosoro.org\/en\/wp-json\/wp\/v2\/comments?post=55126"}],"version-history":[{"count":0,"href":"https:\/\/www.sorosoro.org\/en\/wp-json\/wp\/v2\/pages\/55126\/revisions"}],"wp:attachment":[{"href":"https:\/\/www.sorosoro.org\/en\/wp-json\/wp\/v2\/media?parent=55126"}],"curies":[{"name":"wp","href":"https:\/\/api.w.org\/{rel}","templated":true}]}}