{"id":5492,"date":"2009-11-10T21:14:26","date_gmt":"2009-11-10T20:14:26","guid":{"rendered":"http:\/\/www.sorosoro.org\/?page_id=5492"},"modified":"2010-03-30T17:12:23","modified_gmt":"2010-03-30T15:12:23","slug":"nilo-saharian-languages","status":"publish","type":"page","link":"https:\/\/www.sorosoro.org\/en\/nilo-saharian-languages\/","title":{"rendered":"Nilo-Saharian languages"},"content":{"rendered":"<h5 style=\"text-align: justify;\">Where are Nilo-Saharan languages spoken?<\/h5>\n<p style=\"text-align: justify;\">These languages are spoken<\/p>\n<p style=\"text-align: justify;\">&#8211;\tin Eastern Africa, mainly along the Lower Nile (Sudan and Ethiopia) and all the way to Tanzania and Kenya ;<\/p>\n<p style=\"text-align: justify;\">&#8211;\tin the centre, in the Democratic Republic of Congo and along the Chari River (Central African Republic and Chad) ;<\/p>\n<p style=\"text-align: justify;\">&#8211;\tto the West, in Benin and Nigeria ;<\/p>\n<p style=\"text-align: justify;\">&#8211;\tin the North-West, in an area going from Algeria to Mali.<\/p>\n<h5 style=\"text-align: justify;\">Total number of speakers (estimates)<\/h5>\n<p style=\"text-align: justify;\">Approximately 11 million according to SIL\u2019s website ethnologue.com<\/p>\n<h5 style=\"text-align: justify;\"><strong>Classification:<\/strong><\/h5>\n<p><span style=\"text-decoration: underline;\">Nilo-Saharian languages tree<\/span> (click to enlarge)<\/p>\n<p><strong><a href=\"http:\/\/www.sorosoro.org\/wp-content\/uploads\/Nilo-Saharian-Global1.jpg\"><img loading=\"lazy\" decoding=\"async\" class=\"alignnone size-thumbnail wp-image-16253\" title=\"Nilo Saharian Global\" src=\"http:\/\/www.sorosoro.org\/wp-content\/uploads\/Nilo-Saharian-Global1-150x150.jpg\" alt=\"Nilo Saharian Global\" width=\"150\" height=\"150\" \/><\/a><br \/>\n<\/strong><\/p>\n<p style=\"text-align: justify;\">This group has, today 175 languages.<\/p>\n<p style=\"text-align: justify;\"><em><br \/>\n<\/em><\/p>\n<p style=\"text-align: justify;\"><span style=\"text-decoration: underline;\">Saharan language<\/span>s<\/p>\n<p style=\"padding-left: 90px; text-align: justify;\"><strong>Zaghaw<\/strong> (alternative name: Beria), \t<strong>Kanembu<\/strong>,<strong> Kanuri, Dazaga, Tedaga<\/strong>.<\/p>\n<p style=\"text-align: justify;\"><span style=\"text-decoration: underline;\">Fur Languages<\/span><\/p>\n<p style=\"padding-left: 90px; text-align: justify;\"><strong>Amdang, Fur<\/strong><\/p>\n<p style=\"text-align: justify;\"><span style=\"text-decoration: underline;\">Central Sudanic<\/span><\/p>\n<p style=\"padding-left: 90px; text-align: justify;\"><strong>Kunama, Berta<\/strong><\/p>\n<p style=\"padding-left: 60px; text-align: justify;\">Central Eastern Branch or Lendu-Mangbetu<\/p>\n<p style=\"padding-left: 30px; text-align: justify;\">Lendu<\/p>\n<p style=\"padding-left: 90px; text-align: justify;\"><strong>Bendi, Lendu,  Ngiti<\/strong><\/p>\n<p style=\"padding-left: 30px; text-align: justify;\">Mangbetu<\/p>\n<p style=\"padding-left: 90px; text-align: justify;\"><strong>Asoa, Lombi, Mangbetu<\/strong><\/p>\n<p style=\"padding-left: 30px; text-align: justify;\">Mangbetu-Efe<\/p>\n<p style=\"padding-left: 90px; text-align: justify;\"><strong>Efe, Lese, Mamvu, Mangbutu, Mvuba, Ndo<\/strong><\/p>\n<p style=\"padding-left: 30px; text-align: justify;\">Moru-Madi<\/p>\n<p style=\"padding-left: 90px; text-align: justify;\"><strong>Aringa, Avokaya, Keliko, Logo, Lugbara, Omi, Moru, Ma\u2019di, Southern Ma\u2019di , Olu\u2019bo<\/strong><\/p>\n<p style=\"padding-left: 60px; text-align: justify;\">Central Western Branch or Bongo-Kresh<\/p>\n<p style=\"padding-left: 30px; text-align: justify;\">Bongo-Bagirmi<\/p>\n<p style=\"padding-left: 90px; text-align: justify;\"><strong>Bongo, Baka, Mo\u2019da, Morokodo, Nyamusa-Molo, \tBeli, Jur Modo, Mittu, Furu, Gula, Yulu, Bagirmi, Berakou, Disa, Gula, Jaya, Kenga, Morom, Naba, Sara Kaba D\u00e9m\u00e9, Sara Kaba N\u00e1\u00e0, Kulfa, Sara Dunjo, Sara Kaba, Bedjond, Dagba, Gor, Gulay, Horo, Kaba, Laka, Mango, Mbay, Ngam, Ngambay, Sar, Lutos, Vale, Birri, Fongoro, Sinyar,<\/strong><\/p>\n<p style=\"padding-left: 30px; text-align: justify;\">Kresh<\/p>\n<p style=\"padding-left: 90px; text-align: justify;\"><strong>Aja, Gbaya<\/strong><\/p>\n<p style=\"text-align: justify;\">Eastern Sudanic (see above)<\/p>\n<p style=\"padding-left: 30px; text-align: justify;\">Eastern Branch<\/p>\n<p style=\"padding-left: 60px; text-align: justify;\">Eastern Jebel<\/p>\n<p style=\"padding-left: 90px; text-align: justify;\"><strong>Aka, Kelo, Molo, Gaam<\/strong><\/p>\n<p style=\"padding-left: 60px; text-align: justify;\">Daju<\/p>\n<p style=\"padding-left: 90px; text-align: justify;\"><strong>Logorik, Shatt, Baygo, Dar Daju Daju, Dar Fur Daju, Dar Sila Daju, Njalgulgule<\/strong><\/p>\n<p style=\"padding-left: 60px; text-align: justify;\">Temein<\/p>\n<p style=\"padding-left: 90px; text-align: justify;\"><strong>Temein, Tese<\/strong><\/p>\n<p style=\"padding-left: 60px; text-align: justify;\">Surmic<\/p>\n<p style=\"padding-left: 90px; text-align: justify;\"><strong>Majang, Kwegu, Me\u2019en, Mursi, Suri, Didinga, Narim, Murle, Tennet, Kacipo-Balesi<\/strong><\/p>\n<p style=\"padding-left: 60px; text-align: justify;\">Nilotic<\/p>\n<p style=\"padding-left: 60px; text-align: justify;\">Eastern Nilotic<\/p>\n<p style=\"padding-left: 90px; text-align: justify;\"><strong>Bari, Kakwa, Mandari, Dongotono, Lango, Lokoya, Lopit, Otuho, Maasai, Ngasa, Samburu, Teso, Karamojong, Nyangatom, Toposa, Turkana<\/strong><\/p>\n<p style=\"padding-left: 60px; text-align: justify;\">Southern Nilotic<\/p>\n<p style=\"padding-left: 90px; text-align: justify;\"><strong>Kupsabiny, Sabaot, Kipsigis, Markweeta, Terik, Aramanik, Keiyo, Kisankasa, Mediak, Mosiro, Nandi, Tugen, Okiek, P\u00f6koot, Datooga, Omotik.<\/strong><\/p>\n<p style=\"padding-left: 60px; text-align: justify;\">Western Nilotic<\/p>\n<p style=\"padding-left: 90px; text-align: justify;\"><strong>Dinka, Nuer, Anuak, Belanda Bor, Shilluk, Thuri, P\u00e4ri, Adhola, Kumam, Alur, Acholi, Lango , Dholuo, Lwoo, Burun, Kenjeje (alternative names: Yaali), Masalit, Subarkhal, Runga-Kibet, Maba, Marfa, Karanga, Jumjum, Mabaan.<\/strong><\/p>\n<p style=\"padding-left: 30px; text-align: justify;\">Western Branch<\/p>\n<p style=\"padding-left: 60px; text-align: justify;\">Nyimang<\/p>\n<p style=\"padding-left: 90px; text-align: justify;\"><strong>Afitti, Ama,<\/strong><\/p>\n<p style=\"padding-left: 60px; text-align: justify;\">Tama<\/p>\n<p style=\"padding-left: 90px; text-align: justify;\"><strong>Mararit, Assangori.<\/strong><\/p>\n<p style=\"padding-left: 60px; text-align: justify;\">Nara<\/p>\n<p style=\"padding-left: 90px; text-align: justify;\"><strong>Nara<\/strong><\/p>\n<p style=\"padding-left: 60px; text-align: justify;\">Nubian<\/p>\n<p style=\"padding-left: 90px; text-align: justify;\"><strong>Birked, Kenuzi-Dongola, Ghulfan, Kadaru, Dair, Dilling, El Hugeirat, Karko, Wali, Nobiin, Midob.<\/strong><\/p>\n<p style=\"padding-left: 30px; text-align: justify;\">Kuliak Languages<\/p>\n<p style=\"padding-left: 90px; text-align: justify;\"><strong>Ik<\/strong><\/p>\n<p style=\"padding-left: 60px; text-align: justify;\">Ngangea-So<\/p>\n<p style=\"padding-left: 90px; text-align: justify;\"><strong>Nyang\u2019i<\/strong><\/p>\n<p style=\"padding-left: 90px; text-align: justify;\"><strong>Soo<\/strong><\/p>\n<h5 style=\"text-align: justify;\"><strong><strong> Comments on the classification<\/strong><\/strong><\/h5>\n<p style=\"text-align: justify;\">We have based our classification on the work of Greenberg, reviewed by Bender, which is regarded as conventional. However, we have used Dimmendaal\u2019s work for Koman and Songhay, which he leaves out of the Nilo-Saharan group. Also, contrary to Bender, Dimmendaal does not treat Kadu as a Nilo-Saharan subgroup, but instead as an independent language family (isolate).<\/p>\n<p style=\"text-align: justify;\">Dimmendaal (to appear) considers that the Kuliak languages are of the primary branch of the Nilo-Saharan. These languages are otherwise generally classified in the eastern branch of the eastern Sudanic languages.<\/p>\n<p style=\"text-align: justify;\">It should be noted that internal and external classifications of this group are subject to controversy, the very existence of the group being sometimes questioned.<\/p>\n<p style=\"text-align: justify;\"><strong>Are Nilo-Saharan languages endangered ?<\/strong><\/p>\n<p style=\"text-align: justify;\">This section will be developed subsequently.<\/p>\n<p style=\"text-align: justify;\"><span style=\"text-decoration: underline;\">Ethnographic elements<\/span><\/p>\n<p style=\"text-align: justify;\">This section will be developed subsequently.<\/p>\n<p style=\"text-align: justify;\"><span style=\"text-decoration: underline;\">Linguistic details<\/span><\/p>\n<p style=\"text-align: justify;\">This section will be developed subsequently.<\/p>\n<p style=\"text-align: justify;\"><strong>Sources<\/strong><\/p>\n<p style=\"text-align: justify;\">Gerrit Dimmendaal, 2008. &#8220;<em>Language Ecology and Linguistic Diversity on the African Continent<\/em>&#8220;, <em>Language and Linguistics Compass<\/em> 2\/5:842.<\/p>\n<p style=\"text-align: justify;\">Dimmendaal, Gerrit J. 2007. \u201c<em>Eastern Sudanic and the Wadi Howar and Wadi el Milk Diaspora<\/em>\u201d. Sprache und Geschichte in Afrika 18: 37-67.<\/p>\n<p style=\"text-align: justify;\">Dimmendaal, Gerrit J. Dimmendaal. To appear. \u201c<em>Nilo-Saharan and its limit<\/em>s\u201d. In Jean-Marie Hombert and Gerard Philippson (eds.), <em>The Genetic Classification of African Languages Revisited<\/em>.<\/p>\n<p style=\"text-align: justify;\">Joseph H. Greenberg. 1963. <em>The Languages of Africa<\/em>, International journal of American linguistics,<\/p>\n<p style=\"text-align: justify;\">Bender, Lionel. 2000. \u201c<em>Nilo-Saharan<\/em>\u201d in <em>African Languages<\/em> &#8211; <em>An Introductio<\/em>n, Bernd Heine and Derek Nurse (eds), Cambridge University Press<\/p>\n","protected":false},"excerpt":{"rendered":"<p>Where are Nilo-Saharan languages spoken? These languages are spoken &#8211; in Eastern Africa, mainly along the Lower Nile (Sudan and Ethiopia) and all the way to Tanzania and Kenya ; &#8211; in the centre, in the Democratic Republic of Congo and along the Chari River (Central African Republic and Chad) ; &#8211; to the West, [&hellip;]<\/p>\n","protected":false},"author":2,"featured_media":0,"parent":0,"menu_order":0,"comment_status":"closed","ping_status":"open","template":"","meta":{"footnotes":""},"class_list":["post-5492","page","type-page","status-publish","hentry"],"yoast_head":"<!-- This site is optimized with the Yoast SEO plugin v27.0 - https:\/\/yoast.com\/product\/yoast-seo-wordpress\/ -->\n<title>Nilo-Saharian languages - Sorosoro<\/title>\n<meta name=\"robots\" content=\"index, follow, max-snippet:-1, max-image-preview:large, max-video-preview:-1\" \/>\n<link rel=\"canonical\" href=\"https:\/\/www.sorosoro.org\/en\/nilo-saharian-languages\/\" \/>\n<meta property=\"og:locale\" content=\"en_US\" \/>\n<meta property=\"og:type\" content=\"article\" \/>\n<meta property=\"og:title\" content=\"Nilo-Saharian languages - Sorosoro\" \/>\n<meta property=\"og:description\" content=\"Where are Nilo-Saharan languages spoken? These languages are spoken &#8211; in Eastern Africa, mainly along the Lower Nile (Sudan and Ethiopia) and all the way to Tanzania and Kenya ; &#8211; in the centre, in the Democratic Republic of Congo and along the Chari River (Central African Republic and Chad) ; &#8211; to the West, [&hellip;]\" \/>\n<meta property=\"og:url\" content=\"https:\/\/www.sorosoro.org\/en\/nilo-saharian-languages\/\" \/>\n<meta property=\"og:site_name\" content=\"Sorosoro\" \/>\n<meta property=\"article:modified_time\" content=\"2010-03-30T15:12:23+00:00\" \/>\n<meta property=\"og:image\" content=\"http:\/\/www.sorosoro.org\/wp-content\/uploads\/Nilo-Saharian-Global1-150x150.jpg\" \/>\n<meta name=\"twitter:card\" content=\"summary_large_image\" \/>\n<meta name=\"twitter:label1\" content=\"Est. reading time\" \/>\n\t<meta name=\"twitter:data1\" content=\"3 minutes\" \/>\n<script type=\"application\/ld+json\" class=\"yoast-schema-graph\">{\"@context\":\"https:\/\/schema.org\",\"@graph\":[{\"@type\":\"WebPage\",\"@id\":\"https:\/\/www.sorosoro.org\/en\/nilo-saharian-languages\/\",\"url\":\"https:\/\/www.sorosoro.org\/en\/nilo-saharian-languages\/\",\"name\":\"Nilo-Saharian languages - Sorosoro\",\"isPartOf\":{\"@id\":\"https:\/\/www.sorosoro.org\/en\/#website\"},\"primaryImageOfPage\":{\"@id\":\"https:\/\/www.sorosoro.org\/en\/nilo-saharian-languages\/#primaryimage\"},\"image\":{\"@id\":\"https:\/\/www.sorosoro.org\/en\/nilo-saharian-languages\/#primaryimage\"},\"thumbnailUrl\":\"http:\/\/www.sorosoro.org\/wp-content\/uploads\/Nilo-Saharian-Global1-150x150.jpg\",\"datePublished\":\"2009-11-10T20:14:26+00:00\",\"dateModified\":\"2010-03-30T15:12:23+00:00\",\"breadcrumb\":{\"@id\":\"https:\/\/www.sorosoro.org\/en\/nilo-saharian-languages\/#breadcrumb\"},\"inLanguage\":\"en-US\",\"potentialAction\":[{\"@type\":\"ReadAction\",\"target\":[\"https:\/\/www.sorosoro.org\/en\/nilo-saharian-languages\/\"]}]},{\"@type\":\"ImageObject\",\"inLanguage\":\"en-US\",\"@id\":\"https:\/\/www.sorosoro.org\/en\/nilo-saharian-languages\/#primaryimage\",\"url\":\"http:\/\/www.sorosoro.org\/wp-content\/uploads\/Nilo-Saharian-Global1-150x150.jpg\",\"contentUrl\":\"http:\/\/www.sorosoro.org\/wp-content\/uploads\/Nilo-Saharian-Global1-150x150.jpg\"},{\"@type\":\"BreadcrumbList\",\"@id\":\"https:\/\/www.sorosoro.org\/en\/nilo-saharian-languages\/#breadcrumb\",\"itemListElement\":[{\"@type\":\"ListItem\",\"position\":1,\"name\":\"Accueil\",\"item\":\"https:\/\/www.sorosoro.org\/en\/\"},{\"@type\":\"ListItem\",\"position\":2,\"name\":\"Nilo-Saharian languages\"}]},{\"@type\":\"WebSite\",\"@id\":\"https:\/\/www.sorosoro.org\/en\/#website\",\"url\":\"https:\/\/www.sorosoro.org\/en\/\",\"name\":\"Sorosoro\",\"description\":\"Pour que vivent les langues du monde !\",\"potentialAction\":[{\"@type\":\"SearchAction\",\"target\":{\"@type\":\"EntryPoint\",\"urlTemplate\":\"https:\/\/www.sorosoro.org\/en\/?s={search_term_string}\"},\"query-input\":{\"@type\":\"PropertyValueSpecification\",\"valueRequired\":true,\"valueName\":\"search_term_string\"}}],\"inLanguage\":\"en-US\"}]}<\/script>\n<!-- \/ Yoast SEO plugin. -->","yoast_head_json":{"title":"Nilo-Saharian languages - Sorosoro","robots":{"index":"index","follow":"follow","max-snippet":"max-snippet:-1","max-image-preview":"max-image-preview:large","max-video-preview":"max-video-preview:-1"},"canonical":"https:\/\/www.sorosoro.org\/en\/nilo-saharian-languages\/","og_locale":"en_US","og_type":"article","og_title":"Nilo-Saharian languages - Sorosoro","og_description":"Where are Nilo-Saharan languages spoken? These languages are spoken &#8211; in Eastern Africa, mainly along the Lower Nile (Sudan and Ethiopia) and all the way to Tanzania and Kenya ; &#8211; in the centre, in the Democratic Republic of Congo and along the Chari River (Central African Republic and Chad) ; &#8211; to the West, [&hellip;]","og_url":"https:\/\/www.sorosoro.org\/en\/nilo-saharian-languages\/","og_site_name":"Sorosoro","article_modified_time":"2010-03-30T15:12:23+00:00","og_image":[{"url":"http:\/\/www.sorosoro.org\/wp-content\/uploads\/Nilo-Saharian-Global1-150x150.jpg","type":"","width":"","height":""}],"twitter_card":"summary_large_image","twitter_misc":{"Est. reading time":"3 minutes"},"schema":{"@context":"https:\/\/schema.org","@graph":[{"@type":"WebPage","@id":"https:\/\/www.sorosoro.org\/en\/nilo-saharian-languages\/","url":"https:\/\/www.sorosoro.org\/en\/nilo-saharian-languages\/","name":"Nilo-Saharian languages - Sorosoro","isPartOf":{"@id":"https:\/\/www.sorosoro.org\/en\/#website"},"primaryImageOfPage":{"@id":"https:\/\/www.sorosoro.org\/en\/nilo-saharian-languages\/#primaryimage"},"image":{"@id":"https:\/\/www.sorosoro.org\/en\/nilo-saharian-languages\/#primaryimage"},"thumbnailUrl":"http:\/\/www.sorosoro.org\/wp-content\/uploads\/Nilo-Saharian-Global1-150x150.jpg","datePublished":"2009-11-10T20:14:26+00:00","dateModified":"2010-03-30T15:12:23+00:00","breadcrumb":{"@id":"https:\/\/www.sorosoro.org\/en\/nilo-saharian-languages\/#breadcrumb"},"inLanguage":"en-US","potentialAction":[{"@type":"ReadAction","target":["https:\/\/www.sorosoro.org\/en\/nilo-saharian-languages\/"]}]},{"@type":"ImageObject","inLanguage":"en-US","@id":"https:\/\/www.sorosoro.org\/en\/nilo-saharian-languages\/#primaryimage","url":"http:\/\/www.sorosoro.org\/wp-content\/uploads\/Nilo-Saharian-Global1-150x150.jpg","contentUrl":"http:\/\/www.sorosoro.org\/wp-content\/uploads\/Nilo-Saharian-Global1-150x150.jpg"},{"@type":"BreadcrumbList","@id":"https:\/\/www.sorosoro.org\/en\/nilo-saharian-languages\/#breadcrumb","itemListElement":[{"@type":"ListItem","position":1,"name":"Accueil","item":"https:\/\/www.sorosoro.org\/en\/"},{"@type":"ListItem","position":2,"name":"Nilo-Saharian languages"}]},{"@type":"WebSite","@id":"https:\/\/www.sorosoro.org\/en\/#website","url":"https:\/\/www.sorosoro.org\/en\/","name":"Sorosoro","description":"Pour que vivent les langues du monde !","potentialAction":[{"@type":"SearchAction","target":{"@type":"EntryPoint","urlTemplate":"https:\/\/www.sorosoro.org\/en\/?s={search_term_string}"},"query-input":{"@type":"PropertyValueSpecification","valueRequired":true,"valueName":"search_term_string"}}],"inLanguage":"en-US"}]}},"_links":{"self":[{"href":"https:\/\/www.sorosoro.org\/en\/wp-json\/wp\/v2\/pages\/5492","targetHints":{"allow":["GET"]}}],"collection":[{"href":"https:\/\/www.sorosoro.org\/en\/wp-json\/wp\/v2\/pages"}],"about":[{"href":"https:\/\/www.sorosoro.org\/en\/wp-json\/wp\/v2\/types\/page"}],"author":[{"embeddable":true,"href":"https:\/\/www.sorosoro.org\/en\/wp-json\/wp\/v2\/users\/2"}],"replies":[{"embeddable":true,"href":"https:\/\/www.sorosoro.org\/en\/wp-json\/wp\/v2\/comments?post=5492"}],"version-history":[{"count":0,"href":"https:\/\/www.sorosoro.org\/en\/wp-json\/wp\/v2\/pages\/5492\/revisions"}],"wp:attachment":[{"href":"https:\/\/www.sorosoro.org\/en\/wp-json\/wp\/v2\/media?parent=5492"}],"curies":[{"name":"wp","href":"https:\/\/api.w.org\/{rel}","templated":true}]}}