{"id":5462,"date":"2009-11-10T20:57:02","date_gmt":"2009-11-10T19:57:02","guid":{"rendered":"http:\/\/www.sorosoro.org\/?page_id=5462"},"modified":"2010-04-26T12:55:53","modified_gmt":"2010-04-26T10:55:53","slug":"maku-languages","status":"publish","type":"page","link":"https:\/\/www.sorosoro.org\/en\/maku-languages\/","title":{"rendered":"Mak\u00fa language family"},"content":{"rendered":"<p style=\"text-align: justify;\">\n<h5 style=\"text-align: justify;\">Where are the Mak\u00fa languages spoken?<\/h5>\n<p style=\"text-align: justify;\">\n<p style=\"text-align: justify;\">These languages are spoken in South America: in Brazil, Colombia, and Venezuela.<\/p>\n<p style=\"text-align: justify;\">\n<h5 style=\"text-align: justify;\">Total number of speakers (estimates)<\/h5>\n<p style=\"text-align: justify;\">\n<p style=\"text-align: justify;\">Between 3,300 and 3,900 speakers according to the figures provided by Silvana &amp; Valteir Martins (SVM, 1999).<\/p>\n<p style=\"text-align: justify;\">\n<p style=\"text-align: justify;\">The figures provided by the UNESCO are too fragmented to be included in a global evaluation.<\/p>\n<p style=\"text-align: justify;\">\n<h5 style=\"text-align: justify;\">Classification<\/h5>\n<p style=\"text-align: justify;\">\n<p style=\"text-align: justify;\">The Mak\u00fa language family counts 7 active languages at this point.<\/p>\n<p style=\"text-align: justify;\">\n<p style=\"text-align: justify;\"><span style=\"text-decoration: underline;\">Middle Rio Negro branch<\/span><\/p>\n<p style=\"text-align: justify;\">\n<p style=\"padding-left: 30px; text-align: justify;\">Nad\u00ebb-Kuyawi<\/p>\n<p style=\"text-align: justify;\">\n<p style=\"padding-left: 60px; text-align: justify;\"><strong>Nad\u00ebb<\/strong>: 350 speakers according to the UNESCO, 400 according to SVM<\/p>\n<p style=\"padding-left: 60px; text-align: justify;\"><strong> <\/strong><\/p>\n<p style=\"padding-left: 60px; text-align: justify;\"><strong>Kuyawi<\/strong>: 20 speakers according to SVM<\/p>\n<p style=\"text-align: justify;\">\n<p style=\"text-align: justify;\"><span style=\"text-decoration: underline;\">Upper Rio Negro branch<\/span><\/p>\n<p style=\"text-align: justify;\">\n<p style=\"padding-left: 60px; text-align: justify;\"><strong>Daw<\/strong>: 120 speakers according to the UNESCO, 83 according to SVM<\/p>\n<p style=\"text-align: justify;\">\n<p style=\"padding-left: 30px; text-align: justify;\">Hupda-Yuhup<\/p>\n<p style=\"text-align: justify;\">\n<p style=\"padding-left: 60px; text-align: justify;\"><strong>Hupda<\/strong>: 3,400 speakers according to the UNESCO, 1,900 according to SVM<\/p>\n<p style=\"padding-left: 60px; text-align: justify;\"><strong> <\/strong><\/p>\n<p style=\"padding-left: 60px; text-align: justify;\"><strong>Yuhup<\/strong>: 1,200 speakers according to the UNESCO, 400 according to SVM<\/p>\n<p style=\"padding-left: 30px; text-align: justify;\">\n<p style=\"padding-left: 30px; text-align: justify;\">Kakua-Kukak<\/p>\n<p style=\"text-align: justify;\">\n<p style=\"padding-left: 60px; text-align: justify;\"><strong>Kakua <\/strong>(alternative name: Nukak): 220 speakers according to SVM<\/p>\n<p style=\"padding-left: 60px; text-align: justify;\">\n<p style=\"padding-left: 60px; text-align: justify;\"><strong>Kukak<\/strong>: 300 to 600 speakers according to SVM<\/p>\n<p style=\"text-align: justify;\">\n<p style=\"text-align: justify;\">\n<h5 style=\"text-align: justify;\">Notes on the Mak\u00fa languages classification<\/h5>\n<p style=\"text-align: justify;\">\n<p style=\"text-align: justify;\">We hereby follow the classification established by Silvana &amp; Valteir Martins (SVM, 1999).<\/p>\n<p style=\"text-align: justify;\">\n<p style=\"text-align: justify;\">The Mak\u00fa language family and the Mak\u00fa language are not to be confused. The Mak\u00fa language is an isolate spoken around the boarder between Brazil and Venezuela, and there is absolutely no evidence supporting a linguistic relation between the Mak\u00fa language and the language family of the same name.<\/p>\n<p style=\"text-align: justify;\">\n<p style=\"text-align: justify;\">Hypothetical associations of the Mak\u00fa languages with the Puinave and Mak\u00fa isolates have been suggested, but they remain hypothetical at this point.<\/p>\n<p style=\"text-align: justify;\">\n<p style=\"text-align: justify;\">NB. The term Mak\u00fa can be regarded as negative, although it is broadly used within the linguistics community: it may derive from the term standing for \u201cslave\u201d in some Tupis languages.<\/p>\n<p style=\"text-align: justify;\">\n<h5 style=\"text-align: justify;\">Are the Mak\u00fa languages endangered?<\/h5>\n<p style=\"text-align: justify;\">\n<p style=\"text-align: justify;\">Yes, most of the Mak\u00fa languages are considered as \u201cendangered\u201d by the UNESCO (level 2 on a scale of 5).<\/p>\n<p style=\"text-align: justify;\">\n<p style=\"text-align: justify;\">The two Hupda-Yuhup languages are regarded as the most active in this family, yet the figures provided by the UNESCO appear rather optimistic compared to those provided by SVM.<\/p>\n<p style=\"text-align: justify;\">\n<p style=\"text-align: justify;\">With only around 20 speakers (according to SVM), Kuyawi can undoubtedly be considered as critically threatened.<\/p>\n<p style=\"text-align: justify;\">\n<h5 style=\"text-align: justify;\">Sources<\/h5>\n<p style=\"text-align: justify;\">\n<p style=\"text-align: justify;\">Martins Silvana &amp; Valteir (1999) \u00ab Mak\u00fa \u00bb in R.M.W. Dixon and Alexandra Y.Aikhenvald, (eds) The Amazonian languages, Cambridge University Press.<\/p>\n","protected":false},"excerpt":{"rendered":"<p>Where are the Mak\u00fa languages spoken? These languages are spoken in South America: in Brazil, Colombia, and Venezuela. Total number of speakers (estimates) Between 3,300 and 3,900 speakers according to the figures provided by Silvana &amp; Valteir Martins (SVM, 1999). The figures provided by the UNESCO are too fragmented to be included in a global [&hellip;]<\/p>\n","protected":false},"author":2,"featured_media":0,"parent":0,"menu_order":0,"comment_status":"closed","ping_status":"open","template":"","meta":{"footnotes":""},"class_list":["post-5462","page","type-page","status-publish","hentry"],"yoast_head":"<!-- This site is optimized with the Yoast SEO plugin v27.0 - https:\/\/yoast.com\/product\/yoast-seo-wordpress\/ -->\n<title>Mak\u00fa language family - Sorosoro<\/title>\n<meta name=\"robots\" content=\"index, follow, max-snippet:-1, max-image-preview:large, max-video-preview:-1\" \/>\n<link rel=\"canonical\" href=\"https:\/\/www.sorosoro.org\/en\/maku-languages\/\" \/>\n<meta property=\"og:locale\" content=\"en_US\" \/>\n<meta property=\"og:type\" content=\"article\" \/>\n<meta property=\"og:title\" content=\"Mak\u00fa language family - Sorosoro\" \/>\n<meta property=\"og:description\" content=\"Where are the Mak\u00fa languages spoken? These languages are spoken in South America: in Brazil, Colombia, and Venezuela. Total number of speakers (estimates) Between 3,300 and 3,900 speakers according to the figures provided by Silvana &amp; Valteir Martins (SVM, 1999). The figures provided by the UNESCO are too fragmented to be included in a global [&hellip;]\" \/>\n<meta property=\"og:url\" content=\"https:\/\/www.sorosoro.org\/en\/maku-languages\/\" \/>\n<meta property=\"og:site_name\" content=\"Sorosoro\" \/>\n<meta property=\"article:modified_time\" content=\"2010-04-26T10:55:53+00:00\" \/>\n<meta name=\"twitter:card\" content=\"summary_large_image\" \/>\n<meta name=\"twitter:label1\" content=\"Est. reading time\" \/>\n\t<meta name=\"twitter:data1\" content=\"2 minutes\" \/>\n<script type=\"application\/ld+json\" class=\"yoast-schema-graph\">{\"@context\":\"https:\/\/schema.org\",\"@graph\":[{\"@type\":\"WebPage\",\"@id\":\"https:\/\/www.sorosoro.org\/en\/maku-languages\/\",\"url\":\"https:\/\/www.sorosoro.org\/en\/maku-languages\/\",\"name\":\"Mak\u00fa language family - Sorosoro\",\"isPartOf\":{\"@id\":\"https:\/\/www.sorosoro.org\/en\/#website\"},\"datePublished\":\"2009-11-10T19:57:02+00:00\",\"dateModified\":\"2010-04-26T10:55:53+00:00\",\"breadcrumb\":{\"@id\":\"https:\/\/www.sorosoro.org\/en\/maku-languages\/#breadcrumb\"},\"inLanguage\":\"en-US\",\"potentialAction\":[{\"@type\":\"ReadAction\",\"target\":[\"https:\/\/www.sorosoro.org\/en\/maku-languages\/\"]}]},{\"@type\":\"BreadcrumbList\",\"@id\":\"https:\/\/www.sorosoro.org\/en\/maku-languages\/#breadcrumb\",\"itemListElement\":[{\"@type\":\"ListItem\",\"position\":1,\"name\":\"Accueil\",\"item\":\"https:\/\/www.sorosoro.org\/en\/\"},{\"@type\":\"ListItem\",\"position\":2,\"name\":\"Mak\u00fa language family\"}]},{\"@type\":\"WebSite\",\"@id\":\"https:\/\/www.sorosoro.org\/en\/#website\",\"url\":\"https:\/\/www.sorosoro.org\/en\/\",\"name\":\"Sorosoro\",\"description\":\"Pour que vivent les langues du monde !\",\"potentialAction\":[{\"@type\":\"SearchAction\",\"target\":{\"@type\":\"EntryPoint\",\"urlTemplate\":\"https:\/\/www.sorosoro.org\/en\/?s={search_term_string}\"},\"query-input\":{\"@type\":\"PropertyValueSpecification\",\"valueRequired\":true,\"valueName\":\"search_term_string\"}}],\"inLanguage\":\"en-US\"}]}<\/script>\n<!-- \/ Yoast SEO plugin. -->","yoast_head_json":{"title":"Mak\u00fa language family - Sorosoro","robots":{"index":"index","follow":"follow","max-snippet":"max-snippet:-1","max-image-preview":"max-image-preview:large","max-video-preview":"max-video-preview:-1"},"canonical":"https:\/\/www.sorosoro.org\/en\/maku-languages\/","og_locale":"en_US","og_type":"article","og_title":"Mak\u00fa language family - Sorosoro","og_description":"Where are the Mak\u00fa languages spoken? These languages are spoken in South America: in Brazil, Colombia, and Venezuela. Total number of speakers (estimates) Between 3,300 and 3,900 speakers according to the figures provided by Silvana &amp; Valteir Martins (SVM, 1999). The figures provided by the UNESCO are too fragmented to be included in a global [&hellip;]","og_url":"https:\/\/www.sorosoro.org\/en\/maku-languages\/","og_site_name":"Sorosoro","article_modified_time":"2010-04-26T10:55:53+00:00","twitter_card":"summary_large_image","twitter_misc":{"Est. reading time":"2 minutes"},"schema":{"@context":"https:\/\/schema.org","@graph":[{"@type":"WebPage","@id":"https:\/\/www.sorosoro.org\/en\/maku-languages\/","url":"https:\/\/www.sorosoro.org\/en\/maku-languages\/","name":"Mak\u00fa language family - Sorosoro","isPartOf":{"@id":"https:\/\/www.sorosoro.org\/en\/#website"},"datePublished":"2009-11-10T19:57:02+00:00","dateModified":"2010-04-26T10:55:53+00:00","breadcrumb":{"@id":"https:\/\/www.sorosoro.org\/en\/maku-languages\/#breadcrumb"},"inLanguage":"en-US","potentialAction":[{"@type":"ReadAction","target":["https:\/\/www.sorosoro.org\/en\/maku-languages\/"]}]},{"@type":"BreadcrumbList","@id":"https:\/\/www.sorosoro.org\/en\/maku-languages\/#breadcrumb","itemListElement":[{"@type":"ListItem","position":1,"name":"Accueil","item":"https:\/\/www.sorosoro.org\/en\/"},{"@type":"ListItem","position":2,"name":"Mak\u00fa language family"}]},{"@type":"WebSite","@id":"https:\/\/www.sorosoro.org\/en\/#website","url":"https:\/\/www.sorosoro.org\/en\/","name":"Sorosoro","description":"Pour que vivent les langues du monde !","potentialAction":[{"@type":"SearchAction","target":{"@type":"EntryPoint","urlTemplate":"https:\/\/www.sorosoro.org\/en\/?s={search_term_string}"},"query-input":{"@type":"PropertyValueSpecification","valueRequired":true,"valueName":"search_term_string"}}],"inLanguage":"en-US"}]}},"_links":{"self":[{"href":"https:\/\/www.sorosoro.org\/en\/wp-json\/wp\/v2\/pages\/5462","targetHints":{"allow":["GET"]}}],"collection":[{"href":"https:\/\/www.sorosoro.org\/en\/wp-json\/wp\/v2\/pages"}],"about":[{"href":"https:\/\/www.sorosoro.org\/en\/wp-json\/wp\/v2\/types\/page"}],"author":[{"embeddable":true,"href":"https:\/\/www.sorosoro.org\/en\/wp-json\/wp\/v2\/users\/2"}],"replies":[{"embeddable":true,"href":"https:\/\/www.sorosoro.org\/en\/wp-json\/wp\/v2\/comments?post=5462"}],"version-history":[{"count":0,"href":"https:\/\/www.sorosoro.org\/en\/wp-json\/wp\/v2\/pages\/5462\/revisions"}],"wp:attachment":[{"href":"https:\/\/www.sorosoro.org\/en\/wp-json\/wp\/v2\/media?parent=5462"}],"curies":[{"name":"wp","href":"https:\/\/api.w.org\/{rel}","templated":true}]}}