{"id":5353,"date":"2009-11-10T19:20:23","date_gmt":"2009-11-10T18:20:23","guid":{"rendered":"http:\/\/www.sorosoro.org\/?page_id=5353"},"modified":"2010-02-09T16:34:03","modified_gmt":"2010-02-09T15:34:03","slug":"choco-languages","status":"publish","type":"page","link":"https:\/\/www.sorosoro.org\/en\/choco-languages\/","title":{"rendered":"Choco languages"},"content":{"rendered":"<p><em>Page revised by Daniel Aguirre, 2009.<\/em><\/p>\n<h4><strong>Data about Choco languages<\/strong><\/h4>\n<p><strong><span style=\"text-decoration: underline;\"> <\/span><\/strong><\/p>\n<h5><strong>Where are Choco languages&#8217; spoken? <\/strong><\/h5>\n<p>These languages are spoken in Panama, Ecuador and the greatest number of speakers in western Colombia.<\/p>\n<h5><strong>Number of speakers (valuation)\u00a0:<\/strong><\/h5>\n<p><strong> <\/strong><\/p>\n<p>About 120 000 according to UNESCO<\/p>\n<p>About 66 000 according to ethnologue.com (SIL).<\/p>\n<p>Around 60.000 according to Centro Colombiano de Estudios de Lenguas Aborigenes \u2013CCELA, of the Universidad de los Andes, Bogota, Colombia.<\/p>\n<h5><strong>Classification<\/strong><\/h5>\n<p><strong> <\/strong><\/p>\n<p>According to Pardo Mauricio and Aguirre Daniel\u00a0 the Choco Family is made up of two languages: Wounan and Embera. Wounan (with at the most two close dialects, corresponding to the two largest settlements in Colombia \u2013see Choco Languages, at the end of this paper-) has a pretty much homogeneous talk; Embera can be divided in 5 dialects in Colombia, some of them now mutually unintelligible.<\/p>\n<p><strong> <\/strong><\/p>\n<p><strong>Noanam\u00e1 <\/strong>(other name\u00a0: <em>waunana<\/em>)\u00a0: 11\u00a0000 speakers according to UNESCO and\u00a0 6.000 according to Aguirre<\/p>\n<p><strong>Ember\u00e1<\/strong> 110\u00a0000 speakers according to UNESCO and 60\u00a0000 according to SIL for the whole group.<\/p>\n<p>5 isoglosses accordin Pardo-Aguirre<\/p>\n<ol>\n<li><em>Atrato, Upper Baudo, Panama<\/em><\/li>\n<li><em>Northern Antioquia, Cordoba<\/em><\/li>\n<li><em>Upper San Juan<\/em><\/li>\n<li><em>Mid Baudo<\/em><\/li>\n<li><em>South Coast<\/em><\/li>\n<\/ol>\n<h5><strong>Comments on the Choco&#8217;s languages&#8217; classification:<\/strong><\/h5>\n<p><strong> <\/strong><\/p>\n<p>We follow Aguirre &amp; Pardo&#8217;s classification (1987).<\/p>\n<p>Choco languages have been compared with Chibchan \u00a0and Paez languages but this comparison is only an \u00a0hypothesis for the moment.<\/p>\n<p>Recently the Choco Family has been classified as an independent family (Pardo-Aguirre), contrary to Rivet Paul and other linguist\u2019s classification as a Caribean language.<\/p>\n<h5><strong>Are the Choco languages endangered?<\/strong><\/h5>\n<p><strong> <\/strong><\/p>\n<p>The Choco languages are endangered, but the lack of data about its speakers makes it difficult to have a precise valuation on their vitality&#8217;s degree.<\/p>\n<p>They are endangered even with the apparently large number in some locations owe to the present situation of discrimination, migration and generalized violence in the country.<\/p>\n<h4><strong>Ethnographic elements:<\/strong><\/h4>\n<p><strong> <\/strong><\/p>\n<h5><strong>How did Choco speakers live before colonization\u00a0?<\/strong><\/h5>\n<p><strong> <\/strong><\/p>\n<p>Before colonization, the Ember\u00e1s and the Noanam\u00e1s lived in high altitude tropical forests of Panama&#8217;s isthmus, one of the most humid region on earth. They lived in a territory going from Costa Rice to the North of Colombia. They were semi-nomads, they were hunters and fishermen and they had a slash and burn agriculture on a small scale.<\/p>\n<p>Each community represented an autonomous political entity, a chief (the <em>Noko) <\/em>and a shaman (the <em>Aibana)<\/em> shared the power of the community.<\/p>\n<h5><strong>How did they live after\u00a0 independence?<\/strong><\/h5>\n<p><strong><span style=\"text-decoration: underline;\"> <\/span><\/strong><\/p>\n<p>They remained isolated and preserved from colonization for a long time and then Panama&#8217;s and Colombia\u2019s industrial and social development disrupted Embera&#8217;s and Noanama&#8217;s environment which has radically changed since the 70&#8217;s.<\/p>\n<p>The Pan-American expressway&#8217;s layout, a project that was abandoned since then, cuts their traditional territory in two. This construction had huge consequences: poor farmers attracted by the project came to the region to exploit new lands and started a terrific deforestation. The construction of two hydro-electric dams was also a factor of change.<\/p>\n<p>The Emberas and the Noanamas became allied in the 80&#8217;s to start an armed struggle against their government for the defense of their rights and of their territory. Their political organization was recognized and they obtained a semi-autonomous territory (a \u00ab\u00a0comarca\u00a0\u00bb).<\/p>\n<p>An elected regional chief is now at the head of their organization and the decisions have to be discussed and voted. In 1998, the Noanamas formed a independent political organization as they considered that they were systematically in a minority in the previous organization.<\/p>\n<h5><strong>How do they live today\u00a0?<\/strong><\/h5>\n<p><strong> <\/strong><\/p>\n<p>Faced with radical and sudden changes in their environment, the Choco populations had to transform their way of life and their traditional organization. These populations are the poorest in the country. Their territory has been mainly reduced and they don&#8217;t have title deeds to exploit the lands and modern capitalism is a huge obstacle for them.<\/p>\n<p>Many young people leave their villages to earn more in the cities, but they rarely succeed. Their cultures are endangered even though some projects have been developed within the communities, as tourism and arts and crafts.<\/p>\n<h4><strong> <\/strong><\/h4>\n<h4><strong>Linguistic details :<\/strong><\/h4>\n<p><strong><span style=\"text-decoration: underline;\"> <\/span><\/strong><\/p>\n<p>This point will be developed later.<\/p>\n<h4><strong>Sources:<\/strong><\/h4>\n<p><strong><span style=\"text-decoration: underline;\"> <\/span><\/strong><\/p>\n<p>Campbell, Lyle (1997). <em>American Indian languages: the historical linguistics of Native America<\/em>. Oxford: Oxford University Press.<\/p>\n<p>Aguirre Daniel (2006) <em>&#8220;Choco languages&#8221;<\/em>. In <strong>THE<\/strong> <strong>ENCYCLOPEDIA OF LANGUAGE AND LINGUISTICS<\/strong>, Second Edition. Volume 2. Elsevier Ltd. Editor-in-chief Keith Brown. England. pp. 367-381.<\/p>\n<p>Aguirre Daniel &amp; Pardo Mauricio (1987) <em>&#8220;Dialectolog\u00eda Choc\u00f3&#8221;<\/em>.In <strong>ESTADO ACTUAL DE LA CLASIFICACI\u00d3N DE LAS LENGUAS IND\u00cdGENAS DE COLOMBIA.<\/strong> Ponencias presentadas en el Seminario Taller, realizado en el Instituto Caro y Cuervo. Febrero 10-12 de 1987. Compilaci\u00f3n y Edici\u00f3n de M. L. Rodr\u00edguez de Montes. Instituto Caro y Cuervo. Bogot\u00e1. 1993. pp. 269-312<\/p>\n","protected":false},"excerpt":{"rendered":"<p>Page revised by Daniel Aguirre, 2009. Data about Choco languages Where are Choco languages&#8217; spoken? These languages are spoken in Panama, Ecuador and the greatest number of speakers in western Colombia. Number of speakers (valuation)\u00a0: About 120 000 according to UNESCO About 66 000 according to ethnologue.com (SIL). Around 60.000 according to Centro Colombiano de [&hellip;]<\/p>\n","protected":false},"author":2,"featured_media":0,"parent":0,"menu_order":0,"comment_status":"closed","ping_status":"open","template":"","meta":{"footnotes":""},"class_list":["post-5353","page","type-page","status-publish","hentry"],"yoast_head":"<!-- This site is optimized with the Yoast SEO plugin v27.0 - https:\/\/yoast.com\/product\/yoast-seo-wordpress\/ -->\n<title>Choco languages - Sorosoro<\/title>\n<meta name=\"robots\" content=\"index, follow, max-snippet:-1, max-image-preview:large, max-video-preview:-1\" \/>\n<link rel=\"canonical\" href=\"https:\/\/www.sorosoro.org\/en\/choco-languages\/\" \/>\n<meta property=\"og:locale\" content=\"en_US\" \/>\n<meta property=\"og:type\" content=\"article\" \/>\n<meta property=\"og:title\" content=\"Choco languages - Sorosoro\" \/>\n<meta property=\"og:description\" content=\"Page revised by Daniel Aguirre, 2009. Data about Choco languages Where are Choco languages&#8217; spoken? These languages are spoken in Panama, Ecuador and the greatest number of speakers in western Colombia. Number of speakers (valuation)\u00a0: About 120 000 according to UNESCO About 66 000 according to ethnologue.com (SIL). Around 60.000 according to Centro Colombiano de [&hellip;]\" \/>\n<meta property=\"og:url\" content=\"https:\/\/www.sorosoro.org\/en\/choco-languages\/\" \/>\n<meta property=\"og:site_name\" content=\"Sorosoro\" \/>\n<meta property=\"article:modified_time\" content=\"2010-02-09T15:34:03+00:00\" \/>\n<meta name=\"twitter:card\" content=\"summary_large_image\" \/>\n<meta name=\"twitter:label1\" content=\"Est. reading time\" \/>\n\t<meta name=\"twitter:data1\" content=\"4 minutes\" \/>\n<script type=\"application\/ld+json\" class=\"yoast-schema-graph\">{\"@context\":\"https:\/\/schema.org\",\"@graph\":[{\"@type\":\"WebPage\",\"@id\":\"https:\/\/www.sorosoro.org\/en\/choco-languages\/\",\"url\":\"https:\/\/www.sorosoro.org\/en\/choco-languages\/\",\"name\":\"Choco languages - Sorosoro\",\"isPartOf\":{\"@id\":\"https:\/\/www.sorosoro.org\/en\/#website\"},\"datePublished\":\"2009-11-10T18:20:23+00:00\",\"dateModified\":\"2010-02-09T15:34:03+00:00\",\"breadcrumb\":{\"@id\":\"https:\/\/www.sorosoro.org\/en\/choco-languages\/#breadcrumb\"},\"inLanguage\":\"en-US\",\"potentialAction\":[{\"@type\":\"ReadAction\",\"target\":[\"https:\/\/www.sorosoro.org\/en\/choco-languages\/\"]}]},{\"@type\":\"BreadcrumbList\",\"@id\":\"https:\/\/www.sorosoro.org\/en\/choco-languages\/#breadcrumb\",\"itemListElement\":[{\"@type\":\"ListItem\",\"position\":1,\"name\":\"Accueil\",\"item\":\"https:\/\/www.sorosoro.org\/en\/\"},{\"@type\":\"ListItem\",\"position\":2,\"name\":\"Choco languages\"}]},{\"@type\":\"WebSite\",\"@id\":\"https:\/\/www.sorosoro.org\/en\/#website\",\"url\":\"https:\/\/www.sorosoro.org\/en\/\",\"name\":\"Sorosoro\",\"description\":\"Pour que vivent les langues du monde !\",\"potentialAction\":[{\"@type\":\"SearchAction\",\"target\":{\"@type\":\"EntryPoint\",\"urlTemplate\":\"https:\/\/www.sorosoro.org\/en\/?s={search_term_string}\"},\"query-input\":{\"@type\":\"PropertyValueSpecification\",\"valueRequired\":true,\"valueName\":\"search_term_string\"}}],\"inLanguage\":\"en-US\"}]}<\/script>\n<!-- \/ Yoast SEO plugin. -->","yoast_head_json":{"title":"Choco languages - Sorosoro","robots":{"index":"index","follow":"follow","max-snippet":"max-snippet:-1","max-image-preview":"max-image-preview:large","max-video-preview":"max-video-preview:-1"},"canonical":"https:\/\/www.sorosoro.org\/en\/choco-languages\/","og_locale":"en_US","og_type":"article","og_title":"Choco languages - Sorosoro","og_description":"Page revised by Daniel Aguirre, 2009. Data about Choco languages Where are Choco languages&#8217; spoken? These languages are spoken in Panama, Ecuador and the greatest number of speakers in western Colombia. Number of speakers (valuation)\u00a0: About 120 000 according to UNESCO About 66 000 according to ethnologue.com (SIL). Around 60.000 according to Centro Colombiano de [&hellip;]","og_url":"https:\/\/www.sorosoro.org\/en\/choco-languages\/","og_site_name":"Sorosoro","article_modified_time":"2010-02-09T15:34:03+00:00","twitter_card":"summary_large_image","twitter_misc":{"Est. reading time":"4 minutes"},"schema":{"@context":"https:\/\/schema.org","@graph":[{"@type":"WebPage","@id":"https:\/\/www.sorosoro.org\/en\/choco-languages\/","url":"https:\/\/www.sorosoro.org\/en\/choco-languages\/","name":"Choco languages - Sorosoro","isPartOf":{"@id":"https:\/\/www.sorosoro.org\/en\/#website"},"datePublished":"2009-11-10T18:20:23+00:00","dateModified":"2010-02-09T15:34:03+00:00","breadcrumb":{"@id":"https:\/\/www.sorosoro.org\/en\/choco-languages\/#breadcrumb"},"inLanguage":"en-US","potentialAction":[{"@type":"ReadAction","target":["https:\/\/www.sorosoro.org\/en\/choco-languages\/"]}]},{"@type":"BreadcrumbList","@id":"https:\/\/www.sorosoro.org\/en\/choco-languages\/#breadcrumb","itemListElement":[{"@type":"ListItem","position":1,"name":"Accueil","item":"https:\/\/www.sorosoro.org\/en\/"},{"@type":"ListItem","position":2,"name":"Choco languages"}]},{"@type":"WebSite","@id":"https:\/\/www.sorosoro.org\/en\/#website","url":"https:\/\/www.sorosoro.org\/en\/","name":"Sorosoro","description":"Pour que vivent les langues du monde !","potentialAction":[{"@type":"SearchAction","target":{"@type":"EntryPoint","urlTemplate":"https:\/\/www.sorosoro.org\/en\/?s={search_term_string}"},"query-input":{"@type":"PropertyValueSpecification","valueRequired":true,"valueName":"search_term_string"}}],"inLanguage":"en-US"}]}},"_links":{"self":[{"href":"https:\/\/www.sorosoro.org\/en\/wp-json\/wp\/v2\/pages\/5353","targetHints":{"allow":["GET"]}}],"collection":[{"href":"https:\/\/www.sorosoro.org\/en\/wp-json\/wp\/v2\/pages"}],"about":[{"href":"https:\/\/www.sorosoro.org\/en\/wp-json\/wp\/v2\/types\/page"}],"author":[{"embeddable":true,"href":"https:\/\/www.sorosoro.org\/en\/wp-json\/wp\/v2\/users\/2"}],"replies":[{"embeddable":true,"href":"https:\/\/www.sorosoro.org\/en\/wp-json\/wp\/v2\/comments?post=5353"}],"version-history":[{"count":0,"href":"https:\/\/www.sorosoro.org\/en\/wp-json\/wp\/v2\/pages\/5353\/revisions"}],"wp:attachment":[{"href":"https:\/\/www.sorosoro.org\/en\/wp-json\/wp\/v2\/media?parent=5353"}],"curies":[{"name":"wp","href":"https:\/\/api.w.org\/{rel}","templated":true}]}}