{"id":5300,"date":"2009-11-10T18:51:08","date_gmt":"2009-11-10T17:51:08","guid":{"rendered":"http:\/\/www.sorosoro.org\/?page_id=5300"},"modified":"2011-09-05T11:20:34","modified_gmt":"2011-09-05T09:20:34","slug":"afro-asiatic-languages","status":"publish","type":"page","link":"https:\/\/www.sorosoro.org\/en\/afro-asiatic-languages\/","title":{"rendered":"Afro-Asiatic Languages"},"content":{"rendered":"<h4 style=\"text-align: justify;\"><strong>Information concerning Afro-Asiatic Languages<\/strong><\/h4>\n<h5 style=\"text-align: justify;\">Where are Afro-Asiatic languages spoken?<\/h5>\n<p style=\"text-align: justify;\">These languages are spoken in a vast trans-continental geographical area.<\/p>\n<p style=\"text-align: justify;\">In Africa, they are spoken across the North of the continent, from Ethiopia in the East to Mauritania in the West. They can also be found in all of the Near East, and even within the European Community, Maltese being a variant of Arabic, which belongs to this group.<\/p>\n<p style=\"text-align: justify;\">Map of Afro-Asiatic languages on the website of the Universit\u00e9 Laval:<\/p>\n<p style=\"text-align: justify;\"><a href=\"http:\/\/www.tlfq.ulaval.ca\/axl\/monde\/images\/Afro-Asiatic2.gif\" target=\"_blank\"> http:\/\/www.tlfq.ulaval.ca\/axl\/monde\/images\/Afro-Asiatic2.gif<\/a><\/p>\n<p style=\"text-align: justify;\">Website of the Paris Anthropology Society, devoted to the birthplace of Afro-Asiatic languages: <a href=\"http:\/\/bmsap.revues.org\/document564.html#tocto2\" target=\"_blank\">http:\/\/bmsap.revues.org\/document564.html#tocto2<\/a><\/p>\n<h5 style=\"text-align: justify;\">Total number of speakers (estimates)<\/h5>\n<p style=\"text-align: justify;\">Approximately 350 000 000 according to SIL.<\/p>\n<h5 style=\"text-align: justify;\">Classification<\/h5>\n<p style=\"text-align: justify;\">According to SIL, there are 375 languages in the Afro-Asian group.<\/p>\n<p style=\"text-align: justify;\">Afro- Asiatic Class Simpl EN<\/p>\n<p style=\"text-align: justify;\"><span style=\"text-decoration: underline;\">Omotic Languages<\/span><\/p>\n<p style=\"padding-left: 30px; text-align: justify;\">South Omotic Languages<\/p>\n<p style=\"padding-left: 90px; text-align: justify;\"><strong>Hammer-Banna, Aari, Dime, Karo<\/strong><\/p>\n<p style=\"padding-left: 30px; text-align: justify;\">Mao Languages<\/p>\n<p style=\"padding-left: 90px; text-align: justify;\"><strong>Bambassi, Ganza, Hozo, Seze.<\/strong><\/p>\n<p style=\"text-align: justify;\"><span style=\"text-decoration: underline;\">North Omotic Languages<\/span><\/p>\n<p style=\"padding-left: 30px; text-align: justify;\">Dizoid Languages<\/p>\n<p style=\"padding-left: 90px; text-align: justify;\"><strong>Dizi, Nayi, Sheko<\/strong><\/p>\n<p style=\"padding-left: 30px; text-align: justify;\">Ta-Ne Languages<\/p>\n<p style=\"padding-left: 90px; text-align: justify;\"><strong>Anfillo, Borna, Kafa (ou Kefa), Shekkacho, Yemsa, Bench, Chara, Maale, Basketo, Wolaytta (ou Ometo, Oyda (ou Oyta, Dorze, Melo (ou Malo), Gamo-Gofa-Dawro, Kachama-Ganjule, Koorete, Zaysete.<\/strong><\/p>\n<p style=\"text-align: justify;\"><span style=\"text-decoration: underline;\">Chadic Languages<\/span><\/p>\n<p style=\"padding-left: 30px; text-align: justify;\">West-Chadic Languages<\/p>\n<p style=\"padding-left: 30px; text-align: justify;\">West-Chadic A<\/p>\n<p style=\"padding-left: 90px; text-align: justify;\"><strong>Gwandara, Hausa, Beele, Bole, Deno, Galambu, Gera, Geruma, Giiwo, Kholok, Kubi, Maaka, Ngamo, Nyam, Karekare, Bure, Dera, Kushi, Kutto, Kwaami, Pero, Piya-Kwonci, Tangale, Cakfem-Mushere, Jorto, Kofyar, Miship, Mwaghavul, Ngas, Goemai, Koenoem, Montol , Pyapun, Tal, Iwom (ou Gerka), Fyer, Tambas, Duhwa, Kulere, Mundat, Ron, Sha, Daza.<\/strong><\/p>\n<p style=\"padding-left: 30px; text-align: justify;\">West Chadic B<\/p>\n<p style=\"padding-left: 90px; text-align: justify;\"><strong>Bade, Ngizim, Teshenawa, Duwai, Auyokawa, Ajawa, Ciwogai, Diri, Kariya, Mburku, Miya, Pa\u2019a, Siri , Warji , Zumbun, Boghom , Kir-Balar, Mangas, Guruntum-Mbaaru, Ju , Tala, Zangwal, Geji, Polci, Saya, Zari, Zeem, Jimi, Dass,<\/strong><\/p>\n<p style=\"padding-left: 30px; text-align: justify;\">Chadic isolate :<\/p>\n<p style=\"padding-left: 90px; text-align: justify;\"><strong>Luri<\/strong><\/p>\n<p style=\"padding-left: 30px; text-align: justify;\">Central Chadic Languages ou Biu-Mandara<\/p>\n<p style=\"padding-left: 30px; text-align: justify;\">Biu-Mandara A<\/p>\n<p style=\"padding-left: 90px; text-align: justify;\"><strong>Jara, Tera, Boga, Ga\u2019anda, Hwana, Bura-Pabir, Cibak, Kofa, Putai, Huba, Marghi Central, Marghi South, Nggwahyi, Bana, Hay, Kamwe, Psikye, Hdi, Lamang, Vemgo-Mabas, Cineni, Dghwede\u00b8 Glavda,  Guduf-Gava, Gvoko, Wandala (ou Mandara), Parkwa (ou Podoko), Baldemu, Cuvok, Dugwor, North Giziga, South Giziga, Mada, Mafa, Matal, Mbuko, Mefele, Merey, North Mofu, Mofu-Gudur, Moloko, Muyang, Vame, Wuzlam, Zulgo-Gemzek, Sukur, Buwal, Daba, Gavar, Mazagway, Mbedam, Mina, Bacama, Bata, Fali, Gude, Gudu, Holma, Jimi, Ngwaba, Nzanyi, Sharwa, Tsuvan, Zizilivakan<\/strong><\/p>\n<p style=\"padding-left: 30px; text-align: justify;\">Biu-Mandara B<\/p>\n<p style=\"padding-left: 90px; text-align: justify;\"><strong>Afade, Malgbe, Maslam, Mpade, Lagwan, Mser, Jina, Majera, \tBuduma, Jilbe, Mbara, Musgu, Muskum, Gidar<\/strong>.<\/p>\n<p style=\"padding-left: 30px; text-align: justify;\">East Chadic Languages<\/p>\n<p style=\"padding-left: 30px; text-align: justify;\">East Chadic A<\/p>\n<p style=\"padding-left: 90px; text-align: justify;\"><strong>Mire, Ndam, Somrai, Tumak, Boor, Gadang, Miltu, Sarua, Buso, Kimr\u00e9, Lele, Nancere, Gabri, Kabalai, Tobanga, Kera, Kwang<\/strong>.<\/p>\n<p style=\"padding-left: 30px; text-align: justify;\">East Chadic B<\/p>\n<p style=\"padding-left: 90px; text-align: justify;\"><strong>Bidiyo, Dangal\u00e9at, Jonkor Bourmataguil, Mabire, Mawa, Migaama, Mogum, Ubi, Birgit, Kajakse, Masmaje, Mubi, Toram, Zirenkel, Kujarg\u00e9, Mukulu, Barein, Saba, Sokoro, Tamki,<\/strong><\/p>\n<p style=\"padding-left: 30px; text-align: justify;\">Masa Languages<\/p>\n<p style=\"padding-left: 90px; text-align: justify;\"><strong>Herd\u00e9, Marba, , Masana, Mesme, Musey, Ngete, P\u00e9v\u00e9, Zumaya<\/strong><\/p>\n<p style=\"text-align: justify;\"><span style=\"text-decoration: underline;\">Cushitic languages<\/span><\/p>\n<p style=\"padding-left: 30px; text-align: justify;\">Cushitic isoalate:<\/p>\n<p style=\"padding-left: 90px; text-align: justify;\"><strong>Beja<\/strong><\/p>\n<p style=\"padding-left: 30px; text-align: justify;\">Central Cushitic ou Agaw<\/p>\n<p style=\"padding-left: 90px; text-align: justify;\"><strong>Xamtanga, Bilen, Awngi, Qimant<\/strong><\/p>\n<p style=\"padding-left: 30px; text-align: justify;\">Highland East Cushitic<\/p>\n<p style=\"padding-left: 90px; text-align: justify;\"><strong>Alaba-K\u2019abeena, Burji, Gedeo, Hadiyya, Kambaata, Libido, Sidamo<\/strong><\/p>\n<p style=\"padding-left: 30px; text-align: justify;\">Dullay<\/p>\n<p style=\"padding-left: 90px; text-align: justify;\"><strong>Bussa, Gawwada, Tsamai<\/strong><\/p>\n<p style=\"padding-left: 30px; text-align: justify;\">Yaaku<\/p>\n<p style=\"padding-left: 90px; text-align: justify;\"><strong>Yaaku<\/strong><\/p>\n<p style=\"padding-left: 30px; text-align: justify;\">Lowland East Cushitic<\/p>\n<p style=\"padding-left: 90px; text-align: justify;\"><strong>Afar, Saho, Oromo, Aweer, Rendille, Dabarre, Garre, Jiiddu, Maay, Somali, Tunni, Baiso, Arbore, Baiso, Daasanach, El Molo, Dirasha, Konso, Boon, Yaaku, Bedawiyet<\/strong><\/p>\n<p style=\"padding-left: 30px; text-align: justify;\">South Cushitic<\/p>\n<p style=\"padding-left: 90px; text-align: justify;\"><strong>Aas\u00e1x, Alagwa, Burunge, Dahalo, Gorowa, Iraqw, Kw\u2019adza<\/strong><\/p>\n<p style=\"text-align: justify;\"><span style=\"text-decoration: underline;\"><a href=\"https:\/\/www.sorosoro.org\/en\/tamazight\">Tamazight (Berber languages)<br \/>\n<\/a><\/span><\/p>\n<p style=\"padding-left: 30px; text-align: justify;\">Berber isolates:<\/p>\n<p style=\"padding-left: 90px; text-align: justify;\"><strong>Guanche* (extinct), Zenaga<\/strong><\/p>\n<p style=\"padding-left: 30px; text-align: justify;\">Eastern Berber Languages<\/p>\n<p style=\"padding-left: 90px; text-align: justify;\"><strong>Siwa, Awjila, Sawknah<\/strong><\/p>\n<p style=\"padding-left: 30px; text-align: justify;\">Northern Berber Languages<\/p>\n<p style=\"text-align: justify; padding-left: 60px;\">Zenati Languages<\/p>\n<p style=\"padding-left: 150px; text-align: justify;\"><strong>Ghadam\u00e8s, Sened, Nafusi, Ghomara, Tagargrent, Temacine Tamazight, Taznatit, Tumzabt, Srair Senhaja, Tarifit, Tachawit, Tidikelt Tamazight, Kabyle, Chenoua.<\/strong><\/p>\n<p style=\"text-align: justify; padding-left: 30px;\">Atlas Languages<\/p>\n<p style=\"padding-left: 90px; text-align: justify;\"><strong>Judeo-Berber, Tachelhit, Central Atlas Tamazight<\/strong><\/p>\n<p style=\"text-align: justify; padding-left: 30px;\">Tamasheq Languages<\/p>\n<p style=\"padding-left: 90px; text-align: justify;\"><strong>Tahaggart Tamahaq, Tawallammat   Tamajaq, Tayart Tamajeq, Tamasheq<\/strong><\/p>\n<p style=\"text-align: justify;\"><span style=\"text-decoration: underline;\">Semitic Languages<\/span><\/p>\n<p style=\"text-align: justify;\">East Semitic Languages  (extinct)<\/p>\n<p style=\"text-align: justify;\">West Semitic Languages<\/p>\n<p style=\"text-align: justify;\">North West Semitic<\/p>\n<p style=\"padding-left: 90px; text-align: justify;\"><strong>Amorite*(extinct), Ugaritic*(extinct), Hebrew, Ammonite* (extinct), Moabite*(extinct), Edomite*(extinct), Phoenician*(extinct)<\/strong><\/p>\n<p style=\"text-align: justify;\"><a href=\"https:\/\/www.sorosoro.org\/en\/modern-aramaic-languages\">Aramaic Languages<\/a><\/p>\n<p style=\"padding-left: 90px; text-align: justify;\"><strong>Ma\u2019loula, <a href=\"https:\/\/www.sorosoro.org\/en\/sureth\">Sureth<\/a> <\/strong>(or <strong>Assyrian Neo-Aramaic<\/strong>), <a href=\"https:\/\/www.sorosoro.org\/en\/turoyo\"><strong>Turoyo<\/strong><\/a>, <a href=\"https:\/\/www.sorosoro.org\/en\/modern-mandaic\"><strong>Neo-Mandaic <\/strong><\/a>(or <strong>Ratna<\/strong>).<\/p>\n<p style=\"text-align: justify;\">Arabic<\/p>\n<p style=\"padding-left: 90px; text-align: justify;\"><strong>Standard Arabic, Arabic (dialectal continuum), Maltese<\/strong>.<\/p>\n<p style=\"text-align: justify;\">South-Semitic Languages<\/p>\n<p style=\"text-align: justify;\">Western South Semitic<\/p>\n<p style=\"padding-left: 90px; text-align: justify;\"><strong>Old South Arabian (extinct), Geez, Tigr\u00e9, Tigrigna, Dahlik, \tGafat, Kistane, Inor, Mesmes, Mesqan, Sebat Bet Gurage, Amharic, Argobba, Harari, Silt\u2019e, Wolane, Zay.<\/strong><\/p>\n<p style=\"text-align: justify;\">Eastern South Semitic<\/p>\n<p style=\"padding-left: 90px; text-align: justify;\"><strong>Bathari, Harsusi, Hoby\u00f3t, Mehri, Shehri, Soqotri<\/strong><\/p>\n<h5 style=\"text-align: justify;\">Comments on the classification of Afro-Asiatic languages:<\/h5>\n<p style=\"text-align: justify;\">We have based our classification on the work of Bender (2000).<\/p>\n<p style=\"text-align: justify;\"><span style=\"text-decoration: underline;\">Classification in 6 branches of the Afroasiatic family<\/span><\/p>\n<p style=\"text-align: justify;\">Traditionally, scientists consider that there are 6 branches in the group of Afro-Asian languages: Omotic languages, Chadic languages, Cushitic languages, Berber languages, Semitic languages and Egyptian languages.<\/p>\n<p style=\"text-align: justify;\">On the other hand, all Egyptian languages being extinct, we have not taken into consideration this branch, even if the Coptic language, which belongs to it, is sometimes still used during religious ceremonies (just as Latin in Indo-European languages).<\/p>\n<p style=\"text-align: justify;\">It should be noted, however, that classifications may differ depending on the sources: certain linguists (Newmann and Dakonoff) do not include Omotic languages in the Afro-Asiatic group, for example.<\/p>\n<p style=\"text-align: justify;\"><span style=\"text-decoration: underline;\">Semitic Languages<\/span><\/p>\n<p style=\"text-align: justify;\">The issue of Arabic languages or dialects is a complex one. Generally, linguists acknowledge a dialectical continuum, spoken by 280 000 000 people, on a very large geographical area which goes from North-West Africa to the Middle East. The geographically most distant variants are only rarely mutually intelligible, and certain classifications consider they are independent languages.<\/p>\n<p style=\"text-align: justify;\">We have decided to retain \u201cliterary\u201d Arabic (which is generally the common standardised version and the official language of Arabic-speaking languages) and dialectical Arabic (as a group of dialects). The case of Maltese is more complex, official language, sometimes considered as a distant Arabic dialect, sometimes argued to be an Arabic based Creole, we classified it apart.<\/p>\n<p style=\"text-align: justify;\">Modern Hebrew is a standardised form of a Hebrew group comprising a dozen of variants, sometimes considered as independent languages.<\/p>\n<p style=\"text-align: justify;\">Dahlik is an only recently discovered and classified language within the Ethiopian languages (sub-group of Southern Semitic languages).<\/p>\n<p style=\"text-align: justify;\"><a href=\"http:\/\/llacan.vjf.cnrs.fr\/fichiers\/Senelle\/Dahalik_shaebia05.pdf\" target=\"_blank\">http:\/\/llacan.vjf.cnrs.fr\/fichiers\/Senelle\/Dahalik_shaebia05.pdf<\/a><\/p>\n<h5 style=\"text-align: justify;\">Which Afro-Asiatic languages are endangered?<\/h5>\n<p style=\"text-align: justify;\">It is likely that a large number of these languages are endangered, but we do not have, for now, precise estimates concerning the vitality of these languages. Many languages from this group are extinct: it is the case of all Egyptian languages and the Semitic languages of the East.<\/p>\n<p style=\"text-align: justify;\">This section will be developed subsequently.<\/p>\n<p style=\"text-align: justify;\"><span style=\"text-decoration: underline;\">Ethnographic elements<\/span><\/p>\n<p style=\"text-align: justify;\">This section will be developed subsequently.<\/p>\n<p style=\"text-align: justify;\"><span style=\"text-decoration: underline;\">Linguistic details<\/span><\/p>\n<p style=\"text-align: justify;\">This section will be developed subsequently.<\/p>\n<h5 style=\"text-align: justify;\">Sources<\/h5>\n<p style=\"text-align: justify;\"><em>African Languages<\/em> &#8211; <em>An Introduction<\/em>, Bernd Heine and Derek Nurse (eds), Cambridge University Press (2000)<\/p>\n<p style=\"text-align: justify;\">Bender, M. Lionel. 2000. <em>Comparative Morphology of the Omotic Languages<\/em>. Munich: LINCOM. Classification copied in Raymond G. Gordon, Jr, ed. 2005. <em>Ethnologue: Languages of the World<\/em>. 15th edition. Dallas: Summer Institute of Linguistics.<\/p>\n<p style=\"text-align: justify;\">Hayward, Richard J. 2003. Omotic: the &#8220;empty quarter&#8221; of Afroasiatic linguistics. In <em>Research in Afroasiatic <\/em><em>Grammar II: selected papers from the fifth conference on Afroasiatic language<\/em>s, Paris 2000, Jacqueline Lecarme (ed.) pp. 241-261. Amsterdam: John Benjamins<\/p>\n","protected":false},"excerpt":{"rendered":"<p>Information concerning Afro-Asiatic Languages Where are Afro-Asiatic languages spoken? These languages are spoken in a vast trans-continental geographical area. In Africa, they are spoken across the North of the continent, from Ethiopia in the East to Mauritania in the West. They can also be found in all of the Near East, and even within the [&hellip;]<\/p>\n","protected":false},"author":2,"featured_media":0,"parent":0,"menu_order":0,"comment_status":"closed","ping_status":"open","template":"","meta":{"footnotes":""},"class_list":["post-5300","page","type-page","status-publish","hentry"],"yoast_head":"<!-- This site is optimized with the Yoast SEO plugin v27.0 - https:\/\/yoast.com\/product\/yoast-seo-wordpress\/ -->\n<title>Afro-Asiatic Languages - Sorosoro<\/title>\n<meta name=\"robots\" content=\"index, follow, max-snippet:-1, max-image-preview:large, max-video-preview:-1\" \/>\n<link rel=\"canonical\" href=\"https:\/\/www.sorosoro.org\/en\/afro-asiatic-languages\/\" \/>\n<meta property=\"og:locale\" content=\"en_US\" \/>\n<meta property=\"og:type\" content=\"article\" \/>\n<meta property=\"og:title\" content=\"Afro-Asiatic Languages - Sorosoro\" \/>\n<meta property=\"og:description\" content=\"Information concerning Afro-Asiatic Languages Where are Afro-Asiatic languages spoken? These languages are spoken in a vast trans-continental geographical area. In Africa, they are spoken across the North of the continent, from Ethiopia in the East to Mauritania in the West. They can also be found in all of the Near East, and even within the [&hellip;]\" \/>\n<meta property=\"og:url\" content=\"https:\/\/www.sorosoro.org\/en\/afro-asiatic-languages\/\" \/>\n<meta property=\"og:site_name\" content=\"Sorosoro\" \/>\n<meta property=\"article:modified_time\" content=\"2011-09-05T09:20:34+00:00\" \/>\n<meta name=\"twitter:card\" content=\"summary_large_image\" \/>\n<meta name=\"twitter:label1\" content=\"Est. reading time\" \/>\n\t<meta name=\"twitter:data1\" content=\"5 minutes\" \/>\n<script type=\"application\/ld+json\" class=\"yoast-schema-graph\">{\"@context\":\"https:\/\/schema.org\",\"@graph\":[{\"@type\":\"WebPage\",\"@id\":\"https:\/\/www.sorosoro.org\/en\/afro-asiatic-languages\/\",\"url\":\"https:\/\/www.sorosoro.org\/en\/afro-asiatic-languages\/\",\"name\":\"Afro-Asiatic Languages - Sorosoro\",\"isPartOf\":{\"@id\":\"https:\/\/www.sorosoro.org\/en\/#website\"},\"datePublished\":\"2009-11-10T17:51:08+00:00\",\"dateModified\":\"2011-09-05T09:20:34+00:00\",\"breadcrumb\":{\"@id\":\"https:\/\/www.sorosoro.org\/en\/afro-asiatic-languages\/#breadcrumb\"},\"inLanguage\":\"en-US\",\"potentialAction\":[{\"@type\":\"ReadAction\",\"target\":[\"https:\/\/www.sorosoro.org\/en\/afro-asiatic-languages\/\"]}]},{\"@type\":\"BreadcrumbList\",\"@id\":\"https:\/\/www.sorosoro.org\/en\/afro-asiatic-languages\/#breadcrumb\",\"itemListElement\":[{\"@type\":\"ListItem\",\"position\":1,\"name\":\"Accueil\",\"item\":\"https:\/\/www.sorosoro.org\/en\/\"},{\"@type\":\"ListItem\",\"position\":2,\"name\":\"Afro-Asiatic Languages\"}]},{\"@type\":\"WebSite\",\"@id\":\"https:\/\/www.sorosoro.org\/en\/#website\",\"url\":\"https:\/\/www.sorosoro.org\/en\/\",\"name\":\"Sorosoro\",\"description\":\"Pour que vivent les langues du monde !\",\"potentialAction\":[{\"@type\":\"SearchAction\",\"target\":{\"@type\":\"EntryPoint\",\"urlTemplate\":\"https:\/\/www.sorosoro.org\/en\/?s={search_term_string}\"},\"query-input\":{\"@type\":\"PropertyValueSpecification\",\"valueRequired\":true,\"valueName\":\"search_term_string\"}}],\"inLanguage\":\"en-US\"}]}<\/script>\n<!-- \/ Yoast SEO plugin. -->","yoast_head_json":{"title":"Afro-Asiatic Languages - Sorosoro","robots":{"index":"index","follow":"follow","max-snippet":"max-snippet:-1","max-image-preview":"max-image-preview:large","max-video-preview":"max-video-preview:-1"},"canonical":"https:\/\/www.sorosoro.org\/en\/afro-asiatic-languages\/","og_locale":"en_US","og_type":"article","og_title":"Afro-Asiatic Languages - Sorosoro","og_description":"Information concerning Afro-Asiatic Languages Where are Afro-Asiatic languages spoken? These languages are spoken in a vast trans-continental geographical area. In Africa, they are spoken across the North of the continent, from Ethiopia in the East to Mauritania in the West. They can also be found in all of the Near East, and even within the [&hellip;]","og_url":"https:\/\/www.sorosoro.org\/en\/afro-asiatic-languages\/","og_site_name":"Sorosoro","article_modified_time":"2011-09-05T09:20:34+00:00","twitter_card":"summary_large_image","twitter_misc":{"Est. reading time":"5 minutes"},"schema":{"@context":"https:\/\/schema.org","@graph":[{"@type":"WebPage","@id":"https:\/\/www.sorosoro.org\/en\/afro-asiatic-languages\/","url":"https:\/\/www.sorosoro.org\/en\/afro-asiatic-languages\/","name":"Afro-Asiatic Languages - Sorosoro","isPartOf":{"@id":"https:\/\/www.sorosoro.org\/en\/#website"},"datePublished":"2009-11-10T17:51:08+00:00","dateModified":"2011-09-05T09:20:34+00:00","breadcrumb":{"@id":"https:\/\/www.sorosoro.org\/en\/afro-asiatic-languages\/#breadcrumb"},"inLanguage":"en-US","potentialAction":[{"@type":"ReadAction","target":["https:\/\/www.sorosoro.org\/en\/afro-asiatic-languages\/"]}]},{"@type":"BreadcrumbList","@id":"https:\/\/www.sorosoro.org\/en\/afro-asiatic-languages\/#breadcrumb","itemListElement":[{"@type":"ListItem","position":1,"name":"Accueil","item":"https:\/\/www.sorosoro.org\/en\/"},{"@type":"ListItem","position":2,"name":"Afro-Asiatic Languages"}]},{"@type":"WebSite","@id":"https:\/\/www.sorosoro.org\/en\/#website","url":"https:\/\/www.sorosoro.org\/en\/","name":"Sorosoro","description":"Pour que vivent les langues du monde !","potentialAction":[{"@type":"SearchAction","target":{"@type":"EntryPoint","urlTemplate":"https:\/\/www.sorosoro.org\/en\/?s={search_term_string}"},"query-input":{"@type":"PropertyValueSpecification","valueRequired":true,"valueName":"search_term_string"}}],"inLanguage":"en-US"}]}},"_links":{"self":[{"href":"https:\/\/www.sorosoro.org\/en\/wp-json\/wp\/v2\/pages\/5300","targetHints":{"allow":["GET"]}}],"collection":[{"href":"https:\/\/www.sorosoro.org\/en\/wp-json\/wp\/v2\/pages"}],"about":[{"href":"https:\/\/www.sorosoro.org\/en\/wp-json\/wp\/v2\/types\/page"}],"author":[{"embeddable":true,"href":"https:\/\/www.sorosoro.org\/en\/wp-json\/wp\/v2\/users\/2"}],"replies":[{"embeddable":true,"href":"https:\/\/www.sorosoro.org\/en\/wp-json\/wp\/v2\/comments?post=5300"}],"version-history":[{"count":0,"href":"https:\/\/www.sorosoro.org\/en\/wp-json\/wp\/v2\/pages\/5300\/revisions"}],"wp:attachment":[{"href":"https:\/\/www.sorosoro.org\/en\/wp-json\/wp\/v2\/media?parent=5300"}],"curies":[{"name":"wp","href":"https:\/\/api.w.org\/{rel}","templated":true}]}}