{"id":52765,"date":"2011-07-13T05:10:12","date_gmt":"2011-07-13T03:10:12","guid":{"rendered":"http:\/\/www.sorosoro.org\/?page_id=52765"},"modified":"2011-07-13T05:10:12","modified_gmt":"2011-07-13T03:10:12","slug":"karaja","status":"publish","type":"page","link":"https:\/\/www.sorosoro.org\/en\/karaja\/","title":{"rendered":"Karaj\u00e1"},"content":{"rendered":"<p style=\"text-align: justify;\"><em>Data collected by the UNICEF<\/em><\/p>\n<h5 style=\"text-align: justify;\">Data on the Karaj\u00e1 language<\/h5>\n<p style=\"text-align: justify;\"><strong>Alternate names<\/strong>: Caraiauna, Caraj\u00e1, Xambio\u00e1, Java\u00e9, Yn\u00e3, Iny, Ini.<\/p>\n<p style=\"text-align: justify;\"><em>Although \u201cKaraj\u00e1\u201d is the most widely spread name, it would have a pejorative connotation. \u201cIny\u201d corresponds to the auto-ethnonym of the people.<\/em><\/p>\n<p style=\"text-align: justify;\"><strong>Main dialects<\/strong>: there are three main dialects. One of them is also called Karaj\u00e1, the two others are Xambio\u00e1 and Java\u00e9. A distinction is often made in the Karaj\u00e1 dialect between Northern Karaj\u00e1 and Southern Karaj\u00e1.<\/p>\n<p style=\"text-align: justify;\">These dialects are often considered as full-fledged languages by certain linguists.<\/p>\n<p style=\"text-align: justify;\">As for other Amerindian languages, there is also a difference between the language used by men and the language used by women, although they understand each other perfectly well. These two variations bear phonological and lexical differences.<\/p>\n<p style=\"text-align: justify;\"><strong>Classification<\/strong>: <a href=\"https:\/\/www.sorosoro.org\/en\/macro-je-languages\">Macro-J\u00ea Phylum<\/a>, Karaj\u00e1.<\/p>\n<p style=\"text-align: justify;\">Karaja is included in Rodrigues review (1999), which by the way has been considered as an isolate for a long time, in a \u201cJ\u00ea macro-family\u201d including the J\u00ea languages themselves and other isolated languages or families such as the Kamak\u00e3 , Maxakal\u00ed, Kren\u00e1k, Pur and Kariri families as well as Guato, Ofay\u00e9 and Rikbaktsa.<\/p>\n<p style=\"text-align: justify;\">This \u201cMacro J\u00ea phylum\u201d is a hypothesis now considered as highly possible, despite the lack of data on some of these languages.<\/p>\n<p style=\"text-align: justify;\"><strong>Geographic area<\/strong>: Brazil, States of Tocantins, Par\u00e1, Goi\u00e1s, Mato Grosso. The 29 Karaj\u00e1 villages are settled along the Rio Araguaia which serves as a border to four Brazilian states, along the Rio Java\u00e9s and on the island of Bananal, the world&#8217;s largest river island, in the middle of the Rio Araguaia.<\/p>\n<p style=\"text-align: justify;\">Number of speakers: According to the FUNASA (2010), the Karaj\u00e1 population is of 3,198 people. The exact number of speakers isn&#8217;t known for sure, but the percentage of speakers of the ancestral language would be very high among the Karaj\u00e1 population. Estimations vary from 1,500 to 3,000 speakers (Fabre 2005). The low estimation might only concern the Karaj\u00e1 dialect. The similarity between the name of the language and the dialect may be misleading. The Karaj\u00e1 dialect has the highest number of speakers, whereas Xambio\u00e1 has the lowest (approximately 200 people).<\/p>\n<p style=\"text-align: justify;\"><strong>Status of the language<\/strong>: No official status.<\/p>\n<p style=\"text-align: justify;\">According to <em>Linguam\u00f3n<\/em>: \u201cPortuguese is Brazil&#8217;s only official language. The country&#8217;s only linguistic legislation concerning other tongues refers to schooling and is restricted to bilingual and intercultural primary education (exclusively in indigenous communities), although there are actually few trained bilingual teachers.\u201d<\/p>\n<p style=\"text-align: justify;\"><strong>Vitality and Transmission<\/strong>: Despite a globally positive representation of the language among the Karaj\u00e1 communities, the language should be considered as endangered, at least because of the limited population and uprising pressure applied by \u201cWestern\u201d society.<\/p>\n<p style=\"text-align: justify;\">In certain villages such as Xambio\u00e1 or Aruan\u00e3, Portuguese has become the main language and we could fear an abandonment of the language. In other villages however, the language is holding steady, it is still transmitted and is the mother tongue of children who learn Portuguese at school.<\/p>\n<p style=\"text-align: justify;\"><strong>Teaching<\/strong>: According to <em>Linguam\u00f3n<\/em>: The Karaj\u00e1 communities were \u201cone of the first in which the intercultural bilingual education programme was put into practice, in around 1972. However, as is the case throughout Brazil, indigenous language education is merely symbolic. Caraj\u00e1&#8217;s inclusion in primary education meant that orthography had to be developed for the language. The approach taken towards teaching places great emphasis on oral tradition.\u201d<\/p>\n<p style=\"text-align: justify;\">\n<h5 style=\"text-align: justify;\">Historical observations<\/h5>\n<p style=\"text-align: justify;\">The Karaj\u00e1 have a long history of contact with western society. The first contacts date back to the 18th century and have increased over time. During the 20th century, the Karaj\u00e1 villages had become \u201ceasy targets\u201d for the numerous religious movements, official visits (including two presidents), journalists, researchers and tourists.<\/p>\n<p style=\"text-align: justify;\">Karaj\u00e1 crafts: \u201cceramic dolls\u201d, basketwork, the popular ritual headgear and the art of body painting have fascinated photographers and anthropologists.<\/p>\n<p style=\"text-align: justify;\">These contacts brought with them traditional curses: adopting a sedentary lifestyle, loss of culture, diseases, alcoholism and malnutrition. Nevertheless, the Karaj\u00e1 are one of the Amerindian people of Brazil who managed to preserve their culture, fashion and language best, all the while keeping in touch with Brazilian society and even playing a political part. They are a part of the native people up to date with social, cultural and territorial demands.<\/p>\n<p style=\"text-align: justify;\">For more information on the Karaj\u00e1n see pages dedicated to them on the must-see <a href=\"http:\/\/pib.socioambiental.org\/en\/povo\/karaja\" target=\"_blank\"><em>Povos Ind\u00edgenas no Brasil<\/em> website<\/a> (in English\/Portuguese).<\/p>\n<p style=\"text-align: justify;\">\n<h5 style=\"text-align: justify;\">Sources<\/h5>\n<p style=\"text-align: justify;\">De Castro Alves, Fl\u00e1via (2010). <em>Brasil no Amaz\u00f3nico<\/em>. In \u00ab <a href=\"http:\/\/www.movilizando.org\/atlas_tomo1\/pages\/tomo_1.pdf\" target=\"_blank\">Atlas socioling\u00fc\u00edstico de pueblos ind\u00edgenas en Am\u00e9rica Latina<\/a> \u00bb, UNICEF. Part 1, pp 265-280.<\/p>\n<p style=\"text-align: justify;\">Fabre, Alain. 2005. <em>Diccionario etnoling\u00fc\u00edstico y gu\u00eda bibliogr\u00e1fica de los pueblos ind\u00edgenas sudamericanos<\/em>. <a href=\"http:\/\/butler.cc.tut.fi\/%7Efabre\/BookInternetVersio\/Dic=Karaj%E1.pdf\" target=\"_blank\">Available online<\/a> [09\/06\/2011]<\/p>\n<p style=\"text-align: justify;\">\n<h5 style=\"text-align: justify;\">Online sources<\/h5>\n<p style=\"text-align: justify;\"><a href=\"http:\/\/atlaspueblosindigenas.files.wordpress.com\/2010\/05\/karaja.pdf \" target=\"_blank\">Data collected by the UNICEF on Karaj\u00e1<\/a> [09\/06\/2011]<\/p>\n<p style=\"text-align: justify;\"><a href=\"http:\/\/pib.socioambiental.org\/en\/povo\/karaja\" target=\"_blank\">Pages dedicated to the Karaj\u00e1 on the <em>Povos Ind\u00edgenas no Brasil <\/em>website<\/a> (in English\/Portuguese) [09\/06\/2011]<\/p>\n<p style=\"text-align: justify;\"><a href=\"http:\/\/www10.gencat.net\/pres_casa_llengues\/AppJava\/frontend\/llengues_detall.jsp?id=713&amp;idioma=8\" target=\"_blank\">Page dedicated to Karaj\u00e1 on the <em>Linguam\u00f3n<\/em> website<\/a> [09\/06\/2011]<\/p>\n<p style=\"text-align: justify;\">\n<h5 style=\"text-align: justify;\">Additional bibliography<\/h5>\n<p style=\"text-align: justify;\">Maia, Marcus Ant\u00f4nio Rezende. 2001. <em>Representa\u00e7\u00f5es da educa\u00e7\u00e3o Karaj\u00e1<\/em>. Revista Educa\u00e7\u00e3o e Sociedade XXII\/75. Campinas: CEDES.<\/p>\n<p style=\"text-align: justify;\">Ribeiro, Eduardo Rivail. 2006. <em>Subordinate clauses in Karaj\u00e1<\/em>. Boletim do MPEG, 1\/1: 17-47.<\/p>\n<p style=\"text-align: justify;\">Rodrigues, Ayron D. 1999. \u00ab\u00a0Macro-J\u00ea\u00a0\u00bb In R.M.W. Dixon and Alexandra Y.Aikhenvald, (eds) <em>The Amazonian languages<\/em>,\u00a0 Cambridge University Press.<\/p>\n<p style=\"text-align: justify;\">Rodrigues, Ayron D. 2004. <em>Sobre a poss\u00edvel origem da diferen\u00e7a fon\u00e9tica entre a fala feminina e a masculina em Karaj\u00e1<\/em>. LIAMES, 4.<\/p>\n<p style=\"text-align: justify;\">\n<p style=\"text-align: justify;\">See the <a href=\"http:\/\/www.movilizando.org\/atlas_tomo1\/pages\/tomo_1.pdf\" target=\"_blank\"><em>Atlas socioling\u00fc\u00edstico de pueblos ind\u00edgenas en Am\u00e9rica Latina<\/em><\/a> and <a href=\"http:\/\/butler.cc.tut.fi\/%7Efabre\/BookInternetVersio\/Dic=Karaj%E1.pdf\" target=\"_blank\">Fabre (2005)<\/a> for a complete bibliography.<\/p>\n<p style=\"text-align: justify;\">\n","protected":false},"excerpt":{"rendered":"<p>Data collected by the UNICEF Data on the Karaj\u00e1 language Alternate names: Caraiauna, Caraj\u00e1, Xambio\u00e1, Java\u00e9, Yn\u00e3, Iny, Ini. Although \u201cKaraj\u00e1\u201d is the most widely spread name, it would have a pejorative connotation. \u201cIny\u201d corresponds to the auto-ethnonym of the people. Main dialects: there are three main dialects. One of them is also called Karaj\u00e1, [&hellip;]<\/p>\n","protected":false},"author":18,"featured_media":0,"parent":0,"menu_order":0,"comment_status":"closed","ping_status":"open","template":"","meta":{"footnotes":""},"class_list":["post-52765","page","type-page","status-publish","hentry"],"yoast_head":"<!-- This site is optimized with the Yoast SEO plugin v27.0 - https:\/\/yoast.com\/product\/yoast-seo-wordpress\/ -->\n<title>Karaj\u00e1 - Sorosoro<\/title>\n<meta name=\"robots\" content=\"index, follow, max-snippet:-1, max-image-preview:large, max-video-preview:-1\" \/>\n<link rel=\"canonical\" href=\"https:\/\/www.sorosoro.org\/en\/karaja\/\" \/>\n<meta property=\"og:locale\" content=\"en_US\" \/>\n<meta property=\"og:type\" content=\"article\" \/>\n<meta property=\"og:title\" content=\"Karaj\u00e1 - Sorosoro\" \/>\n<meta property=\"og:description\" content=\"Data collected by the UNICEF Data on the Karaj\u00e1 language Alternate names: Caraiauna, Caraj\u00e1, Xambio\u00e1, Java\u00e9, Yn\u00e3, Iny, Ini. Although \u201cKaraj\u00e1\u201d is the most widely spread name, it would have a pejorative connotation. \u201cIny\u201d corresponds to the auto-ethnonym of the people. Main dialects: there are three main dialects. One of them is also called Karaj\u00e1, [&hellip;]\" \/>\n<meta property=\"og:url\" content=\"https:\/\/www.sorosoro.org\/en\/karaja\/\" \/>\n<meta property=\"og:site_name\" content=\"Sorosoro\" \/>\n<meta name=\"twitter:card\" content=\"summary_large_image\" \/>\n<meta name=\"twitter:label1\" content=\"Est. reading time\" \/>\n\t<meta name=\"twitter:data1\" content=\"4 minutes\" \/>\n<script type=\"application\/ld+json\" class=\"yoast-schema-graph\">{\"@context\":\"https:\/\/schema.org\",\"@graph\":[{\"@type\":\"WebPage\",\"@id\":\"https:\/\/www.sorosoro.org\/en\/karaja\/\",\"url\":\"https:\/\/www.sorosoro.org\/en\/karaja\/\",\"name\":\"Karaj\u00e1 - Sorosoro\",\"isPartOf\":{\"@id\":\"https:\/\/www.sorosoro.org\/en\/#website\"},\"datePublished\":\"2011-07-13T03:10:12+00:00\",\"breadcrumb\":{\"@id\":\"https:\/\/www.sorosoro.org\/en\/karaja\/#breadcrumb\"},\"inLanguage\":\"en-US\",\"potentialAction\":[{\"@type\":\"ReadAction\",\"target\":[\"https:\/\/www.sorosoro.org\/en\/karaja\/\"]}]},{\"@type\":\"BreadcrumbList\",\"@id\":\"https:\/\/www.sorosoro.org\/en\/karaja\/#breadcrumb\",\"itemListElement\":[{\"@type\":\"ListItem\",\"position\":1,\"name\":\"Accueil\",\"item\":\"https:\/\/www.sorosoro.org\/en\/\"},{\"@type\":\"ListItem\",\"position\":2,\"name\":\"Karaj\u00e1\"}]},{\"@type\":\"WebSite\",\"@id\":\"https:\/\/www.sorosoro.org\/en\/#website\",\"url\":\"https:\/\/www.sorosoro.org\/en\/\",\"name\":\"Sorosoro\",\"description\":\"Pour que vivent les langues du monde !\",\"potentialAction\":[{\"@type\":\"SearchAction\",\"target\":{\"@type\":\"EntryPoint\",\"urlTemplate\":\"https:\/\/www.sorosoro.org\/en\/?s={search_term_string}\"},\"query-input\":{\"@type\":\"PropertyValueSpecification\",\"valueRequired\":true,\"valueName\":\"search_term_string\"}}],\"inLanguage\":\"en-US\"}]}<\/script>\n<!-- \/ Yoast SEO plugin. -->","yoast_head_json":{"title":"Karaj\u00e1 - Sorosoro","robots":{"index":"index","follow":"follow","max-snippet":"max-snippet:-1","max-image-preview":"max-image-preview:large","max-video-preview":"max-video-preview:-1"},"canonical":"https:\/\/www.sorosoro.org\/en\/karaja\/","og_locale":"en_US","og_type":"article","og_title":"Karaj\u00e1 - Sorosoro","og_description":"Data collected by the UNICEF Data on the Karaj\u00e1 language Alternate names: Caraiauna, Caraj\u00e1, Xambio\u00e1, Java\u00e9, Yn\u00e3, Iny, Ini. Although \u201cKaraj\u00e1\u201d is the most widely spread name, it would have a pejorative connotation. \u201cIny\u201d corresponds to the auto-ethnonym of the people. Main dialects: there are three main dialects. One of them is also called Karaj\u00e1, [&hellip;]","og_url":"https:\/\/www.sorosoro.org\/en\/karaja\/","og_site_name":"Sorosoro","twitter_card":"summary_large_image","twitter_misc":{"Est. reading time":"4 minutes"},"schema":{"@context":"https:\/\/schema.org","@graph":[{"@type":"WebPage","@id":"https:\/\/www.sorosoro.org\/en\/karaja\/","url":"https:\/\/www.sorosoro.org\/en\/karaja\/","name":"Karaj\u00e1 - Sorosoro","isPartOf":{"@id":"https:\/\/www.sorosoro.org\/en\/#website"},"datePublished":"2011-07-13T03:10:12+00:00","breadcrumb":{"@id":"https:\/\/www.sorosoro.org\/en\/karaja\/#breadcrumb"},"inLanguage":"en-US","potentialAction":[{"@type":"ReadAction","target":["https:\/\/www.sorosoro.org\/en\/karaja\/"]}]},{"@type":"BreadcrumbList","@id":"https:\/\/www.sorosoro.org\/en\/karaja\/#breadcrumb","itemListElement":[{"@type":"ListItem","position":1,"name":"Accueil","item":"https:\/\/www.sorosoro.org\/en\/"},{"@type":"ListItem","position":2,"name":"Karaj\u00e1"}]},{"@type":"WebSite","@id":"https:\/\/www.sorosoro.org\/en\/#website","url":"https:\/\/www.sorosoro.org\/en\/","name":"Sorosoro","description":"Pour que vivent les langues du monde !","potentialAction":[{"@type":"SearchAction","target":{"@type":"EntryPoint","urlTemplate":"https:\/\/www.sorosoro.org\/en\/?s={search_term_string}"},"query-input":{"@type":"PropertyValueSpecification","valueRequired":true,"valueName":"search_term_string"}}],"inLanguage":"en-US"}]}},"_links":{"self":[{"href":"https:\/\/www.sorosoro.org\/en\/wp-json\/wp\/v2\/pages\/52765","targetHints":{"allow":["GET"]}}],"collection":[{"href":"https:\/\/www.sorosoro.org\/en\/wp-json\/wp\/v2\/pages"}],"about":[{"href":"https:\/\/www.sorosoro.org\/en\/wp-json\/wp\/v2\/types\/page"}],"author":[{"embeddable":true,"href":"https:\/\/www.sorosoro.org\/en\/wp-json\/wp\/v2\/users\/18"}],"replies":[{"embeddable":true,"href":"https:\/\/www.sorosoro.org\/en\/wp-json\/wp\/v2\/comments?post=52765"}],"version-history":[{"count":0,"href":"https:\/\/www.sorosoro.org\/en\/wp-json\/wp\/v2\/pages\/52765\/revisions"}],"wp:attachment":[{"href":"https:\/\/www.sorosoro.org\/en\/wp-json\/wp\/v2\/media?parent=52765"}],"curies":[{"name":"wp","href":"https:\/\/api.w.org\/{rel}","templated":true}]}}