{"id":50963,"date":"2011-06-20T11:24:21","date_gmt":"2011-06-20T09:24:21","guid":{"rendered":"http:\/\/www.sorosoro.org\/?page_id=50963"},"modified":"2011-06-20T11:24:21","modified_gmt":"2011-06-20T09:24:21","slug":"leco","status":"publish","type":"page","link":"https:\/\/www.sorosoro.org\/en\/leco\/","title":{"rendered":"Leco"},"content":{"rendered":"<p style=\"text-align: justify;\"><em>Data collected by the UNICEF<\/em><\/p>\n<h5 style=\"text-align: justify;\">Data on the Leco language<\/h5>\n<p style=\"text-align: justify;\"><strong>Alternative names<\/strong>: Leko, Rika, Buruwa, Burua, Lapalapa.<\/p>\n<p style=\"text-align: justify;\"><em>The name \u201cBuruwa\u201d is the auto-ethnonym. The term \u201cLapalapa\u201d is used by certain people in the area, but there is no certainty that it really refers to this particular language. According to Van de Kerke (quoted by Fabre, 2005), \u201cLapalapa\u201d would refer to a coded language, a kind of slang based on Quichua.<\/em><\/p>\n<p style=\"text-align: justify;\"><strong>Classification<\/strong> : Leco is considered as an isolated language. The lack of knowledge on the language does not allow to list it in any language group today.<\/p>\n<p style=\"text-align: justify;\"><strong>Geographic area<\/strong>: Bolivia, Department of La Paz, province of Larecaja, on the banks of the Rio Mapiri, the Rio Kaka and the Rio Coroico. There would also be Leco people in the area of At\u00e9n.<\/p>\n<p style=\"text-align: justify;\"><strong>Number of speakers<\/strong>: 20 partial speakers according to Van de Kerke. The 2001 Bolivian census listed 4,186 people claiming to be Lecos, whereas the figure given by Van de Kerke in 1996 was of 200. According to Crevels (2010), this spectacular increase is due, among other things, to the recent progress of Leco ethnic demands and a certain \u201crenewed pride\u201d. Almost nobody speaks the ancestral language.<\/p>\n<p style=\"text-align: justify;\"><strong>Status of the language<\/strong>: According to the 25894 supreme decree of September 11th, passed in the year 2000, Leco is one of the \u201cindigenous languages recognized as official\u201d in Bolivia.<\/p>\n<p style=\"text-align: justify;\"><strong>Vitality and Transmission<\/strong>: We thought the language was dead until Van de Kerke (1996) found a few partial speakers of the language on the land. He has worked on the language ever since and has engaged in a race against time to broaden the knowledge on Leco before it disappears completely.<\/p>\n<p style=\"text-align: justify;\">However, the language is dying and there is no certainty that there are any native speakers left. The last partial speakers are very old. Leco hasn&#8217;t been transmitted or used for a long time.<\/p>\n<p style=\"text-align: justify;\">The Leco people were the victims of a cultural adaptation process during the 20th century, mainly due to the growth of populations of Andean origin in the area.<\/p>\n<p style=\"text-align: justify;\">The Leco are now mainly speakers of Bolivian Quichua or bilingual in Quichua and Spanish.<\/p>\n<p style=\"text-align: justify;\">\n<h5 style=\"text-align: justify;\">Sources<\/h5>\n<p style=\"text-align: justify;\">Crevels, Mily (2010) Bolivia Amaz\u00f3nica In \u00ab\u00a0<a href=\"http:\/\/www.movilizando.org\/atlas_tomo1\/pages\/tomo_1.pdf\" target=\"_blank\">Atlas socioling\u00fc\u00edstico de pueblos ind\u00edgenas en Am\u00e9rica Latina<\/a> \u00bb, UNICEF. Part 1, pp 281-300.<\/p>\n<p style=\"text-align: justify;\">Fabre, Alain. 2005. Diccionario etnoling\u00fc\u00edstico y gu\u00eda bibliogr\u00e1fica de los pueblos ind\u00edgenas sudamericanos. <a href=\"http:\/\/butler.cc.tut.fi\/~fabre\/BookInternetVersio\/Alkusivu.html \" target=\"_blank\">Available online<\/a> [24\/05\/2011]<\/p>\n<p style=\"text-align: justify;\">\n<h5 style=\"text-align: justify;\">Online sources<\/h5>\n<p style=\"text-align: justify;\"><a href=\"http:\/\/atlaspueblosindigenas.files.wordpress.com\/2010\/05\/leco.pdf \">Data collected by the UNICEF on Leco<\/a> [24\/05\/2011]<\/p>\n<p style=\"text-align: justify;\"><a href=\"http:\/\/www10.gencat.net\/pres_casa_llengues\/AppJava\/frontend\/llengues_detall.jsp?id=217&amp;idioma=8\" target=\"_blank\">Page dedicated to Leco on the <em>Linguam\u00f3n<\/em> website<\/a> [24\/05\/2011]<\/p>\n<p style=\"text-align: justify;\">\n<h5 style=\"text-align: justify;\">Additional bibliography<\/h5>\n<p style=\"text-align: justify;\">Crevels, Mily 2002. <em>Why speakers shift and languages die: an account of language death in Amazonian Bolivia<\/em>. ILLA 3: 9-30. Leiden.<\/p>\n<p style=\"text-align: justify;\">Kerke, Simon van. 1997. <em>Some morphological properties of the Leko language<\/em>. Ponencia al 49o CIA, 7-11 de julio de 1997. Quito.<\/p>\n<p style=\"text-align: justify;\">Kerke, Simon van. 2002. <em>Leko, Rik\u2019a, Lapa-Lapa, an endangered linguistic isolate in lowland Bolivia<\/em>.<\/p>\n<p style=\"text-align: justify;\">Molina, Ramiro y Xavier Alb\u00f3. 2006. <em>Gama \u00e9tnica y ling\u00fc\u00edstica de la poblaci\u00f3n boliviana<\/em>. La Paz: Sistema de las Naciones Unidas en Bolivia.<\/p>\n<p style=\"text-align: justify;\">PROEIB Andes. 2000. <em>Estudios socioling\u00fc\u00edsticos y socioeducativos con pueblos originarios de tierras bajas de Bolivia<\/em>. Informe final. Cochabamba (Mimeo).<\/p>\n<p style=\"text-align: justify;\">Teijeiro, Jos\u00e9. 2007. <em>Regionalizaci\u00f3n y diversidad \u00e9tnica cultural en las tierras bajas y sectores del subandino amaz\u00f3nico y platense de Bolivia<\/em>. La Paz: Plural Editores.<\/p>\n<p style=\"text-align: justify;\">Zalles Cueto, Alberto 1990. <em>Los lecos: dos enclaves al interior del territorio del ayllu Chalana y su problem\u00e1tica actual<\/em>. En: <em>Reuni\u00f3n Anual de Etnolog\u00eda<\/em>, 1990: 49-56. La Paz: MUSEF<\/p>\n<p style=\"text-align: justify;\">\n<p style=\"text-align: justify;\">See the <a href=\"http:\/\/www.movilizando.org\/atlas_tomo1\/pages\/tomo_1.pdf\" target=\"_blank\"><em>Atlas socioling\u00fc\u00edstico de pueblos ind\u00edgenas en Am\u00e9rica Latina<\/em><\/a> and <a href=\"http:\/\/butler.cc.tut.fi\/~fabre\/BookInternetVersio\/Dic=Leko.pdf\" target=\"_blank\">Fabre (2005)<\/a> for a complete bibliography.<\/p>\n","protected":false},"excerpt":{"rendered":"<p>Data collected by the UNICEF Data on the Leco language Alternative names: Leko, Rika, Buruwa, Burua, Lapalapa. The name \u201cBuruwa\u201d is the auto-ethnonym. The term \u201cLapalapa\u201d is used by certain people in the area, but there is no certainty that it really refers to this particular language. According to Van de Kerke (quoted by Fabre, [&hellip;]<\/p>\n","protected":false},"author":18,"featured_media":0,"parent":0,"menu_order":0,"comment_status":"closed","ping_status":"open","template":"","meta":{"footnotes":""},"class_list":["post-50963","page","type-page","status-publish","hentry"],"yoast_head":"<!-- This site is optimized with the Yoast SEO plugin v27.0 - https:\/\/yoast.com\/product\/yoast-seo-wordpress\/ -->\n<title>Leco - Sorosoro<\/title>\n<meta name=\"robots\" content=\"index, follow, max-snippet:-1, max-image-preview:large, max-video-preview:-1\" \/>\n<link rel=\"canonical\" href=\"https:\/\/www.sorosoro.org\/en\/leco\/\" \/>\n<meta property=\"og:locale\" content=\"en_US\" \/>\n<meta property=\"og:type\" content=\"article\" \/>\n<meta property=\"og:title\" content=\"Leco - Sorosoro\" \/>\n<meta property=\"og:description\" content=\"Data collected by the UNICEF Data on the Leco language Alternative names: Leko, Rika, Buruwa, Burua, Lapalapa. The name \u201cBuruwa\u201d is the auto-ethnonym. The term \u201cLapalapa\u201d is used by certain people in the area, but there is no certainty that it really refers to this particular language. According to Van de Kerke (quoted by Fabre, [&hellip;]\" \/>\n<meta property=\"og:url\" content=\"https:\/\/www.sorosoro.org\/en\/leco\/\" \/>\n<meta property=\"og:site_name\" content=\"Sorosoro\" \/>\n<meta name=\"twitter:card\" content=\"summary_large_image\" \/>\n<meta name=\"twitter:label1\" content=\"Est. reading time\" \/>\n\t<meta name=\"twitter:data1\" content=\"3 minutes\" \/>\n<script type=\"application\/ld+json\" class=\"yoast-schema-graph\">{\"@context\":\"https:\/\/schema.org\",\"@graph\":[{\"@type\":\"WebPage\",\"@id\":\"https:\/\/www.sorosoro.org\/en\/leco\/\",\"url\":\"https:\/\/www.sorosoro.org\/en\/leco\/\",\"name\":\"Leco - Sorosoro\",\"isPartOf\":{\"@id\":\"https:\/\/www.sorosoro.org\/en\/#website\"},\"datePublished\":\"2011-06-20T09:24:21+00:00\",\"breadcrumb\":{\"@id\":\"https:\/\/www.sorosoro.org\/en\/leco\/#breadcrumb\"},\"inLanguage\":\"en-US\",\"potentialAction\":[{\"@type\":\"ReadAction\",\"target\":[\"https:\/\/www.sorosoro.org\/en\/leco\/\"]}]},{\"@type\":\"BreadcrumbList\",\"@id\":\"https:\/\/www.sorosoro.org\/en\/leco\/#breadcrumb\",\"itemListElement\":[{\"@type\":\"ListItem\",\"position\":1,\"name\":\"Accueil\",\"item\":\"https:\/\/www.sorosoro.org\/en\/\"},{\"@type\":\"ListItem\",\"position\":2,\"name\":\"Leco\"}]},{\"@type\":\"WebSite\",\"@id\":\"https:\/\/www.sorosoro.org\/en\/#website\",\"url\":\"https:\/\/www.sorosoro.org\/en\/\",\"name\":\"Sorosoro\",\"description\":\"Pour que vivent les langues du monde !\",\"potentialAction\":[{\"@type\":\"SearchAction\",\"target\":{\"@type\":\"EntryPoint\",\"urlTemplate\":\"https:\/\/www.sorosoro.org\/en\/?s={search_term_string}\"},\"query-input\":{\"@type\":\"PropertyValueSpecification\",\"valueRequired\":true,\"valueName\":\"search_term_string\"}}],\"inLanguage\":\"en-US\"}]}<\/script>\n<!-- \/ Yoast SEO plugin. -->","yoast_head_json":{"title":"Leco - Sorosoro","robots":{"index":"index","follow":"follow","max-snippet":"max-snippet:-1","max-image-preview":"max-image-preview:large","max-video-preview":"max-video-preview:-1"},"canonical":"https:\/\/www.sorosoro.org\/en\/leco\/","og_locale":"en_US","og_type":"article","og_title":"Leco - Sorosoro","og_description":"Data collected by the UNICEF Data on the Leco language Alternative names: Leko, Rika, Buruwa, Burua, Lapalapa. The name \u201cBuruwa\u201d is the auto-ethnonym. The term \u201cLapalapa\u201d is used by certain people in the area, but there is no certainty that it really refers to this particular language. According to Van de Kerke (quoted by Fabre, [&hellip;]","og_url":"https:\/\/www.sorosoro.org\/en\/leco\/","og_site_name":"Sorosoro","twitter_card":"summary_large_image","twitter_misc":{"Est. reading time":"3 minutes"},"schema":{"@context":"https:\/\/schema.org","@graph":[{"@type":"WebPage","@id":"https:\/\/www.sorosoro.org\/en\/leco\/","url":"https:\/\/www.sorosoro.org\/en\/leco\/","name":"Leco - Sorosoro","isPartOf":{"@id":"https:\/\/www.sorosoro.org\/en\/#website"},"datePublished":"2011-06-20T09:24:21+00:00","breadcrumb":{"@id":"https:\/\/www.sorosoro.org\/en\/leco\/#breadcrumb"},"inLanguage":"en-US","potentialAction":[{"@type":"ReadAction","target":["https:\/\/www.sorosoro.org\/en\/leco\/"]}]},{"@type":"BreadcrumbList","@id":"https:\/\/www.sorosoro.org\/en\/leco\/#breadcrumb","itemListElement":[{"@type":"ListItem","position":1,"name":"Accueil","item":"https:\/\/www.sorosoro.org\/en\/"},{"@type":"ListItem","position":2,"name":"Leco"}]},{"@type":"WebSite","@id":"https:\/\/www.sorosoro.org\/en\/#website","url":"https:\/\/www.sorosoro.org\/en\/","name":"Sorosoro","description":"Pour que vivent les langues du monde !","potentialAction":[{"@type":"SearchAction","target":{"@type":"EntryPoint","urlTemplate":"https:\/\/www.sorosoro.org\/en\/?s={search_term_string}"},"query-input":{"@type":"PropertyValueSpecification","valueRequired":true,"valueName":"search_term_string"}}],"inLanguage":"en-US"}]}},"_links":{"self":[{"href":"https:\/\/www.sorosoro.org\/en\/wp-json\/wp\/v2\/pages\/50963","targetHints":{"allow":["GET"]}}],"collection":[{"href":"https:\/\/www.sorosoro.org\/en\/wp-json\/wp\/v2\/pages"}],"about":[{"href":"https:\/\/www.sorosoro.org\/en\/wp-json\/wp\/v2\/types\/page"}],"author":[{"embeddable":true,"href":"https:\/\/www.sorosoro.org\/en\/wp-json\/wp\/v2\/users\/18"}],"replies":[{"embeddable":true,"href":"https:\/\/www.sorosoro.org\/en\/wp-json\/wp\/v2\/comments?post=50963"}],"version-history":[{"count":0,"href":"https:\/\/www.sorosoro.org\/en\/wp-json\/wp\/v2\/pages\/50963\/revisions"}],"wp:attachment":[{"href":"https:\/\/www.sorosoro.org\/en\/wp-json\/wp\/v2\/media?parent=50963"}],"curies":[{"name":"wp","href":"https:\/\/api.w.org\/{rel}","templated":true}]}}