{"id":50945,"date":"2011-06-20T10:35:36","date_gmt":"2011-06-20T08:35:36","guid":{"rendered":"http:\/\/www.sorosoro.org\/?page_id=50945"},"modified":"2011-06-20T11:51:20","modified_gmt":"2011-06-20T09:51:20","slug":"quechua-santiagueno","status":"publish","type":"page","link":"https:\/\/www.sorosoro.org\/en\/quechua-santiagueno\/","title":{"rendered":"Quechua Santiague\u00f1o"},"content":{"rendered":"<p style=\"text-align: justify;\"><em>Data collected by the UNICEF<\/em><\/p>\n<h5 style=\"text-align: justify;\">Data on Quechua Santiague\u00f1o<\/h5>\n<p style=\"text-align: justify;\"><strong>Alternative names<\/strong>: Quichua, Runa simi, Santiago del Estero Quichua, Argentino Quichua.<\/p>\n<p style=\"text-align: justify;\"><strong>Main dialects<\/strong>: Variations of Quechua might exist but the lack of scientific knowledge on the subject doesn\u2019t allow them to be defined in a consensual way.<\/p>\n<p style=\"text-align: justify;\"><strong>Classification<\/strong>: <a href=\"https:\/\/www.sorosoro.org\/en\/quechuan-languages\">Family of Quechuan languages<\/a>. South Quechua II-C branch.<\/p>\n<p style=\"text-align: justify;\">The classification of the Quechuan languages is the object of constant debates (see our page on the <a href=\"https:\/\/www.sorosoro.org\/en\/quechuan-languages\">Quechuan languages<\/a>). The distinction between Quechuan languages and dialects is a very complex issue on which few people agree.<\/p>\n<p style=\"text-align: justify;\">Quechua Santiague\u00f1o belongs to the Quechua II-C group as all South Quechuan languages and is very close to other languages of the group (for instance Cuzco and Bolivian Quechua, two of the most spoken Quechuan languages). However, they are all often considered as dialects. The II-C group is therefore seen as a large dialect group where each variation of the language is divided in \u201csub-dialects\u201d.<\/p>\n<p style=\"text-align: justify;\">We are following the point of view of Campbell (1997) and Fabre (2005), who nevertheless decided to present it separately.<\/p>\n<p style=\"text-align: justify;\"><strong>Geographic area<\/strong>: Argentina, in the North-East. Mainly in the province of Santiago del Estero and also in the city of Buenos Aires. There may be a few speakers in the province of Salta.<\/p>\n<p style=\"text-align: justify;\"><strong>Number of speakers<\/strong>: It is hard to assess the accurate number of Quechua Santiague\u00f1o speakers. The 2001 ECPI (Complementary investigation on native populations, official census) only considers the people who claim to belong to the Quechua \u201cethnic\u201d group, which only concerns 6,000 people, among whom 2,000 Quechua speakers.<\/p>\n<p style=\"text-align: justify;\">But the large majority of speakers are \u201cmixed\u201d, urban most of the time, and aren&#8217;t considered as part of the \u201cnative\u201d population, a bit like Paraguayan Guarani speakers in Paraguay. Therefore, they are not taken into account for the census. The estimate number of speakers varies from 80,000 (UNESCO) to 150,000 (Alderetes, 1997).<\/p>\n<p style=\"text-align: justify;\">We could also add a part of the Colla population, including a few hypothetical Spanish-Quechua bilingual speakers, as well as a few people who migrated from Bolivia.<\/p>\n<p style=\"text-align: justify;\"><strong>Status of the language<\/strong>: No official status.<\/p>\n<p style=\"text-align: justify;\"><strong>Vitality and Transmission<\/strong>: The UNESCO considers Quechua Santiague\u00f1o as an endangered language.<\/p>\n<p style=\"text-align: justify;\">All speakers are bilingual in Quechua and Spanish. Old people still use it within their family circle or in informal communication situations, but young people don&#8217;t really use it anymore. Transmittal is slowing down because the language is mistakenly seen as an obstacle to social integration.<\/p>\n<p style=\"text-align: justify;\">Quechua speakers are indeed being related to Bolivian migrants who are the victims of a growing and sometimes very violent discrimination.<\/p>\n<p style=\"text-align: justify;\">\n<h5 style=\"text-align: justify;\">Historical and ethnographic observations<\/h5>\n<p style=\"text-align: justify; padding-left: 30px;\">&#8211; <span style=\"text-decoration: underline;\"><em>The general language<\/em><\/span>:<\/p>\n<p style=\"text-align: justify;\">Two theories explain the presence of Quechua in the North-West of Argentina.<\/p>\n<p style=\"text-align: justify;\">The first theory places the presence of Quechua in the region back to the colonisation policy of the Inca Empire and the migration of Quechua-speaking colonists, the <em>Mitimaes<\/em>. According to Sichra (2010), \u201cgeneral Quechua\u201d was spoken in the area, including by the non-native population, as lingua franca.<\/p>\n<p style=\"text-align: justify;\">The <em>general language<\/em> was a type of Quechua usually spoken on the central Peruvian coast, and became the \u201cofficial\u201d language of the Inca Empire.<\/p>\n<p style=\"text-align: justify;\">The <em>general language<\/em> of the Inca Empire spread across the South Andes at the same time as the imperial political and economic territory. This expansion started 60 years before the Spanish <em>Conquista<\/em>.<\/p>\n<p style=\"text-align: justify;\">The second theory on the other hand places it back to the <em>Conquista<\/em>. Conquistador Diego de Rojas would have come to the area of Santiago del Estero from Cuzco, along with numerous <em>Yanaconas<\/em> speakers of a Quechua language. Quechua would have then stood out as the communication language of the area during the territorial conquest.<\/p>\n<p style=\"text-align: justify;\">From the middle of the 16th century, the Spanish settled in Santiago del Estero and the use of the language lasted for some time among the mixed population. Quechua then became the language of catechism for Andean populations. The type of Quechua used for that matter was based on the <em>general language<\/em>, normalized by the priests. It lasted until 1770 when King Carlos III forbade the use of Quechua.<\/p>\n<p style=\"text-align: justify;\">The Quechuas from Argentina were then persecuted by discrimination, which led to the disappearance of the language, except in Santiago del Estero where its use lasted and was mixed up with the variations of Quechua brought by Bolivian migrants.<\/p>\n<p style=\"text-align: justify; padding-left: 30px;\">&#8211; <em><span style=\"text-decoration: underline;\">The Collas and lost Andean ethnic groups<\/span><\/em>:<\/p>\n<p style=\"text-align: justify;\">The adaptation to the periods of colonial invasion, wars and migrations towards urban centres provoked the fast disappearance of native languages in the North-West of Argentina. Many people have lost their ethnic identity, denied and discriminated against, and gathered under a new name, Colla. This term has no historical influence, in fact, it includes several Andean and pre-Inca populations.<\/p>\n<p style=\"text-align: justify;\">The Atacama, Omaguaca, Tonocot\u00e9, Comechingone, Sanivarone Andean populations have disappeared as ethnic groups. It may be that these populations abandoned their culture under the pressure of successive colonization and took up one of the two main languages of the Andes: Aymara or Quechua. In return, Quechua Santiague\u00f1o probably was influenced by those dead languages.<\/p>\n<p style=\"text-align: justify;\">At the end of the 20th century, the censuses only recognized three Andean groups in Argentina (Quechua and Aymaya aside): the Collas, the Diaguita-Calchaquis and the Huarpe. In 2000, a census listed 170,000 Collas and 6,000 Diaguita-Calchaquis (but no mention of the Huarpe).<\/p>\n<p style=\"text-align: justify;\">The Collas were officially recognized as an ethnic group in 1994.<\/p>\n<p style=\"text-align: justify;\">The growing discrimination towards the immigrated Bolivian population sometimes also called \u201cColla\u201d makes it more prestigious to claim oneself as an \u201cOmaguaca\u201d (name of a lost ethnic group) rather than \u201cColla\u201d.<\/p>\n<p style=\"text-align: justify;\">The 2001 ECPI does not allow clarification of the doubts regarding the name \u201cColla\u201d. We don&#8217;t really know who they are, or the language(s) they speak. A part of the Colla population might be bilingual in Quiehua and Spanish or in Spanish and Aymara.<\/p>\n<p style=\"text-align: justify;\">Several Collas say they speak a \u201cnative language\u201d, yet the investigation does not state which one. The variation of Spanish, feature of the Colla population, would be a major influential language of Quechua origins.<\/p>\n<p style=\"text-align: justify;\">\n<h5 style=\"text-align: justify;\">Sources<\/h5>\n<p style=\"text-align: justify;\">Sichra, Inge (2010) Argentina andina In \u00ab\u00a0<a href=\"http:\/\/www.movilizando.org\/atlas_tomo1\/pages\/tomo_2.pdf\" target=\"_blank\">Atlas socioling\u00fc\u00edstico de pueblos ind\u00edgenas en Am\u00e9rica Latina<\/a> \u00bb, UNICEF. Part 2, pp 535-545.<\/p>\n<p style=\"text-align: justify;\">Fabre, Alain. 2005. <em>Diccionario etnoling\u00fc\u00edstico y gu\u00eda bibliogr\u00e1fica de los pueblos ind\u00edgenas sudamericanos<\/em>. <a href=\"http:\/\/butler.cc.tut.fi\/~fabre\/BookInternetVersio\/Alkusivu.html\" target=\"_blank\">Available online<\/a> [04\/05\/2011]<\/p>\n<p style=\"text-align: justify;\">\n<h5 style=\"text-align: justify;\">Additional bibliography<\/h5>\n<p style=\"text-align: justify;\">Adelaar, W. 2004. <em>The languages of the Andes<\/em>. Cambridge: Cambridge University Press.<\/p>\n<p style=\"text-align: justify;\">Alderetes, Jorge Ricardo. 1997. <a href=\"http:\/\/webs.satlink.com\/usuarios\/r\/rory\/Cap1-1.htm\" target=\"_blank\"><em>El quichua santiague\u00f1o: situaci\u00f3n geogr\u00e1fica, hist\u00f3rica y ling\u00fc\u00edstica<\/em><\/a>.<\/p>\n<p style=\"text-align: justify;\">Alderetes, Jorge Ricardo &amp; Lelia In\u00e9s Albarrac\u00edn. 2004. <em>El quechua en Argentina: el caso de Santiago del Estero<\/em>. IJSL 167: 83-93.<\/p>\n<p style=\"text-align: justify;\">Campbell, Lyle (1997). <em>American Indian languages: the historical linguistics of Native America<\/em>. Oxford: Oxford University Press.<\/p>\n<p style=\"text-align: justify;\">Courthes, \u00c9ric 1998. <a href=\"http:\/\/tel.archives-ouvertes.fr\/docs\/00\/04\/33\/47\/PDF\/Santiago_del_Estero.pdf\" target=\"_blank\"><em>Santiago del Estero: foyer d\u2019irridiation bilingue argentin<\/em><\/a>. Master of Advanced Studies dissertation of Iberian and Latino-American studies. Par\u00eds X Nanterre: Paris-10 University.<\/p>\n<p style=\"text-align: justify;\">\n<p style=\"text-align: justify;\">See the <a href=\"http:\/\/www.movilizando.org\/atlas_tomo1\/pages\/tomo_2.pdf\" target=\"_blank\"><em>Atlas socioling\u00fc\u00edstico de pueblos ind\u00edgenas en Am\u00e9rica Latina<\/em><\/a> and <a href=\"http:\/\/butler.cc.tut.fi\/~fabre\/BookInternetVersio\/Dic=Quechua.pdf\" target=\"_blank\">Fabre (2005)<\/a> for a complete bibliography.<\/p>\n<p style=\"text-align: justify;\">\n","protected":false},"excerpt":{"rendered":"<p>Data collected by the UNICEF Data on Quechua Santiague\u00f1o Alternative names: Quichua, Runa simi, Santiago del Estero Quichua, Argentino Quichua. Main dialects: Variations of Quechua might exist but the lack of scientific knowledge on the subject doesn\u2019t allow them to be defined in a consensual way. Classification: Family of Quechuan languages. South Quechua II-C branch. [&hellip;]<\/p>\n","protected":false},"author":18,"featured_media":0,"parent":0,"menu_order":0,"comment_status":"closed","ping_status":"open","template":"","meta":{"footnotes":""},"class_list":["post-50945","page","type-page","status-publish","hentry"],"yoast_head":"<!-- This site is optimized with the Yoast SEO plugin v27.0 - https:\/\/yoast.com\/product\/yoast-seo-wordpress\/ -->\n<title>Quechua Santiague\u00f1o  - Sorosoro<\/title>\n<meta name=\"robots\" content=\"index, follow, max-snippet:-1, max-image-preview:large, max-video-preview:-1\" \/>\n<link rel=\"canonical\" href=\"https:\/\/www.sorosoro.org\/en\/quechua-santiagueno\/\" \/>\n<meta property=\"og:locale\" content=\"en_US\" \/>\n<meta property=\"og:type\" content=\"article\" \/>\n<meta property=\"og:title\" content=\"Quechua Santiague\u00f1o  - Sorosoro\" \/>\n<meta property=\"og:description\" content=\"Data collected by the UNICEF Data on Quechua Santiague\u00f1o Alternative names: Quichua, Runa simi, Santiago del Estero Quichua, Argentino Quichua. Main dialects: Variations of Quechua might exist but the lack of scientific knowledge on the subject doesn\u2019t allow them to be defined in a consensual way. Classification: Family of Quechuan languages. South Quechua II-C branch. [&hellip;]\" \/>\n<meta property=\"og:url\" content=\"https:\/\/www.sorosoro.org\/en\/quechua-santiagueno\/\" \/>\n<meta property=\"og:site_name\" content=\"Sorosoro\" \/>\n<meta property=\"article:modified_time\" content=\"2011-06-20T09:51:20+00:00\" \/>\n<meta name=\"twitter:card\" content=\"summary_large_image\" \/>\n<meta name=\"twitter:label1\" content=\"Est. reading time\" \/>\n\t<meta name=\"twitter:data1\" content=\"6 minutes\" \/>\n<script type=\"application\/ld+json\" class=\"yoast-schema-graph\">{\"@context\":\"https:\/\/schema.org\",\"@graph\":[{\"@type\":\"WebPage\",\"@id\":\"https:\/\/www.sorosoro.org\/en\/quechua-santiagueno\/\",\"url\":\"https:\/\/www.sorosoro.org\/en\/quechua-santiagueno\/\",\"name\":\"Quechua Santiague\u00f1o - Sorosoro\",\"isPartOf\":{\"@id\":\"https:\/\/www.sorosoro.org\/en\/#website\"},\"datePublished\":\"2011-06-20T08:35:36+00:00\",\"dateModified\":\"2011-06-20T09:51:20+00:00\",\"breadcrumb\":{\"@id\":\"https:\/\/www.sorosoro.org\/en\/quechua-santiagueno\/#breadcrumb\"},\"inLanguage\":\"en-US\",\"potentialAction\":[{\"@type\":\"ReadAction\",\"target\":[\"https:\/\/www.sorosoro.org\/en\/quechua-santiagueno\/\"]}]},{\"@type\":\"BreadcrumbList\",\"@id\":\"https:\/\/www.sorosoro.org\/en\/quechua-santiagueno\/#breadcrumb\",\"itemListElement\":[{\"@type\":\"ListItem\",\"position\":1,\"name\":\"Accueil\",\"item\":\"https:\/\/www.sorosoro.org\/en\/\"},{\"@type\":\"ListItem\",\"position\":2,\"name\":\"Quechua Santiague\u00f1o\"}]},{\"@type\":\"WebSite\",\"@id\":\"https:\/\/www.sorosoro.org\/en\/#website\",\"url\":\"https:\/\/www.sorosoro.org\/en\/\",\"name\":\"Sorosoro\",\"description\":\"Pour que vivent les langues du monde !\",\"potentialAction\":[{\"@type\":\"SearchAction\",\"target\":{\"@type\":\"EntryPoint\",\"urlTemplate\":\"https:\/\/www.sorosoro.org\/en\/?s={search_term_string}\"},\"query-input\":{\"@type\":\"PropertyValueSpecification\",\"valueRequired\":true,\"valueName\":\"search_term_string\"}}],\"inLanguage\":\"en-US\"}]}<\/script>\n<!-- \/ Yoast SEO plugin. -->","yoast_head_json":{"title":"Quechua Santiague\u00f1o  - Sorosoro","robots":{"index":"index","follow":"follow","max-snippet":"max-snippet:-1","max-image-preview":"max-image-preview:large","max-video-preview":"max-video-preview:-1"},"canonical":"https:\/\/www.sorosoro.org\/en\/quechua-santiagueno\/","og_locale":"en_US","og_type":"article","og_title":"Quechua Santiague\u00f1o  - Sorosoro","og_description":"Data collected by the UNICEF Data on Quechua Santiague\u00f1o Alternative names: Quichua, Runa simi, Santiago del Estero Quichua, Argentino Quichua. Main dialects: Variations of Quechua might exist but the lack of scientific knowledge on the subject doesn\u2019t allow them to be defined in a consensual way. Classification: Family of Quechuan languages. South Quechua II-C branch. [&hellip;]","og_url":"https:\/\/www.sorosoro.org\/en\/quechua-santiagueno\/","og_site_name":"Sorosoro","article_modified_time":"2011-06-20T09:51:20+00:00","twitter_card":"summary_large_image","twitter_misc":{"Est. reading time":"6 minutes"},"schema":{"@context":"https:\/\/schema.org","@graph":[{"@type":"WebPage","@id":"https:\/\/www.sorosoro.org\/en\/quechua-santiagueno\/","url":"https:\/\/www.sorosoro.org\/en\/quechua-santiagueno\/","name":"Quechua Santiague\u00f1o - Sorosoro","isPartOf":{"@id":"https:\/\/www.sorosoro.org\/en\/#website"},"datePublished":"2011-06-20T08:35:36+00:00","dateModified":"2011-06-20T09:51:20+00:00","breadcrumb":{"@id":"https:\/\/www.sorosoro.org\/en\/quechua-santiagueno\/#breadcrumb"},"inLanguage":"en-US","potentialAction":[{"@type":"ReadAction","target":["https:\/\/www.sorosoro.org\/en\/quechua-santiagueno\/"]}]},{"@type":"BreadcrumbList","@id":"https:\/\/www.sorosoro.org\/en\/quechua-santiagueno\/#breadcrumb","itemListElement":[{"@type":"ListItem","position":1,"name":"Accueil","item":"https:\/\/www.sorosoro.org\/en\/"},{"@type":"ListItem","position":2,"name":"Quechua Santiague\u00f1o"}]},{"@type":"WebSite","@id":"https:\/\/www.sorosoro.org\/en\/#website","url":"https:\/\/www.sorosoro.org\/en\/","name":"Sorosoro","description":"Pour que vivent les langues du monde !","potentialAction":[{"@type":"SearchAction","target":{"@type":"EntryPoint","urlTemplate":"https:\/\/www.sorosoro.org\/en\/?s={search_term_string}"},"query-input":{"@type":"PropertyValueSpecification","valueRequired":true,"valueName":"search_term_string"}}],"inLanguage":"en-US"}]}},"_links":{"self":[{"href":"https:\/\/www.sorosoro.org\/en\/wp-json\/wp\/v2\/pages\/50945","targetHints":{"allow":["GET"]}}],"collection":[{"href":"https:\/\/www.sorosoro.org\/en\/wp-json\/wp\/v2\/pages"}],"about":[{"href":"https:\/\/www.sorosoro.org\/en\/wp-json\/wp\/v2\/types\/page"}],"author":[{"embeddable":true,"href":"https:\/\/www.sorosoro.org\/en\/wp-json\/wp\/v2\/users\/18"}],"replies":[{"embeddable":true,"href":"https:\/\/www.sorosoro.org\/en\/wp-json\/wp\/v2\/comments?post=50945"}],"version-history":[{"count":0,"href":"https:\/\/www.sorosoro.org\/en\/wp-json\/wp\/v2\/pages\/50945\/revisions"}],"wp:attachment":[{"href":"https:\/\/www.sorosoro.org\/en\/wp-json\/wp\/v2\/media?parent=50945"}],"curies":[{"name":"wp","href":"https:\/\/api.w.org\/{rel}","templated":true}]}}