{"id":50419,"date":"2011-06-15T00:57:07","date_gmt":"2011-06-14T22:57:07","guid":{"rendered":"http:\/\/www.sorosoro.org\/?page_id=50419"},"modified":"2011-06-15T14:37:54","modified_gmt":"2011-06-15T12:37:54","slug":"itonama","status":"publish","type":"page","link":"https:\/\/www.sorosoro.org\/en\/itonama\/","title":{"rendered":"Itonama"},"content":{"rendered":"<p style=\"text-align: justify;\"><em>Data collected by the UNICEF<\/em><\/p>\n<h5>Data on the Itonama language<\/h5>\n<p style=\"text-align: justify;\"><strong>Alternative names<\/strong>: Sihnipadara, Machato, Saramo<\/p>\n<p style=\"text-align: justify;\"><strong>Classification<\/strong>: Itonoma is usually considered as an isolated language. All the studies carried out to try and classify Itonoma with other languages or groups (such as the Paez languages) remain inconclusive at this time.<\/p>\n<p style=\"text-align: justify;\"><strong>Geographic area<\/strong>: Bolivia, Department of Beni. Until the sixties, there were speakers in the cities of Magdalena, San Ram\u00f3n and Huacaraje. It appears the only speakers left live in Magdalena, near the Itonama river.<\/p>\n<p style=\"text-align: justify;\"><strong>Number of speakers<\/strong>: The Itonama population is composed of 2,791 people according to PROEIB (2000), but Crevels (2010) suggests there would only be two old speakers left. It is possible that other people partially know the language, but the Itonama population is almost exclusively monolingual in Spanish.<\/p>\n<p style=\"text-align: justify;\"><strong>Status of the language<\/strong>: According to the 25894 supreme decree of September 11th, passed in 2000, Itonama is one of the \u201cindigenous languages recognized as official\u201d in Bolivia.<\/p>\n<p style=\"text-align: justify;\"><strong>Vitality and transmission<\/strong>: The language is on the verge of disappearing. It might even already be dead, the last speakers being very old. The limited number of speakers don&#8217;t even speak the language with each other, the language is no longer used. In the 60s, there were still about a hundred Itonama\/Spanish bilingual speakers.<\/p>\n<p style=\"text-align: justify;\">Until recently, Itonama has rarely been studied. The work of Crevels since the beginning of the 21st century is a precious scientific contribution to know the language better. However, the predictable disappearance of the language might leave grey areas, notably regarding the issue of classification.<\/p>\n<p style=\"text-align: justify;\">\n<h5>Historical observations<\/h5>\n<p style=\"text-align: justify;\">Before they got in touch with the Jesuits, the Itonoma people were farmers, fishermen and hunters as well as gatherers. In 1704, father Lorenzo Legarda mentioned approximately 6,000 Itonoma spread across about 20 communities.<\/p>\n<p style=\"text-align: justify;\">It is hard to shift responsibility of the alarming state of languages in the east of Bolivia and the Bolivian part of the Amazon to one fact only. The arrival of conquistadors in the region in the 17th century probably marked the beginning of their decline. During the 18th century, the development of Jesuit Missions and their mass converting and denial of the indigenous cultures started the processes of colonization and cultural adaptation. In 1767, their expulsion didn&#8217;t make things any better. The indigenous populations were treated in an inhuman way by colonial institutions, then by state institutions with the creation of the Bolivian Republic.<\/p>\n<p style=\"text-align: justify;\">The rubber fever at the beginning of the 20th century led to the destruction of the rain forest and communities who lived there have often suffered from violent conflicts with producers. During the Chaco War in the thirties, young natives from Beni were enrolled by the Bolivian state. This war took a heavy toll on them and cost the lives of 50,000 Bolivians.<\/p>\n<p style=\"text-align: justify;\">The education reform of 1952 was without a doubt the deathblow to the vitality of the indigenous languages of Beni. Mandatory monolingual education in Spanish and the depreciation of native languages led to a complete rejection of the ancestral language to the benefit of the educational language, Spanish. Communities then had to face the denigration (disparagement) of their language and fight against the negative representation imposed on them, to maintain their language and transmit it. Very few of them managed to do so. Unfortunately, the case of Itonama is no exception, but it is one of the languages that suffered the most from it.<\/p>\n<p style=\"text-align: justify;\">For more information on the Itonama, see pages dedicated to them on the <em><a href=\"http:\/\/www.amazonia.bo\/itonama.php\" target=\"_blank\">Amazonia.bo website<\/a><\/em> (in Spanish).<\/p>\n<p style=\"text-align: justify;\">\n<h5>Sources<\/h5>\n<p style=\"text-align: justify;\">Crevels, Mily (2010) Bolivia Amaz\u00f3nica In \u00ab <a href=\"http:\/\/www.movilizando.org\/atlas_tomo1\/pages\/tomo_1.pdf\" target=\"_blank\">Atlas socioling\u00fc\u00edstico de pueblos ind\u00edgenas en Am\u00e9rica Latina<\/a> \u00bb, UNICEF. Tome 1, pp 281-300.<\/p>\n<p style=\"text-align: justify;\">Fabre, Alain. 2005. <em>Diccionario etnoling\u00fc\u00edstico y gu\u00eda bibliogr\u00e1fica de los pueblos ind\u00edgenas sudamericanos<\/em>. <a href=\"http:\/\/butler.cc.tut.fi\/~fabre\/BookInternetVersio\/Alkusivu.html\" target=\"_blank\">Available online<\/a> [20\/04\/2011]<\/p>\n<p style=\"text-align: justify;\">\n<h5>Online sources<\/h5>\n<p style=\"text-align: justify;\"><a href=\"http:\/\/atlaspueblosindigenas.files.wordpress.com\/2010\/05\/itonama.pdf\" target=\"_blank\">Data collected by the UNICEF on Itonama<\/a> [24\/05\/2011]<\/p>\n<p style=\"text-align: justify;\"><a href=\"http:\/\/www10.gencat.net\/pres_casa_llengues\/AppJava\/frontend\/llengues_detall.jsp?id=730&amp;idioma=8 \" target=\"_blank\">Page dedicated to Itonama on the <em>Linguam\u00f3n <\/em>website<\/a> [24\/05\/2011]<\/p>\n<p style=\"text-align: justify;\">\n<h5>Additional bibliography<\/h5>\n<p style=\"text-align: justify;\">Aulo Malala, Ignacio et al. 2003. <em>Gu\u00eda del alfabeto itonama<\/em>. La Paz: Ministerio de Educaci\u00f3n, Viceministerio de Educaci\u00f3n Escolarizada y Alternativa.<\/p>\n<p style=\"text-align: justify;\">Crevels, Mily. 2002.<em> Itonama o sihnipadara, lengua no clasificada de la Amazon\u00eda boliviana<\/em>. Estudios de Ling\u00fc\u00edstica, 16: 1- 56. Alicante: Universidad de Alicante. <a href=\"http:\/\/rua.ua.es\/dspace\/bitstream\/10045\/6200\/1\/EL_16_01.pdf\" target=\"_blank\">Available online<\/a>.<\/p>\n<p style=\"text-align: justify;\">Crevels, Mily 2002. <em>Why speakers shift and languages die: an account of language death in Amazonian Bolivia<\/em>. ILLA 3: 9-30. Leiden.<\/p>\n<p style=\"text-align: justify;\">Crevels, Mily 2007. \u00ab La jerarqu\u00eda de indexicalidad y voz en Itonama \u00bb. En: A. Romero- Figueroa, A. Fern\u00e1ndez-Garay &amp; \u00c1ngel Corbera Mori (eds.), <em>Lenguas ind\u00edgenas de Am\u00e9rica del Sur<\/em>. Estudios descriptivo-tipol\u00f3gicos y sus contribuciones para la ling\u00fc\u00edstica te\u00f3rica. Caracas: UCAB.<\/p>\n<p style=\"text-align: justify;\">See the <a href=\"http:\/\/www.movilizando.org\/atlas_tomo1\/pages\/tomo_1.pdf\" target=\"_blank\"><em>Atlas socioling\u00fc\u00edstico de pueblos ind\u00edgenas en Am\u00e9rica Latina<\/em><\/a> and <a href=\"http:\/\/butler.cc.tut.fi\/~fabre\/BookInternetVersio\/Dic=Itonama.pdf\" target=\"_blank\">Fabre (2005)<\/a> for a complete bibliography.<\/p>\n<p style=\"text-align: justify;\">\n","protected":false},"excerpt":{"rendered":"<p>Data collected by the UNICEF Data on the Itonama language Alternative names: Sihnipadara, Machato, Saramo Classification: Itonoma is usually considered as an isolated language. All the studies carried out to try and classify Itonoma with other languages or groups (such as the Paez languages) remain inconclusive at this time. Geographic area: Bolivia, Department of Beni. [&hellip;]<\/p>\n","protected":false},"author":18,"featured_media":0,"parent":0,"menu_order":0,"comment_status":"closed","ping_status":"open","template":"","meta":{"footnotes":""},"class_list":["post-50419","page","type-page","status-publish","hentry"],"yoast_head":"<!-- This site is optimized with the Yoast SEO plugin v27.0 - https:\/\/yoast.com\/product\/yoast-seo-wordpress\/ -->\n<title>Itonama - Sorosoro<\/title>\n<meta name=\"robots\" content=\"index, follow, max-snippet:-1, max-image-preview:large, max-video-preview:-1\" \/>\n<link rel=\"canonical\" href=\"https:\/\/www.sorosoro.org\/en\/itonama\/\" \/>\n<meta property=\"og:locale\" content=\"en_US\" \/>\n<meta property=\"og:type\" content=\"article\" \/>\n<meta property=\"og:title\" content=\"Itonama - Sorosoro\" \/>\n<meta property=\"og:description\" content=\"Data collected by the UNICEF Data on the Itonama language Alternative names: Sihnipadara, Machato, Saramo Classification: Itonoma is usually considered as an isolated language. All the studies carried out to try and classify Itonoma with other languages or groups (such as the Paez languages) remain inconclusive at this time. Geographic area: Bolivia, Department of Beni. [&hellip;]\" \/>\n<meta property=\"og:url\" content=\"https:\/\/www.sorosoro.org\/en\/itonama\/\" \/>\n<meta property=\"og:site_name\" content=\"Sorosoro\" \/>\n<meta property=\"article:modified_time\" content=\"2011-06-15T12:37:54+00:00\" \/>\n<meta name=\"twitter:card\" content=\"summary_large_image\" \/>\n<meta name=\"twitter:label1\" content=\"Est. reading time\" \/>\n\t<meta name=\"twitter:data1\" content=\"4 minutes\" \/>\n<script type=\"application\/ld+json\" class=\"yoast-schema-graph\">{\"@context\":\"https:\/\/schema.org\",\"@graph\":[{\"@type\":\"WebPage\",\"@id\":\"https:\/\/www.sorosoro.org\/en\/itonama\/\",\"url\":\"https:\/\/www.sorosoro.org\/en\/itonama\/\",\"name\":\"Itonama - Sorosoro\",\"isPartOf\":{\"@id\":\"https:\/\/www.sorosoro.org\/en\/#website\"},\"datePublished\":\"2011-06-14T22:57:07+00:00\",\"dateModified\":\"2011-06-15T12:37:54+00:00\",\"breadcrumb\":{\"@id\":\"https:\/\/www.sorosoro.org\/en\/itonama\/#breadcrumb\"},\"inLanguage\":\"en-US\",\"potentialAction\":[{\"@type\":\"ReadAction\",\"target\":[\"https:\/\/www.sorosoro.org\/en\/itonama\/\"]}]},{\"@type\":\"BreadcrumbList\",\"@id\":\"https:\/\/www.sorosoro.org\/en\/itonama\/#breadcrumb\",\"itemListElement\":[{\"@type\":\"ListItem\",\"position\":1,\"name\":\"Accueil\",\"item\":\"https:\/\/www.sorosoro.org\/en\/\"},{\"@type\":\"ListItem\",\"position\":2,\"name\":\"Itonama\"}]},{\"@type\":\"WebSite\",\"@id\":\"https:\/\/www.sorosoro.org\/en\/#website\",\"url\":\"https:\/\/www.sorosoro.org\/en\/\",\"name\":\"Sorosoro\",\"description\":\"Pour que vivent les langues du monde !\",\"potentialAction\":[{\"@type\":\"SearchAction\",\"target\":{\"@type\":\"EntryPoint\",\"urlTemplate\":\"https:\/\/www.sorosoro.org\/en\/?s={search_term_string}\"},\"query-input\":{\"@type\":\"PropertyValueSpecification\",\"valueRequired\":true,\"valueName\":\"search_term_string\"}}],\"inLanguage\":\"en-US\"}]}<\/script>\n<!-- \/ Yoast SEO plugin. -->","yoast_head_json":{"title":"Itonama - Sorosoro","robots":{"index":"index","follow":"follow","max-snippet":"max-snippet:-1","max-image-preview":"max-image-preview:large","max-video-preview":"max-video-preview:-1"},"canonical":"https:\/\/www.sorosoro.org\/en\/itonama\/","og_locale":"en_US","og_type":"article","og_title":"Itonama - Sorosoro","og_description":"Data collected by the UNICEF Data on the Itonama language Alternative names: Sihnipadara, Machato, Saramo Classification: Itonoma is usually considered as an isolated language. All the studies carried out to try and classify Itonoma with other languages or groups (such as the Paez languages) remain inconclusive at this time. Geographic area: Bolivia, Department of Beni. [&hellip;]","og_url":"https:\/\/www.sorosoro.org\/en\/itonama\/","og_site_name":"Sorosoro","article_modified_time":"2011-06-15T12:37:54+00:00","twitter_card":"summary_large_image","twitter_misc":{"Est. reading time":"4 minutes"},"schema":{"@context":"https:\/\/schema.org","@graph":[{"@type":"WebPage","@id":"https:\/\/www.sorosoro.org\/en\/itonama\/","url":"https:\/\/www.sorosoro.org\/en\/itonama\/","name":"Itonama - Sorosoro","isPartOf":{"@id":"https:\/\/www.sorosoro.org\/en\/#website"},"datePublished":"2011-06-14T22:57:07+00:00","dateModified":"2011-06-15T12:37:54+00:00","breadcrumb":{"@id":"https:\/\/www.sorosoro.org\/en\/itonama\/#breadcrumb"},"inLanguage":"en-US","potentialAction":[{"@type":"ReadAction","target":["https:\/\/www.sorosoro.org\/en\/itonama\/"]}]},{"@type":"BreadcrumbList","@id":"https:\/\/www.sorosoro.org\/en\/itonama\/#breadcrumb","itemListElement":[{"@type":"ListItem","position":1,"name":"Accueil","item":"https:\/\/www.sorosoro.org\/en\/"},{"@type":"ListItem","position":2,"name":"Itonama"}]},{"@type":"WebSite","@id":"https:\/\/www.sorosoro.org\/en\/#website","url":"https:\/\/www.sorosoro.org\/en\/","name":"Sorosoro","description":"Pour que vivent les langues du monde !","potentialAction":[{"@type":"SearchAction","target":{"@type":"EntryPoint","urlTemplate":"https:\/\/www.sorosoro.org\/en\/?s={search_term_string}"},"query-input":{"@type":"PropertyValueSpecification","valueRequired":true,"valueName":"search_term_string"}}],"inLanguage":"en-US"}]}},"_links":{"self":[{"href":"https:\/\/www.sorosoro.org\/en\/wp-json\/wp\/v2\/pages\/50419","targetHints":{"allow":["GET"]}}],"collection":[{"href":"https:\/\/www.sorosoro.org\/en\/wp-json\/wp\/v2\/pages"}],"about":[{"href":"https:\/\/www.sorosoro.org\/en\/wp-json\/wp\/v2\/types\/page"}],"author":[{"embeddable":true,"href":"https:\/\/www.sorosoro.org\/en\/wp-json\/wp\/v2\/users\/18"}],"replies":[{"embeddable":true,"href":"https:\/\/www.sorosoro.org\/en\/wp-json\/wp\/v2\/comments?post=50419"}],"version-history":[{"count":0,"href":"https:\/\/www.sorosoro.org\/en\/wp-json\/wp\/v2\/pages\/50419\/revisions"}],"wp:attachment":[{"href":"https:\/\/www.sorosoro.org\/en\/wp-json\/wp\/v2\/media?parent=50419"}],"curies":[{"name":"wp","href":"https:\/\/api.w.org\/{rel}","templated":true}]}}