{"id":49620,"date":"2011-06-04T22:45:40","date_gmt":"2011-06-04T20:45:40","guid":{"rendered":"http:\/\/www.sorosoro.org\/?page_id=49620"},"modified":"2011-06-04T22:50:46","modified_gmt":"2011-06-04T20:50:46","slug":"krenak","status":"publish","type":"page","link":"https:\/\/www.sorosoro.org\/en\/krenak\/","title":{"rendered":"Krenak"},"content":{"rendered":"<p style=\"text-align: justify;\"><em>Data collected by the UNICEF<\/em><\/p>\n<h5>Data on the Krenak language<\/h5>\n<p style=\"text-align: justify;\"><strong>Alternative names<\/strong>: Kr\u00e9n, Botocudo, Eastern Botocudo, Krenaque, Aimor\u00e9, Aymor\u00e9, Nakreh\u00e9, Uti-krag, Munh\u00e3jirum mi\u00f1ajirum, Morun, Gueren.<\/p>\n<p style=\"text-align: justify;\"><em>The name \u201cBotocudo\u201d was used by the first Portuguese colonists to refer to several different populations. It is in fact a reference to the lip plates worn by members of those groups.Krenak shall therefore not be mistaken for Kaingang or Xokleng, also called \u201cBorocudo\u201d at the time. Kr\u00e9n is the autoethnonym.<\/em><\/p>\n<p style=\"text-align: justify;\"><strong>Main dialects<\/strong>: It is difficult to talk about Krenak dialects today given the small number of speakers. It is possible that the names nakreh\u00e9, uti-krag and munh\u00e3jirum refer to old variations of Krenak. Gueren and Aymor\u00e9, now extinguished, are sometimes considered as variations of the same \u201cBotocudo\u201d language, such as Krenak. It appears that some Krenaks currently refer to their language under the name Borun, which sometimes also referred to Gueren.<\/p>\n<p style=\"text-align: justify;\"><strong>Classification<\/strong>: <a href=\"https:\/\/www.sorosoro.org\/en\/macro-je-languages\">Macro-J\u00ea<\/a>, Krenak (or Botocudo) languages.<\/p>\n<p style=\"text-align: justify;\">We are following the classification given by Aryon Rodrigues (1999).<\/p>\n<p style=\"text-align: justify;\">The association of the family of J\u00ea languages to the Kamak\u00e3, Maxakal\u00ed, Kren\u00e1k, Pur, Kariri families and the Guato and Rikbaktsa isolated languages in a \u201csuper-family\u201d called \u201cMacro-J\u00ea\u201d is an hypothesis now considered as highly possible despite the lack of data on some of those languages.<\/p>\n<p style=\"text-align: justify;\">The group of Krenak (or Botocudo) languages is sometimes considered as a vernacular group among which two of the three main variations are now dead: Aymor\u00e9 and Gueren. Others consider that it is a group of three different languages although they are close. Given the current knowledge regarding Gueren and especially regarding Aymor\u00e9, it is impossible to settle this issue.<\/p>\n<p style=\"text-align: justify;\"><strong>Geographic area<\/strong>: Brazil, State of Minas Gerais, left bank of the Doce river, around the towns of Ipatinga, Diamantina and Governador Valadares.<\/p>\n<p style=\"text-align: justify;\"><strong>Number of speakers<\/strong>: The 2010 census of the FUNASA established an \u201cethnic\u201d population revolving around 350 people but very few of them speak the language. According to Seki (1985), \u201cless than 20 elderly people would still have some knowledge of the language\u201d. The ISA talks about a dozen speakers, mainly old women.<\/p>\n<p style=\"text-align: justify;\"><strong>Status of the language<\/strong>: No official status.<\/p>\n<p style=\"text-align: justify;\">According to <em>Linguam\u00f3n <\/em>: \u201cPortuguese is Brazil&#8217;s only official language. The country&#8217;s only linguistic legislation concerning other tongues refers to schooling and is restricted to bilingual and intercultural primary education (exclusively in indigenous communities), although there are actually few trained bilingual teachers.\u201d<\/p>\n<p style=\"text-align: justify;\"><strong>Vitality and Transmission<\/strong>:<\/p>\n<p style=\"text-align: justify;\">According to the UNESCO, the language is \u201ccritically endangered\u201d, on the verge of disappearing. Speakers are very old and the younger generations are monolingual in Portuguese.<\/p>\n<p style=\"text-align: justify;\">\n<h5>Historical observations<\/h5>\n<p style=\"text-align: justify;\">Nowadays, the Krenak are the last group of Eastern Botocudos. They live on a tiny territory  which they struggled to obtain.<\/p>\n<p style=\"text-align: justify;\">Before colonisation, the Krenak were semi-nomad hunter-gatherers (and fishermen) who lived in the forests on the Atlantic coast of the current Brazil, in the area of All Saints&#8217; Bay. They were driven out of the area by the Tupi and settled on the banks of the Doce river.<\/p>\n<p style=\"text-align: justify;\">When European colonists settled in the region, the Krenak were one of the first native populations  of Brazil who resisted colonisation the most. They were the victim of very negative representations by the colonists, accused of cannibalism (which has ever been proven), of being violent and rebellious towards civilisation. The Portuguese colonial government started several \u201cfair wars\u201d against them in order to bring peace and force them to settle in the beginning of the 19th century.<\/p>\n<p style=\"text-align: justify;\">During the 20th century, they have continuously been the victim of power extortion, confined and moved, the most rebellious of them imprisoned in \u201ccentres for indigenous re-education\u201d and their territory has been occupied by force. In 1971, they were given a 4,000 hectare reservation on the Rio Duce, but the governor at that time took it back and moved them to Fazenda Guarani, without any river to fish from or clay for pottery, where other ethnic groups also lived (mainly Pataxo and Guarani people).<\/p>\n<p style=\"text-align: justify;\">As they couldn&#8217;t survive in those conditions, a part of the Krenak people decided to settle back on the banks of the Rio Doce, on a tiny 68 hectare territory. Only in 1997 was the 4,000 hectare territory, originally given legally in 1971, officially given back to them.<\/p>\n<p style=\"text-align: justify;\">The main challenge the Krenak have to face today is to survive economically and culturally on this poor and limited territory, its integrity being  threatened by the farms and inhabitants of the surrounding cities who  aren&#8217;t too pleased about it.<\/p>\n<p style=\"text-align: justify;\">For more information on the Krenak, see pages dedicated to them on the must-see <a href=\"http:\/\/pib.socioambiental.org\/en\/povo\/krenak\" target=\"_blank\"><em>Povos Ind\u00edgenas no Brasil<\/em> website<\/a> (in English and Portuguese).<\/p>\n<p style=\"text-align: justify;\">\n<h5>Sources<\/h5>\n<p style=\"text-align: justify;\">De Castro Alves, Fl\u00e1via (2010). <em>Brasil no Amaz\u00f3nico<\/em>. In \u00ab <a href=\"http:\/\/www.movilizando.org\/atlas_tomo1\/pages\/tomo_1.pdf\" target=\"_blank\">Atlas socioling\u00fc\u00edstico de pueblos ind\u00edgenas en Am\u00e9rica Latina <\/a>\u00bb, UNICEF. Part 1, pp 265-280.<\/p>\n<p style=\"text-align: justify;\">Fabre, Alain. 2005. Diccionario etnoling\u00fc\u00edstico y gu\u00eda bibliogr\u00e1fica de los pueblos ind\u00edgenas sudamericanos. <a href=\"http:\/\/butler.cc.tut.fi\/~fabre\/BookInternetVersio\/Dic=Botocudo.pdf\" target=\"_blank\">Available online<\/a> [11\/05\/2011]<\/p>\n<p style=\"text-align: justify;\">\n<h5>Online Sources<\/h5>\n<p style=\"text-align: justify;\"><a href=\"http:\/\/atlaspueblosindigenas.files.wordpress.com\/2010\/05\/krenak.pdf \" target=\"_blank\">Data collected by the UNICEF on Krenak<\/a> [11\/05\/2011]<\/p>\n<p style=\"text-align: justify;\"><a href=\"http:\/\/pib.socioambiental.org\/en\/povo\/krenak\" target=\"_blank\">Pages dedicated to Krenak on the <em>Povos Ind\u00edgenas no Brasil <\/em>website<\/a> (in English and Portuguese)\u00a0[11\/05\/2011]<\/p>\n<p style=\"text-align: justify;\"><a href=\"http:\/\/www10.gencat.net\/pres_casa_llengues\/AppJava\/frontend\/llengues_detall.jsp?id=821&amp;idioma=8 \" target=\"_blank\">Pages dedicated to Krenak on the <em>Linguam\u00f3n <\/em>website<\/a> [11\/05\/2011]<\/p>\n<p style=\"text-align: justify;\">\n<h5>Additional bibliography<\/h5>\n<p style=\"text-align: justify;\">Ara\u00fajo, Ana Val\u00e9ria 1996. \u00ab Por unanimidade, a reconquista da terra Krenak \u00bb. En: Carlos Alberto Ricardo (ed.), P<em>ovos Ind\u00edgenas no Brasil<\/em> 1991\/1995: 695-696. S\u00e3o Paulo: ISA.<\/p>\n<p style=\"text-align: justify;\">Pessoa, Katia Nepomuceno 2008. <em>A l\u00edngua Krenak: fonologia n\u00e3o-linear e aspectos morfossint\u00e1ticos<\/em>. Anais do SETA, 1: 389-394.<\/p>\n<p style=\"text-align: justify;\">Rodrigues, Ayron D. 1999. \u00ab Macro-J\u00ea \u00bb In R.M.W. Dixon and Alexandra Y.Aikhenvald, (eds) <em>The Amazonian languages<\/em>,  Cambridge University Press.<\/p>\n<p style=\"text-align: justify;\">Seki, Lucy F. 1984. <em>Botocudos. Notas para a hist\u00f3ria de uma superviv\u00eancia<\/em>. Campinas, SP (ms.).<\/p>\n<p style=\"text-align: justify;\">Seki, Lucy F. 1985. <em>Descri\u00e7\u00e3o da l\u00edngua Krenak\/Nakreh\u00e9<\/em>. Campinas, SP (ms.)<\/p>\n<p style=\"text-align: justify;\">\n<p style=\"text-align: justify;\">See the <a href=\"http:\/\/www.movilizando.org\/atlas_tomo1\/pages\/tomo_1.pdf\" target=\"_blank\">Atlas socioling\u00fc\u00edstico de pueblos ind\u00edgenas en Am\u00e9rica Latina<\/a> and <a href=\"http:\/\/butler.cc.tut.fi\/~fabre\/BookInternetVersio\/Dic=Botocudo.pdf\" target=\"_blank\">Fabre (2005)<\/a> for a complete bibliography.<\/p>\n<p style=\"text-align: justify;\">\n<p style=\"text-align: justify;\">\n","protected":false},"excerpt":{"rendered":"<p>Data collected by the UNICEF Data on the Krenak language Alternative names: Kr\u00e9n, Botocudo, Eastern Botocudo, Krenaque, Aimor\u00e9, Aymor\u00e9, Nakreh\u00e9, Uti-krag, Munh\u00e3jirum mi\u00f1ajirum, Morun, Gueren. The name \u201cBotocudo\u201d was used by the first Portuguese colonists to refer to several different populations. It is in fact a reference to the lip plates worn by members of [&hellip;]<\/p>\n","protected":false},"author":18,"featured_media":0,"parent":0,"menu_order":0,"comment_status":"closed","ping_status":"open","template":"","meta":{"footnotes":""},"class_list":["post-49620","page","type-page","status-publish","hentry"],"yoast_head":"<!-- This site is optimized with the Yoast SEO plugin v27.0 - https:\/\/yoast.com\/product\/yoast-seo-wordpress\/ -->\n<title>Krenak - Sorosoro<\/title>\n<meta name=\"robots\" content=\"index, follow, max-snippet:-1, max-image-preview:large, max-video-preview:-1\" \/>\n<link rel=\"canonical\" href=\"https:\/\/www.sorosoro.org\/en\/krenak\/\" \/>\n<meta property=\"og:locale\" content=\"en_US\" \/>\n<meta property=\"og:type\" content=\"article\" \/>\n<meta property=\"og:title\" content=\"Krenak - Sorosoro\" \/>\n<meta property=\"og:description\" content=\"Data collected by the UNICEF Data on the Krenak language Alternative names: Kr\u00e9n, Botocudo, Eastern Botocudo, Krenaque, Aimor\u00e9, Aymor\u00e9, Nakreh\u00e9, Uti-krag, Munh\u00e3jirum mi\u00f1ajirum, Morun, Gueren. The name \u201cBotocudo\u201d was used by the first Portuguese colonists to refer to several different populations. It is in fact a reference to the lip plates worn by members of [&hellip;]\" \/>\n<meta property=\"og:url\" content=\"https:\/\/www.sorosoro.org\/en\/krenak\/\" \/>\n<meta property=\"og:site_name\" content=\"Sorosoro\" \/>\n<meta property=\"article:modified_time\" content=\"2011-06-04T20:50:46+00:00\" \/>\n<meta name=\"twitter:card\" content=\"summary_large_image\" \/>\n<meta name=\"twitter:label1\" content=\"Est. reading time\" \/>\n\t<meta name=\"twitter:data1\" content=\"5 minutes\" \/>\n<script type=\"application\/ld+json\" class=\"yoast-schema-graph\">{\"@context\":\"https:\/\/schema.org\",\"@graph\":[{\"@type\":\"WebPage\",\"@id\":\"https:\/\/www.sorosoro.org\/en\/krenak\/\",\"url\":\"https:\/\/www.sorosoro.org\/en\/krenak\/\",\"name\":\"Krenak - Sorosoro\",\"isPartOf\":{\"@id\":\"https:\/\/www.sorosoro.org\/en\/#website\"},\"datePublished\":\"2011-06-04T20:45:40+00:00\",\"dateModified\":\"2011-06-04T20:50:46+00:00\",\"breadcrumb\":{\"@id\":\"https:\/\/www.sorosoro.org\/en\/krenak\/#breadcrumb\"},\"inLanguage\":\"en-US\",\"potentialAction\":[{\"@type\":\"ReadAction\",\"target\":[\"https:\/\/www.sorosoro.org\/en\/krenak\/\"]}]},{\"@type\":\"BreadcrumbList\",\"@id\":\"https:\/\/www.sorosoro.org\/en\/krenak\/#breadcrumb\",\"itemListElement\":[{\"@type\":\"ListItem\",\"position\":1,\"name\":\"Accueil\",\"item\":\"https:\/\/www.sorosoro.org\/en\/\"},{\"@type\":\"ListItem\",\"position\":2,\"name\":\"Krenak\"}]},{\"@type\":\"WebSite\",\"@id\":\"https:\/\/www.sorosoro.org\/en\/#website\",\"url\":\"https:\/\/www.sorosoro.org\/en\/\",\"name\":\"Sorosoro\",\"description\":\"Pour que vivent les langues du monde !\",\"potentialAction\":[{\"@type\":\"SearchAction\",\"target\":{\"@type\":\"EntryPoint\",\"urlTemplate\":\"https:\/\/www.sorosoro.org\/en\/?s={search_term_string}\"},\"query-input\":{\"@type\":\"PropertyValueSpecification\",\"valueRequired\":true,\"valueName\":\"search_term_string\"}}],\"inLanguage\":\"en-US\"}]}<\/script>\n<!-- \/ Yoast SEO plugin. -->","yoast_head_json":{"title":"Krenak - Sorosoro","robots":{"index":"index","follow":"follow","max-snippet":"max-snippet:-1","max-image-preview":"max-image-preview:large","max-video-preview":"max-video-preview:-1"},"canonical":"https:\/\/www.sorosoro.org\/en\/krenak\/","og_locale":"en_US","og_type":"article","og_title":"Krenak - Sorosoro","og_description":"Data collected by the UNICEF Data on the Krenak language Alternative names: Kr\u00e9n, Botocudo, Eastern Botocudo, Krenaque, Aimor\u00e9, Aymor\u00e9, Nakreh\u00e9, Uti-krag, Munh\u00e3jirum mi\u00f1ajirum, Morun, Gueren. The name \u201cBotocudo\u201d was used by the first Portuguese colonists to refer to several different populations. It is in fact a reference to the lip plates worn by members of [&hellip;]","og_url":"https:\/\/www.sorosoro.org\/en\/krenak\/","og_site_name":"Sorosoro","article_modified_time":"2011-06-04T20:50:46+00:00","twitter_card":"summary_large_image","twitter_misc":{"Est. reading time":"5 minutes"},"schema":{"@context":"https:\/\/schema.org","@graph":[{"@type":"WebPage","@id":"https:\/\/www.sorosoro.org\/en\/krenak\/","url":"https:\/\/www.sorosoro.org\/en\/krenak\/","name":"Krenak - Sorosoro","isPartOf":{"@id":"https:\/\/www.sorosoro.org\/en\/#website"},"datePublished":"2011-06-04T20:45:40+00:00","dateModified":"2011-06-04T20:50:46+00:00","breadcrumb":{"@id":"https:\/\/www.sorosoro.org\/en\/krenak\/#breadcrumb"},"inLanguage":"en-US","potentialAction":[{"@type":"ReadAction","target":["https:\/\/www.sorosoro.org\/en\/krenak\/"]}]},{"@type":"BreadcrumbList","@id":"https:\/\/www.sorosoro.org\/en\/krenak\/#breadcrumb","itemListElement":[{"@type":"ListItem","position":1,"name":"Accueil","item":"https:\/\/www.sorosoro.org\/en\/"},{"@type":"ListItem","position":2,"name":"Krenak"}]},{"@type":"WebSite","@id":"https:\/\/www.sorosoro.org\/en\/#website","url":"https:\/\/www.sorosoro.org\/en\/","name":"Sorosoro","description":"Pour que vivent les langues du monde !","potentialAction":[{"@type":"SearchAction","target":{"@type":"EntryPoint","urlTemplate":"https:\/\/www.sorosoro.org\/en\/?s={search_term_string}"},"query-input":{"@type":"PropertyValueSpecification","valueRequired":true,"valueName":"search_term_string"}}],"inLanguage":"en-US"}]}},"_links":{"self":[{"href":"https:\/\/www.sorosoro.org\/en\/wp-json\/wp\/v2\/pages\/49620","targetHints":{"allow":["GET"]}}],"collection":[{"href":"https:\/\/www.sorosoro.org\/en\/wp-json\/wp\/v2\/pages"}],"about":[{"href":"https:\/\/www.sorosoro.org\/en\/wp-json\/wp\/v2\/types\/page"}],"author":[{"embeddable":true,"href":"https:\/\/www.sorosoro.org\/en\/wp-json\/wp\/v2\/users\/18"}],"replies":[{"embeddable":true,"href":"https:\/\/www.sorosoro.org\/en\/wp-json\/wp\/v2\/comments?post=49620"}],"version-history":[{"count":0,"href":"https:\/\/www.sorosoro.org\/en\/wp-json\/wp\/v2\/pages\/49620\/revisions"}],"wp:attachment":[{"href":"https:\/\/www.sorosoro.org\/en\/wp-json\/wp\/v2\/media?parent=49620"}],"curies":[{"name":"wp","href":"https:\/\/api.w.org\/{rel}","templated":true}]}}