{"id":49608,"date":"2011-06-04T22:32:05","date_gmt":"2011-06-04T20:32:05","guid":{"rendered":"http:\/\/www.sorosoro.org\/?page_id=49608"},"modified":"2011-06-04T22:33:38","modified_gmt":"2011-06-04T20:33:38","slug":"ofaye","status":"publish","type":"page","link":"https:\/\/www.sorosoro.org\/en\/ofaye\/","title":{"rendered":"Ofay\u00e9"},"content":{"rendered":"<p style=\"text-align: justify; \"><em>Data collected by the UNICEF<\/em><\/p>\n<h5>Data on the Ofay\u00e9 language<\/h5>\n<p style=\"text-align: justify; \"><strong>Alternative names<\/strong>: Ofai\u00e9, opay\u00e9, opai\u00e9, fae, ofai\u00e9-xavante, guachi, guaxi.<\/p>\n<p style=\"text-align: justify; \"><em>\u201cOfay\u00e9\/Opai\u00e9\u201d (with a central consonant uttered between the \u201cp\u201d and \u201cf\u201d sounds) corresponds to the autoethnonym. \u201cXavante\u201d (\u201cMen of the savanna\u201d) which was the name given by Portuguese colonists to several distinctive populations. The Ofay\u00e9 should not be mistaken for the Xavante of the J\u00ea family.<\/em><\/p>\n<p style=\"text-align: justify; \"><strong>Classification<\/strong>: <a href=\"https:\/\/www.sorosoro.org\/en\/macro-je-languages\">Phylum Macro-J\u00ea<\/a><\/p>\n<p style=\"text-align: justify; \"><em>We are following Rodrigues here, who includes the Ofay\u00e9 language, which in fact was for a long time considered as isolated, in a \u201cmacro-J\u00ea\u201d family including the J\u00ea languages themselves and other isolated families or languages such as the Kamak\u00e3, Maxakal\u00ed, Kren\u00e1k, Pur, Kariri families and the Guato and Rikbaktsa isolated languages.<\/em><\/p>\n<p style=\"text-align: justify; \"><em>This \u201cphylum Macro J\u00ea\u201d is a hypothesis now considered as highly possible despite the lack of data on some of those languages.<\/em><\/p>\n<p style=\"text-align: justify; \"><strong>Geographic area<\/strong>: Brazil, Mato Grosso do Sul, Municipality of Brasil\u00e2ndia, mainly in the Ofay\u00e9-Xavante Indigeneous Territory and on the banks of the Rios Verde, Vacaris and Ivinhema.<\/p>\n<p style=\"text-align: justify; \"><strong>Number of speakers<\/strong>: According to the ISA, the global Ofay\u00e9 population would be constituted of approximately 60 people. The number of speakers probably doesn&#8217;t exceed fifteen people.<\/p>\n<p style=\"text-align: justify; \"><strong>Status of the language<\/strong>: No official status.<\/p>\n<p style=\"text-align: justify; \">According to <em>Linguam\u00f3n<\/em>: \u201cPortuguese is Brazil&#8217;s only official language. The country&#8217;s only linguistic legislation concerning other tongues refers to schooling and is restricted to bilingual and intercultural primary education (exclusively in indigenous communities), although there are actually few trained bilingual teachers.\u201d<\/p>\n<p style=\"text-align: justify; \"><strong>Vitality and transmission<\/strong>: The language is considered as \u201ccritically endangered\u201d by the UNESCO, meaning it is on the verge of disappearing. Less than a third of the Ofay\u00e9 speak the ancestral language, others speak Portuguese or for some of them, Kaiowa.<\/p>\n<p style=\"text-align: justify; \">\n<h5>Historical observations<\/h5>\n<p style=\"text-align: justify; \">Until the beginning of the 20th century, the Ofay\u00e9 population probably included thousands of people. In 1903, the population was estimated at 2,000 people. The Ofay\u00e9 were semi-nomad hunter-gatherers who lived in the savanna region along the borders of the Atlantic forest. Their traditional territory was spread out from Serra do Maracaju to high-Paran\u00e1.<\/p>\n<p style=\"text-align: justify; \">The progress of colonialism and development of breeding farms forced them to move more often from the beginning of the 19th century. The population drastically decreased during the 20th century. Evacuated and deported several times between the seventies and the late eighties, sent from reservation to reservation, on low quality lands without any rivers to fish from (essential activity for the Ofay\u00e9 economy), far from their original land, they have tried many times to settle on the rare non-exploited areas surrounding Parana or to \u201csquat\u201d in the farms established on their original territories, such as the Boa Esperen\u00e7a farm from which they were evicted by farmers, sometimes violently.<\/p>\n<p style=\"text-align: justify; \">\u201cStrangers on their own land\u201d according to former leader Ata\u00edde Xetih\u00e2-ha, they were struck by \u201cwestern\u201d diseases and malnutrition. In 1976, the newspaper O Estado de S\u00e3o Paulo published an article on a group of 24 sick, malnourished Ofay\u00e9 with no land and started drawing society&#8217;s attention to the fate awaiting them.<\/p>\n<p style=\"text-align: justify; \">Only since the late nineties did the Ofay\u00e9 manage to take over a small part of this territory. Their title deed is still waiting to be signed by the President of the Brazilian Republic.<\/p>\n<p style=\"text-align: justify; \">For more information on the Ofay\u00e9, see pages dedicated to them on the must-see <a href=\"http:\/\/pib.socioambiental.org\/en\/povo\/ofaie\" target=\"_blank\"><em>Povos Ind\u00edgenas no Brasil website<\/em><\/a> (in English and Portuguese).<\/p>\n<p style=\"text-align: justify; \">\n<h5>Sources<\/h5>\n<p style=\"text-align: justify; \">De Castro Alves, Fl\u00e1via (2010). <em>Brasil no Amaz\u00f3nico<\/em>. In \u201c<a href=\"http:\/\/www.movilizando.org\/atlas_tomo1\/pages\/tomo_1.pdf\" target=\"_blank\">Atlas socioling\u00fc\u00edstico de pueblos ind\u00edgenas en Am\u00e9rica Latina<\/a>\u201d, UNICEF. Part 1, pp 265-280.<\/p>\n<p style=\"text-align: justify; \">Fabre, Alain. 2005. <em>Diccionario etnoling\u00fc\u00edstico y gu\u00eda bibliogr\u00e1fica de los pueblos ind\u00edgenas sudamericanos<\/em>. <a href=\"http:\/\/butler.cc.tut.fi\/%7Efabre\/BookInternetVersio\/Dic=Ofai%E9.pdf \" target=\"_blank\">Available online<\/a> [11\/05\/2011]<\/p>\n<p style=\"text-align: justify; \">\n<h5>Online Sources<\/h5>\n<p style=\"text-align: justify; \"><a href=\"http:\/\/atlaspueblosindigenas.files.wordpress.com\/2010\/05\/ofaye.pdf \" target=\"_blank\">Data collected by the UNICEF on Ofay\u00e9<\/a> [11\/05\/2011]<\/p>\n<p style=\"text-align: justify; \"><a href=\"http:\/\/pib.socioambiental.org\/en\/povo\/ofaie\" target=\"_blank\">Pages dedicated to the Ofay\u00e9 on the <em>Povos Ind\u00edgenas no Brasil<\/em> website<\/a> (English and Portuguese)\u00a0[11\/05\/2011]<\/p>\n<p style=\"text-align: justify; \"><a href=\"http:\/\/www10.gencat.net\/pres_casa_llengues\/AppJava\/frontend\/llengues_detall.jsp?id=874&amp;idioma=8 \" target=\"_blank\">Page dedicated to the Ofay\u00e9 on the <em>Linguam\u00f3n <\/em>website<\/a> [11\/05\/2011]<\/p>\n<p style=\"text-align: justify; \">\n<h5>Additional bibliography<\/h5>\n<p style=\"text-align: justify; \">Dutra, Carlos Alberto dos Santos. 1996. <em>Ofai\u00e9: morte e vida de um povo<\/em>. Campo Grande: Instituto Hist\u00f3rico e Geogr\u00e1fico do Mato Grosso do Sul.<\/p>\n<p style=\"text-align: justify; \">Gudschinsky, Sarah C. 1971. \u201cOfaie-Xavante, a J\u00ea language\u201d. <em>Estudos s\u00f4bre l\u00ednguas e culturas ind\u00edgenas<\/em>: 1-16. Bras\u00edlia: SIL.<\/p>\n<p style=\"text-align: justify; \">Rodrigues, Ayron D. 1999. \u00ab Macro-J\u00ea \u00bb In R.M.W. Dixon and Alexandra Y. Aikhenvald, (eds) <em>The Amazonian languages<\/em>, Cambridge University Press.<\/p>\n<p style=\"text-align: justify; \">\n<p style=\"text-align: justify; \">See the <a href=\"http:\/\/www.movilizando.org\/atlas_tomo1\/pages\/tomo_1.pdf\" target=\"_blank\">Atlas socioling\u00fc\u00edstico de pueblos ind\u00edgenas en Am\u00e9rica Latina<\/a> and <a href=\"http:\/\/butler.cc.tut.fi\/%7Efabre\/BookInternetVersio\/Dic=Ofai%E9.pdf \" target=\"_blank\">Fabre (2005)<\/a> for a complete bibliography.<\/p>\n<p style=\"text-align: justify; \">\n<p style=\"text-align: justify; \">\n","protected":false},"excerpt":{"rendered":"<p>Data collected by the UNICEF Data on the Ofay\u00e9 language Alternative names: Ofai\u00e9, opay\u00e9, opai\u00e9, fae, ofai\u00e9-xavante, guachi, guaxi. \u201cOfay\u00e9\/Opai\u00e9\u201d (with a central consonant uttered between the \u201cp\u201d and \u201cf\u201d sounds) corresponds to the autoethnonym. \u201cXavante\u201d (\u201cMen of the savanna\u201d) which was the name given by Portuguese colonists to several distinctive populations. The Ofay\u00e9 should [&hellip;]<\/p>\n","protected":false},"author":18,"featured_media":0,"parent":0,"menu_order":0,"comment_status":"closed","ping_status":"open","template":"","meta":{"footnotes":""},"class_list":["post-49608","page","type-page","status-publish","hentry"],"yoast_head":"<!-- This site is optimized with the Yoast SEO plugin v27.0 - https:\/\/yoast.com\/product\/yoast-seo-wordpress\/ -->\n<title>Ofay\u00e9 - Sorosoro<\/title>\n<meta name=\"robots\" content=\"index, follow, max-snippet:-1, max-image-preview:large, max-video-preview:-1\" \/>\n<link rel=\"canonical\" href=\"https:\/\/www.sorosoro.org\/en\/ofaye\/\" \/>\n<meta property=\"og:locale\" content=\"en_US\" \/>\n<meta property=\"og:type\" content=\"article\" \/>\n<meta property=\"og:title\" content=\"Ofay\u00e9 - Sorosoro\" \/>\n<meta property=\"og:description\" content=\"Data collected by the UNICEF Data on the Ofay\u00e9 language Alternative names: Ofai\u00e9, opay\u00e9, opai\u00e9, fae, ofai\u00e9-xavante, guachi, guaxi. \u201cOfay\u00e9\/Opai\u00e9\u201d (with a central consonant uttered between the \u201cp\u201d and \u201cf\u201d sounds) corresponds to the autoethnonym. \u201cXavante\u201d (\u201cMen of the savanna\u201d) which was the name given by Portuguese colonists to several distinctive populations. The Ofay\u00e9 should [&hellip;]\" \/>\n<meta property=\"og:url\" content=\"https:\/\/www.sorosoro.org\/en\/ofaye\/\" \/>\n<meta property=\"og:site_name\" content=\"Sorosoro\" \/>\n<meta property=\"article:modified_time\" content=\"2011-06-04T20:33:38+00:00\" \/>\n<meta name=\"twitter:card\" content=\"summary_large_image\" \/>\n<meta name=\"twitter:label1\" content=\"Est. reading time\" \/>\n\t<meta name=\"twitter:data1\" content=\"4 minutes\" \/>\n<script type=\"application\/ld+json\" class=\"yoast-schema-graph\">{\"@context\":\"https:\/\/schema.org\",\"@graph\":[{\"@type\":\"WebPage\",\"@id\":\"https:\/\/www.sorosoro.org\/en\/ofaye\/\",\"url\":\"https:\/\/www.sorosoro.org\/en\/ofaye\/\",\"name\":\"Ofay\u00e9 - Sorosoro\",\"isPartOf\":{\"@id\":\"https:\/\/www.sorosoro.org\/en\/#website\"},\"datePublished\":\"2011-06-04T20:32:05+00:00\",\"dateModified\":\"2011-06-04T20:33:38+00:00\",\"breadcrumb\":{\"@id\":\"https:\/\/www.sorosoro.org\/en\/ofaye\/#breadcrumb\"},\"inLanguage\":\"en-US\",\"potentialAction\":[{\"@type\":\"ReadAction\",\"target\":[\"https:\/\/www.sorosoro.org\/en\/ofaye\/\"]}]},{\"@type\":\"BreadcrumbList\",\"@id\":\"https:\/\/www.sorosoro.org\/en\/ofaye\/#breadcrumb\",\"itemListElement\":[{\"@type\":\"ListItem\",\"position\":1,\"name\":\"Accueil\",\"item\":\"https:\/\/www.sorosoro.org\/en\/\"},{\"@type\":\"ListItem\",\"position\":2,\"name\":\"Ofay\u00e9\"}]},{\"@type\":\"WebSite\",\"@id\":\"https:\/\/www.sorosoro.org\/en\/#website\",\"url\":\"https:\/\/www.sorosoro.org\/en\/\",\"name\":\"Sorosoro\",\"description\":\"Pour que vivent les langues du monde !\",\"potentialAction\":[{\"@type\":\"SearchAction\",\"target\":{\"@type\":\"EntryPoint\",\"urlTemplate\":\"https:\/\/www.sorosoro.org\/en\/?s={search_term_string}\"},\"query-input\":{\"@type\":\"PropertyValueSpecification\",\"valueRequired\":true,\"valueName\":\"search_term_string\"}}],\"inLanguage\":\"en-US\"}]}<\/script>\n<!-- \/ Yoast SEO plugin. -->","yoast_head_json":{"title":"Ofay\u00e9 - Sorosoro","robots":{"index":"index","follow":"follow","max-snippet":"max-snippet:-1","max-image-preview":"max-image-preview:large","max-video-preview":"max-video-preview:-1"},"canonical":"https:\/\/www.sorosoro.org\/en\/ofaye\/","og_locale":"en_US","og_type":"article","og_title":"Ofay\u00e9 - Sorosoro","og_description":"Data collected by the UNICEF Data on the Ofay\u00e9 language Alternative names: Ofai\u00e9, opay\u00e9, opai\u00e9, fae, ofai\u00e9-xavante, guachi, guaxi. \u201cOfay\u00e9\/Opai\u00e9\u201d (with a central consonant uttered between the \u201cp\u201d and \u201cf\u201d sounds) corresponds to the autoethnonym. \u201cXavante\u201d (\u201cMen of the savanna\u201d) which was the name given by Portuguese colonists to several distinctive populations. The Ofay\u00e9 should [&hellip;]","og_url":"https:\/\/www.sorosoro.org\/en\/ofaye\/","og_site_name":"Sorosoro","article_modified_time":"2011-06-04T20:33:38+00:00","twitter_card":"summary_large_image","twitter_misc":{"Est. reading time":"4 minutes"},"schema":{"@context":"https:\/\/schema.org","@graph":[{"@type":"WebPage","@id":"https:\/\/www.sorosoro.org\/en\/ofaye\/","url":"https:\/\/www.sorosoro.org\/en\/ofaye\/","name":"Ofay\u00e9 - Sorosoro","isPartOf":{"@id":"https:\/\/www.sorosoro.org\/en\/#website"},"datePublished":"2011-06-04T20:32:05+00:00","dateModified":"2011-06-04T20:33:38+00:00","breadcrumb":{"@id":"https:\/\/www.sorosoro.org\/en\/ofaye\/#breadcrumb"},"inLanguage":"en-US","potentialAction":[{"@type":"ReadAction","target":["https:\/\/www.sorosoro.org\/en\/ofaye\/"]}]},{"@type":"BreadcrumbList","@id":"https:\/\/www.sorosoro.org\/en\/ofaye\/#breadcrumb","itemListElement":[{"@type":"ListItem","position":1,"name":"Accueil","item":"https:\/\/www.sorosoro.org\/en\/"},{"@type":"ListItem","position":2,"name":"Ofay\u00e9"}]},{"@type":"WebSite","@id":"https:\/\/www.sorosoro.org\/en\/#website","url":"https:\/\/www.sorosoro.org\/en\/","name":"Sorosoro","description":"Pour que vivent les langues du monde !","potentialAction":[{"@type":"SearchAction","target":{"@type":"EntryPoint","urlTemplate":"https:\/\/www.sorosoro.org\/en\/?s={search_term_string}"},"query-input":{"@type":"PropertyValueSpecification","valueRequired":true,"valueName":"search_term_string"}}],"inLanguage":"en-US"}]}},"_links":{"self":[{"href":"https:\/\/www.sorosoro.org\/en\/wp-json\/wp\/v2\/pages\/49608","targetHints":{"allow":["GET"]}}],"collection":[{"href":"https:\/\/www.sorosoro.org\/en\/wp-json\/wp\/v2\/pages"}],"about":[{"href":"https:\/\/www.sorosoro.org\/en\/wp-json\/wp\/v2\/types\/page"}],"author":[{"embeddable":true,"href":"https:\/\/www.sorosoro.org\/en\/wp-json\/wp\/v2\/users\/18"}],"replies":[{"embeddable":true,"href":"https:\/\/www.sorosoro.org\/en\/wp-json\/wp\/v2\/comments?post=49608"}],"version-history":[{"count":0,"href":"https:\/\/www.sorosoro.org\/en\/wp-json\/wp\/v2\/pages\/49608\/revisions"}],"wp:attachment":[{"href":"https:\/\/www.sorosoro.org\/en\/wp-json\/wp\/v2\/media?parent=49608"}],"curies":[{"name":"wp","href":"https:\/\/api.w.org\/{rel}","templated":true}]}}