{"id":49596,"date":"2011-06-04T22:10:22","date_gmt":"2011-06-04T20:10:22","guid":{"rendered":"http:\/\/www.sorosoro.org\/?page_id=49596"},"modified":"2011-07-05T17:49:23","modified_gmt":"2011-07-05T15:49:23","slug":"laz","status":"publish","type":"page","link":"https:\/\/www.sorosoro.org\/en\/laz\/","title":{"rendered":"Laz"},"content":{"rendered":"<p>Page elaborated by Ren\u00e9 Lacroix,\u00a0 Max Planck Institute Leipzig, 2011.<\/p>\n<h5><\/h5>\n<h5>Data on the Laz language<\/h5>\n<p style=\"text-align: justify;\"><strong>Alternative names<\/strong>: Chan, Chanuri, Chanzan, Laze, Zan<\/p>\n<p style=\"text-align: justify;\"><strong>Geographic area<\/strong>: Cities of Hopa, Arhavi, F\u0131nd\u0131kl\u0131, Ardesen and Pazar as well as the surrounding villages in the mountains. In Georgia, in a border region with Turkey, mainly in the village of Sarpi.<\/p>\n<p style=\"text-align: justify;\"><strong>Main dialects<\/strong>:<\/p>\n<p style=\"text-align: justify;\">There are generally 4 or 5 types of Laz dialects, corresponding to the cities of Hopa, F\u0131nd\u0131kl\u0131-Arhavi, Pazar and Arde\u015fen.<\/p>\n<p style=\"text-align: justify;\">The variations spoken in F\u0131nd\u0131kl\u0131 and Arhavi are also different on a few levels (Lacroix, 2009).<\/p>\n<p style=\"text-align: justify;\"><strong>Classification<\/strong>: <a href=\"https:\/\/www.sorosoro.org\/en\/south-caucasian-language-family\">Family of South Caucasian or Kartvelian languages<\/a>, Zan branch<\/p>\n<p style=\"text-align: justify;\">Laz and <a href=\"https:\/\/www.sorosoro.org\/en\/mingrelian\">Mingrelian <\/a>are two close languages. They sometimes have been considered as two variations of the same Zan language. Nowadays, linguists tend to consider them as two distinctive languages.<\/p>\n<p style=\"text-align: justify;\"><strong>Number of speakers<\/strong>: There would be 130,000 Laz speakers according to the UNESCO, but this figure seems too high according to other sources. According to the latest Turkish census dating back to 1965, 26,007 people claimed Laz as their mother tongue. Linguam\u00f3n estimates this figure between 30,000 and 50,000 speakers and the website Ethnologue.com counts 33,250 Laz speakers. There would be between 2,000 and 5,000 speakers in Georgia (Lacroix, 2009).<\/p>\n<p style=\"text-align: justify;\"><strong>Status of the language:<\/strong> No official status in Turkey, nor in Georgia.<\/p>\n<p style=\"text-align: justify;\"><strong>Vitality and transmission:<\/strong><\/p>\n<p style=\"text-align: justify;\">Laz is an endangered language according to UNESCO criteria.<\/p>\n<p style=\"text-align: justify;\">Most speakers are bilingual in Laz and Turkish (or Georgian). Turkish and Georgian are the languages of education. The language is being less and less transmitted. Even in villages of the Laz-speaking area, the language is rarely spoken. According to Lacroix (2009), \u201cyoung people under 25 still understand the language but don&#8217;t speak it anymore\u201d. According to Kutscher (2008), \u201cLaz is a language limited to a home usage within limited family circles.\u201d<\/p>\n<p style=\"text-align: justify;\">\n<h5>Bibliography<\/h5>\n<p style=\"text-align: justify;\">Kutscher, Silvia. 2008. <em>The language of the Laz in Turkey: Contact-induced change or gradual language loss ?<\/em> Turkic Languages 12\/1, 82-102<\/p>\n<p style=\"text-align: justify;\">Lacroix, Ren\u00e9. 2009. <em>Description du dialecte laze d&#8217;Arhavi (caucasique du sud, Turquie) &#8211; Grammaire et textes<\/em>. Th\u00e8se, Sciences du langage, Lyon 2, Lyon, xxi + 901 p. <a href=\"http:\/\/theses.univ-lyon2.fr\/documents\/lyon2\/2009\/lacroix_r\/pdfAmont\/lacroix_r_these.pdf\" target=\"_blank\">Available online<\/a><a href=\"http:\/\/theses.univ-lyon2.fr\/documents\/lyon2\/2009\/lacroix_r\/pdfAmont\/lacroix_r_these.pdf\" target=\"_blank\"> (pdf)<\/a> [02\/05\/2011]<\/p>\n<p style=\"text-align: justify;\">\n<h5>Links<\/h5>\n<p style=\"text-align: justify;\"><a href=\"http:\/\/www10.gencat.net\/pres_casa_llengues\/AppJava\/frontend\/llengues_detall.jsp?id=281&amp;idioma=8 \" target=\"_blank\">Page of the <em>Linguam\u00f3n <\/em>website dedicated to the Laz language<\/a> [02\/05\/2011]<\/p>\n<p style=\"text-align: justify;\"><a href=\"http:\/\/www.ethnologue.com\/show_language.asp?code=lzz\" target=\"_blank\">Page of the <em>Ethnologue.com<\/em> website by the SIL on the Laz language<\/a> [02\/05\/2011]<\/p>\n<p style=\"text-align: justify;\">\n","protected":false},"excerpt":{"rendered":"<p>Page elaborated by Ren\u00e9 Lacroix,\u00a0 Max Planck Institute Leipzig, 2011. Data on the Laz language Alternative names: Chan, Chanuri, Chanzan, Laze, Zan Geographic area: Cities of Hopa, Arhavi, F\u0131nd\u0131kl\u0131, Ardesen and Pazar as well as the surrounding villages in the mountains. In Georgia, in a border region with Turkey, mainly in the village of Sarpi. [&hellip;]<\/p>\n","protected":false},"author":18,"featured_media":0,"parent":0,"menu_order":0,"comment_status":"closed","ping_status":"open","template":"","meta":{"footnotes":""},"class_list":["post-49596","page","type-page","status-publish","hentry"],"yoast_head":"<!-- This site is optimized with the Yoast SEO plugin v27.0 - https:\/\/yoast.com\/product\/yoast-seo-wordpress\/ -->\n<title>Laz - Sorosoro<\/title>\n<meta name=\"robots\" content=\"index, follow, max-snippet:-1, max-image-preview:large, max-video-preview:-1\" \/>\n<link rel=\"canonical\" href=\"https:\/\/www.sorosoro.org\/en\/laz\/\" \/>\n<meta property=\"og:locale\" content=\"en_US\" \/>\n<meta property=\"og:type\" content=\"article\" \/>\n<meta property=\"og:title\" content=\"Laz - Sorosoro\" \/>\n<meta property=\"og:description\" content=\"Page elaborated by Ren\u00e9 Lacroix,\u00a0 Max Planck Institute Leipzig, 2011. Data on the Laz language Alternative names: Chan, Chanuri, Chanzan, Laze, Zan Geographic area: Cities of Hopa, Arhavi, F\u0131nd\u0131kl\u0131, Ardesen and Pazar as well as the surrounding villages in the mountains. In Georgia, in a border region with Turkey, mainly in the village of Sarpi. [&hellip;]\" \/>\n<meta property=\"og:url\" content=\"https:\/\/www.sorosoro.org\/en\/laz\/\" \/>\n<meta property=\"og:site_name\" content=\"Sorosoro\" \/>\n<meta property=\"article:modified_time\" content=\"2011-07-05T15:49:23+00:00\" \/>\n<meta name=\"twitter:card\" content=\"summary_large_image\" \/>\n<meta name=\"twitter:label1\" content=\"Est. reading time\" \/>\n\t<meta name=\"twitter:data1\" content=\"2 minutes\" \/>\n<script type=\"application\/ld+json\" class=\"yoast-schema-graph\">{\"@context\":\"https:\/\/schema.org\",\"@graph\":[{\"@type\":\"WebPage\",\"@id\":\"https:\/\/www.sorosoro.org\/en\/laz\/\",\"url\":\"https:\/\/www.sorosoro.org\/en\/laz\/\",\"name\":\"Laz - Sorosoro\",\"isPartOf\":{\"@id\":\"https:\/\/www.sorosoro.org\/en\/#website\"},\"datePublished\":\"2011-06-04T20:10:22+00:00\",\"dateModified\":\"2011-07-05T15:49:23+00:00\",\"breadcrumb\":{\"@id\":\"https:\/\/www.sorosoro.org\/en\/laz\/#breadcrumb\"},\"inLanguage\":\"en-US\",\"potentialAction\":[{\"@type\":\"ReadAction\",\"target\":[\"https:\/\/www.sorosoro.org\/en\/laz\/\"]}]},{\"@type\":\"BreadcrumbList\",\"@id\":\"https:\/\/www.sorosoro.org\/en\/laz\/#breadcrumb\",\"itemListElement\":[{\"@type\":\"ListItem\",\"position\":1,\"name\":\"Accueil\",\"item\":\"https:\/\/www.sorosoro.org\/en\/\"},{\"@type\":\"ListItem\",\"position\":2,\"name\":\"Laz\"}]},{\"@type\":\"WebSite\",\"@id\":\"https:\/\/www.sorosoro.org\/en\/#website\",\"url\":\"https:\/\/www.sorosoro.org\/en\/\",\"name\":\"Sorosoro\",\"description\":\"Pour que vivent les langues du monde !\",\"potentialAction\":[{\"@type\":\"SearchAction\",\"target\":{\"@type\":\"EntryPoint\",\"urlTemplate\":\"https:\/\/www.sorosoro.org\/en\/?s={search_term_string}\"},\"query-input\":{\"@type\":\"PropertyValueSpecification\",\"valueRequired\":true,\"valueName\":\"search_term_string\"}}],\"inLanguage\":\"en-US\"}]}<\/script>\n<!-- \/ Yoast SEO plugin. -->","yoast_head_json":{"title":"Laz - Sorosoro","robots":{"index":"index","follow":"follow","max-snippet":"max-snippet:-1","max-image-preview":"max-image-preview:large","max-video-preview":"max-video-preview:-1"},"canonical":"https:\/\/www.sorosoro.org\/en\/laz\/","og_locale":"en_US","og_type":"article","og_title":"Laz - Sorosoro","og_description":"Page elaborated by Ren\u00e9 Lacroix,\u00a0 Max Planck Institute Leipzig, 2011. Data on the Laz language Alternative names: Chan, Chanuri, Chanzan, Laze, Zan Geographic area: Cities of Hopa, Arhavi, F\u0131nd\u0131kl\u0131, Ardesen and Pazar as well as the surrounding villages in the mountains. In Georgia, in a border region with Turkey, mainly in the village of Sarpi. [&hellip;]","og_url":"https:\/\/www.sorosoro.org\/en\/laz\/","og_site_name":"Sorosoro","article_modified_time":"2011-07-05T15:49:23+00:00","twitter_card":"summary_large_image","twitter_misc":{"Est. reading time":"2 minutes"},"schema":{"@context":"https:\/\/schema.org","@graph":[{"@type":"WebPage","@id":"https:\/\/www.sorosoro.org\/en\/laz\/","url":"https:\/\/www.sorosoro.org\/en\/laz\/","name":"Laz - Sorosoro","isPartOf":{"@id":"https:\/\/www.sorosoro.org\/en\/#website"},"datePublished":"2011-06-04T20:10:22+00:00","dateModified":"2011-07-05T15:49:23+00:00","breadcrumb":{"@id":"https:\/\/www.sorosoro.org\/en\/laz\/#breadcrumb"},"inLanguage":"en-US","potentialAction":[{"@type":"ReadAction","target":["https:\/\/www.sorosoro.org\/en\/laz\/"]}]},{"@type":"BreadcrumbList","@id":"https:\/\/www.sorosoro.org\/en\/laz\/#breadcrumb","itemListElement":[{"@type":"ListItem","position":1,"name":"Accueil","item":"https:\/\/www.sorosoro.org\/en\/"},{"@type":"ListItem","position":2,"name":"Laz"}]},{"@type":"WebSite","@id":"https:\/\/www.sorosoro.org\/en\/#website","url":"https:\/\/www.sorosoro.org\/en\/","name":"Sorosoro","description":"Pour que vivent les langues du monde !","potentialAction":[{"@type":"SearchAction","target":{"@type":"EntryPoint","urlTemplate":"https:\/\/www.sorosoro.org\/en\/?s={search_term_string}"},"query-input":{"@type":"PropertyValueSpecification","valueRequired":true,"valueName":"search_term_string"}}],"inLanguage":"en-US"}]}},"_links":{"self":[{"href":"https:\/\/www.sorosoro.org\/en\/wp-json\/wp\/v2\/pages\/49596","targetHints":{"allow":["GET"]}}],"collection":[{"href":"https:\/\/www.sorosoro.org\/en\/wp-json\/wp\/v2\/pages"}],"about":[{"href":"https:\/\/www.sorosoro.org\/en\/wp-json\/wp\/v2\/types\/page"}],"author":[{"embeddable":true,"href":"https:\/\/www.sorosoro.org\/en\/wp-json\/wp\/v2\/users\/18"}],"replies":[{"embeddable":true,"href":"https:\/\/www.sorosoro.org\/en\/wp-json\/wp\/v2\/comments?post=49596"}],"version-history":[{"count":0,"href":"https:\/\/www.sorosoro.org\/en\/wp-json\/wp\/v2\/pages\/49596\/revisions"}],"wp:attachment":[{"href":"https:\/\/www.sorosoro.org\/en\/wp-json\/wp\/v2\/media?parent=49596"}],"curies":[{"name":"wp","href":"https:\/\/api.w.org\/{rel}","templated":true}]}}