{"id":49586,"date":"2011-06-04T21:47:46","date_gmt":"2011-06-04T19:47:46","guid":{"rendered":"http:\/\/www.sorosoro.org\/?page_id=49586"},"modified":"2011-06-04T21:47:50","modified_gmt":"2011-06-04T19:47:50","slug":"siriono","status":"publish","type":"page","link":"https:\/\/www.sorosoro.org\/en\/siriono\/","title":{"rendered":"Sirion\u00f3"},"content":{"rendered":"<p style=\"text-align: justify;\"><em>Data collected by the UNICEF<\/em><\/p>\n<h5 style=\"text-align: justify;\">Data on the Sirion\u00f3 language<\/h5>\n<p style=\"text-align: justify;\"><strong>Alternative names<\/strong>: Mbia, Chori<\/p>\n<p style=\"text-align: justify;\"><em>\u201cMbia\u201d is the auto-ethnonym. \u201cChori\u201d is a pejorative term widely used by urban populations to talk about the people living in the forest.<\/em><\/p>\n<p style=\"text-align: justify;\"><strong>Main dialects<\/strong>:<\/p>\n<p style=\"text-align: justify;\">There currently are no Sirion\u00f3 dialects per se. It is possible that the Jor\u00e1 (or Hora) language, which appeared in the sixties, could in fact have been a Sirion\u00f3 dialect.<\/p>\n<p style=\"text-align: justify;\"><strong>Classification<\/strong>: <a href=\"https:\/\/www.sorosoro.org\/en\/tupi-languages\">Tupi family<\/a>, Tupi-guarani languages, group II<\/p>\n<p style=\"text-align: justify;\"><strong>Geographical area<\/strong>: Bolivia, Department of Beni, provinces of Cercado, Mamor\u00e9, Moxos and Itenez and the border of the department of Santa Cruz.<\/p>\n<p style=\"text-align: justify;\"><strong>Number of speakers<\/strong>: 187 speakers on a total population of 268 people, according to Crevels (2010). The global population could even rise to 400 by counting children under 15.<\/p>\n<p style=\"text-align: justify;\"><strong>Status of the language<\/strong>: According to the supreme decree 25894 of September 11th, passed in the year 2000, Sirion\u00f3 is one of the \u201cnative languages recognized as official\u201d in Bolivia.<\/p>\n<p style=\"text-align: justify;\"><strong>Teaching<\/strong>: Sirion\u00f3 is used in the local education which is bilingual during the two first years of primary school, before it slowly become monolingual in Spanish.<\/p>\n<p style=\"text-align: justify;\"><strong>Vitality and Transmission<\/strong>: The UNESCO considered Sirion\u00f3 as an endangered language.<\/p>\n<p style=\"text-align: justify;\">According to Crevels, the cross-generational transmittal of the language isn&#8217;t good and \u201cthe children, when they reach secondary school, loose their language even more.\u201d Still according to Crevels, Sirion\u00f3 is \u201cseriously endangered\u201d.<\/p>\n<p style=\"text-align: justify;\">\n<h5 style=\"text-align: justify;\">Historical and ethnographic observations<\/h5>\n<p style=\"text-align: justify;\">Two theories are opposed regarding the origin of Sirion\u00f3s. According to one of them, current Sirion\u00f3s would descent from Guarani populations who moved from the coastal forests of South Brazil to current Bolivia before the 16th century. Another theory says that they came from Paraguay, the same way Chiriguanos did, during the 16th century. They are close to the  Jor\u00e1 and the Yuquis from which they would have parted 300 years ago.<\/p>\n<p style=\"text-align: justify;\">According to anthropologist Stearman, and unlike the Chiriguanos, the Sirion\u00f3s have increased their nomadism faced with the colonial pressure and Spanish conquistadors. They have therefore avoided any contact with the colonial society for a long time.<\/p>\n<p style=\"text-align: justify;\">In the forties, anthropologist Allan Homberg stayed with the Sirion\u00f3s. This anthropological work is considered as a classic of anthropological literature. He showed that under the looks of a nomad population of hunters-gatherers, the Sirion\u00f3 society has a complex and developed relationship to the natural environment they live in.<\/p>\n<p style=\"text-align: justify;\">Half-nomad hunters-gatherers by tradition, the Sirion\u00f3s live in a mostly forested environment, in the Bolivian part of the Amazon forest. Hunting, a prestigious activity, fishing and gathering are progressively loosing their importance because their environment is deteriorating. It is more threatened everyday by deforestation, farm estates and animal farming, and the road running from Trinidad to Santa Cruz.<\/p>\n<p style=\"text-align: justify;\">They also do slash-and-burn farming at a small scale and beekeeping, honey being a major trade resource for Sirion\u00f3 communities.<\/p>\n<p style=\"text-align: justify;\">The Sirion\u00f3s People Council is a member of the<a href=\"http:\/\/www.cidob-bo.org\/regionales\/cpib.htm\" target=\"_blank\"> Center of Indigenous Peoples of Beni<\/a>, which plays an important role in the indigenous movements of protest in Bolivia. In 1990, they got a collective property title over a territory of over 60 000 hectares.<\/p>\n<p style=\"text-align: justify;\">Although they say they are mostly &#8220;evangelists&#8221;, they really combine several practices and beliefs from they ancestral mythology.<\/p>\n<p style=\"text-align: justify;\">For more information on the Sirion\u00f3 people, see the pages dedicated to them on <a href=\"http:\/\/www.amazonia.bo\/siri.php\" target=\"_blank\">the website <em>Amazonia.bo<\/em><\/a> (in Spanish).<\/p>\n<p style=\"text-align: justify;\">\n<h5>Sources<\/h5>\n<p style=\"text-align: justify;\">Crevels, Mily (2010) <em>Bolivia Amaz\u00f3nica<\/em> In \u00ab <a href=\"http:\/\/www.movilizando.org\/atlas_tomo1\/pages\/tomo_1.pdf\" target=\"_blank\">Atlas socioling\u00fc\u00edstico de pueblos ind\u00edgenas en Am\u00e9rica Latina<\/a> \u00bb, UNICEF. Tome 1, pp 281-300.<\/p>\n<p style=\"text-align: justify;\">Fabre, Alain. 2005. <em>Diccionario etnoling\u00fc\u00edstico y gu\u00eda bibliogr\u00e1fica de los pueblos ind\u00edgenas sudamericanos<\/em>. <a href=\"http:\/\/butler.cc.tut.fi\/~fabre\/BookInternetVersio\/Alkusivu.html\" target=\"_blank\">Available online<\/a> [04\/05\/2011]<\/p>\n<p style=\"text-align: justify;\">\n<h5>Online sources<\/h5>\n<p style=\"text-align: justify;\"><a href=\"http:\/\/atlaspueblosindigenas.files.wordpress.com\/2010\/05\/sirinio.pdf \" target=\"_blank\">Data collected by the UNICEF on Sirion\u00f3<\/a> [04\/05\/2011]<\/p>\n<p style=\"text-align: justify;\">\n<h5>Additional bibliography<\/h5>\n<p style=\"text-align: justify;\">Holmberg, Allan R. 1948. <em>The Sirion\u00f3<\/em>. HSAI 3: 455-463.<\/p>\n<p style=\"text-align: justify;\">Holmberg, Allan R. 1950. <em>Nomads of the long bow. The Sirion\u00f3 of Eastern Bolivia<\/em>. Washington: Smithsonian Institution.<\/p>\n<p style=\"text-align: justify;\">Molina, Ramiro y Xavier Alb\u00f3. 2006. <em>Gama \u00e9tnica y ling\u00fc\u00edstica de la poblaci\u00f3n boliviana<\/em>. La Paz: Sistema de las Naciones Unidas en Bolivia.<\/p>\n<p style=\"text-align: justify;\">PROEIB Andes. 2000. <em>Estudios socioling\u00fc\u00edsticos y socioeducativos con pueblos originarios de tierras bajas de Bolivia<\/em>. Informe final. Cochabamba (Mimeo).<\/p>\n<p style=\"text-align: justify;\">Stearman, Allyn. 1987. N<em>o longer nomads: the sirion\u00f3 revisited<\/em>. Hamilton Press, I 66p.<\/p>\n<p style=\"text-align: justify;\">Teijeiro, Jos\u00e9. 2007. <em>Regionalizaci\u00f3n y diversidad \u00e9tnica cultural en las tierras bajas y sectores del subandino amaz\u00f3nico y platense de Bolivia<\/em>. La Paz: Plural Editores.<\/p>\n<p style=\"text-align: justify;\">\n<p style=\"text-align: justify;\">See the <a href=\"http:\/\/www.movilizando.org\/atlas_tomo1\/pages\/tomo_1.pdf\" target=\"_blank\">Atlas socioling\u00fc\u00edstico de pueblos ind\u00edgenas en Am\u00e9rica Latina<\/a> and <a href=\"http:\/\/butler.cc.tut.fi\/~fabre\/BookInternetVersio\/Dic=Tupi.pdf\" target=\"_blank\">Fabre (2005)<\/a> for a complete bibliography.<\/p>\n<p style=\"text-align: justify;\">\n","protected":false},"excerpt":{"rendered":"<p>Data collected by the UNICEF Data on the Sirion\u00f3 language Alternative names: Mbia, Chori \u201cMbia\u201d is the auto-ethnonym. \u201cChori\u201d is a pejorative term widely used by urban populations to talk about the people living in the forest. Main dialects: There currently are no Sirion\u00f3 dialects per se. It is possible that the Jor\u00e1 (or Hora) [&hellip;]<\/p>\n","protected":false},"author":18,"featured_media":0,"parent":0,"menu_order":0,"comment_status":"closed","ping_status":"open","template":"","meta":{"footnotes":""},"class_list":["post-49586","page","type-page","status-publish","hentry"],"yoast_head":"<!-- This site is optimized with the Yoast SEO plugin v27.0 - https:\/\/yoast.com\/product\/yoast-seo-wordpress\/ -->\n<title>Sirion\u00f3 - Sorosoro<\/title>\n<meta name=\"robots\" content=\"index, follow, max-snippet:-1, max-image-preview:large, max-video-preview:-1\" \/>\n<link rel=\"canonical\" href=\"https:\/\/www.sorosoro.org\/en\/siriono\/\" \/>\n<meta property=\"og:locale\" content=\"en_US\" \/>\n<meta property=\"og:type\" content=\"article\" \/>\n<meta property=\"og:title\" content=\"Sirion\u00f3 - Sorosoro\" \/>\n<meta property=\"og:description\" content=\"Data collected by the UNICEF Data on the Sirion\u00f3 language Alternative names: Mbia, Chori \u201cMbia\u201d is the auto-ethnonym. \u201cChori\u201d is a pejorative term widely used by urban populations to talk about the people living in the forest. Main dialects: There currently are no Sirion\u00f3 dialects per se. It is possible that the Jor\u00e1 (or Hora) [&hellip;]\" \/>\n<meta property=\"og:url\" content=\"https:\/\/www.sorosoro.org\/en\/siriono\/\" \/>\n<meta property=\"og:site_name\" content=\"Sorosoro\" \/>\n<meta property=\"article:modified_time\" content=\"2011-06-04T19:47:50+00:00\" \/>\n<meta name=\"twitter:card\" content=\"summary_large_image\" \/>\n<meta name=\"twitter:label1\" content=\"Est. reading time\" \/>\n\t<meta name=\"twitter:data1\" content=\"4 minutes\" \/>\n<script type=\"application\/ld+json\" class=\"yoast-schema-graph\">{\"@context\":\"https:\/\/schema.org\",\"@graph\":[{\"@type\":\"WebPage\",\"@id\":\"https:\/\/www.sorosoro.org\/en\/siriono\/\",\"url\":\"https:\/\/www.sorosoro.org\/en\/siriono\/\",\"name\":\"Sirion\u00f3 - Sorosoro\",\"isPartOf\":{\"@id\":\"https:\/\/www.sorosoro.org\/en\/#website\"},\"datePublished\":\"2011-06-04T19:47:46+00:00\",\"dateModified\":\"2011-06-04T19:47:50+00:00\",\"breadcrumb\":{\"@id\":\"https:\/\/www.sorosoro.org\/en\/siriono\/#breadcrumb\"},\"inLanguage\":\"en-US\",\"potentialAction\":[{\"@type\":\"ReadAction\",\"target\":[\"https:\/\/www.sorosoro.org\/en\/siriono\/\"]}]},{\"@type\":\"BreadcrumbList\",\"@id\":\"https:\/\/www.sorosoro.org\/en\/siriono\/#breadcrumb\",\"itemListElement\":[{\"@type\":\"ListItem\",\"position\":1,\"name\":\"Accueil\",\"item\":\"https:\/\/www.sorosoro.org\/en\/\"},{\"@type\":\"ListItem\",\"position\":2,\"name\":\"Sirion\u00f3\"}]},{\"@type\":\"WebSite\",\"@id\":\"https:\/\/www.sorosoro.org\/en\/#website\",\"url\":\"https:\/\/www.sorosoro.org\/en\/\",\"name\":\"Sorosoro\",\"description\":\"Pour que vivent les langues du monde !\",\"potentialAction\":[{\"@type\":\"SearchAction\",\"target\":{\"@type\":\"EntryPoint\",\"urlTemplate\":\"https:\/\/www.sorosoro.org\/en\/?s={search_term_string}\"},\"query-input\":{\"@type\":\"PropertyValueSpecification\",\"valueRequired\":true,\"valueName\":\"search_term_string\"}}],\"inLanguage\":\"en-US\"}]}<\/script>\n<!-- \/ Yoast SEO plugin. -->","yoast_head_json":{"title":"Sirion\u00f3 - Sorosoro","robots":{"index":"index","follow":"follow","max-snippet":"max-snippet:-1","max-image-preview":"max-image-preview:large","max-video-preview":"max-video-preview:-1"},"canonical":"https:\/\/www.sorosoro.org\/en\/siriono\/","og_locale":"en_US","og_type":"article","og_title":"Sirion\u00f3 - Sorosoro","og_description":"Data collected by the UNICEF Data on the Sirion\u00f3 language Alternative names: Mbia, Chori \u201cMbia\u201d is the auto-ethnonym. \u201cChori\u201d is a pejorative term widely used by urban populations to talk about the people living in the forest. Main dialects: There currently are no Sirion\u00f3 dialects per se. It is possible that the Jor\u00e1 (or Hora) [&hellip;]","og_url":"https:\/\/www.sorosoro.org\/en\/siriono\/","og_site_name":"Sorosoro","article_modified_time":"2011-06-04T19:47:50+00:00","twitter_card":"summary_large_image","twitter_misc":{"Est. reading time":"4 minutes"},"schema":{"@context":"https:\/\/schema.org","@graph":[{"@type":"WebPage","@id":"https:\/\/www.sorosoro.org\/en\/siriono\/","url":"https:\/\/www.sorosoro.org\/en\/siriono\/","name":"Sirion\u00f3 - Sorosoro","isPartOf":{"@id":"https:\/\/www.sorosoro.org\/en\/#website"},"datePublished":"2011-06-04T19:47:46+00:00","dateModified":"2011-06-04T19:47:50+00:00","breadcrumb":{"@id":"https:\/\/www.sorosoro.org\/en\/siriono\/#breadcrumb"},"inLanguage":"en-US","potentialAction":[{"@type":"ReadAction","target":["https:\/\/www.sorosoro.org\/en\/siriono\/"]}]},{"@type":"BreadcrumbList","@id":"https:\/\/www.sorosoro.org\/en\/siriono\/#breadcrumb","itemListElement":[{"@type":"ListItem","position":1,"name":"Accueil","item":"https:\/\/www.sorosoro.org\/en\/"},{"@type":"ListItem","position":2,"name":"Sirion\u00f3"}]},{"@type":"WebSite","@id":"https:\/\/www.sorosoro.org\/en\/#website","url":"https:\/\/www.sorosoro.org\/en\/","name":"Sorosoro","description":"Pour que vivent les langues du monde !","potentialAction":[{"@type":"SearchAction","target":{"@type":"EntryPoint","urlTemplate":"https:\/\/www.sorosoro.org\/en\/?s={search_term_string}"},"query-input":{"@type":"PropertyValueSpecification","valueRequired":true,"valueName":"search_term_string"}}],"inLanguage":"en-US"}]}},"_links":{"self":[{"href":"https:\/\/www.sorosoro.org\/en\/wp-json\/wp\/v2\/pages\/49586","targetHints":{"allow":["GET"]}}],"collection":[{"href":"https:\/\/www.sorosoro.org\/en\/wp-json\/wp\/v2\/pages"}],"about":[{"href":"https:\/\/www.sorosoro.org\/en\/wp-json\/wp\/v2\/types\/page"}],"author":[{"embeddable":true,"href":"https:\/\/www.sorosoro.org\/en\/wp-json\/wp\/v2\/users\/18"}],"replies":[{"embeddable":true,"href":"https:\/\/www.sorosoro.org\/en\/wp-json\/wp\/v2\/comments?post=49586"}],"version-history":[{"count":0,"href":"https:\/\/www.sorosoro.org\/en\/wp-json\/wp\/v2\/pages\/49586\/revisions"}],"wp:attachment":[{"href":"https:\/\/www.sorosoro.org\/en\/wp-json\/wp\/v2\/media?parent=49586"}],"curies":[{"name":"wp","href":"https:\/\/api.w.org\/{rel}","templated":true}]}}