{"id":49580,"date":"2011-06-04T21:34:04","date_gmt":"2011-06-04T19:34:04","guid":{"rendered":"http:\/\/www.sorosoro.org\/?page_id=49580"},"modified":"2011-06-04T21:48:38","modified_gmt":"2011-06-04T19:48:38","slug":"yuki","status":"publish","type":"page","link":"https:\/\/www.sorosoro.org\/en\/yuki\/","title":{"rendered":"Yuki"},"content":{"rendered":"<p style=\"text-align: justify;\"><em>Data collected by the UNICEF<\/em><\/p>\n<h5>Data on the Yuki language<\/h5>\n<p style=\"text-align: justify;\"><em>This language shall not be mistaken with North American Yuki (now dead) nor Mbya, a Guarani language of the first group.<\/em><\/p>\n<p style=\"text-align: justify;\"><strong>Alternative names<\/strong>: Yuqui, B\u00eda, Bi\u00e1 y\u00eb, Mbia<\/p>\n<p style=\"text-align: justify;\"><em>The language is normally called Bi\u00e1 y\u00eb (\u201clanguage of the people\u201d), but the name \u201cYuki\u201d seems to be more accepted within the community.<\/em><\/p>\n<p style=\"text-align: justify;\"><strong>Classification<\/strong>: <a href=\"https:\/\/www.sorosoro.org\/en\/tupi-languages\">Tupi family<\/a>, Tupi-guarani languages, group II<\/p>\n<p style=\"text-align: justify;\"><strong>Geographic area<\/strong>: Bolivia, Cochabamba department, Carrasco province between the Rio Chimore and the Rio Ixilo in Bi\u00e1 Recuat\u00e9.<\/p>\n<p style=\"text-align: justify;\"><strong>Number of speakers<\/strong>: 140 speakers on a total population of 208 people, according to Crevels (2010).<\/p>\n<p style=\"text-align: justify;\"><strong>Status of the language<\/strong>: According to the supreme decree 25894 of September 11th, passed in the year 2000, Yuki is one of the \u201cnative languages recognized as official\u201d in Bolivia.<\/p>\n<p style=\"text-align: justify;\"><strong>Vitality and transmission<\/strong>: According to the UNESCO, Yuki is a \u201cseverely endangered\u201d language.<\/p>\n<p style=\"text-align: justify;\">Crevels (2010) yet underlines that a current thesis carried out by Callejas &amp; Rioja would reveal a surprising liveliness of the Yuki language in the Bi\u00e1 Recuat\u00e9 community, which appears paradoxical compared to the process of cultural adaptation and negation of identity the Yukis suffer from.<\/p>\n<p style=\"text-align: justify;\">\n<h5>Historical and ethnographic observations<\/h5>\n<p style=\"text-align: justify;\">The Yuki are the last Guarani people in Bolivia to have made contact with the colonial culture. In 1965, Evangelists of the New Tribes Mission met the first groups of nomad Yukis. In 1971, a few families have started to settle for a sedentary lifestyle before two other groups were contacted and moved to Bi\u00e1 Recuat in 1986 and 1989. These relationships weren&#8217;t always peaceful, they were even violent at times between the Yukis and the farmers or railway workers who overran their territory.<\/p>\n<p style=\"text-align: justify;\">Sedentary Yukis became entirely dependent on the missionaries who provided them with medicine, clothes but also food.<\/p>\n<p style=\"text-align: justify;\">Nomad hunters-gatherers by tradition, the Yukis never managed to adjust to the sedentary economic system and the agriculture, so they are not able to produce enough of their own food and can&#8217;t gather resources as they used to as nomads. The consequences of this \u201cmaladjustment\u201d to the sedentary way of life imposed by the missionaries and modern society are terrible for the Yuki people. 85% of the population suffers from tuberculosis and malnutrition, and many adults have developed an addiction to alcohol.<\/p>\n<p style=\"text-align: justify;\">It appears a group of approximately four Yuki families would still live as nomads in the area of the Rio Usurinta.<\/p>\n<p style=\"text-align: justify;\">In 1992, the Yukis constituted a Yuki Council, recognized as a representative organisation. This Council, along with the Yucar\u00e9 Council, constitutes the Coordination of Indigenous Peoples of Cochabamba, recognized by the government and member of the CIDOB.<\/p>\n<p style=\"text-align: justify;\">The Yuki were given a 127,000 hectare territory by the government, but the integrity of this territory is constantly stepped on by migrating non-local populations in this region undergoing economical growth.<\/p>\n<p style=\"text-align: justify;\">For more information on the Yukis, see pages dedicated to them on the website <em><a href=\"http:\/\/www.amazonia.bo\/Yuki.php\" target=\"_blank\">Amazonia.bo<\/a><\/em>.<\/p>\n<p style=\"text-align: justify;\">And the many books of  Allyn Stearman McLean on the subject.<\/p>\n<p style=\"text-align: justify;\">\n<h5>Sources<\/h5>\n<p style=\"text-align: justify;\">Crevels, Mily (2010) <em>Bolivia Amaz\u00f3nica<\/em> In \u00ab <a href=\"http:\/\/www.movilizando.org\/atlas_tomo1\/pages\/tomo_1.pdf\" target=\"_blank\">Atlas socioling\u00fc\u00edstico de pueblos ind\u00edgenas en Am\u00e9rica Latina<\/a> \u00bb, UNICEF. Tome 1, pp 281-300.<\/p>\n<p style=\"text-align: justify;\">Fabre, Alain. 2005. <em>Diccionario etnoling\u00fc\u00edstico y gu\u00eda bibliogr\u00e1fica de los pueblos ind\u00edgenas sudamericanos<\/em>. <a href=\"http:\/\/butler.cc.tut.fi\/~fabre\/BookInternetVersio\/Alkusivu.html\" target=\"_blank\">Available online<\/a> [05\/04\/2011]<\/p>\n<p style=\"text-align: justify;\">\n<h5>Online sources<\/h5>\n<p style=\"text-align: justify;\"><a href=\"http:\/\/atlaspueblosindigenas.files.wordpress.com\/2010\/05\/yuki.pdf\" target=\"_blank\">Data collected by the UNICEF on Yuki<\/a><\/p>\n<p style=\"text-align: justify;\"><a href=\"http:\/\/www10.gencat.net\/pres_casa_llengues\/AppJava\/frontend\/llengues_detall.jsp?id=784&amp;idioma=8\" target=\"_blank\">Page dedicated to Yuki on the <em>Linguam\u00f3n <\/em>website<\/a><\/p>\n<p style=\"text-align: justify;\">\n<h5>Additional bibliography<\/h5>\n<p style=\"text-align: justify;\">Melgar Ortiz, Erwin. 1990.<em> Proceso de aculturaci\u00f3n en los Yuk\u00eds<\/em>. Tesis de la Universidad Mayor de San Sim\u00f3n. Cochabamba (ms.).<\/p>\n<p style=\"text-align: justify;\">Molina, Ramiro y Xavier Alb\u00f3. 2006. <em>Gama \u00e9tnica y ling\u00fc\u00edstica de la poblaci\u00f3n boliviana<\/em>. La Paz: Sistema de las Naciones Unidas en Bolivia.<\/p>\n<p style=\"text-align: justify;\">PROEIB Andes. 2000. <em>Estudios socioling\u00fc\u00edsticos y socioeducativos con pueblos originarios de tierras bajas de Bolivia<\/em>. Informe final. Cochabamba (Mimeo).<\/p>\n<p style=\"text-align: justify;\">Stearman McLean, Allyn. 1989. <em>Yuqu\u00ed. Forest nomads in a changing world<\/em>. New York: Holt, Rinehart and Wilson.<\/p>\n<p style=\"text-align: justify;\">Stearman McLean, Allyn. 1995. <em>Territorial rights and realities: The Yuqu\u00ed development project in Lowland Bolivia<\/em>. Bolivian Studies V\/1: 11-22.<\/p>\n<p style=\"text-align: justify;\">Teijeiro, Jos\u00e9. 2007. <em>Regionalizaci\u00f3n y diversidad \u00e9tnica cultural en las tierras bajas y sectores del subandino amaz\u00f3nico y platense de Bolivia<\/em>. La Paz: Plural Editores.<\/p>\n<p style=\"text-align: justify;\">Villafa\u00f1e, Lucrecia 2004. <em>Gram\u00e1tica Yuki: lengua Tup\u00ed-Guaran\u00ed de Bolivia<\/em>. Proefschrift Katholieke Universiteit Nijmegen. Tucum\u00e1n: Ediciones del Rectorado, UNT.<\/p>\n<p style=\"text-align: justify;\">\n<p style=\"text-align: justify;\">See the <a href=\"http:\/\/www.movilizando.org\/atlas_tomo1\/pages\/tomo_1.pdf\" target=\"_blank\">Atlas socioling\u00fc\u00edstico de pueblos ind\u00edgenas en Am\u00e9rica Latina<\/a> and <a href=\"http:\/\/butler.cc.tut.fi\/~fabre\/BookInternetVersio\/Dic=Tupi.pdf\" target=\"_blank\">Fabre (2005)<\/a> for a complete bibliography.<\/p>\n<p style=\"text-align: justify;\">\n","protected":false},"excerpt":{"rendered":"<p>Data collected by the UNICEF Data on the Yuki language This language shall not be mistaken with North American Yuki (now dead) nor Mbya, a Guarani language of the first group. Alternative names: Yuqui, B\u00eda, Bi\u00e1 y\u00eb, Mbia The language is normally called Bi\u00e1 y\u00eb (\u201clanguage of the people\u201d), but the name \u201cYuki\u201d seems to [&hellip;]<\/p>\n","protected":false},"author":18,"featured_media":0,"parent":0,"menu_order":0,"comment_status":"closed","ping_status":"open","template":"","meta":{"footnotes":""},"class_list":["post-49580","page","type-page","status-publish","hentry"],"yoast_head":"<!-- This site is optimized with the Yoast SEO plugin v27.0 - https:\/\/yoast.com\/product\/yoast-seo-wordpress\/ -->\n<title>Yuki - Sorosoro<\/title>\n<meta name=\"robots\" content=\"index, follow, max-snippet:-1, max-image-preview:large, max-video-preview:-1\" \/>\n<link rel=\"canonical\" href=\"https:\/\/www.sorosoro.org\/en\/yuki\/\" \/>\n<meta property=\"og:locale\" content=\"en_US\" \/>\n<meta property=\"og:type\" content=\"article\" \/>\n<meta property=\"og:title\" content=\"Yuki - Sorosoro\" \/>\n<meta property=\"og:description\" content=\"Data collected by the UNICEF Data on the Yuki language This language shall not be mistaken with North American Yuki (now dead) nor Mbya, a Guarani language of the first group. Alternative names: Yuqui, B\u00eda, Bi\u00e1 y\u00eb, Mbia The language is normally called Bi\u00e1 y\u00eb (\u201clanguage of the people\u201d), but the name \u201cYuki\u201d seems to [&hellip;]\" \/>\n<meta property=\"og:url\" content=\"https:\/\/www.sorosoro.org\/en\/yuki\/\" \/>\n<meta property=\"og:site_name\" content=\"Sorosoro\" \/>\n<meta property=\"article:modified_time\" content=\"2011-06-04T19:48:38+00:00\" \/>\n<meta name=\"twitter:card\" content=\"summary_large_image\" \/>\n<meta name=\"twitter:label1\" content=\"Est. reading time\" \/>\n\t<meta name=\"twitter:data1\" content=\"4 minutes\" \/>\n<script type=\"application\/ld+json\" class=\"yoast-schema-graph\">{\"@context\":\"https:\/\/schema.org\",\"@graph\":[{\"@type\":\"WebPage\",\"@id\":\"https:\/\/www.sorosoro.org\/en\/yuki\/\",\"url\":\"https:\/\/www.sorosoro.org\/en\/yuki\/\",\"name\":\"Yuki - Sorosoro\",\"isPartOf\":{\"@id\":\"https:\/\/www.sorosoro.org\/en\/#website\"},\"datePublished\":\"2011-06-04T19:34:04+00:00\",\"dateModified\":\"2011-06-04T19:48:38+00:00\",\"breadcrumb\":{\"@id\":\"https:\/\/www.sorosoro.org\/en\/yuki\/#breadcrumb\"},\"inLanguage\":\"en-US\",\"potentialAction\":[{\"@type\":\"ReadAction\",\"target\":[\"https:\/\/www.sorosoro.org\/en\/yuki\/\"]}]},{\"@type\":\"BreadcrumbList\",\"@id\":\"https:\/\/www.sorosoro.org\/en\/yuki\/#breadcrumb\",\"itemListElement\":[{\"@type\":\"ListItem\",\"position\":1,\"name\":\"Accueil\",\"item\":\"https:\/\/www.sorosoro.org\/en\/\"},{\"@type\":\"ListItem\",\"position\":2,\"name\":\"Yuki\"}]},{\"@type\":\"WebSite\",\"@id\":\"https:\/\/www.sorosoro.org\/en\/#website\",\"url\":\"https:\/\/www.sorosoro.org\/en\/\",\"name\":\"Sorosoro\",\"description\":\"Pour que vivent les langues du monde !\",\"potentialAction\":[{\"@type\":\"SearchAction\",\"target\":{\"@type\":\"EntryPoint\",\"urlTemplate\":\"https:\/\/www.sorosoro.org\/en\/?s={search_term_string}\"},\"query-input\":{\"@type\":\"PropertyValueSpecification\",\"valueRequired\":true,\"valueName\":\"search_term_string\"}}],\"inLanguage\":\"en-US\"}]}<\/script>\n<!-- \/ Yoast SEO plugin. -->","yoast_head_json":{"title":"Yuki - Sorosoro","robots":{"index":"index","follow":"follow","max-snippet":"max-snippet:-1","max-image-preview":"max-image-preview:large","max-video-preview":"max-video-preview:-1"},"canonical":"https:\/\/www.sorosoro.org\/en\/yuki\/","og_locale":"en_US","og_type":"article","og_title":"Yuki - Sorosoro","og_description":"Data collected by the UNICEF Data on the Yuki language This language shall not be mistaken with North American Yuki (now dead) nor Mbya, a Guarani language of the first group. Alternative names: Yuqui, B\u00eda, Bi\u00e1 y\u00eb, Mbia The language is normally called Bi\u00e1 y\u00eb (\u201clanguage of the people\u201d), but the name \u201cYuki\u201d seems to [&hellip;]","og_url":"https:\/\/www.sorosoro.org\/en\/yuki\/","og_site_name":"Sorosoro","article_modified_time":"2011-06-04T19:48:38+00:00","twitter_card":"summary_large_image","twitter_misc":{"Est. reading time":"4 minutes"},"schema":{"@context":"https:\/\/schema.org","@graph":[{"@type":"WebPage","@id":"https:\/\/www.sorosoro.org\/en\/yuki\/","url":"https:\/\/www.sorosoro.org\/en\/yuki\/","name":"Yuki - Sorosoro","isPartOf":{"@id":"https:\/\/www.sorosoro.org\/en\/#website"},"datePublished":"2011-06-04T19:34:04+00:00","dateModified":"2011-06-04T19:48:38+00:00","breadcrumb":{"@id":"https:\/\/www.sorosoro.org\/en\/yuki\/#breadcrumb"},"inLanguage":"en-US","potentialAction":[{"@type":"ReadAction","target":["https:\/\/www.sorosoro.org\/en\/yuki\/"]}]},{"@type":"BreadcrumbList","@id":"https:\/\/www.sorosoro.org\/en\/yuki\/#breadcrumb","itemListElement":[{"@type":"ListItem","position":1,"name":"Accueil","item":"https:\/\/www.sorosoro.org\/en\/"},{"@type":"ListItem","position":2,"name":"Yuki"}]},{"@type":"WebSite","@id":"https:\/\/www.sorosoro.org\/en\/#website","url":"https:\/\/www.sorosoro.org\/en\/","name":"Sorosoro","description":"Pour que vivent les langues du monde !","potentialAction":[{"@type":"SearchAction","target":{"@type":"EntryPoint","urlTemplate":"https:\/\/www.sorosoro.org\/en\/?s={search_term_string}"},"query-input":{"@type":"PropertyValueSpecification","valueRequired":true,"valueName":"search_term_string"}}],"inLanguage":"en-US"}]}},"_links":{"self":[{"href":"https:\/\/www.sorosoro.org\/en\/wp-json\/wp\/v2\/pages\/49580","targetHints":{"allow":["GET"]}}],"collection":[{"href":"https:\/\/www.sorosoro.org\/en\/wp-json\/wp\/v2\/pages"}],"about":[{"href":"https:\/\/www.sorosoro.org\/en\/wp-json\/wp\/v2\/types\/page"}],"author":[{"embeddable":true,"href":"https:\/\/www.sorosoro.org\/en\/wp-json\/wp\/v2\/users\/18"}],"replies":[{"embeddable":true,"href":"https:\/\/www.sorosoro.org\/en\/wp-json\/wp\/v2\/comments?post=49580"}],"version-history":[{"count":0,"href":"https:\/\/www.sorosoro.org\/en\/wp-json\/wp\/v2\/pages\/49580\/revisions"}],"wp:attachment":[{"href":"https:\/\/www.sorosoro.org\/en\/wp-json\/wp\/v2\/media?parent=49580"}],"curies":[{"name":"wp","href":"https:\/\/api.w.org\/{rel}","templated":true}]}}