{"id":4892,"date":"2009-11-08T15:34:47","date_gmt":"2009-11-08T14:34:47","guid":{"rendered":"http:\/\/www.sorosoro.org\/?page_id=4892"},"modified":"2009-11-09T17:52:54","modified_gmt":"2009-11-09T16:52:54","slug":"salishan-languages","status":"publish","type":"page","link":"https:\/\/www.sorosoro.org\/en\/salishan-languages\/","title":{"rendered":"Salishan Languages"},"content":{"rendered":"<h4>Information about the Salishan languages<\/h4>\n<h5>Where are the Salishan languages spoken?<\/h5>\n<p>These languages are spoken in North America mainly in British Columbia on the west coast of Canada, and in Washington State on the west coast of the United States.  C\u0153ur d\u2019Al\u00e8ne is spoken in the State of Idaho, also in the United States.<\/p>\n<h5>Who speaks these languages?<\/h5>\n<p>Salishan language speakers are members of &#8220;First Nations&#8221; of North America who inhabited the region long before Europeans arrived and the before the creation of the United States and Canada.<\/p>\n<h5>Total number of speakers (estimated):<\/h5>\n<p>1850 according to UNESCO<\/p>\n<p>2250 according to the site ethnologue.com<\/p>\n<h5>Classification<\/h5>\n<p>The Salishan language family currently has 14 to 15 languages.<\/p>\n<p style=\"padding-left: 120px;\"><strong>Bella Coola<\/strong> (alternate name: <em>Nuxalk<\/em>): 50 speakers according to UNESCO and 20 according to SIL<\/p>\n<p>Coastal Group<\/p>\n<p style=\"padding-left: 30px;\"><span style=\"text-decoration: underline;\">Central Salish Sub-family<\/span><\/p>\n<p style=\"padding-left: 120px;\"><strong>Northern Straits<\/strong> : 65 speakers according to UNESCO<\/p>\n<p style=\"padding-left: 120px;\"><strong>Twana<\/strong>: extinct<\/p>\n<p style=\"padding-left: 60px;\">North Georgia<\/p>\n<p style=\"padding-left: 120px;\"><strong>Comox-Sliammon<\/strong>: 20 speakers according to UNESCO and 400 speakers according to SIL<\/p>\n<p style=\"padding-left: 120px;\"><strong>Pentlatch<\/strong>: extinct<\/p>\n<p style=\"padding-left: 120px;\"><strong>Sechelt <\/strong>(alternate name: <em>Sh\u00e1sh\u00edsh\u00e1lh<\/em>): 15 speakers according to UNESCO and 40 according to SIL<\/p>\n<p style=\"padding-left: 60px;\">South Georgia<\/p>\n<p style=\"padding-left: 120px;\"><strong>Halkomelem:<\/strong> 375 speakers according to UNESCO and 200 according to SIL<\/p>\n<p style=\"padding-left: 120px;\"><strong>Nooksack<\/strong>: extinct<\/p>\n<p style=\"padding-left: 120px;\"><strong>Squamish<\/strong>: 15 speakers according to SIL<\/p>\n<p style=\"padding-left: 90px;\">Lkungen Subgroup:<\/p>\n<p style=\"padding-left: 120px;\"><strong>Klallam<\/strong>: perhaps 2, but none are native speaker according to UNESCO<\/p>\n<p style=\"padding-left: 120px;\"><strong>Lushootseed<\/strong> (alternate names: <em>Puget Salish, Skagit-Nisqually<\/em>): less than 5 speakers according to UNESCO<\/p>\n<p><span style=\"text-decoration: underline;\">Tsamosane Subfamily<\/span><\/p>\n<p style=\"padding-left: 30px;\">Maritime Sub-Group:<\/p>\n<p style=\"padding-left: 120px;\"><strong>Lower Chehalis<\/strong>: extinct<\/p>\n<p style=\"padding-left: 120px;\"><strong>Quinault:<\/strong> recently extinct according to UNESCO and SIL<\/p>\n<p style=\"padding-left: 30px;\">Inland Subgroup:<\/p>\n<p style=\"padding-left: 90px;\"><strong>Cowlitz<\/strong>: extinct<\/p>\n<p style=\"padding-left: 90px;\"><strong>Upper Chehalis<\/strong>: extinct<\/p>\n<p style=\"padding-left: 90px;\"><strong>Tillamook:<\/strong> extinct<\/p>\n<p><span style=\"text-decoration: underline;\">Interior Group<\/span><\/p>\n<p style=\"padding-left: 30px;\">Northern Branch<\/p>\n<p style=\"padding-left: 90px;\"><strong>Lillooet<\/strong> (alternate name: St&#8217;at&#8217;imcets): 200 speakers according to UNESCO and SIL<\/p>\n<p style=\"padding-left: 90px;\"><strong>Shuswap<\/strong>: 570 speakers according to UNESCO and 500 according to SIL<\/p>\n<p style=\"padding-left: 90px;\"><strong>Thompson<\/strong> (alternate names: Nlaka&#8217;pamux, Ntlakapmuk): 335 speakers according to UNESCO and 595 according to SIL<\/p>\n<p style=\"padding-left: 30px;\">Southern Branch<\/p>\n<p style=\"padding-left: 90px;\"><strong>Coeur d&#8217;Alene <\/strong>(alternate name: Snchitsu&#8217;umshtsun): not more than 4 speakers according to UNESCO<\/p>\n<p style=\"padding-left: 90px;\"><strong>(Moses) Columbia (n)<\/strong>: 25 speakers according to UNESCO and 75 according to SIL<\/p>\n<p style=\"padding-left: 90px;\"><strong>Okanagan<\/strong>: 130 speakers according to UNESCO and 400 according to SIL<\/p>\n<p style=\"padding-left: 90px;\"><strong>Spokane-Kalispel-Flathead<\/strong>: less than 60 speakers for the 3 dialects according to UNESCO<\/p>\n<h5>Comments on the classification of Salishan languages:<\/h5>\n<p>The distinction between the language groups of the Interior and the Coast has long been identified.<\/p>\n<p><strong>Nuxalk<\/strong> is classified by some sources with the languages of the coast, but Mithun (1999) notes that although this language is geographically closer to the coastal languages, it is not linguistically closer to those languages than it is to the languages of the interior. In addition the language has many loan words (about 30% of its lexicon) from geographically neighboring languages like the Athabaskan, the Tsimshian, and especially the Wakashan languages.  Mithun, therefore, classifies it as an isolate within the Salish family.  We have followed this classification as it is generally accepted.<\/p>\n<p><strong>Halkomalen<\/strong> is a collection of a dozen dialects, <strong>Klallam <\/strong>a set of three dialects, and <strong>Northern Straits<\/strong>, like the <strong>Spokane-Kalispel-Flathead<\/strong>, a set of six dialects.<\/p>\n<p>NB: the term &#8220;Mosane family&#8221; refers to a grouping of languages including the Salishan, the Wakashan, and the Chimakuan languages.  The similarities between these three language families, however, are more readily explained by borrowings due to their proximity than by the hypothetical existence of an &#8220;ancestor language&#8221; from which the three families descended. Some have made a connection between the Salish language and the Kootenai language, an isolate geographically close to <strong>Flathead<\/strong>.  Although generally regarded as promising, this link has not yet been adequately proved.<\/p>\n<h5>Are Salishan languages in danger?<\/h5>\n<p>Yes. Of the 23 languages of this family, six have disappeared over the last two decades. The last native speaker of Quinault died very recently and the languages of the Tasamosane sub-family are now all extinct. Klallam no longer has any native speakers either, and it is questionable whether or not <strong>C\u0153ur d\u2019Alene <\/strong>is still a living language.  As for the Salishan languages which are still active, they are seriously at risk of disappearing within two decades. The vast majority of these languages are classified &#8220;Critically Endangered&#8221; by the standards of UNESCO (level 4 on a scale of 5).  Oknagan is the only language which, according to UNESCO, has not exceeded level 2 (&#8220;in danger&#8221;), but with only a few hundred elderly speakers its future is no less threatened. Although these languages have been studied and documented for a long time, revitalization projects are just beginning to be implemented.<\/p>\n<p>The Nuxalk Nation, for example, offers Nuxalk courses to their children through their &#8220;indigenous school&#8221;:<\/p>\n<p><a href=\"http:\/\/www.nuxalknation.org\/content\/blogcategory\/43\/71\/\">http:\/\/www.nuxalknation.org\/content\/blogcategory\/43\/71\/<\/a><\/p>\n<p>Another example is the private institution revitalization of Montana Salish (a dialect of Spokane-Kalispel)<\/p>\n<p><a href=\"http:\/\/salishworld.com\/\">http:\/\/salishworld.com\/<\/a><\/p>\n<h5>Sources:<\/h5>\n<p>Mithun, Marianne <em>The Languages of Native North America<\/em>. Cambridge, UK: Cambridge University Press. (1999).<\/p>\n<p>Campbell, Lyle. <em>American Indian languages: the historical linguistics of Native America<\/em>. Oxford: Oxford University Press. (1997)<\/p>\n<p>Site devoted to American Indian languages:<\/p>\n<p><a href=\"http:\/\/www.native-languages.org\/\">http:\/\/www.native-languages.org\/<\/a><\/p>\n<p>Sites devoted to the defense of indigenous languages and cultures of Canada:<\/p>\n<p><a href=\"http:\/\/www.fphlcc.ca\">www.fphlcc.ca<\/a><\/p>\n<p><a href=\"http:\/\/www.firstvoices.com\">www.firstvoices.com<\/a><\/p>\n<p><a href=\"http:\/\/www.firstvoiceskids.com\">www.firstvoiceskids.com<\/a><\/p>\n<p>First Voices offers a set of resources, recordings, and learning games for thirty Aboriginal languages in Canada, including the Salish languages.<\/p>\n<p><a href=\"http:\/\/www.firstvoices.ca\/scripts\/WebObjects.exe\/FirstVoices.woa\/wa\/file?\">http:\/\/www.firstvoices.ca\/scripts\/WebObjects.exe\/FirstVoices.woa\/wa\/file?<\/a><\/p>\n<p>The Yinka-Dene Institute offers a page devoted to indigenous languages of British Columbia where you can find information on Salish languages.<\/p>\n<p><a href=\"http:\/\/www.ydli.org\/fnlgsbc.htm\">http:\/\/www.ydli.org\/fnlgsbc.htm<\/a><\/p>\n<p>Website of the Sliammon Nation<\/p>\n<p><a href=\"http:\/\/www.sliammonfirstnation.com\/index.php\">http:\/\/www.sliammonfirstnation.com\/index.php<\/a><\/p>\n<p>Website of the Nuxalk Nation<\/p>\n<p><a href=\"http:\/\/www.nuxalknation.org\/\">http:\/\/www.nuxalknation.org\/<\/a><\/p>\n<p>Website of the Sechelt Nation<\/p>\n<p><a href=\"http:\/\/www.secheltnation.ca\/\">http:\/\/www.secheltnation.ca\/<\/a><\/p>\n<p>Website of the Squamish Nation<\/p>\n<p><a href=\"http:\/\/www.squamish.net\/\">http:\/\/www.squamish.net\/<\/a><\/p>\n<p>Website of the Shuswap Nation<\/p>\n<p><a href=\"http:\/\/www.shuswapnation.org\/index.html\">http:\/\/www.shuswapnation.org\/index.html<\/a><\/p>\n<p>Website of the Kalispel Nation<\/p>\n<p><a href=\"http:\/\/www.kalispeltribe.com\">http:\/\/www.kalispeltribe.com<\/a><\/p>\n","protected":false},"excerpt":{"rendered":"<p>Information about the Salishan languages Where are the Salishan languages spoken? These languages are spoken in North America mainly in British Columbia on the west coast of Canada, and in Washington State on the west coast of the United States. C\u0153ur d\u2019Al\u00e8ne is spoken in the State of Idaho, also in the United States. Who [&hellip;]<\/p>\n","protected":false},"author":12,"featured_media":0,"parent":0,"menu_order":0,"comment_status":"closed","ping_status":"open","template":"","meta":{"footnotes":""},"class_list":["post-4892","page","type-page","status-publish","hentry"],"yoast_head":"<!-- This site is optimized with the Yoast SEO plugin v27.0 - https:\/\/yoast.com\/product\/yoast-seo-wordpress\/ -->\n<title>Salishan Languages - Sorosoro<\/title>\n<meta name=\"robots\" content=\"index, follow, max-snippet:-1, max-image-preview:large, max-video-preview:-1\" \/>\n<link rel=\"canonical\" href=\"https:\/\/www.sorosoro.org\/en\/salishan-languages\/\" \/>\n<meta property=\"og:locale\" content=\"en_US\" \/>\n<meta property=\"og:type\" content=\"article\" \/>\n<meta property=\"og:title\" content=\"Salishan Languages - Sorosoro\" \/>\n<meta property=\"og:description\" content=\"Information about the Salishan languages Where are the Salishan languages spoken? These languages are spoken in North America mainly in British Columbia on the west coast of Canada, and in Washington State on the west coast of the United States. C\u0153ur d\u2019Al\u00e8ne is spoken in the State of Idaho, also in the United States. Who [&hellip;]\" \/>\n<meta property=\"og:url\" content=\"https:\/\/www.sorosoro.org\/en\/salishan-languages\/\" \/>\n<meta property=\"og:site_name\" content=\"Sorosoro\" \/>\n<meta property=\"article:modified_time\" content=\"2009-11-09T16:52:54+00:00\" \/>\n<meta name=\"twitter:card\" content=\"summary_large_image\" \/>\n<meta name=\"twitter:label1\" content=\"Est. reading time\" \/>\n\t<meta name=\"twitter:data1\" content=\"5 minutes\" \/>\n<script type=\"application\/ld+json\" class=\"yoast-schema-graph\">{\"@context\":\"https:\/\/schema.org\",\"@graph\":[{\"@type\":\"WebPage\",\"@id\":\"https:\/\/www.sorosoro.org\/en\/salishan-languages\/\",\"url\":\"https:\/\/www.sorosoro.org\/en\/salishan-languages\/\",\"name\":\"Salishan Languages - Sorosoro\",\"isPartOf\":{\"@id\":\"https:\/\/www.sorosoro.org\/en\/#website\"},\"datePublished\":\"2009-11-08T14:34:47+00:00\",\"dateModified\":\"2009-11-09T16:52:54+00:00\",\"breadcrumb\":{\"@id\":\"https:\/\/www.sorosoro.org\/en\/salishan-languages\/#breadcrumb\"},\"inLanguage\":\"en-US\",\"potentialAction\":[{\"@type\":\"ReadAction\",\"target\":[\"https:\/\/www.sorosoro.org\/en\/salishan-languages\/\"]}]},{\"@type\":\"BreadcrumbList\",\"@id\":\"https:\/\/www.sorosoro.org\/en\/salishan-languages\/#breadcrumb\",\"itemListElement\":[{\"@type\":\"ListItem\",\"position\":1,\"name\":\"Accueil\",\"item\":\"https:\/\/www.sorosoro.org\/en\/\"},{\"@type\":\"ListItem\",\"position\":2,\"name\":\"Salishan Languages\"}]},{\"@type\":\"WebSite\",\"@id\":\"https:\/\/www.sorosoro.org\/en\/#website\",\"url\":\"https:\/\/www.sorosoro.org\/en\/\",\"name\":\"Sorosoro\",\"description\":\"Pour que vivent les langues du monde !\",\"potentialAction\":[{\"@type\":\"SearchAction\",\"target\":{\"@type\":\"EntryPoint\",\"urlTemplate\":\"https:\/\/www.sorosoro.org\/en\/?s={search_term_string}\"},\"query-input\":{\"@type\":\"PropertyValueSpecification\",\"valueRequired\":true,\"valueName\":\"search_term_string\"}}],\"inLanguage\":\"en-US\"}]}<\/script>\n<!-- \/ Yoast SEO plugin. -->","yoast_head_json":{"title":"Salishan Languages - Sorosoro","robots":{"index":"index","follow":"follow","max-snippet":"max-snippet:-1","max-image-preview":"max-image-preview:large","max-video-preview":"max-video-preview:-1"},"canonical":"https:\/\/www.sorosoro.org\/en\/salishan-languages\/","og_locale":"en_US","og_type":"article","og_title":"Salishan Languages - Sorosoro","og_description":"Information about the Salishan languages Where are the Salishan languages spoken? These languages are spoken in North America mainly in British Columbia on the west coast of Canada, and in Washington State on the west coast of the United States. C\u0153ur d\u2019Al\u00e8ne is spoken in the State of Idaho, also in the United States. Who [&hellip;]","og_url":"https:\/\/www.sorosoro.org\/en\/salishan-languages\/","og_site_name":"Sorosoro","article_modified_time":"2009-11-09T16:52:54+00:00","twitter_card":"summary_large_image","twitter_misc":{"Est. reading time":"5 minutes"},"schema":{"@context":"https:\/\/schema.org","@graph":[{"@type":"WebPage","@id":"https:\/\/www.sorosoro.org\/en\/salishan-languages\/","url":"https:\/\/www.sorosoro.org\/en\/salishan-languages\/","name":"Salishan Languages - Sorosoro","isPartOf":{"@id":"https:\/\/www.sorosoro.org\/en\/#website"},"datePublished":"2009-11-08T14:34:47+00:00","dateModified":"2009-11-09T16:52:54+00:00","breadcrumb":{"@id":"https:\/\/www.sorosoro.org\/en\/salishan-languages\/#breadcrumb"},"inLanguage":"en-US","potentialAction":[{"@type":"ReadAction","target":["https:\/\/www.sorosoro.org\/en\/salishan-languages\/"]}]},{"@type":"BreadcrumbList","@id":"https:\/\/www.sorosoro.org\/en\/salishan-languages\/#breadcrumb","itemListElement":[{"@type":"ListItem","position":1,"name":"Accueil","item":"https:\/\/www.sorosoro.org\/en\/"},{"@type":"ListItem","position":2,"name":"Salishan Languages"}]},{"@type":"WebSite","@id":"https:\/\/www.sorosoro.org\/en\/#website","url":"https:\/\/www.sorosoro.org\/en\/","name":"Sorosoro","description":"Pour que vivent les langues du monde !","potentialAction":[{"@type":"SearchAction","target":{"@type":"EntryPoint","urlTemplate":"https:\/\/www.sorosoro.org\/en\/?s={search_term_string}"},"query-input":{"@type":"PropertyValueSpecification","valueRequired":true,"valueName":"search_term_string"}}],"inLanguage":"en-US"}]}},"_links":{"self":[{"href":"https:\/\/www.sorosoro.org\/en\/wp-json\/wp\/v2\/pages\/4892","targetHints":{"allow":["GET"]}}],"collection":[{"href":"https:\/\/www.sorosoro.org\/en\/wp-json\/wp\/v2\/pages"}],"about":[{"href":"https:\/\/www.sorosoro.org\/en\/wp-json\/wp\/v2\/types\/page"}],"author":[{"embeddable":true,"href":"https:\/\/www.sorosoro.org\/en\/wp-json\/wp\/v2\/users\/12"}],"replies":[{"embeddable":true,"href":"https:\/\/www.sorosoro.org\/en\/wp-json\/wp\/v2\/comments?post=4892"}],"version-history":[{"count":0,"href":"https:\/\/www.sorosoro.org\/en\/wp-json\/wp\/v2\/pages\/4892\/revisions"}],"wp:attachment":[{"href":"https:\/\/www.sorosoro.org\/en\/wp-json\/wp\/v2\/media?parent=4892"}],"curies":[{"name":"wp","href":"https:\/\/api.w.org\/{rel}","templated":true}]}}