{"id":48699,"date":"2011-05-24T11:39:22","date_gmt":"2011-05-24T09:39:22","guid":{"rendered":"http:\/\/www.sorosoro.org\/?page_id=48699"},"modified":"2017-02-07T17:02:04","modified_gmt":"2017-02-07T16:02:04","slug":"turoyo","status":"publish","type":"page","link":"https:\/\/www.sorosoro.org\/en\/turoyo\/","title":{"rendered":"Turoyo"},"content":{"rendered":"<p style=\"text-align: justify;\"><em>Page by Jean Sibille, 2011.<\/em><\/p>\n<p style=\"text-align: justify;\"><em><br \/>\n<\/em><\/p>\n<h5 style=\"text-align: justify;\">Data on the Turoyo language<\/h5>\n<p style=\"text-align: justify;\"><strong>Classification<\/strong>: <a href=\"..\/en\/afro-asiatic-languages\">African-Asian family<\/a>, group of Semitic languages, Western Aramaic branch.<\/p>\n<p style=\"text-align: justify;\"><em>Turoyo is one of the modern languages originating from the western branch of Aramaic, Semitic language belonging to the group of Semitic languages of the North-West along with Hebrew and a certain amount of dead languages such as Phoenician, Amorite, Canaan and Ugaritic.<\/em><\/p>\n<p style=\"text-align: justify;\"><strong>Alternative names<\/strong>:<\/p>\n<p style=\"text-align: justify;\"><em>Turani<\/em> (in Arabic)<\/p>\n<p style=\"text-align: justify;\">The term <em>Surayt<\/em> (which is a variation of Suret) may refer to Turoyo but also to Sureth (or Neo-Aramaic of the North-East).<\/p>\n<p style=\"text-align: justify;\"><em>Suryoyo<\/em> may refer to Turoyo but also to Syriac, also called <em>Ktovonoyo<\/em> \u201clanguage of books\u201d.<\/p>\n<p style=\"text-align: justify;\"><strong>Main dialects<\/strong>:<\/p>\n<p style=\"text-align: justify;\"><em>There&#8217;s a certain degree of variation within Turoyo. The dialects spoken in different villages are different from one another but are mutually understandable. The dominant dialect is Midyat. Within the Diaspora, many speakers use a mixture of the language from their village and Midyat.<\/em><\/p>\n<p style=\"text-align: justify;\"><em>Mlahso, which used to be spoken in the villages of Mlahso and &#8216;Ansha near Diyarbak\u0131r, a hundred kilometres to the North-West of Tur-Adbin, is a distinctive but quite close form of Turoyo. Both villages were destroyed in 1915 during the Armenian genocide. A few speakers remained in the 90&#8217;s of the 20th century in the town of Qamishli in Syria.<\/em><\/p>\n<p style=\"text-align: justify;\"><strong>Geographic area<\/strong>: Turkey, especially in the area of Tur-Abdin (\u201cMountain of God&#8217;s servants\u201d). There are also speakers in the cities of Qamishli and Hassaka in Syria, and in the Diaspora, notably in Sweden, Denmark, the Netherlands, Germany, Switzerland and Belgium. In France, there are Turoyo speakers on the outskirts of Paris, such as Montfermeil (93) and in the towns of Lyon and Marseille.<\/p>\n<p style=\"text-align: justify;\"><strong>Number of speakers<\/strong>: According to the UNESCO, there would be approximately 50,000 Turoyo speakers.<\/p>\n<p style=\"text-align: justify;\"><strong>Status of the language<\/strong>: No official status.<\/p>\n<p style=\"text-align: justify;\"><strong>Media and television<\/strong>:<\/p>\n<p style=\"text-align: justify;\">In Sweden, a TV channel of the Assuryamn-Chaldean-Syriac Diaspora, <a href=\"http:\/\/www.suroyotv.com\/\" target=\"_blank\">SouroyoTV<\/a>, is broadcasting programs in Sureth and Turoyo.<\/p>\n<p style=\"text-align: justify;\"><strong>Vitality and Transmittal<\/strong>:<\/p>\n<p style=\"text-align: justify;\">Turoyo is \u201cseverely endangered\u201d according to the UNESCO (step 3 on a scale of 1 to 5).<\/p>\n<p style=\"text-align: justify;\">Until recently, Turoyo was not (or rarely) used in its written form, despite several attempts at writing with the Syriac alphabet (Serto), encouraged by Western missionaries at the end of the 19th century and beginning of the 20th century, the written language being Syriac (or Ktovonoyo \u201clanguage of books\u201d).<\/p>\n<p style=\"text-align: justify;\">In Sweden, upon request of the Ministry of Education, a writing system and standards for Turoyo into Latin letters was elaborated to serve education (there&#8217;s a major community of Turoyo speakers in this country). In Syria on the other hand, religious authorities advocate the teaching of Syriac (Ktoyonovo) only and certain religious leaders may have tried to discourage the use of written Turoyo, considered to be an \u201cimpure\u201d form of Syriac.<\/p>\n<p style=\"text-align: justify;\"><strong>Who speaks Turoyo<\/strong>:<\/p>\n<p style=\"text-align: justify;\">Turoyo speakers belong to the <em>Syriac Orthodox Church<\/em> (which is the official given name \u2013 more traditional names are<em> Syrian Orthodox Church<\/em> or <em>Jacobite Church<\/em>) or to the <em>Syriac Catholic Church<\/em> (or <em>Syrian Catholic Church<\/em>) in the Tur-Abdin region in Turkey, in the province of Khabut in Syria (especially on the city of Qamishli) and in the Diaspora. All Turoyo speakers speak at least one other local language (Arabic, Kurdish, Turkish).<\/p>\n<h5 style=\"text-align: justify;\">Historical observations on Aramaic and Syriac<\/h5>\n<p style=\"text-align: justify;\">The first written proof of Aramaic dates back to the beginning of the first millennium before the Christian era. From the 7th century before our era, it became the administrative language of the Neo-Assyrian Empire, then of the Neo-Babylonian and Persian empires, and the lingua franca of the whole Near and Middle-East. In ancient times, there were an Eastern branch (Mesopotamia) and a Western branch (Palestine, Lebanon, Western Syria). Lapidary inscriptions and texts (Aramaic extracts from the Bible, Palestinian Targum, Babylonian Targum, Qumran manuscripts, Talmud&#8230;) testify to many dialects.<\/p>\n<p style=\"text-align: justify;\">In the beginning of the Christian era, Syriac, which would be the Aramaic dialect of Edessa (now Ourfa or Urfa in Turkey) became the classic languages of Western Christians. Syriac literature remained active until the 13th century. Syriac then became more confined to religious usage. Today, Syriac may be considered as a dead language, at least as communication language. However, it is still used for liturgy.<\/p>\n<h5 style=\"text-align: justify;\">Source<\/h5>\n<p style=\"text-align: justify;\">Jastrow, Otto.\u00a0<a href=\"http:\/\/www.jaas.org\/edocs\/v1\/jastrow.pdf\" target=\"_blank\">The Turoyo language today.<\/a><\/p>\n<h5 style=\"text-align: justify;\">Bibliography<\/h5>\n<p style=\"text-align: justify;\"><strong>Language<\/strong>:<\/p>\n<p style=\"text-align: justify;\">Heinrichs Wolfhart 1990, \u00ab Written Turoyo\u00a0\u00bb,\u00a0 in Heinrichs W. (\u00e9d.), <em>Studies in Neo-Aramaic<\/em>, Atlanta, pp. 181-188.<\/p>\n<p style=\"text-align: justify;\">Ishaq Yusuf 1988, <em>Svensk-turabdinskt Lexicon, Leksiqon Swedoyo-Suryoyo<\/em>, Inbunden, Stockholm, 478 p. (dictionnaire su\u00e9dois-touroyo, touroyo-su\u00e9dois).<\/p>\n<p style=\"text-align: justify;\">Ishaq Yusuf 1990, \u00ab\u00a0Turoyo\u00a0&#8211; from Spoken to Written Language\u00a0\u00bb, in Heinrichs W. (\u00e9d.), <em>Studies in Neo-Aramaic<\/em>, Atlanta, pp.189-199.<\/p>\n<p style=\"text-align: justify;\">Jastrow Otto V, \u00ab\u00a0The Turoyo Langauge [sic] Today\u00a0\u00bb, in <em>Journal of Assyrian Academic Studies<\/em> (JAAS), vol. 1., pp. 7-16.<\/p>\n<p style=\"text-align: justify;\">Jastrow Otto 1997, \u00ab\u00a0The Neo-Aramaic\u00a0Languages\u00a0\u00bb, in Hetzron R. <em>The Semitic Languages<\/em>, Routlege, Londres &#8211; New York, pp. 334-376.<\/p>\n<p style=\"text-align: justify;\">Jastrow Otto 1993 [1967], <em>Laut und Formenlehre des neuaram\u00e4ischen Dialekts von M\u012bdin im T\u016br \u201bAbd\u012bn<\/em>, Harrassowitz Verlag, Wiesbaden, 308 p.<\/p>\n<p style=\"text-align: justify;\">Jastrow Otto 1994, <em>Der neuaram\u00e4ischen Dialekt von Mla\u1e25s\u00f4<\/em>, Harrassowitz Verlag, Wiesbaden, 196 p.<\/p>\n<p style=\"text-align: justify;\">Jastrow Otto 1996, \u00ab\u00a0Passive formation in Turoyo and Mla\u1e25s\u00f4\u00a0\u00bb, <em>Israel Oriental studies<\/em>, vol. 16.<\/p>\n<p style=\"text-align: justify;\">Jastrow Otto 1992, <em>Lehrbuch der Turoyo-Sprache<\/em>, Harrassowitz Verlag, Wiesbaden, 216 p.<\/p>\n<p style=\"text-align: justify;\">Parisot Jean 1897,\u00a0\u00ab\u00a0Contribution \u00e0 l\u2019\u00e9tude du dialecte n\u00e9o-syriaque du Tour-Abd\u00een\u00a0\u00bb, <em>Actes du onzi\u00e8me congr\u00e8s international des orientalistes<\/em>, Paris.<\/p>\n<p style=\"text-align: justify;\">Prym E. &amp; Socin A. 1881, <em>Der neuaram\u00e4ische Dialekt des T\u016br \u201bAbd\u012bn<\/em>, G\u00f6ttingen, (2 vol.).<\/p>\n<p style=\"text-align: justify;\">Ritter Hellmut 1990, <em>T\u016br\u014dyo. Die Volkssprache der syrischen Christen des T\u016br <\/em>\u0639<em>Abd\u00een,<\/em> Stuttgart.<\/p>\n<p style=\"text-align: justify;\">Ritter Hellmut 1979, <em>T\u016br\u014dyo. Die Volkssprache der syrischen Christen des T\u016br <\/em>\u0639<em>Abd\u00een. W\u00f6rterbuch<\/em>, Beirut.<\/p>\n<p style=\"text-align: justify;\">Siegel Adolf 1923, <em>Laut und Formenlehre des neuaram\u00e4ischen Dialekts des T\u016br \u201bAbd\u012bn<\/em>, Hannover.<\/p>\n<p style=\"text-align: justify;\"><strong>History, Culture<\/strong>:<\/p>\n<p style=\"text-align: justify;\">Anschutz H. 1984, <em>Die syrischen Christen vom Tur \u201bAbdin\u00a0: Eine altchristliche Bev\u00f6lkerungsgruppe zwischen Beharrung, Stagnation und Aufl\u00f6sung,<\/em> W\u00fcrzburg.<\/p>\n<p style=\"text-align: justify;\">Courtois S\u00e9bastien de \u2013 2004, <em>Les derniers Aram\u00e9ens, le peuple oubli\u00e9 de J\u00e9sus<\/em>, La Table Ronde, Paris, 162 p. (nombreuses photos)<\/p>\n<p style=\"text-align: justify;\">Courtois S\u00e9bastien de \u2013 2002, <em>Le g\u00e9nocide oubli\u00e9. Chr\u00e9tiens d\u2019Orient, les derniers Aram\u00e9ens<\/em>, Ellipses, Paris, 298 p.<\/p>\n<p style=\"text-align: justify;\">Palmer A. 1990, <em>Monk and mason on the Tigris frontier. The Early History of Tur \u201bAbdin<\/em>, University of Cambridge Oriental Publications, 289 p.<\/p>\n<h5 style=\"text-align: justify;\">To learn more&#8230;<\/h5>\n<p style=\"text-align: justify;\">You can also find free online courses of Turoyo here : <a href=\"http:\/\/www.surayt.com\" target=\"_blank\" rel=\"noreferrer\">www.surayt.com<\/a><\/p>\n","protected":false},"excerpt":{"rendered":"<p>Page by Jean Sibille, 2011. Data on the Turoyo language Classification: African-Asian family, group of Semitic languages, Western Aramaic branch. Turoyo is one of the modern languages originating from the western branch of Aramaic, Semitic language belonging to the group of Semitic languages of the North-West along with Hebrew and a certain amount of dead [&hellip;]<\/p>\n","protected":false},"author":18,"featured_media":0,"parent":0,"menu_order":0,"comment_status":"closed","ping_status":"open","template":"","meta":{"footnotes":""},"class_list":["post-48699","page","type-page","status-publish","hentry"],"yoast_head":"<!-- This site is optimized with the Yoast SEO plugin v27.0 - https:\/\/yoast.com\/product\/yoast-seo-wordpress\/ -->\n<title>Turoyo - Sorosoro<\/title>\n<meta name=\"robots\" content=\"index, follow, max-snippet:-1, max-image-preview:large, max-video-preview:-1\" \/>\n<link rel=\"canonical\" href=\"https:\/\/www.sorosoro.org\/en\/turoyo\/\" \/>\n<meta property=\"og:locale\" content=\"en_US\" \/>\n<meta property=\"og:type\" content=\"article\" \/>\n<meta property=\"og:title\" content=\"Turoyo - Sorosoro\" \/>\n<meta property=\"og:description\" content=\"Page by Jean Sibille, 2011. Data on the Turoyo language Classification: African-Asian family, group of Semitic languages, Western Aramaic branch. Turoyo is one of the modern languages originating from the western branch of Aramaic, Semitic language belonging to the group of Semitic languages of the North-West along with Hebrew and a certain amount of dead [&hellip;]\" \/>\n<meta property=\"og:url\" content=\"https:\/\/www.sorosoro.org\/en\/turoyo\/\" \/>\n<meta property=\"og:site_name\" content=\"Sorosoro\" \/>\n<meta property=\"article:modified_time\" content=\"2017-02-07T16:02:04+00:00\" \/>\n<meta name=\"twitter:card\" content=\"summary_large_image\" \/>\n<meta name=\"twitter:label1\" content=\"Est. reading time\" \/>\n\t<meta name=\"twitter:data1\" content=\"5 minutes\" \/>\n<script type=\"application\/ld+json\" class=\"yoast-schema-graph\">{\"@context\":\"https:\/\/schema.org\",\"@graph\":[{\"@type\":\"WebPage\",\"@id\":\"https:\/\/www.sorosoro.org\/en\/turoyo\/\",\"url\":\"https:\/\/www.sorosoro.org\/en\/turoyo\/\",\"name\":\"Turoyo - Sorosoro\",\"isPartOf\":{\"@id\":\"https:\/\/www.sorosoro.org\/en\/#website\"},\"datePublished\":\"2011-05-24T09:39:22+00:00\",\"dateModified\":\"2017-02-07T16:02:04+00:00\",\"breadcrumb\":{\"@id\":\"https:\/\/www.sorosoro.org\/en\/turoyo\/#breadcrumb\"},\"inLanguage\":\"en-US\",\"potentialAction\":[{\"@type\":\"ReadAction\",\"target\":[\"https:\/\/www.sorosoro.org\/en\/turoyo\/\"]}]},{\"@type\":\"BreadcrumbList\",\"@id\":\"https:\/\/www.sorosoro.org\/en\/turoyo\/#breadcrumb\",\"itemListElement\":[{\"@type\":\"ListItem\",\"position\":1,\"name\":\"Accueil\",\"item\":\"https:\/\/www.sorosoro.org\/en\/\"},{\"@type\":\"ListItem\",\"position\":2,\"name\":\"Turoyo\"}]},{\"@type\":\"WebSite\",\"@id\":\"https:\/\/www.sorosoro.org\/en\/#website\",\"url\":\"https:\/\/www.sorosoro.org\/en\/\",\"name\":\"Sorosoro\",\"description\":\"Pour que vivent les langues du monde !\",\"potentialAction\":[{\"@type\":\"SearchAction\",\"target\":{\"@type\":\"EntryPoint\",\"urlTemplate\":\"https:\/\/www.sorosoro.org\/en\/?s={search_term_string}\"},\"query-input\":{\"@type\":\"PropertyValueSpecification\",\"valueRequired\":true,\"valueName\":\"search_term_string\"}}],\"inLanguage\":\"en-US\"}]}<\/script>\n<!-- \/ Yoast SEO plugin. -->","yoast_head_json":{"title":"Turoyo - Sorosoro","robots":{"index":"index","follow":"follow","max-snippet":"max-snippet:-1","max-image-preview":"max-image-preview:large","max-video-preview":"max-video-preview:-1"},"canonical":"https:\/\/www.sorosoro.org\/en\/turoyo\/","og_locale":"en_US","og_type":"article","og_title":"Turoyo - Sorosoro","og_description":"Page by Jean Sibille, 2011. Data on the Turoyo language Classification: African-Asian family, group of Semitic languages, Western Aramaic branch. Turoyo is one of the modern languages originating from the western branch of Aramaic, Semitic language belonging to the group of Semitic languages of the North-West along with Hebrew and a certain amount of dead [&hellip;]","og_url":"https:\/\/www.sorosoro.org\/en\/turoyo\/","og_site_name":"Sorosoro","article_modified_time":"2017-02-07T16:02:04+00:00","twitter_card":"summary_large_image","twitter_misc":{"Est. reading time":"5 minutes"},"schema":{"@context":"https:\/\/schema.org","@graph":[{"@type":"WebPage","@id":"https:\/\/www.sorosoro.org\/en\/turoyo\/","url":"https:\/\/www.sorosoro.org\/en\/turoyo\/","name":"Turoyo - Sorosoro","isPartOf":{"@id":"https:\/\/www.sorosoro.org\/en\/#website"},"datePublished":"2011-05-24T09:39:22+00:00","dateModified":"2017-02-07T16:02:04+00:00","breadcrumb":{"@id":"https:\/\/www.sorosoro.org\/en\/turoyo\/#breadcrumb"},"inLanguage":"en-US","potentialAction":[{"@type":"ReadAction","target":["https:\/\/www.sorosoro.org\/en\/turoyo\/"]}]},{"@type":"BreadcrumbList","@id":"https:\/\/www.sorosoro.org\/en\/turoyo\/#breadcrumb","itemListElement":[{"@type":"ListItem","position":1,"name":"Accueil","item":"https:\/\/www.sorosoro.org\/en\/"},{"@type":"ListItem","position":2,"name":"Turoyo"}]},{"@type":"WebSite","@id":"https:\/\/www.sorosoro.org\/en\/#website","url":"https:\/\/www.sorosoro.org\/en\/","name":"Sorosoro","description":"Pour que vivent les langues du monde !","potentialAction":[{"@type":"SearchAction","target":{"@type":"EntryPoint","urlTemplate":"https:\/\/www.sorosoro.org\/en\/?s={search_term_string}"},"query-input":{"@type":"PropertyValueSpecification","valueRequired":true,"valueName":"search_term_string"}}],"inLanguage":"en-US"}]}},"_links":{"self":[{"href":"https:\/\/www.sorosoro.org\/en\/wp-json\/wp\/v2\/pages\/48699","targetHints":{"allow":["GET"]}}],"collection":[{"href":"https:\/\/www.sorosoro.org\/en\/wp-json\/wp\/v2\/pages"}],"about":[{"href":"https:\/\/www.sorosoro.org\/en\/wp-json\/wp\/v2\/types\/page"}],"author":[{"embeddable":true,"href":"https:\/\/www.sorosoro.org\/en\/wp-json\/wp\/v2\/users\/18"}],"replies":[{"embeddable":true,"href":"https:\/\/www.sorosoro.org\/en\/wp-json\/wp\/v2\/comments?post=48699"}],"version-history":[{"count":0,"href":"https:\/\/www.sorosoro.org\/en\/wp-json\/wp\/v2\/pages\/48699\/revisions"}],"wp:attachment":[{"href":"https:\/\/www.sorosoro.org\/en\/wp-json\/wp\/v2\/media?parent=48699"}],"curies":[{"name":"wp","href":"https:\/\/api.w.org\/{rel}","templated":true}]}}