{"id":46763,"date":"2011-04-30T02:02:42","date_gmt":"2011-04-30T00:02:42","guid":{"rendered":"http:\/\/www.sorosoro.org\/?page_id=46763"},"modified":"2011-04-30T02:02:42","modified_gmt":"2011-04-30T00:02:42","slug":"xeta","status":"publish","type":"page","link":"https:\/\/www.sorosoro.org\/en\/xeta\/","title":{"rendered":"Xet\u00e1"},"content":{"rendered":"<p style=\"text-align: justify; \"><em>Data collected by UNICEF<\/em><\/p>\n<p style=\"text-align: justify; \">\n<h5 style=\"text-align: justify; \"><strong>Data on <\/strong>Xet\u00e1<\/h5>\n<p style=\"text-align: justify; \"><strong>Alternative names: <\/strong>Cheta, Heta, Seta, Ar\u00e9, Yvapar\u00e9.<\/p>\n<p style=\"text-align: justify; \"><strong>Classification: <\/strong><a href=\"https:\/\/www.sorosoro.org\/en\/tupi-languages\">Tupi family<\/a>, Tupi-Guarani languages, group 1<\/p>\n<p style=\"text-align: justify; \"><em>The position of Xet\u00e1 within group 1 of the Tupi-Guarani languages hasn\u2019t always drawn consensus. We hereby follow Jensen (1999).<\/em><\/p>\n<p style=\"text-align: justify; \"><strong> <\/strong><\/p>\n<p style=\"text-align: justify; \"><strong>Geographical area: <\/strong>Brazil, states of Paran\u00e1, Santa Catarina and S\u00e3o Paulo.<\/p>\n<p style=\"text-align: justify; \">There is no longer a Xet\u00e1 community with a distinctive territory; the last speakers of Xet\u00e1 live in cities or different communities (Kaingang among others).<\/p>\n<p style=\"text-align: justify; \">The Xet\u00e1 originally lived in the Northwest of the area today known as Paran\u00e1; along Rio Iva\u00ed and its tributaries.<\/p>\n<p style=\"text-align: justify; \"><strong>Number of speakers<\/strong>: It is believed that there are only 3 speakers left on a population of 8, according to Silva (2003).<\/p>\n<p style=\"text-align: justify; \"><strong> <\/strong><\/p>\n<p style=\"text-align: justify; \"><strong>Language status: <\/strong>No official status.<\/p>\n<p style=\"text-align: justify; \">As opposed to most indigenous languages to Brazil, Xet\u00e1 bears no official recognition, no measures of protection, promotion, or bilingual education.<\/p>\n<p style=\"text-align: justify; \"><strong>Vitality &amp; transmission:<\/strong><\/p>\n<p style=\"text-align: justify; \">Xet\u00e1 is clearly on the brink of extinction. There are allegedly only 3 elderly speakers left and the language is no longer handed down. The Xet\u00e1 have already virtually disappeared as an ethnic group; if their language disappears, there will be nothing left of their culture.<\/p>\n<p style=\"text-align: justify; \">\n<h5 style=\"text-align: justify; \"><strong>Historical &amp; ethnographic observations<\/strong><\/h5>\n<p style=\"text-align: justify; \"><strong> <\/strong><\/p>\n<p style=\"text-align: justify; \">The Xet\u00e1 are the last ethnic group of southern Brazil to have encountered colonial society. In the 1950s, as agricultural colonization and forest exploitation reached and rapidly destroyed their territory, one group of men, weary of constantly having to escape the \u00ab\u00a0colonial front\u00a0\u00bb, ended up in contact with farmers of a fazenda. Estimations of the total Xet\u00e1 population at the time of contact range between 200 and 400 souls. Less than three decades later, the Xet\u00e1 had almost totally disappeared.<\/p>\n<p style=\"text-align: justify; \">The rapid colonization of Paran\u00e1, the creation of the Itaipu dam, flooding the reservation they had been attributed, the massive destruction of their natural environmental and the diseases carried by the colonists but also the murders perpetrated by local famers got the better of the Xet\u00e1 society, of which very few members survived.<\/p>\n<p style=\"text-align: justify; \">There may be no more than 8 of them today, three women and five men, all from one same family. There could also be 4 other survivors, according to <em>Povos Ind\u00edgenas no Brasil<\/em>. A meeting organized by the <a href=\"http:\/\/www.socioambiental.org\/\">ISA<\/a> gathered survivors of the Xet\u00e1 community in 1997; up to this day, all of them were unaware of each other\u2019s existence and the ties they shared. The meeting led to a claim of recognition of the Xet\u00e1 people by the Brazilian state, compensation for the lands lost and the prejudice suffered by the community. Claims that have generated no follow-up at this point.<\/p>\n<p style=\"text-align: justify; \">\n<h5 style=\"text-align: justify; \"><strong>Sources<\/strong><\/h5>\n<p style=\"text-align: justify; \">De Castro Alves, Fl\u00e1via (2010). <em>Brasil no Amaz\u00f3nico<\/em>. In \u00ab\u00a0<a href=\"http:\/\/www.movilizando.org\/atlas_tomo1\/pages\/tomo_1.pdf\" target=\"_blank\">Atlas socioling\u00fc\u00edstico de pueblos ind\u00edgenas en Am\u00e9rica Latina<\/a> \u00bb, UNICEF. Tome 1, pp 265-280.<\/p>\n<p style=\"text-align: justify; \">Fabre, Alain. 2005. <em>Diccionario etnoling\u00fc\u00edstico y gu\u00eda bibliogr\u00e1fica de los pueblos ind\u00edgenas sudamericanos<\/em>. <a href=\"http:\/\/butler.cc.tut.fi\/~fabre\/BookInternetVersio\/Alkusivu.html\" target=\"_blank\">Available onlin<\/a>e\u00a0[28\/04\/2011]<\/p>\n<p style=\"text-align: justify; \">\n<h5 style=\"text-align: justify; \"><strong>Online sources<\/strong><\/h5>\n<p style=\"text-align: justify; \"><a href=\"http:\/\/atlaspueblosindigenas.files.wordpress.com\/2010\/05\/xeta.pdf\" target=\"_blank\">Data collected by UNICEF on Xet\u00e1<\/a> [28\/04\/2011]<\/p>\n<p style=\"text-align: justify; \"><a href=\"http:\/\/pib.socioambiental.org\/en\/povo\/xeta\" target=\"_blank\">Pages devoted to Xet\u00e1 on the <em>Povos Ind\u00edgenas no Brasil <\/em>website<\/a><\/p>\n<p style=\"text-align: justify; \"><a href=\"http:\/\/www.unesco.org\/culture\/languages-atlas\/en\/atlasmap\/language-id-664.html\" target=\"_blank\">Data collected by UNESCO on Xet\u00e1<\/a><\/p>\n<p style=\"text-align: justify; \">\n<h5 style=\"text-align: justify; \"><strong>Additional bibliography<\/strong><\/h5>\n<p style=\"text-align: justify; \"><strong> <\/strong><\/p>\n<p style=\"text-align: justify; \">Helm, Cec\u00edlia Maria Vieira. 1994. <em>Os Xet\u00e1: a trajet\u00f3ria de um grupo tupi-guarani em extin\u00e7\u00e3o no Paran\u00e1<\/em>. Anu\u00e1rio Antropol\u00f3gico 92: 105-112. Rio de Janeiro: Tempo Brasileiro.<\/p>\n<p style=\"text-align: justify; \">Jensen, Cheryl. 1999.\u201d<em>Tupi-Guarani<\/em>\u201d.Dans <em>The Amazonian languages<\/em>, R.M.W. Dixon and Alexandra Y.Aikhenvald (eds) Cambridge University Press, 1999<\/p>\n<p style=\"text-align: justify; \">Maranh\u00e3o, Maria Fernanda C. 1989. <em>Etnoarqueologia Xet\u00e1. Monografia de Especializa\u00e7\u00e3o em Antropologia Social<\/em>. Curitiba: UFPR.<\/p>\n<p style=\"text-align: justify; \">Silva, Carmen Lucia da. 2003. <em>Em busca da sociedade perdida: o trabalho da mem\u00f3ria Xet\u00e1<\/em>. Tese de doutorado. Bras\u00edlia: UnB.<\/p>\n<p style=\"text-align: justify; \">\n<p style=\"text-align: justify; \">Refer to <a href=\"http:\/\/www.movilizando.org\/atlas_tomo1\/pages\/tomo_1.pdf\">Atlas socioling\u00fc\u00edstico de pueblos ind\u00edgenas en Am\u00e9rica Latina<\/a> and <a href=\"http:\/\/butler.cc.tut.fi\/~fabre\/BookInternetVersio\/Dic=Tupi.pdf\">Fabre (2005)<\/a> for a more comprehensive bibliography.<\/p>\n<p style=\"text-align: justify; \"><strong> <\/strong><\/p>\n<p style=\"text-align: justify; \">\n","protected":false},"excerpt":{"rendered":"<p>Data collected by UNICEF Data on Xet\u00e1 Alternative names: Cheta, Heta, Seta, Ar\u00e9, Yvapar\u00e9. Classification: Tupi family, Tupi-Guarani languages, group 1 The position of Xet\u00e1 within group 1 of the Tupi-Guarani languages hasn\u2019t always drawn consensus. We hereby follow Jensen (1999). Geographical area: Brazil, states of Paran\u00e1, Santa Catarina and S\u00e3o Paulo. There is no [&hellip;]<\/p>\n","protected":false},"author":18,"featured_media":0,"parent":0,"menu_order":0,"comment_status":"closed","ping_status":"open","template":"","meta":{"footnotes":""},"class_list":["post-46763","page","type-page","status-publish","hentry"],"yoast_head":"<!-- This site is optimized with the Yoast SEO plugin v27.0 - https:\/\/yoast.com\/product\/yoast-seo-wordpress\/ -->\n<title>Xet\u00e1 - Sorosoro<\/title>\n<meta name=\"robots\" content=\"index, follow, max-snippet:-1, max-image-preview:large, max-video-preview:-1\" \/>\n<link rel=\"canonical\" href=\"https:\/\/www.sorosoro.org\/en\/xeta\/\" \/>\n<meta property=\"og:locale\" content=\"en_US\" \/>\n<meta property=\"og:type\" content=\"article\" \/>\n<meta property=\"og:title\" content=\"Xet\u00e1 - Sorosoro\" \/>\n<meta property=\"og:description\" content=\"Data collected by UNICEF Data on Xet\u00e1 Alternative names: Cheta, Heta, Seta, Ar\u00e9, Yvapar\u00e9. Classification: Tupi family, Tupi-Guarani languages, group 1 The position of Xet\u00e1 within group 1 of the Tupi-Guarani languages hasn\u2019t always drawn consensus. We hereby follow Jensen (1999). Geographical area: Brazil, states of Paran\u00e1, Santa Catarina and S\u00e3o Paulo. There is no [&hellip;]\" \/>\n<meta property=\"og:url\" content=\"https:\/\/www.sorosoro.org\/en\/xeta\/\" \/>\n<meta property=\"og:site_name\" content=\"Sorosoro\" \/>\n<meta name=\"twitter:card\" content=\"summary_large_image\" \/>\n<meta name=\"twitter:label1\" content=\"Est. reading time\" \/>\n\t<meta name=\"twitter:data1\" content=\"3 minutes\" \/>\n<script type=\"application\/ld+json\" class=\"yoast-schema-graph\">{\"@context\":\"https:\/\/schema.org\",\"@graph\":[{\"@type\":\"WebPage\",\"@id\":\"https:\/\/www.sorosoro.org\/en\/xeta\/\",\"url\":\"https:\/\/www.sorosoro.org\/en\/xeta\/\",\"name\":\"Xet\u00e1 - Sorosoro\",\"isPartOf\":{\"@id\":\"https:\/\/www.sorosoro.org\/en\/#website\"},\"datePublished\":\"2011-04-30T00:02:42+00:00\",\"breadcrumb\":{\"@id\":\"https:\/\/www.sorosoro.org\/en\/xeta\/#breadcrumb\"},\"inLanguage\":\"en-US\",\"potentialAction\":[{\"@type\":\"ReadAction\",\"target\":[\"https:\/\/www.sorosoro.org\/en\/xeta\/\"]}]},{\"@type\":\"BreadcrumbList\",\"@id\":\"https:\/\/www.sorosoro.org\/en\/xeta\/#breadcrumb\",\"itemListElement\":[{\"@type\":\"ListItem\",\"position\":1,\"name\":\"Accueil\",\"item\":\"https:\/\/www.sorosoro.org\/en\/\"},{\"@type\":\"ListItem\",\"position\":2,\"name\":\"Xet\u00e1\"}]},{\"@type\":\"WebSite\",\"@id\":\"https:\/\/www.sorosoro.org\/en\/#website\",\"url\":\"https:\/\/www.sorosoro.org\/en\/\",\"name\":\"Sorosoro\",\"description\":\"Pour que vivent les langues du monde !\",\"potentialAction\":[{\"@type\":\"SearchAction\",\"target\":{\"@type\":\"EntryPoint\",\"urlTemplate\":\"https:\/\/www.sorosoro.org\/en\/?s={search_term_string}\"},\"query-input\":{\"@type\":\"PropertyValueSpecification\",\"valueRequired\":true,\"valueName\":\"search_term_string\"}}],\"inLanguage\":\"en-US\"}]}<\/script>\n<!-- \/ Yoast SEO plugin. -->","yoast_head_json":{"title":"Xet\u00e1 - Sorosoro","robots":{"index":"index","follow":"follow","max-snippet":"max-snippet:-1","max-image-preview":"max-image-preview:large","max-video-preview":"max-video-preview:-1"},"canonical":"https:\/\/www.sorosoro.org\/en\/xeta\/","og_locale":"en_US","og_type":"article","og_title":"Xet\u00e1 - Sorosoro","og_description":"Data collected by UNICEF Data on Xet\u00e1 Alternative names: Cheta, Heta, Seta, Ar\u00e9, Yvapar\u00e9. Classification: Tupi family, Tupi-Guarani languages, group 1 The position of Xet\u00e1 within group 1 of the Tupi-Guarani languages hasn\u2019t always drawn consensus. We hereby follow Jensen (1999). Geographical area: Brazil, states of Paran\u00e1, Santa Catarina and S\u00e3o Paulo. There is no [&hellip;]","og_url":"https:\/\/www.sorosoro.org\/en\/xeta\/","og_site_name":"Sorosoro","twitter_card":"summary_large_image","twitter_misc":{"Est. reading time":"3 minutes"},"schema":{"@context":"https:\/\/schema.org","@graph":[{"@type":"WebPage","@id":"https:\/\/www.sorosoro.org\/en\/xeta\/","url":"https:\/\/www.sorosoro.org\/en\/xeta\/","name":"Xet\u00e1 - Sorosoro","isPartOf":{"@id":"https:\/\/www.sorosoro.org\/en\/#website"},"datePublished":"2011-04-30T00:02:42+00:00","breadcrumb":{"@id":"https:\/\/www.sorosoro.org\/en\/xeta\/#breadcrumb"},"inLanguage":"en-US","potentialAction":[{"@type":"ReadAction","target":["https:\/\/www.sorosoro.org\/en\/xeta\/"]}]},{"@type":"BreadcrumbList","@id":"https:\/\/www.sorosoro.org\/en\/xeta\/#breadcrumb","itemListElement":[{"@type":"ListItem","position":1,"name":"Accueil","item":"https:\/\/www.sorosoro.org\/en\/"},{"@type":"ListItem","position":2,"name":"Xet\u00e1"}]},{"@type":"WebSite","@id":"https:\/\/www.sorosoro.org\/en\/#website","url":"https:\/\/www.sorosoro.org\/en\/","name":"Sorosoro","description":"Pour que vivent les langues du monde !","potentialAction":[{"@type":"SearchAction","target":{"@type":"EntryPoint","urlTemplate":"https:\/\/www.sorosoro.org\/en\/?s={search_term_string}"},"query-input":{"@type":"PropertyValueSpecification","valueRequired":true,"valueName":"search_term_string"}}],"inLanguage":"en-US"}]}},"_links":{"self":[{"href":"https:\/\/www.sorosoro.org\/en\/wp-json\/wp\/v2\/pages\/46763","targetHints":{"allow":["GET"]}}],"collection":[{"href":"https:\/\/www.sorosoro.org\/en\/wp-json\/wp\/v2\/pages"}],"about":[{"href":"https:\/\/www.sorosoro.org\/en\/wp-json\/wp\/v2\/types\/page"}],"author":[{"embeddable":true,"href":"https:\/\/www.sorosoro.org\/en\/wp-json\/wp\/v2\/users\/18"}],"replies":[{"embeddable":true,"href":"https:\/\/www.sorosoro.org\/en\/wp-json\/wp\/v2\/comments?post=46763"}],"version-history":[{"count":0,"href":"https:\/\/www.sorosoro.org\/en\/wp-json\/wp\/v2\/pages\/46763\/revisions"}],"wp:attachment":[{"href":"https:\/\/www.sorosoro.org\/en\/wp-json\/wp\/v2\/media?parent=46763"}],"curies":[{"name":"wp","href":"https:\/\/api.w.org\/{rel}","templated":true}]}}