{"id":46552,"date":"2011-04-28T18:36:18","date_gmt":"2011-04-28T16:36:18","guid":{"rendered":"http:\/\/www.sorosoro.org\/?page_id=46552"},"modified":"2011-05-02T12:42:30","modified_gmt":"2011-05-02T10:42:30","slug":"ayapaneco","status":"publish","type":"page","link":"https:\/\/www.sorosoro.org\/en\/ayapaneco\/","title":{"rendered":"Ayapaneco"},"content":{"rendered":"<h5>Data on Ayapaneco<\/h5>\n<p><strong>Alternative names<\/strong>: Nuumte Oote, Ayapanec, Tabasco Zoque, Ayapa Zoque, Ayapa.<\/p>\n<p><em>The name \u00ab\u00a0Ayapaneco\u00a0\u00bb was proposed by the <\/em><a href=\"http:\/\/www.inali.gob.mx\/clin-inali\/html\/v_ayapaneco.html\" target=\"_blank\">INALI<\/a><em>, \u00ab\u00a0Nuumte Oote\u00a0\u00bb (\u00ab\u00a0the real voice \u00bb) is the self-designation, \u00ab\u00a0Tabasco Zoque\u00a0\u00bb was proposed by the 16th edition of the Ethnologue, and\u00a0\u00ab\u00a0Ayapa Zoque\u00a0\u00bb by L. Campbell (1997).<\/em><\/p>\n<p><em> <\/em><\/p>\n<p><strong>Classification<\/strong>: Mixe-Zoquean family, Zoque sub-family, Zoque branch of the Veracruz Gulf.<\/p>\n<p><em>Classification based on Campbell (1997). There seems to be no consensus on the intern classification of the Mixe-Zoquean languages, although there is no doubt on the kinship between the two great sub-families (Mixe and Zoque).<\/em><\/p>\n<p><em>Besides, different sources may provide different information, especially regarding the name of the language.<\/em><\/p>\n<p><strong>Geographical area<\/strong>: Ayapa, municipality of Jalpa de Mendez, State of Tabasco, Mexico.<\/p>\n<p><strong>Number of speakers: <\/strong><\/p>\n<p>According to Wichmann (2007) there are no longer but two native speakers of Ayapaneco: Manuel Segovia, age 75, and Isidro Velazquez, 69. Plus three additional passive speakers (Manuel Segovia\u2019s wife and children).<\/p>\n<p><em>The Guardian<\/em> published an <a href=\"..\/en\/april-13-%C2%AB-language-at-risk-of-dying-out-%E2%80%93-the-last-two-speakers-aren%E2%80%99t-talking-%C2%BB-the-guardian\">article<\/a> on these two last speakers in April 2011.<\/p>\n<p><strong>Language<\/strong> <strong>status<\/strong>:<\/p>\n<p>According to Linguam\u00f3n: \u00ab\u00a0Spanish is the official language of Mexico. The linguistic legislation is rather profuse in terms of indigenous languages. One of these texts worth noting is the <em>General law on the linguistic rights of indigenous peoples<\/em>, operative since 2001, and aiming for the acknowledgment and protection of the individual and collective linguistic rights of indigenous communities, as well as for the promotion, use and development of indigenous languages bearing the status of \u00ab\u00a0national language\u00a0\u00bb. In fact, however, the Mexican linguistic model tends more towards assimilating indigenous languages and cultures, than promoting them.\u00a0\u00bb<\/p>\n<p><strong>Vitality &amp; transmission:<\/strong><\/p>\n<p>Ayapaneco is on the brink of extinction. It is believed there are only two elder speakers left, plus the family members of one of those two speakers (Manuel Segovia), considered as passive speakers, thus unable to transmit the language.<\/p>\n<p>Indiana University linguist anthropologist <strong>Daniel Suslak<\/strong><strong> <\/strong>is currently working on the creation of an Ayapaneco dictionary.<\/p>\n<h5><strong>Sociolinguistic observations<\/strong><\/h5>\n<p>Spanish schooling since the mid-20th century, the children being forbidden to speak indigenous languages, and the urbanization and economic migrations of rural indigenous communities than began in the 1970s, all led to rapid neglect of numerous indigenous languages of Mexico. Ayapaneco is one of the languages that has suffered the most. According to <em>Ethnologue.com<\/em>, there were still around forty speakers of Ayapaneco in the beginning of the 1970s.<\/p>\n<h5><strong>Online resources <\/strong><\/h5>\n<p><strong> <\/strong><\/p>\n<p><a href=\"http:\/\/atlaspueblosindigenas.files.wordpress.com\/2010\/05\/ayapaneco.pdf\" target=\"_blank\">Data collected by the UNICEF on Ayapaneco<\/a> (in Spanish)<\/p>\n<p><a href=\"http:\/\/www.unesco.org\/culture\/languages-atlas\/en\/atlasmap\/language-id-913.html\" target=\"_blank\">Data collected by the UNESCO on Ayapaneco<\/a><\/p>\n<p><a href=\"http:\/\/www.ethnologue.com\/show_language.asp?code=zoq\" target=\"_blank\"><em>Ethnologue<\/em> webpage on Ayapaneco (here, Tabasco Zoque)<\/a><\/p>\n<p><a href=\"http:\/\/www.native-languages.org\/zoque_ayapa_words.htm\" target=\"_blank\">Ayapaneco-French-English glossary<\/a><\/p>\n<p><a href=\"http:\/\/www.inali.gob.mx\/\" target=\"_blank\">INALI\u00a0website<\/a> (in Spanish)<\/p>\n<h5><strong>Bibliography<\/strong><\/h5>\n<p><strong> <\/strong><\/p>\n<p>Campbell, Lyle. 1997. <em>American Indian languages: the historical linguistics of Native America<\/em>. Oxford University Press. Oxford<\/p>\n<p>Wichmann, S\u00f8ren. 1995.<em><strong> <\/strong>The Relationship among the Mixe-Zoquean Languages of Mexico<\/em>. Salt Lake City: University of Utah Press.<\/p>\n<p>Wichmann, S\u00f8ren. 2007. <em>Un panorama de las lenguas ind\u00edgenas de M\u00e9xico<\/em>. In: Bob de Jonge (ed.): <em>Las lenguas de M\u00e9xico<\/em>. M\u00e9xico en Movimiento, vol. 11: 111-140.\u00a0 Actas del XI d\u00eda de mexicanistas de Holanda 11 de noviembre de 2005. Groningen: Groningen University. [<a href=\"http:\/\/email.eva.mpg.de\/%7Ewichmann\/UnPanorama2.pdf\" target=\"_blank\">PDF<\/a>]<\/p>\n","protected":false},"excerpt":{"rendered":"<p>Data on Ayapaneco Alternative names: Nuumte Oote, Ayapanec, Tabasco Zoque, Ayapa Zoque, Ayapa. The name \u00ab\u00a0Ayapaneco\u00a0\u00bb was proposed by the INALI, \u00ab\u00a0Nuumte Oote\u00a0\u00bb (\u00ab\u00a0the real voice \u00bb) is the self-designation, \u00ab\u00a0Tabasco Zoque\u00a0\u00bb was proposed by the 16th edition of the Ethnologue, and\u00a0\u00ab\u00a0Ayapa Zoque\u00a0\u00bb by L. Campbell (1997). Classification: Mixe-Zoquean family, Zoque sub-family, Zoque branch of [&hellip;]<\/p>\n","protected":false},"author":18,"featured_media":0,"parent":0,"menu_order":0,"comment_status":"closed","ping_status":"open","template":"","meta":{"footnotes":""},"class_list":["post-46552","page","type-page","status-publish","hentry"],"yoast_head":"<!-- This site is optimized with the Yoast SEO plugin v27.0 - https:\/\/yoast.com\/product\/yoast-seo-wordpress\/ -->\n<title>Ayapaneco - Sorosoro<\/title>\n<meta name=\"robots\" content=\"index, follow, max-snippet:-1, max-image-preview:large, max-video-preview:-1\" \/>\n<link rel=\"canonical\" href=\"https:\/\/www.sorosoro.org\/en\/ayapaneco\/\" \/>\n<meta property=\"og:locale\" content=\"en_US\" \/>\n<meta property=\"og:type\" content=\"article\" \/>\n<meta property=\"og:title\" content=\"Ayapaneco - Sorosoro\" \/>\n<meta property=\"og:description\" content=\"Data on Ayapaneco Alternative names: Nuumte Oote, Ayapanec, Tabasco Zoque, Ayapa Zoque, Ayapa. The name \u00ab\u00a0Ayapaneco\u00a0\u00bb was proposed by the INALI, \u00ab\u00a0Nuumte Oote\u00a0\u00bb (\u00ab\u00a0the real voice \u00bb) is the self-designation, \u00ab\u00a0Tabasco Zoque\u00a0\u00bb was proposed by the 16th edition of the Ethnologue, and\u00a0\u00ab\u00a0Ayapa Zoque\u00a0\u00bb by L. Campbell (1997). Classification: Mixe-Zoquean family, Zoque sub-family, Zoque branch of [&hellip;]\" \/>\n<meta property=\"og:url\" content=\"https:\/\/www.sorosoro.org\/en\/ayapaneco\/\" \/>\n<meta property=\"og:site_name\" content=\"Sorosoro\" \/>\n<meta property=\"article:modified_time\" content=\"2011-05-02T10:42:30+00:00\" \/>\n<meta name=\"twitter:card\" content=\"summary_large_image\" \/>\n<meta name=\"twitter:label1\" content=\"Est. reading time\" \/>\n\t<meta name=\"twitter:data1\" content=\"2 minutes\" \/>\n<script type=\"application\/ld+json\" class=\"yoast-schema-graph\">{\"@context\":\"https:\/\/schema.org\",\"@graph\":[{\"@type\":\"WebPage\",\"@id\":\"https:\/\/www.sorosoro.org\/en\/ayapaneco\/\",\"url\":\"https:\/\/www.sorosoro.org\/en\/ayapaneco\/\",\"name\":\"Ayapaneco - Sorosoro\",\"isPartOf\":{\"@id\":\"https:\/\/www.sorosoro.org\/en\/#website\"},\"datePublished\":\"2011-04-28T16:36:18+00:00\",\"dateModified\":\"2011-05-02T10:42:30+00:00\",\"breadcrumb\":{\"@id\":\"https:\/\/www.sorosoro.org\/en\/ayapaneco\/#breadcrumb\"},\"inLanguage\":\"en-US\",\"potentialAction\":[{\"@type\":\"ReadAction\",\"target\":[\"https:\/\/www.sorosoro.org\/en\/ayapaneco\/\"]}]},{\"@type\":\"BreadcrumbList\",\"@id\":\"https:\/\/www.sorosoro.org\/en\/ayapaneco\/#breadcrumb\",\"itemListElement\":[{\"@type\":\"ListItem\",\"position\":1,\"name\":\"Accueil\",\"item\":\"https:\/\/www.sorosoro.org\/en\/\"},{\"@type\":\"ListItem\",\"position\":2,\"name\":\"Ayapaneco\"}]},{\"@type\":\"WebSite\",\"@id\":\"https:\/\/www.sorosoro.org\/en\/#website\",\"url\":\"https:\/\/www.sorosoro.org\/en\/\",\"name\":\"Sorosoro\",\"description\":\"Pour que vivent les langues du monde !\",\"potentialAction\":[{\"@type\":\"SearchAction\",\"target\":{\"@type\":\"EntryPoint\",\"urlTemplate\":\"https:\/\/www.sorosoro.org\/en\/?s={search_term_string}\"},\"query-input\":{\"@type\":\"PropertyValueSpecification\",\"valueRequired\":true,\"valueName\":\"search_term_string\"}}],\"inLanguage\":\"en-US\"}]}<\/script>\n<!-- \/ Yoast SEO plugin. -->","yoast_head_json":{"title":"Ayapaneco - Sorosoro","robots":{"index":"index","follow":"follow","max-snippet":"max-snippet:-1","max-image-preview":"max-image-preview:large","max-video-preview":"max-video-preview:-1"},"canonical":"https:\/\/www.sorosoro.org\/en\/ayapaneco\/","og_locale":"en_US","og_type":"article","og_title":"Ayapaneco - Sorosoro","og_description":"Data on Ayapaneco Alternative names: Nuumte Oote, Ayapanec, Tabasco Zoque, Ayapa Zoque, Ayapa. The name \u00ab\u00a0Ayapaneco\u00a0\u00bb was proposed by the INALI, \u00ab\u00a0Nuumte Oote\u00a0\u00bb (\u00ab\u00a0the real voice \u00bb) is the self-designation, \u00ab\u00a0Tabasco Zoque\u00a0\u00bb was proposed by the 16th edition of the Ethnologue, and\u00a0\u00ab\u00a0Ayapa Zoque\u00a0\u00bb by L. Campbell (1997). Classification: Mixe-Zoquean family, Zoque sub-family, Zoque branch of [&hellip;]","og_url":"https:\/\/www.sorosoro.org\/en\/ayapaneco\/","og_site_name":"Sorosoro","article_modified_time":"2011-05-02T10:42:30+00:00","twitter_card":"summary_large_image","twitter_misc":{"Est. reading time":"2 minutes"},"schema":{"@context":"https:\/\/schema.org","@graph":[{"@type":"WebPage","@id":"https:\/\/www.sorosoro.org\/en\/ayapaneco\/","url":"https:\/\/www.sorosoro.org\/en\/ayapaneco\/","name":"Ayapaneco - Sorosoro","isPartOf":{"@id":"https:\/\/www.sorosoro.org\/en\/#website"},"datePublished":"2011-04-28T16:36:18+00:00","dateModified":"2011-05-02T10:42:30+00:00","breadcrumb":{"@id":"https:\/\/www.sorosoro.org\/en\/ayapaneco\/#breadcrumb"},"inLanguage":"en-US","potentialAction":[{"@type":"ReadAction","target":["https:\/\/www.sorosoro.org\/en\/ayapaneco\/"]}]},{"@type":"BreadcrumbList","@id":"https:\/\/www.sorosoro.org\/en\/ayapaneco\/#breadcrumb","itemListElement":[{"@type":"ListItem","position":1,"name":"Accueil","item":"https:\/\/www.sorosoro.org\/en\/"},{"@type":"ListItem","position":2,"name":"Ayapaneco"}]},{"@type":"WebSite","@id":"https:\/\/www.sorosoro.org\/en\/#website","url":"https:\/\/www.sorosoro.org\/en\/","name":"Sorosoro","description":"Pour que vivent les langues du monde !","potentialAction":[{"@type":"SearchAction","target":{"@type":"EntryPoint","urlTemplate":"https:\/\/www.sorosoro.org\/en\/?s={search_term_string}"},"query-input":{"@type":"PropertyValueSpecification","valueRequired":true,"valueName":"search_term_string"}}],"inLanguage":"en-US"}]}},"_links":{"self":[{"href":"https:\/\/www.sorosoro.org\/en\/wp-json\/wp\/v2\/pages\/46552","targetHints":{"allow":["GET"]}}],"collection":[{"href":"https:\/\/www.sorosoro.org\/en\/wp-json\/wp\/v2\/pages"}],"about":[{"href":"https:\/\/www.sorosoro.org\/en\/wp-json\/wp\/v2\/types\/page"}],"author":[{"embeddable":true,"href":"https:\/\/www.sorosoro.org\/en\/wp-json\/wp\/v2\/users\/18"}],"replies":[{"embeddable":true,"href":"https:\/\/www.sorosoro.org\/en\/wp-json\/wp\/v2\/comments?post=46552"}],"version-history":[{"count":0,"href":"https:\/\/www.sorosoro.org\/en\/wp-json\/wp\/v2\/pages\/46552\/revisions"}],"wp:attachment":[{"href":"https:\/\/www.sorosoro.org\/en\/wp-json\/wp\/v2\/media?parent=46552"}],"curies":[{"name":"wp","href":"https:\/\/api.w.org\/{rel}","templated":true}]}}