{"id":465,"date":"2009-07-27T12:55:45","date_gmt":"2009-07-27T10:55:45","guid":{"rendered":"http:\/\/www.sorosoro.org\/?page_id=465"},"modified":"2015-10-04T22:00:12","modified_gmt":"2015-10-04T20:00:12","slug":"legal-notice","status":"publish","type":"page","link":"https:\/\/www.sorosoro.org\/en\/legal-notice\/","title":{"rendered":"Legal notice"},"content":{"rendered":"<p>Par l\u2019acc\u00e8s \u00e0 son site, le programme <em>Sorosoro, pour que vivent les langues du monde ! c<\/em>onsent \u00e0 l\u2019utilisateur qui l\u2019accepte une licence dans les pr\u00e9sentes conditions:<\/p>\n<ul>\n<li>La Licence conf\u00e8re \u00e0 l\u2019utilisateur un droit d\u2019usage priv\u00e9, non collectif et non exclusif, sur le contenu du site.<\/li>\n<li>Elle comprend le droit de reproduction pour stockage aux seules fins de repr\u00e9sentation sur \u00e9cran monoposte, et de reproduction, en un seul exemplaire, pour copie de sauvegarde ou tirage sur papier.<\/li>\n<li>Ce droit est personnel, il est r\u00e9serv\u00e9 \u00e0 l\u2019usage exclusif du licenci\u00e9. Il n\u2019est transmissible en aucune mani\u00e8re.<\/li>\n<li>Toute mise en r\u00e9seau public, toute rediffusion, sous quelque forme, m\u00eame partielle, sont donc interdites.<\/li>\n<li>Les vid\u00e9os mises en ligne sur ce site sont disponibles sous un <a style=\"color: #58585a; text-decoration: none;\" href=\"http:\/\/creativecommons.org\/licenses\/by-nc-nd\/3.0\/\" rel=\"license\">contrat Creative Commons<\/a> <a style=\"color: #58585a; text-decoration: none;\" href=\"http:\/\/creativecommons.org\/licenses\/by-nc-nd\/3.0\/\" rel=\"license\"><img decoding=\"async\" style=\"vertical-align: middle; border: 0px initial initial;\" src=\"http:\/\/i.creativecommons.org\/l\/by-nc-nd\/3.0\/88x31.png\" alt=\"Creative Commons License\" \/><\/a><\/li>\n<li>Tout autre usage est soumis \u00e0 autorisation pr\u00e9alable et expresse.<\/li>\n<\/ul>\n<p>Un droit d\u2019usage collectif est susceptible d\u2019\u00eatre accord\u00e9 aux groupes, notamment scolaires, jeunes et clubs \u00e0 des conditions d\u00e9finies au cas par cas apr\u00e8s accord de l\u2019\u00e9quipe de Sorosoro.<\/p>\n<p>La violation de ces dispositions imp\u00e9ratives soumet le contrevenant, et toutes personnes responsables, aux peines p\u00e9nales et civiles pr\u00e9vues par la loi.<\/p>\n<p>Pour toute question sur les droits d\u2019utilisation ou de reproduction du mat\u00e9riel p\u00e9dagogique pr\u00e9sent sur le site, n\u2019h\u00e9sitez pas \u00e0 contacter l\u2019\u00e9quipe de Sorosoro.<\/p>\n<p>N.B. : Le nom du programme Sorosoro et son logo sont d\u00e9pos\u00e9s et prot\u00e9g\u00e9s par la fondation Chirac. Toute utilisation de l\u2019une ou l\u2019autre de ces mentions doit \u00eatre soumise \u00e0 une demande expresse pr\u00e9alable.<\/p>\n<p>R\u00e9alisation et d\u00e9veloppement en 2009 : Kinoa<br \/>\nRefonte du site 2015 : Kym Zhan<br \/>\nMaintenance : Kym Zhan<br \/>\nH\u00e9bergement : Cynt<\/p>\n<p>Contenu \u00e9ditorial : Programme Sorosoro, pour que vivent les langues du monde !<br \/>\nDirectrice de la publication : Rozenn Milin<\/p>\n<p>Adresse postale :<br \/>\nAssociation WOLACO<br \/>\nProgramme Sorosoro, pour que vivent les langues du monde !<br \/>\n226 rue Saint-Denis<br \/>\n75002 \u2013 PARIS<\/p>\n<p>&nbsp;<\/p>\n","protected":false},"excerpt":{"rendered":"<p>Par l\u2019acc\u00e8s \u00e0 son site, le programme Sorosoro, pour que vivent les langues du monde ! consent \u00e0 l\u2019utilisateur qui l\u2019accepte une licence dans les pr\u00e9sentes conditions: La Licence conf\u00e8re \u00e0 l\u2019utilisateur un droit d\u2019usage priv\u00e9, non collectif et non exclusif, sur le contenu du site. Elle comprend le droit de reproduction pour stockage aux [&hellip;]<\/p>\n","protected":false},"author":1,"featured_media":0,"parent":0,"menu_order":21,"comment_status":"closed","ping_status":"open","template":"","meta":{"footnotes":""},"class_list":["post-465","page","type-page","status-publish","hentry"],"yoast_head":"<!-- This site is optimized with the Yoast SEO plugin v27.0 - https:\/\/yoast.com\/product\/yoast-seo-wordpress\/ -->\n<title>Legal notice - Sorosoro<\/title>\n<meta name=\"robots\" content=\"index, follow, max-snippet:-1, max-image-preview:large, max-video-preview:-1\" \/>\n<link rel=\"canonical\" href=\"https:\/\/www.sorosoro.org\/en\/legal-notice\/\" \/>\n<meta property=\"og:locale\" content=\"en_US\" \/>\n<meta property=\"og:type\" content=\"article\" \/>\n<meta property=\"og:title\" content=\"Legal notice - Sorosoro\" \/>\n<meta property=\"og:description\" content=\"Par l\u2019acc\u00e8s \u00e0 son site, le programme Sorosoro, pour que vivent les langues du monde ! consent \u00e0 l\u2019utilisateur qui l\u2019accepte une licence dans les pr\u00e9sentes conditions: La Licence conf\u00e8re \u00e0 l\u2019utilisateur un droit d\u2019usage priv\u00e9, non collectif et non exclusif, sur le contenu du site. Elle comprend le droit de reproduction pour stockage aux [&hellip;]\" \/>\n<meta property=\"og:url\" content=\"https:\/\/www.sorosoro.org\/en\/legal-notice\/\" \/>\n<meta property=\"og:site_name\" content=\"Sorosoro\" \/>\n<meta property=\"article:modified_time\" content=\"2015-10-04T20:00:12+00:00\" \/>\n<meta property=\"og:image\" content=\"http:\/\/i.creativecommons.org\/l\/by-nc-nd\/3.0\/88x31.png\" \/>\n<meta name=\"twitter:card\" content=\"summary_large_image\" \/>\n<meta name=\"twitter:label1\" content=\"Est. reading time\" \/>\n\t<meta name=\"twitter:data1\" content=\"2 minutes\" \/>\n<script type=\"application\/ld+json\" class=\"yoast-schema-graph\">{\"@context\":\"https:\/\/schema.org\",\"@graph\":[{\"@type\":\"WebPage\",\"@id\":\"https:\/\/www.sorosoro.org\/en\/legal-notice\/\",\"url\":\"https:\/\/www.sorosoro.org\/en\/legal-notice\/\",\"name\":\"Legal notice - Sorosoro\",\"isPartOf\":{\"@id\":\"https:\/\/www.sorosoro.org\/en\/#website\"},\"primaryImageOfPage\":{\"@id\":\"https:\/\/www.sorosoro.org\/en\/legal-notice\/#primaryimage\"},\"image\":{\"@id\":\"https:\/\/www.sorosoro.org\/en\/legal-notice\/#primaryimage\"},\"thumbnailUrl\":\"http:\/\/i.creativecommons.org\/l\/by-nc-nd\/3.0\/88x31.png\",\"datePublished\":\"2009-07-27T10:55:45+00:00\",\"dateModified\":\"2015-10-04T20:00:12+00:00\",\"breadcrumb\":{\"@id\":\"https:\/\/www.sorosoro.org\/en\/legal-notice\/#breadcrumb\"},\"inLanguage\":\"en-US\",\"potentialAction\":[{\"@type\":\"ReadAction\",\"target\":[\"https:\/\/www.sorosoro.org\/en\/legal-notice\/\"]}]},{\"@type\":\"ImageObject\",\"inLanguage\":\"en-US\",\"@id\":\"https:\/\/www.sorosoro.org\/en\/legal-notice\/#primaryimage\",\"url\":\"http:\/\/i.creativecommons.org\/l\/by-nc-nd\/3.0\/88x31.png\",\"contentUrl\":\"http:\/\/i.creativecommons.org\/l\/by-nc-nd\/3.0\/88x31.png\"},{\"@type\":\"BreadcrumbList\",\"@id\":\"https:\/\/www.sorosoro.org\/en\/legal-notice\/#breadcrumb\",\"itemListElement\":[{\"@type\":\"ListItem\",\"position\":1,\"name\":\"Accueil\",\"item\":\"https:\/\/www.sorosoro.org\/en\/\"},{\"@type\":\"ListItem\",\"position\":2,\"name\":\"Legal notice\"}]},{\"@type\":\"WebSite\",\"@id\":\"https:\/\/www.sorosoro.org\/en\/#website\",\"url\":\"https:\/\/www.sorosoro.org\/en\/\",\"name\":\"Sorosoro\",\"description\":\"Pour que vivent les langues du monde !\",\"potentialAction\":[{\"@type\":\"SearchAction\",\"target\":{\"@type\":\"EntryPoint\",\"urlTemplate\":\"https:\/\/www.sorosoro.org\/en\/?s={search_term_string}\"},\"query-input\":{\"@type\":\"PropertyValueSpecification\",\"valueRequired\":true,\"valueName\":\"search_term_string\"}}],\"inLanguage\":\"en-US\"}]}<\/script>\n<!-- \/ Yoast SEO plugin. -->","yoast_head_json":{"title":"Legal notice - Sorosoro","robots":{"index":"index","follow":"follow","max-snippet":"max-snippet:-1","max-image-preview":"max-image-preview:large","max-video-preview":"max-video-preview:-1"},"canonical":"https:\/\/www.sorosoro.org\/en\/legal-notice\/","og_locale":"en_US","og_type":"article","og_title":"Legal notice - Sorosoro","og_description":"Par l\u2019acc\u00e8s \u00e0 son site, le programme Sorosoro, pour que vivent les langues du monde ! consent \u00e0 l\u2019utilisateur qui l\u2019accepte une licence dans les pr\u00e9sentes conditions: La Licence conf\u00e8re \u00e0 l\u2019utilisateur un droit d\u2019usage priv\u00e9, non collectif et non exclusif, sur le contenu du site. Elle comprend le droit de reproduction pour stockage aux [&hellip;]","og_url":"https:\/\/www.sorosoro.org\/en\/legal-notice\/","og_site_name":"Sorosoro","article_modified_time":"2015-10-04T20:00:12+00:00","og_image":[{"url":"http:\/\/i.creativecommons.org\/l\/by-nc-nd\/3.0\/88x31.png","type":"","width":"","height":""}],"twitter_card":"summary_large_image","twitter_misc":{"Est. reading time":"2 minutes"},"schema":{"@context":"https:\/\/schema.org","@graph":[{"@type":"WebPage","@id":"https:\/\/www.sorosoro.org\/en\/legal-notice\/","url":"https:\/\/www.sorosoro.org\/en\/legal-notice\/","name":"Legal notice - Sorosoro","isPartOf":{"@id":"https:\/\/www.sorosoro.org\/en\/#website"},"primaryImageOfPage":{"@id":"https:\/\/www.sorosoro.org\/en\/legal-notice\/#primaryimage"},"image":{"@id":"https:\/\/www.sorosoro.org\/en\/legal-notice\/#primaryimage"},"thumbnailUrl":"http:\/\/i.creativecommons.org\/l\/by-nc-nd\/3.0\/88x31.png","datePublished":"2009-07-27T10:55:45+00:00","dateModified":"2015-10-04T20:00:12+00:00","breadcrumb":{"@id":"https:\/\/www.sorosoro.org\/en\/legal-notice\/#breadcrumb"},"inLanguage":"en-US","potentialAction":[{"@type":"ReadAction","target":["https:\/\/www.sorosoro.org\/en\/legal-notice\/"]}]},{"@type":"ImageObject","inLanguage":"en-US","@id":"https:\/\/www.sorosoro.org\/en\/legal-notice\/#primaryimage","url":"http:\/\/i.creativecommons.org\/l\/by-nc-nd\/3.0\/88x31.png","contentUrl":"http:\/\/i.creativecommons.org\/l\/by-nc-nd\/3.0\/88x31.png"},{"@type":"BreadcrumbList","@id":"https:\/\/www.sorosoro.org\/en\/legal-notice\/#breadcrumb","itemListElement":[{"@type":"ListItem","position":1,"name":"Accueil","item":"https:\/\/www.sorosoro.org\/en\/"},{"@type":"ListItem","position":2,"name":"Legal notice"}]},{"@type":"WebSite","@id":"https:\/\/www.sorosoro.org\/en\/#website","url":"https:\/\/www.sorosoro.org\/en\/","name":"Sorosoro","description":"Pour que vivent les langues du monde !","potentialAction":[{"@type":"SearchAction","target":{"@type":"EntryPoint","urlTemplate":"https:\/\/www.sorosoro.org\/en\/?s={search_term_string}"},"query-input":{"@type":"PropertyValueSpecification","valueRequired":true,"valueName":"search_term_string"}}],"inLanguage":"en-US"}]}},"_links":{"self":[{"href":"https:\/\/www.sorosoro.org\/en\/wp-json\/wp\/v2\/pages\/465","targetHints":{"allow":["GET"]}}],"collection":[{"href":"https:\/\/www.sorosoro.org\/en\/wp-json\/wp\/v2\/pages"}],"about":[{"href":"https:\/\/www.sorosoro.org\/en\/wp-json\/wp\/v2\/types\/page"}],"author":[{"embeddable":true,"href":"https:\/\/www.sorosoro.org\/en\/wp-json\/wp\/v2\/users\/1"}],"replies":[{"embeddable":true,"href":"https:\/\/www.sorosoro.org\/en\/wp-json\/wp\/v2\/comments?post=465"}],"version-history":[{"count":0,"href":"https:\/\/www.sorosoro.org\/en\/wp-json\/wp\/v2\/pages\/465\/revisions"}],"wp:attachment":[{"href":"https:\/\/www.sorosoro.org\/en\/wp-json\/wp\/v2\/media?parent=465"}],"curies":[{"name":"wp","href":"https:\/\/api.w.org\/{rel}","templated":true}]}}