{"id":437,"date":"2009-07-27T12:44:29","date_gmt":"2009-07-27T10:44:29","guid":{"rendered":"http:\/\/www.sorosoro.org\/?page_id=437"},"modified":"2015-06-19T23:58:13","modified_gmt":"2015-06-19T21:58:13","slug":"additional-reading","status":"publish","type":"page","link":"https:\/\/www.sorosoro.org\/en\/additional-reading\/","title":{"rendered":"Books on endangered languages"},"content":{"rendered":"<p><strong><span style=\"text-decoration: underline;\">In French<\/span><\/strong><\/p>\n<p>&#8211; <em>Les langues, ces voix qui s\u2019effacent \u2013 Menaces sur les langues du monde,<\/em> Daniel Nettle et Suzanne Romaine, 2000, Traduction fran\u00e7aise aux Editions Autrement, 2003<\/p>\n<p>&#8211; <em>Halte \u00e0 la mort des langues<\/em>, Claude Hag\u00e8ge, Editions Odile Jacob, 2000. + Edition de poche<\/p>\n<p>&#8211;<em> Les langues du monde<\/em>,\u00a0Edition Biblioth\u00e8que pour la Science, 1999<\/p>\n<p>&#8211; <em>Atlas des peuples d&#8217;Am\u00e9rique<\/em>, J. Sellier (Ed.), La d\u00e9couverte, 2006<\/p>\n<p>&#8211; <em>\u00catre indien dans les Am\u00e9riques<\/em>,\u00a0C. Gros &amp; M.C. Strigler (Eds.), Traduction fran\u00e7aise : Edition de l&#8217;Institut des Am\u00e9riques, 2000.<\/p>\n<p>&#8211; I<em>shi: Testament du dernier indien sauvage de l&#8217;Am\u00e9rique Du Nord,<\/em> T.Kroeber, Traduction Plon, 1968<\/p>\n<p><strong><span style=\"text-decoration: underline;\">In English<\/span><\/strong><\/p>\n<p>&#8211; <em>Vanishing voices : the extinction of the world&#8217;s languages,<\/em> D. Nettle &amp; S. Romaine, Oxford University Press, 2000.<\/p>\n<p>&#8211; <em>Empires of the world \u2013 A language history of the world,<\/em> Nicholas Ostler, Edition Harper Collins Publishers, London, 2005<\/p>\n<p>&#8211; <em>Language Death,<\/em> David Crystal, Cambridge University Press, version Poche 2002<\/p>\n<p>&#8211; <em>Endangered Languages Trends,<\/em> M. Brenzinger, in Linguistics ed. Vol. 181, Berlin &#8211; New York, Mouton de Gruyter, 2007<\/p>\n<p>&#8211; <em>Endangered Languages<\/em>, R. Robins &amp; E. Uhlenbeck (Eds.), Oxford\/New York: Berg, 1991<\/p>\n<p>&#8211; <em>Essentials of language documentation, <\/em>J. Gippert, N. Himmelmann &amp; U. Mosel, Essentials of language documentation, Berlin &#8211; New York: Mouton de Gruyter, 2006<\/p>\n<p>&#8211; <em>Linguistic genocide in education \u2013 or worldwide diversity and human rights<\/em>, Tove Skutnabb-Kangas, LEA (Lawrence Erlbaum Associates, Publishers), Mahwah New Jersey and london, 2000<\/p>\n<p>&#8211; <em>How to keep your language<\/em>, L. Hinton, M. Vera &amp; N. Steele (Eds.), Berkeley\/ California: Heyday Books, 2002<\/p>\n<p>&#8211; <em>Language endangerement and language revitalization \u2013 An introduction, <\/em>Tasaku Tsunoda, Editions Mouton De Gruyter, 2005<\/p>\n<p>&#8211; <em>The Vanishing Languages of the Pacific Rim, <\/em>de O. Miyaoka, O. Sakiyama &amp; M. Krauss (Eds.), Oxford University Press, 2007<br \/>\n&nbsp;<br \/>\n<a href=\"\/en\/all-about-languages-\u200b\u200bin-the-world\/facts-and-figures-on-endangered-languages\/\"><img loading=\"lazy\" decoding=\"async\" src=\"\/wp-content\/uploads\/bouton_retour.jpg\" alt=\"bouton_retour\" width=\"20\" height=\"20\" class=\"alignnone size-full wp-image-65133\" \/><\/a>&nbsp;<a href=\"\/en\/all-about-languages-\u200b\u200bin-the-world\/facts-and-figures-on-endangered-languages\/\"><strong>Back to previous page<\/strong><\/a><\/p>\n","protected":false},"excerpt":{"rendered":"<p>In French &#8211; Les langues, ces voix qui s\u2019effacent \u2013 Menaces sur les langues du monde, Daniel Nettle et Suzanne Romaine, 2000, Traduction fran\u00e7aise aux Editions Autrement, 2003 &#8211; Halte \u00e0 la mort des langues, Claude Hag\u00e8ge, Editions Odile Jacob, 2000. + Edition de poche &#8211; Les langues du monde,\u00a0Edition Biblioth\u00e8que pour la Science, 1999 [&hellip;]<\/p>\n","protected":false},"author":1,"featured_media":0,"parent":0,"menu_order":0,"comment_status":"closed","ping_status":"open","template":"","meta":{"footnotes":""},"class_list":["post-437","page","type-page","status-publish","hentry"],"yoast_head":"<!-- This site is optimized with the Yoast SEO plugin v27.0 - https:\/\/yoast.com\/product\/yoast-seo-wordpress\/ -->\n<title>Books on endangered languages - Sorosoro<\/title>\n<meta name=\"robots\" content=\"index, follow, max-snippet:-1, max-image-preview:large, max-video-preview:-1\" \/>\n<link rel=\"canonical\" href=\"https:\/\/www.sorosoro.org\/en\/additional-reading\/\" \/>\n<meta property=\"og:locale\" content=\"en_US\" \/>\n<meta property=\"og:type\" content=\"article\" \/>\n<meta property=\"og:title\" content=\"Books on endangered languages - Sorosoro\" \/>\n<meta property=\"og:description\" content=\"In French &#8211; Les langues, ces voix qui s\u2019effacent \u2013 Menaces sur les langues du monde, Daniel Nettle et Suzanne Romaine, 2000, Traduction fran\u00e7aise aux Editions Autrement, 2003 &#8211; Halte \u00e0 la mort des langues, Claude Hag\u00e8ge, Editions Odile Jacob, 2000. + Edition de poche &#8211; Les langues du monde,\u00a0Edition Biblioth\u00e8que pour la Science, 1999 [&hellip;]\" \/>\n<meta property=\"og:url\" content=\"https:\/\/www.sorosoro.org\/en\/additional-reading\/\" \/>\n<meta property=\"og:site_name\" content=\"Sorosoro\" \/>\n<meta property=\"article:modified_time\" content=\"2015-06-19T21:58:13+00:00\" \/>\n<meta name=\"twitter:card\" content=\"summary_large_image\" \/>\n<meta name=\"twitter:label1\" content=\"Est. reading time\" \/>\n\t<meta name=\"twitter:data1\" content=\"1 minute\" \/>\n<script type=\"application\/ld+json\" class=\"yoast-schema-graph\">{\"@context\":\"https:\/\/schema.org\",\"@graph\":[{\"@type\":\"WebPage\",\"@id\":\"https:\/\/www.sorosoro.org\/en\/additional-reading\/\",\"url\":\"https:\/\/www.sorosoro.org\/en\/additional-reading\/\",\"name\":\"Books on endangered languages - Sorosoro\",\"isPartOf\":{\"@id\":\"https:\/\/www.sorosoro.org\/en\/#website\"},\"datePublished\":\"2009-07-27T10:44:29+00:00\",\"dateModified\":\"2015-06-19T21:58:13+00:00\",\"breadcrumb\":{\"@id\":\"https:\/\/www.sorosoro.org\/en\/additional-reading\/#breadcrumb\"},\"inLanguage\":\"en-US\",\"potentialAction\":[{\"@type\":\"ReadAction\",\"target\":[\"https:\/\/www.sorosoro.org\/en\/additional-reading\/\"]}]},{\"@type\":\"BreadcrumbList\",\"@id\":\"https:\/\/www.sorosoro.org\/en\/additional-reading\/#breadcrumb\",\"itemListElement\":[{\"@type\":\"ListItem\",\"position\":1,\"name\":\"Accueil\",\"item\":\"https:\/\/www.sorosoro.org\/en\/\"},{\"@type\":\"ListItem\",\"position\":2,\"name\":\"Books on endangered languages\"}]},{\"@type\":\"WebSite\",\"@id\":\"https:\/\/www.sorosoro.org\/en\/#website\",\"url\":\"https:\/\/www.sorosoro.org\/en\/\",\"name\":\"Sorosoro\",\"description\":\"Pour que vivent les langues du monde !\",\"potentialAction\":[{\"@type\":\"SearchAction\",\"target\":{\"@type\":\"EntryPoint\",\"urlTemplate\":\"https:\/\/www.sorosoro.org\/en\/?s={search_term_string}\"},\"query-input\":{\"@type\":\"PropertyValueSpecification\",\"valueRequired\":true,\"valueName\":\"search_term_string\"}}],\"inLanguage\":\"en-US\"}]}<\/script>\n<!-- \/ Yoast SEO plugin. -->","yoast_head_json":{"title":"Books on endangered languages - Sorosoro","robots":{"index":"index","follow":"follow","max-snippet":"max-snippet:-1","max-image-preview":"max-image-preview:large","max-video-preview":"max-video-preview:-1"},"canonical":"https:\/\/www.sorosoro.org\/en\/additional-reading\/","og_locale":"en_US","og_type":"article","og_title":"Books on endangered languages - Sorosoro","og_description":"In French &#8211; Les langues, ces voix qui s\u2019effacent \u2013 Menaces sur les langues du monde, Daniel Nettle et Suzanne Romaine, 2000, Traduction fran\u00e7aise aux Editions Autrement, 2003 &#8211; Halte \u00e0 la mort des langues, Claude Hag\u00e8ge, Editions Odile Jacob, 2000. + Edition de poche &#8211; Les langues du monde,\u00a0Edition Biblioth\u00e8que pour la Science, 1999 [&hellip;]","og_url":"https:\/\/www.sorosoro.org\/en\/additional-reading\/","og_site_name":"Sorosoro","article_modified_time":"2015-06-19T21:58:13+00:00","twitter_card":"summary_large_image","twitter_misc":{"Est. reading time":"1 minute"},"schema":{"@context":"https:\/\/schema.org","@graph":[{"@type":"WebPage","@id":"https:\/\/www.sorosoro.org\/en\/additional-reading\/","url":"https:\/\/www.sorosoro.org\/en\/additional-reading\/","name":"Books on endangered languages - Sorosoro","isPartOf":{"@id":"https:\/\/www.sorosoro.org\/en\/#website"},"datePublished":"2009-07-27T10:44:29+00:00","dateModified":"2015-06-19T21:58:13+00:00","breadcrumb":{"@id":"https:\/\/www.sorosoro.org\/en\/additional-reading\/#breadcrumb"},"inLanguage":"en-US","potentialAction":[{"@type":"ReadAction","target":["https:\/\/www.sorosoro.org\/en\/additional-reading\/"]}]},{"@type":"BreadcrumbList","@id":"https:\/\/www.sorosoro.org\/en\/additional-reading\/#breadcrumb","itemListElement":[{"@type":"ListItem","position":1,"name":"Accueil","item":"https:\/\/www.sorosoro.org\/en\/"},{"@type":"ListItem","position":2,"name":"Books on endangered languages"}]},{"@type":"WebSite","@id":"https:\/\/www.sorosoro.org\/en\/#website","url":"https:\/\/www.sorosoro.org\/en\/","name":"Sorosoro","description":"Pour que vivent les langues du monde !","potentialAction":[{"@type":"SearchAction","target":{"@type":"EntryPoint","urlTemplate":"https:\/\/www.sorosoro.org\/en\/?s={search_term_string}"},"query-input":{"@type":"PropertyValueSpecification","valueRequired":true,"valueName":"search_term_string"}}],"inLanguage":"en-US"}]}},"_links":{"self":[{"href":"https:\/\/www.sorosoro.org\/en\/wp-json\/wp\/v2\/pages\/437","targetHints":{"allow":["GET"]}}],"collection":[{"href":"https:\/\/www.sorosoro.org\/en\/wp-json\/wp\/v2\/pages"}],"about":[{"href":"https:\/\/www.sorosoro.org\/en\/wp-json\/wp\/v2\/types\/page"}],"author":[{"embeddable":true,"href":"https:\/\/www.sorosoro.org\/en\/wp-json\/wp\/v2\/users\/1"}],"replies":[{"embeddable":true,"href":"https:\/\/www.sorosoro.org\/en\/wp-json\/wp\/v2\/comments?post=437"}],"version-history":[{"count":0,"href":"https:\/\/www.sorosoro.org\/en\/wp-json\/wp\/v2\/pages\/437\/revisions"}],"wp:attachment":[{"href":"https:\/\/www.sorosoro.org\/en\/wp-json\/wp\/v2\/media?parent=437"}],"curies":[{"name":"wp","href":"https:\/\/api.w.org\/{rel}","templated":true}]}}