{"id":420,"date":"2009-07-27T12:37:07","date_gmt":"2009-07-27T10:37:07","guid":{"rendered":"http:\/\/www.sorosoro.org\/?page_id=420"},"modified":"2015-09-24T00:04:44","modified_gmt":"2015-09-23T22:04:44","slug":"languages-for-successful-learning","status":"publish","type":"page","link":"https:\/\/www.sorosoro.org\/en\/languages-for-successful-learning\/","title":{"rendered":"Languages for successful learning"},"content":{"rendered":"<p>&nbsp;<\/p>\n<table border=\"0\" width=\"750\">\n<tbody>\n<tr>\n<td style=\"background-color: #d8d8d8;\">\n<p style=\"text-align: left;\"><em><strong>For every child we teach, we earn a man.<\/strong><\/em><strong><br \/>\n<\/strong><\/p>\n<p style=\"padding-bottom: 10px; text-align: right;\"><strong>Victor Hugo<\/strong><\/p>\n<\/td>\n<\/tr>\n<tr>\n<td style=\"padding-top: 10px;\"><\/td>\n<\/tr>\n<tr>\n<td style=\"background-color: #d8d8d8; padding-bottom: 10px;\">\n<p style=\"text-align: left;\"><em><strong>We are adamant that teaching children how to read and write in a language they do not speak is to condemn them very simply to illiteracy.<\/strong><\/em><\/p>\n<p style=\"text-align: right;\"><strong>Alain Bentolila, linguist, France<\/strong><\/p>\n<\/td>\n<\/tr>\n<\/tbody>\n<\/table>\n<p>&nbsp;<\/p>\n<p style=\"text-align: left;\"><a href=\"http:\/\/www.sorosoro.org\/les-langues-en-danger\/pourquoi-sauver-les-langues\/les-langues-pour-une-education-reussie\/san-marcos_club-quetzal-2\" rel=\"attachment wp-att-8383\"><img loading=\"lazy\" decoding=\"async\" class=\"  wp-image-8383 alignright\" title=\"San Marcos_Guatemala par Club Quetzal\" src=\"http:\/\/www.sorosoro.org\/wp-content\/uploads\/11.jpg\" alt=\"San Marcos_Guatemala par Club Quetzal\" width=\"210\" height=\"157\" srcset=\"https:\/\/www.sorosoro.org\/wp-content\/uploads\/11.jpg 640w, https:\/\/www.sorosoro.org\/wp-content\/uploads\/11-300x225.jpg 300w\" sizes=\"auto, (max-width: 210px) 100vw, 210px\" \/><\/a>The greatest linguistic diversity is to be found in developing countries, in those very same countries that are still struggling to promote literacy among their populations.\n<\/p>\n<p style=\"text-align: left;\">One of the determining factors for successful education policies, is the use of the student\u2019s mother tongue: surveys conducted worldwide by different organisations have shown that teaching a child how to read and write in his or her own mother tongue leads to excellent results, whereas forcing schooling in the national language from the start is a policy that generally leads to failure.<\/p>\n<p style=\"text-align: left;\"><a href=\"http:\/\/www.sorosoro.org\/les-langues-en-danger\/pourquoi-sauver-les-langues\/les-langues-pour-une-education-reussie\/lh-fage-gabon09-7459\" rel=\"attachment wp-att-8437\"><img loading=\"lazy\" decoding=\"async\" class=\"  wp-image-8437 alignleft\" title=\"Gabon par Luc-Henri Fage\" src=\"http:\/\/www.sorosoro.org\/wp-content\/uploads\/15.jpg\" alt=\"Gabon par Luc-Henri Fage\" width=\"227\" height=\"340\" srcset=\"https:\/\/www.sorosoro.org\/wp-content\/uploads\/15.jpg 427w, https:\/\/www.sorosoro.org\/wp-content\/uploads\/15-200x300.jpg 200w\" sizes=\"auto, (max-width: 227px) 100vw, 227px\" \/><\/a>Quoting the 1999 UNICEF report, the World Bank states in its Sourcebook for Poverty Reduction Strategies (2001):<\/p>\n<p style=\"text-align: left;\">\u00ab <em>&#8220;Research from around the world has demonstrated that children become literate more easily and learn more quickly when taught for the first two or three years in their mother tongue. Studies also show that children learn a second language more rapidly than their peers who learned to read in an unfamiliar language.<\/em> \u00bb.<\/p>\n<p style=\"text-align: left;\">Linguists Thomas and Cullier (1997), who carried out broad-based research on this topic, are even more precise in their conclusions: students coming from linguistic minorities who have received a thorough education in their mother tongue during primary school had the best results at high school in standardised national examinations in their national language.<\/p>\n<p style=\"text-align: left;\">Success in school determines the chances of improving the standard of living of millions of children throughout the world, because the successful elimination of illiteracy is the best asset to avoid their exclusion from globalization. From an economic point of view, it is the main gateway to mastered development. In terms of health, it contributes to giving access to medication and helps prevent the propagation of diseases such as AIDS.<\/p>\n<blockquote>\n<p style=\"text-align: left;\">Extract from <strong>&#8220;Les Langues en Danger&#8221;<\/strong><\/span>in <strong><em>M\u00e9moires de la Soci\u00e9t\u00e9 de Linguistique de Paris<\/em><\/strong>,<br \/>\nClaire Moyse-Faurie, 2000, p.101-102<\/p>\n<p style=\"text-align: justify;\">&#8220;As summarised in the works of Jeff Siegel (1996) based on data collected on the subject of various linguistic policies in the South Pacific, the benefits of an education in the vernacular are now well known:<\/p>\n<p style=\"text-align: justify;\">&#8211; Students are better taught in their mother tongue: one cannot learn how to read and write in a language before knowing that language; therefore, time must be dedicated to understanding and learning the language before working on introducing literacy;<\/p>\n<p style=\"text-align: justify;\">&#8211; Even where the final goal of a given educational system is to learn a second language, the time spent on learning the native language is never wasted; the command of literacy can easily be transferred from one language to another, and the learning of a second language is facilitated once reading and writing have been mastered in the first language.<\/p>\n<p style=\"text-align: justify;\">&#8211; The advantages linked to the use of vernacular at school are twofold: a small child\u2019s adaptation to school will be easier if the teacher speaks the same language as he does; his cognitive development will also be facilitated if he is capable of using his own language to think and express himself.<\/p>\n<p style=\"text-align: justify;\">&#8211; The benefits are social: the fact that a child speaks the same language as his parents at school means that they can follow the education of their child, discuss it, help him or her and get involved in school life;<\/p>\n<p style=\"text-align: justify;\">&#8211; The benefits are cultural: education in the vernacular is a guarantee that children will not be marginalised in their lifestyles and drawn away from their culture, through the cultural impact linked to the learning of another language; the use of a native language in the official educational system confers this language a symbolic value, gives it prestige, and a clear role in the country\u2019s development; education in a native language secures the continuity of a language and culture.<\/p>\n<p style=\"text-align: justify;\">&#8211; The benefits are financial: it has been observed that fewer students fall back or drop out of bilingual educational systems.<\/em><\/p>\n<p style=\"text-align: justify;\">(\u2026)<\/p>\n<p style=\"text-align: justify;\">Many studies have been carried out in Oceania concerning the use of local languages for educational purposes. The latest among them have come to the following conclusions:<\/p>\n<p style=\"text-align: justify;\">&#8211; A child needs twelve years to completely master a first language;<\/p>\n<p style=\"text-align: justify;\">&#8211; It is easier for older children and teenagers to learn a second language than for younger children;<\/p>\n<p style=\"text-align: justify;\">&#8211; Children who have had the opportunity to develop the use of their own mother tongue learn their second language more easily than those who have not done so.&#8221;<\/p>\n<\/blockquote>\n","protected":false},"excerpt":{"rendered":"<p>&nbsp; For every child we teach, we earn a man. Victor Hugo We are adamant that teaching children how to read and write in a language they do not speak is to condemn them very simply to illiteracy. Alain Bentolila, linguist, France &nbsp; The greatest linguistic diversity is to be found in developing countries, in [&hellip;]<\/p>\n","protected":false},"author":1,"featured_media":0,"parent":0,"menu_order":3,"comment_status":"closed","ping_status":"closed","template":"","meta":{"footnotes":""},"class_list":["post-420","page","type-page","status-publish","hentry"],"yoast_head":"<!-- This site is optimized with the Yoast SEO plugin v27.0 - https:\/\/yoast.com\/product\/yoast-seo-wordpress\/ -->\n<title>Languages for successful learning - Sorosoro<\/title>\n<meta name=\"robots\" content=\"index, follow, max-snippet:-1, max-image-preview:large, max-video-preview:-1\" \/>\n<link rel=\"canonical\" href=\"https:\/\/www.sorosoro.org\/en\/languages-for-successful-learning\/\" \/>\n<meta property=\"og:locale\" content=\"en_US\" \/>\n<meta property=\"og:type\" content=\"article\" \/>\n<meta property=\"og:title\" content=\"Languages for successful learning - Sorosoro\" \/>\n<meta property=\"og:description\" content=\"&nbsp; For every child we teach, we earn a man. Victor Hugo We are adamant that teaching children how to read and write in a language they do not speak is to condemn them very simply to illiteracy. Alain Bentolila, linguist, France &nbsp; The greatest linguistic diversity is to be found in developing countries, in [&hellip;]\" \/>\n<meta property=\"og:url\" content=\"https:\/\/www.sorosoro.org\/en\/languages-for-successful-learning\/\" \/>\n<meta property=\"og:site_name\" content=\"Sorosoro\" \/>\n<meta property=\"article:modified_time\" content=\"2015-09-23T22:04:44+00:00\" \/>\n<meta property=\"og:image\" content=\"http:\/\/www.sorosoro.org\/wp-content\/uploads\/11.jpg\" \/>\n<meta name=\"twitter:card\" content=\"summary_large_image\" \/>\n<meta name=\"twitter:label1\" content=\"Est. reading time\" \/>\n\t<meta name=\"twitter:data1\" content=\"4 minutes\" \/>\n<script type=\"application\/ld+json\" class=\"yoast-schema-graph\">{\"@context\":\"https:\/\/schema.org\",\"@graph\":[{\"@type\":\"WebPage\",\"@id\":\"https:\/\/www.sorosoro.org\/en\/languages-for-successful-learning\/\",\"url\":\"https:\/\/www.sorosoro.org\/en\/languages-for-successful-learning\/\",\"name\":\"Languages for successful learning - Sorosoro\",\"isPartOf\":{\"@id\":\"https:\/\/www.sorosoro.org\/en\/#website\"},\"primaryImageOfPage\":{\"@id\":\"https:\/\/www.sorosoro.org\/en\/languages-for-successful-learning\/#primaryimage\"},\"image\":{\"@id\":\"https:\/\/www.sorosoro.org\/en\/languages-for-successful-learning\/#primaryimage\"},\"thumbnailUrl\":\"http:\/\/www.sorosoro.org\/wp-content\/uploads\/11.jpg\",\"datePublished\":\"2009-07-27T10:37:07+00:00\",\"dateModified\":\"2015-09-23T22:04:44+00:00\",\"breadcrumb\":{\"@id\":\"https:\/\/www.sorosoro.org\/en\/languages-for-successful-learning\/#breadcrumb\"},\"inLanguage\":\"en-US\",\"potentialAction\":[{\"@type\":\"ReadAction\",\"target\":[\"https:\/\/www.sorosoro.org\/en\/languages-for-successful-learning\/\"]}]},{\"@type\":\"ImageObject\",\"inLanguage\":\"en-US\",\"@id\":\"https:\/\/www.sorosoro.org\/en\/languages-for-successful-learning\/#primaryimage\",\"url\":\"http:\/\/www.sorosoro.org\/wp-content\/uploads\/11.jpg\",\"contentUrl\":\"http:\/\/www.sorosoro.org\/wp-content\/uploads\/11.jpg\"},{\"@type\":\"BreadcrumbList\",\"@id\":\"https:\/\/www.sorosoro.org\/en\/languages-for-successful-learning\/#breadcrumb\",\"itemListElement\":[{\"@type\":\"ListItem\",\"position\":1,\"name\":\"Accueil\",\"item\":\"https:\/\/www.sorosoro.org\/en\/\"},{\"@type\":\"ListItem\",\"position\":2,\"name\":\"Languages for successful learning\"}]},{\"@type\":\"WebSite\",\"@id\":\"https:\/\/www.sorosoro.org\/en\/#website\",\"url\":\"https:\/\/www.sorosoro.org\/en\/\",\"name\":\"Sorosoro\",\"description\":\"Pour que vivent les langues du monde !\",\"potentialAction\":[{\"@type\":\"SearchAction\",\"target\":{\"@type\":\"EntryPoint\",\"urlTemplate\":\"https:\/\/www.sorosoro.org\/en\/?s={search_term_string}\"},\"query-input\":{\"@type\":\"PropertyValueSpecification\",\"valueRequired\":true,\"valueName\":\"search_term_string\"}}],\"inLanguage\":\"en-US\"}]}<\/script>\n<!-- \/ Yoast SEO plugin. -->","yoast_head_json":{"title":"Languages for successful learning - Sorosoro","robots":{"index":"index","follow":"follow","max-snippet":"max-snippet:-1","max-image-preview":"max-image-preview:large","max-video-preview":"max-video-preview:-1"},"canonical":"https:\/\/www.sorosoro.org\/en\/languages-for-successful-learning\/","og_locale":"en_US","og_type":"article","og_title":"Languages for successful learning - Sorosoro","og_description":"&nbsp; For every child we teach, we earn a man. Victor Hugo We are adamant that teaching children how to read and write in a language they do not speak is to condemn them very simply to illiteracy. Alain Bentolila, linguist, France &nbsp; The greatest linguistic diversity is to be found in developing countries, in [&hellip;]","og_url":"https:\/\/www.sorosoro.org\/en\/languages-for-successful-learning\/","og_site_name":"Sorosoro","article_modified_time":"2015-09-23T22:04:44+00:00","og_image":[{"url":"http:\/\/www.sorosoro.org\/wp-content\/uploads\/11.jpg","type":"","width":"","height":""}],"twitter_card":"summary_large_image","twitter_misc":{"Est. reading time":"4 minutes"},"schema":{"@context":"https:\/\/schema.org","@graph":[{"@type":"WebPage","@id":"https:\/\/www.sorosoro.org\/en\/languages-for-successful-learning\/","url":"https:\/\/www.sorosoro.org\/en\/languages-for-successful-learning\/","name":"Languages for successful learning - Sorosoro","isPartOf":{"@id":"https:\/\/www.sorosoro.org\/en\/#website"},"primaryImageOfPage":{"@id":"https:\/\/www.sorosoro.org\/en\/languages-for-successful-learning\/#primaryimage"},"image":{"@id":"https:\/\/www.sorosoro.org\/en\/languages-for-successful-learning\/#primaryimage"},"thumbnailUrl":"http:\/\/www.sorosoro.org\/wp-content\/uploads\/11.jpg","datePublished":"2009-07-27T10:37:07+00:00","dateModified":"2015-09-23T22:04:44+00:00","breadcrumb":{"@id":"https:\/\/www.sorosoro.org\/en\/languages-for-successful-learning\/#breadcrumb"},"inLanguage":"en-US","potentialAction":[{"@type":"ReadAction","target":["https:\/\/www.sorosoro.org\/en\/languages-for-successful-learning\/"]}]},{"@type":"ImageObject","inLanguage":"en-US","@id":"https:\/\/www.sorosoro.org\/en\/languages-for-successful-learning\/#primaryimage","url":"http:\/\/www.sorosoro.org\/wp-content\/uploads\/11.jpg","contentUrl":"http:\/\/www.sorosoro.org\/wp-content\/uploads\/11.jpg"},{"@type":"BreadcrumbList","@id":"https:\/\/www.sorosoro.org\/en\/languages-for-successful-learning\/#breadcrumb","itemListElement":[{"@type":"ListItem","position":1,"name":"Accueil","item":"https:\/\/www.sorosoro.org\/en\/"},{"@type":"ListItem","position":2,"name":"Languages for successful learning"}]},{"@type":"WebSite","@id":"https:\/\/www.sorosoro.org\/en\/#website","url":"https:\/\/www.sorosoro.org\/en\/","name":"Sorosoro","description":"Pour que vivent les langues du monde !","potentialAction":[{"@type":"SearchAction","target":{"@type":"EntryPoint","urlTemplate":"https:\/\/www.sorosoro.org\/en\/?s={search_term_string}"},"query-input":{"@type":"PropertyValueSpecification","valueRequired":true,"valueName":"search_term_string"}}],"inLanguage":"en-US"}]}},"_links":{"self":[{"href":"https:\/\/www.sorosoro.org\/en\/wp-json\/wp\/v2\/pages\/420","targetHints":{"allow":["GET"]}}],"collection":[{"href":"https:\/\/www.sorosoro.org\/en\/wp-json\/wp\/v2\/pages"}],"about":[{"href":"https:\/\/www.sorosoro.org\/en\/wp-json\/wp\/v2\/types\/page"}],"author":[{"embeddable":true,"href":"https:\/\/www.sorosoro.org\/en\/wp-json\/wp\/v2\/users\/1"}],"replies":[{"embeddable":true,"href":"https:\/\/www.sorosoro.org\/en\/wp-json\/wp\/v2\/comments?post=420"}],"version-history":[{"count":0,"href":"https:\/\/www.sorosoro.org\/en\/wp-json\/wp\/v2\/pages\/420\/revisions"}],"wp:attachment":[{"href":"https:\/\/www.sorosoro.org\/en\/wp-json\/wp\/v2\/media?parent=420"}],"curies":[{"name":"wp","href":"https:\/\/api.w.org\/{rel}","templated":true}]}}