{"id":40611,"date":"2011-02-10T18:11:10","date_gmt":"2011-02-10T17:11:10","guid":{"rendered":"http:\/\/www.sorosoro.org\/?page_id=40611"},"modified":"2015-09-28T01:12:23","modified_gmt":"2015-09-27T23:12:23","slug":"facts-and-figures-on-endangered-languages","status":"publish","type":"page","link":"https:\/\/www.sorosoro.org\/en\/all-about-languages-%e2%80%8b%e2%80%8bin-the-world\/facts-and-figures-on-endangered-languages\/","title":{"rendered":"Endangered languages"},"content":{"rendered":"<h5 style=\"text-align: justify;\">World languages: a foreseeable disaster<\/h5>\n<p style=\"text-align: justify;\">The number of languages spoken worldwide today is estimated between 6000 and 7000. However, half of these are likely to disappear within this century. Alongside these languages, entire sections of human culture are threatened with extinction.<\/p>\n<h5 style=\"text-align: justify;\">Linguistic diversity throughout the centuries<\/h5>\n<p style=\"text-align: justify;\">Before the conquests of the late XVth century, the world enjoyed a far richer linguistic diversity. However, the waves of colonization and the atrocities that they generated (massacres, deportation, diseases etc.) triggered the process of cultural and linguistic impoverishment.<\/p>\n<p style=\"text-align: justify;\">During the past three centuries, hundreds of languages have thus disappeared from the surface of the Earth, but it was during the XXth Century that the situation worsened, and it is expected that the XXIst century will witness a disaster from which there will be no return.<\/p>\n<h5 style=\"text-align: justify;\">The current situation<\/h5>\n<p style=\"text-align: justify;\">Today, the situation is truly disastrous, and the following figures give an idea of the urgency:<\/p>\n<p style=\"text-align: justify;\">&#8211; 500 languages are spoken by less than 100 people<\/p>\n<p style=\"text-align: justify;\">&#8211; 96% of the world\u2019s languages are spoken by only 4% of the world&#8217;s population<\/p>\n<p style=\"text-align: justify;\">&#8211; 90% of Internet pages are written in only 12 languages<\/p>\n<p style=\"text-align: justify;\">&#8211; According to UNESCO experts, on average, a language dies out every other week.<\/p>\n<p style=\"text-align: justify;\">&#8211; the scientific community states that over half of existing languages could disappear during the course of this century.<\/p>\n<h5 style=\"text-align: justify;\">Current distribution of languages around the World<\/h5>\n<p style=\"text-align: justify;\">About half of the 6000 to 7000 languages still used around the world are concentrated in just 6 countries, in each of which there are more than 200 languages:<\/p>\n<p style=\"text-align: justify;\">&#8211; India: approximately 860<\/p>\n<p style=\"text-align: justify;\">&#8211; Papua New guinea: approximately 860<\/p>\n<p style=\"text-align: justify;\">&#8211; Indonesia: approximately 700<\/p>\n<p style=\"text-align: justify;\">&#8211; Nigeria: approximately 510<\/p>\n<p style=\"text-align: justify;\">&#8211; Cameroun: approximately 280<\/p>\n<p style=\"text-align: justify;\">&#8211; The Republic of Congo: approximately 215<\/p>\n<p style=\"text-align: justify;\">These are followed by 11 countries, each representing100 to 200 languages: Australia, China, the United-States, Brazil, the Republic of Chad, the Philippines, Sudan, Tanzania, Malaysia, Nepal and Vanuatu.<\/p>\n<h5 style=\"text-align: justify;\">Some examples<\/h5>\n<p style=\"text-align: justify;\">\u27a2 <span style=\"text-decoration: underline;\"><strong>Australia<\/strong><\/span><\/p>\n<p style=\"text-align: justify;\">Before the British arrived in the 18th century, approximately 250 Aboriginal languages were spoken in Australia. Today 100 have totally disappeared, 140 are almost exclusively spoken by elderly people, and only 12 are still very much alive and spoken by children.<\/p>\n<p style=\"text-align: justify;\">\u27a2<span style=\"text-decoration: underline;\"><strong> South America<\/strong><\/span><\/p>\n<p style=\"text-align: justify;\">The blow was very significant after the colonization of Mexico: 90% of the Native population disappeared.<\/p>\n<p style=\"text-align: center;\"><a href=\"http:\/\/www.sorosoro.org\/les-langues-en-danger\/tout-savoir-sur-les-langues-en-danger\/varios-167_1-3\" rel=\"attachment wp-att-8285\"><img loading=\"lazy\" decoding=\"async\" class=\"aligncenter size-full wp-image-8285\" title=\"Guatemala par Jos\u00e9 Reyn\u00e8s\" src=\"http:\/\/www.sorosoro.org\/wp-content\/uploads\/Guatemala\u00a9Jose-Reynes1.jpg\" alt=\"Guatemala par Jos\u00e9 Reyn\u00e8s\" width=\"300\" height=\"168\" \/><\/a><\/p>\n<p style=\"text-align: justify;\">During the pre-Columbian era, there were 1200 languages in Brazil. Nowadays, only 170 remain and most of these are headed for oblivion. Nearly half of these languages, located in regions that are hard to access, have not yet been studied.<\/p>\n<p style=\"text-align: justify;\">In Uruguay, the Indian population has completely disappeared and no Native Indian language has survived.<\/p>\n<p style=\"text-align: justify;\">\u27a2 <span style=\"text-decoration: underline;\"><strong>North America<\/strong><\/span><\/p>\n<p style=\"text-align: justify;\">There were between 600 and 700 languages before the arrival of the Europeans. By the middle of the XXth Century, only 213 remained. With the generalisation of English as the language of global communication, this figure has continued to drop and today, only one language is not threatened by extinction: Kalaalisut (an Inuit language, from the Eskimo-Aleut linguistic family) in Greenland.<\/p>\n<p style=\"text-align: justify;\">\u27a2 <span style=\"text-decoration: underline;\"><strong>Africa<\/strong><\/span><\/p>\n<p style=\"text-align: justify;\">Africa today has approximately 2000 languages, around a third of the World\u2019s languages. At least 200 of them are dying out.<\/p>\n<p style=\"text-align: center;\"><a href=\"http:\/\/www.sorosoro.org\/les-langues-en-danger\/tout-savoir-sur-les-langues-en-danger\/pirogues_du_soir_espoir\" rel=\"attachment wp-att-3920\"><img loading=\"lazy\" decoding=\"async\" class=\"aligncenter size-medium wp-image-3920\" title=\"Pirogues chez les Ak\u00e9l\u00e9s au Gabon par Luc-Henri FAGE\" src=\"http:\/\/www.sorosoro.org\/wp-content\/uploads\/pirogues_du_soir_espoir-300x168.jpg\" alt=\"Pirogues chez les Ak\u00e9l\u00e9s au Gabon par Luc-Henri FAGE\" width=\"300\" height=\"168\" srcset=\"https:\/\/www.sorosoro.org\/wp-content\/uploads\/pirogues_du_soir_espoir-300x168.jpg 300w, https:\/\/www.sorosoro.org\/wp-content\/uploads\/pirogues_du_soir_espoir.jpg 640w\" sizes=\"auto, (max-width: 300px) 100vw, 300px\" \/><\/a><\/p>\n<p style=\"text-align: justify;\">\u27a2 <span style=\"text-decoration: underline;\"><strong>Europe<\/strong><\/span><\/p>\n<p style=\"text-align: justify;\">The family of Celtic languages (Irish, Scottish, Welsh, Cornish and Breton) is the only group within the bigger Indo-European family to be endangered as a whole, but there are more than 40 endangered Indo-European languages. The Sami group of languages (sometimes considered as a dialect group) belonging to the Uralic family is also threatened as a whole, and about 20 other Uralic languages are threatened. The Basque language, which does not belong to any identified group of languages, should be mentioned as well.<\/p>\n<p style=\"text-align: center;\"><a href=\"http:\/\/www.sorosoro.org\/les-langues-en-danger\/tout-savoir-sur-les-langues-en-danger\/dsc_0254-jpg\" rel=\"attachment wp-att-8656\"><img loading=\"lazy\" decoding=\"async\" class=\"aligncenter size-medium wp-image-8656\" title=\"Bretagne \u00a9 Tashi Dorjee\" src=\"http:\/\/www.sorosoro.org\/wp-content\/uploads\/122-300x199.jpg\" alt=\"Bretagne \u00a9 Tashi Dorjee\" width=\"300\" height=\"168\" \/><\/a><\/p>\n<p style=\"text-align: justify;\">Up to 1826, Breton was spoken by more than a million people. Now, only 200 000 speakers remain and the majority is over 60 years old. Breton is held by the UNESCO to be an \u201cextremely endangered language.\u201d<\/p>\n<p style=\"text-align: justify;\">A ces langues s\u2019ajoute la langue basque, qui n\u2019appartient \u00e0 aucune famille r\u00e9pertori\u00e9e.<\/p>\n<p>&nbsp;<\/p>\n<h5>For further information<\/h5>\n<p><a href=\" http:\/\/sorosoro.cynt.en\/a-lire\">A few books about endangered languages<\/a><\/p>\n<p><a href=\"http:\/\/sorosoro.cynt.en\/etre-linguiste-de-la-documentation-a-lengagement\/\">&#8220;Being a linguist: from documentation to commitment&#8221;<\/a> <em>An article by linguist Colette Grinevald about field linguists<\/em><\/p>\n","protected":false},"excerpt":{"rendered":"<p>World languages: a foreseeable disaster The number of languages spoken worldwide today is estimated between 6000 and 7000. However, half of these are likely to disappear within this century. Alongside these languages, entire sections of human culture are threatened with extinction. Linguistic diversity throughout the centuries Before the conquests of the late XVth century, the [&hellip;]<\/p>\n","protected":false},"author":18,"featured_media":0,"parent":63894,"menu_order":3,"comment_status":"closed","ping_status":"open","template":"","meta":{"footnotes":""},"class_list":["post-40611","page","type-page","status-publish","hentry"],"yoast_head":"<!-- This site is optimized with the Yoast SEO plugin v27.0 - https:\/\/yoast.com\/product\/yoast-seo-wordpress\/ -->\n<title>Endangered languages - Sorosoro<\/title>\n<meta name=\"robots\" content=\"index, follow, max-snippet:-1, max-image-preview:large, max-video-preview:-1\" \/>\n<link rel=\"canonical\" href=\"https:\/\/www.sorosoro.org\/en\/all-about-languages-%e2%80%8b%e2%80%8bin-the-world\/facts-and-figures-on-endangered-languages\/\" \/>\n<meta property=\"og:locale\" content=\"en_US\" \/>\n<meta property=\"og:type\" content=\"article\" \/>\n<meta property=\"og:title\" content=\"Endangered languages - Sorosoro\" \/>\n<meta property=\"og:description\" content=\"World languages: a foreseeable disaster The number of languages spoken worldwide today is estimated between 6000 and 7000. However, half of these are likely to disappear within this century. Alongside these languages, entire sections of human culture are threatened with extinction. Linguistic diversity throughout the centuries Before the conquests of the late XVth century, the [&hellip;]\" \/>\n<meta property=\"og:url\" content=\"https:\/\/www.sorosoro.org\/en\/all-about-languages-%e2%80%8b%e2%80%8bin-the-world\/facts-and-figures-on-endangered-languages\/\" \/>\n<meta property=\"og:site_name\" content=\"Sorosoro\" \/>\n<meta property=\"article:modified_time\" content=\"2015-09-27T23:12:23+00:00\" \/>\n<meta property=\"og:image\" content=\"http:\/\/www.sorosoro.org\/wp-content\/uploads\/pirogues_du_soir_espoir-300x168.jpg\" \/>\n<meta name=\"twitter:card\" content=\"summary_large_image\" \/>\n<meta name=\"twitter:label1\" content=\"Est. reading time\" \/>\n\t<meta name=\"twitter:data1\" content=\"3 minutes\" \/>\n<script type=\"application\/ld+json\" class=\"yoast-schema-graph\">{\"@context\":\"https:\/\/schema.org\",\"@graph\":[{\"@type\":\"WebPage\",\"@id\":\"https:\/\/www.sorosoro.org\/en\/all-about-languages-%e2%80%8b%e2%80%8bin-the-world\/facts-and-figures-on-endangered-languages\/\",\"url\":\"https:\/\/www.sorosoro.org\/en\/all-about-languages-%e2%80%8b%e2%80%8bin-the-world\/facts-and-figures-on-endangered-languages\/\",\"name\":\"Endangered languages - Sorosoro\",\"isPartOf\":{\"@id\":\"https:\/\/www.sorosoro.org\/en\/#website\"},\"primaryImageOfPage\":{\"@id\":\"https:\/\/www.sorosoro.org\/en\/all-about-languages-%e2%80%8b%e2%80%8bin-the-world\/facts-and-figures-on-endangered-languages\/#primaryimage\"},\"image\":{\"@id\":\"https:\/\/www.sorosoro.org\/en\/all-about-languages-%e2%80%8b%e2%80%8bin-the-world\/facts-and-figures-on-endangered-languages\/#primaryimage\"},\"thumbnailUrl\":\"http:\/\/www.sorosoro.org\/wp-content\/uploads\/pirogues_du_soir_espoir-300x168.jpg\",\"datePublished\":\"2011-02-10T17:11:10+00:00\",\"dateModified\":\"2015-09-27T23:12:23+00:00\",\"breadcrumb\":{\"@id\":\"https:\/\/www.sorosoro.org\/en\/all-about-languages-%e2%80%8b%e2%80%8bin-the-world\/facts-and-figures-on-endangered-languages\/#breadcrumb\"},\"inLanguage\":\"en-US\",\"potentialAction\":[{\"@type\":\"ReadAction\",\"target\":[\"https:\/\/www.sorosoro.org\/en\/all-about-languages-%e2%80%8b%e2%80%8bin-the-world\/facts-and-figures-on-endangered-languages\/\"]}]},{\"@type\":\"ImageObject\",\"inLanguage\":\"en-US\",\"@id\":\"https:\/\/www.sorosoro.org\/en\/all-about-languages-%e2%80%8b%e2%80%8bin-the-world\/facts-and-figures-on-endangered-languages\/#primaryimage\",\"url\":\"http:\/\/www.sorosoro.org\/wp-content\/uploads\/pirogues_du_soir_espoir-300x168.jpg\",\"contentUrl\":\"http:\/\/www.sorosoro.org\/wp-content\/uploads\/pirogues_du_soir_espoir-300x168.jpg\"},{\"@type\":\"BreadcrumbList\",\"@id\":\"https:\/\/www.sorosoro.org\/en\/all-about-languages-%e2%80%8b%e2%80%8bin-the-world\/facts-and-figures-on-endangered-languages\/#breadcrumb\",\"itemListElement\":[{\"@type\":\"ListItem\",\"position\":1,\"name\":\"Accueil\",\"item\":\"https:\/\/www.sorosoro.org\/en\/\"},{\"@type\":\"ListItem\",\"position\":2,\"name\":\"All about languages \u200b\u200bin the world\",\"item\":\"https:\/\/www.sorosoro.org\/en\/all-about-languages-%e2%80%8b%e2%80%8bin-the-world\/\"},{\"@type\":\"ListItem\",\"position\":3,\"name\":\"Endangered languages\"}]},{\"@type\":\"WebSite\",\"@id\":\"https:\/\/www.sorosoro.org\/en\/#website\",\"url\":\"https:\/\/www.sorosoro.org\/en\/\",\"name\":\"Sorosoro\",\"description\":\"Pour que vivent les langues du monde !\",\"potentialAction\":[{\"@type\":\"SearchAction\",\"target\":{\"@type\":\"EntryPoint\",\"urlTemplate\":\"https:\/\/www.sorosoro.org\/en\/?s={search_term_string}\"},\"query-input\":{\"@type\":\"PropertyValueSpecification\",\"valueRequired\":true,\"valueName\":\"search_term_string\"}}],\"inLanguage\":\"en-US\"}]}<\/script>\n<!-- \/ Yoast SEO plugin. -->","yoast_head_json":{"title":"Endangered languages - Sorosoro","robots":{"index":"index","follow":"follow","max-snippet":"max-snippet:-1","max-image-preview":"max-image-preview:large","max-video-preview":"max-video-preview:-1"},"canonical":"https:\/\/www.sorosoro.org\/en\/all-about-languages-%e2%80%8b%e2%80%8bin-the-world\/facts-and-figures-on-endangered-languages\/","og_locale":"en_US","og_type":"article","og_title":"Endangered languages - Sorosoro","og_description":"World languages: a foreseeable disaster The number of languages spoken worldwide today is estimated between 6000 and 7000. However, half of these are likely to disappear within this century. Alongside these languages, entire sections of human culture are threatened with extinction. Linguistic diversity throughout the centuries Before the conquests of the late XVth century, the [&hellip;]","og_url":"https:\/\/www.sorosoro.org\/en\/all-about-languages-%e2%80%8b%e2%80%8bin-the-world\/facts-and-figures-on-endangered-languages\/","og_site_name":"Sorosoro","article_modified_time":"2015-09-27T23:12:23+00:00","og_image":[{"url":"http:\/\/www.sorosoro.org\/wp-content\/uploads\/pirogues_du_soir_espoir-300x168.jpg","type":"","width":"","height":""}],"twitter_card":"summary_large_image","twitter_misc":{"Est. reading time":"3 minutes"},"schema":{"@context":"https:\/\/schema.org","@graph":[{"@type":"WebPage","@id":"https:\/\/www.sorosoro.org\/en\/all-about-languages-%e2%80%8b%e2%80%8bin-the-world\/facts-and-figures-on-endangered-languages\/","url":"https:\/\/www.sorosoro.org\/en\/all-about-languages-%e2%80%8b%e2%80%8bin-the-world\/facts-and-figures-on-endangered-languages\/","name":"Endangered languages - Sorosoro","isPartOf":{"@id":"https:\/\/www.sorosoro.org\/en\/#website"},"primaryImageOfPage":{"@id":"https:\/\/www.sorosoro.org\/en\/all-about-languages-%e2%80%8b%e2%80%8bin-the-world\/facts-and-figures-on-endangered-languages\/#primaryimage"},"image":{"@id":"https:\/\/www.sorosoro.org\/en\/all-about-languages-%e2%80%8b%e2%80%8bin-the-world\/facts-and-figures-on-endangered-languages\/#primaryimage"},"thumbnailUrl":"http:\/\/www.sorosoro.org\/wp-content\/uploads\/pirogues_du_soir_espoir-300x168.jpg","datePublished":"2011-02-10T17:11:10+00:00","dateModified":"2015-09-27T23:12:23+00:00","breadcrumb":{"@id":"https:\/\/www.sorosoro.org\/en\/all-about-languages-%e2%80%8b%e2%80%8bin-the-world\/facts-and-figures-on-endangered-languages\/#breadcrumb"},"inLanguage":"en-US","potentialAction":[{"@type":"ReadAction","target":["https:\/\/www.sorosoro.org\/en\/all-about-languages-%e2%80%8b%e2%80%8bin-the-world\/facts-and-figures-on-endangered-languages\/"]}]},{"@type":"ImageObject","inLanguage":"en-US","@id":"https:\/\/www.sorosoro.org\/en\/all-about-languages-%e2%80%8b%e2%80%8bin-the-world\/facts-and-figures-on-endangered-languages\/#primaryimage","url":"http:\/\/www.sorosoro.org\/wp-content\/uploads\/pirogues_du_soir_espoir-300x168.jpg","contentUrl":"http:\/\/www.sorosoro.org\/wp-content\/uploads\/pirogues_du_soir_espoir-300x168.jpg"},{"@type":"BreadcrumbList","@id":"https:\/\/www.sorosoro.org\/en\/all-about-languages-%e2%80%8b%e2%80%8bin-the-world\/facts-and-figures-on-endangered-languages\/#breadcrumb","itemListElement":[{"@type":"ListItem","position":1,"name":"Accueil","item":"https:\/\/www.sorosoro.org\/en\/"},{"@type":"ListItem","position":2,"name":"All about languages \u200b\u200bin the world","item":"https:\/\/www.sorosoro.org\/en\/all-about-languages-%e2%80%8b%e2%80%8bin-the-world\/"},{"@type":"ListItem","position":3,"name":"Endangered languages"}]},{"@type":"WebSite","@id":"https:\/\/www.sorosoro.org\/en\/#website","url":"https:\/\/www.sorosoro.org\/en\/","name":"Sorosoro","description":"Pour que vivent les langues du monde !","potentialAction":[{"@type":"SearchAction","target":{"@type":"EntryPoint","urlTemplate":"https:\/\/www.sorosoro.org\/en\/?s={search_term_string}"},"query-input":{"@type":"PropertyValueSpecification","valueRequired":true,"valueName":"search_term_string"}}],"inLanguage":"en-US"}]}},"_links":{"self":[{"href":"https:\/\/www.sorosoro.org\/en\/wp-json\/wp\/v2\/pages\/40611","targetHints":{"allow":["GET"]}}],"collection":[{"href":"https:\/\/www.sorosoro.org\/en\/wp-json\/wp\/v2\/pages"}],"about":[{"href":"https:\/\/www.sorosoro.org\/en\/wp-json\/wp\/v2\/types\/page"}],"author":[{"embeddable":true,"href":"https:\/\/www.sorosoro.org\/en\/wp-json\/wp\/v2\/users\/18"}],"replies":[{"embeddable":true,"href":"https:\/\/www.sorosoro.org\/en\/wp-json\/wp\/v2\/comments?post=40611"}],"version-history":[{"count":0,"href":"https:\/\/www.sorosoro.org\/en\/wp-json\/wp\/v2\/pages\/40611\/revisions"}],"up":[{"embeddable":true,"href":"https:\/\/www.sorosoro.org\/en\/wp-json\/wp\/v2\/pages\/63894"}],"wp:attachment":[{"href":"https:\/\/www.sorosoro.org\/en\/wp-json\/wp\/v2\/media?parent=40611"}],"curies":[{"name":"wp","href":"https:\/\/api.w.org\/{rel}","templated":true}]}}