{"id":4032,"date":"2009-10-22T22:51:57","date_gmt":"2009-10-22T20:51:57","guid":{"rendered":"http:\/\/www.sorosoro.org\/?page_id=4032"},"modified":"2015-10-04T14:35:18","modified_gmt":"2015-10-04T12:35:18","slug":"shooting-team","status":"publish","type":"page","link":"https:\/\/www.sorosoro.org\/en\/the-sorosoro-programme\/shooting-team\/","title":{"rendered":"The field crews"},"content":{"rendered":"<p>The videos shown on Sorosoro were made by professionals, technicians and researchers. They have sometimes had to work in difficult conditions, both on the field and in Paris, so we thank them for their efforts!<br \/>\n&nbsp;<\/p>\n<h5><strong>Gabon<\/strong><\/h5>\n<p><strong>Filming Benga and Mpongwe languages in January &#8211; February 2009<\/strong><br \/>\n&nbsp;<br \/>\n<img loading=\"lazy\" decoding=\"async\" class=\"alignnone size-full wp-image-9443\" style=\"margin:0 20px 10px 0\" title=\"Gabon_Equipe\u00a9Muriel_Lutz\" src=\"http:\/\/www.sorosoro.org\/wp-content\/uploads\/Gabon_Equipe\u00a9Muriel_Lutz2.jpg\" alt=\"Gabon_Equipe\u00a9Muriel_Lutz\" width=\"214\" height=\"160\" align=\"left\" srcset=\"https:\/\/www.sorosoro.org\/wp-content\/uploads\/Gabon_Equipe\u00a9Muriel_Lutz2.jpg 640w, https:\/\/www.sorosoro.org\/wp-content\/uploads\/Gabon_Equipe\u00a9Muriel_Lutz2-300x225.jpg 300w\" sizes=\"auto, (max-width: 214px) 100vw, 214px\" \/><span style=\"text-decoration: underline;\">Image<\/span>: Muriel Lutz<br \/>\n<span style=\"text-decoration: underline;\">Sound<\/span>: Andr\u00e9-Pierre and Muriel Lutz<br \/>\n<span style=\"text-decoration: underline;\">Linguist<\/span>: Patrick Mouguiama-Daouda<br \/>\n<span style=\"text-decoration: underline;\">Informants<\/span>: Paul Kopedina and Judica\u00ebl Yoland Ovenga<br \/>\n<span style=\"text-decoration: underline;\">Editing:<\/span> Caroline Laurent<br \/>\n<span style=\"text-decoration: underline;\">Translator of the Mpongwe language:<\/span> Patrick Mouguiama-Daouda<br \/>\n<span style=\"text-decoration: underline;\">Translator of the Benga language:<\/span> Judica\u00ebl Yoland Ovenga<br \/>\n<span style=\"text-decoration: underline;\">Production coordinator:<\/span> Sabrina Pourchasse<br \/>\n&nbsp;<\/p>\n<h5>Guatemala<\/h5>\n<p><strong>Filming Kaqchikel and Tektiteko languages in February &#8211; March 2009<\/strong><br \/>\n&nbsp;<br \/>\n<img loading=\"lazy\" decoding=\"async\" class=\"alignnone size-full wp-image-9447\" style=\"margin:0 20px 10px 0\" title=\"Guatemala_equipe\u00a9Jose_Reynes\" src=\"http:\/\/www.sorosoro.org\/wp-content\/uploads\/Guatemala_Kaqchikel_Musiciens\u00a9Jose_Reynes1.jpg\" alt=\"Guatemala_equipe\u00a9Jose_Reynes\" width=\"215\" height=\"159\" align=\"left\" \/><span style=\"text-decoration: underline;\">Image and sound:<\/span> Jos\u00e9 Reyn\u00e8s<br \/>\n<span style=\"text-decoration: underline;\">Driver-Assistant<\/span>: Eduardo<br \/>\n<span style=\"text-decoration: underline;\">Linguists:<\/span> Juliana Sis Iboy and Juventino de Jesus P\u00e9rez Alonzo<br \/>\n<span style=\"text-decoration: underline;\">Editing: <\/span>Caroline Laurent<br \/>\n<span style=\"text-decoration: underline;\">Translator of the Kaqchikel language: <\/span>Juliana Sis Iboy<br \/>\n<span style=\"text-decoration: underline;\">Translator of the Tektiteko language:<\/span> Jos\u00e9 P\u00e9rez<br \/>\n<span style=\"text-decoration: underline;\">Production coordinators:<\/span> Sabrina Pourchasse and Marion Cassan<br \/>\n&nbsp;<\/p>\n<h5>Gabon<\/h5>\n<p><strong>Filming Akele and Punu languages in May &#8211; June 2009<\/strong><br \/>\n&nbsp;<br \/>\n<img loading=\"lazy\" decoding=\"async\" class=\"alignnone size-full wp-image-9450\" style=\"margin:0 20px 10px 0\" title=\"Gabon_Punu_Equipe\u00a9Luc_Henri_Fage\" src=\"http:\/\/www.sorosoro.org\/wp-content\/uploads\/Gabon_Punu_Equipe\u00a9Luc_Henri_Fage1.jpg\" alt=\"Gabon_Punu_Equipe\u00a9Luc_Henri_Fage\" width=\"211\" height=\"140\" align=\"left\" srcset=\"https:\/\/www.sorosoro.org\/wp-content\/uploads\/Gabon_Punu_Equipe\u00a9Luc_Henri_Fage1.jpg 640w, https:\/\/www.sorosoro.org\/wp-content\/uploads\/Gabon_Punu_Equipe\u00a9Luc_Henri_Fage1-300x200.jpg 300w\" sizes=\"auto, (max-width: 211px) 100vw, 211px\" \/><span style=\"text-decoration: underline;\">Image and sound:<\/span> Luc-Henri Fage<br \/>\n<span style=\"text-decoration: underline;\">Linguists: <\/span>Jean-Marie Hombert, Patrick Mouguiama-Daouda<br \/>\n<span style=\"text-decoration: underline;\">Ethnologist: <\/span>Thierry Nzamba Nzamba<br \/>\n<span style=\"text-decoration: underline;\">Editing:<\/span> Caroline Laurent<br \/>\n<span style=\"text-decoration: underline;\">Translator of the Akele language: <\/span>Hugues Awanhet<br \/>\n<span style=\"text-decoration: underline;\">Translator of the Punu language: <\/span>Marie-Jos\u00e9e Awanhet<br \/>\n<span style=\"text-decoration: underline;\">Production coordinator<\/span>: Sabrina Pourchasse<br \/>\n&nbsp;<\/p>\n<h5>Senegal<\/h5>\n<p><strong>Filming Menik and Baynunk languages in March 2010<\/strong><br \/>\n&nbsp;<br \/>\n<img loading=\"lazy\" decoding=\"async\" class=\" size-medium wp-image-65233 alignleft\" style=\"margin: 0 20px 10px 0;\" src=\"http:\/\/www.sorosoro.org\/wp-content\/uploads\/pays_bedik-300x225.jpg\" alt=\"pays_bedik\" width=\"219\" height=\"160\" \/><\/p>\n<p><span style=\"text-decoration: underline;\">Image and sound<\/span>: Muriel Lutz<br \/>\n<span style=\"text-decoration: underline;\">Assistant<\/span>: Cheikh Tidiane Sall<br \/>\n<span style=\"text-decoration: underline;\">Linguists<\/span>: Adjaratou O. Sall and Sokhna Bao-Diop<br \/>\n<span style=\"text-decoration: underline;\">Editing<\/span>: Caroline Laurent<br \/>\n<span style=\"text-decoration: underline;\">Production coordinator<\/span>: Sabrina Pourchasse<\/p>\n<p>&nbsp;<br \/>\n&nbsp;<br \/>\n&nbsp;<\/p>\n<h5>New-Caledonia<\/h5>\n<p style=\"text-align: left;\"><strong>Filming X\u00e2r\u00e2c\u00f9\u00f9, X\u00e2r\u00e2gur\u00e8 and Hamea languages in October 2010<br \/>\n<\/strong><\/p>\n<p style=\"text-align: left;\"><span style=\"text-decoration: underline;\"><img loading=\"lazy\" decoding=\"async\" class=\" size-medium wp-image-65233 alignleft\" style=\"margin: 0 20px 10px 0;\" src=\"\/wp-content\/uploads\/tournage_en_pays_kanak_nouvelle_caledonie.jpg\" alt=\"pays_bedik\" width=\"219\" height=\"160\" \/><br \/>\nImage and sound: <\/span>: Jos\u00e9 Reyn\u00e8s<br \/>\n<span style=\"text-decoration: underline;\">Assistant<\/span>: Karl Jor\u00e9di\u00e9<br \/>\n<span style=\"text-decoration: underline;\">Linguist<\/span>: Claire Moyse-Faurie<br \/>\n<span style=\"text-decoration: underline;\">Editing<\/span>: Caroline Laurent<br \/>\n<span style=\"text-decoration: underline;\">Production coordinator<\/span>: Caroline Graff<\/p>\n<p>&nbsp;<\/p>\n<h5><\/h5>\n<h5><\/h5>\n<h5><\/h5>\n<h5>Senegal<\/h5>\n<p style=\"text-align: left;\"><strong>Filming Basari and Laala languages in February 2011<\/strong><\/p>\n<p style=\"text-align: left;\"><span style=\"text-decoration: underline;\"><img loading=\"lazy\" decoding=\"async\" class=\" size-medium wp-image-65233 alignleft\" style=\"margin: 0 20px 10px 0;\" src=\"\/wp-content\/uploads\/243.jpg\" alt=\"pays_bedik\" width=\"219\" height=\"160\" \/><br \/>\nImage and sound: <\/span>: Fran\u00e7ois Rigou<br \/>\n<span style=\"text-decoration: underline;\">Assistant<\/span>: J\u00e9r\u00f4me Gomis<br \/>\n<span style=\"text-decoration: underline;\">Linguists<\/span>: Lo\u00efc-Michel Perrin et El Hadji Di\u00e8ye<br \/>\n<span style=\"text-decoration: underline;\">Editing<\/span>: Caroline Laurent<br \/>\n<span style=\"text-decoration: underline;\">Production coordinator<\/span>: Caroline Graff<\/p>\n<p>&nbsp;<\/p>\n<h5><\/h5>\n<h5><\/h5>\n<p>&nbsp;<br \/>\n&nbsp;<br \/>\n&nbsp;<br \/>\n&nbsp;<\/p>\n","protected":false},"excerpt":{"rendered":"<p>The videos shown on Sorosoro were made by professionals, technicians and researchers. They have sometimes had to work in difficult conditions, both on the field and in Paris, so we thank them for their efforts! &nbsp; Gabon Filming Benga and Mpongwe languages in January &#8211; February 2009 &nbsp; Image: Muriel Lutz Sound: Andr\u00e9-Pierre and Muriel [&hellip;]<\/p>\n","protected":false},"author":12,"featured_media":0,"parent":439,"menu_order":2,"comment_status":"closed","ping_status":"closed","template":"","meta":{"footnotes":""},"class_list":["post-4032","page","type-page","status-publish","hentry"],"yoast_head":"<!-- This site is optimized with the Yoast SEO plugin v27.0 - https:\/\/yoast.com\/product\/yoast-seo-wordpress\/ -->\n<title>The field crews - Sorosoro<\/title>\n<meta name=\"robots\" content=\"index, follow, max-snippet:-1, max-image-preview:large, max-video-preview:-1\" \/>\n<link rel=\"canonical\" href=\"https:\/\/www.sorosoro.org\/en\/the-sorosoro-programme\/shooting-team\/\" \/>\n<meta property=\"og:locale\" content=\"en_US\" \/>\n<meta property=\"og:type\" content=\"article\" \/>\n<meta property=\"og:title\" content=\"The field crews - Sorosoro\" \/>\n<meta property=\"og:description\" content=\"The videos shown on Sorosoro were made by professionals, technicians and researchers. They have sometimes had to work in difficult conditions, both on the field and in Paris, so we thank them for their efforts! &nbsp; Gabon Filming Benga and Mpongwe languages in January &#8211; February 2009 &nbsp; Image: Muriel Lutz Sound: Andr\u00e9-Pierre and Muriel [&hellip;]\" \/>\n<meta property=\"og:url\" content=\"https:\/\/www.sorosoro.org\/en\/the-sorosoro-programme\/shooting-team\/\" \/>\n<meta property=\"og:site_name\" content=\"Sorosoro\" \/>\n<meta property=\"article:modified_time\" content=\"2015-10-04T12:35:18+00:00\" \/>\n<meta property=\"og:image\" content=\"http:\/\/www.sorosoro.org\/wp-content\/uploads\/pays_bedik-300x225.jpg\" \/>\n<meta name=\"twitter:card\" content=\"summary_large_image\" \/>\n<meta name=\"twitter:label1\" content=\"Est. reading time\" \/>\n\t<meta name=\"twitter:data1\" content=\"2 minutes\" \/>\n<script type=\"application\/ld+json\" class=\"yoast-schema-graph\">{\"@context\":\"https:\/\/schema.org\",\"@graph\":[{\"@type\":\"WebPage\",\"@id\":\"https:\/\/www.sorosoro.org\/en\/the-sorosoro-programme\/shooting-team\/\",\"url\":\"https:\/\/www.sorosoro.org\/en\/the-sorosoro-programme\/shooting-team\/\",\"name\":\"The field crews - Sorosoro\",\"isPartOf\":{\"@id\":\"https:\/\/www.sorosoro.org\/en\/#website\"},\"primaryImageOfPage\":{\"@id\":\"https:\/\/www.sorosoro.org\/en\/the-sorosoro-programme\/shooting-team\/#primaryimage\"},\"image\":{\"@id\":\"https:\/\/www.sorosoro.org\/en\/the-sorosoro-programme\/shooting-team\/#primaryimage\"},\"thumbnailUrl\":\"http:\/\/www.sorosoro.org\/wp-content\/uploads\/pays_bedik-300x225.jpg\",\"datePublished\":\"2009-10-22T20:51:57+00:00\",\"dateModified\":\"2015-10-04T12:35:18+00:00\",\"breadcrumb\":{\"@id\":\"https:\/\/www.sorosoro.org\/en\/the-sorosoro-programme\/shooting-team\/#breadcrumb\"},\"inLanguage\":\"en-US\",\"potentialAction\":[{\"@type\":\"ReadAction\",\"target\":[\"https:\/\/www.sorosoro.org\/en\/the-sorosoro-programme\/shooting-team\/\"]}]},{\"@type\":\"ImageObject\",\"inLanguage\":\"en-US\",\"@id\":\"https:\/\/www.sorosoro.org\/en\/the-sorosoro-programme\/shooting-team\/#primaryimage\",\"url\":\"http:\/\/www.sorosoro.org\/wp-content\/uploads\/pays_bedik-300x225.jpg\",\"contentUrl\":\"http:\/\/www.sorosoro.org\/wp-content\/uploads\/pays_bedik-300x225.jpg\"},{\"@type\":\"BreadcrumbList\",\"@id\":\"https:\/\/www.sorosoro.org\/en\/the-sorosoro-programme\/shooting-team\/#breadcrumb\",\"itemListElement\":[{\"@type\":\"ListItem\",\"position\":1,\"name\":\"Accueil\",\"item\":\"https:\/\/www.sorosoro.org\/en\/\"},{\"@type\":\"ListItem\",\"position\":2,\"name\":\"The Sorosoro program\",\"item\":\"https:\/\/www.sorosoro.org\/en\/the-sorosoro-programme\/\"},{\"@type\":\"ListItem\",\"position\":3,\"name\":\"The field crews\"}]},{\"@type\":\"WebSite\",\"@id\":\"https:\/\/www.sorosoro.org\/en\/#website\",\"url\":\"https:\/\/www.sorosoro.org\/en\/\",\"name\":\"Sorosoro\",\"description\":\"Pour que vivent les langues du monde !\",\"potentialAction\":[{\"@type\":\"SearchAction\",\"target\":{\"@type\":\"EntryPoint\",\"urlTemplate\":\"https:\/\/www.sorosoro.org\/en\/?s={search_term_string}\"},\"query-input\":{\"@type\":\"PropertyValueSpecification\",\"valueRequired\":true,\"valueName\":\"search_term_string\"}}],\"inLanguage\":\"en-US\"}]}<\/script>\n<!-- \/ Yoast SEO plugin. -->","yoast_head_json":{"title":"The field crews - Sorosoro","robots":{"index":"index","follow":"follow","max-snippet":"max-snippet:-1","max-image-preview":"max-image-preview:large","max-video-preview":"max-video-preview:-1"},"canonical":"https:\/\/www.sorosoro.org\/en\/the-sorosoro-programme\/shooting-team\/","og_locale":"en_US","og_type":"article","og_title":"The field crews - Sorosoro","og_description":"The videos shown on Sorosoro were made by professionals, technicians and researchers. They have sometimes had to work in difficult conditions, both on the field and in Paris, so we thank them for their efforts! &nbsp; Gabon Filming Benga and Mpongwe languages in January &#8211; February 2009 &nbsp; Image: Muriel Lutz Sound: Andr\u00e9-Pierre and Muriel [&hellip;]","og_url":"https:\/\/www.sorosoro.org\/en\/the-sorosoro-programme\/shooting-team\/","og_site_name":"Sorosoro","article_modified_time":"2015-10-04T12:35:18+00:00","og_image":[{"url":"http:\/\/www.sorosoro.org\/wp-content\/uploads\/pays_bedik-300x225.jpg","type":"","width":"","height":""}],"twitter_card":"summary_large_image","twitter_misc":{"Est. reading time":"2 minutes"},"schema":{"@context":"https:\/\/schema.org","@graph":[{"@type":"WebPage","@id":"https:\/\/www.sorosoro.org\/en\/the-sorosoro-programme\/shooting-team\/","url":"https:\/\/www.sorosoro.org\/en\/the-sorosoro-programme\/shooting-team\/","name":"The field crews - Sorosoro","isPartOf":{"@id":"https:\/\/www.sorosoro.org\/en\/#website"},"primaryImageOfPage":{"@id":"https:\/\/www.sorosoro.org\/en\/the-sorosoro-programme\/shooting-team\/#primaryimage"},"image":{"@id":"https:\/\/www.sorosoro.org\/en\/the-sorosoro-programme\/shooting-team\/#primaryimage"},"thumbnailUrl":"http:\/\/www.sorosoro.org\/wp-content\/uploads\/pays_bedik-300x225.jpg","datePublished":"2009-10-22T20:51:57+00:00","dateModified":"2015-10-04T12:35:18+00:00","breadcrumb":{"@id":"https:\/\/www.sorosoro.org\/en\/the-sorosoro-programme\/shooting-team\/#breadcrumb"},"inLanguage":"en-US","potentialAction":[{"@type":"ReadAction","target":["https:\/\/www.sorosoro.org\/en\/the-sorosoro-programme\/shooting-team\/"]}]},{"@type":"ImageObject","inLanguage":"en-US","@id":"https:\/\/www.sorosoro.org\/en\/the-sorosoro-programme\/shooting-team\/#primaryimage","url":"http:\/\/www.sorosoro.org\/wp-content\/uploads\/pays_bedik-300x225.jpg","contentUrl":"http:\/\/www.sorosoro.org\/wp-content\/uploads\/pays_bedik-300x225.jpg"},{"@type":"BreadcrumbList","@id":"https:\/\/www.sorosoro.org\/en\/the-sorosoro-programme\/shooting-team\/#breadcrumb","itemListElement":[{"@type":"ListItem","position":1,"name":"Accueil","item":"https:\/\/www.sorosoro.org\/en\/"},{"@type":"ListItem","position":2,"name":"The Sorosoro program","item":"https:\/\/www.sorosoro.org\/en\/the-sorosoro-programme\/"},{"@type":"ListItem","position":3,"name":"The field crews"}]},{"@type":"WebSite","@id":"https:\/\/www.sorosoro.org\/en\/#website","url":"https:\/\/www.sorosoro.org\/en\/","name":"Sorosoro","description":"Pour que vivent les langues du monde !","potentialAction":[{"@type":"SearchAction","target":{"@type":"EntryPoint","urlTemplate":"https:\/\/www.sorosoro.org\/en\/?s={search_term_string}"},"query-input":{"@type":"PropertyValueSpecification","valueRequired":true,"valueName":"search_term_string"}}],"inLanguage":"en-US"}]}},"_links":{"self":[{"href":"https:\/\/www.sorosoro.org\/en\/wp-json\/wp\/v2\/pages\/4032","targetHints":{"allow":["GET"]}}],"collection":[{"href":"https:\/\/www.sorosoro.org\/en\/wp-json\/wp\/v2\/pages"}],"about":[{"href":"https:\/\/www.sorosoro.org\/en\/wp-json\/wp\/v2\/types\/page"}],"author":[{"embeddable":true,"href":"https:\/\/www.sorosoro.org\/en\/wp-json\/wp\/v2\/users\/12"}],"replies":[{"embeddable":true,"href":"https:\/\/www.sorosoro.org\/en\/wp-json\/wp\/v2\/comments?post=4032"}],"version-history":[{"count":0,"href":"https:\/\/www.sorosoro.org\/en\/wp-json\/wp\/v2\/pages\/4032\/revisions"}],"up":[{"embeddable":true,"href":"https:\/\/www.sorosoro.org\/en\/wp-json\/wp\/v2\/pages\/439"}],"wp:attachment":[{"href":"https:\/\/www.sorosoro.org\/en\/wp-json\/wp\/v2\/media?parent=4032"}],"curies":[{"name":"wp","href":"https:\/\/api.w.org\/{rel}","templated":true}]}}