{"id":4028,"date":"2009-10-22T22:43:47","date_gmt":"2009-10-22T20:43:47","guid":{"rendered":"http:\/\/www.sorosoro.org\/?page_id=4028"},"modified":"2015-09-28T02:33:49","modified_gmt":"2015-09-28T00:33:49","slug":"creoles2","status":"publish","type":"page","link":"https:\/\/www.sorosoro.org\/en\/creoles2\/","title":{"rendered":"Creoles"},"content":{"rendered":"<p><em>Page created in collaboration with Michel Launey &#038; Alain Kihm, 2009.<\/em><br \/>\n&nbsp;<\/p>\n<p style=\"text-align: justify;\">Creole languages are uncommon by the conditions of their formation, which places them outside the usual genetic classification of languages. While the majority of languages originate from a constant transmission from one generation to another, each transmission implying more or less significant changes, creole languages appear to originate both from a <strong>rupture<\/strong> (an entire population being forced to give up their native language) and an <strong>encounter <\/strong>(with a new language, consequently deeply transformed). Unlike all other languages, in other words, existing creole languages have emerged following historical events, which can be dated by<strong> more or less fifty years<\/strong>.<\/p>\n<p style=\"text-align: justify;\">Different kinds of encounters might explain the emergence of these languages. The encounter triggering the emergence of plantation creole, in the <strong>Antilles islands<\/strong>, was extremely violent: hundreds of thousands of people being deported as slaves across the Atlantic in the worst imaginable conditions. These men and women from Africa who originally spoke a <strong>variety of languages<\/strong> ended up in the need of a <strong>common language<\/strong> within the new society they were part of. Because none of these African languages was ever hegemonic over the others, the only possible point of reference was the language of the slaveholder. Contact with this language had obviously nothing to do with the dispassionate learning of a new idiom, however, occurring as it was in the violent context of servile labor: vocabulary came through, grammar didn\u2019t.<\/p>\n<p style=\"text-align: justify;\">In other cases \u2013 creoles emerging in <strong>Africa<\/strong>, creoles of the <strong>Indian Ocean<\/strong> and the <strong>Pacific<\/strong>, which don\u2019t necessarily originate in slavery \u2013 the encounter wasn\u2019t as violent, but it did create enough of a rupture to allow the emergence of a creole language, a rupture that is always at least social and cultural, sometimes also geographical.<\/p>\n<p style=\"text-align: justify;\">Consequently, creole languages bear two main features:<\/p>\n<p style=\"text-align: justify;\">&#8211; their <strong>vocabulary <\/strong>essentially stems from a language of colonization, which explains references to English, Arabic, Spanish, French, Dutch or Portuguese-based creoles (or English lexical base creoles, etc.).<\/p>\n<p style=\"text-align: justify;\">&#8211; on the other hand, creole <strong>grammars <\/strong>stem from structural alterations under influence of several elements: the grammar of the original languages, continuous situations of linguistic contact and self-teaching of second languages, universal properties of Human speech\u2026<\/p>\n<p style=\"text-align: justify;\">The grammar of creole languages is thus of major interest to linguistics and cognitive sciences.<\/p>\n<p>______________________________________________________________________<\/p>\n<p><strong>Pour en savoir plus :<\/strong><\/p>\n<ul>\n<li><a href=\"http:\/\/www.sorosoro.org\/2015\/06\/questions-autour-de-la-genese-des-langues-creoles\/\" target=\"_blank\">Questions autour de la gen\u00e8se des langues cr\u00e9oles, par Marie-Christine Haza\u00ebl-Massieux <\/a><\/li>\n<li><a href=\"http:\/\/www.sorosoro.org\/2015\/06\/le-creole-haitien-une-lente-montee-en-puissance\/\" target=\"_blank\">Le cr\u00e9ole ha\u00eftien : une lente mont\u00e9e en puissance, par Fritz Berg Jeannot<\/a><\/li>\n<li><a href=\"http:\/\/www.sorosoro.org\/2015\/06\/dafrique-de-louest-aux-antilles-des-creoles-portugais-dynamiques\/\" target=\"_blank\">D\u2019Afrique de l\u2019Ouest aux Antilles, des cr\u00e9oles portugais dynamiques, par Nicolas Quint<\/a><\/li>\n<li><a href=\"http:\/\/www.sorosoro.org\/2015\/06\/le-papiamentu-un-creole-qui-se-porte-bien\/\" target=\"_blank\">Le papiamentu, un cr\u00e9ole qui se porte bien, par Bart Jacobs<\/a><\/li>\n<\/ul>\n<p>&nbsp;<br \/>\n<a href=\"\/en\/all-about-languages-\u200b\u200bin-the-world\/the-new-languages\/\"><img loading=\"lazy\" decoding=\"async\" src=\"\/wp-content\/uploads\/bouton_retour.jpg\" alt=\"bouton_retour\" width=\"20\" height=\"20\" class=\"alignnone size-full wp-image-65133\" \/><\/a>&nbsp;<a href=\"\/en\/all-about-languages-\u200b\u200bin-the-world\/the-new-languages\/\"><strong>Back to previous page<\/strong><\/a><\/p>\n","protected":false},"excerpt":{"rendered":"<p>Page created in collaboration with Michel Launey &#038; Alain Kihm, 2009. &nbsp; Creole languages are uncommon by the conditions of their formation, which places them outside the usual genetic classification of languages. While the majority of languages originate from a constant transmission from one generation to another, each transmission implying more or less significant changes, [&hellip;]<\/p>\n","protected":false},"author":12,"featured_media":0,"parent":0,"menu_order":0,"comment_status":"closed","ping_status":"open","template":"","meta":{"footnotes":""},"class_list":["post-4028","page","type-page","status-publish","hentry"],"yoast_head":"<!-- This site is optimized with the Yoast SEO plugin v27.0 - https:\/\/yoast.com\/product\/yoast-seo-wordpress\/ -->\n<title>Creoles - Sorosoro<\/title>\n<meta name=\"robots\" content=\"index, follow, max-snippet:-1, max-image-preview:large, max-video-preview:-1\" \/>\n<link rel=\"canonical\" href=\"https:\/\/www.sorosoro.org\/en\/creoles2\/\" \/>\n<meta property=\"og:locale\" content=\"en_US\" \/>\n<meta property=\"og:type\" content=\"article\" \/>\n<meta property=\"og:title\" content=\"Creoles - Sorosoro\" \/>\n<meta property=\"og:description\" content=\"Page created in collaboration with Michel Launey &#038; Alain Kihm, 2009. &nbsp; Creole languages are uncommon by the conditions of their formation, which places them outside the usual genetic classification of languages. While the majority of languages originate from a constant transmission from one generation to another, each transmission implying more or less significant changes, [&hellip;]\" \/>\n<meta property=\"og:url\" content=\"https:\/\/www.sorosoro.org\/en\/creoles2\/\" \/>\n<meta property=\"og:site_name\" content=\"Sorosoro\" \/>\n<meta property=\"article:modified_time\" content=\"2015-09-28T00:33:49+00:00\" \/>\n<meta name=\"twitter:card\" content=\"summary_large_image\" \/>\n<meta name=\"twitter:label1\" content=\"Est. reading time\" \/>\n\t<meta name=\"twitter:data1\" content=\"2 minutes\" \/>\n<script type=\"application\/ld+json\" class=\"yoast-schema-graph\">{\"@context\":\"https:\/\/schema.org\",\"@graph\":[{\"@type\":\"WebPage\",\"@id\":\"https:\/\/www.sorosoro.org\/en\/creoles2\/\",\"url\":\"https:\/\/www.sorosoro.org\/en\/creoles2\/\",\"name\":\"Creoles - Sorosoro\",\"isPartOf\":{\"@id\":\"https:\/\/www.sorosoro.org\/en\/#website\"},\"datePublished\":\"2009-10-22T20:43:47+00:00\",\"dateModified\":\"2015-09-28T00:33:49+00:00\",\"breadcrumb\":{\"@id\":\"https:\/\/www.sorosoro.org\/en\/creoles2\/#breadcrumb\"},\"inLanguage\":\"en-US\",\"potentialAction\":[{\"@type\":\"ReadAction\",\"target\":[\"https:\/\/www.sorosoro.org\/en\/creoles2\/\"]}]},{\"@type\":\"BreadcrumbList\",\"@id\":\"https:\/\/www.sorosoro.org\/en\/creoles2\/#breadcrumb\",\"itemListElement\":[{\"@type\":\"ListItem\",\"position\":1,\"name\":\"Accueil\",\"item\":\"https:\/\/www.sorosoro.org\/en\/\"},{\"@type\":\"ListItem\",\"position\":2,\"name\":\"Creoles\"}]},{\"@type\":\"WebSite\",\"@id\":\"https:\/\/www.sorosoro.org\/en\/#website\",\"url\":\"https:\/\/www.sorosoro.org\/en\/\",\"name\":\"Sorosoro\",\"description\":\"Pour que vivent les langues du monde !\",\"potentialAction\":[{\"@type\":\"SearchAction\",\"target\":{\"@type\":\"EntryPoint\",\"urlTemplate\":\"https:\/\/www.sorosoro.org\/en\/?s={search_term_string}\"},\"query-input\":{\"@type\":\"PropertyValueSpecification\",\"valueRequired\":true,\"valueName\":\"search_term_string\"}}],\"inLanguage\":\"en-US\"}]}<\/script>\n<!-- \/ Yoast SEO plugin. -->","yoast_head_json":{"title":"Creoles - Sorosoro","robots":{"index":"index","follow":"follow","max-snippet":"max-snippet:-1","max-image-preview":"max-image-preview:large","max-video-preview":"max-video-preview:-1"},"canonical":"https:\/\/www.sorosoro.org\/en\/creoles2\/","og_locale":"en_US","og_type":"article","og_title":"Creoles - Sorosoro","og_description":"Page created in collaboration with Michel Launey &#038; Alain Kihm, 2009. &nbsp; Creole languages are uncommon by the conditions of their formation, which places them outside the usual genetic classification of languages. While the majority of languages originate from a constant transmission from one generation to another, each transmission implying more or less significant changes, [&hellip;]","og_url":"https:\/\/www.sorosoro.org\/en\/creoles2\/","og_site_name":"Sorosoro","article_modified_time":"2015-09-28T00:33:49+00:00","twitter_card":"summary_large_image","twitter_misc":{"Est. reading time":"2 minutes"},"schema":{"@context":"https:\/\/schema.org","@graph":[{"@type":"WebPage","@id":"https:\/\/www.sorosoro.org\/en\/creoles2\/","url":"https:\/\/www.sorosoro.org\/en\/creoles2\/","name":"Creoles - Sorosoro","isPartOf":{"@id":"https:\/\/www.sorosoro.org\/en\/#website"},"datePublished":"2009-10-22T20:43:47+00:00","dateModified":"2015-09-28T00:33:49+00:00","breadcrumb":{"@id":"https:\/\/www.sorosoro.org\/en\/creoles2\/#breadcrumb"},"inLanguage":"en-US","potentialAction":[{"@type":"ReadAction","target":["https:\/\/www.sorosoro.org\/en\/creoles2\/"]}]},{"@type":"BreadcrumbList","@id":"https:\/\/www.sorosoro.org\/en\/creoles2\/#breadcrumb","itemListElement":[{"@type":"ListItem","position":1,"name":"Accueil","item":"https:\/\/www.sorosoro.org\/en\/"},{"@type":"ListItem","position":2,"name":"Creoles"}]},{"@type":"WebSite","@id":"https:\/\/www.sorosoro.org\/en\/#website","url":"https:\/\/www.sorosoro.org\/en\/","name":"Sorosoro","description":"Pour que vivent les langues du monde !","potentialAction":[{"@type":"SearchAction","target":{"@type":"EntryPoint","urlTemplate":"https:\/\/www.sorosoro.org\/en\/?s={search_term_string}"},"query-input":{"@type":"PropertyValueSpecification","valueRequired":true,"valueName":"search_term_string"}}],"inLanguage":"en-US"}]}},"_links":{"self":[{"href":"https:\/\/www.sorosoro.org\/en\/wp-json\/wp\/v2\/pages\/4028","targetHints":{"allow":["GET"]}}],"collection":[{"href":"https:\/\/www.sorosoro.org\/en\/wp-json\/wp\/v2\/pages"}],"about":[{"href":"https:\/\/www.sorosoro.org\/en\/wp-json\/wp\/v2\/types\/page"}],"author":[{"embeddable":true,"href":"https:\/\/www.sorosoro.org\/en\/wp-json\/wp\/v2\/users\/12"}],"replies":[{"embeddable":true,"href":"https:\/\/www.sorosoro.org\/en\/wp-json\/wp\/v2\/comments?post=4028"}],"version-history":[{"count":0,"href":"https:\/\/www.sorosoro.org\/en\/wp-json\/wp\/v2\/pages\/4028\/revisions"}],"wp:attachment":[{"href":"https:\/\/www.sorosoro.org\/en\/wp-json\/wp\/v2\/media?parent=4028"}],"curies":[{"name":"wp","href":"https:\/\/api.w.org\/{rel}","templated":true}]}}