{"id":23331,"date":"2010-07-12T17:57:42","date_gmt":"2010-07-12T15:57:42","guid":{"rendered":"http:\/\/www.sorosoro.org\/?page_id=23331"},"modified":"2010-07-12T17:57:42","modified_gmt":"2010-07-12T15:57:42","slug":"chocho","status":"publish","type":"page","link":"https:\/\/www.sorosoro.org\/en\/chocho\/","title":{"rendered":"Chocho"},"content":{"rendered":"<p><em> <\/em><\/p>\n<p><em>Data collected by the <a href=\"http:\/\/www.unilat.org\/SG\/index.fr.asp\">Latin Union<\/a>, engaged to promote the cultural heritages of their 37 member states.<\/em><em> <\/em><\/p>\n<p><em> <\/em><\/p>\n<h5><strong>Data on Chocho:<\/strong><\/h5>\n<p><strong> <\/strong><\/p>\n<p><strong>Alternative names: <\/strong>Chocholtec, Chocholteco, Ngigua, Chochotec, Chochon<\/p>\n<p><strong> <\/strong><\/p>\n<p><strong>Classification: <\/strong><a href=\"https:\/\/www.sorosoro.org\/en\/oto-manguean-languages\">Oto-Manguean language family<\/a>, Popolocan language<\/p>\n<p><strong> <\/strong><\/p>\n<p><strong>Area: <\/strong>Oaxaca, Mexico<\/p>\n<p><strong> <\/strong><\/p>\n<p><strong>Number of speakers: <\/strong>922<\/p>\n<p>However, <em>Ethnologue<\/em> (1998) estimates 770 speakers.<\/p>\n<p><strong> <\/strong><\/p>\n<p><strong>Language status: <\/strong>No official status.<\/p>\n<p><strong> <\/strong><\/p>\n<p><strong>Vitality &amp; transmission: <\/strong>Considered \u201cendangered\u201d by UNESCO.<\/p>\n<p><strong><span style=\"color: #ffffff;\">.<\/span><br \/>\n<\/strong><\/p>\n<h5><strong>Sources &amp; additional bibliography:<\/strong><em> <\/em><\/h5>\n<p><span style=\"color: #ffffff;\">.<\/span><\/p>\n<p><em>Instituto Nacional de Lenguas Ind\u00edgenas<\/em> \u2013 INALI (2005), <em>Cat\u00e1logo de lenguas ind\u00edgenas mexicanas: Cartograf\u00eda contempor\u00e1nea de sus asentamientos hist\u00f3ricos<\/em><\/p>\n<p><em> <\/em><\/p>\n<p><span style=\"text-decoration: underline;\"> <\/span><\/p>\n<p><span style=\"text-decoration: underline;\"> <\/span><\/p>\n<p>Mock, Carol, compiler. 1977. <em>Chocho: Santa Catarina Ocotl\u00e1n, Oaxaca.<\/em> Archivo de Lenguas Ind\u00edgenas de M\u00e9xico, 4. Mexico: Centro de Investigaci\u00f3n para la Integraci\u00f3n Social<a href=\"http:\/\/www.ethnologue.com\/show_language.asp?code=coz\"><em> <\/em><\/a><\/p>\n<p><span style=\"color: #ffffff;\">.<\/span><\/p>\n<p><a href=\"http:\/\/www.ethnologue.com\/show_language.asp?code=coz\"><em>Ethnologue<\/em> webpage &#8211; SIL<\/a><br \/>\n<a href=\"http:\/\/www.ethnologue.com\/show_language.asp?code=coz\"><br \/>\n<\/a><\/p>\n","protected":false},"excerpt":{"rendered":"<p>Data collected by the Latin Union, engaged to promote the cultural heritages of their 37 member states. Data on Chocho: Alternative names: Chocholtec, Chocholteco, Ngigua, Chochotec, Chochon Classification: Oto-Manguean language family, Popolocan language Area: Oaxaca, Mexico Number of speakers: 922 However, Ethnologue (1998) estimates 770 speakers. Language status: No official status. Vitality &amp; transmission: Considered [&hellip;]<\/p>\n","protected":false},"author":1,"featured_media":0,"parent":0,"menu_order":0,"comment_status":"closed","ping_status":"open","template":"","meta":{"footnotes":""},"class_list":["post-23331","page","type-page","status-publish","hentry"],"yoast_head":"<!-- This site is optimized with the Yoast SEO plugin v27.0 - https:\/\/yoast.com\/product\/yoast-seo-wordpress\/ -->\n<title>Chocho - Sorosoro<\/title>\n<meta name=\"robots\" content=\"index, follow, max-snippet:-1, max-image-preview:large, max-video-preview:-1\" \/>\n<link rel=\"canonical\" href=\"https:\/\/www.sorosoro.org\/en\/chocho\/\" \/>\n<meta property=\"og:locale\" content=\"en_US\" \/>\n<meta property=\"og:type\" content=\"article\" \/>\n<meta property=\"og:title\" content=\"Chocho - Sorosoro\" \/>\n<meta property=\"og:description\" content=\"Data collected by the Latin Union, engaged to promote the cultural heritages of their 37 member states. Data on Chocho: Alternative names: Chocholtec, Chocholteco, Ngigua, Chochotec, Chochon Classification: Oto-Manguean language family, Popolocan language Area: Oaxaca, Mexico Number of speakers: 922 However, Ethnologue (1998) estimates 770 speakers. Language status: No official status. Vitality &amp; transmission: Considered [&hellip;]\" \/>\n<meta property=\"og:url\" content=\"https:\/\/www.sorosoro.org\/en\/chocho\/\" \/>\n<meta property=\"og:site_name\" content=\"Sorosoro\" \/>\n<meta name=\"twitter:card\" content=\"summary_large_image\" \/>\n<meta name=\"twitter:label1\" content=\"Est. reading time\" \/>\n\t<meta name=\"twitter:data1\" content=\"1 minute\" \/>\n<script type=\"application\/ld+json\" class=\"yoast-schema-graph\">{\"@context\":\"https:\/\/schema.org\",\"@graph\":[{\"@type\":\"WebPage\",\"@id\":\"https:\/\/www.sorosoro.org\/en\/chocho\/\",\"url\":\"https:\/\/www.sorosoro.org\/en\/chocho\/\",\"name\":\"Chocho - Sorosoro\",\"isPartOf\":{\"@id\":\"https:\/\/www.sorosoro.org\/en\/#website\"},\"datePublished\":\"2010-07-12T15:57:42+00:00\",\"breadcrumb\":{\"@id\":\"https:\/\/www.sorosoro.org\/en\/chocho\/#breadcrumb\"},\"inLanguage\":\"en-US\",\"potentialAction\":[{\"@type\":\"ReadAction\",\"target\":[\"https:\/\/www.sorosoro.org\/en\/chocho\/\"]}]},{\"@type\":\"BreadcrumbList\",\"@id\":\"https:\/\/www.sorosoro.org\/en\/chocho\/#breadcrumb\",\"itemListElement\":[{\"@type\":\"ListItem\",\"position\":1,\"name\":\"Accueil\",\"item\":\"https:\/\/www.sorosoro.org\/en\/\"},{\"@type\":\"ListItem\",\"position\":2,\"name\":\"Chocho\"}]},{\"@type\":\"WebSite\",\"@id\":\"https:\/\/www.sorosoro.org\/en\/#website\",\"url\":\"https:\/\/www.sorosoro.org\/en\/\",\"name\":\"Sorosoro\",\"description\":\"Pour que vivent les langues du monde !\",\"potentialAction\":[{\"@type\":\"SearchAction\",\"target\":{\"@type\":\"EntryPoint\",\"urlTemplate\":\"https:\/\/www.sorosoro.org\/en\/?s={search_term_string}\"},\"query-input\":{\"@type\":\"PropertyValueSpecification\",\"valueRequired\":true,\"valueName\":\"search_term_string\"}}],\"inLanguage\":\"en-US\"}]}<\/script>\n<!-- \/ Yoast SEO plugin. -->","yoast_head_json":{"title":"Chocho - Sorosoro","robots":{"index":"index","follow":"follow","max-snippet":"max-snippet:-1","max-image-preview":"max-image-preview:large","max-video-preview":"max-video-preview:-1"},"canonical":"https:\/\/www.sorosoro.org\/en\/chocho\/","og_locale":"en_US","og_type":"article","og_title":"Chocho - Sorosoro","og_description":"Data collected by the Latin Union, engaged to promote the cultural heritages of their 37 member states. Data on Chocho: Alternative names: Chocholtec, Chocholteco, Ngigua, Chochotec, Chochon Classification: Oto-Manguean language family, Popolocan language Area: Oaxaca, Mexico Number of speakers: 922 However, Ethnologue (1998) estimates 770 speakers. Language status: No official status. Vitality &amp; transmission: Considered [&hellip;]","og_url":"https:\/\/www.sorosoro.org\/en\/chocho\/","og_site_name":"Sorosoro","twitter_card":"summary_large_image","twitter_misc":{"Est. reading time":"1 minute"},"schema":{"@context":"https:\/\/schema.org","@graph":[{"@type":"WebPage","@id":"https:\/\/www.sorosoro.org\/en\/chocho\/","url":"https:\/\/www.sorosoro.org\/en\/chocho\/","name":"Chocho - Sorosoro","isPartOf":{"@id":"https:\/\/www.sorosoro.org\/en\/#website"},"datePublished":"2010-07-12T15:57:42+00:00","breadcrumb":{"@id":"https:\/\/www.sorosoro.org\/en\/chocho\/#breadcrumb"},"inLanguage":"en-US","potentialAction":[{"@type":"ReadAction","target":["https:\/\/www.sorosoro.org\/en\/chocho\/"]}]},{"@type":"BreadcrumbList","@id":"https:\/\/www.sorosoro.org\/en\/chocho\/#breadcrumb","itemListElement":[{"@type":"ListItem","position":1,"name":"Accueil","item":"https:\/\/www.sorosoro.org\/en\/"},{"@type":"ListItem","position":2,"name":"Chocho"}]},{"@type":"WebSite","@id":"https:\/\/www.sorosoro.org\/en\/#website","url":"https:\/\/www.sorosoro.org\/en\/","name":"Sorosoro","description":"Pour que vivent les langues du monde !","potentialAction":[{"@type":"SearchAction","target":{"@type":"EntryPoint","urlTemplate":"https:\/\/www.sorosoro.org\/en\/?s={search_term_string}"},"query-input":{"@type":"PropertyValueSpecification","valueRequired":true,"valueName":"search_term_string"}}],"inLanguage":"en-US"}]}},"_links":{"self":[{"href":"https:\/\/www.sorosoro.org\/en\/wp-json\/wp\/v2\/pages\/23331","targetHints":{"allow":["GET"]}}],"collection":[{"href":"https:\/\/www.sorosoro.org\/en\/wp-json\/wp\/v2\/pages"}],"about":[{"href":"https:\/\/www.sorosoro.org\/en\/wp-json\/wp\/v2\/types\/page"}],"author":[{"embeddable":true,"href":"https:\/\/www.sorosoro.org\/en\/wp-json\/wp\/v2\/users\/1"}],"replies":[{"embeddable":true,"href":"https:\/\/www.sorosoro.org\/en\/wp-json\/wp\/v2\/comments?post=23331"}],"version-history":[{"count":0,"href":"https:\/\/www.sorosoro.org\/en\/wp-json\/wp\/v2\/pages\/23331\/revisions"}],"wp:attachment":[{"href":"https:\/\/www.sorosoro.org\/en\/wp-json\/wp\/v2\/media?parent=23331"}],"curies":[{"name":"wp","href":"https:\/\/api.w.org\/{rel}","templated":true}]}}