{"id":23326,"date":"2010-07-12T16:54:23","date_gmt":"2010-07-12T14:54:23","guid":{"rendered":"http:\/\/www.sorosoro.org\/?page_id=23326"},"modified":"2010-07-12T16:54:23","modified_gmt":"2010-07-12T14:54:23","slug":"chatino","status":"publish","type":"page","link":"https:\/\/www.sorosoro.org\/en\/chatino\/","title":{"rendered":"Chatino"},"content":{"rendered":"<p><em>Data collected by the <a href=\"http:\/\/www.unilat.org\/SG\/index.fr.asp\">Latin Union<\/a>, engaged to promote the cultural heritages of their 37 member states.<\/em><em> <\/em><\/p>\n<p><em> <\/em><\/p>\n<h5><strong>Data on Chatino:<\/strong><\/h5>\n<p><strong> <\/strong><\/p>\n<p><strong>Alternative names: <\/strong>Cha\u2019tnio, Cha\u2019t\u00f1a, Tasa\u2019jnya, Cha\u2019t\u00f1an<\/p>\n<p><strong> <\/strong><\/p>\n<p><strong>Classification: <\/strong><a href=\"https:\/\/www.sorosoro.org\/en\/oto-manguean-languages\">Oto<strong>&#8211;<\/strong>Manguean language family<\/a>, Zapotecan language<\/p>\n<p><strong> <\/strong><\/p>\n<p><strong>Area:<\/strong> Oaxaca, Mexico<strong> <\/strong><\/p>\n<p><strong> <\/strong><\/p>\n<p><strong>Number of speakers: <\/strong>40 722 (INALI data)<strong> <\/strong><\/p>\n<p><strong> <\/strong><\/p>\n<p><strong>Language status: <\/strong>No official status.<strong> <\/strong><\/p>\n<p><strong> <\/strong><\/p>\n<p><strong>Vitality &amp; transmission:<\/strong> Considered \u201cendangered\u201d by UNESCO.<strong> <\/strong><\/p>\n<h5><strong>Sources &amp; additional bibliography:<\/strong><\/h5>\n<p><em> <\/em><\/p>\n<p><em>Instituto Nacional de Lenguas Ind\u00edgenas<\/em> \u2013 INALI (2005), <em>Cat\u00e1logo de lenguas ind\u00edgenas mexicanas: Cartograf\u00eda contempor\u00e1nea de sus asentamientos hist\u00f3ricos<\/em><\/p>\n<p><span style=\"text-decoration: underline;\"> <\/span><\/p>\n<p><a href=\"http:\/\/www.sil.org\/MEXICO\/zapoteca\/00e-zapoteca.htm\">SIL webpage on Zapotecan languages<\/a><\/p>\n","protected":false},"excerpt":{"rendered":"<p>Data collected by the Latin Union, engaged to promote the cultural heritages of their 37 member states. Data on Chatino: Alternative names: Cha\u2019tnio, Cha\u2019t\u00f1a, Tasa\u2019jnya, Cha\u2019t\u00f1an Classification: Oto&#8211;Manguean language family, Zapotecan language Area: Oaxaca, Mexico Number of speakers: 40 722 (INALI data) Language status: No official status. Vitality &amp; transmission: Considered \u201cendangered\u201d by UNESCO. Sources [&hellip;]<\/p>\n","protected":false},"author":1,"featured_media":0,"parent":0,"menu_order":0,"comment_status":"closed","ping_status":"open","template":"","meta":{"footnotes":""},"class_list":["post-23326","page","type-page","status-publish","hentry"],"yoast_head":"<!-- This site is optimized with the Yoast SEO plugin v27.0 - https:\/\/yoast.com\/product\/yoast-seo-wordpress\/ -->\n<title>Chatino - Sorosoro<\/title>\n<meta name=\"robots\" content=\"index, follow, max-snippet:-1, max-image-preview:large, max-video-preview:-1\" \/>\n<link rel=\"canonical\" href=\"https:\/\/www.sorosoro.org\/en\/chatino\/\" \/>\n<meta property=\"og:locale\" content=\"en_US\" \/>\n<meta property=\"og:type\" content=\"article\" \/>\n<meta property=\"og:title\" content=\"Chatino - Sorosoro\" \/>\n<meta property=\"og:description\" content=\"Data collected by the Latin Union, engaged to promote the cultural heritages of their 37 member states. Data on Chatino: Alternative names: Cha\u2019tnio, Cha\u2019t\u00f1a, Tasa\u2019jnya, Cha\u2019t\u00f1an Classification: Oto&#8211;Manguean language family, Zapotecan language Area: Oaxaca, Mexico Number of speakers: 40 722 (INALI data) Language status: No official status. Vitality &amp; transmission: Considered \u201cendangered\u201d by UNESCO. Sources [&hellip;]\" \/>\n<meta property=\"og:url\" content=\"https:\/\/www.sorosoro.org\/en\/chatino\/\" \/>\n<meta property=\"og:site_name\" content=\"Sorosoro\" \/>\n<meta name=\"twitter:card\" content=\"summary_large_image\" \/>\n<script type=\"application\/ld+json\" class=\"yoast-schema-graph\">{\"@context\":\"https:\/\/schema.org\",\"@graph\":[{\"@type\":\"WebPage\",\"@id\":\"https:\/\/www.sorosoro.org\/en\/chatino\/\",\"url\":\"https:\/\/www.sorosoro.org\/en\/chatino\/\",\"name\":\"Chatino - Sorosoro\",\"isPartOf\":{\"@id\":\"https:\/\/www.sorosoro.org\/en\/#website\"},\"datePublished\":\"2010-07-12T14:54:23+00:00\",\"breadcrumb\":{\"@id\":\"https:\/\/www.sorosoro.org\/en\/chatino\/#breadcrumb\"},\"inLanguage\":\"en-US\",\"potentialAction\":[{\"@type\":\"ReadAction\",\"target\":[\"https:\/\/www.sorosoro.org\/en\/chatino\/\"]}]},{\"@type\":\"BreadcrumbList\",\"@id\":\"https:\/\/www.sorosoro.org\/en\/chatino\/#breadcrumb\",\"itemListElement\":[{\"@type\":\"ListItem\",\"position\":1,\"name\":\"Accueil\",\"item\":\"https:\/\/www.sorosoro.org\/en\/\"},{\"@type\":\"ListItem\",\"position\":2,\"name\":\"Chatino\"}]},{\"@type\":\"WebSite\",\"@id\":\"https:\/\/www.sorosoro.org\/en\/#website\",\"url\":\"https:\/\/www.sorosoro.org\/en\/\",\"name\":\"Sorosoro\",\"description\":\"Pour que vivent les langues du monde !\",\"potentialAction\":[{\"@type\":\"SearchAction\",\"target\":{\"@type\":\"EntryPoint\",\"urlTemplate\":\"https:\/\/www.sorosoro.org\/en\/?s={search_term_string}\"},\"query-input\":{\"@type\":\"PropertyValueSpecification\",\"valueRequired\":true,\"valueName\":\"search_term_string\"}}],\"inLanguage\":\"en-US\"}]}<\/script>\n<!-- \/ Yoast SEO plugin. -->","yoast_head_json":{"title":"Chatino - Sorosoro","robots":{"index":"index","follow":"follow","max-snippet":"max-snippet:-1","max-image-preview":"max-image-preview:large","max-video-preview":"max-video-preview:-1"},"canonical":"https:\/\/www.sorosoro.org\/en\/chatino\/","og_locale":"en_US","og_type":"article","og_title":"Chatino - Sorosoro","og_description":"Data collected by the Latin Union, engaged to promote the cultural heritages of their 37 member states. Data on Chatino: Alternative names: Cha\u2019tnio, Cha\u2019t\u00f1a, Tasa\u2019jnya, Cha\u2019t\u00f1an Classification: Oto&#8211;Manguean language family, Zapotecan language Area: Oaxaca, Mexico Number of speakers: 40 722 (INALI data) Language status: No official status. Vitality &amp; transmission: Considered \u201cendangered\u201d by UNESCO. Sources [&hellip;]","og_url":"https:\/\/www.sorosoro.org\/en\/chatino\/","og_site_name":"Sorosoro","twitter_card":"summary_large_image","schema":{"@context":"https:\/\/schema.org","@graph":[{"@type":"WebPage","@id":"https:\/\/www.sorosoro.org\/en\/chatino\/","url":"https:\/\/www.sorosoro.org\/en\/chatino\/","name":"Chatino - Sorosoro","isPartOf":{"@id":"https:\/\/www.sorosoro.org\/en\/#website"},"datePublished":"2010-07-12T14:54:23+00:00","breadcrumb":{"@id":"https:\/\/www.sorosoro.org\/en\/chatino\/#breadcrumb"},"inLanguage":"en-US","potentialAction":[{"@type":"ReadAction","target":["https:\/\/www.sorosoro.org\/en\/chatino\/"]}]},{"@type":"BreadcrumbList","@id":"https:\/\/www.sorosoro.org\/en\/chatino\/#breadcrumb","itemListElement":[{"@type":"ListItem","position":1,"name":"Accueil","item":"https:\/\/www.sorosoro.org\/en\/"},{"@type":"ListItem","position":2,"name":"Chatino"}]},{"@type":"WebSite","@id":"https:\/\/www.sorosoro.org\/en\/#website","url":"https:\/\/www.sorosoro.org\/en\/","name":"Sorosoro","description":"Pour que vivent les langues du monde !","potentialAction":[{"@type":"SearchAction","target":{"@type":"EntryPoint","urlTemplate":"https:\/\/www.sorosoro.org\/en\/?s={search_term_string}"},"query-input":{"@type":"PropertyValueSpecification","valueRequired":true,"valueName":"search_term_string"}}],"inLanguage":"en-US"}]}},"_links":{"self":[{"href":"https:\/\/www.sorosoro.org\/en\/wp-json\/wp\/v2\/pages\/23326","targetHints":{"allow":["GET"]}}],"collection":[{"href":"https:\/\/www.sorosoro.org\/en\/wp-json\/wp\/v2\/pages"}],"about":[{"href":"https:\/\/www.sorosoro.org\/en\/wp-json\/wp\/v2\/types\/page"}],"author":[{"embeddable":true,"href":"https:\/\/www.sorosoro.org\/en\/wp-json\/wp\/v2\/users\/1"}],"replies":[{"embeddable":true,"href":"https:\/\/www.sorosoro.org\/en\/wp-json\/wp\/v2\/comments?post=23326"}],"version-history":[{"count":0,"href":"https:\/\/www.sorosoro.org\/en\/wp-json\/wp\/v2\/pages\/23326\/revisions"}],"wp:attachment":[{"href":"https:\/\/www.sorosoro.org\/en\/wp-json\/wp\/v2\/media?parent=23326"}],"curies":[{"name":"wp","href":"https:\/\/api.w.org\/{rel}","templated":true}]}}