{"id":22877,"date":"2010-07-06T15:33:16","date_gmt":"2010-07-06T13:33:16","guid":{"rendered":"http:\/\/www.sorosoro.org\/?page_id=22877"},"modified":"2010-07-06T15:36:00","modified_gmt":"2010-07-06T13:36:00","slug":"asturian","status":"publish","type":"page","link":"https:\/\/www.sorosoro.org\/en\/asturian\/","title":{"rendered":"Asturian"},"content":{"rendered":"<p style=\"text-align: justify;\"><em>Data collected by the <a href=\"http:\/\/www.unilat.org\/SG\/index.fr.asp\">Latin Union<\/a>, engaged to promote the cultural heritages of their 37 member states.<\/em><strong> <\/strong><\/p>\n<p style=\"text-align: justify;\"><strong> <\/strong><\/p>\n<h5 style=\"text-align: justify;\"><strong>Data on Asturian:<\/strong><\/h5>\n<p style=\"text-align: justify;\"><strong> <\/strong><\/p>\n<p style=\"text-align: justify;\"><strong> <\/strong><\/p>\n<p style=\"text-align: justify;\"><strong> <\/strong><\/p>\n<p style=\"text-align: justify;\"><strong>Alternative names: <\/strong>Asturiano-leon\u00e9s, Bable, Leon\u00e9s<strong> <\/strong><\/p>\n<p style=\"text-align: justify;\">\n<p style=\"text-align: justify;\"><strong>Classification<\/strong>: <a href=\"https:\/\/www.sorosoro.org\/en\/indo-european-language-family\">Indo-European language family<\/a>, Romance language, variation of Spanish<\/p>\n<p style=\"text-align: justify;\">\n<p style=\"text-align: justify;\"><strong>Area:<\/strong> North and West of the Castilla y L\u00e9on province, Principality of Asturias, border region of Galicia, Terra de Miranda do Douro (Northern Portugal)<\/p>\n<p style=\"text-align: justify;\"><strong> <\/strong><\/p>\n<p style=\"text-align: justify;\">\n<p style=\"text-align: justify;\"><strong>Number of speakers<\/strong>:<\/p>\n<p style=\"text-align: justify;\">SIL estimates 100 000 speakers first-language speakers and 450 000 second-language and passive speakers, according to a 1994 study by Botas. Leclerc (2001) estimates 200 000 speakers. A certain degree of caution is necessary when it comes to assessing positive claims of fluency and usage of Asturian. A 1983 survey estimates 100 000 first-language speakers, and 250 000 people claiming to understand the language, while a 1991 survey estimates 450 000 speakers.<\/p>\n<p style=\"text-align: justify;\"><strong> <\/strong><\/p>\n<p style=\"text-align: justify;\">\n<p style=\"text-align: justify;\"><strong>Language status: <\/strong>No official status.<\/p>\n<p style=\"text-align: justify;\">Asturian is recognized by the Autonomy Statute of Asturias, yet it is not considered an official language, in contrast to other minority languages in Spain. Although the administration that represents the government does not take Asturian into account, the regional government officially recognizes Asturian. A number of campaigns have been publicized in Asturian, and the administration openly accepts texts in Asturian.<\/p>\n<p style=\"text-align: justify;\">Article 4 of the Autonomy Statute:<\/p>\n<p style=\"text-align: justify;\">\u201cThe protection of \u2018Bable\u2019 will be insured. Its usage and its presence in the media and within the school system will be encouraged, all the while respecting regional variations and the willingness to learn, in any given circumstance.\u201d<\/p>\n<p style=\"text-align: justify;\">Article 10 of the Autonomy Statute:<\/p>\n<p style=\"text-align: justify;\">\u201cThe Principality of Asturias is fully responsible for [&#8230;]:<\/p>\n<p style=\"text-align: justify;\">&#8211; the advancement of research and culture, particularly in regards to regional expressions and to the teaching of local culture<\/p>\n<p style=\"text-align: justify;\">&#8211; the development and protection of the different varieties of Bable when used as a \u2018linguistic modality\u2019 within the territory of the Principality of Asturias.\u201d<\/p>\n<p style=\"text-align: justify;\"><strong> <\/strong><\/p>\n<p style=\"text-align: justify;\">\n<p style=\"text-align: justify;\"><strong>Vitality &amp; transmission:<\/strong><\/p>\n<p style=\"text-align: justify;\">UNESCO considers the entire Asturian-Leonese language group to be in danger.<\/p>\n<p style=\"text-align: justify;\"><strong> <\/strong><\/p>\n<p style=\"text-align: justify;\">\n<p style=\"text-align: justify;\"><strong>Media &amp; circulation:<\/strong><\/p>\n<p style=\"text-align: justify;\"><span style=\"text-decoration: underline;\"> <\/span><\/p>\n<p style=\"text-align: justify;\"><span style=\"text-decoration: underline;\">Literature:<\/span><\/p>\n<p style=\"text-align: justify;\"><em>Asturias<\/em> (ethnographic journal)<\/p>\n<p style=\"text-align: justify;\"><em>Cultures<\/em> (cultural journal)<\/p>\n<p style=\"text-align: justify;\"><em>El comercio<\/em> (newspaper that publishes a two-page section in Asturian once a week)<\/p>\n<p style=\"text-align: justify;\"><em>El Fielatu<\/em> (monthly journal)<\/p>\n<p style=\"text-align: justify;\"><em>El Gochu<\/em><\/p>\n<p style=\"text-align: justify;\"><em>El Gomeru<\/em><\/p>\n<p style=\"text-align: justify;\"><em>Krasnia<\/em> (tri-annual publication that edits information in Asturian)<\/p>\n<p style=\"text-align: justify;\"><em>La nueva espa\u00f1a<\/em> (weekly publication that sometimes publishes articles in Asturian)<\/p>\n<p style=\"text-align: justify;\"><em>La Voz de Asturias<\/em> (newspaper containing sections in Asturian)<\/p>\n<p style=\"text-align: justify;\"><em>Les Noticies<\/em> (weekly publications founded in 1996, written entirely in Asturian)<\/p>\n<p style=\"text-align: justify;\">The four Spanish newspapers distributed in Asturias all publish a significant number of articles in Asturian.<\/p>\n<p style=\"text-align: justify;\"><em>Literatura<\/em> (literary journal)<\/p>\n<p style=\"text-align: justify;\"><em>Lleo-lleo, Rede C<\/em> and <em>La B\u00edgara<\/em> (scholastic journals published in Asturian)<\/p>\n<p style=\"text-align: justify;\"><em>Llettres Asturianes<\/em> (literary journal)<\/p>\n<p style=\"text-align: justify;\"><em>Sietestrellu<\/em> (literary journal)<\/p>\n<p style=\"text-align: justify;\"><em>XYZ<\/em> (youth publication)<\/p>\n<p style=\"text-align: justify;\"><em>Zimbru<\/em> (literary journal)<\/p>\n<p style=\"text-align: justify;\"><span style=\"text-decoration: underline;\"> <\/span><\/p>\n<p style=\"text-align: justify;\"><span style=\"text-decoration: underline;\">Media broadcasts:<\/span><\/p>\n<p style=\"text-align: justify;\"><em>Antena Norte<\/em> (radio that broadcasts numerous programmes in Asturian)<\/p>\n<p style=\"text-align: justify;\"><em>Alitar Asturies<\/em><\/p>\n<p style=\"text-align: justify;\"><em>Asturies Cultural<\/em><\/p>\n<p style=\"text-align: justify;\"><em>Asturnews<\/em> (first electronic periodical issued in Asturian)<\/p>\n<p style=\"text-align: justify;\"><em>Cadena S.E.R. XIX<\/em> (broadcasts in Spanish and Asturian)<\/p>\n<p style=\"text-align: justify;\"><em>M-80 Asturias<\/em> (broadcasts 20 hours per week in Spanish and Asturian)<\/p>\n<p style=\"text-align: justify;\"><em>Radio Kras<\/em> (independent radio that broadcasts almost entirely in Asturian)<\/p>\n<p style=\"text-align: justify;\"><em>Radio Langreo<\/em> (broadcasts daily in Spanish and Asturian)<\/p>\n<p style=\"text-align: justify;\"><em>Radio Sele<\/em> (cultural radio that broadcasts entirely in Asturian)<\/p>\n<p style=\"text-align: justify;\"><em>Radio Ser Gijon<\/em> (broadcasts 28 hours per week in Spanish and Asturian)<\/p>\n<p style=\"text-align: justify;\"><em>Revista Asturies<\/em><\/p>\n<p style=\"text-align: justify;\"><em>TLG-Television Local Gijon<\/em> (local Xixon television station that broadcasts 2 hours in Asturian per week)<\/p>\n<p style=\"text-align: justify;\"><em>Uvi\u00e9u-TL<\/em>U (local Oviedo television station that broadcasts around 3 hours in Asturian per week)<\/p>\n<p style=\"text-align: justify;\">\n<p style=\"text-align: justify;\"><span style=\"text-decoration: underline;\">Education:<\/span><\/p>\n<p style=\"text-align: justify;\">Asturian is used as a teaching method in some kindergarten and elementary schools, and can be taken optionally throughout secondary education. Asturian can also be taken as an optional course in higher education and in the Philology Faculty at the University of Oviedo.<\/p>\n<p style=\"text-align: justify;\"><strong> <\/strong><\/p>\n<p style=\"text-align: justify;\">\n<h5 style=\"text-align: justify;\"><strong>Historical observations:<\/strong><\/h5>\n<p style=\"text-align: justify;\">\n<p style=\"text-align: justify;\">Asturian was created by the dialectical fragmentation of Latin. However a substratum of pre-Latin languages, spoken in the area prior to the appearance of Latin, has also influenced Asturian.<\/p>\n<p style=\"text-align: justify;\">Asturian is tied to the history of the Kingdom of Asturias (718-910), which later became the Kingdom of Asturias and Leon.<\/p>\n<ul style=\"text-align: justify;\">\n<li>12<sup>th<\/sup> c.: First      known written text in Asturian.<\/li>\n<li>Asturian exists in a      long-standing situation of diglossia with Latin. However, numerous      official records (wills, contracts, etc) in Asturian have been discovered.<\/li>\n<li>14<sup>th<\/sup> c.: Castilian      is introduced to the region by administrators from the Kingdom of Castile.      Asturian will not be used as a written language for the next two      centuries.<\/li>\n<li>17<sup>th<\/sup> c.: Ant\u00f3n      de Marirreguera initiates a literary tradition that continues today.<\/li>\n<li>18<sup>th<\/sup> c.: The \u201c<em>Xeneracion del Mediu Siglu<\/em>\u201d (\u201cMid-Century      Generation\u201d) develops a collection of poetic works.<\/li>\n<li>18<sup>th<\/sup> &amp; 19<sup>th<\/sup> c.: In parallel to literary productions, a few intellectuals focus on the      Asturian language and contribute to its dissemination.<\/li>\n<li>1887: First Asturian      dialectical monograph by A.W. Munthe, <em>Anteckningar      om folkmalet i en trakt af Vestra Asturien<\/em>, Upsala.<\/li>\n<li>However, the unification      of the country and the implementation of Spanish-language education decrease      the number of speakers, and change the image of the language (which      becomes largely negative).<\/li>\n<li>1936-1970s: Under the      dictatorship established by Franco, Asturian culture is reduced to      folktales.<\/li>\n<li>After the fall of      Francosim, the movement for regional autonomy reaches Asturias, and      Asturian writers and intellectuals attempt to rehabilitate the language.<\/li>\n<li>1970s: Campaigns for      Asturian teaching in school, with posters calling for \u201c<em>Bable nes escueles<\/em>\u201d (\u201cBable in our      schools\u201d).<\/li>\n<li>1973: First General Regional      Assembly of Bable, in Uyi\u00e9u.<\/li>\n<li>1974: Creation of the <em>Conceyu Bable<\/em> (Asturian language      Council).<\/li>\n<li>1980: <em>L\u2019Academia de la Llingua Asturiana<\/em> (Asturian language Academy) is created, that has for objective the      establishment of linguistic standards for the Asturian language.<\/li>\n<li>1981: Autonomous status.<\/li>\n<li>1983: First attempt at      teaching Asturian in a school. The number of schools offering Asturian      teaching continues to grow in the public sector.<\/li>\n<li>1985: Creation of the <em>Servicio de Ense\u00f1anza Ling\u00fcistica<\/em>.<\/li>\n<li>1998: The Asturian      Parliament passes a law to develop Article 4 of the Autonomy Statute. This      law demands that the regional administration accepts documents written in      Asturian and issues responses in Asturian. The law also imposes a toponymy      in Asturian (except for larger cities, which would have a bilingual      toponymy). In addition, according to the law, Asturian will be taught in      schools, except when explicitly refused by parents.<\/li>\n<li>This law provokes a      reaction from the <em>Delegaci\u00f3n del      Gobierno<\/em>, which represents the central Spanish power in Asturias. The      case is taken to trial.<\/li>\n<li> 2002: The city of Miranda      do Douro welcomes the international Ve Colloque on languages and European      legislations, organised by Barcelona\u2019s CIEMEN.<strong> <\/strong><\/li>\n<\/ul>\n<p style=\"text-align: justify;\"><strong> <\/strong><\/p>\n<p style=\"text-align: justify;\">\n<h5 style=\"text-align: justify;\"><strong>Sociolinguistic observations:<\/strong><\/h5>\n<p style=\"text-align: justify;\">\n<p style=\"text-align: justify;\">Within the context of diglossia, Asturian has long been considered on the one hand a simple \u201cdialect\u201d of Spanish (due to the structural similarity between the two languages), and on the other hand a version of \u201cbad Spanish\u201d, which represents a typical reaction that is also apparent in many other regions, in regards to numerous other minority languages.<\/p>\n<p style=\"text-align: justify;\">A change started taking place in the 1980s: various endeavours publicized it, and provided Asturian with a certain amount of legitimacy as a \u201clanguage. A sense of linguistic consciousness was also developed, even though this was not felt by all speakers of Asturian.<br \/>\nHowever, despite gaining in popularity, the number of speakers continues to decrease; for the most part, speakers of Asturian are older, and live in rural areas. Both the rural exodus and the socio-economic crisis in the region have contributed to the neglect of the language.<\/p>\n<p style=\"text-align: justify;\"><strong> <\/strong><\/p>\n<p style=\"text-align: justify;\">\n<h5 style=\"text-align: justify;\"><strong>Sources &amp; additional bibliography:<\/strong><\/h5>\n<p style=\"text-align: justify;\">\n<p style=\"text-align: justify;\">ALVAR, Manuel (dir.) (1996), <em>Manual de dialectologia hisp\u00e0nica. El espa\u00f1ol de Espa\u00f1a<\/em>, Editorial Ariel, Barcelona.<br \/>\nCANO GONZALES, Ana Mar\u00eda (1987), \u201cAveramientu a la hestoria de la llingua asturiana\u201d, in <em>Informe so la llingua asturiana<\/em>, Oviedo, Academia de la Llingua Asturiana, pp. 11-23.<br \/>\nCATALAN, D. (1956), \u201cEl asturiano occidental\u201d, in <em>Romance Philology<\/em>, 10, pp. 71-92 ; 11 (1957), pp. 120-158.<br \/>\nD\u2019ANDRES, Ram\u00f3n (1987), \u201cLa situac\u00edon social de la llingua asturiana\u201d, in <em>Informe so la llingua asturiana<\/em>, Oviedo, Academia de la Llingua Asturiana, pp. 25-44.<br \/>\nLLERA RAMO, F. (1994), <em>Los Asturianos y la llengua asturiana<\/em>, Conseyeria d\u2019Educacion, Uvi\u00e9u (Oviedo).<br \/>\nLECLERC, Jacques (2001), \u201cL\u2019Etat espagnol\u201d, in <em>L\u2019am\u00e9nagement linguistique dans le monde<\/em>, Qu\u00e9bec, TLFQ, Universit\u00e9 Laval.<br \/>\nMARTINEZ ALVAREZ, Josefina (1968), <em>Bable y castellano en el concejo de Oviedo<\/em>, Oviedo.<br \/>\nMARTINEZ ALVAREZ, Josefina (1996), \u201cLas hablas asturianas\u201d, in Manuel Alvar (dir.), <em>Manual de dialectologia hisp\u00e0nica. El espa\u00f1ol de Espa\u00f1a<\/em>, Editorial Ariel, Barcelona, pp. 119-133.<br \/>\nMENENDEZ PIDAL, R.( [1906] 1962), <em>El dialecto leon\u00e9s<\/em>, RABM, pp. 128-172 ; 2a ed., Oviedo, IDEA.<br \/>\nNEIRA, Jesus (1976), El bable, estructura e historia, Oviedo.<br \/>\nRODRIGUEZ-CASTELLANO, L. (1946), <em>La aspiracion de \u201ch\u201d en el oriente de Asturias<\/em>, Oviedo, IDEA.<br \/>\nTOLIVAR ALAS, L. (1988), \u201cNormalizaci\u00f3n ling\u00fc\u00edstica y Estatuto asturiano\u201d, in <em>Lletres Asturianes<\/em>, 31, pp. 7-24.<br \/>\nZAMORA VICENTE, A. (1967), <em>Dialectologia espa\u00f1ola<\/em>, Madrid.<\/p>\n","protected":false},"excerpt":{"rendered":"<p>Data collected by the Latin Union, engaged to promote the cultural heritages of their 37 member states. Data on Asturian: Alternative names: Asturiano-leon\u00e9s, Bable, Leon\u00e9s Classification: Indo-European language family, Romance language, variation of Spanish Area: North and West of the Castilla y L\u00e9on province, Principality of Asturias, border region of Galicia, Terra de Miranda do [&hellip;]<\/p>\n","protected":false},"author":1,"featured_media":0,"parent":0,"menu_order":0,"comment_status":"closed","ping_status":"closed","template":"","meta":{"footnotes":""},"class_list":["post-22877","page","type-page","status-publish","hentry"],"yoast_head":"<!-- This site is optimized with the Yoast SEO plugin v27.0 - https:\/\/yoast.com\/product\/yoast-seo-wordpress\/ -->\n<title>Asturian - Sorosoro<\/title>\n<meta name=\"robots\" content=\"index, follow, max-snippet:-1, max-image-preview:large, max-video-preview:-1\" \/>\n<link rel=\"canonical\" href=\"https:\/\/www.sorosoro.org\/en\/asturian\/\" \/>\n<meta property=\"og:locale\" content=\"en_US\" \/>\n<meta property=\"og:type\" content=\"article\" \/>\n<meta property=\"og:title\" content=\"Asturian - Sorosoro\" \/>\n<meta property=\"og:description\" content=\"Data collected by the Latin Union, engaged to promote the cultural heritages of their 37 member states. Data on Asturian: Alternative names: Asturiano-leon\u00e9s, Bable, Leon\u00e9s Classification: Indo-European language family, Romance language, variation of Spanish Area: North and West of the Castilla y L\u00e9on province, Principality of Asturias, border region of Galicia, Terra de Miranda do [&hellip;]\" \/>\n<meta property=\"og:url\" content=\"https:\/\/www.sorosoro.org\/en\/asturian\/\" \/>\n<meta property=\"og:site_name\" content=\"Sorosoro\" \/>\n<meta property=\"article:modified_time\" content=\"2010-07-06T13:36:00+00:00\" \/>\n<meta name=\"twitter:card\" content=\"summary_large_image\" \/>\n<meta name=\"twitter:label1\" content=\"Est. reading time\" \/>\n\t<meta name=\"twitter:data1\" content=\"7 minutes\" \/>\n<script type=\"application\/ld+json\" class=\"yoast-schema-graph\">{\"@context\":\"https:\/\/schema.org\",\"@graph\":[{\"@type\":\"WebPage\",\"@id\":\"https:\/\/www.sorosoro.org\/en\/asturian\/\",\"url\":\"https:\/\/www.sorosoro.org\/en\/asturian\/\",\"name\":\"Asturian - Sorosoro\",\"isPartOf\":{\"@id\":\"https:\/\/www.sorosoro.org\/en\/#website\"},\"datePublished\":\"2010-07-06T13:33:16+00:00\",\"dateModified\":\"2010-07-06T13:36:00+00:00\",\"breadcrumb\":{\"@id\":\"https:\/\/www.sorosoro.org\/en\/asturian\/#breadcrumb\"},\"inLanguage\":\"en-US\",\"potentialAction\":[{\"@type\":\"ReadAction\",\"target\":[\"https:\/\/www.sorosoro.org\/en\/asturian\/\"]}]},{\"@type\":\"BreadcrumbList\",\"@id\":\"https:\/\/www.sorosoro.org\/en\/asturian\/#breadcrumb\",\"itemListElement\":[{\"@type\":\"ListItem\",\"position\":1,\"name\":\"Accueil\",\"item\":\"https:\/\/www.sorosoro.org\/en\/\"},{\"@type\":\"ListItem\",\"position\":2,\"name\":\"Asturian\"}]},{\"@type\":\"WebSite\",\"@id\":\"https:\/\/www.sorosoro.org\/en\/#website\",\"url\":\"https:\/\/www.sorosoro.org\/en\/\",\"name\":\"Sorosoro\",\"description\":\"Pour que vivent les langues du monde !\",\"potentialAction\":[{\"@type\":\"SearchAction\",\"target\":{\"@type\":\"EntryPoint\",\"urlTemplate\":\"https:\/\/www.sorosoro.org\/en\/?s={search_term_string}\"},\"query-input\":{\"@type\":\"PropertyValueSpecification\",\"valueRequired\":true,\"valueName\":\"search_term_string\"}}],\"inLanguage\":\"en-US\"}]}<\/script>\n<!-- \/ Yoast SEO plugin. -->","yoast_head_json":{"title":"Asturian - Sorosoro","robots":{"index":"index","follow":"follow","max-snippet":"max-snippet:-1","max-image-preview":"max-image-preview:large","max-video-preview":"max-video-preview:-1"},"canonical":"https:\/\/www.sorosoro.org\/en\/asturian\/","og_locale":"en_US","og_type":"article","og_title":"Asturian - Sorosoro","og_description":"Data collected by the Latin Union, engaged to promote the cultural heritages of their 37 member states. Data on Asturian: Alternative names: Asturiano-leon\u00e9s, Bable, Leon\u00e9s Classification: Indo-European language family, Romance language, variation of Spanish Area: North and West of the Castilla y L\u00e9on province, Principality of Asturias, border region of Galicia, Terra de Miranda do [&hellip;]","og_url":"https:\/\/www.sorosoro.org\/en\/asturian\/","og_site_name":"Sorosoro","article_modified_time":"2010-07-06T13:36:00+00:00","twitter_card":"summary_large_image","twitter_misc":{"Est. reading time":"7 minutes"},"schema":{"@context":"https:\/\/schema.org","@graph":[{"@type":"WebPage","@id":"https:\/\/www.sorosoro.org\/en\/asturian\/","url":"https:\/\/www.sorosoro.org\/en\/asturian\/","name":"Asturian - Sorosoro","isPartOf":{"@id":"https:\/\/www.sorosoro.org\/en\/#website"},"datePublished":"2010-07-06T13:33:16+00:00","dateModified":"2010-07-06T13:36:00+00:00","breadcrumb":{"@id":"https:\/\/www.sorosoro.org\/en\/asturian\/#breadcrumb"},"inLanguage":"en-US","potentialAction":[{"@type":"ReadAction","target":["https:\/\/www.sorosoro.org\/en\/asturian\/"]}]},{"@type":"BreadcrumbList","@id":"https:\/\/www.sorosoro.org\/en\/asturian\/#breadcrumb","itemListElement":[{"@type":"ListItem","position":1,"name":"Accueil","item":"https:\/\/www.sorosoro.org\/en\/"},{"@type":"ListItem","position":2,"name":"Asturian"}]},{"@type":"WebSite","@id":"https:\/\/www.sorosoro.org\/en\/#website","url":"https:\/\/www.sorosoro.org\/en\/","name":"Sorosoro","description":"Pour que vivent les langues du monde !","potentialAction":[{"@type":"SearchAction","target":{"@type":"EntryPoint","urlTemplate":"https:\/\/www.sorosoro.org\/en\/?s={search_term_string}"},"query-input":{"@type":"PropertyValueSpecification","valueRequired":true,"valueName":"search_term_string"}}],"inLanguage":"en-US"}]}},"_links":{"self":[{"href":"https:\/\/www.sorosoro.org\/en\/wp-json\/wp\/v2\/pages\/22877","targetHints":{"allow":["GET"]}}],"collection":[{"href":"https:\/\/www.sorosoro.org\/en\/wp-json\/wp\/v2\/pages"}],"about":[{"href":"https:\/\/www.sorosoro.org\/en\/wp-json\/wp\/v2\/types\/page"}],"author":[{"embeddable":true,"href":"https:\/\/www.sorosoro.org\/en\/wp-json\/wp\/v2\/users\/1"}],"replies":[{"embeddable":true,"href":"https:\/\/www.sorosoro.org\/en\/wp-json\/wp\/v2\/comments?post=22877"}],"version-history":[{"count":0,"href":"https:\/\/www.sorosoro.org\/en\/wp-json\/wp\/v2\/pages\/22877\/revisions"}],"wp:attachment":[{"href":"https:\/\/www.sorosoro.org\/en\/wp-json\/wp\/v2\/media?parent=22877"}],"curies":[{"name":"wp","href":"https:\/\/api.w.org\/{rel}","templated":true}]}}