{"id":22759,"date":"2010-07-05T15:13:09","date_gmt":"2010-07-05T13:13:09","guid":{"rendered":"http:\/\/www.sorosoro.org\/?page_id=22759"},"modified":"2010-07-05T15:29:05","modified_gmt":"2010-07-05T13:29:05","slug":"aragonese","status":"publish","type":"page","link":"https:\/\/www.sorosoro.org\/en\/aragonese\/","title":{"rendered":"Aragonese"},"content":{"rendered":"<p style=\"text-align: justify;\"><em>Data gathered by <\/em><em><a href=\"http:\/\/www.portalingua.info\/\">portalingua.info<\/a><\/em><em>, the Latin Union website.<\/em><\/p>\n<p style=\"text-align: justify;\"><strong> <\/strong><\/p>\n<h5 style=\"text-align: justify;\"><strong>Data on Aragonese<\/strong><\/h5>\n<p><strong><br \/>\n<\/strong><\/p>\n<p style=\"text-align: justify;\"><strong>Alternative names:<\/strong> fabla, patu\u00e9s<\/p>\n<p style=\"text-align: justify;\">\n<p style=\"text-align: justify;\"><strong>Classification: <\/strong><a href=\"http:\/\/www.sorosoro.org\/famille-des-langues-indo-europeennes\">Indo-European language family<\/a>, Romance language, variation of Spanish<\/p>\n<p style=\"text-align: justify;\">\n<p><strong>Area:<\/strong> Autonomous Community of Aragon<\/p>\n<p style=\"text-align: justify;\">\n<p style=\"text-align: justify;\"><strong>Number of speakers<\/strong>: 30 000<\/p>\n<p style=\"text-align: justify;\">Leclerc (2001) estimates between 11 000 and 30 000 speakers. SIL data agrees with Leclerc\u2019s estimate, and specifies 11 000 active speakers, as well as 20 000 speakers whose second language is Aragonese. The SIL data is based on a census provided by the Council of the Aragonese Language. The website redaragon.com mentions 12 000 active speakers and 40 000 passive speakers. The website Mercator estimates exactly 11 824 speakers, according to a source from 1981.<\/p>\n<p style=\"text-align: justify;\">\n<p style=\"text-align: justify;\"><strong>Language status<\/strong>: Almost non-existent in institutions.<\/p>\n<p style=\"text-align: justify;\">\n<p style=\"text-align: justify;\"><strong>Vitality &amp; transmission:<\/strong><\/p>\n<p style=\"text-align: justify;\">UNESCO considers Aragonese to be in danger.<\/p>\n<p style=\"text-align: justify;\">\n<p style=\"text-align: justify;\"><strong>Media sources:<\/strong><\/p>\n<p style=\"text-align: justify;\">At least five magazines<\/p>\n<p style=\"text-align: justify;\">Broadcasts on Catalunya Cultura and Radio Huesca (30 mins\u00a0\/week)<\/p>\n<p style=\"text-align: justify;\">A few books are published in Aragonese every year.<\/p>\n<p style=\"text-align: justify;\">\n<p style=\"text-align: justify;\"><strong>Education:<\/strong><\/p>\n<p style=\"text-align: justify;\">Optional extra-curricular subject, only taught in a select number of cities.<\/p>\n<h5 style=\"text-align: justify;\"><strong>Historical observations<\/strong><\/h5>\n<p style=\"text-align: justify;\">976 : \u00ab\u00a0Glosas Emilianenses\u00a0\u00bb, first written material containing references to forms of Aragonese.<\/p>\n<p style=\"text-align: justify;\">10th c.: Aragonese survives the Arabe invasion, but its development is blocked by the explosion of neighbouring Castilian.<\/p>\n<p style=\"text-align: justify;\">1194-1211 : \u00ab\u00a0Liber Regum\u00a0\u00bb, anonymous work containing traces of Aragonese.<\/p>\n<p style=\"text-align: justify;\">1205 : \u00ab\u00a0Razon feita d\u2019amor\u00a0\u00bb, anonymous lyrical poetry containing Aragonese words.<\/p>\n<p style=\"text-align: justify;\">1247 : Huesca Vidal de Canellas (bishop), \u00ab\u00a0Compilaci\u00f3n de Huesca\u00a0\u00bb et \u00ab\u00a0Vidal Mayor\u00a0\u00bb.<\/p>\n<p style=\"text-align: justify;\">14th c.: \u00ab\u00a0Cronica de San Juan de la Pe\u00f1a\u00a0\u00bb and works by Juan Fern\u00e0ndez de Heredia (1310-1396) in Aragonese: \u00ab\u00a0La Grant Cronica d\u2019Espanya\u00a0\u00bb, \u00ab\u00a0La Cronica de los Conqueridores\u00a0\u00bb.<\/p>\n<p style=\"text-align: justify;\">However, literary works are heavily influenced by Castilian at a very early stage, as are all official documents from the fifteenth century onwards.<\/p>\n<p style=\"text-align: justify;\">1412: The Castilian dynasty of the Trast\u00e0mara settles in Aragon, and contributes to the spread of Castilian. The wealthy and educated elite are \u00ab\u00a0castlianised\u00a0\u00bb, while the common people continue to speak Aragonese. 17th c.: Some writers, such as \u00ab\u00a0el Vicario de Cari\u00f1ena\u00a0\u00bb and Ana Abarca de Bolea, choose to make Aragonese an artistic language.<\/p>\n<p style=\"text-align: justify;\">18th c.: Aragonese is preserved in the North of Aragon. At this time, popular theater productions (called \u00ab\u00a0pastoradas\u00a0\u00bb) flourish.<\/p>\n<p style=\"text-align: justify;\">20th c.: While the usage of the language largely decreased, a few authors nevertheless choose to write in Aragonese: Domingo Miral, Cleto Torrodellas, Leonardo Escalona, Veremundo M\u00e9ndez, Pedro Arnal, Tonon de Baldomera, Jos\u00e9 Gracia, Nieus Luzia Dueso.<\/p>\n<p style=\"text-align: justify;\">In the 1970s, a literary movement promotes the emergence of a standard Aragonese, with the help of authors such as Anchel Conte Eduardo Vicente de Vera and Inazio Almud\u00e9bar. These authors draw from a shared written form (outlined in 1974) and from a grammatical system (1977).<\/p>\n<p style=\"text-align: justify;\">1987 : First Congress on the standardization of Aragonese.<\/p>\n<p style=\"text-align: justify;\">\n<h5 style=\"text-align: justify;\"><strong>Sociolinguistic observations<\/strong><\/h5>\n<p style=\"text-align: justify;\">The classification of Aragonese varies between \u00ablanguage\u00bb and \u00abdialect\u00bb. For many speakers, Aragonese is nothing more than badly spoken Spanish. This type of perception is a recurrent phenomenon whenever a regional or minority language exists alongside a prestigious standard language that resembles it typologically. Thus Campbell (2000) considers Aragonese to be a \u00ab\u00a0dying dialect\u00a0\u00bb of Spanish.<\/p>\n<p style=\"text-align: justify;\">The linguistic awareness of Aragonese speakers has traditionally been weak, but it has grown over the 20th century, thanks to the \u00ab\u00a0re-discovery\u00a0\u00bb of Aragonese in linguistic studies, and thanks to young militants fighting for its preservation.<\/p>\n<p style=\"text-align: justify;\">\n<h5 style=\"text-align: justify;\"><strong>Sources &amp; Additional bibliography:<\/strong><\/h5>\n<p style=\"text-align: justify;\">ALCARAZ, Ramos M. (1999), El pluralismo ling\u00fc\u00edstico en la Constituci\u00f3n Espa\u00f1ola, Madrid, Congreso de los Diputados. ALVAR, Manuel (1953), El dialecto aragon\u00e9s, Madrid.<\/p>\n<p style=\"text-align: justify;\">ALVAR, Manuel (1973), Estudios sobre el dialecto aragon\u00e9s, Zaragoza.<\/p>\n<p style=\"text-align: justify;\">ALVAR, Manuel et al. (1979-1983), Atlas Ling\u00fcistico y Etnografico de Aragon, Navarra y Rioja, Madrid, 12 volumenes.<\/p>\n<p style=\"text-align: justify;\">ALVAR, Manuel (1996), \u00ab\u00a0Aragon\u00e9s\u00a0\u00bb, in Manuel Alvar (dir.), Manual de dialectologia hisp\u00e0nica. El espa\u00f1ol de Espa\u00f1a, Editorial Ariel, Barcelona, pp. 263-292.<\/p>\n<p style=\"text-align: justify;\">CAMPBELL, George L. (2000), Compendium of the World\u2019s Languages, Routledge, London &amp; New York, 1st ed. 1991, 2 vols.<\/p>\n<p style=\"text-align: justify;\">GARCIA DE DIEGO (1918), Caracteres fundamentales del dialecto aragon\u00e9s, Zaragoza.<\/p>\n<p style=\"text-align: justify;\">LECLERC, Jacques (2001), \u00ab\u00a0L\u2019Etat espagnol\u00a0\u00bb dans L\u2019am\u00e9nagement linguistique dans le monde, Qu\u00e9bec, TLFQ, Universit\u00e9 Laval.<\/p>\n<p style=\"text-align: justify;\">UMPHREY (1913), The Aragonese Dialect, Seattle.<\/p>\n<p style=\"text-align: justify;\">WALTER, Henriette (1994), L\u2019aventure des langues en Occident, Laffont.<\/p>\n<p style=\"text-align: justify;\">ZAMORA VICENTE, Alonso (1985), Dialectologia espa\u00f1ola, Madrid, Gredos, 1ere \u00e9d. 1960.<\/p>\n<p style=\"text-align: justify;\">\n<h5 style=\"text-align: justify;\">Links :<\/h5>\n<p style=\"text-align: justify;\">\u00ab\u00a0Aragon\u00e9s\u00a0\u00bb: <a href=\"http:\/\/www.redaragon.com\/sociedad\/otraslenguas\">http:\/\/www.redaragon.com\/sociedad\/otraslenguas<\/a><\/p>\n<p style=\"text-align: justify;\">Ethnologue Spain<a href=\"http:\/\/www.sil.org\/ethnologue\/countries\/Spai.html#AXX\">: http:\/\/www.sil.org\/ethnologue\/countries\/Spai.html#AXX<\/a><\/p>\n<p style=\"text-align: justify;\">Mercator Legislaci\u00f3: <a href=\"http:\/\/www.ciemen.org\/mercator\/ll2.htm\">http:\/\/www.ciemen.org\/<\/a><\/p>\n<p style=\"text-align: justify;\">Aragonese school of Zaragoza \u2013 Nogar\u00e1 Association: <a href=\"http:\/\/wzar.unizar.es\/\">http:\/\/wzar.unizar.es\/<\/a><\/p>\n<p style=\"text-align: justify;\">\n<p style=\"text-align: justify;\"><em><br \/>\n<\/em><em> <\/em><\/p>\n","protected":false},"excerpt":{"rendered":"<p>Data gathered by portalingua.info, the Latin Union website. Data on Aragonese Alternative names: fabla, patu\u00e9s Classification: Indo-European language family, Romance language, variation of Spanish Area: Autonomous Community of Aragon Number of speakers: 30 000 Leclerc (2001) estimates between 11 000 and 30 000 speakers. SIL data agrees with Leclerc\u2019s estimate, and specifies 11 000 active [&hellip;]<\/p>\n","protected":false},"author":12,"featured_media":0,"parent":0,"menu_order":0,"comment_status":"closed","ping_status":"closed","template":"","meta":{"footnotes":""},"class_list":["post-22759","page","type-page","status-publish","hentry"],"yoast_head":"<!-- This site is optimized with the Yoast SEO plugin v27.0 - https:\/\/yoast.com\/product\/yoast-seo-wordpress\/ -->\n<title>Aragonese - Sorosoro<\/title>\n<meta name=\"robots\" content=\"index, follow, max-snippet:-1, max-image-preview:large, max-video-preview:-1\" \/>\n<link rel=\"canonical\" href=\"https:\/\/www.sorosoro.org\/en\/aragonese\/\" \/>\n<meta property=\"og:locale\" content=\"en_US\" \/>\n<meta property=\"og:type\" content=\"article\" \/>\n<meta property=\"og:title\" content=\"Aragonese - Sorosoro\" \/>\n<meta property=\"og:description\" content=\"Data gathered by portalingua.info, the Latin Union website. Data on Aragonese Alternative names: fabla, patu\u00e9s Classification: Indo-European language family, Romance language, variation of Spanish Area: Autonomous Community of Aragon Number of speakers: 30 000 Leclerc (2001) estimates between 11 000 and 30 000 speakers. SIL data agrees with Leclerc\u2019s estimate, and specifies 11 000 active [&hellip;]\" \/>\n<meta property=\"og:url\" content=\"https:\/\/www.sorosoro.org\/en\/aragonese\/\" \/>\n<meta property=\"og:site_name\" content=\"Sorosoro\" \/>\n<meta property=\"article:modified_time\" content=\"2010-07-05T13:29:05+00:00\" \/>\n<meta name=\"twitter:card\" content=\"summary_large_image\" \/>\n<meta name=\"twitter:label1\" content=\"Est. reading time\" \/>\n\t<meta name=\"twitter:data1\" content=\"4 minutes\" \/>\n<script type=\"application\/ld+json\" class=\"yoast-schema-graph\">{\"@context\":\"https:\/\/schema.org\",\"@graph\":[{\"@type\":\"WebPage\",\"@id\":\"https:\/\/www.sorosoro.org\/en\/aragonese\/\",\"url\":\"https:\/\/www.sorosoro.org\/en\/aragonese\/\",\"name\":\"Aragonese - Sorosoro\",\"isPartOf\":{\"@id\":\"https:\/\/www.sorosoro.org\/en\/#website\"},\"datePublished\":\"2010-07-05T13:13:09+00:00\",\"dateModified\":\"2010-07-05T13:29:05+00:00\",\"breadcrumb\":{\"@id\":\"https:\/\/www.sorosoro.org\/en\/aragonese\/#breadcrumb\"},\"inLanguage\":\"en-US\",\"potentialAction\":[{\"@type\":\"ReadAction\",\"target\":[\"https:\/\/www.sorosoro.org\/en\/aragonese\/\"]}]},{\"@type\":\"BreadcrumbList\",\"@id\":\"https:\/\/www.sorosoro.org\/en\/aragonese\/#breadcrumb\",\"itemListElement\":[{\"@type\":\"ListItem\",\"position\":1,\"name\":\"Accueil\",\"item\":\"https:\/\/www.sorosoro.org\/en\/\"},{\"@type\":\"ListItem\",\"position\":2,\"name\":\"Aragonese\"}]},{\"@type\":\"WebSite\",\"@id\":\"https:\/\/www.sorosoro.org\/en\/#website\",\"url\":\"https:\/\/www.sorosoro.org\/en\/\",\"name\":\"Sorosoro\",\"description\":\"Pour que vivent les langues du monde !\",\"potentialAction\":[{\"@type\":\"SearchAction\",\"target\":{\"@type\":\"EntryPoint\",\"urlTemplate\":\"https:\/\/www.sorosoro.org\/en\/?s={search_term_string}\"},\"query-input\":{\"@type\":\"PropertyValueSpecification\",\"valueRequired\":true,\"valueName\":\"search_term_string\"}}],\"inLanguage\":\"en-US\"}]}<\/script>\n<!-- \/ Yoast SEO plugin. -->","yoast_head_json":{"title":"Aragonese - Sorosoro","robots":{"index":"index","follow":"follow","max-snippet":"max-snippet:-1","max-image-preview":"max-image-preview:large","max-video-preview":"max-video-preview:-1"},"canonical":"https:\/\/www.sorosoro.org\/en\/aragonese\/","og_locale":"en_US","og_type":"article","og_title":"Aragonese - Sorosoro","og_description":"Data gathered by portalingua.info, the Latin Union website. Data on Aragonese Alternative names: fabla, patu\u00e9s Classification: Indo-European language family, Romance language, variation of Spanish Area: Autonomous Community of Aragon Number of speakers: 30 000 Leclerc (2001) estimates between 11 000 and 30 000 speakers. SIL data agrees with Leclerc\u2019s estimate, and specifies 11 000 active [&hellip;]","og_url":"https:\/\/www.sorosoro.org\/en\/aragonese\/","og_site_name":"Sorosoro","article_modified_time":"2010-07-05T13:29:05+00:00","twitter_card":"summary_large_image","twitter_misc":{"Est. reading time":"4 minutes"},"schema":{"@context":"https:\/\/schema.org","@graph":[{"@type":"WebPage","@id":"https:\/\/www.sorosoro.org\/en\/aragonese\/","url":"https:\/\/www.sorosoro.org\/en\/aragonese\/","name":"Aragonese - Sorosoro","isPartOf":{"@id":"https:\/\/www.sorosoro.org\/en\/#website"},"datePublished":"2010-07-05T13:13:09+00:00","dateModified":"2010-07-05T13:29:05+00:00","breadcrumb":{"@id":"https:\/\/www.sorosoro.org\/en\/aragonese\/#breadcrumb"},"inLanguage":"en-US","potentialAction":[{"@type":"ReadAction","target":["https:\/\/www.sorosoro.org\/en\/aragonese\/"]}]},{"@type":"BreadcrumbList","@id":"https:\/\/www.sorosoro.org\/en\/aragonese\/#breadcrumb","itemListElement":[{"@type":"ListItem","position":1,"name":"Accueil","item":"https:\/\/www.sorosoro.org\/en\/"},{"@type":"ListItem","position":2,"name":"Aragonese"}]},{"@type":"WebSite","@id":"https:\/\/www.sorosoro.org\/en\/#website","url":"https:\/\/www.sorosoro.org\/en\/","name":"Sorosoro","description":"Pour que vivent les langues du monde !","potentialAction":[{"@type":"SearchAction","target":{"@type":"EntryPoint","urlTemplate":"https:\/\/www.sorosoro.org\/en\/?s={search_term_string}"},"query-input":{"@type":"PropertyValueSpecification","valueRequired":true,"valueName":"search_term_string"}}],"inLanguage":"en-US"}]}},"_links":{"self":[{"href":"https:\/\/www.sorosoro.org\/en\/wp-json\/wp\/v2\/pages\/22759","targetHints":{"allow":["GET"]}}],"collection":[{"href":"https:\/\/www.sorosoro.org\/en\/wp-json\/wp\/v2\/pages"}],"about":[{"href":"https:\/\/www.sorosoro.org\/en\/wp-json\/wp\/v2\/types\/page"}],"author":[{"embeddable":true,"href":"https:\/\/www.sorosoro.org\/en\/wp-json\/wp\/v2\/users\/12"}],"replies":[{"embeddable":true,"href":"https:\/\/www.sorosoro.org\/en\/wp-json\/wp\/v2\/comments?post=22759"}],"version-history":[{"count":0,"href":"https:\/\/www.sorosoro.org\/en\/wp-json\/wp\/v2\/pages\/22759\/revisions"}],"wp:attachment":[{"href":"https:\/\/www.sorosoro.org\/en\/wp-json\/wp\/v2\/media?parent=22759"}],"curies":[{"name":"wp","href":"https:\/\/api.w.org\/{rel}","templated":true}]}}