{"id":17542,"date":"2010-04-26T12:08:45","date_gmt":"2010-04-26T10:08:45","guid":{"rendered":"http:\/\/www.sorosoro.org\/?page_id=17542"},"modified":"2010-04-26T12:08:45","modified_gmt":"2010-04-26T10:08:45","slug":"jabuti-language-family","status":"publish","type":"page","link":"https:\/\/www.sorosoro.org\/en\/jabuti-language-family\/","title":{"rendered":"Jabuti language family"},"content":{"rendered":"<p style=\"text-align: justify;\"><strong><br \/>\n<\/strong><\/p>\n<p style=\"text-align: justify;\"><strong> <\/strong><\/p>\n<h5 style=\"text-align: justify;\"><strong>Where are the Jabuti languages spoken?<\/strong><\/h5>\n<p style=\"text-align: justify;\">\n<p style=\"text-align: justify;\">These languages are spoken in the state of Rond\u00f4nia, Brazil.<\/p>\n<p style=\"text-align: justify;\">\n<h5 style=\"text-align: justify;\"><strong>Total number of speakers (estimates)<\/strong><\/h5>\n<p style=\"text-align: justify;\"><strong> <\/strong><\/p>\n<p style=\"text-align: justify;\">Around 30 according to the UNESCO<\/p>\n<p style=\"text-align: justify;\">\n<h5 style=\"text-align: justify;\"><strong>Classification<\/strong><\/h5>\n<p style=\"text-align: justify;\">\n<p style=\"text-align: justify;\">The Jabuti language family counts 2 active languages<\/p>\n<p style=\"text-align: justify;\">\n<p style=\"padding-left: 60px; text-align: justify;\"><strong>Arikap\u00fa<\/strong>: 2 speakers according to the UNESCO; Van der Voort reports the death of one of them in 2009.<\/p>\n<p style=\"padding-left: 60px; text-align: justify;\">\n<p style=\"padding-left: 60px; text-align: justify;\"><strong>Djeoromitxi<\/strong> (alternative name: <em>Jabuti<\/em>): 30 speakers according to the UNESCO<\/p>\n<p style=\"text-align: justify;\">\n<h5 style=\"text-align: justify;\"><strong>Notes on the Jabuti language classification<\/strong><\/h5>\n<p style=\"text-align: justify;\">\n<p style=\"text-align: justify;\">We hereby follow Campbell\u2019s classification (1997).<\/p>\n<p style=\"text-align: justify;\">\n<p style=\"text-align: justify;\">However, our classification may soon evolve, as it appears that these languages are to be assimilated to the Macro-J\u00ea family, according to Van der Voort (see sources below). This family can no longer be presented as isolated and independent.<\/p>\n<p style=\"text-align: justify;\"><strong> <\/strong><\/p>\n<h5 style=\"text-align: justify;\"><strong>Are the Jabuti languages endangered?<\/strong><\/h5>\n<p style=\"text-align: justify;\">\n<p style=\"text-align: justify;\">Yes, both of them are about to be extinct.<\/p>\n<p style=\"text-align: justify;\">\n<h5 style=\"text-align: justify;\"><strong>Sources<\/strong><\/h5>\n<p style=\"text-align: justify;\"><strong> <\/strong><\/p>\n<p style=\"text-align: justify;\">Campbell, Lyle. <em>American Indian languages: the historical linguistics of Native America<\/em>. Oxford: Oxford University Press (1997).<\/p>\n<p style=\"text-align: justify;\">\n<p style=\"text-align: justify;\">Ribeiro, Eduardo &amp; Hein van der Voort (2005). \u201c<em>A inclus\u00e3o das l\u00ednguas Jabuti de Rond\u00f4nia no tronco Macro-J\u00ea<\/em>\u201d , presentation at the conference IV Encontro Internacional sobre L\u00ednguas e Culturas Macro-J\u00ea, 3 \u2013 5 November 2005, Recife, Pernambuco, Brazil.<\/p>\n<p style=\"text-align: justify;\">\n<p style=\"text-align: justify;\">Van der Voort, Hein (2007). \u201c<em>Proto-Jabut\u00ed: um primeiro passo na reconstru\u00e7\u00e3o da l\u00edngua ancestral dos Arikap\u00fa e Djeoromitx\u00ed<\/em>\u201d , in: <em>Boletim do Museu Paraense Em\u00edlio Goeldi<\/em> (Ci\u00eancias humanas) 2\/2:133-168.<\/p>\n<p style=\"text-align: justify;\">\n<p style=\"text-align: justify;\"><a href=\"http:\/\/marte.museu-goeldi.br\/seer\/index.php\/boletimhumanas\/article\/viewFile\/105\/134\">http:\/\/marte.museu-goeldi.br\/seer\/index.php\/boletimhumanas\/article\/viewFile\/105\/134<\/a><\/p>\n<p style=\"text-align: justify;\">\n<p style=\"text-align: justify;\">Van der Voort, Hein (2008) \u201c<em>Arikap\u00fa<\/em>\u201d , in: <em>Encyclopedia Indigenous peoples in Brazil. Fany Pantaleoni Ricardo<\/em> (ed.), S\u00e3o Paulo: Instituto Socioambiental.<\/p>\n<p style=\"text-align: justify;\">\n<p style=\"text-align: justify;\"><a href=\"http:\/\/pib.socioambiental.org\/en\/povo\/arikapu\">http:\/\/pib.socioambiental.org\/en\/povo\/arikapu<\/a><\/p>\n<p style=\"text-align: justify;\">\n<p style=\"text-align: justify;\">Van der Voort, Hein (2008). \u201c<em>Djeoromitx\u00ed<\/em>\u201d, in: <em>Encyclopedia Indigenous peoples in Brazil. <\/em><em>Fany Pantaleoni Ricardo<\/em> (ed.),S\u00e3o Paulo: Instituto Socioambiental.<\/p>\n<p style=\"text-align: justify;\">\n<p style=\"text-align: justify;\"><a href=\"http:\/\/pib.socioambiental.org\/en\/povo\/djeoromitxi\">http:\/\/pib.socioambiental.org\/en\/povo\/djeoromitxi<\/a><\/p>\n<p style=\"text-align: justify;\">\n<p style=\"text-align: justify;\">Eduardo Ribeiro &amp; Hein van der Voort (2010) \u201c<em>Nimuendaj\u00fa was right: The inclusion of the Jabuti language family in the Macro-J\u00ea stock<\/em>\u201d, International Journal of American Linguistics, 76\/4.<\/p>\n<p style=\"text-align: justify;\"><strong> <\/strong><\/p>\n<p style=\"text-align: justify;\"><strong> <\/strong><\/p>\n","protected":false},"excerpt":{"rendered":"<p>Where are the Jabuti languages spoken? These languages are spoken in the state of Rond\u00f4nia, Brazil. Total number of speakers (estimates) Around 30 according to the UNESCO Classification The Jabuti language family counts 2 active languages Arikap\u00fa: 2 speakers according to the UNESCO; Van der Voort reports the death of one of them in 2009. [&hellip;]<\/p>\n","protected":false},"author":12,"featured_media":0,"parent":0,"menu_order":0,"comment_status":"closed","ping_status":"open","template":"","meta":{"footnotes":""},"class_list":["post-17542","page","type-page","status-publish","hentry"],"yoast_head":"<!-- This site is optimized with the Yoast SEO plugin v27.0 - https:\/\/yoast.com\/product\/yoast-seo-wordpress\/ -->\n<title>Jabuti language family - Sorosoro<\/title>\n<meta name=\"robots\" content=\"index, follow, max-snippet:-1, max-image-preview:large, max-video-preview:-1\" \/>\n<link rel=\"canonical\" href=\"https:\/\/www.sorosoro.org\/en\/jabuti-language-family\/\" \/>\n<meta property=\"og:locale\" content=\"en_US\" \/>\n<meta property=\"og:type\" content=\"article\" \/>\n<meta property=\"og:title\" content=\"Jabuti language family - Sorosoro\" \/>\n<meta property=\"og:description\" content=\"Where are the Jabuti languages spoken? These languages are spoken in the state of Rond\u00f4nia, Brazil. Total number of speakers (estimates) Around 30 according to the UNESCO Classification The Jabuti language family counts 2 active languages Arikap\u00fa: 2 speakers according to the UNESCO; Van der Voort reports the death of one of them in 2009. [&hellip;]\" \/>\n<meta property=\"og:url\" content=\"https:\/\/www.sorosoro.org\/en\/jabuti-language-family\/\" \/>\n<meta property=\"og:site_name\" content=\"Sorosoro\" \/>\n<meta name=\"twitter:card\" content=\"summary_large_image\" \/>\n<meta name=\"twitter:label1\" content=\"Est. reading time\" \/>\n\t<meta name=\"twitter:data1\" content=\"2 minutes\" \/>\n<script type=\"application\/ld+json\" class=\"yoast-schema-graph\">{\"@context\":\"https:\/\/schema.org\",\"@graph\":[{\"@type\":\"WebPage\",\"@id\":\"https:\/\/www.sorosoro.org\/en\/jabuti-language-family\/\",\"url\":\"https:\/\/www.sorosoro.org\/en\/jabuti-language-family\/\",\"name\":\"Jabuti language family - Sorosoro\",\"isPartOf\":{\"@id\":\"https:\/\/www.sorosoro.org\/en\/#website\"},\"datePublished\":\"2010-04-26T10:08:45+00:00\",\"breadcrumb\":{\"@id\":\"https:\/\/www.sorosoro.org\/en\/jabuti-language-family\/#breadcrumb\"},\"inLanguage\":\"en-US\",\"potentialAction\":[{\"@type\":\"ReadAction\",\"target\":[\"https:\/\/www.sorosoro.org\/en\/jabuti-language-family\/\"]}]},{\"@type\":\"BreadcrumbList\",\"@id\":\"https:\/\/www.sorosoro.org\/en\/jabuti-language-family\/#breadcrumb\",\"itemListElement\":[{\"@type\":\"ListItem\",\"position\":1,\"name\":\"Accueil\",\"item\":\"https:\/\/www.sorosoro.org\/en\/\"},{\"@type\":\"ListItem\",\"position\":2,\"name\":\"Jabuti language family\"}]},{\"@type\":\"WebSite\",\"@id\":\"https:\/\/www.sorosoro.org\/en\/#website\",\"url\":\"https:\/\/www.sorosoro.org\/en\/\",\"name\":\"Sorosoro\",\"description\":\"Pour que vivent les langues du monde !\",\"potentialAction\":[{\"@type\":\"SearchAction\",\"target\":{\"@type\":\"EntryPoint\",\"urlTemplate\":\"https:\/\/www.sorosoro.org\/en\/?s={search_term_string}\"},\"query-input\":{\"@type\":\"PropertyValueSpecification\",\"valueRequired\":true,\"valueName\":\"search_term_string\"}}],\"inLanguage\":\"en-US\"}]}<\/script>\n<!-- \/ Yoast SEO plugin. -->","yoast_head_json":{"title":"Jabuti language family - Sorosoro","robots":{"index":"index","follow":"follow","max-snippet":"max-snippet:-1","max-image-preview":"max-image-preview:large","max-video-preview":"max-video-preview:-1"},"canonical":"https:\/\/www.sorosoro.org\/en\/jabuti-language-family\/","og_locale":"en_US","og_type":"article","og_title":"Jabuti language family - Sorosoro","og_description":"Where are the Jabuti languages spoken? These languages are spoken in the state of Rond\u00f4nia, Brazil. Total number of speakers (estimates) Around 30 according to the UNESCO Classification The Jabuti language family counts 2 active languages Arikap\u00fa: 2 speakers according to the UNESCO; Van der Voort reports the death of one of them in 2009. [&hellip;]","og_url":"https:\/\/www.sorosoro.org\/en\/jabuti-language-family\/","og_site_name":"Sorosoro","twitter_card":"summary_large_image","twitter_misc":{"Est. reading time":"2 minutes"},"schema":{"@context":"https:\/\/schema.org","@graph":[{"@type":"WebPage","@id":"https:\/\/www.sorosoro.org\/en\/jabuti-language-family\/","url":"https:\/\/www.sorosoro.org\/en\/jabuti-language-family\/","name":"Jabuti language family - Sorosoro","isPartOf":{"@id":"https:\/\/www.sorosoro.org\/en\/#website"},"datePublished":"2010-04-26T10:08:45+00:00","breadcrumb":{"@id":"https:\/\/www.sorosoro.org\/en\/jabuti-language-family\/#breadcrumb"},"inLanguage":"en-US","potentialAction":[{"@type":"ReadAction","target":["https:\/\/www.sorosoro.org\/en\/jabuti-language-family\/"]}]},{"@type":"BreadcrumbList","@id":"https:\/\/www.sorosoro.org\/en\/jabuti-language-family\/#breadcrumb","itemListElement":[{"@type":"ListItem","position":1,"name":"Accueil","item":"https:\/\/www.sorosoro.org\/en\/"},{"@type":"ListItem","position":2,"name":"Jabuti language family"}]},{"@type":"WebSite","@id":"https:\/\/www.sorosoro.org\/en\/#website","url":"https:\/\/www.sorosoro.org\/en\/","name":"Sorosoro","description":"Pour que vivent les langues du monde !","potentialAction":[{"@type":"SearchAction","target":{"@type":"EntryPoint","urlTemplate":"https:\/\/www.sorosoro.org\/en\/?s={search_term_string}"},"query-input":{"@type":"PropertyValueSpecification","valueRequired":true,"valueName":"search_term_string"}}],"inLanguage":"en-US"}]}},"_links":{"self":[{"href":"https:\/\/www.sorosoro.org\/en\/wp-json\/wp\/v2\/pages\/17542","targetHints":{"allow":["GET"]}}],"collection":[{"href":"https:\/\/www.sorosoro.org\/en\/wp-json\/wp\/v2\/pages"}],"about":[{"href":"https:\/\/www.sorosoro.org\/en\/wp-json\/wp\/v2\/types\/page"}],"author":[{"embeddable":true,"href":"https:\/\/www.sorosoro.org\/en\/wp-json\/wp\/v2\/users\/12"}],"replies":[{"embeddable":true,"href":"https:\/\/www.sorosoro.org\/en\/wp-json\/wp\/v2\/comments?post=17542"}],"version-history":[{"count":0,"href":"https:\/\/www.sorosoro.org\/en\/wp-json\/wp\/v2\/pages\/17542\/revisions"}],"wp:attachment":[{"href":"https:\/\/www.sorosoro.org\/en\/wp-json\/wp\/v2\/media?parent=17542"}],"curies":[{"name":"wp","href":"https:\/\/api.w.org\/{rel}","templated":true}]}}